{"id":10099,"date":"2015-04-12T10:52:37","date_gmt":"2015-04-12T09:52:37","guid":{"rendered":"http:\/\/www.freimarianne.ch\/?page_id=10099"},"modified":"2016-05-01T09:20:13","modified_gmt":"2016-05-01T08:20:13","slug":"bisse-de-clavau-vs-11-4-2015","status":"publish","type":"page","link":"http:\/\/www.freimarianne.ch\/?page_id=10099","title":{"rendered":"Bisse de Clavau,  VS 11.4.2015"},"content":{"rendered":"<p><strong>Suonenwanderung von Sion nach Ch\u00e9lin<\/strong><br \/>\n<img loading=\"lazy\" class=\"alignleft size-full wp-image-10103\" src=\"http:\/\/www.freimarianne.ch\/wp-content\/uploads\/2015\/04\/IMG_8764_clavau_500.jpg\" alt=\"IMG_8764_clavau_500\" width=\"500\" height=\"375\" srcset=\"http:\/\/www.freimarianne.ch\/wp-content\/uploads\/2015\/04\/IMG_8764_clavau_500.jpg 500w, http:\/\/www.freimarianne.ch\/wp-content\/uploads\/2015\/04\/IMG_8764_clavau_500-300x225.jpg 300w, http:\/\/www.freimarianne.ch\/wp-content\/uploads\/2015\/04\/IMG_8764_clavau_500-400x300.jpg 400w\" sizes=\"(max-width: 500px) 100vw, 500px\" \/><br \/>\nUm 9.50h sind wir bereit f\u00fcr unsere Wanderung. Das Wetter ist eher bew\u00f6lkt und die Sicht ist nicht besonders gut, also ganz geeignet f\u00fcr solch eine Wanderung.<br \/>\nVon Sion Brasserie aus f\u00fchrt uns der Wanderweg der Bisse de Clavau entlang durch die Rebberge ( Naturweg)\u2028Bei Granges wendet sich der Weg ins Tal hinein. Wir \u00fcberqueren en ersten Bach und dann vor Tsampon einen weiteren Zufluss der Li\u00e8ne, die unten im engen Tal fliesst.\u2028Nun geht es langsam etwas aufw\u00e4rts und die Rebberge bleiben zur\u00fcck. Der Pfad f\u00fchrt eng den Felsw\u00e4nden entlang und pl\u00f6tzlich stehen wir vor einem Tunnel . Es gibt einen Lichtschalter, den wir bet\u00e4tigen. Mitten im Tunnel wird es dunkel und wir m\u00fcssen uns den Felsw\u00e4nden entlang tasten.<br \/>\nDer Weg f\u00fchrt zum zum Wehr der Li\u00e8ne hinauf und wir passieren das Kraftwerk Beulet. Nun geht es erstmals richtig hinauf und wir erreichen in Kehren durch den Wald einen Aussichtspunkt und einem Wegweiser. Von hier aus sehen wir hinunter ins Unterwallis und auf die Schneeberge, Grand Chavelard 2903m, Haute de Cry 2976m .<br \/>\nWir beschliessen, den Weg \u00fcber les Planisses der Bisse du Sillonine entlang zu nehmen. Ich weiss, dass dieses Wegst\u00fcck ausgesetzt ist. Wir gehen hinunter der ausgetrockneten Bisse entlang und kommen bald in die steile Felswand hinein, in welcher der Pfad verl\u00e4uft. Die Treppe in der Felswand ist mit einem Seil gesichert.<br \/>\nWir \u00fcberwinden mutig diese Stelle. Der Pfad in der Felswand ist auch ausgesetzt aber er ist auch gesichert. So gelangen wir gut \u00fcber diese Strecke, die von der anderen Talseite schon etwas abschreckend wirkt.<br \/>\nBei Planisses komen wir direkt auf den Suonenweg der Bisse du Sillonin, die aber leider kein Wasser mehr f\u00fchrt. Im eher steilen bewaldeten Hang gelangen wir so nach Chelin 768m, wo wir gl\u00fccklicherweise ein Restaurant vorfinden, denn wir sind noch viel zu fr\u00fch f\u00fcr unser Postauto. So sitzen wir noch lange draussen auf der Terrasse und geniessen einen Weisswein der Gegend. Aber es wird allm\u00e4hlich kalt und windig und wir sind froh, als endlich der Bus auftaucht.<br \/>\nDiese Wanderung sollten wir einmal im Herbst und bei ganz sch\u00f6nen Wetter machen! Heute wirkte alles recht farblos.<br \/>\nLaut Swissmap:<br \/>\nDistanz: 14.1km; Aufstieg: 718m; Abstieg: 509m; Marschzeit. 4.32 h<br \/>\nDas Wetter ist eher bew\u00f6lkt und die Sicht ist nicht besonders gut.<\/p>\n<p><!-- index.php -->\n<div\n\tclass=\"ngg-galleryoverview ngg-ajax-pagination-none\"\n\tid=\"ngg-gallery-16745-1\">\n\n    \t<div class=\"slideshowlink\">\n        <a href='http:\/\/www.freimarianne.ch\/index.php\/nggallery\/slideshow?page_id=10099'>[Show as slideshow]<\/a>\n\t\t\n\t<\/div>\n\t\t\t<!-- Thumbnails -->\n\t\t\t\t<div id=\"ngg-image-0\" class=\"ngg-gallery-thumbnail-box\" >\n\t\t\t\t        <div class=\"ngg-gallery-thumbnail\">\n            <a href=\"http:\/\/www.freimarianne.ch\/wp-content\/gallery\/clavau-11-4-15\/IMG_8719.jpg\"\n               title=\"\"\n               data-src=\"http:\/\/www.freimarianne.ch\/wp-content\/gallery\/clavau-11-4-15\/IMG_8719.jpg\"\n               data-thumbnail=\"http:\/\/www.freimarianne.ch\/wp-content\/gallery\/clavau-11-4-15\/thumbs\/thumbs_IMG_8719.jpg\"\n               data-image-id=\"10444\"\n               data-title=\"IMG_8719\"\n               data-description=\"\"\n               data-image-slug=\"img_8719\"\n               class=\"shutterset_16745\">\n                <img\n                    title=\"IMG_8719\"\n                    alt=\"IMG_8719\"\n                    src=\"http:\/\/www.freimarianne.ch\/wp-content\/gallery\/clavau-11-4-15\/thumbs\/thumbs_IMG_8719.jpg\"\n                    width=\"100\"\n                    height=\"75\"\n                    style=\"max-width:100%;\"\n                \/>\n            <\/a>\n        <\/div>\n\t\t\t\t\t\t\t<\/div> \n\t\t\t\n        \n\t\t\t\t<div id=\"ngg-image-1\" class=\"ngg-gallery-thumbnail-box\" >\n\t\t\t\t        <div class=\"ngg-gallery-thumbnail\">\n            <a href=\"http:\/\/www.freimarianne.ch\/wp-content\/gallery\/clavau-11-4-15\/IMG_8720.jpg\"\n               title=\"\"\n               data-src=\"http:\/\/www.freimarianne.ch\/wp-content\/gallery\/clavau-11-4-15\/IMG_8720.jpg\"\n               data-thumbnail=\"http:\/\/www.freimarianne.ch\/wp-content\/gallery\/clavau-11-4-15\/thumbs\/thumbs_IMG_8720.jpg\"\n               data-image-id=\"10445\"\n               data-title=\"IMG_8720\"\n               data-description=\"\"\n               data-image-slug=\"img_8720-1\"\n               class=\"shutterset_16745\">\n                <img\n                    title=\"IMG_8720\"\n                    alt=\"IMG_8720\"\n                    src=\"http:\/\/www.freimarianne.ch\/wp-content\/gallery\/clavau-11-4-15\/thumbs\/thumbs_IMG_8720.jpg\"\n                    width=\"100\"\n                    height=\"75\"\n                    style=\"max-width:100%;\"\n                \/>\n            <\/a>\n        <\/div>\n\t\t\t\t\t\t\t<\/div> \n\t\t\t\n        \n\t\t\t\t<div id=\"ngg-image-2\" class=\"ngg-gallery-thumbnail-box\" >\n\t\t\t\t        <div class=\"ngg-gallery-thumbnail\">\n            <a href=\"http:\/\/www.freimarianne.ch\/wp-content\/gallery\/clavau-11-4-15\/IMG_8731.jpg\"\n               title=\"\"\n               data-src=\"http:\/\/www.freimarianne.ch\/wp-content\/gallery\/clavau-11-4-15\/IMG_8731.jpg\"\n               data-thumbnail=\"http:\/\/www.freimarianne.ch\/wp-content\/gallery\/clavau-11-4-15\/thumbs\/thumbs_IMG_8731.jpg\"\n               data-image-id=\"10446\"\n               data-title=\"IMG_8731\"\n               data-description=\"\"\n               data-image-slug=\"img_8731-1\"\n               class=\"shutterset_16745\">\n                <img\n                    title=\"IMG_8731\"\n                    alt=\"IMG_8731\"\n                    src=\"http:\/\/www.freimarianne.ch\/wp-content\/gallery\/clavau-11-4-15\/thumbs\/thumbs_IMG_8731.jpg\"\n                    width=\"100\"\n                    height=\"75\"\n                    style=\"max-width:100%;\"\n                \/>\n            <\/a>\n        <\/div>\n\t\t\t\t\t\t\t<\/div> \n\t\t\t\n        \n\t\t\t\t<div id=\"ngg-image-3\" class=\"ngg-gallery-thumbnail-box\" >\n\t\t\t\t        <div class=\"ngg-gallery-thumbnail\">\n            <a href=\"http:\/\/www.freimarianne.ch\/wp-content\/gallery\/clavau-11-4-15\/IMG_8737.jpg\"\n               title=\"\"\n               data-src=\"http:\/\/www.freimarianne.ch\/wp-content\/gallery\/clavau-11-4-15\/IMG_8737.jpg\"\n               data-thumbnail=\"http:\/\/www.freimarianne.ch\/wp-content\/gallery\/clavau-11-4-15\/thumbs\/thumbs_IMG_8737.jpg\"\n               data-image-id=\"10447\"\n               data-title=\"IMG_8737\"\n               data-description=\"\"\n               data-image-slug=\"img_8737\"\n               class=\"shutterset_16745\">\n                <img\n                    title=\"IMG_8737\"\n                    alt=\"IMG_8737\"\n                    src=\"http:\/\/www.freimarianne.ch\/wp-content\/gallery\/clavau-11-4-15\/thumbs\/thumbs_IMG_8737.jpg\"\n                    width=\"100\"\n                    height=\"75\"\n                    style=\"max-width:100%;\"\n                \/>\n            <\/a>\n        <\/div>\n\t\t\t\t\t\t\t<\/div> \n\t\t\t\n        \n\t\t\t\t<div id=\"ngg-image-4\" class=\"ngg-gallery-thumbnail-box\" >\n\t\t\t\t        <div class=\"ngg-gallery-thumbnail\">\n            <a href=\"http:\/\/www.freimarianne.ch\/wp-content\/gallery\/clavau-11-4-15\/IMG_8747.jpg\"\n               title=\"\"\n               data-src=\"http:\/\/www.freimarianne.ch\/wp-content\/gallery\/clavau-11-4-15\/IMG_8747.jpg\"\n               data-thumbnail=\"http:\/\/www.freimarianne.ch\/wp-content\/gallery\/clavau-11-4-15\/thumbs\/thumbs_IMG_8747.jpg\"\n               data-image-id=\"10448\"\n               data-title=\"IMG_8747\"\n               data-description=\"\"\n               data-image-slug=\"img_8747-1\"\n               class=\"shutterset_16745\">\n                <img\n                    title=\"IMG_8747\"\n                    alt=\"IMG_8747\"\n                    src=\"http:\/\/www.freimarianne.ch\/wp-content\/gallery\/clavau-11-4-15\/thumbs\/thumbs_IMG_8747.jpg\"\n                    width=\"100\"\n                    height=\"75\"\n                    style=\"max-width:100%;\"\n                \/>\n            <\/a>\n        <\/div>\n\t\t\t\t\t\t\t<\/div> \n\t\t\t\n        \n\t\t\t\t<div id=\"ngg-image-5\" class=\"ngg-gallery-thumbnail-box\" >\n\t\t\t\t        <div class=\"ngg-gallery-thumbnail\">\n            <a href=\"http:\/\/www.freimarianne.ch\/wp-content\/gallery\/clavau-11-4-15\/IMG_8748.jpg\"\n               title=\"\"\n               data-src=\"http:\/\/www.freimarianne.ch\/wp-content\/gallery\/clavau-11-4-15\/IMG_8748.jpg\"\n               data-thumbnail=\"http:\/\/www.freimarianne.ch\/wp-content\/gallery\/clavau-11-4-15\/thumbs\/thumbs_IMG_8748.jpg\"\n               data-image-id=\"10449\"\n               data-title=\"IMG_8748\"\n               data-description=\"\"\n               data-image-slug=\"img_8748-1\"\n               class=\"shutterset_16745\">\n                <img\n                    title=\"IMG_8748\"\n                    alt=\"IMG_8748\"\n                    src=\"http:\/\/www.freimarianne.ch\/wp-content\/gallery\/clavau-11-4-15\/thumbs\/thumbs_IMG_8748.jpg\"\n                    width=\"100\"\n                    height=\"75\"\n                    style=\"max-width:100%;\"\n                \/>\n            <\/a>\n        <\/div>\n\t\t\t\t\t\t\t<\/div> \n\t\t\t\n        \n\t\t\t\t<div id=\"ngg-image-6\" class=\"ngg-gallery-thumbnail-box\" >\n\t\t\t\t        <div class=\"ngg-gallery-thumbnail\">\n            <a href=\"http:\/\/www.freimarianne.ch\/wp-content\/gallery\/clavau-11-4-15\/IMG_8749.jpg\"\n               title=\"\"\n               data-src=\"http:\/\/www.freimarianne.ch\/wp-content\/gallery\/clavau-11-4-15\/IMG_8749.jpg\"\n               data-thumbnail=\"http:\/\/www.freimarianne.ch\/wp-content\/gallery\/clavau-11-4-15\/thumbs\/thumbs_IMG_8749.jpg\"\n               data-image-id=\"10450\"\n               data-title=\"IMG_8749\"\n               data-description=\"\"\n               data-image-slug=\"img_8749\"\n               class=\"shutterset_16745\">\n                <img\n                    title=\"IMG_8749\"\n                    alt=\"IMG_8749\"\n                    src=\"http:\/\/www.freimarianne.ch\/wp-content\/gallery\/clavau-11-4-15\/thumbs\/thumbs_IMG_8749.jpg\"\n                    width=\"100\"\n                    height=\"75\"\n                    style=\"max-width:100%;\"\n                \/>\n            <\/a>\n        <\/div>\n\t\t\t\t\t\t\t<\/div> \n\t\t\t\n        \n\t\t\t\t<div id=\"ngg-image-7\" class=\"ngg-gallery-thumbnail-box\" >\n\t\t\t\t        <div class=\"ngg-gallery-thumbnail\">\n            <a href=\"http:\/\/www.freimarianne.ch\/wp-content\/gallery\/clavau-11-4-15\/IMG_8752.jpg\"\n               title=\"\"\n               data-src=\"http:\/\/www.freimarianne.ch\/wp-content\/gallery\/clavau-11-4-15\/IMG_8752.jpg\"\n               data-thumbnail=\"http:\/\/www.freimarianne.ch\/wp-content\/gallery\/clavau-11-4-15\/thumbs\/thumbs_IMG_8752.jpg\"\n               data-image-id=\"10451\"\n               data-title=\"IMG_8752\"\n               data-description=\"\"\n               data-image-slug=\"img_8752-1\"\n               class=\"shutterset_16745\">\n                <img\n                    title=\"IMG_8752\"\n                    alt=\"IMG_8752\"\n                    src=\"http:\/\/www.freimarianne.ch\/wp-content\/gallery\/clavau-11-4-15\/thumbs\/thumbs_IMG_8752.jpg\"\n                    width=\"100\"\n                    height=\"75\"\n                    style=\"max-width:100%;\"\n                \/>\n            <\/a>\n        <\/div>\n\t\t\t\t\t\t\t<\/div> \n\t\t\t\n        \n\t\t\t\t<div id=\"ngg-image-8\" class=\"ngg-gallery-thumbnail-box\" >\n\t\t\t\t        <div class=\"ngg-gallery-thumbnail\">\n            <a href=\"http:\/\/www.freimarianne.ch\/wp-content\/gallery\/clavau-11-4-15\/IMG_8757.jpg\"\n               title=\"\"\n               data-src=\"http:\/\/www.freimarianne.ch\/wp-content\/gallery\/clavau-11-4-15\/IMG_8757.jpg\"\n               data-thumbnail=\"http:\/\/www.freimarianne.ch\/wp-content\/gallery\/clavau-11-4-15\/thumbs\/thumbs_IMG_8757.jpg\"\n               data-image-id=\"10452\"\n               data-title=\"IMG_8757\"\n               data-description=\"\"\n               data-image-slug=\"img_8757\"\n               class=\"shutterset_16745\">\n                <img\n                    title=\"IMG_8757\"\n                    alt=\"IMG_8757\"\n                    src=\"http:\/\/www.freimarianne.ch\/wp-content\/gallery\/clavau-11-4-15\/thumbs\/thumbs_IMG_8757.jpg\"\n                    width=\"100\"\n                    height=\"75\"\n                    style=\"max-width:100%;\"\n                \/>\n            <\/a>\n        <\/div>\n\t\t\t\t\t\t\t<\/div> \n\t\t\t\n        \n\t\t\t\t<div id=\"ngg-image-9\" class=\"ngg-gallery-thumbnail-box\" >\n\t\t\t\t        <div class=\"ngg-gallery-thumbnail\">\n            <a href=\"http:\/\/www.freimarianne.ch\/wp-content\/gallery\/clavau-11-4-15\/IMG_8760.jpg\"\n               title=\"\"\n               data-src=\"http:\/\/www.freimarianne.ch\/wp-content\/gallery\/clavau-11-4-15\/IMG_8760.jpg\"\n               data-thumbnail=\"http:\/\/www.freimarianne.ch\/wp-content\/gallery\/clavau-11-4-15\/thumbs\/thumbs_IMG_8760.jpg\"\n               data-image-id=\"10453\"\n               data-title=\"IMG_8760\"\n               data-description=\"\"\n               data-image-slug=\"img_8760-1\"\n               class=\"shutterset_16745\">\n                <img\n                    title=\"IMG_8760\"\n                    alt=\"IMG_8760\"\n                    src=\"http:\/\/www.freimarianne.ch\/wp-content\/gallery\/clavau-11-4-15\/thumbs\/thumbs_IMG_8760.jpg\"\n                    width=\"100\"\n                    height=\"75\"\n                    style=\"max-width:100%;\"\n                \/>\n            <\/a>\n        <\/div>\n\t\t\t\t\t\t\t<\/div> \n\t\t\t\n        \n\t\t\t\t<div id=\"ngg-image-10\" class=\"ngg-gallery-thumbnail-box\" >\n\t\t\t\t        <div class=\"ngg-gallery-thumbnail\">\n            <a href=\"http:\/\/www.freimarianne.ch\/wp-content\/gallery\/clavau-11-4-15\/IMG_8763.jpg\"\n               title=\"\"\n               data-src=\"http:\/\/www.freimarianne.ch\/wp-content\/gallery\/clavau-11-4-15\/IMG_8763.jpg\"\n               data-thumbnail=\"http:\/\/www.freimarianne.ch\/wp-content\/gallery\/clavau-11-4-15\/thumbs\/thumbs_IMG_8763.jpg\"\n               data-image-id=\"10454\"\n               data-title=\"IMG_8763\"\n               data-description=\"\"\n               data-image-slug=\"img_8763-1\"\n               class=\"shutterset_16745\">\n                <img\n                    title=\"IMG_8763\"\n                    alt=\"IMG_8763\"\n                    src=\"http:\/\/www.freimarianne.ch\/wp-content\/gallery\/clavau-11-4-15\/thumbs\/thumbs_IMG_8763.jpg\"\n                    width=\"100\"\n                    height=\"75\"\n                    style=\"max-width:100%;\"\n                \/>\n            <\/a>\n        <\/div>\n\t\t\t\t\t\t\t<\/div> \n\t\t\t\n        \n\t\t\n\t\t<!-- Pagination -->\n\t<div class='ngg-clear'><\/div>\t<\/div>\n<\/p>\n","protected":false},"excerpt":{"rendered":"<p>Suonenwanderung von Sion nach Ch\u00e9lin Um 9.50h sind wir bereit f\u00fcr unsere Wanderung. Das Wetter ist eher bew\u00f6lkt und die Sicht ist nicht besonders gut, also ganz geeignet f\u00fcr solch eine Wanderung. Von Sion Brasserie aus f\u00fchrt uns der Wanderweg der Bisse de Clavau entlang durch die Rebberge ( Naturweg)\u2028Bei Granges wendet sich der Weg [&hellip;]<\/p>\n","protected":false},"author":1,"featured_media":0,"parent":9750,"menu_order":3,"comment_status":"closed","ping_status":"closed","template":"","meta":{"ngg_post_thumbnail":0},"_links":{"self":[{"href":"http:\/\/www.freimarianne.ch\/index.php?rest_route=\/wp\/v2\/pages\/10099"}],"collection":[{"href":"http:\/\/www.freimarianne.ch\/index.php?rest_route=\/wp\/v2\/pages"}],"about":[{"href":"http:\/\/www.freimarianne.ch\/index.php?rest_route=\/wp\/v2\/types\/page"}],"author":[{"embeddable":true,"href":"http:\/\/www.freimarianne.ch\/index.php?rest_route=\/wp\/v2\/users\/1"}],"replies":[{"embeddable":true,"href":"http:\/\/www.freimarianne.ch\/index.php?rest_route=%2Fwp%2Fv2%2Fcomments&post=10099"}],"version-history":[{"count":7,"href":"http:\/\/www.freimarianne.ch\/index.php?rest_route=\/wp\/v2\/pages\/10099\/revisions"}],"predecessor-version":[{"id":16747,"href":"http:\/\/www.freimarianne.ch\/index.php?rest_route=\/wp\/v2\/pages\/10099\/revisions\/16747"}],"up":[{"embeddable":true,"href":"http:\/\/www.freimarianne.ch\/index.php?rest_route=\/wp\/v2\/pages\/9750"}],"wp:attachment":[{"href":"http:\/\/www.freimarianne.ch\/index.php?rest_route=%2Fwp%2Fv2%2Fmedia&parent=10099"}],"curies":[{"name":"wp","href":"https:\/\/api.w.org\/{rel}","templated":true}]}}