{"id":10353,"date":"2015-06-01T10:09:46","date_gmt":"2015-06-01T09:09:46","guid":{"rendered":"http:\/\/www.freimarianne.ch\/?page_id=10353"},"modified":"2015-06-16T10:41:35","modified_gmt":"2015-06-16T09:41:35","slug":"oschinensee-kandersteg-be-28-5-2015","status":"publish","type":"page","link":"http:\/\/www.freimarianne.ch\/?page_id=10353","title":{"rendered":"\u00d6schinensee, Kandersteg BE 28.5.2015"},"content":{"rendered":"<p><strong>Bergwanderung von Kandersteg zum \u00d6schinensee und zur\u00fcck<\/strong><\/p>\n<p><img loading=\"lazy\" class=\"alignleft size-full wp-image-10359\" src=\"http:\/\/www.freimarianne.ch\/wp-content\/uploads\/2015\/06\/IMG_3633_oesinesee_500.jpg\" alt=\"IMG_3633_oesinesee_500\" width=\"500\" height=\"333\" srcset=\"http:\/\/www.freimarianne.ch\/wp-content\/uploads\/2015\/06\/IMG_3633_oesinesee_500.jpg 500w, http:\/\/www.freimarianne.ch\/wp-content\/uploads\/2015\/06\/IMG_3633_oesinesee_500-300x200.jpg 300w, http:\/\/www.freimarianne.ch\/wp-content\/uploads\/2015\/06\/IMG_3633_oesinesee_500-450x300.jpg 450w\" sizes=\"(max-width: 500px) 100vw, 500px\" \/><\/p>\n<p>Heute ist ein Prachtstag. Ich fahre nach Kandersteg\u00a0 und suche den Zickzackpfad\u00a0\u00a0 hinauf zur Bergstation des Sesselliftes. Die Wegweiser bringen mich aber zum Wanderweg das\u00a0 \u00d6schital hinauf. Also gehe ich eben dort weiter auf einem malerischen Weg. Kurz muss ich zwischendurch auf dem Fahrstr\u00e4sschen zum See gehen aber ich befinde mich dann bald wieder auf\u00a0 einem Wanderpfad. Nach 11 h erreiche ich dann den \u00d6schinensee, den ich nun von\u00a0 verschiedenen Punkten aus fotografiere. Leider ist das Mittagslicht etwas gleissend. Ch\u00a0 gehe dem Strand entlang bis es nicht mehr weitergeht. Dann folge ich dem Pfad gegen\u00a0 Oberberg und steige dann zum L\u00e4ger hinauf. Von dort aus wandere ich zur Bergstation, wo ich dann den Einstieg in den Zickzackweg finde. Nun folge\u00a0 ich diesem Pfad, der im sehr steilen Hang abw\u00e4rts f\u00fchrt. Kurz quere ich\u00a0 ein letztes Schneefeld. Ich komme \u00fcber\u00a0 I de Rubble 1580m\u00a0 hinunter zur Wasserversorgung Kandersteg. Hier H\u00e4tte ein Wegweiser zum Zickzackweg stehen sollen!!<br \/>\nIch wandere durch Kandersteg zum Bahnhof. S Diese war ein wunderbarer Fr\u00fchsommertag!<\/p>\n<p><!-- index.php -->\n<div\n\tclass=\"ngg-galleryoverview ngg-ajax-pagination-none\"\n\tid=\"ngg-gallery-10533-1\">\n\n    \t<div class=\"slideshowlink\">\n        <a href='http:\/\/www.freimarianne.ch\/index.php\/nggallery\/slideshow?page_id=10353'>[Show as slideshow]<\/a>\n\t\t\n\t<\/div>\n\t\t\t<!-- Thumbnails -->\n\t\t\t\t<div id=\"ngg-image-0\" class=\"ngg-gallery-thumbnail-box\" >\n\t\t\t\t        <div class=\"ngg-gallery-thumbnail\">\n            <a href=\"http:\/\/www.freimarianne.ch\/wp-content\/gallery\/oeschinensee-28-5-15\/IMG_3583-2.jpg\"\n               title=\"\"\n               data-src=\"http:\/\/www.freimarianne.ch\/wp-content\/gallery\/oeschinensee-28-5-15\/IMG_3583-2.jpg\"\n               data-thumbnail=\"http:\/\/www.freimarianne.ch\/wp-content\/gallery\/oeschinensee-28-5-15\/thumbs\/thumbs_IMG_3583-2.jpg\"\n               data-image-id=\"10543\"\n               data-title=\"IMG_3583\"\n               data-description=\"\"\n               data-image-slug=\"img_3583-1\"\n               class=\"shutterset_10533\">\n                <img\n                    title=\"IMG_3583\"\n                    alt=\"IMG_3583\"\n                    src=\"http:\/\/www.freimarianne.ch\/wp-content\/gallery\/oeschinensee-28-5-15\/thumbs\/thumbs_IMG_3583-2.jpg\"\n                    width=\"100\"\n                    height=\"75\"\n                    style=\"max-width:100%;\"\n                \/>\n            <\/a>\n        <\/div>\n\t\t\t\t\t\t\t<\/div> \n\t\t\t\n        \n\t\t\t\t<div id=\"ngg-image-1\" class=\"ngg-gallery-thumbnail-box\" >\n\t\t\t\t        <div class=\"ngg-gallery-thumbnail\">\n            <a href=\"http:\/\/www.freimarianne.ch\/wp-content\/gallery\/oeschinensee-28-5-15\/IMG_3586-2.jpg\"\n               title=\"\"\n               data-src=\"http:\/\/www.freimarianne.ch\/wp-content\/gallery\/oeschinensee-28-5-15\/IMG_3586-2.jpg\"\n               data-thumbnail=\"http:\/\/www.freimarianne.ch\/wp-content\/gallery\/oeschinensee-28-5-15\/thumbs\/thumbs_IMG_3586-2.jpg\"\n               data-image-id=\"10544\"\n               data-title=\"IMG_3586\"\n               data-description=\"\"\n               data-image-slug=\"img_3586-1\"\n               class=\"shutterset_10533\">\n                <img\n                    title=\"IMG_3586\"\n                    alt=\"IMG_3586\"\n                    src=\"http:\/\/www.freimarianne.ch\/wp-content\/gallery\/oeschinensee-28-5-15\/thumbs\/thumbs_IMG_3586-2.jpg\"\n                    width=\"100\"\n                    height=\"75\"\n                    style=\"max-width:100%;\"\n                \/>\n            <\/a>\n        <\/div>\n\t\t\t\t\t\t\t<\/div> \n\t\t\t\n        \n\t\t\t\t<div id=\"ngg-image-2\" class=\"ngg-gallery-thumbnail-box\" >\n\t\t\t\t        <div class=\"ngg-gallery-thumbnail\">\n            <a href=\"http:\/\/www.freimarianne.ch\/wp-content\/gallery\/oeschinensee-28-5-15\/IMG_3605-2.jpg\"\n               title=\"\"\n               data-src=\"http:\/\/www.freimarianne.ch\/wp-content\/gallery\/oeschinensee-28-5-15\/IMG_3605-2.jpg\"\n               data-thumbnail=\"http:\/\/www.freimarianne.ch\/wp-content\/gallery\/oeschinensee-28-5-15\/thumbs\/thumbs_IMG_3605-2.jpg\"\n               data-image-id=\"10545\"\n               data-title=\"IMG_3605\"\n               data-description=\"\"\n               data-image-slug=\"img_3605-1\"\n               class=\"shutterset_10533\">\n                <img\n                    title=\"IMG_3605\"\n                    alt=\"IMG_3605\"\n                    src=\"http:\/\/www.freimarianne.ch\/wp-content\/gallery\/oeschinensee-28-5-15\/thumbs\/thumbs_IMG_3605-2.jpg\"\n                    width=\"100\"\n                    height=\"75\"\n                    style=\"max-width:100%;\"\n                \/>\n            <\/a>\n        <\/div>\n\t\t\t\t\t\t\t<\/div> \n\t\t\t\n        \n\t\t\t\t<div id=\"ngg-image-3\" class=\"ngg-gallery-thumbnail-box\" >\n\t\t\t\t        <div class=\"ngg-gallery-thumbnail\">\n            <a href=\"http:\/\/www.freimarianne.ch\/wp-content\/gallery\/oeschinensee-28-5-15\/IMG_3610-2.jpg\"\n               title=\"\"\n               data-src=\"http:\/\/www.freimarianne.ch\/wp-content\/gallery\/oeschinensee-28-5-15\/IMG_3610-2.jpg\"\n               data-thumbnail=\"http:\/\/www.freimarianne.ch\/wp-content\/gallery\/oeschinensee-28-5-15\/thumbs\/thumbs_IMG_3610-2.jpg\"\n               data-image-id=\"10546\"\n               data-title=\"IMG_3610\"\n               data-description=\"\"\n               data-image-slug=\"img_3610-1\"\n               class=\"shutterset_10533\">\n                <img\n                    title=\"IMG_3610\"\n                    alt=\"IMG_3610\"\n                    src=\"http:\/\/www.freimarianne.ch\/wp-content\/gallery\/oeschinensee-28-5-15\/thumbs\/thumbs_IMG_3610-2.jpg\"\n                    width=\"100\"\n                    height=\"75\"\n                    style=\"max-width:100%;\"\n                \/>\n            <\/a>\n        <\/div>\n\t\t\t\t\t\t\t<\/div> \n\t\t\t\n        \n\t\t\t\t<div id=\"ngg-image-4\" class=\"ngg-gallery-thumbnail-box\" >\n\t\t\t\t        <div class=\"ngg-gallery-thumbnail\">\n            <a href=\"http:\/\/www.freimarianne.ch\/wp-content\/gallery\/oeschinensee-28-5-15\/IMG_3613-2.jpg\"\n               title=\"\"\n               data-src=\"http:\/\/www.freimarianne.ch\/wp-content\/gallery\/oeschinensee-28-5-15\/IMG_3613-2.jpg\"\n               data-thumbnail=\"http:\/\/www.freimarianne.ch\/wp-content\/gallery\/oeschinensee-28-5-15\/thumbs\/thumbs_IMG_3613-2.jpg\"\n               data-image-id=\"10547\"\n               data-title=\"IMG_3613\"\n               data-description=\"\"\n               data-image-slug=\"img_3613-1\"\n               class=\"shutterset_10533\">\n                <img\n                    title=\"IMG_3613\"\n                    alt=\"IMG_3613\"\n                    src=\"http:\/\/www.freimarianne.ch\/wp-content\/gallery\/oeschinensee-28-5-15\/thumbs\/thumbs_IMG_3613-2.jpg\"\n                    width=\"100\"\n                    height=\"75\"\n                    style=\"max-width:100%;\"\n                \/>\n            <\/a>\n        <\/div>\n\t\t\t\t\t\t\t<\/div> \n\t\t\t\n        \n\t\t\t\t<div id=\"ngg-image-5\" class=\"ngg-gallery-thumbnail-box\" >\n\t\t\t\t        <div class=\"ngg-gallery-thumbnail\">\n            <a href=\"http:\/\/www.freimarianne.ch\/wp-content\/gallery\/oeschinensee-28-5-15\/IMG_3617-2.jpg\"\n               title=\"\"\n               data-src=\"http:\/\/www.freimarianne.ch\/wp-content\/gallery\/oeschinensee-28-5-15\/IMG_3617-2.jpg\"\n               data-thumbnail=\"http:\/\/www.freimarianne.ch\/wp-content\/gallery\/oeschinensee-28-5-15\/thumbs\/thumbs_IMG_3617-2.jpg\"\n               data-image-id=\"10548\"\n               data-title=\"IMG_3617\"\n               data-description=\"\"\n               data-image-slug=\"img_3617\"\n               class=\"shutterset_10533\">\n                <img\n                    title=\"IMG_3617\"\n                    alt=\"IMG_3617\"\n                    src=\"http:\/\/www.freimarianne.ch\/wp-content\/gallery\/oeschinensee-28-5-15\/thumbs\/thumbs_IMG_3617-2.jpg\"\n                    width=\"100\"\n                    height=\"75\"\n                    style=\"max-width:100%;\"\n                \/>\n            <\/a>\n        <\/div>\n\t\t\t\t\t\t\t<\/div> \n\t\t\t\n        \n\t\t\t\t<div id=\"ngg-image-6\" class=\"ngg-gallery-thumbnail-box\" >\n\t\t\t\t        <div class=\"ngg-gallery-thumbnail\">\n            <a href=\"http:\/\/www.freimarianne.ch\/wp-content\/gallery\/oeschinensee-28-5-15\/IMG_3622-2.jpg\"\n               title=\"\"\n               data-src=\"http:\/\/www.freimarianne.ch\/wp-content\/gallery\/oeschinensee-28-5-15\/IMG_3622-2.jpg\"\n               data-thumbnail=\"http:\/\/www.freimarianne.ch\/wp-content\/gallery\/oeschinensee-28-5-15\/thumbs\/thumbs_IMG_3622-2.jpg\"\n               data-image-id=\"10549\"\n               data-title=\"IMG_3622\"\n               data-description=\"\"\n               data-image-slug=\"img_3622-1\"\n               class=\"shutterset_10533\">\n                <img\n                    title=\"IMG_3622\"\n                    alt=\"IMG_3622\"\n                    src=\"http:\/\/www.freimarianne.ch\/wp-content\/gallery\/oeschinensee-28-5-15\/thumbs\/thumbs_IMG_3622-2.jpg\"\n                    width=\"100\"\n                    height=\"75\"\n                    style=\"max-width:100%;\"\n                \/>\n            <\/a>\n        <\/div>\n\t\t\t\t\t\t\t<\/div> \n\t\t\t\n        \n\t\t\t\t<div id=\"ngg-image-7\" class=\"ngg-gallery-thumbnail-box\" >\n\t\t\t\t        <div class=\"ngg-gallery-thumbnail\">\n            <a href=\"http:\/\/www.freimarianne.ch\/wp-content\/gallery\/oeschinensee-28-5-15\/IMG_3635-2.jpg\"\n               title=\"\"\n               data-src=\"http:\/\/www.freimarianne.ch\/wp-content\/gallery\/oeschinensee-28-5-15\/IMG_3635-2.jpg\"\n               data-thumbnail=\"http:\/\/www.freimarianne.ch\/wp-content\/gallery\/oeschinensee-28-5-15\/thumbs\/thumbs_IMG_3635-2.jpg\"\n               data-image-id=\"10550\"\n               data-title=\"IMG_3635\"\n               data-description=\"\"\n               data-image-slug=\"img_3635\"\n               class=\"shutterset_10533\">\n                <img\n                    title=\"IMG_3635\"\n                    alt=\"IMG_3635\"\n                    src=\"http:\/\/www.freimarianne.ch\/wp-content\/gallery\/oeschinensee-28-5-15\/thumbs\/thumbs_IMG_3635-2.jpg\"\n                    width=\"100\"\n                    height=\"75\"\n                    style=\"max-width:100%;\"\n                \/>\n            <\/a>\n        <\/div>\n\t\t\t\t\t\t\t<\/div> \n\t\t\t\n        \n\t\t\t\t<div id=\"ngg-image-8\" class=\"ngg-gallery-thumbnail-box\" >\n\t\t\t\t        <div class=\"ngg-gallery-thumbnail\">\n            <a href=\"http:\/\/www.freimarianne.ch\/wp-content\/gallery\/oeschinensee-28-5-15\/IMG_3639-2.jpg\"\n               title=\"\"\n               data-src=\"http:\/\/www.freimarianne.ch\/wp-content\/gallery\/oeschinensee-28-5-15\/IMG_3639-2.jpg\"\n               data-thumbnail=\"http:\/\/www.freimarianne.ch\/wp-content\/gallery\/oeschinensee-28-5-15\/thumbs\/thumbs_IMG_3639-2.jpg\"\n               data-image-id=\"10551\"\n               data-title=\"IMG_3639\"\n               data-description=\"\"\n               data-image-slug=\"img_3639\"\n               class=\"shutterset_10533\">\n                <img\n                    title=\"IMG_3639\"\n                    alt=\"IMG_3639\"\n                    src=\"http:\/\/www.freimarianne.ch\/wp-content\/gallery\/oeschinensee-28-5-15\/thumbs\/thumbs_IMG_3639-2.jpg\"\n                    width=\"100\"\n                    height=\"75\"\n                    style=\"max-width:100%;\"\n                \/>\n            <\/a>\n        <\/div>\n\t\t\t\t\t\t\t<\/div> \n\t\t\t\n        \n\t\t\t\t<div id=\"ngg-image-9\" class=\"ngg-gallery-thumbnail-box\" >\n\t\t\t\t        <div class=\"ngg-gallery-thumbnail\">\n            <a href=\"http:\/\/www.freimarianne.ch\/wp-content\/gallery\/oeschinensee-28-5-15\/IMG_3649-2.jpg\"\n               title=\"\"\n               data-src=\"http:\/\/www.freimarianne.ch\/wp-content\/gallery\/oeschinensee-28-5-15\/IMG_3649-2.jpg\"\n               data-thumbnail=\"http:\/\/www.freimarianne.ch\/wp-content\/gallery\/oeschinensee-28-5-15\/thumbs\/thumbs_IMG_3649-2.jpg\"\n               data-image-id=\"10552\"\n               data-title=\"IMG_3649\"\n               data-description=\"\"\n               data-image-slug=\"img_3649\"\n               class=\"shutterset_10533\">\n                <img\n                    title=\"IMG_3649\"\n                    alt=\"IMG_3649\"\n                    src=\"http:\/\/www.freimarianne.ch\/wp-content\/gallery\/oeschinensee-28-5-15\/thumbs\/thumbs_IMG_3649-2.jpg\"\n                    width=\"100\"\n                    height=\"75\"\n                    style=\"max-width:100%;\"\n                \/>\n            <\/a>\n        <\/div>\n\t\t\t\t\t\t\t<\/div> \n\t\t\t\n        \n\t\t\t\t<div id=\"ngg-image-10\" class=\"ngg-gallery-thumbnail-box\" >\n\t\t\t\t        <div class=\"ngg-gallery-thumbnail\">\n            <a href=\"http:\/\/www.freimarianne.ch\/wp-content\/gallery\/oeschinensee-28-5-15\/IMG_3665-2.jpg\"\n               title=\"\"\n               data-src=\"http:\/\/www.freimarianne.ch\/wp-content\/gallery\/oeschinensee-28-5-15\/IMG_3665-2.jpg\"\n               data-thumbnail=\"http:\/\/www.freimarianne.ch\/wp-content\/gallery\/oeschinensee-28-5-15\/thumbs\/thumbs_IMG_3665-2.jpg\"\n               data-image-id=\"10553\"\n               data-title=\"IMG_3665\"\n               data-description=\"\"\n               data-image-slug=\"img_3665-3\"\n               class=\"shutterset_10533\">\n                <img\n                    title=\"IMG_3665\"\n                    alt=\"IMG_3665\"\n                    src=\"http:\/\/www.freimarianne.ch\/wp-content\/gallery\/oeschinensee-28-5-15\/thumbs\/thumbs_IMG_3665-2.jpg\"\n                    width=\"100\"\n                    height=\"75\"\n                    style=\"max-width:100%;\"\n                \/>\n            <\/a>\n        <\/div>\n\t\t\t\t\t\t\t<\/div> \n\t\t\t\n        \n\t\t\t\t<div id=\"ngg-image-11\" class=\"ngg-gallery-thumbnail-box\" >\n\t\t\t\t        <div class=\"ngg-gallery-thumbnail\">\n            <a href=\"http:\/\/www.freimarianne.ch\/wp-content\/gallery\/oeschinensee-28-5-15\/IMG_3670-2.jpg\"\n               title=\"\"\n               data-src=\"http:\/\/www.freimarianne.ch\/wp-content\/gallery\/oeschinensee-28-5-15\/IMG_3670-2.jpg\"\n               data-thumbnail=\"http:\/\/www.freimarianne.ch\/wp-content\/gallery\/oeschinensee-28-5-15\/thumbs\/thumbs_IMG_3670-2.jpg\"\n               data-image-id=\"10554\"\n               data-title=\"IMG_3670\"\n               data-description=\"\"\n               data-image-slug=\"img_3670\"\n               class=\"shutterset_10533\">\n                <img\n                    title=\"IMG_3670\"\n                    alt=\"IMG_3670\"\n                    src=\"http:\/\/www.freimarianne.ch\/wp-content\/gallery\/oeschinensee-28-5-15\/thumbs\/thumbs_IMG_3670-2.jpg\"\n                    width=\"100\"\n                    height=\"75\"\n                    style=\"max-width:100%;\"\n                \/>\n            <\/a>\n        <\/div>\n\t\t\t\t\t\t\t<\/div> \n\t\t\t\n        \n\t\t\t\t<div id=\"ngg-image-12\" class=\"ngg-gallery-thumbnail-box\" >\n\t\t\t\t        <div class=\"ngg-gallery-thumbnail\">\n            <a href=\"http:\/\/www.freimarianne.ch\/wp-content\/gallery\/oeschinensee-28-5-15\/IMG_3671-2.jpg\"\n               title=\"\"\n               data-src=\"http:\/\/www.freimarianne.ch\/wp-content\/gallery\/oeschinensee-28-5-15\/IMG_3671-2.jpg\"\n               data-thumbnail=\"http:\/\/www.freimarianne.ch\/wp-content\/gallery\/oeschinensee-28-5-15\/thumbs\/thumbs_IMG_3671-2.jpg\"\n               data-image-id=\"10555\"\n               data-title=\"IMG_3671\"\n               data-description=\"\"\n               data-image-slug=\"img_3671-1\"\n               class=\"shutterset_10533\">\n                <img\n                    title=\"IMG_3671\"\n                    alt=\"IMG_3671\"\n                    src=\"http:\/\/www.freimarianne.ch\/wp-content\/gallery\/oeschinensee-28-5-15\/thumbs\/thumbs_IMG_3671-2.jpg\"\n                    width=\"100\"\n                    height=\"75\"\n                    style=\"max-width:100%;\"\n                \/>\n            <\/a>\n        <\/div>\n\t\t\t\t\t\t\t<\/div> \n\t\t\t\n        \n\t\t\n\t\t<!-- Pagination -->\n\t<div class='ngg-clear'><\/div>\t<\/div>\n<\/p>\n<p>&nbsp;<\/p>\n","protected":false},"excerpt":{"rendered":"<p>Bergwanderung von Kandersteg zum \u00d6schinensee und zur\u00fcck Heute ist ein Prachtstag. Ich fahre nach Kandersteg\u00a0 und suche den Zickzackpfad\u00a0\u00a0 hinauf zur Bergstation des Sesselliftes. Die Wegweiser bringen mich aber zum Wanderweg das\u00a0 \u00d6schital hinauf. Also gehe ich eben dort weiter auf einem malerischen Weg. Kurz muss ich zwischendurch auf dem Fahrstr\u00e4sschen zum See gehen aber [&hellip;]<\/p>\n","protected":false},"author":1,"featured_media":0,"parent":9750,"menu_order":9,"comment_status":"closed","ping_status":"closed","template":"","meta":{"ngg_post_thumbnail":0},"_links":{"self":[{"href":"http:\/\/www.freimarianne.ch\/index.php?rest_route=\/wp\/v2\/pages\/10353"}],"collection":[{"href":"http:\/\/www.freimarianne.ch\/index.php?rest_route=\/wp\/v2\/pages"}],"about":[{"href":"http:\/\/www.freimarianne.ch\/index.php?rest_route=\/wp\/v2\/types\/page"}],"author":[{"embeddable":true,"href":"http:\/\/www.freimarianne.ch\/index.php?rest_route=\/wp\/v2\/users\/1"}],"replies":[{"embeddable":true,"href":"http:\/\/www.freimarianne.ch\/index.php?rest_route=%2Fwp%2Fv2%2Fcomments&post=10353"}],"version-history":[{"count":6,"href":"http:\/\/www.freimarianne.ch\/index.php?rest_route=\/wp\/v2\/pages\/10353\/revisions"}],"predecessor-version":[{"id":10534,"href":"http:\/\/www.freimarianne.ch\/index.php?rest_route=\/wp\/v2\/pages\/10353\/revisions\/10534"}],"up":[{"embeddable":true,"href":"http:\/\/www.freimarianne.ch\/index.php?rest_route=\/wp\/v2\/pages\/9750"}],"wp:attachment":[{"href":"http:\/\/www.freimarianne.ch\/index.php?rest_route=%2Fwp%2Fv2%2Fmedia&parent=10353"}],"curies":[{"name":"wp","href":"https:\/\/api.w.org\/{rel}","templated":true}]}}