{"id":10553,"date":"2015-06-16T10:49:00","date_gmt":"2015-06-16T09:49:00","guid":{"rendered":"http:\/\/www.freimarianne.ch\/?page_id=10553"},"modified":"2017-11-15T09:44:57","modified_gmt":"2017-11-15T08:44:57","slug":"grunenbergpass-be-9-6-2015","status":"publish","type":"page","link":"http:\/\/www.freimarianne.ch\/?page_id=10553","title":{"rendered":"Gr\u00fcnenbergpass, BE 9.6.2015"},"content":{"rendered":"<p><strong>Bergwanderung von Habkern \u00fcber das Seefeld &#8211; Gr\u00fcnenbergpass nach Inneriz\/S\u00e4ge<\/strong><\/p>\n<p><img loading=\"lazy\" src=\"http:\/\/www.freimarianne.ch\/wp-content\/uploads\/2015\/06\/IMG_0239G-bergp_500.jpg\" alt=\"IMG_0239G-bergp_500\" width=\"500\" height=\"375\" class=\"alignleft size-full wp-image-10661\" srcset=\"http:\/\/www.freimarianne.ch\/wp-content\/uploads\/2015\/06\/IMG_0239G-bergp_500.jpg 500w, http:\/\/www.freimarianne.ch\/wp-content\/uploads\/2015\/06\/IMG_0239G-bergp_500-300x225.jpg 300w, http:\/\/www.freimarianne.ch\/wp-content\/uploads\/2015\/06\/IMG_0239G-bergp_500-400x300.jpg 400w\" sizes=\"(max-width: 500px) 100vw, 500px\" \/><\/a><\/p>\n<p>Der Wetterbericht f\u00fcr heute ist nicht gut -Wolken und Nebenschwaden -aber kein Niederschlag. Wir sind ja am Vorlaufen dieser Tour! Da kann man nicht auf das schlechte Wetter warten.<br \/>\nWir kommen um 9.23h in Halben\/ Z\u00e4undli an and steigen gleich ein in den Wanderweg , der hinauf durch die noch nicht gem\u00e4hten Wiesen f\u00fchrt. Im Nu sind unsere Hosen und Schuhe nass. Wegen dem hohen Gras ist der Weg etwas undeutlich und wir sind froh, als wir auf dem Str\u00e4sschen ankommen, auf welchen wir bis zur Alp L\u00e4ger 1298m gehen. Hier geht es nach einer Trinkpause gleich weiter auf dem Alpstr\u00e4sschen bis zur Abzweigung auf den Wanderweg hinauf zur Alp Chromatt 1499m. Der letztere Wegabschnitt ist landschaftlich sehr reizvoll &#8211; abgesehen vom der N\u00e4sse des Bodens.<br \/>\nBei einer Alph\u00fctte auf der Chromatt legen wir eine kurze Pause ein und suchen dann den Einstieg in den Weg hinauf nach Pfanli, das wir auf einem steilen Waldpfad erreichen. Von dieser Lichtung aus geht es steil weiter hinauf  zum Vord. Seefeld 1693m: Dabei m\u00fcssen wir durch die Flue der Schijefl\u00fce steigen, was einer harmlosen Kletterei gleichkommt. Jedenfalls erwartet uns auf der Vord. Seefeld ein grosses Chalet in einer wundersch\u00f6nen Landschaft liegen. Da die Alp noch nicht bestossen ist k\u00f6nnen wir uns auf die Bank vor dem Haus setzen und unsere Mittagspause halten. Wir sehen nat\u00fcrlich gar nichts von der Gegend, die H\u00e4nge sind von Wolken verdeckt und Nebelschwaden kommen und gehen.<br \/>\nAllm\u00e4hlich wird es ungem\u00fctlich und wir brechen wieder auf zur Wegstrecke \u00fcber das Seefeld, \u00fcber die Schr\u00e4gh\u00e4nge der Sieben Hengste. Wir m\u00fcssen aber nicht \u00fcber Karrenfelder sonder k\u00f6nnen durch eine wundersch\u00f6ne Hochmoorlandschaft gehen, durchsetzt von einzelnen Felsen und Tannen. Von hier aus h\u00e4tte man eine pr\u00e4chtige Aussicht. WIr kommen \u00fcber das Vord. und Hint. Seefeld und erreichen dann den Gr\u00fcnenbergpass 1515m, von wo wir auf einem teilweise sehr ruppigen aber breiten Weg hinunter zum Gr\u00fcnenbergli und dann hinunter nach Fell 1221m steigen. Von hier aus nehmen wir den Wanderweg links zum Hindere Sol 1218, wobei es noch einige H\u00f6henmeter zu \u00fcberwinden gibt. Bis hinunter zur Geissegg haben wir einen sch\u00f6nen aber nat\u00fcrlich etwas rutschigen Weg. In Eriz\/S\u00e4ge ist am Dienstag ausnahmsweise Wirtesonntag ! So k\u00f6nnen wir nicht einkehren Um 16.07 h haben wir ein Postauto nach Thun.<br \/>\nDiese Wanderung war eine Vorlauftour . Deswegen habe wir sie bei diesem schlechten Wetter gemacht.<\/p>\n<p>Laut GPS:<br \/>\nDistanz: 12.7km; Aufstieg: 662m; Abstieg: 705m; Marschzeit: 4.57 h<\/p>\n<p><!-- index.php -->\n<div\n\tclass=\"ngg-galleryoverview ngg-ajax-pagination-none\"\n\tid=\"ngg-gallery-10573-1\">\n\n    \t<div class=\"slideshowlink\">\n        <a href='http:\/\/www.freimarianne.ch\/index.php\/nggallery\/slideshow?page_id=10553'>[Show as slideshow]<\/a>\n\t\t\n\t<\/div>\n\t\t\t<!-- Thumbnails -->\n\t\t\t\t<div id=\"ngg-image-0\" class=\"ngg-gallery-thumbnail-box\" >\n\t\t\t\t        <div class=\"ngg-gallery-thumbnail\">\n            <a href=\"http:\/\/www.freimarianne.ch\/wp-content\/gallery\/grunenbergpass-9-6-15\/IMG_0219-2.jpg\"\n               title=\"\"\n               data-src=\"http:\/\/www.freimarianne.ch\/wp-content\/gallery\/grunenbergpass-9-6-15\/IMG_0219-2.jpg\"\n               data-thumbnail=\"http:\/\/www.freimarianne.ch\/wp-content\/gallery\/grunenbergpass-9-6-15\/thumbs\/thumbs_IMG_0219-2.jpg\"\n               data-image-id=\"10563\"\n               data-title=\"IMG_0219\"\n               data-description=\"\"\n               data-image-slug=\"img_0219-2\"\n               class=\"shutterset_10573\">\n                <img\n                    title=\"IMG_0219\"\n                    alt=\"IMG_0219\"\n                    src=\"http:\/\/www.freimarianne.ch\/wp-content\/gallery\/grunenbergpass-9-6-15\/thumbs\/thumbs_IMG_0219-2.jpg\"\n                    width=\"100\"\n                    height=\"75\"\n                    style=\"max-width:100%;\"\n                \/>\n            <\/a>\n        <\/div>\n\t\t\t\t\t\t\t<\/div> \n\t\t\t\n        \n\t\t\t\t<div id=\"ngg-image-1\" class=\"ngg-gallery-thumbnail-box\" >\n\t\t\t\t        <div class=\"ngg-gallery-thumbnail\">\n            <a href=\"http:\/\/www.freimarianne.ch\/wp-content\/gallery\/grunenbergpass-9-6-15\/IMG_0220-2.jpg\"\n               title=\"\"\n               data-src=\"http:\/\/www.freimarianne.ch\/wp-content\/gallery\/grunenbergpass-9-6-15\/IMG_0220-2.jpg\"\n               data-thumbnail=\"http:\/\/www.freimarianne.ch\/wp-content\/gallery\/grunenbergpass-9-6-15\/thumbs\/thumbs_IMG_0220-2.jpg\"\n               data-image-id=\"10564\"\n               data-title=\"IMG_0220\"\n               data-description=\"\"\n               data-image-slug=\"img_0220-1\"\n               class=\"shutterset_10573\">\n                <img\n                    title=\"IMG_0220\"\n                    alt=\"IMG_0220\"\n                    src=\"http:\/\/www.freimarianne.ch\/wp-content\/gallery\/grunenbergpass-9-6-15\/thumbs\/thumbs_IMG_0220-2.jpg\"\n                    width=\"100\"\n                    height=\"75\"\n                    style=\"max-width:100%;\"\n                \/>\n            <\/a>\n        <\/div>\n\t\t\t\t\t\t\t<\/div> \n\t\t\t\n        \n\t\t\t\t<div id=\"ngg-image-2\" class=\"ngg-gallery-thumbnail-box\" >\n\t\t\t\t        <div class=\"ngg-gallery-thumbnail\">\n            <a href=\"http:\/\/www.freimarianne.ch\/wp-content\/gallery\/grunenbergpass-9-6-15\/IMG_0223-2.jpg\"\n               title=\"\"\n               data-src=\"http:\/\/www.freimarianne.ch\/wp-content\/gallery\/grunenbergpass-9-6-15\/IMG_0223-2.jpg\"\n               data-thumbnail=\"http:\/\/www.freimarianne.ch\/wp-content\/gallery\/grunenbergpass-9-6-15\/thumbs\/thumbs_IMG_0223-2.jpg\"\n               data-image-id=\"10565\"\n               data-title=\"IMG_0223\"\n               data-description=\"\"\n               data-image-slug=\"img_0223-3\"\n               class=\"shutterset_10573\">\n                <img\n                    title=\"IMG_0223\"\n                    alt=\"IMG_0223\"\n                    src=\"http:\/\/www.freimarianne.ch\/wp-content\/gallery\/grunenbergpass-9-6-15\/thumbs\/thumbs_IMG_0223-2.jpg\"\n                    width=\"100\"\n                    height=\"75\"\n                    style=\"max-width:100%;\"\n                \/>\n            <\/a>\n        <\/div>\n\t\t\t\t\t\t\t<\/div> \n\t\t\t\n        \n\t\t\t\t<div id=\"ngg-image-3\" class=\"ngg-gallery-thumbnail-box\" >\n\t\t\t\t        <div class=\"ngg-gallery-thumbnail\">\n            <a href=\"http:\/\/www.freimarianne.ch\/wp-content\/gallery\/grunenbergpass-9-6-15\/IMG_0234-2.jpg\"\n               title=\"\"\n               data-src=\"http:\/\/www.freimarianne.ch\/wp-content\/gallery\/grunenbergpass-9-6-15\/IMG_0234-2.jpg\"\n               data-thumbnail=\"http:\/\/www.freimarianne.ch\/wp-content\/gallery\/grunenbergpass-9-6-15\/thumbs\/thumbs_IMG_0234-2.jpg\"\n               data-image-id=\"10566\"\n               data-title=\"IMG_0234\"\n               data-description=\"\"\n               data-image-slug=\"img_0234-1\"\n               class=\"shutterset_10573\">\n                <img\n                    title=\"IMG_0234\"\n                    alt=\"IMG_0234\"\n                    src=\"http:\/\/www.freimarianne.ch\/wp-content\/gallery\/grunenbergpass-9-6-15\/thumbs\/thumbs_IMG_0234-2.jpg\"\n                    width=\"100\"\n                    height=\"75\"\n                    style=\"max-width:100%;\"\n                \/>\n            <\/a>\n        <\/div>\n\t\t\t\t\t\t\t<\/div> \n\t\t\t\n        \n\t\t\t\t<div id=\"ngg-image-4\" class=\"ngg-gallery-thumbnail-box\" >\n\t\t\t\t        <div class=\"ngg-gallery-thumbnail\">\n            <a href=\"http:\/\/www.freimarianne.ch\/wp-content\/gallery\/grunenbergpass-9-6-15\/IMG_0235-2.jpg\"\n               title=\"\"\n               data-src=\"http:\/\/www.freimarianne.ch\/wp-content\/gallery\/grunenbergpass-9-6-15\/IMG_0235-2.jpg\"\n               data-thumbnail=\"http:\/\/www.freimarianne.ch\/wp-content\/gallery\/grunenbergpass-9-6-15\/thumbs\/thumbs_IMG_0235-2.jpg\"\n               data-image-id=\"10567\"\n               data-title=\"IMG_0235\"\n               data-description=\"\"\n               data-image-slug=\"img_0235-1\"\n               class=\"shutterset_10573\">\n                <img\n                    title=\"IMG_0235\"\n                    alt=\"IMG_0235\"\n                    src=\"http:\/\/www.freimarianne.ch\/wp-content\/gallery\/grunenbergpass-9-6-15\/thumbs\/thumbs_IMG_0235-2.jpg\"\n                    width=\"100\"\n                    height=\"75\"\n                    style=\"max-width:100%;\"\n                \/>\n            <\/a>\n        <\/div>\n\t\t\t\t\t\t\t<\/div> \n\t\t\t\n        \n\t\t\t\t<div id=\"ngg-image-5\" class=\"ngg-gallery-thumbnail-box\" >\n\t\t\t\t        <div class=\"ngg-gallery-thumbnail\">\n            <a href=\"http:\/\/www.freimarianne.ch\/wp-content\/gallery\/grunenbergpass-9-6-15\/IMG_0237-2.jpg\"\n               title=\"\"\n               data-src=\"http:\/\/www.freimarianne.ch\/wp-content\/gallery\/grunenbergpass-9-6-15\/IMG_0237-2.jpg\"\n               data-thumbnail=\"http:\/\/www.freimarianne.ch\/wp-content\/gallery\/grunenbergpass-9-6-15\/thumbs\/thumbs_IMG_0237-2.jpg\"\n               data-image-id=\"10568\"\n               data-title=\"IMG_0237\"\n               data-description=\"\"\n               data-image-slug=\"img_0237\"\n               class=\"shutterset_10573\">\n                <img\n                    title=\"IMG_0237\"\n                    alt=\"IMG_0237\"\n                    src=\"http:\/\/www.freimarianne.ch\/wp-content\/gallery\/grunenbergpass-9-6-15\/thumbs\/thumbs_IMG_0237-2.jpg\"\n                    width=\"100\"\n                    height=\"75\"\n                    style=\"max-width:100%;\"\n                \/>\n            <\/a>\n        <\/div>\n\t\t\t\t\t\t\t<\/div> \n\t\t\t\n        \n\t\t\t\t<div id=\"ngg-image-6\" class=\"ngg-gallery-thumbnail-box\" >\n\t\t\t\t        <div class=\"ngg-gallery-thumbnail\">\n            <a href=\"http:\/\/www.freimarianne.ch\/wp-content\/gallery\/grunenbergpass-9-6-15\/IMG_0244-2.jpg\"\n               title=\"\"\n               data-src=\"http:\/\/www.freimarianne.ch\/wp-content\/gallery\/grunenbergpass-9-6-15\/IMG_0244-2.jpg\"\n               data-thumbnail=\"http:\/\/www.freimarianne.ch\/wp-content\/gallery\/grunenbergpass-9-6-15\/thumbs\/thumbs_IMG_0244-2.jpg\"\n               data-image-id=\"10569\"\n               data-title=\"IMG_0244\"\n               data-description=\"\"\n               data-image-slug=\"img_0244-4\"\n               class=\"shutterset_10573\">\n                <img\n                    title=\"IMG_0244\"\n                    alt=\"IMG_0244\"\n                    src=\"http:\/\/www.freimarianne.ch\/wp-content\/gallery\/grunenbergpass-9-6-15\/thumbs\/thumbs_IMG_0244-2.jpg\"\n                    width=\"100\"\n                    height=\"75\"\n                    style=\"max-width:100%;\"\n                \/>\n            <\/a>\n        <\/div>\n\t\t\t\t\t\t\t<\/div> \n\t\t\t\n        \n\t\t\n\t\t<!-- Pagination -->\n\t<div class='ngg-clear'><\/div>\t<\/div>\n<\/p>\n","protected":false},"excerpt":{"rendered":"<p>Bergwanderung von Habkern \u00fcber das Seefeld &#8211; Gr\u00fcnenbergpass nach Inneriz\/S\u00e4ge Der Wetterbericht f\u00fcr heute ist nicht gut -Wolken und Nebenschwaden -aber kein Niederschlag. Wir sind ja am Vorlaufen dieser Tour! Da kann man nicht auf das schlechte Wetter warten. Wir kommen um 9.23h in Halben\/ Z\u00e4undli an and steigen gleich ein in den Wanderweg , [&hellip;]<\/p>\n","protected":false},"author":1,"featured_media":0,"parent":10369,"menu_order":2,"comment_status":"closed","ping_status":"closed","template":"","meta":{"ngg_post_thumbnail":0},"_links":{"self":[{"href":"http:\/\/www.freimarianne.ch\/index.php?rest_route=\/wp\/v2\/pages\/10553"}],"collection":[{"href":"http:\/\/www.freimarianne.ch\/index.php?rest_route=\/wp\/v2\/pages"}],"about":[{"href":"http:\/\/www.freimarianne.ch\/index.php?rest_route=\/wp\/v2\/types\/page"}],"author":[{"embeddable":true,"href":"http:\/\/www.freimarianne.ch\/index.php?rest_route=\/wp\/v2\/users\/1"}],"replies":[{"embeddable":true,"href":"http:\/\/www.freimarianne.ch\/index.php?rest_route=%2Fwp%2Fv2%2Fcomments&post=10553"}],"version-history":[{"count":10,"href":"http:\/\/www.freimarianne.ch\/index.php?rest_route=\/wp\/v2\/pages\/10553\/revisions"}],"predecessor-version":[{"id":28054,"href":"http:\/\/www.freimarianne.ch\/index.php?rest_route=\/wp\/v2\/pages\/10553\/revisions\/28054"}],"up":[{"embeddable":true,"href":"http:\/\/www.freimarianne.ch\/index.php?rest_route=\/wp\/v2\/pages\/10369"}],"wp:attachment":[{"href":"http:\/\/www.freimarianne.ch\/index.php?rest_route=%2Fwp%2Fv2%2Fmedia&parent=10553"}],"curies":[{"name":"wp","href":"https:\/\/api.w.org\/{rel}","templated":true}]}}