{"id":10578,"date":"2015-06-16T10:55:16","date_gmt":"2015-06-16T09:55:16","guid":{"rendered":"http:\/\/www.freimarianne.ch\/?page_id=10578"},"modified":"2015-06-17T07:28:28","modified_gmt":"2015-06-17T06:28:28","slug":"feldis-gr-11-6-2015","status":"publish","type":"page","link":"http:\/\/www.freimarianne.ch\/?page_id=10578","title":{"rendered":"Feldis, GR  11.6.2015"},"content":{"rendered":"<p><strong>Bergwanderung\u00a0 auf die Alp digl Plaun &#8211; Emser Skih\u00fctte &#8211; Leg Palus &#8211; Feldiseralp &#8211; Feldis<\/strong><\/p>\n<p><img loading=\"lazy\" src=\"http:\/\/www.freimarianne.ch\/wp-content\/uploads\/2015\/06\/IMG_0376_feldis_500.jpg\" alt=\"IMG_0376_feldis_500\" width=\"500\" height=\"380\" class=\"alignleft size-full wp-image-10663\" srcset=\"http:\/\/www.freimarianne.ch\/wp-content\/uploads\/2015\/06\/IMG_0376_feldis_500.jpg 500w, http:\/\/www.freimarianne.ch\/wp-content\/uploads\/2015\/06\/IMG_0376_feldis_500-300x228.jpg 300w, http:\/\/www.freimarianne.ch\/wp-content\/uploads\/2015\/06\/IMG_0376_feldis_500-395x300.jpg 395w\" sizes=\"(max-width: 500px) 100vw, 500px\" \/><\/a><br \/>\nIch  komme um 10.17h in Feldis 1480m  an und gehe dann bei Dorfplatz links hinauf  in Richtung Sterna.<br \/>\nDie Abzweigung nach Alp Raguta  nach Sterna ist  fragw\u00fcrdig!<br \/>\nIch  stehe pl\u00f6tzlich vor zwei Grasspuren und nehme die Spur links, die aber wieder hinunter auf den unteren Wanderweg f\u00fchrt!!  So habe ich Zeit und H\u00f6henmeter verloren! Ich bin aber nicht die einzige, die den Pfad nicht gefunden hat!<br \/>\nWir landen schliesslich auf dem unteren Weg nach Alp Ragusa und haben vergebens etliche H\u00f6henmeter  gemacht!<br \/>\nIch gehe \u00fcber  Rumadetsch und Retga   zur Abzweigung nach Plaun Laneala 1961. Dabei habe ich die Siedlung  Plaun digls Mats  rechts liegengelassen.  Der Pfad f\u00fchrt durch Alpenrosenb\u00fcsche und \u00fcber  Wiesen voller Fieder &#8211; Veilchen  hinauf  zum Rundweg um den Tgom d&#8217;Aulta. Hier bei der Abzweigung sitze ich auf einer Bank und geniesse das Panorama. Leider ziehen am Himmel immer mehr grosse Wolken auf, sodass ich  bald wieder weitergehe und bald die Alp digl Plaun erreiche. Das Wegst\u00fcck hin\u00fcber zur Emserh\u00fctte ist keine sch\u00f6ner Pfad bietet aber Sicht auf den Dreib\u00fcndenstein und Furgg\u00fcel und im R\u00fcckblick auf das F\u00fcllhorn.<br \/>\nNun folgt ein malerischer Weg, den ich bereits im Herbst gegangen bin  zum Leg Palus und zur Feldiser Alp. Hier gehe ich wieder durch pr\u00e4chtige Blumenwiesen.  Als Abstieg w\u00e4hle ich den Weg \u00fcber Stavel sut und Pro Niev und dann erreiche ich Plaun graund mit den zwei Teichen. Die Landschaft ist wundersch\u00f6n. Auf dem R\u00fcckweg versuche ich den verpassten morgigen Einstieg zu finden, was aber nicht gelingt. Bei sch\u00f6nstem Wetter erreiche ich Feldis und es reut mich fast, schon  die Gondelbahn um 15 h  zu besteigen.<br \/>\nWieder hatte ich einen wundersch\u00f6nen Wandertag erwischt und so dem allgemeinen schlechten Wetter getrotzt.<br \/>\nProfil:<br \/>\nSchweizmobil:<br \/>\nDistanz: 12km; Aufstieg: 606m; Abstieg: 606m; Marschzeit: 3.39 h<\/p>\n<p><strong><!-- index.php -->\n<div\n\tclass=\"ngg-galleryoverview ngg-ajax-pagination-none\"\n\tid=\"ngg-gallery-10621-1\">\n\n    \t<div class=\"slideshowlink\">\n        <a href='http:\/\/www.freimarianne.ch\/index.php\/nggallery\/slideshow?page_id=10578'>[Show as slideshow]<\/a>\n\t\t\n\t<\/div>\n\t\t\t<!-- Thumbnails -->\n\t\t\t\t<div id=\"ngg-image-0\" class=\"ngg-gallery-thumbnail-box\" >\n\t\t\t\t        <div class=\"ngg-gallery-thumbnail\">\n            <a href=\"http:\/\/www.freimarianne.ch\/wp-content\/gallery\/feldis-11-6-15\/IMG_0252-2.jpg\"\n               title=\"\"\n               data-src=\"http:\/\/www.freimarianne.ch\/wp-content\/gallery\/feldis-11-6-15\/IMG_0252-2.jpg\"\n               data-thumbnail=\"http:\/\/www.freimarianne.ch\/wp-content\/gallery\/feldis-11-6-15\/thumbs\/thumbs_IMG_0252-2.jpg\"\n               data-image-id=\"10570\"\n               data-title=\"IMG_0252\"\n               data-description=\"\"\n               data-image-slug=\"img_0252-3\"\n               class=\"shutterset_10621\">\n                <img\n                    title=\"IMG_0252\"\n                    alt=\"IMG_0252\"\n                    src=\"http:\/\/www.freimarianne.ch\/wp-content\/gallery\/feldis-11-6-15\/thumbs\/thumbs_IMG_0252-2.jpg\"\n                    width=\"100\"\n                    height=\"75\"\n                    style=\"max-width:100%;\"\n                \/>\n            <\/a>\n        <\/div>\n\t\t\t\t\t\t\t<\/div> \n\t\t\t\n        \n\t\t\t\t<div id=\"ngg-image-1\" class=\"ngg-gallery-thumbnail-box\" >\n\t\t\t\t        <div class=\"ngg-gallery-thumbnail\">\n            <a href=\"http:\/\/www.freimarianne.ch\/wp-content\/gallery\/feldis-11-6-15\/IMG_0255-2.jpg\"\n               title=\"\"\n               data-src=\"http:\/\/www.freimarianne.ch\/wp-content\/gallery\/feldis-11-6-15\/IMG_0255-2.jpg\"\n               data-thumbnail=\"http:\/\/www.freimarianne.ch\/wp-content\/gallery\/feldis-11-6-15\/thumbs\/thumbs_IMG_0255-2.jpg\"\n               data-image-id=\"10571\"\n               data-title=\"IMG_0255\"\n               data-description=\"\"\n               data-image-slug=\"img_0255-5\"\n               class=\"shutterset_10621\">\n                <img\n                    title=\"IMG_0255\"\n                    alt=\"IMG_0255\"\n                    src=\"http:\/\/www.freimarianne.ch\/wp-content\/gallery\/feldis-11-6-15\/thumbs\/thumbs_IMG_0255-2.jpg\"\n                    width=\"100\"\n                    height=\"75\"\n                    style=\"max-width:100%;\"\n                \/>\n            <\/a>\n        <\/div>\n\t\t\t\t\t\t\t<\/div> \n\t\t\t\n        \n\t\t\t\t<div id=\"ngg-image-2\" class=\"ngg-gallery-thumbnail-box\" >\n\t\t\t\t        <div class=\"ngg-gallery-thumbnail\">\n            <a href=\"http:\/\/www.freimarianne.ch\/wp-content\/gallery\/feldis-11-6-15\/IMG_0263-2.jpg\"\n               title=\"\"\n               data-src=\"http:\/\/www.freimarianne.ch\/wp-content\/gallery\/feldis-11-6-15\/IMG_0263-2.jpg\"\n               data-thumbnail=\"http:\/\/www.freimarianne.ch\/wp-content\/gallery\/feldis-11-6-15\/thumbs\/thumbs_IMG_0263-2.jpg\"\n               data-image-id=\"10572\"\n               data-title=\"IMG_0263\"\n               data-description=\"\"\n               data-image-slug=\"img_0263-1\"\n               class=\"shutterset_10621\">\n                <img\n                    title=\"IMG_0263\"\n                    alt=\"IMG_0263\"\n                    src=\"http:\/\/www.freimarianne.ch\/wp-content\/gallery\/feldis-11-6-15\/thumbs\/thumbs_IMG_0263-2.jpg\"\n                    width=\"100\"\n                    height=\"75\"\n                    style=\"max-width:100%;\"\n                \/>\n            <\/a>\n        <\/div>\n\t\t\t\t\t\t\t<\/div> \n\t\t\t\n        \n\t\t\t\t<div id=\"ngg-image-3\" class=\"ngg-gallery-thumbnail-box\" >\n\t\t\t\t        <div class=\"ngg-gallery-thumbnail\">\n            <a href=\"http:\/\/www.freimarianne.ch\/wp-content\/gallery\/feldis-11-6-15\/IMG_0267-2.jpg\"\n               title=\"\"\n               data-src=\"http:\/\/www.freimarianne.ch\/wp-content\/gallery\/feldis-11-6-15\/IMG_0267-2.jpg\"\n               data-thumbnail=\"http:\/\/www.freimarianne.ch\/wp-content\/gallery\/feldis-11-6-15\/thumbs\/thumbs_IMG_0267-2.jpg\"\n               data-image-id=\"10573\"\n               data-title=\"IMG_0267\"\n               data-description=\"\"\n               data-image-slug=\"img_0267-3\"\n               class=\"shutterset_10621\">\n                <img\n                    title=\"IMG_0267\"\n                    alt=\"IMG_0267\"\n                    src=\"http:\/\/www.freimarianne.ch\/wp-content\/gallery\/feldis-11-6-15\/thumbs\/thumbs_IMG_0267-2.jpg\"\n                    width=\"100\"\n                    height=\"75\"\n                    style=\"max-width:100%;\"\n                \/>\n            <\/a>\n        <\/div>\n\t\t\t\t\t\t\t<\/div> \n\t\t\t\n        \n\t\t\t\t<div id=\"ngg-image-4\" class=\"ngg-gallery-thumbnail-box\" >\n\t\t\t\t        <div class=\"ngg-gallery-thumbnail\">\n            <a href=\"http:\/\/www.freimarianne.ch\/wp-content\/gallery\/feldis-11-6-15\/IMG_0268-2.jpg\"\n               title=\"\"\n               data-src=\"http:\/\/www.freimarianne.ch\/wp-content\/gallery\/feldis-11-6-15\/IMG_0268-2.jpg\"\n               data-thumbnail=\"http:\/\/www.freimarianne.ch\/wp-content\/gallery\/feldis-11-6-15\/thumbs\/thumbs_IMG_0268-2.jpg\"\n               data-image-id=\"10574\"\n               data-title=\"IMG_0268\"\n               data-description=\"\"\n               data-image-slug=\"img_0268\"\n               class=\"shutterset_10621\">\n                <img\n                    title=\"IMG_0268\"\n                    alt=\"IMG_0268\"\n                    src=\"http:\/\/www.freimarianne.ch\/wp-content\/gallery\/feldis-11-6-15\/thumbs\/thumbs_IMG_0268-2.jpg\"\n                    width=\"100\"\n                    height=\"75\"\n                    style=\"max-width:100%;\"\n                \/>\n            <\/a>\n        <\/div>\n\t\t\t\t\t\t\t<\/div> \n\t\t\t\n        \n\t\t\t\t<div id=\"ngg-image-5\" class=\"ngg-gallery-thumbnail-box\" >\n\t\t\t\t        <div class=\"ngg-gallery-thumbnail\">\n            <a href=\"http:\/\/www.freimarianne.ch\/wp-content\/gallery\/feldis-11-6-15\/IMG_0275-2.jpg\"\n               title=\"\"\n               data-src=\"http:\/\/www.freimarianne.ch\/wp-content\/gallery\/feldis-11-6-15\/IMG_0275-2.jpg\"\n               data-thumbnail=\"http:\/\/www.freimarianne.ch\/wp-content\/gallery\/feldis-11-6-15\/thumbs\/thumbs_IMG_0275-2.jpg\"\n               data-image-id=\"10575\"\n               data-title=\"IMG_0275\"\n               data-description=\"\"\n               data-image-slug=\"img_0275-1\"\n               class=\"shutterset_10621\">\n                <img\n                    title=\"IMG_0275\"\n                    alt=\"IMG_0275\"\n                    src=\"http:\/\/www.freimarianne.ch\/wp-content\/gallery\/feldis-11-6-15\/thumbs\/thumbs_IMG_0275-2.jpg\"\n                    width=\"100\"\n                    height=\"75\"\n                    style=\"max-width:100%;\"\n                \/>\n            <\/a>\n        <\/div>\n\t\t\t\t\t\t\t<\/div> \n\t\t\t\n        \n\t\t\t\t<div id=\"ngg-image-6\" class=\"ngg-gallery-thumbnail-box\" >\n\t\t\t\t        <div class=\"ngg-gallery-thumbnail\">\n            <a href=\"http:\/\/www.freimarianne.ch\/wp-content\/gallery\/feldis-11-6-15\/IMG_0285-2.jpg\"\n               title=\"\"\n               data-src=\"http:\/\/www.freimarianne.ch\/wp-content\/gallery\/feldis-11-6-15\/IMG_0285-2.jpg\"\n               data-thumbnail=\"http:\/\/www.freimarianne.ch\/wp-content\/gallery\/feldis-11-6-15\/thumbs\/thumbs_IMG_0285-2.jpg\"\n               data-image-id=\"10576\"\n               data-title=\"IMG_0285\"\n               data-description=\"\"\n               data-image-slug=\"img_0285-4\"\n               class=\"shutterset_10621\">\n                <img\n                    title=\"IMG_0285\"\n                    alt=\"IMG_0285\"\n                    src=\"http:\/\/www.freimarianne.ch\/wp-content\/gallery\/feldis-11-6-15\/thumbs\/thumbs_IMG_0285-2.jpg\"\n                    width=\"100\"\n                    height=\"75\"\n                    style=\"max-width:100%;\"\n                \/>\n            <\/a>\n        <\/div>\n\t\t\t\t\t\t\t<\/div> \n\t\t\t\n        \n\t\t\t\t<div id=\"ngg-image-7\" class=\"ngg-gallery-thumbnail-box\" >\n\t\t\t\t        <div class=\"ngg-gallery-thumbnail\">\n            <a href=\"http:\/\/www.freimarianne.ch\/wp-content\/gallery\/feldis-11-6-15\/IMG_0288-2.jpg\"\n               title=\"\"\n               data-src=\"http:\/\/www.freimarianne.ch\/wp-content\/gallery\/feldis-11-6-15\/IMG_0288-2.jpg\"\n               data-thumbnail=\"http:\/\/www.freimarianne.ch\/wp-content\/gallery\/feldis-11-6-15\/thumbs\/thumbs_IMG_0288-2.jpg\"\n               data-image-id=\"10577\"\n               data-title=\"IMG_0288\"\n               data-description=\"\"\n               data-image-slug=\"img_0288\"\n               class=\"shutterset_10621\">\n                <img\n                    title=\"IMG_0288\"\n                    alt=\"IMG_0288\"\n                    src=\"http:\/\/www.freimarianne.ch\/wp-content\/gallery\/feldis-11-6-15\/thumbs\/thumbs_IMG_0288-2.jpg\"\n                    width=\"100\"\n                    height=\"75\"\n                    style=\"max-width:100%;\"\n                \/>\n            <\/a>\n        <\/div>\n\t\t\t\t\t\t\t<\/div> \n\t\t\t\n        \n\t\t\t\t<div id=\"ngg-image-8\" class=\"ngg-gallery-thumbnail-box\" >\n\t\t\t\t        <div class=\"ngg-gallery-thumbnail\">\n            <a href=\"http:\/\/www.freimarianne.ch\/wp-content\/gallery\/feldis-11-6-15\/IMG_0291-2.jpg\"\n               title=\"\"\n               data-src=\"http:\/\/www.freimarianne.ch\/wp-content\/gallery\/feldis-11-6-15\/IMG_0291-2.jpg\"\n               data-thumbnail=\"http:\/\/www.freimarianne.ch\/wp-content\/gallery\/feldis-11-6-15\/thumbs\/thumbs_IMG_0291-2.jpg\"\n               data-image-id=\"10578\"\n               data-title=\"IMG_0291\"\n               data-description=\"\"\n               data-image-slug=\"img_0291-3\"\n               class=\"shutterset_10621\">\n                <img\n                    title=\"IMG_0291\"\n                    alt=\"IMG_0291\"\n                    src=\"http:\/\/www.freimarianne.ch\/wp-content\/gallery\/feldis-11-6-15\/thumbs\/thumbs_IMG_0291-2.jpg\"\n                    width=\"100\"\n                    height=\"75\"\n                    style=\"max-width:100%;\"\n                \/>\n            <\/a>\n        <\/div>\n\t\t\t\t\t\t\t<\/div> \n\t\t\t\n        \n\t\t\t\t<div id=\"ngg-image-9\" class=\"ngg-gallery-thumbnail-box\" >\n\t\t\t\t        <div class=\"ngg-gallery-thumbnail\">\n            <a href=\"http:\/\/www.freimarianne.ch\/wp-content\/gallery\/feldis-11-6-15\/IMG_0306-2.jpg\"\n               title=\"\"\n               data-src=\"http:\/\/www.freimarianne.ch\/wp-content\/gallery\/feldis-11-6-15\/IMG_0306-2.jpg\"\n               data-thumbnail=\"http:\/\/www.freimarianne.ch\/wp-content\/gallery\/feldis-11-6-15\/thumbs\/thumbs_IMG_0306-2.jpg\"\n               data-image-id=\"10579\"\n               data-title=\"IMG_0306\"\n               data-description=\"\"\n               data-image-slug=\"img_0306-5\"\n               class=\"shutterset_10621\">\n                <img\n                    title=\"IMG_0306\"\n                    alt=\"IMG_0306\"\n                    src=\"http:\/\/www.freimarianne.ch\/wp-content\/gallery\/feldis-11-6-15\/thumbs\/thumbs_IMG_0306-2.jpg\"\n                    width=\"100\"\n                    height=\"75\"\n                    style=\"max-width:100%;\"\n                \/>\n            <\/a>\n        <\/div>\n\t\t\t\t\t\t\t<\/div> \n\t\t\t\n        \n\t\t\t\t<div id=\"ngg-image-10\" class=\"ngg-gallery-thumbnail-box\" >\n\t\t\t\t        <div class=\"ngg-gallery-thumbnail\">\n            <a href=\"http:\/\/www.freimarianne.ch\/wp-content\/gallery\/feldis-11-6-15\/IMG_0311-2.jpg\"\n               title=\"\"\n               data-src=\"http:\/\/www.freimarianne.ch\/wp-content\/gallery\/feldis-11-6-15\/IMG_0311-2.jpg\"\n               data-thumbnail=\"http:\/\/www.freimarianne.ch\/wp-content\/gallery\/feldis-11-6-15\/thumbs\/thumbs_IMG_0311-2.jpg\"\n               data-image-id=\"10580\"\n               data-title=\"IMG_0311\"\n               data-description=\"\"\n               data-image-slug=\"img_0311\"\n               class=\"shutterset_10621\">\n                <img\n                    title=\"IMG_0311\"\n                    alt=\"IMG_0311\"\n                    src=\"http:\/\/www.freimarianne.ch\/wp-content\/gallery\/feldis-11-6-15\/thumbs\/thumbs_IMG_0311-2.jpg\"\n                    width=\"100\"\n                    height=\"75\"\n                    style=\"max-width:100%;\"\n                \/>\n            <\/a>\n        <\/div>\n\t\t\t\t\t\t\t<\/div> \n\t\t\t\n        \n\t\t\t\t<div id=\"ngg-image-11\" class=\"ngg-gallery-thumbnail-box\" >\n\t\t\t\t        <div class=\"ngg-gallery-thumbnail\">\n            <a href=\"http:\/\/www.freimarianne.ch\/wp-content\/gallery\/feldis-11-6-15\/IMG_0320-2.jpg\"\n               title=\"\"\n               data-src=\"http:\/\/www.freimarianne.ch\/wp-content\/gallery\/feldis-11-6-15\/IMG_0320-2.jpg\"\n               data-thumbnail=\"http:\/\/www.freimarianne.ch\/wp-content\/gallery\/feldis-11-6-15\/thumbs\/thumbs_IMG_0320-2.jpg\"\n               data-image-id=\"10581\"\n               data-title=\"IMG_0320\"\n               data-description=\"\"\n               data-image-slug=\"img_0320-1\"\n               class=\"shutterset_10621\">\n                <img\n                    title=\"IMG_0320\"\n                    alt=\"IMG_0320\"\n                    src=\"http:\/\/www.freimarianne.ch\/wp-content\/gallery\/feldis-11-6-15\/thumbs\/thumbs_IMG_0320-2.jpg\"\n                    width=\"100\"\n                    height=\"75\"\n                    style=\"max-width:100%;\"\n                \/>\n            <\/a>\n        <\/div>\n\t\t\t\t\t\t\t<\/div> \n\t\t\t\n        \n\t\t\t\t<div id=\"ngg-image-12\" class=\"ngg-gallery-thumbnail-box\" >\n\t\t\t\t        <div class=\"ngg-gallery-thumbnail\">\n            <a href=\"http:\/\/www.freimarianne.ch\/wp-content\/gallery\/feldis-11-6-15\/IMG_0330-2.jpg\"\n               title=\"\"\n               data-src=\"http:\/\/www.freimarianne.ch\/wp-content\/gallery\/feldis-11-6-15\/IMG_0330-2.jpg\"\n               data-thumbnail=\"http:\/\/www.freimarianne.ch\/wp-content\/gallery\/feldis-11-6-15\/thumbs\/thumbs_IMG_0330-2.jpg\"\n               data-image-id=\"10582\"\n               data-title=\"IMG_0330\"\n               data-description=\"\"\n               data-image-slug=\"img_0330-1\"\n               class=\"shutterset_10621\">\n                <img\n                    title=\"IMG_0330\"\n                    alt=\"IMG_0330\"\n                    src=\"http:\/\/www.freimarianne.ch\/wp-content\/gallery\/feldis-11-6-15\/thumbs\/thumbs_IMG_0330-2.jpg\"\n                    width=\"100\"\n                    height=\"75\"\n                    style=\"max-width:100%;\"\n                \/>\n            <\/a>\n        <\/div>\n\t\t\t\t\t\t\t<\/div> \n\t\t\t\n        \n\t\t\t\t<div id=\"ngg-image-13\" class=\"ngg-gallery-thumbnail-box\" >\n\t\t\t\t        <div class=\"ngg-gallery-thumbnail\">\n            <a href=\"http:\/\/www.freimarianne.ch\/wp-content\/gallery\/feldis-11-6-15\/IMG_0338-2.jpg\"\n               title=\"\"\n               data-src=\"http:\/\/www.freimarianne.ch\/wp-content\/gallery\/feldis-11-6-15\/IMG_0338-2.jpg\"\n               data-thumbnail=\"http:\/\/www.freimarianne.ch\/wp-content\/gallery\/feldis-11-6-15\/thumbs\/thumbs_IMG_0338-2.jpg\"\n               data-image-id=\"10583\"\n               data-title=\"IMG_0338\"\n               data-description=\"\"\n               data-image-slug=\"img_0338-1\"\n               class=\"shutterset_10621\">\n                <img\n                    title=\"IMG_0338\"\n                    alt=\"IMG_0338\"\n                    src=\"http:\/\/www.freimarianne.ch\/wp-content\/gallery\/feldis-11-6-15\/thumbs\/thumbs_IMG_0338-2.jpg\"\n                    width=\"100\"\n                    height=\"75\"\n                    style=\"max-width:100%;\"\n                \/>\n            <\/a>\n        <\/div>\n\t\t\t\t\t\t\t<\/div> \n\t\t\t\n        \n\t\t\t\t<div id=\"ngg-image-14\" class=\"ngg-gallery-thumbnail-box\" >\n\t\t\t\t        <div class=\"ngg-gallery-thumbnail\">\n            <a href=\"http:\/\/www.freimarianne.ch\/wp-content\/gallery\/feldis-11-6-15\/IMG_0355-2.jpg\"\n               title=\"\"\n               data-src=\"http:\/\/www.freimarianne.ch\/wp-content\/gallery\/feldis-11-6-15\/IMG_0355-2.jpg\"\n               data-thumbnail=\"http:\/\/www.freimarianne.ch\/wp-content\/gallery\/feldis-11-6-15\/thumbs\/thumbs_IMG_0355-2.jpg\"\n               data-image-id=\"10584\"\n               data-title=\"IMG_0355\"\n               data-description=\"\"\n               data-image-slug=\"img_0355-3\"\n               class=\"shutterset_10621\">\n                <img\n                    title=\"IMG_0355\"\n                    alt=\"IMG_0355\"\n                    src=\"http:\/\/www.freimarianne.ch\/wp-content\/gallery\/feldis-11-6-15\/thumbs\/thumbs_IMG_0355-2.jpg\"\n                    width=\"100\"\n                    height=\"75\"\n                    style=\"max-width:100%;\"\n                \/>\n            <\/a>\n        <\/div>\n\t\t\t\t\t\t\t<\/div> \n\t\t\t\n        \n\t\t\t\t<div id=\"ngg-image-15\" class=\"ngg-gallery-thumbnail-box\" >\n\t\t\t\t        <div class=\"ngg-gallery-thumbnail\">\n            <a href=\"http:\/\/www.freimarianne.ch\/wp-content\/gallery\/feldis-11-6-15\/IMG_0372-2.jpg\"\n               title=\"\"\n               data-src=\"http:\/\/www.freimarianne.ch\/wp-content\/gallery\/feldis-11-6-15\/IMG_0372-2.jpg\"\n               data-thumbnail=\"http:\/\/www.freimarianne.ch\/wp-content\/gallery\/feldis-11-6-15\/thumbs\/thumbs_IMG_0372-2.jpg\"\n               data-image-id=\"10585\"\n               data-title=\"IMG_0372\"\n               data-description=\"\"\n               data-image-slug=\"img_0372-3\"\n               class=\"shutterset_10621\">\n                <img\n                    title=\"IMG_0372\"\n                    alt=\"IMG_0372\"\n                    src=\"http:\/\/www.freimarianne.ch\/wp-content\/gallery\/feldis-11-6-15\/thumbs\/thumbs_IMG_0372-2.jpg\"\n                    width=\"100\"\n                    height=\"75\"\n                    style=\"max-width:100%;\"\n                \/>\n            <\/a>\n        <\/div>\n\t\t\t\t\t\t\t<\/div> \n\t\t\t\n        \n\t\t\t\t<div id=\"ngg-image-16\" class=\"ngg-gallery-thumbnail-box\" >\n\t\t\t\t        <div class=\"ngg-gallery-thumbnail\">\n            <a href=\"http:\/\/www.freimarianne.ch\/wp-content\/gallery\/feldis-11-6-15\/IMG_0373-2.jpg\"\n               title=\"\"\n               data-src=\"http:\/\/www.freimarianne.ch\/wp-content\/gallery\/feldis-11-6-15\/IMG_0373-2.jpg\"\n               data-thumbnail=\"http:\/\/www.freimarianne.ch\/wp-content\/gallery\/feldis-11-6-15\/thumbs\/thumbs_IMG_0373-2.jpg\"\n               data-image-id=\"10586\"\n               data-title=\"IMG_0373\"\n               data-description=\"\"\n               data-image-slug=\"img_0373\"\n               class=\"shutterset_10621\">\n                <img\n                    title=\"IMG_0373\"\n                    alt=\"IMG_0373\"\n                    src=\"http:\/\/www.freimarianne.ch\/wp-content\/gallery\/feldis-11-6-15\/thumbs\/thumbs_IMG_0373-2.jpg\"\n                    width=\"100\"\n                    height=\"75\"\n                    style=\"max-width:100%;\"\n                \/>\n            <\/a>\n        <\/div>\n\t\t\t\t\t\t\t<\/div> \n\t\t\t\n        \n\t\t\t\t<div id=\"ngg-image-17\" class=\"ngg-gallery-thumbnail-box\" >\n\t\t\t\t        <div class=\"ngg-gallery-thumbnail\">\n            <a href=\"http:\/\/www.freimarianne.ch\/wp-content\/gallery\/feldis-11-6-15\/IMG_0382-2.jpg\"\n               title=\"\"\n               data-src=\"http:\/\/www.freimarianne.ch\/wp-content\/gallery\/feldis-11-6-15\/IMG_0382-2.jpg\"\n               data-thumbnail=\"http:\/\/www.freimarianne.ch\/wp-content\/gallery\/feldis-11-6-15\/thumbs\/thumbs_IMG_0382-2.jpg\"\n               data-image-id=\"10587\"\n               data-title=\"IMG_0382\"\n               data-description=\"\"\n               data-image-slug=\"img_0382-3\"\n               class=\"shutterset_10621\">\n                <img\n                    title=\"IMG_0382\"\n                    alt=\"IMG_0382\"\n                    src=\"http:\/\/www.freimarianne.ch\/wp-content\/gallery\/feldis-11-6-15\/thumbs\/thumbs_IMG_0382-2.jpg\"\n                    width=\"100\"\n                    height=\"75\"\n                    style=\"max-width:100%;\"\n                \/>\n            <\/a>\n        <\/div>\n\t\t\t\t\t\t\t<\/div> \n\t\t\t\n        \n\t\t\n\t\t<!-- Pagination -->\n\t<div class='ngg-clear'><\/div>\t<\/div>\n\u00a0<\/strong><\/p>\n","protected":false},"excerpt":{"rendered":"<p>Bergwanderung\u00a0 auf die Alp digl Plaun &#8211; Emser Skih\u00fctte &#8211; Leg Palus &#8211; Feldiseralp &#8211; Feldis Ich komme um 10.17h in Feldis 1480m an und gehe dann bei Dorfplatz links hinauf in Richtung Sterna. Die Abzweigung nach Alp Raguta nach Sterna ist fragw\u00fcrdig! Ich stehe pl\u00f6tzlich vor zwei Grasspuren und nehme die Spur links, die [&hellip;]<\/p>\n","protected":false},"author":1,"featured_media":0,"parent":10369,"menu_order":3,"comment_status":"closed","ping_status":"closed","template":"","meta":{"ngg_post_thumbnail":0},"_links":{"self":[{"href":"http:\/\/www.freimarianne.ch\/index.php?rest_route=\/wp\/v2\/pages\/10578"}],"collection":[{"href":"http:\/\/www.freimarianne.ch\/index.php?rest_route=\/wp\/v2\/pages"}],"about":[{"href":"http:\/\/www.freimarianne.ch\/index.php?rest_route=\/wp\/v2\/types\/page"}],"author":[{"embeddable":true,"href":"http:\/\/www.freimarianne.ch\/index.php?rest_route=\/wp\/v2\/users\/1"}],"replies":[{"embeddable":true,"href":"http:\/\/www.freimarianne.ch\/index.php?rest_route=%2Fwp%2Fv2%2Fcomments&post=10578"}],"version-history":[{"count":9,"href":"http:\/\/www.freimarianne.ch\/index.php?rest_route=\/wp\/v2\/pages\/10578\/revisions"}],"predecessor-version":[{"id":10667,"href":"http:\/\/www.freimarianne.ch\/index.php?rest_route=\/wp\/v2\/pages\/10578\/revisions\/10667"}],"up":[{"embeddable":true,"href":"http:\/\/www.freimarianne.ch\/index.php?rest_route=\/wp\/v2\/pages\/10369"}],"wp:attachment":[{"href":"http:\/\/www.freimarianne.ch\/index.php?rest_route=%2Fwp%2Fv2%2Fmedia&parent=10578"}],"curies":[{"name":"wp","href":"https:\/\/api.w.org\/{rel}","templated":true}]}}