{"id":10718,"date":"2015-07-05T09:40:49","date_gmt":"2015-07-05T08:40:49","guid":{"rendered":"http:\/\/www.freimarianne.ch\/?page_id=10718"},"modified":"2015-08-11T06:28:55","modified_gmt":"2015-08-11T05:28:55","slug":"rigi-kulm-greppen-lz-2-7-2015","status":"publish","type":"page","link":"http:\/\/www.freimarianne.ch\/?page_id=10718","title":{"rendered":"Rigi- Kulm &#8211; Greppen, LU  2.7.2015"},"content":{"rendered":"<p><strong>Wanderung vom Rigi-Kulm hinunter \u00fcber Ch\u00e4nzeli nach Greppen<\/strong><br \/>\n<strong>Baden in Greppen<\/strong><br \/>\nEine der Hitze angepasste Wanderung!<\/p>\n<p>[slideshow_deploy id=&#8217;10730&#8217;&#093;<\/p>\n<p>Die Sicht vom Rigi Kulm ist heute nicht so gut wie ich erwartet habe.<br \/>\nIch geniesse trotzdem die pr\u00e4chtige Sicht und trinke sogar einen Kaffee auf dem Kulm 1797m. Dann mache ich mich auf den Weg hinunter zum Rigi Staffel und gehe dann auf dem Blumenweg bis zur Aussichtsterrasse Ch\u00e4nzeli<br \/>\n1464m. Hier betrete ich Neuland auf dem Weg hinunter durch den Bergwald nach Alp R\u00e4b 1124m. Hier ga\u00e4be es eine Einkehrm\u00f6glichkeit. Etwas weiter unten beim Chr\u00fczboden kommt die Abzweigung quer hin\u00fcber zur Seebodenalp. Ich gehe weiter hinunter durch den Wald und \u00fcber Kuhweiden zum R\u00fcti 778m. Hier k\u00f6nnte man hin\u00fcber nach K\u00fcssnacht a. Rigi wandern. Ich aber habe Greppen als Ziel und erreiche dies nach einem Halt im k\u00fchlen Wald \u00fcber den Hof Anger. Dann bin ich auf der Teerstrasse.<br \/>\nLeider sind der Schiffsteg und die Badi nicht mehr \u00fcber den Uferweg erreichbar und man muss einen Umweg ins Dorf hinein machen. Die Abk\u00fchlung im See ist nicht enorm aber es tut gut zu schwimmen obwohl viel Material auf der Seeoberfl\u00e4che schwimmt.<br \/>\nUm 15.07 h kommt das Schiff von K\u00fcssnacht her, das mich nach Luzern bringt.<br \/>\nLauf Swissmap:<br \/>\nDistanz: 5.16km; Aufstieg: 7m; Abstieg: 1030m; Marschzeit: 3h<\/p>\n","protected":false},"excerpt":{"rendered":"<p>Wanderung vom Rigi-Kulm hinunter \u00fcber Ch\u00e4nzeli nach Greppen Baden in Greppen Eine der Hitze angepasste Wanderung! Die Sicht vom Rigi Kulm ist heute nicht so gut wie ich erwartet habe. Ich geniesse trotzdem die pr\u00e4chtige Sicht und trinke sogar einen Kaffee auf dem Kulm 1797m. Dann mache ich mich auf den Weg hinunter zum Rigi [&hellip;]<\/p>\n","protected":false},"author":1,"featured_media":0,"parent":10369,"menu_order":9,"comment_status":"closed","ping_status":"closed","template":"","meta":{"ngg_post_thumbnail":0},"_links":{"self":[{"href":"http:\/\/www.freimarianne.ch\/index.php?rest_route=\/wp\/v2\/pages\/10718"}],"collection":[{"href":"http:\/\/www.freimarianne.ch\/index.php?rest_route=\/wp\/v2\/pages"}],"about":[{"href":"http:\/\/www.freimarianne.ch\/index.php?rest_route=\/wp\/v2\/types\/page"}],"author":[{"embeddable":true,"href":"http:\/\/www.freimarianne.ch\/index.php?rest_route=\/wp\/v2\/users\/1"}],"replies":[{"embeddable":true,"href":"http:\/\/www.freimarianne.ch\/index.php?rest_route=%2Fwp%2Fv2%2Fcomments&post=10718"}],"version-history":[{"count":7,"href":"http:\/\/www.freimarianne.ch\/index.php?rest_route=\/wp\/v2\/pages\/10718\/revisions"}],"predecessor-version":[{"id":11311,"href":"http:\/\/www.freimarianne.ch\/index.php?rest_route=\/wp\/v2\/pages\/10718\/revisions\/11311"}],"up":[{"embeddable":true,"href":"http:\/\/www.freimarianne.ch\/index.php?rest_route=\/wp\/v2\/pages\/10369"}],"wp:attachment":[{"href":"http:\/\/www.freimarianne.ch\/index.php?rest_route=%2Fwp%2Fv2%2Fmedia&parent=10718"}],"curies":[{"name":"wp","href":"https:\/\/api.w.org\/{rel}","templated":true}]}}