{"id":12157,"date":"2015-08-23T15:23:06","date_gmt":"2015-08-23T14:23:06","guid":{"rendered":"http:\/\/www.freimarianne.ch\/?page_id=12157"},"modified":"2015-08-24T10:10:35","modified_gmt":"2015-08-24T09:10:35","slug":"dodekanes-14-5-2015","status":"publish","type":"page","link":"http:\/\/www.freimarianne.ch\/?page_id=12157","title":{"rendered":"Dodekanes   4.5.2015"},"content":{"rendered":"<p><strong>3.Tag: Mo 4.05.15<\/strong><br \/>\n<strong>Insel Telendos; Wanderung zu einem verlassenen und zerfallenden Weiler mit alten Gr\u00e4bern bei der Kirchenruine Agios Konstantinos<\/strong><br \/>\n<img loading=\"lazy\" class=\"alignleft size-full wp-image-12193\" src=\"http:\/\/www.freimarianne.ch\/wp-content\/uploads\/2015\/08\/IMG_8950-4.jpg\" alt=\"IMG_8950-4\" width=\"500\" height=\"375\" srcset=\"http:\/\/www.freimarianne.ch\/wp-content\/uploads\/2015\/08\/IMG_8950-4.jpg 500w, http:\/\/www.freimarianne.ch\/wp-content\/uploads\/2015\/08\/IMG_8950-4-300x225.jpg 300w, http:\/\/www.freimarianne.ch\/wp-content\/uploads\/2015\/08\/IMG_8950-4-400x300.jpg 400w\" sizes=\"(max-width: 500px) 100vw, 500px\" \/><br \/>\nWir fahren mit dem Bus nach Mirties und anschliessend mit einen Schnellboot hin\u00fcber zur Insel Telendos, wo wir eine Strandwanderung am Hang des Berges Tacho zur Kirchenruine Agios Konstantinos unternehmen. Wie \u00fcblich teilt sich die Gruppe bald und die einen gehen baden w\u00e4hrend die andern den steilen Hang hinauf zur Kirche steigen. Der Weg ist etwas ausgesetzt , aber wir sind uns das ja gewohnt!<br \/>\nDas nachtr\u00e4gliche Baden im kristallklaren Wasser in den einsamen Buchten tut allen gut &#8211; es ist ja erst Fr\u00fchling und wir k\u00f6nnen uns schon im Meer tummeln!<br \/>\nZur\u00fcck im Hotel haben wir freie Zeit bis zum Abendessen im Strandhotel Domus, wo wir wieder die vielf\u00e4ltigen Vorspeisen geniessen. Der obligate Sonnenuntergang \u00fcberm Meer tr\u00e4gt zur Ferienstimmung bei.<\/p>\n<p><!-- index.php -->\n<div\n\tclass=\"ngg-galleryoverview ngg-ajax-pagination-none\"\n\tid=\"ngg-gallery-12959-1\">\n\n    \t<div class=\"slideshowlink\">\n        <a href='http:\/\/www.freimarianne.ch\/index.php\/nggallery\/slideshow?page_id=12157'>[Show as slideshow]<\/a>\n\t\t\n\t<\/div>\n\t\t\t<!-- Thumbnails -->\n\t\t\t\t<div id=\"ngg-image-0\" class=\"ngg-gallery-thumbnail-box\" >\n\t\t\t\t        <div class=\"ngg-gallery-thumbnail\">\n            <a href=\"http:\/\/www.freimarianne.ch\/wp-content\/gallery\/dodekanes-4-5-15\/IMG_8915.jpg\"\n               title=\"\"\n               data-src=\"http:\/\/www.freimarianne.ch\/wp-content\/gallery\/dodekanes-4-5-15\/IMG_8915.jpg\"\n               data-thumbnail=\"http:\/\/www.freimarianne.ch\/wp-content\/gallery\/dodekanes-4-5-15\/thumbs\/thumbs_IMG_8915.jpg\"\n               data-image-id=\"11202\"\n               data-title=\"IMG_8915\"\n               data-description=\"\"\n               data-image-slug=\"img_8915-1\"\n               class=\"shutterset_12959\">\n                <img\n                    title=\"IMG_8915\"\n                    alt=\"IMG_8915\"\n                    src=\"http:\/\/www.freimarianne.ch\/wp-content\/gallery\/dodekanes-4-5-15\/thumbs\/thumbs_IMG_8915.jpg\"\n                    width=\"100\"\n                    height=\"75\"\n                    style=\"max-width:100%;\"\n                \/>\n            <\/a>\n        <\/div>\n\t\t\t\t\t\t\t<\/div> \n\t\t\t\n        \n\t\t\t\t<div id=\"ngg-image-1\" class=\"ngg-gallery-thumbnail-box\" >\n\t\t\t\t        <div class=\"ngg-gallery-thumbnail\">\n            <a href=\"http:\/\/www.freimarianne.ch\/wp-content\/gallery\/dodekanes-4-5-15\/IMG_8919.jpg\"\n               title=\"\"\n               data-src=\"http:\/\/www.freimarianne.ch\/wp-content\/gallery\/dodekanes-4-5-15\/IMG_8919.jpg\"\n               data-thumbnail=\"http:\/\/www.freimarianne.ch\/wp-content\/gallery\/dodekanes-4-5-15\/thumbs\/thumbs_IMG_8919.jpg\"\n               data-image-id=\"11203\"\n               data-title=\"IMG_8919\"\n               data-description=\"\"\n               data-image-slug=\"img_8919-1\"\n               class=\"shutterset_12959\">\n                <img\n                    title=\"IMG_8919\"\n                    alt=\"IMG_8919\"\n                    src=\"http:\/\/www.freimarianne.ch\/wp-content\/gallery\/dodekanes-4-5-15\/thumbs\/thumbs_IMG_8919.jpg\"\n                    width=\"100\"\n                    height=\"75\"\n                    style=\"max-width:100%;\"\n                \/>\n            <\/a>\n        <\/div>\n\t\t\t\t\t\t\t<\/div> \n\t\t\t\n        \n\t\t\t\t<div id=\"ngg-image-2\" class=\"ngg-gallery-thumbnail-box\" >\n\t\t\t\t        <div class=\"ngg-gallery-thumbnail\">\n            <a href=\"http:\/\/www.freimarianne.ch\/wp-content\/gallery\/dodekanes-4-5-15\/IMG_8923.jpg\"\n               title=\"\"\n               data-src=\"http:\/\/www.freimarianne.ch\/wp-content\/gallery\/dodekanes-4-5-15\/IMG_8923.jpg\"\n               data-thumbnail=\"http:\/\/www.freimarianne.ch\/wp-content\/gallery\/dodekanes-4-5-15\/thumbs\/thumbs_IMG_8923.jpg\"\n               data-image-id=\"11204\"\n               data-title=\"IMG_8923\"\n               data-description=\"\"\n               data-image-slug=\"img_8923-1\"\n               class=\"shutterset_12959\">\n                <img\n                    title=\"IMG_8923\"\n                    alt=\"IMG_8923\"\n                    src=\"http:\/\/www.freimarianne.ch\/wp-content\/gallery\/dodekanes-4-5-15\/thumbs\/thumbs_IMG_8923.jpg\"\n                    width=\"100\"\n                    height=\"75\"\n                    style=\"max-width:100%;\"\n                \/>\n            <\/a>\n        <\/div>\n\t\t\t\t\t\t\t<\/div> \n\t\t\t\n        \n\t\t\t\t<div id=\"ngg-image-3\" class=\"ngg-gallery-thumbnail-box\" >\n\t\t\t\t        <div class=\"ngg-gallery-thumbnail\">\n            <a href=\"http:\/\/www.freimarianne.ch\/wp-content\/gallery\/dodekanes-4-5-15\/IMG_8926.jpg\"\n               title=\"\"\n               data-src=\"http:\/\/www.freimarianne.ch\/wp-content\/gallery\/dodekanes-4-5-15\/IMG_8926.jpg\"\n               data-thumbnail=\"http:\/\/www.freimarianne.ch\/wp-content\/gallery\/dodekanes-4-5-15\/thumbs\/thumbs_IMG_8926.jpg\"\n               data-image-id=\"11205\"\n               data-title=\"IMG_8926\"\n               data-description=\"\"\n               data-image-slug=\"img_8926-1\"\n               class=\"shutterset_12959\">\n                <img\n                    title=\"IMG_8926\"\n                    alt=\"IMG_8926\"\n                    src=\"http:\/\/www.freimarianne.ch\/wp-content\/gallery\/dodekanes-4-5-15\/thumbs\/thumbs_IMG_8926.jpg\"\n                    width=\"100\"\n                    height=\"75\"\n                    style=\"max-width:100%;\"\n                \/>\n            <\/a>\n        <\/div>\n\t\t\t\t\t\t\t<\/div> \n\t\t\t\n        \n\t\t\t\t<div id=\"ngg-image-4\" class=\"ngg-gallery-thumbnail-box\" >\n\t\t\t\t        <div class=\"ngg-gallery-thumbnail\">\n            <a href=\"http:\/\/www.freimarianne.ch\/wp-content\/gallery\/dodekanes-4-5-15\/IMG_8928.jpg\"\n               title=\"\"\n               data-src=\"http:\/\/www.freimarianne.ch\/wp-content\/gallery\/dodekanes-4-5-15\/IMG_8928.jpg\"\n               data-thumbnail=\"http:\/\/www.freimarianne.ch\/wp-content\/gallery\/dodekanes-4-5-15\/thumbs\/thumbs_IMG_8928.jpg\"\n               data-image-id=\"11206\"\n               data-title=\"IMG_8928\"\n               data-description=\"\"\n               data-image-slug=\"img_8928\"\n               class=\"shutterset_12959\">\n                <img\n                    title=\"IMG_8928\"\n                    alt=\"IMG_8928\"\n                    src=\"http:\/\/www.freimarianne.ch\/wp-content\/gallery\/dodekanes-4-5-15\/thumbs\/thumbs_IMG_8928.jpg\"\n                    width=\"100\"\n                    height=\"75\"\n                    style=\"max-width:100%;\"\n                \/>\n            <\/a>\n        <\/div>\n\t\t\t\t\t\t\t<\/div> \n\t\t\t\n        \n\t\t\t\t<div id=\"ngg-image-5\" class=\"ngg-gallery-thumbnail-box\" >\n\t\t\t\t        <div class=\"ngg-gallery-thumbnail\">\n            <a href=\"http:\/\/www.freimarianne.ch\/wp-content\/gallery\/dodekanes-4-5-15\/IMG_8929.jpg\"\n               title=\"\"\n               data-src=\"http:\/\/www.freimarianne.ch\/wp-content\/gallery\/dodekanes-4-5-15\/IMG_8929.jpg\"\n               data-thumbnail=\"http:\/\/www.freimarianne.ch\/wp-content\/gallery\/dodekanes-4-5-15\/thumbs\/thumbs_IMG_8929.jpg\"\n               data-image-id=\"11207\"\n               data-title=\"IMG_8929\"\n               data-description=\"\"\n               data-image-slug=\"img_8929-1\"\n               class=\"shutterset_12959\">\n                <img\n                    title=\"IMG_8929\"\n                    alt=\"IMG_8929\"\n                    src=\"http:\/\/www.freimarianne.ch\/wp-content\/gallery\/dodekanes-4-5-15\/thumbs\/thumbs_IMG_8929.jpg\"\n                    width=\"100\"\n                    height=\"75\"\n                    style=\"max-width:100%;\"\n                \/>\n            <\/a>\n        <\/div>\n\t\t\t\t\t\t\t<\/div> \n\t\t\t\n        \n\t\t\t\t<div id=\"ngg-image-6\" class=\"ngg-gallery-thumbnail-box\" >\n\t\t\t\t        <div class=\"ngg-gallery-thumbnail\">\n            <a href=\"http:\/\/www.freimarianne.ch\/wp-content\/gallery\/dodekanes-4-5-15\/IMG_8931.jpg\"\n               title=\"\"\n               data-src=\"http:\/\/www.freimarianne.ch\/wp-content\/gallery\/dodekanes-4-5-15\/IMG_8931.jpg\"\n               data-thumbnail=\"http:\/\/www.freimarianne.ch\/wp-content\/gallery\/dodekanes-4-5-15\/thumbs\/thumbs_IMG_8931.jpg\"\n               data-image-id=\"11208\"\n               data-title=\"IMG_8931\"\n               data-description=\"\"\n               data-image-slug=\"img_8931-4\"\n               class=\"shutterset_12959\">\n                <img\n                    title=\"IMG_8931\"\n                    alt=\"IMG_8931\"\n                    src=\"http:\/\/www.freimarianne.ch\/wp-content\/gallery\/dodekanes-4-5-15\/thumbs\/thumbs_IMG_8931.jpg\"\n                    width=\"100\"\n                    height=\"75\"\n                    style=\"max-width:100%;\"\n                \/>\n            <\/a>\n        <\/div>\n\t\t\t\t\t\t\t<\/div> \n\t\t\t\n        \n\t\t\t\t<div id=\"ngg-image-7\" class=\"ngg-gallery-thumbnail-box\" >\n\t\t\t\t        <div class=\"ngg-gallery-thumbnail\">\n            <a href=\"http:\/\/www.freimarianne.ch\/wp-content\/gallery\/dodekanes-4-5-15\/IMG_8939.jpg\"\n               title=\"\"\n               data-src=\"http:\/\/www.freimarianne.ch\/wp-content\/gallery\/dodekanes-4-5-15\/IMG_8939.jpg\"\n               data-thumbnail=\"http:\/\/www.freimarianne.ch\/wp-content\/gallery\/dodekanes-4-5-15\/thumbs\/thumbs_IMG_8939.jpg\"\n               data-image-id=\"11209\"\n               data-title=\"IMG_8939\"\n               data-description=\"\"\n               data-image-slug=\"img_8939-1\"\n               class=\"shutterset_12959\">\n                <img\n                    title=\"IMG_8939\"\n                    alt=\"IMG_8939\"\n                    src=\"http:\/\/www.freimarianne.ch\/wp-content\/gallery\/dodekanes-4-5-15\/thumbs\/thumbs_IMG_8939.jpg\"\n                    width=\"100\"\n                    height=\"75\"\n                    style=\"max-width:100%;\"\n                \/>\n            <\/a>\n        <\/div>\n\t\t\t\t\t\t\t<\/div> \n\t\t\t\n        \n\t\t\t\t<div id=\"ngg-image-8\" class=\"ngg-gallery-thumbnail-box\" >\n\t\t\t\t        <div class=\"ngg-gallery-thumbnail\">\n            <a href=\"http:\/\/www.freimarianne.ch\/wp-content\/gallery\/dodekanes-4-5-15\/IMG_8944.jpg\"\n               title=\"\"\n               data-src=\"http:\/\/www.freimarianne.ch\/wp-content\/gallery\/dodekanes-4-5-15\/IMG_8944.jpg\"\n               data-thumbnail=\"http:\/\/www.freimarianne.ch\/wp-content\/gallery\/dodekanes-4-5-15\/thumbs\/thumbs_IMG_8944.jpg\"\n               data-image-id=\"11210\"\n               data-title=\"IMG_8944\"\n               data-description=\"\"\n               data-image-slug=\"img_8944\"\n               class=\"shutterset_12959\">\n                <img\n                    title=\"IMG_8944\"\n                    alt=\"IMG_8944\"\n                    src=\"http:\/\/www.freimarianne.ch\/wp-content\/gallery\/dodekanes-4-5-15\/thumbs\/thumbs_IMG_8944.jpg\"\n                    width=\"100\"\n                    height=\"75\"\n                    style=\"max-width:100%;\"\n                \/>\n            <\/a>\n        <\/div>\n\t\t\t\t\t\t\t<\/div> \n\t\t\t\n        \n\t\t\t\t<div id=\"ngg-image-9\" class=\"ngg-gallery-thumbnail-box\" >\n\t\t\t\t        <div class=\"ngg-gallery-thumbnail\">\n            <a href=\"http:\/\/www.freimarianne.ch\/wp-content\/gallery\/dodekanes-4-5-15\/IMG_8947.jpg\"\n               title=\"\"\n               data-src=\"http:\/\/www.freimarianne.ch\/wp-content\/gallery\/dodekanes-4-5-15\/IMG_8947.jpg\"\n               data-thumbnail=\"http:\/\/www.freimarianne.ch\/wp-content\/gallery\/dodekanes-4-5-15\/thumbs\/thumbs_IMG_8947.jpg\"\n               data-image-id=\"11211\"\n               data-title=\"IMG_8947\"\n               data-description=\"\"\n               data-image-slug=\"img_8947-1\"\n               class=\"shutterset_12959\">\n                <img\n                    title=\"IMG_8947\"\n                    alt=\"IMG_8947\"\n                    src=\"http:\/\/www.freimarianne.ch\/wp-content\/gallery\/dodekanes-4-5-15\/thumbs\/thumbs_IMG_8947.jpg\"\n                    width=\"100\"\n                    height=\"75\"\n                    style=\"max-width:100%;\"\n                \/>\n            <\/a>\n        <\/div>\n\t\t\t\t\t\t\t<\/div> \n\t\t\t\n        \n\t\t\t\t<div id=\"ngg-image-10\" class=\"ngg-gallery-thumbnail-box\" >\n\t\t\t\t        <div class=\"ngg-gallery-thumbnail\">\n            <a href=\"http:\/\/www.freimarianne.ch\/wp-content\/gallery\/dodekanes-4-5-15\/IMG_8948.jpg\"\n               title=\"\"\n               data-src=\"http:\/\/www.freimarianne.ch\/wp-content\/gallery\/dodekanes-4-5-15\/IMG_8948.jpg\"\n               data-thumbnail=\"http:\/\/www.freimarianne.ch\/wp-content\/gallery\/dodekanes-4-5-15\/thumbs\/thumbs_IMG_8948.jpg\"\n               data-image-id=\"11212\"\n               data-title=\"IMG_8948\"\n               data-description=\"\"\n               data-image-slug=\"img_8948\"\n               class=\"shutterset_12959\">\n                <img\n                    title=\"IMG_8948\"\n                    alt=\"IMG_8948\"\n                    src=\"http:\/\/www.freimarianne.ch\/wp-content\/gallery\/dodekanes-4-5-15\/thumbs\/thumbs_IMG_8948.jpg\"\n                    width=\"100\"\n                    height=\"75\"\n                    style=\"max-width:100%;\"\n                \/>\n            <\/a>\n        <\/div>\n\t\t\t\t\t\t\t<\/div> \n\t\t\t\n        \n\t\t\t\t<div id=\"ngg-image-11\" class=\"ngg-gallery-thumbnail-box\" >\n\t\t\t\t        <div class=\"ngg-gallery-thumbnail\">\n            <a href=\"http:\/\/www.freimarianne.ch\/wp-content\/gallery\/dodekanes-4-5-15\/IMG_8950.jpg\"\n               title=\"\"\n               data-src=\"http:\/\/www.freimarianne.ch\/wp-content\/gallery\/dodekanes-4-5-15\/IMG_8950.jpg\"\n               data-thumbnail=\"http:\/\/www.freimarianne.ch\/wp-content\/gallery\/dodekanes-4-5-15\/thumbs\/thumbs_IMG_8950.jpg\"\n               data-image-id=\"11213\"\n               data-title=\"IMG_8950\"\n               data-description=\"\"\n               data-image-slug=\"img_8950-1\"\n               class=\"shutterset_12959\">\n                <img\n                    title=\"IMG_8950\"\n                    alt=\"IMG_8950\"\n                    src=\"http:\/\/www.freimarianne.ch\/wp-content\/gallery\/dodekanes-4-5-15\/thumbs\/thumbs_IMG_8950.jpg\"\n                    width=\"100\"\n                    height=\"75\"\n                    style=\"max-width:100%;\"\n                \/>\n            <\/a>\n        <\/div>\n\t\t\t\t\t\t\t<\/div> \n\t\t\t\n        \n\t\t\t\t<div id=\"ngg-image-12\" class=\"ngg-gallery-thumbnail-box\" >\n\t\t\t\t        <div class=\"ngg-gallery-thumbnail\">\n            <a href=\"http:\/\/www.freimarianne.ch\/wp-content\/gallery\/dodekanes-4-5-15\/IMG_8954.jpg\"\n               title=\"\"\n               data-src=\"http:\/\/www.freimarianne.ch\/wp-content\/gallery\/dodekanes-4-5-15\/IMG_8954.jpg\"\n               data-thumbnail=\"http:\/\/www.freimarianne.ch\/wp-content\/gallery\/dodekanes-4-5-15\/thumbs\/thumbs_IMG_8954.jpg\"\n               data-image-id=\"11214\"\n               data-title=\"IMG_8954\"\n               data-description=\"\"\n               data-image-slug=\"img_8954\"\n               class=\"shutterset_12959\">\n                <img\n                    title=\"IMG_8954\"\n                    alt=\"IMG_8954\"\n                    src=\"http:\/\/www.freimarianne.ch\/wp-content\/gallery\/dodekanes-4-5-15\/thumbs\/thumbs_IMG_8954.jpg\"\n                    width=\"100\"\n                    height=\"75\"\n                    style=\"max-width:100%;\"\n                \/>\n            <\/a>\n        <\/div>\n\t\t\t\t\t\t\t<\/div> \n\t\t\t\n        \n\t\t\t\t<div id=\"ngg-image-13\" class=\"ngg-gallery-thumbnail-box\" >\n\t\t\t\t        <div class=\"ngg-gallery-thumbnail\">\n            <a href=\"http:\/\/www.freimarianne.ch\/wp-content\/gallery\/dodekanes-4-5-15\/IMG_8956.jpg\"\n               title=\"\"\n               data-src=\"http:\/\/www.freimarianne.ch\/wp-content\/gallery\/dodekanes-4-5-15\/IMG_8956.jpg\"\n               data-thumbnail=\"http:\/\/www.freimarianne.ch\/wp-content\/gallery\/dodekanes-4-5-15\/thumbs\/thumbs_IMG_8956.jpg\"\n               data-image-id=\"11215\"\n               data-title=\"IMG_8956\"\n               data-description=\"\"\n               data-image-slug=\"img_8956\"\n               class=\"shutterset_12959\">\n                <img\n                    title=\"IMG_8956\"\n                    alt=\"IMG_8956\"\n                    src=\"http:\/\/www.freimarianne.ch\/wp-content\/gallery\/dodekanes-4-5-15\/thumbs\/thumbs_IMG_8956.jpg\"\n                    width=\"100\"\n                    height=\"75\"\n                    style=\"max-width:100%;\"\n                \/>\n            <\/a>\n        <\/div>\n\t\t\t\t\t\t\t<\/div> \n\t\t\t\n        \n\t\t\t\t<div id=\"ngg-image-14\" class=\"ngg-gallery-thumbnail-box\" >\n\t\t\t\t        <div class=\"ngg-gallery-thumbnail\">\n            <a href=\"http:\/\/www.freimarianne.ch\/wp-content\/gallery\/dodekanes-4-5-15\/IMG_8962.jpg\"\n               title=\"\"\n               data-src=\"http:\/\/www.freimarianne.ch\/wp-content\/gallery\/dodekanes-4-5-15\/IMG_8962.jpg\"\n               data-thumbnail=\"http:\/\/www.freimarianne.ch\/wp-content\/gallery\/dodekanes-4-5-15\/thumbs\/thumbs_IMG_8962.jpg\"\n               data-image-id=\"11216\"\n               data-title=\"IMG_8962\"\n               data-description=\"\"\n               data-image-slug=\"img_8962-1\"\n               class=\"shutterset_12959\">\n                <img\n                    title=\"IMG_8962\"\n                    alt=\"IMG_8962\"\n                    src=\"http:\/\/www.freimarianne.ch\/wp-content\/gallery\/dodekanes-4-5-15\/thumbs\/thumbs_IMG_8962.jpg\"\n                    width=\"100\"\n                    height=\"75\"\n                    style=\"max-width:100%;\"\n                \/>\n            <\/a>\n        <\/div>\n\t\t\t\t\t\t\t<\/div> \n\t\t\t\n        \n\t\t\t\t<div id=\"ngg-image-15\" class=\"ngg-gallery-thumbnail-box\" >\n\t\t\t\t        <div class=\"ngg-gallery-thumbnail\">\n            <a href=\"http:\/\/www.freimarianne.ch\/wp-content\/gallery\/dodekanes-4-5-15\/IMG_8963.jpg\"\n               title=\"\"\n               data-src=\"http:\/\/www.freimarianne.ch\/wp-content\/gallery\/dodekanes-4-5-15\/IMG_8963.jpg\"\n               data-thumbnail=\"http:\/\/www.freimarianne.ch\/wp-content\/gallery\/dodekanes-4-5-15\/thumbs\/thumbs_IMG_8963.jpg\"\n               data-image-id=\"11217\"\n               data-title=\"IMG_8963\"\n               data-description=\"\"\n               data-image-slug=\"img_8963-4\"\n               class=\"shutterset_12959\">\n                <img\n                    title=\"IMG_8963\"\n                    alt=\"IMG_8963\"\n                    src=\"http:\/\/www.freimarianne.ch\/wp-content\/gallery\/dodekanes-4-5-15\/thumbs\/thumbs_IMG_8963.jpg\"\n                    width=\"100\"\n                    height=\"75\"\n                    style=\"max-width:100%;\"\n                \/>\n            <\/a>\n        <\/div>\n\t\t\t\t\t\t\t<\/div> \n\t\t\t\n        \n\t\t\t\t<div id=\"ngg-image-16\" class=\"ngg-gallery-thumbnail-box\" >\n\t\t\t\t        <div class=\"ngg-gallery-thumbnail\">\n            <a href=\"http:\/\/www.freimarianne.ch\/wp-content\/gallery\/dodekanes-4-5-15\/IMG_8965.jpg\"\n               title=\"\"\n               data-src=\"http:\/\/www.freimarianne.ch\/wp-content\/gallery\/dodekanes-4-5-15\/IMG_8965.jpg\"\n               data-thumbnail=\"http:\/\/www.freimarianne.ch\/wp-content\/gallery\/dodekanes-4-5-15\/thumbs\/thumbs_IMG_8965.jpg\"\n               data-image-id=\"11218\"\n               data-title=\"IMG_8965\"\n               data-description=\"\"\n               data-image-slug=\"img_8965-3\"\n               class=\"shutterset_12959\">\n                <img\n                    title=\"IMG_8965\"\n                    alt=\"IMG_8965\"\n                    src=\"http:\/\/www.freimarianne.ch\/wp-content\/gallery\/dodekanes-4-5-15\/thumbs\/thumbs_IMG_8965.jpg\"\n                    width=\"100\"\n                    height=\"75\"\n                    style=\"max-width:100%;\"\n                \/>\n            <\/a>\n        <\/div>\n\t\t\t\t\t\t\t<\/div> \n\t\t\t\n        \n\t\t\t\t<div id=\"ngg-image-17\" class=\"ngg-gallery-thumbnail-box\" >\n\t\t\t\t        <div class=\"ngg-gallery-thumbnail\">\n            <a href=\"http:\/\/www.freimarianne.ch\/wp-content\/gallery\/dodekanes-4-5-15\/IMG_8968.jpg\"\n               title=\"\"\n               data-src=\"http:\/\/www.freimarianne.ch\/wp-content\/gallery\/dodekanes-4-5-15\/IMG_8968.jpg\"\n               data-thumbnail=\"http:\/\/www.freimarianne.ch\/wp-content\/gallery\/dodekanes-4-5-15\/thumbs\/thumbs_IMG_8968.jpg\"\n               data-image-id=\"11219\"\n               data-title=\"IMG_8968\"\n               data-description=\"\"\n               data-image-slug=\"img_8968\"\n               class=\"shutterset_12959\">\n                <img\n                    title=\"IMG_8968\"\n                    alt=\"IMG_8968\"\n                    src=\"http:\/\/www.freimarianne.ch\/wp-content\/gallery\/dodekanes-4-5-15\/thumbs\/thumbs_IMG_8968.jpg\"\n                    width=\"100\"\n                    height=\"75\"\n                    style=\"max-width:100%;\"\n                \/>\n            <\/a>\n        <\/div>\n\t\t\t\t\t\t\t<\/div> \n\t\t\t\n        \n\t\t\t\t<div id=\"ngg-image-18\" class=\"ngg-gallery-thumbnail-box\" >\n\t\t\t\t        <div class=\"ngg-gallery-thumbnail\">\n            <a href=\"http:\/\/www.freimarianne.ch\/wp-content\/gallery\/dodekanes-4-5-15\/IMG_8974.jpg\"\n               title=\"\"\n               data-src=\"http:\/\/www.freimarianne.ch\/wp-content\/gallery\/dodekanes-4-5-15\/IMG_8974.jpg\"\n               data-thumbnail=\"http:\/\/www.freimarianne.ch\/wp-content\/gallery\/dodekanes-4-5-15\/thumbs\/thumbs_IMG_8974.jpg\"\n               data-image-id=\"11220\"\n               data-title=\"IMG_8974\"\n               data-description=\"\"\n               data-image-slug=\"img_8974-1\"\n               class=\"shutterset_12959\">\n                <img\n                    title=\"IMG_8974\"\n                    alt=\"IMG_8974\"\n                    src=\"http:\/\/www.freimarianne.ch\/wp-content\/gallery\/dodekanes-4-5-15\/thumbs\/thumbs_IMG_8974.jpg\"\n                    width=\"100\"\n                    height=\"75\"\n                    style=\"max-width:100%;\"\n                \/>\n            <\/a>\n        <\/div>\n\t\t\t\t\t\t\t<\/div> \n\t\t\t\n        \n\t\t\t\t<div id=\"ngg-image-19\" class=\"ngg-gallery-thumbnail-box\" >\n\t\t\t\t        <div class=\"ngg-gallery-thumbnail\">\n            <a href=\"http:\/\/www.freimarianne.ch\/wp-content\/gallery\/dodekanes-4-5-15\/IMG_8976.jpg\"\n               title=\"\"\n               data-src=\"http:\/\/www.freimarianne.ch\/wp-content\/gallery\/dodekanes-4-5-15\/IMG_8976.jpg\"\n               data-thumbnail=\"http:\/\/www.freimarianne.ch\/wp-content\/gallery\/dodekanes-4-5-15\/thumbs\/thumbs_IMG_8976.jpg\"\n               data-image-id=\"11221\"\n               data-title=\"IMG_8976\"\n               data-description=\"\"\n               data-image-slug=\"img_8976-1\"\n               class=\"shutterset_12959\">\n                <img\n                    title=\"IMG_8976\"\n                    alt=\"IMG_8976\"\n                    src=\"http:\/\/www.freimarianne.ch\/wp-content\/gallery\/dodekanes-4-5-15\/thumbs\/thumbs_IMG_8976.jpg\"\n                    width=\"100\"\n                    height=\"75\"\n                    style=\"max-width:100%;\"\n                \/>\n            <\/a>\n        <\/div>\n\t\t\t\t\t\t\t<\/div> \n\t\t\t\n        \n\t\t\n\t\t<!-- Pagination -->\n\t<div class='ngg-clear'><\/div>\t<\/div>\n<\/p>\n","protected":false},"excerpt":{"rendered":"<p>3.Tag: Mo 4.05.15 Insel Telendos; Wanderung zu einem verlassenen und zerfallenden Weiler mit alten Gr\u00e4bern bei der Kirchenruine Agios Konstantinos Wir fahren mit dem Bus nach Mirties und anschliessend mit einen Schnellboot hin\u00fcber zur Insel Telendos, wo wir eine Strandwanderung am Hang des Berges Tacho zur Kirchenruine Agios Konstantinos unternehmen. Wie \u00fcblich teilt sich die [&hellip;]<\/p>\n","protected":false},"author":1,"featured_media":0,"parent":11968,"menu_order":2,"comment_status":"closed","ping_status":"closed","template":"","meta":{"ngg_post_thumbnail":0},"_links":{"self":[{"href":"http:\/\/www.freimarianne.ch\/index.php?rest_route=\/wp\/v2\/pages\/12157"}],"collection":[{"href":"http:\/\/www.freimarianne.ch\/index.php?rest_route=\/wp\/v2\/pages"}],"about":[{"href":"http:\/\/www.freimarianne.ch\/index.php?rest_route=\/wp\/v2\/types\/page"}],"author":[{"embeddable":true,"href":"http:\/\/www.freimarianne.ch\/index.php?rest_route=\/wp\/v2\/users\/1"}],"replies":[{"embeddable":true,"href":"http:\/\/www.freimarianne.ch\/index.php?rest_route=%2Fwp%2Fv2%2Fcomments&post=12157"}],"version-history":[{"count":9,"href":"http:\/\/www.freimarianne.ch\/index.php?rest_route=\/wp\/v2\/pages\/12157\/revisions"}],"predecessor-version":[{"id":12993,"href":"http:\/\/www.freimarianne.ch\/index.php?rest_route=\/wp\/v2\/pages\/12157\/revisions\/12993"}],"up":[{"embeddable":true,"href":"http:\/\/www.freimarianne.ch\/index.php?rest_route=\/wp\/v2\/pages\/11968"}],"wp:attachment":[{"href":"http:\/\/www.freimarianne.ch\/index.php?rest_route=%2Fwp%2Fv2%2Fmedia&parent=12157"}],"curies":[{"name":"wp","href":"https:\/\/api.w.org\/{rel}","templated":true}]}}