{"id":12167,"date":"2015-08-23T15:28:52","date_gmt":"2015-08-23T14:28:52","guid":{"rendered":"http:\/\/www.freimarianne.ch\/?page_id=12167"},"modified":"2015-08-24T09:28:58","modified_gmt":"2015-08-24T08:28:58","slug":"dodekanes-8-5-2015","status":"publish","type":"page","link":"http:\/\/www.freimarianne.ch\/?page_id=12167","title":{"rendered":"Dodekanes   8.5.2015"},"content":{"rendered":"<p><strong>7.Tag: Fr 08.05.15<\/strong><br \/>\n<strong>Besuch der Johannesklosters in Chora; kleine \u00c4g\u00e4iskreuzfahrt \u00fcber Kos nach Nisyros<\/strong><br \/>\n<img loading=\"lazy\" class=\"alignleft size-full wp-image-12215\" src=\"http:\/\/www.freimarianne.ch\/wp-content\/uploads\/2015\/08\/IMG_9194_8.jpg\" alt=\"IMG_9194_8\" width=\"500\" height=\"375\" srcset=\"http:\/\/www.freimarianne.ch\/wp-content\/uploads\/2015\/08\/IMG_9194_8.jpg 500w, http:\/\/www.freimarianne.ch\/wp-content\/uploads\/2015\/08\/IMG_9194_8-300x225.jpg 300w, http:\/\/www.freimarianne.ch\/wp-content\/uploads\/2015\/08\/IMG_9194_8-400x300.jpg 400w\" sizes=\"(max-width: 500px) 100vw, 500px\" \/><br \/>\nVor unserer Abreise auf die Insel Nisyros k\u00f6nnen wir am Morgen das Johanneskloster besuchen. Diesmal fahren wir mit dem Bus hinauf nach Chora. Das Kloster wird &#8220;Agios Ioannis o Theologos&#8221; genannt ( St. Johannes der Theologe).<br \/>\nDa wir zuf\u00e4llig gerade am Gedenktag des heiligen Johannes am 8.Mai hier oben sind, werden wir Zeugen des Rituals und der Liturgie verfolgen, was sehr beeindruckend ist. Wir k\u00f6nnen auch das Innere der Kirche besichtigen.<br \/>\nIn Skala haben noch freie Zeit bis wir um 13.30 h die F\u00e4hre nach Kos besteigen. Im Hafen von Kos steigen wir in den Bus, der uns nach Kardamena bringt. Hier besteigen wir das Boot nach Nisyros., der fast runden Vulkaninsel.<br \/>\nWir wohnen im Hotel Porfyris im kleinen Ort Mandraki.<br \/>\nEs gibt eine gemeinsames Abendessen im Ort nat\u00fcrlich draussen unter alten B\u00e4umen.<\/p>\n<p><!-- index.php -->\n<div\n\tclass=\"ngg-galleryoverview ngg-ajax-pagination-none\"\n\tid=\"ngg-gallery-12967-1\">\n\n    \t<div class=\"slideshowlink\">\n        <a href='http:\/\/www.freimarianne.ch\/index.php\/nggallery\/slideshow?page_id=12167'>[Show as slideshow]<\/a>\n\t\t\n\t<\/div>\n\t\t\t<!-- Thumbnails -->\n\t\t\t\t<div id=\"ngg-image-0\" class=\"ngg-gallery-thumbnail-box\" >\n\t\t\t\t        <div class=\"ngg-gallery-thumbnail\">\n            <a href=\"http:\/\/www.freimarianne.ch\/wp-content\/gallery\/dodekanes-8-5-15\/IMG_9180.jpg\"\n               title=\"\"\n               data-src=\"http:\/\/www.freimarianne.ch\/wp-content\/gallery\/dodekanes-8-5-15\/IMG_9180.jpg\"\n               data-thumbnail=\"http:\/\/www.freimarianne.ch\/wp-content\/gallery\/dodekanes-8-5-15\/thumbs\/thumbs_IMG_9180.jpg\"\n               data-image-id=\"11272\"\n               data-title=\"IMG_9180\"\n               data-description=\"\"\n               data-image-slug=\"img_9180-1\"\n               class=\"shutterset_12967\">\n                <img\n                    title=\"IMG_9180\"\n                    alt=\"IMG_9180\"\n                    src=\"http:\/\/www.freimarianne.ch\/wp-content\/gallery\/dodekanes-8-5-15\/thumbs\/thumbs_IMG_9180.jpg\"\n                    width=\"100\"\n                    height=\"75\"\n                    style=\"max-width:100%;\"\n                \/>\n            <\/a>\n        <\/div>\n\t\t\t\t\t\t\t<\/div> \n\t\t\t\n        \n\t\t\t\t<div id=\"ngg-image-1\" class=\"ngg-gallery-thumbnail-box\" >\n\t\t\t\t        <div class=\"ngg-gallery-thumbnail\">\n            <a href=\"http:\/\/www.freimarianne.ch\/wp-content\/gallery\/dodekanes-8-5-15\/IMG_9182.jpg\"\n               title=\"\"\n               data-src=\"http:\/\/www.freimarianne.ch\/wp-content\/gallery\/dodekanes-8-5-15\/IMG_9182.jpg\"\n               data-thumbnail=\"http:\/\/www.freimarianne.ch\/wp-content\/gallery\/dodekanes-8-5-15\/thumbs\/thumbs_IMG_9182.jpg\"\n               data-image-id=\"11273\"\n               data-title=\"IMG_9182\"\n               data-description=\"\"\n               data-image-slug=\"img_9182-4\"\n               class=\"shutterset_12967\">\n                <img\n                    title=\"IMG_9182\"\n                    alt=\"IMG_9182\"\n                    src=\"http:\/\/www.freimarianne.ch\/wp-content\/gallery\/dodekanes-8-5-15\/thumbs\/thumbs_IMG_9182.jpg\"\n                    width=\"100\"\n                    height=\"75\"\n                    style=\"max-width:100%;\"\n                \/>\n            <\/a>\n        <\/div>\n\t\t\t\t\t\t\t<\/div> \n\t\t\t\n        \n\t\t\t\t<div id=\"ngg-image-2\" class=\"ngg-gallery-thumbnail-box\" >\n\t\t\t\t        <div class=\"ngg-gallery-thumbnail\">\n            <a href=\"http:\/\/www.freimarianne.ch\/wp-content\/gallery\/dodekanes-8-5-15\/IMG_9185.jpg\"\n               title=\"\"\n               data-src=\"http:\/\/www.freimarianne.ch\/wp-content\/gallery\/dodekanes-8-5-15\/IMG_9185.jpg\"\n               data-thumbnail=\"http:\/\/www.freimarianne.ch\/wp-content\/gallery\/dodekanes-8-5-15\/thumbs\/thumbs_IMG_9185.jpg\"\n               data-image-id=\"11274\"\n               data-title=\"IMG_9185\"\n               data-description=\"\"\n               data-image-slug=\"img_9185-1\"\n               class=\"shutterset_12967\">\n                <img\n                    title=\"IMG_9185\"\n                    alt=\"IMG_9185\"\n                    src=\"http:\/\/www.freimarianne.ch\/wp-content\/gallery\/dodekanes-8-5-15\/thumbs\/thumbs_IMG_9185.jpg\"\n                    width=\"100\"\n                    height=\"75\"\n                    style=\"max-width:100%;\"\n                \/>\n            <\/a>\n        <\/div>\n\t\t\t\t\t\t\t<\/div> \n\t\t\t\n        \n\t\t\t\t<div id=\"ngg-image-3\" class=\"ngg-gallery-thumbnail-box\" >\n\t\t\t\t        <div class=\"ngg-gallery-thumbnail\">\n            <a href=\"http:\/\/www.freimarianne.ch\/wp-content\/gallery\/dodekanes-8-5-15\/IMG_9188.jpg\"\n               title=\"\"\n               data-src=\"http:\/\/www.freimarianne.ch\/wp-content\/gallery\/dodekanes-8-5-15\/IMG_9188.jpg\"\n               data-thumbnail=\"http:\/\/www.freimarianne.ch\/wp-content\/gallery\/dodekanes-8-5-15\/thumbs\/thumbs_IMG_9188.jpg\"\n               data-image-id=\"11275\"\n               data-title=\"IMG_9188\"\n               data-description=\"\"\n               data-image-slug=\"img_9188\"\n               class=\"shutterset_12967\">\n                <img\n                    title=\"IMG_9188\"\n                    alt=\"IMG_9188\"\n                    src=\"http:\/\/www.freimarianne.ch\/wp-content\/gallery\/dodekanes-8-5-15\/thumbs\/thumbs_IMG_9188.jpg\"\n                    width=\"100\"\n                    height=\"75\"\n                    style=\"max-width:100%;\"\n                \/>\n            <\/a>\n        <\/div>\n\t\t\t\t\t\t\t<\/div> \n\t\t\t\n        \n\t\t\t\t<div id=\"ngg-image-4\" class=\"ngg-gallery-thumbnail-box\" >\n\t\t\t\t        <div class=\"ngg-gallery-thumbnail\">\n            <a href=\"http:\/\/www.freimarianne.ch\/wp-content\/gallery\/dodekanes-8-5-15\/IMG_9192.jpg\"\n               title=\"\"\n               data-src=\"http:\/\/www.freimarianne.ch\/wp-content\/gallery\/dodekanes-8-5-15\/IMG_9192.jpg\"\n               data-thumbnail=\"http:\/\/www.freimarianne.ch\/wp-content\/gallery\/dodekanes-8-5-15\/thumbs\/thumbs_IMG_9192.jpg\"\n               data-image-id=\"11276\"\n               data-title=\"IMG_9192\"\n               data-description=\"\"\n               data-image-slug=\"img_9192\"\n               class=\"shutterset_12967\">\n                <img\n                    title=\"IMG_9192\"\n                    alt=\"IMG_9192\"\n                    src=\"http:\/\/www.freimarianne.ch\/wp-content\/gallery\/dodekanes-8-5-15\/thumbs\/thumbs_IMG_9192.jpg\"\n                    width=\"100\"\n                    height=\"75\"\n                    style=\"max-width:100%;\"\n                \/>\n            <\/a>\n        <\/div>\n\t\t\t\t\t\t\t<\/div> \n\t\t\t\n        \n\t\t\t\t<div id=\"ngg-image-5\" class=\"ngg-gallery-thumbnail-box\" >\n\t\t\t\t        <div class=\"ngg-gallery-thumbnail\">\n            <a href=\"http:\/\/www.freimarianne.ch\/wp-content\/gallery\/dodekanes-8-5-15\/IMG_9196.jpg\"\n               title=\"\"\n               data-src=\"http:\/\/www.freimarianne.ch\/wp-content\/gallery\/dodekanes-8-5-15\/IMG_9196.jpg\"\n               data-thumbnail=\"http:\/\/www.freimarianne.ch\/wp-content\/gallery\/dodekanes-8-5-15\/thumbs\/thumbs_IMG_9196.jpg\"\n               data-image-id=\"11277\"\n               data-title=\"IMG_9196\"\n               data-description=\"\"\n               data-image-slug=\"img_9196-3\"\n               class=\"shutterset_12967\">\n                <img\n                    title=\"IMG_9196\"\n                    alt=\"IMG_9196\"\n                    src=\"http:\/\/www.freimarianne.ch\/wp-content\/gallery\/dodekanes-8-5-15\/thumbs\/thumbs_IMG_9196.jpg\"\n                    width=\"100\"\n                    height=\"75\"\n                    style=\"max-width:100%;\"\n                \/>\n            <\/a>\n        <\/div>\n\t\t\t\t\t\t\t<\/div> \n\t\t\t\n        \n\t\t\t\t<div id=\"ngg-image-6\" class=\"ngg-gallery-thumbnail-box\" >\n\t\t\t\t        <div class=\"ngg-gallery-thumbnail\">\n            <a href=\"http:\/\/www.freimarianne.ch\/wp-content\/gallery\/dodekanes-8-5-15\/IMG_9198.jpg\"\n               title=\"\"\n               data-src=\"http:\/\/www.freimarianne.ch\/wp-content\/gallery\/dodekanes-8-5-15\/IMG_9198.jpg\"\n               data-thumbnail=\"http:\/\/www.freimarianne.ch\/wp-content\/gallery\/dodekanes-8-5-15\/thumbs\/thumbs_IMG_9198.jpg\"\n               data-image-id=\"11278\"\n               data-title=\"IMG_9198\"\n               data-description=\"\"\n               data-image-slug=\"img_9198-5\"\n               class=\"shutterset_12967\">\n                <img\n                    title=\"IMG_9198\"\n                    alt=\"IMG_9198\"\n                    src=\"http:\/\/www.freimarianne.ch\/wp-content\/gallery\/dodekanes-8-5-15\/thumbs\/thumbs_IMG_9198.jpg\"\n                    width=\"100\"\n                    height=\"75\"\n                    style=\"max-width:100%;\"\n                \/>\n            <\/a>\n        <\/div>\n\t\t\t\t\t\t\t<\/div> \n\t\t\t\n        \n\t\t\t\t<div id=\"ngg-image-7\" class=\"ngg-gallery-thumbnail-box\" >\n\t\t\t\t        <div class=\"ngg-gallery-thumbnail\">\n            <a href=\"http:\/\/www.freimarianne.ch\/wp-content\/gallery\/dodekanes-8-5-15\/IMG_9200.jpg\"\n               title=\"\"\n               data-src=\"http:\/\/www.freimarianne.ch\/wp-content\/gallery\/dodekanes-8-5-15\/IMG_9200.jpg\"\n               data-thumbnail=\"http:\/\/www.freimarianne.ch\/wp-content\/gallery\/dodekanes-8-5-15\/thumbs\/thumbs_IMG_9200.jpg\"\n               data-image-id=\"11279\"\n               data-title=\"IMG_9200\"\n               data-description=\"\"\n               data-image-slug=\"img_9200-1\"\n               class=\"shutterset_12967\">\n                <img\n                    title=\"IMG_9200\"\n                    alt=\"IMG_9200\"\n                    src=\"http:\/\/www.freimarianne.ch\/wp-content\/gallery\/dodekanes-8-5-15\/thumbs\/thumbs_IMG_9200.jpg\"\n                    width=\"100\"\n                    height=\"75\"\n                    style=\"max-width:100%;\"\n                \/>\n            <\/a>\n        <\/div>\n\t\t\t\t\t\t\t<\/div> \n\t\t\t\n        \n\t\t\t\t<div id=\"ngg-image-8\" class=\"ngg-gallery-thumbnail-box\" >\n\t\t\t\t        <div class=\"ngg-gallery-thumbnail\">\n            <a href=\"http:\/\/www.freimarianne.ch\/wp-content\/gallery\/dodekanes-8-5-15\/IMG_9203.jpg\"\n               title=\"\"\n               data-src=\"http:\/\/www.freimarianne.ch\/wp-content\/gallery\/dodekanes-8-5-15\/IMG_9203.jpg\"\n               data-thumbnail=\"http:\/\/www.freimarianne.ch\/wp-content\/gallery\/dodekanes-8-5-15\/thumbs\/thumbs_IMG_9203.jpg\"\n               data-image-id=\"11280\"\n               data-title=\"IMG_9203\"\n               data-description=\"\"\n               data-image-slug=\"img_9203-4\"\n               class=\"shutterset_12967\">\n                <img\n                    title=\"IMG_9203\"\n                    alt=\"IMG_9203\"\n                    src=\"http:\/\/www.freimarianne.ch\/wp-content\/gallery\/dodekanes-8-5-15\/thumbs\/thumbs_IMG_9203.jpg\"\n                    width=\"100\"\n                    height=\"75\"\n                    style=\"max-width:100%;\"\n                \/>\n            <\/a>\n        <\/div>\n\t\t\t\t\t\t\t<\/div> \n\t\t\t\n        \n\t\t\t\t<div id=\"ngg-image-9\" class=\"ngg-gallery-thumbnail-box\" >\n\t\t\t\t        <div class=\"ngg-gallery-thumbnail\">\n            <a href=\"http:\/\/www.freimarianne.ch\/wp-content\/gallery\/dodekanes-8-5-15\/IMG_9206.jpg\"\n               title=\"\"\n               data-src=\"http:\/\/www.freimarianne.ch\/wp-content\/gallery\/dodekanes-8-5-15\/IMG_9206.jpg\"\n               data-thumbnail=\"http:\/\/www.freimarianne.ch\/wp-content\/gallery\/dodekanes-8-5-15\/thumbs\/thumbs_IMG_9206.jpg\"\n               data-image-id=\"11281\"\n               data-title=\"IMG_9206\"\n               data-description=\"\"\n               data-image-slug=\"img_9206-4\"\n               class=\"shutterset_12967\">\n                <img\n                    title=\"IMG_9206\"\n                    alt=\"IMG_9206\"\n                    src=\"http:\/\/www.freimarianne.ch\/wp-content\/gallery\/dodekanes-8-5-15\/thumbs\/thumbs_IMG_9206.jpg\"\n                    width=\"100\"\n                    height=\"75\"\n                    style=\"max-width:100%;\"\n                \/>\n            <\/a>\n        <\/div>\n\t\t\t\t\t\t\t<\/div> \n\t\t\t\n        \n\t\t\t\t<div id=\"ngg-image-10\" class=\"ngg-gallery-thumbnail-box\" >\n\t\t\t\t        <div class=\"ngg-gallery-thumbnail\">\n            <a href=\"http:\/\/www.freimarianne.ch\/wp-content\/gallery\/dodekanes-8-5-15\/IMG_9207.jpg\"\n               title=\"\"\n               data-src=\"http:\/\/www.freimarianne.ch\/wp-content\/gallery\/dodekanes-8-5-15\/IMG_9207.jpg\"\n               data-thumbnail=\"http:\/\/www.freimarianne.ch\/wp-content\/gallery\/dodekanes-8-5-15\/thumbs\/thumbs_IMG_9207.jpg\"\n               data-image-id=\"11282\"\n               data-title=\"IMG_9207\"\n               data-description=\"\"\n               data-image-slug=\"img_9207\"\n               class=\"shutterset_12967\">\n                <img\n                    title=\"IMG_9207\"\n                    alt=\"IMG_9207\"\n                    src=\"http:\/\/www.freimarianne.ch\/wp-content\/gallery\/dodekanes-8-5-15\/thumbs\/thumbs_IMG_9207.jpg\"\n                    width=\"100\"\n                    height=\"75\"\n                    style=\"max-width:100%;\"\n                \/>\n            <\/a>\n        <\/div>\n\t\t\t\t\t\t\t<\/div> \n\t\t\t\n        \n\t\t\t\t<div id=\"ngg-image-11\" class=\"ngg-gallery-thumbnail-box\" >\n\t\t\t\t        <div class=\"ngg-gallery-thumbnail\">\n            <a href=\"http:\/\/www.freimarianne.ch\/wp-content\/gallery\/dodekanes-8-5-15\/IMG_9211.jpg\"\n               title=\"\"\n               data-src=\"http:\/\/www.freimarianne.ch\/wp-content\/gallery\/dodekanes-8-5-15\/IMG_9211.jpg\"\n               data-thumbnail=\"http:\/\/www.freimarianne.ch\/wp-content\/gallery\/dodekanes-8-5-15\/thumbs\/thumbs_IMG_9211.jpg\"\n               data-image-id=\"11283\"\n               data-title=\"IMG_9211\"\n               data-description=\"\"\n               data-image-slug=\"img_9211\"\n               class=\"shutterset_12967\">\n                <img\n                    title=\"IMG_9211\"\n                    alt=\"IMG_9211\"\n                    src=\"http:\/\/www.freimarianne.ch\/wp-content\/gallery\/dodekanes-8-5-15\/thumbs\/thumbs_IMG_9211.jpg\"\n                    width=\"100\"\n                    height=\"75\"\n                    style=\"max-width:100%;\"\n                \/>\n            <\/a>\n        <\/div>\n\t\t\t\t\t\t\t<\/div> \n\t\t\t\n        \n\t\t\t\t<div id=\"ngg-image-12\" class=\"ngg-gallery-thumbnail-box\" >\n\t\t\t\t        <div class=\"ngg-gallery-thumbnail\">\n            <a href=\"http:\/\/www.freimarianne.ch\/wp-content\/gallery\/dodekanes-8-5-15\/IMG_9214.jpg\"\n               title=\"\"\n               data-src=\"http:\/\/www.freimarianne.ch\/wp-content\/gallery\/dodekanes-8-5-15\/IMG_9214.jpg\"\n               data-thumbnail=\"http:\/\/www.freimarianne.ch\/wp-content\/gallery\/dodekanes-8-5-15\/thumbs\/thumbs_IMG_9214.jpg\"\n               data-image-id=\"11284\"\n               data-title=\"IMG_9214\"\n               data-description=\"\"\n               data-image-slug=\"img_9214\"\n               class=\"shutterset_12967\">\n                <img\n                    title=\"IMG_9214\"\n                    alt=\"IMG_9214\"\n                    src=\"http:\/\/www.freimarianne.ch\/wp-content\/gallery\/dodekanes-8-5-15\/thumbs\/thumbs_IMG_9214.jpg\"\n                    width=\"100\"\n                    height=\"75\"\n                    style=\"max-width:100%;\"\n                \/>\n            <\/a>\n        <\/div>\n\t\t\t\t\t\t\t<\/div> \n\t\t\t\n        \n\t\t\t\t<div id=\"ngg-image-13\" class=\"ngg-gallery-thumbnail-box\" >\n\t\t\t\t        <div class=\"ngg-gallery-thumbnail\">\n            <a href=\"http:\/\/www.freimarianne.ch\/wp-content\/gallery\/dodekanes-8-5-15\/IMG_9217.jpg\"\n               title=\"\"\n               data-src=\"http:\/\/www.freimarianne.ch\/wp-content\/gallery\/dodekanes-8-5-15\/IMG_9217.jpg\"\n               data-thumbnail=\"http:\/\/www.freimarianne.ch\/wp-content\/gallery\/dodekanes-8-5-15\/thumbs\/thumbs_IMG_9217.jpg\"\n               data-image-id=\"11285\"\n               data-title=\"IMG_9217\"\n               data-description=\"\"\n               data-image-slug=\"img_9217-1\"\n               class=\"shutterset_12967\">\n                <img\n                    title=\"IMG_9217\"\n                    alt=\"IMG_9217\"\n                    src=\"http:\/\/www.freimarianne.ch\/wp-content\/gallery\/dodekanes-8-5-15\/thumbs\/thumbs_IMG_9217.jpg\"\n                    width=\"100\"\n                    height=\"75\"\n                    style=\"max-width:100%;\"\n                \/>\n            <\/a>\n        <\/div>\n\t\t\t\t\t\t\t<\/div> \n\t\t\t\n        \n\t\t\t\t<div id=\"ngg-image-14\" class=\"ngg-gallery-thumbnail-box\" >\n\t\t\t\t        <div class=\"ngg-gallery-thumbnail\">\n            <a href=\"http:\/\/www.freimarianne.ch\/wp-content\/gallery\/dodekanes-8-5-15\/IMG_9224.jpg\"\n               title=\"\"\n               data-src=\"http:\/\/www.freimarianne.ch\/wp-content\/gallery\/dodekanes-8-5-15\/IMG_9224.jpg\"\n               data-thumbnail=\"http:\/\/www.freimarianne.ch\/wp-content\/gallery\/dodekanes-8-5-15\/thumbs\/thumbs_IMG_9224.jpg\"\n               data-image-id=\"11286\"\n               data-title=\"IMG_9224\"\n               data-description=\"\"\n               data-image-slug=\"img_9224-1\"\n               class=\"shutterset_12967\">\n                <img\n                    title=\"IMG_9224\"\n                    alt=\"IMG_9224\"\n                    src=\"http:\/\/www.freimarianne.ch\/wp-content\/gallery\/dodekanes-8-5-15\/thumbs\/thumbs_IMG_9224.jpg\"\n                    width=\"100\"\n                    height=\"75\"\n                    style=\"max-width:100%;\"\n                \/>\n            <\/a>\n        <\/div>\n\t\t\t\t\t\t\t<\/div> \n\t\t\t\n        \n\t\t\n\t\t<!-- Pagination -->\n\t<div class='ngg-clear'><\/div>\t<\/div>\n<\/p>\n","protected":false},"excerpt":{"rendered":"<p>7.Tag: Fr 08.05.15 Besuch der Johannesklosters in Chora; kleine \u00c4g\u00e4iskreuzfahrt \u00fcber Kos nach Nisyros Vor unserer Abreise auf die Insel Nisyros k\u00f6nnen wir am Morgen das Johanneskloster besuchen. Diesmal fahren wir mit dem Bus hinauf nach Chora. Das Kloster wird &#8220;Agios Ioannis o Theologos&#8221; genannt ( St. Johannes der Theologe). Da wir zuf\u00e4llig gerade am [&hellip;]<\/p>\n","protected":false},"author":1,"featured_media":0,"parent":11968,"menu_order":6,"comment_status":"closed","ping_status":"closed","template":"","meta":{"ngg_post_thumbnail":0},"_links":{"self":[{"href":"http:\/\/www.freimarianne.ch\/index.php?rest_route=\/wp\/v2\/pages\/12167"}],"collection":[{"href":"http:\/\/www.freimarianne.ch\/index.php?rest_route=\/wp\/v2\/pages"}],"about":[{"href":"http:\/\/www.freimarianne.ch\/index.php?rest_route=\/wp\/v2\/types\/page"}],"author":[{"embeddable":true,"href":"http:\/\/www.freimarianne.ch\/index.php?rest_route=\/wp\/v2\/users\/1"}],"replies":[{"embeddable":true,"href":"http:\/\/www.freimarianne.ch\/index.php?rest_route=%2Fwp%2Fv2%2Fcomments&post=12167"}],"version-history":[{"count":4,"href":"http:\/\/www.freimarianne.ch\/index.php?rest_route=\/wp\/v2\/pages\/12167\/revisions"}],"predecessor-version":[{"id":12968,"href":"http:\/\/www.freimarianne.ch\/index.php?rest_route=\/wp\/v2\/pages\/12167\/revisions\/12968"}],"up":[{"embeddable":true,"href":"http:\/\/www.freimarianne.ch\/index.php?rest_route=\/wp\/v2\/pages\/11968"}],"wp:attachment":[{"href":"http:\/\/www.freimarianne.ch\/index.php?rest_route=%2Fwp%2Fv2%2Fmedia&parent=12167"}],"curies":[{"name":"wp","href":"https:\/\/api.w.org\/{rel}","templated":true}]}}