{"id":13014,"date":"2015-09-03T08:51:12","date_gmt":"2015-09-03T07:51:12","guid":{"rendered":"http:\/\/www.freimarianne.ch\/?page_id=13014"},"modified":"2015-09-06T16:24:22","modified_gmt":"2015-09-06T15:24:22","slug":"regitzerspitz-sg-31-8-2015","status":"publish","type":"page","link":"http:\/\/www.freimarianne.ch\/?page_id=13014","title":{"rendered":"Regitzerspitz  SG   31.8.2015"},"content":{"rendered":"<p><strong>Wanderung von Balzers FL auf den Regitzerspitz und hinunter nach Fl\u00e4sch <\/strong><br \/>\n<img loading=\"lazy\" class=\"alignleft size-full wp-image-13005\" src=\"http:\/\/www.freimarianne.ch\/wp-content\/uploads\/2015\/09\/IMG_2503_regitzer_500.jpg\" alt=\"IMG_2503_regitzer_500\" width=\"500\" height=\"375\" srcset=\"http:\/\/www.freimarianne.ch\/wp-content\/uploads\/2015\/09\/IMG_2503_regitzer_500.jpg 500w, http:\/\/www.freimarianne.ch\/wp-content\/uploads\/2015\/09\/IMG_2503_regitzer_500-300x225.jpg 300w, http:\/\/www.freimarianne.ch\/wp-content\/uploads\/2015\/09\/IMG_2503_regitzer_500-400x300.jpg 400w\" sizes=\"(max-width: 500px) 100vw, 500px\" \/><br \/>\nF\u00fcr heute, Montag war der Wetterbericht nochmals sehr gut. Erst der folgende Tag soll das Ende des Sommers 2015 bringen !<br \/>\nUm 9.30 h kommen wir in Balzers FL, im Dorfteil M\u00e4ls, Haltestelle Br\u00fcckle an.<br \/>\nWir folgen den Wanderwegzeichen, die uns leider sehr lange \u00fcber eine Teerstrasse hinauf zum Fl\u00e4scherberg f\u00fchren. Unbemerkt \u00fcberqueren wir die Grenze vom F\u00fcrstentum in die Schweiz. Im R\u00fcckblick auf das Rheintal sehen wir die Burg Gutenberg, die \u00fcber Balzers thront.<br \/>\nWir erreichen\u00a0 Mattheid 772m, eine sch\u00f6n gelegene Lichtung, von welcher man einen sch\u00f6nen Ausblick ins Rheintal, den Gonzen und den Gauschla hat. Es folgt dann eine lange Traverse auf etwa gleicher H\u00f6he bis Hinter Ochsenberg.<br \/>\nAb hier ist Alpgel\u00e4nde und wir steigen den Wegmarken entlang hinauf auf den Grat, wo viele K\u00fche weiden oder sich ausruhen.<br \/>\nAuffallend sind in diesem Gebiet die vielen grossen F\u00f6hren, die der Landschaft ein parkartiges Aussehen geben.<br \/>\nAuch sieht man von hier aus hin\u00fcber zum Falknis.<br \/>\nDer Pfad wird immer steiler und rutschiger, und wir sind froh, als wir oben auf der Plattform der Regitzerspitze 1135m ankommen. Dies scheint ein beliebter Ausflugsort zu sein, denn es gibt eine Aussichtsterrasse. Aber es findet sich nur eine Bank, die in der Sonne liegt. Aber heute, an diesem wahrscheinlich letzten Sommertag ist es nochmals sehr heiss und wir suchen den Schatten, wo wir unsere Mittagspause halten.<br \/>\nVon Regitzerspitz geht es auf einem sch\u00f6nen Pfad hinunter an verschiedenen alten Milit\u00e4ranlagen vorbei zur Alp Vorder Ochsenberg. Wir nehmen die Abzweigung nach Fl\u00e4sch. Nun geht es teilweise sehr steil hinunter durch den Bergwald. Der Weg ist gut ausgebaut, verlangt aber Sorgfalt.<br \/>\nIn Fl\u00e4sch 520m, wo wir ca. um 14.00 ankommen, suchen wir ein Restaurant, was nicht so einfach ist. Es scheint hier nur noble Beizen zu geben.<br \/>\nVon Fl\u00e4sch fahren wir mit dem Postauto nach Bad Ragaz.<br \/>\nLaut Schweizmobil:<br \/>\nDistanz: 10.29km; Aufstieg: 674m; Abstieg: 632m; Marschzeit: 3.31 h<\/p>\n<p><!-- index.php -->\n<div\n\tclass=\"ngg-galleryoverview ngg-ajax-pagination-none\"\n\tid=\"ngg-gallery-13216-1\">\n\n    \t<div class=\"slideshowlink\">\n        <a href='http:\/\/www.freimarianne.ch\/index.php\/nggallery\/slideshow?page_id=13014'>[Show as slideshow]<\/a>\n\t\t\n\t<\/div>\n\t\t\t<!-- Thumbnails -->\n\t\t\t\t<div id=\"ngg-image-0\" class=\"ngg-gallery-thumbnail-box\" >\n\t\t\t\t        <div class=\"ngg-gallery-thumbnail\">\n            <a href=\"http:\/\/www.freimarianne.ch\/wp-content\/gallery\/regitzerspitz-31-8-15\/IMG_2476.jpg\"\n               title=\"\"\n               data-src=\"http:\/\/www.freimarianne.ch\/wp-content\/gallery\/regitzerspitz-31-8-15\/IMG_2476.jpg\"\n               data-thumbnail=\"http:\/\/www.freimarianne.ch\/wp-content\/gallery\/regitzerspitz-31-8-15\/thumbs\/thumbs_IMG_2476.jpg\"\n               data-image-id=\"11590\"\n               data-title=\"IMG_2476\"\n               data-description=\"\"\n               data-image-slug=\"img_2476-3\"\n               class=\"shutterset_13216\">\n                <img\n                    title=\"IMG_2476\"\n                    alt=\"IMG_2476\"\n                    src=\"http:\/\/www.freimarianne.ch\/wp-content\/gallery\/regitzerspitz-31-8-15\/thumbs\/thumbs_IMG_2476.jpg\"\n                    width=\"100\"\n                    height=\"75\"\n                    style=\"max-width:100%;\"\n                \/>\n            <\/a>\n        <\/div>\n\t\t\t\t\t\t\t<\/div> \n\t\t\t\n        \n\t\t\t\t<div id=\"ngg-image-1\" class=\"ngg-gallery-thumbnail-box\" >\n\t\t\t\t        <div class=\"ngg-gallery-thumbnail\">\n            <a href=\"http:\/\/www.freimarianne.ch\/wp-content\/gallery\/regitzerspitz-31-8-15\/IMG_2480.jpg\"\n               title=\"\"\n               data-src=\"http:\/\/www.freimarianne.ch\/wp-content\/gallery\/regitzerspitz-31-8-15\/IMG_2480.jpg\"\n               data-thumbnail=\"http:\/\/www.freimarianne.ch\/wp-content\/gallery\/regitzerspitz-31-8-15\/thumbs\/thumbs_IMG_2480.jpg\"\n               data-image-id=\"11591\"\n               data-title=\"IMG_2480\"\n               data-description=\"\"\n               data-image-slug=\"img_2480-1\"\n               class=\"shutterset_13216\">\n                <img\n                    title=\"IMG_2480\"\n                    alt=\"IMG_2480\"\n                    src=\"http:\/\/www.freimarianne.ch\/wp-content\/gallery\/regitzerspitz-31-8-15\/thumbs\/thumbs_IMG_2480.jpg\"\n                    width=\"100\"\n                    height=\"75\"\n                    style=\"max-width:100%;\"\n                \/>\n            <\/a>\n        <\/div>\n\t\t\t\t\t\t\t<\/div> \n\t\t\t\n        \n\t\t\t\t<div id=\"ngg-image-2\" class=\"ngg-gallery-thumbnail-box\" >\n\t\t\t\t        <div class=\"ngg-gallery-thumbnail\">\n            <a href=\"http:\/\/www.freimarianne.ch\/wp-content\/gallery\/regitzerspitz-31-8-15\/IMG_2491.jpg\"\n               title=\"\"\n               data-src=\"http:\/\/www.freimarianne.ch\/wp-content\/gallery\/regitzerspitz-31-8-15\/IMG_2491.jpg\"\n               data-thumbnail=\"http:\/\/www.freimarianne.ch\/wp-content\/gallery\/regitzerspitz-31-8-15\/thumbs\/thumbs_IMG_2491.jpg\"\n               data-image-id=\"11592\"\n               data-title=\"IMG_2491\"\n               data-description=\"\"\n               data-image-slug=\"img_2491-4\"\n               class=\"shutterset_13216\">\n                <img\n                    title=\"IMG_2491\"\n                    alt=\"IMG_2491\"\n                    src=\"http:\/\/www.freimarianne.ch\/wp-content\/gallery\/regitzerspitz-31-8-15\/thumbs\/thumbs_IMG_2491.jpg\"\n                    width=\"100\"\n                    height=\"75\"\n                    style=\"max-width:100%;\"\n                \/>\n            <\/a>\n        <\/div>\n\t\t\t\t\t\t\t<\/div> \n\t\t\t\n        \n\t\t\t\t<div id=\"ngg-image-3\" class=\"ngg-gallery-thumbnail-box\" >\n\t\t\t\t        <div class=\"ngg-gallery-thumbnail\">\n            <a href=\"http:\/\/www.freimarianne.ch\/wp-content\/gallery\/regitzerspitz-31-8-15\/IMG_2494.jpg\"\n               title=\"\"\n               data-src=\"http:\/\/www.freimarianne.ch\/wp-content\/gallery\/regitzerspitz-31-8-15\/IMG_2494.jpg\"\n               data-thumbnail=\"http:\/\/www.freimarianne.ch\/wp-content\/gallery\/regitzerspitz-31-8-15\/thumbs\/thumbs_IMG_2494.jpg\"\n               data-image-id=\"11593\"\n               data-title=\"IMG_2494\"\n               data-description=\"\"\n               data-image-slug=\"img_2494-1\"\n               class=\"shutterset_13216\">\n                <img\n                    title=\"IMG_2494\"\n                    alt=\"IMG_2494\"\n                    src=\"http:\/\/www.freimarianne.ch\/wp-content\/gallery\/regitzerspitz-31-8-15\/thumbs\/thumbs_IMG_2494.jpg\"\n                    width=\"100\"\n                    height=\"75\"\n                    style=\"max-width:100%;\"\n                \/>\n            <\/a>\n        <\/div>\n\t\t\t\t\t\t\t<\/div> \n\t\t\t\n        \n\t\t\t\t<div id=\"ngg-image-4\" class=\"ngg-gallery-thumbnail-box\" >\n\t\t\t\t        <div class=\"ngg-gallery-thumbnail\">\n            <a href=\"http:\/\/www.freimarianne.ch\/wp-content\/gallery\/regitzerspitz-31-8-15\/IMG_2498.jpg\"\n               title=\"\"\n               data-src=\"http:\/\/www.freimarianne.ch\/wp-content\/gallery\/regitzerspitz-31-8-15\/IMG_2498.jpg\"\n               data-thumbnail=\"http:\/\/www.freimarianne.ch\/wp-content\/gallery\/regitzerspitz-31-8-15\/thumbs\/thumbs_IMG_2498.jpg\"\n               data-image-id=\"11594\"\n               data-title=\"IMG_2498\"\n               data-description=\"\"\n               data-image-slug=\"img_2498-1\"\n               class=\"shutterset_13216\">\n                <img\n                    title=\"IMG_2498\"\n                    alt=\"IMG_2498\"\n                    src=\"http:\/\/www.freimarianne.ch\/wp-content\/gallery\/regitzerspitz-31-8-15\/thumbs\/thumbs_IMG_2498.jpg\"\n                    width=\"100\"\n                    height=\"75\"\n                    style=\"max-width:100%;\"\n                \/>\n            <\/a>\n        <\/div>\n\t\t\t\t\t\t\t<\/div> \n\t\t\t\n        \n\t\t\t\t<div id=\"ngg-image-5\" class=\"ngg-gallery-thumbnail-box\" >\n\t\t\t\t        <div class=\"ngg-gallery-thumbnail\">\n            <a href=\"http:\/\/www.freimarianne.ch\/wp-content\/gallery\/regitzerspitz-31-8-15\/IMG_2502.jpg\"\n               title=\"\"\n               data-src=\"http:\/\/www.freimarianne.ch\/wp-content\/gallery\/regitzerspitz-31-8-15\/IMG_2502.jpg\"\n               data-thumbnail=\"http:\/\/www.freimarianne.ch\/wp-content\/gallery\/regitzerspitz-31-8-15\/thumbs\/thumbs_IMG_2502.jpg\"\n               data-image-id=\"11595\"\n               data-title=\"IMG_2502\"\n               data-description=\"\"\n               data-image-slug=\"img_2502-1\"\n               class=\"shutterset_13216\">\n                <img\n                    title=\"IMG_2502\"\n                    alt=\"IMG_2502\"\n                    src=\"http:\/\/www.freimarianne.ch\/wp-content\/gallery\/regitzerspitz-31-8-15\/thumbs\/thumbs_IMG_2502.jpg\"\n                    width=\"100\"\n                    height=\"75\"\n                    style=\"max-width:100%;\"\n                \/>\n            <\/a>\n        <\/div>\n\t\t\t\t\t\t\t<\/div> \n\t\t\t\n        \n\t\t\t\t<div id=\"ngg-image-6\" class=\"ngg-gallery-thumbnail-box\" >\n\t\t\t\t        <div class=\"ngg-gallery-thumbnail\">\n            <a href=\"http:\/\/www.freimarianne.ch\/wp-content\/gallery\/regitzerspitz-31-8-15\/IMG_2509.jpg\"\n               title=\"\"\n               data-src=\"http:\/\/www.freimarianne.ch\/wp-content\/gallery\/regitzerspitz-31-8-15\/IMG_2509.jpg\"\n               data-thumbnail=\"http:\/\/www.freimarianne.ch\/wp-content\/gallery\/regitzerspitz-31-8-15\/thumbs\/thumbs_IMG_2509.jpg\"\n               data-image-id=\"11596\"\n               data-title=\"IMG_2509\"\n               data-description=\"\"\n               data-image-slug=\"img_2509-3\"\n               class=\"shutterset_13216\">\n                <img\n                    title=\"IMG_2509\"\n                    alt=\"IMG_2509\"\n                    src=\"http:\/\/www.freimarianne.ch\/wp-content\/gallery\/regitzerspitz-31-8-15\/thumbs\/thumbs_IMG_2509.jpg\"\n                    width=\"100\"\n                    height=\"75\"\n                    style=\"max-width:100%;\"\n                \/>\n            <\/a>\n        <\/div>\n\t\t\t\t\t\t\t<\/div> \n\t\t\t\n        \n\t\t\t\t<div id=\"ngg-image-7\" class=\"ngg-gallery-thumbnail-box\" >\n\t\t\t\t        <div class=\"ngg-gallery-thumbnail\">\n            <a href=\"http:\/\/www.freimarianne.ch\/wp-content\/gallery\/regitzerspitz-31-8-15\/IMG_2514.jpg\"\n               title=\"\"\n               data-src=\"http:\/\/www.freimarianne.ch\/wp-content\/gallery\/regitzerspitz-31-8-15\/IMG_2514.jpg\"\n               data-thumbnail=\"http:\/\/www.freimarianne.ch\/wp-content\/gallery\/regitzerspitz-31-8-15\/thumbs\/thumbs_IMG_2514.jpg\"\n               data-image-id=\"11597\"\n               data-title=\"IMG_2514\"\n               data-description=\"\"\n               data-image-slug=\"img_2514-4\"\n               class=\"shutterset_13216\">\n                <img\n                    title=\"IMG_2514\"\n                    alt=\"IMG_2514\"\n                    src=\"http:\/\/www.freimarianne.ch\/wp-content\/gallery\/regitzerspitz-31-8-15\/thumbs\/thumbs_IMG_2514.jpg\"\n                    width=\"100\"\n                    height=\"75\"\n                    style=\"max-width:100%;\"\n                \/>\n            <\/a>\n        <\/div>\n\t\t\t\t\t\t\t<\/div> \n\t\t\t\n        \n\t\t\t\t<div id=\"ngg-image-8\" class=\"ngg-gallery-thumbnail-box\" >\n\t\t\t\t        <div class=\"ngg-gallery-thumbnail\">\n            <a href=\"http:\/\/www.freimarianne.ch\/wp-content\/gallery\/regitzerspitz-31-8-15\/IMG_2516.jpg\"\n               title=\"\"\n               data-src=\"http:\/\/www.freimarianne.ch\/wp-content\/gallery\/regitzerspitz-31-8-15\/IMG_2516.jpg\"\n               data-thumbnail=\"http:\/\/www.freimarianne.ch\/wp-content\/gallery\/regitzerspitz-31-8-15\/thumbs\/thumbs_IMG_2516.jpg\"\n               data-image-id=\"11598\"\n               data-title=\"IMG_2516\"\n               data-description=\"\"\n               data-image-slug=\"img_2516\"\n               class=\"shutterset_13216\">\n                <img\n                    title=\"IMG_2516\"\n                    alt=\"IMG_2516\"\n                    src=\"http:\/\/www.freimarianne.ch\/wp-content\/gallery\/regitzerspitz-31-8-15\/thumbs\/thumbs_IMG_2516.jpg\"\n                    width=\"100\"\n                    height=\"75\"\n                    style=\"max-width:100%;\"\n                \/>\n            <\/a>\n        <\/div>\n\t\t\t\t\t\t\t<\/div> \n\t\t\t\n        \n\t\t\t\t<div id=\"ngg-image-9\" class=\"ngg-gallery-thumbnail-box\" >\n\t\t\t\t        <div class=\"ngg-gallery-thumbnail\">\n            <a href=\"http:\/\/www.freimarianne.ch\/wp-content\/gallery\/regitzerspitz-31-8-15\/IMG_2522.jpg\"\n               title=\"\"\n               data-src=\"http:\/\/www.freimarianne.ch\/wp-content\/gallery\/regitzerspitz-31-8-15\/IMG_2522.jpg\"\n               data-thumbnail=\"http:\/\/www.freimarianne.ch\/wp-content\/gallery\/regitzerspitz-31-8-15\/thumbs\/thumbs_IMG_2522.jpg\"\n               data-image-id=\"11599\"\n               data-title=\"IMG_2522\"\n               data-description=\"\"\n               data-image-slug=\"img_2522\"\n               class=\"shutterset_13216\">\n                <img\n                    title=\"IMG_2522\"\n                    alt=\"IMG_2522\"\n                    src=\"http:\/\/www.freimarianne.ch\/wp-content\/gallery\/regitzerspitz-31-8-15\/thumbs\/thumbs_IMG_2522.jpg\"\n                    width=\"100\"\n                    height=\"75\"\n                    style=\"max-width:100%;\"\n                \/>\n            <\/a>\n        <\/div>\n\t\t\t\t\t\t\t<\/div> \n\t\t\t\n        \n\t\t\t\t<div id=\"ngg-image-10\" class=\"ngg-gallery-thumbnail-box\" >\n\t\t\t\t        <div class=\"ngg-gallery-thumbnail\">\n            <a href=\"http:\/\/www.freimarianne.ch\/wp-content\/gallery\/regitzerspitz-31-8-15\/IMG_2527.jpg\"\n               title=\"\"\n               data-src=\"http:\/\/www.freimarianne.ch\/wp-content\/gallery\/regitzerspitz-31-8-15\/IMG_2527.jpg\"\n               data-thumbnail=\"http:\/\/www.freimarianne.ch\/wp-content\/gallery\/regitzerspitz-31-8-15\/thumbs\/thumbs_IMG_2527.jpg\"\n               data-image-id=\"11600\"\n               data-title=\"IMG_2527\"\n               data-description=\"\"\n               data-image-slug=\"img_2527\"\n               class=\"shutterset_13216\">\n                <img\n                    title=\"IMG_2527\"\n                    alt=\"IMG_2527\"\n                    src=\"http:\/\/www.freimarianne.ch\/wp-content\/gallery\/regitzerspitz-31-8-15\/thumbs\/thumbs_IMG_2527.jpg\"\n                    width=\"100\"\n                    height=\"75\"\n                    style=\"max-width:100%;\"\n                \/>\n            <\/a>\n        <\/div>\n\t\t\t\t\t\t\t<\/div> \n\t\t\t\n        \n\t\t\t\t<div id=\"ngg-image-11\" class=\"ngg-gallery-thumbnail-box\" >\n\t\t\t\t        <div class=\"ngg-gallery-thumbnail\">\n            <a href=\"http:\/\/www.freimarianne.ch\/wp-content\/gallery\/regitzerspitz-31-8-15\/IMG_2528.jpg\"\n               title=\"\"\n               data-src=\"http:\/\/www.freimarianne.ch\/wp-content\/gallery\/regitzerspitz-31-8-15\/IMG_2528.jpg\"\n               data-thumbnail=\"http:\/\/www.freimarianne.ch\/wp-content\/gallery\/regitzerspitz-31-8-15\/thumbs\/thumbs_IMG_2528.jpg\"\n               data-image-id=\"11601\"\n               data-title=\"IMG_2528\"\n               data-description=\"\"\n               data-image-slug=\"img_2528\"\n               class=\"shutterset_13216\">\n                <img\n                    title=\"IMG_2528\"\n                    alt=\"IMG_2528\"\n                    src=\"http:\/\/www.freimarianne.ch\/wp-content\/gallery\/regitzerspitz-31-8-15\/thumbs\/thumbs_IMG_2528.jpg\"\n                    width=\"100\"\n                    height=\"75\"\n                    style=\"max-width:100%;\"\n                \/>\n            <\/a>\n        <\/div>\n\t\t\t\t\t\t\t<\/div> \n\t\t\t\n        \n\t\t\t\t<div id=\"ngg-image-12\" class=\"ngg-gallery-thumbnail-box\" >\n\t\t\t\t        <div class=\"ngg-gallery-thumbnail\">\n            <a href=\"http:\/\/www.freimarianne.ch\/wp-content\/gallery\/regitzerspitz-31-8-15\/IMG_2531.jpg\"\n               title=\"\"\n               data-src=\"http:\/\/www.freimarianne.ch\/wp-content\/gallery\/regitzerspitz-31-8-15\/IMG_2531.jpg\"\n               data-thumbnail=\"http:\/\/www.freimarianne.ch\/wp-content\/gallery\/regitzerspitz-31-8-15\/thumbs\/thumbs_IMG_2531.jpg\"\n               data-image-id=\"11602\"\n               data-title=\"IMG_2531\"\n               data-description=\"\"\n               data-image-slug=\"img_2531-4\"\n               class=\"shutterset_13216\">\n                <img\n                    title=\"IMG_2531\"\n                    alt=\"IMG_2531\"\n                    src=\"http:\/\/www.freimarianne.ch\/wp-content\/gallery\/regitzerspitz-31-8-15\/thumbs\/thumbs_IMG_2531.jpg\"\n                    width=\"100\"\n                    height=\"75\"\n                    style=\"max-width:100%;\"\n                \/>\n            <\/a>\n        <\/div>\n\t\t\t\t\t\t\t<\/div> \n\t\t\t\n        \n\t\t\t\t<div id=\"ngg-image-13\" class=\"ngg-gallery-thumbnail-box\" >\n\t\t\t\t        <div class=\"ngg-gallery-thumbnail\">\n            <a href=\"http:\/\/www.freimarianne.ch\/wp-content\/gallery\/regitzerspitz-31-8-15\/IMG_2535.jpg\"\n               title=\"\"\n               data-src=\"http:\/\/www.freimarianne.ch\/wp-content\/gallery\/regitzerspitz-31-8-15\/IMG_2535.jpg\"\n               data-thumbnail=\"http:\/\/www.freimarianne.ch\/wp-content\/gallery\/regitzerspitz-31-8-15\/thumbs\/thumbs_IMG_2535.jpg\"\n               data-image-id=\"11603\"\n               data-title=\"IMG_2535\"\n               data-description=\"\"\n               data-image-slug=\"img_2535-1\"\n               class=\"shutterset_13216\">\n                <img\n                    title=\"IMG_2535\"\n                    alt=\"IMG_2535\"\n                    src=\"http:\/\/www.freimarianne.ch\/wp-content\/gallery\/regitzerspitz-31-8-15\/thumbs\/thumbs_IMG_2535.jpg\"\n                    width=\"100\"\n                    height=\"75\"\n                    style=\"max-width:100%;\"\n                \/>\n            <\/a>\n        <\/div>\n\t\t\t\t\t\t\t<\/div> \n\t\t\t\n        \n\t\t\t\t<div id=\"ngg-image-14\" class=\"ngg-gallery-thumbnail-box\" >\n\t\t\t\t        <div class=\"ngg-gallery-thumbnail\">\n            <a href=\"http:\/\/www.freimarianne.ch\/wp-content\/gallery\/regitzerspitz-31-8-15\/IMG_2540.jpg\"\n               title=\"\"\n               data-src=\"http:\/\/www.freimarianne.ch\/wp-content\/gallery\/regitzerspitz-31-8-15\/IMG_2540.jpg\"\n               data-thumbnail=\"http:\/\/www.freimarianne.ch\/wp-content\/gallery\/regitzerspitz-31-8-15\/thumbs\/thumbs_IMG_2540.jpg\"\n               data-image-id=\"11604\"\n               data-title=\"IMG_2540\"\n               data-description=\"\"\n               data-image-slug=\"img_2540\"\n               class=\"shutterset_13216\">\n                <img\n                    title=\"IMG_2540\"\n                    alt=\"IMG_2540\"\n                    src=\"http:\/\/www.freimarianne.ch\/wp-content\/gallery\/regitzerspitz-31-8-15\/thumbs\/thumbs_IMG_2540.jpg\"\n                    width=\"100\"\n                    height=\"75\"\n                    style=\"max-width:100%;\"\n                \/>\n            <\/a>\n        <\/div>\n\t\t\t\t\t\t\t<\/div> \n\t\t\t\n        \n\t\t\t\t<div id=\"ngg-image-15\" class=\"ngg-gallery-thumbnail-box\" >\n\t\t\t\t        <div class=\"ngg-gallery-thumbnail\">\n            <a href=\"http:\/\/www.freimarianne.ch\/wp-content\/gallery\/regitzerspitz-31-8-15\/IMG_2542.jpg\"\n               title=\"\"\n               data-src=\"http:\/\/www.freimarianne.ch\/wp-content\/gallery\/regitzerspitz-31-8-15\/IMG_2542.jpg\"\n               data-thumbnail=\"http:\/\/www.freimarianne.ch\/wp-content\/gallery\/regitzerspitz-31-8-15\/thumbs\/thumbs_IMG_2542.jpg\"\n               data-image-id=\"11605\"\n               data-title=\"IMG_2542\"\n               data-description=\"\"\n               data-image-slug=\"img_2542\"\n               class=\"shutterset_13216\">\n                <img\n                    title=\"IMG_2542\"\n                    alt=\"IMG_2542\"\n                    src=\"http:\/\/www.freimarianne.ch\/wp-content\/gallery\/regitzerspitz-31-8-15\/thumbs\/thumbs_IMG_2542.jpg\"\n                    width=\"100\"\n                    height=\"75\"\n                    style=\"max-width:100%;\"\n                \/>\n            <\/a>\n        <\/div>\n\t\t\t\t\t\t\t<\/div> \n\t\t\t\n        \n\t\t\t\t<div id=\"ngg-image-16\" class=\"ngg-gallery-thumbnail-box\" >\n\t\t\t\t        <div class=\"ngg-gallery-thumbnail\">\n            <a href=\"http:\/\/www.freimarianne.ch\/wp-content\/gallery\/regitzerspitz-31-8-15\/IMG_2553.jpg\"\n               title=\"\"\n               data-src=\"http:\/\/www.freimarianne.ch\/wp-content\/gallery\/regitzerspitz-31-8-15\/IMG_2553.jpg\"\n               data-thumbnail=\"http:\/\/www.freimarianne.ch\/wp-content\/gallery\/regitzerspitz-31-8-15\/thumbs\/thumbs_IMG_2553.jpg\"\n               data-image-id=\"11606\"\n               data-title=\"IMG_2553\"\n               data-description=\"\"\n               data-image-slug=\"img_2553-1\"\n               class=\"shutterset_13216\">\n                <img\n                    title=\"IMG_2553\"\n                    alt=\"IMG_2553\"\n                    src=\"http:\/\/www.freimarianne.ch\/wp-content\/gallery\/regitzerspitz-31-8-15\/thumbs\/thumbs_IMG_2553.jpg\"\n                    width=\"100\"\n                    height=\"75\"\n                    style=\"max-width:100%;\"\n                \/>\n            <\/a>\n        <\/div>\n\t\t\t\t\t\t\t<\/div> \n\t\t\t\n        \n\t\t\n\t\t<!-- Pagination -->\n\t<div class='ngg-clear'><\/div>\t<\/div>\n<\/p>\n","protected":false},"excerpt":{"rendered":"<p>Wanderung von Balzers FL auf den Regitzerspitz und hinunter nach Fl\u00e4sch F\u00fcr heute, Montag war der Wetterbericht nochmals sehr gut. Erst der folgende Tag soll das Ende des Sommers 2015 bringen ! Um 9.30 h kommen wir in Balzers FL, im Dorfteil M\u00e4ls, Haltestelle Br\u00fcckle an. Wir folgen den Wanderwegzeichen, die uns leider sehr lange [&hellip;]<\/p>\n","protected":false},"author":1,"featured_media":0,"parent":10369,"menu_order":25,"comment_status":"closed","ping_status":"closed","template":"","meta":{"ngg_post_thumbnail":0},"_links":{"self":[{"href":"http:\/\/www.freimarianne.ch\/index.php?rest_route=\/wp\/v2\/pages\/13014"}],"collection":[{"href":"http:\/\/www.freimarianne.ch\/index.php?rest_route=\/wp\/v2\/pages"}],"about":[{"href":"http:\/\/www.freimarianne.ch\/index.php?rest_route=\/wp\/v2\/types\/page"}],"author":[{"embeddable":true,"href":"http:\/\/www.freimarianne.ch\/index.php?rest_route=\/wp\/v2\/users\/1"}],"replies":[{"embeddable":true,"href":"http:\/\/www.freimarianne.ch\/index.php?rest_route=%2Fwp%2Fv2%2Fcomments&post=13014"}],"version-history":[{"count":6,"href":"http:\/\/www.freimarianne.ch\/index.php?rest_route=\/wp\/v2\/pages\/13014\/revisions"}],"predecessor-version":[{"id":13225,"href":"http:\/\/www.freimarianne.ch\/index.php?rest_route=\/wp\/v2\/pages\/13014\/revisions\/13225"}],"up":[{"embeddable":true,"href":"http:\/\/www.freimarianne.ch\/index.php?rest_route=\/wp\/v2\/pages\/10369"}],"wp:attachment":[{"href":"http:\/\/www.freimarianne.ch\/index.php?rest_route=%2Fwp%2Fv2%2Fmedia&parent=13014"}],"curies":[{"name":"wp","href":"https:\/\/api.w.org\/{rel}","templated":true}]}}