{"id":14051,"date":"2015-11-09T08:55:48","date_gmt":"2015-11-09T07:55:48","guid":{"rendered":"http:\/\/www.freimarianne.ch\/?page_id=14051"},"modified":"2015-11-25T16:07:08","modified_gmt":"2015-11-25T15:07:08","slug":"klosters-gr-1-11-2015","status":"publish","type":"page","link":"http:\/\/www.freimarianne.ch\/?page_id=14051","title":{"rendered":"Klosters  GR  1.11.2015"},"content":{"rendered":"<p><strong>Wanderung\u00a0 der Landquart entlang<\/strong><\/p>\n<p><img loading=\"lazy\" class=\"alignleft size-full wp-image-14064\" src=\"http:\/\/www.freimarianne.ch\/wp-content\/uploads\/2015\/11\/IMG_5428_klost_1.11.jpg\" alt=\"IMG_5428_klost_1.11\" width=\"500\" height=\"333\" srcset=\"http:\/\/www.freimarianne.ch\/wp-content\/uploads\/2015\/11\/IMG_5428_klost_1.11.jpg 500w, http:\/\/www.freimarianne.ch\/wp-content\/uploads\/2015\/11\/IMG_5428_klost_1.11-300x200.jpg 300w, http:\/\/www.freimarianne.ch\/wp-content\/uploads\/2015\/11\/IMG_5428_klost_1.11-450x300.jpg 450w\" sizes=\"(max-width: 500px) 100vw, 500px\" \/><\/p>\n<p>Ankunft in Klosters Platz um 10.30 h<br \/>\nAusgangspunkt ist Sportplatz nahe beim Bahnhof.<br \/>\nWanderung auf orographisch linker Talseite dem Fluss Landquart entlang. Dann auf anderer Seite unter dem hohen Steinwall nahe dem Flussufer. Dann wieder hin\u00fcber \u00fcber H\u00e4ngebr\u00fccke auf die linke Seite. Dort nehme ich bei den n\u00e4chsten Abzweigung den rechten Weg nach oben Richtung Alp Novai Garfiun ( Schindelboden).<br \/>\nHier gehe ich im Schatten und es ist entsprechend k\u00fchl.<br \/>\nIm Talgrund quere ich \u00fcber die Br\u00fccke auf die rechte Talseite, die in der Sonne liegt. Hier befindet sich am Fluss, der nun Vereinabach heisst, ein Picknickplatz. Hier mache ich meine Mittagspause und geniesse den Sonnenschein und die W\u00e4rme.<br \/>\nIch wandere dann durch die braunen Wiesen hin\u00fcber zum Wanderweg &#8211; oder eher Strasse im Pardennerboden und gehe noch in Richtung Gasthaus Garfiun 1373m, das noch offen hat.<br \/>\nDieses Haus liegt am Weg zur Sardasca Alp und f\u00fchrt dem Verstanclabach entlang.<br \/>\nIch mache mich wieder auf den R\u00fcckweg \u00fcber die Alp Pardenn 1390m und komme so auf der Sonnenseite des Tals \u00fcber Schwendi 1380m hinunter nach Monbiel, wo ich noch auf den Bus warten muss.<br \/>\nDiese Gegend kannte ich nur vom Winter her. Sie ist aber auch sch\u00f6n im Herbst. Es gibt aber nur ganz wenige L\u00e4rchen in diesem Tal sondern dunkle, schattige Tannenw\u00e4lder.<br \/>\nDas n\u00e4chste Mal m\u00f6chte ich eine H\u00f6henwanderung \u00fcber dem Tal machen mit hoffentlich weniger Hartbelag!<\/p>\n<p>Laut Swissmap:<br \/>\nDistanz: 9.79km; Aufstieg: 287m; Absteig: 163m; Marschzeit: 2 h 34 min<\/p>\n<p><!-- index.php -->\n<div\n\tclass=\"ngg-galleryoverview ngg-ajax-pagination-none\"\n\tid=\"ngg-gallery-14584-1\">\n\n    \t<div class=\"slideshowlink\">\n        <a href='http:\/\/www.freimarianne.ch\/index.php\/nggallery\/slideshow?page_id=14051'>[Show as slideshow]<\/a>\n\t\t\n\t<\/div>\n\t\t\t<!-- Thumbnails -->\n\t\t\t\t<div id=\"ngg-image-0\" class=\"ngg-gallery-thumbnail-box\" >\n\t\t\t\t        <div class=\"ngg-gallery-thumbnail\">\n            <a href=\"http:\/\/www.freimarianne.ch\/wp-content\/gallery\/klosters-1-11-2015\/IMG_5422.jpg\"\n               title=\"\"\n               data-src=\"http:\/\/www.freimarianne.ch\/wp-content\/gallery\/klosters-1-11-2015\/IMG_5422.jpg\"\n               data-thumbnail=\"http:\/\/www.freimarianne.ch\/wp-content\/gallery\/klosters-1-11-2015\/thumbs\/thumbs_IMG_5422.jpg\"\n               data-image-id=\"12019\"\n               data-title=\"IMG_5422\"\n               data-description=\"\"\n               data-image-slug=\"img_5422\"\n               class=\"shutterset_14584\">\n                <img\n                    title=\"IMG_5422\"\n                    alt=\"IMG_5422\"\n                    src=\"http:\/\/www.freimarianne.ch\/wp-content\/gallery\/klosters-1-11-2015\/thumbs\/thumbs_IMG_5422.jpg\"\n                    width=\"100\"\n                    height=\"75\"\n                    style=\"max-width:100%;\"\n                \/>\n            <\/a>\n        <\/div>\n\t\t\t\t\t\t\t<\/div> \n\t\t\t\n        \n\t\t\t\t<div id=\"ngg-image-1\" class=\"ngg-gallery-thumbnail-box\" >\n\t\t\t\t        <div class=\"ngg-gallery-thumbnail\">\n            <a href=\"http:\/\/www.freimarianne.ch\/wp-content\/gallery\/klosters-1-11-2015\/IMG_5423.jpg\"\n               title=\"\"\n               data-src=\"http:\/\/www.freimarianne.ch\/wp-content\/gallery\/klosters-1-11-2015\/IMG_5423.jpg\"\n               data-thumbnail=\"http:\/\/www.freimarianne.ch\/wp-content\/gallery\/klosters-1-11-2015\/thumbs\/thumbs_IMG_5423.jpg\"\n               data-image-id=\"12020\"\n               data-title=\"IMG_5423\"\n               data-description=\"\"\n               data-image-slug=\"img_5423\"\n               class=\"shutterset_14584\">\n                <img\n                    title=\"IMG_5423\"\n                    alt=\"IMG_5423\"\n                    src=\"http:\/\/www.freimarianne.ch\/wp-content\/gallery\/klosters-1-11-2015\/thumbs\/thumbs_IMG_5423.jpg\"\n                    width=\"100\"\n                    height=\"75\"\n                    style=\"max-width:100%;\"\n                \/>\n            <\/a>\n        <\/div>\n\t\t\t\t\t\t\t<\/div> \n\t\t\t\n        \n\t\t\t\t<div id=\"ngg-image-2\" class=\"ngg-gallery-thumbnail-box\" >\n\t\t\t\t        <div class=\"ngg-gallery-thumbnail\">\n            <a href=\"http:\/\/www.freimarianne.ch\/wp-content\/gallery\/klosters-1-11-2015\/IMG_5424_01.jpg\"\n               title=\"\"\n               data-src=\"http:\/\/www.freimarianne.ch\/wp-content\/gallery\/klosters-1-11-2015\/IMG_5424_01.jpg\"\n               data-thumbnail=\"http:\/\/www.freimarianne.ch\/wp-content\/gallery\/klosters-1-11-2015\/thumbs\/thumbs_IMG_5424_01.jpg\"\n               data-image-id=\"12021\"\n               data-title=\"IMG_5424_01\"\n               data-description=\"\"\n               data-image-slug=\"img_5424_01\"\n               class=\"shutterset_14584\">\n                <img\n                    title=\"IMG_5424_01\"\n                    alt=\"IMG_5424_01\"\n                    src=\"http:\/\/www.freimarianne.ch\/wp-content\/gallery\/klosters-1-11-2015\/thumbs\/thumbs_IMG_5424_01.jpg\"\n                    width=\"100\"\n                    height=\"75\"\n                    style=\"max-width:100%;\"\n                \/>\n            <\/a>\n        <\/div>\n\t\t\t\t\t\t\t<\/div> \n\t\t\t\n        \n\t\t\t\t<div id=\"ngg-image-3\" class=\"ngg-gallery-thumbnail-box\" >\n\t\t\t\t        <div class=\"ngg-gallery-thumbnail\">\n            <a href=\"http:\/\/www.freimarianne.ch\/wp-content\/gallery\/klosters-1-11-2015\/IMG_5425.jpg\"\n               title=\"\"\n               data-src=\"http:\/\/www.freimarianne.ch\/wp-content\/gallery\/klosters-1-11-2015\/IMG_5425.jpg\"\n               data-thumbnail=\"http:\/\/www.freimarianne.ch\/wp-content\/gallery\/klosters-1-11-2015\/thumbs\/thumbs_IMG_5425.jpg\"\n               data-image-id=\"12022\"\n               data-title=\"IMG_5425\"\n               data-description=\"\"\n               data-image-slug=\"img_5425-1\"\n               class=\"shutterset_14584\">\n                <img\n                    title=\"IMG_5425\"\n                    alt=\"IMG_5425\"\n                    src=\"http:\/\/www.freimarianne.ch\/wp-content\/gallery\/klosters-1-11-2015\/thumbs\/thumbs_IMG_5425.jpg\"\n                    width=\"100\"\n                    height=\"75\"\n                    style=\"max-width:100%;\"\n                \/>\n            <\/a>\n        <\/div>\n\t\t\t\t\t\t\t<\/div> \n\t\t\t\n        \n\t\t\t\t<div id=\"ngg-image-4\" class=\"ngg-gallery-thumbnail-box\" >\n\t\t\t\t        <div class=\"ngg-gallery-thumbnail\">\n            <a href=\"http:\/\/www.freimarianne.ch\/wp-content\/gallery\/klosters-1-11-2015\/IMG_5427.jpg\"\n               title=\"\"\n               data-src=\"http:\/\/www.freimarianne.ch\/wp-content\/gallery\/klosters-1-11-2015\/IMG_5427.jpg\"\n               data-thumbnail=\"http:\/\/www.freimarianne.ch\/wp-content\/gallery\/klosters-1-11-2015\/thumbs\/thumbs_IMG_5427.jpg\"\n               data-image-id=\"12023\"\n               data-title=\"IMG_5427\"\n               data-description=\"\"\n               data-image-slug=\"img_5427-1\"\n               class=\"shutterset_14584\">\n                <img\n                    title=\"IMG_5427\"\n                    alt=\"IMG_5427\"\n                    src=\"http:\/\/www.freimarianne.ch\/wp-content\/gallery\/klosters-1-11-2015\/thumbs\/thumbs_IMG_5427.jpg\"\n                    width=\"100\"\n                    height=\"75\"\n                    style=\"max-width:100%;\"\n                \/>\n            <\/a>\n        <\/div>\n\t\t\t\t\t\t\t<\/div> \n\t\t\t\n        \n\t\t\t\t<div id=\"ngg-image-5\" class=\"ngg-gallery-thumbnail-box\" >\n\t\t\t\t        <div class=\"ngg-gallery-thumbnail\">\n            <a href=\"http:\/\/www.freimarianne.ch\/wp-content\/gallery\/klosters-1-11-2015\/IMG_5429.jpg\"\n               title=\"\"\n               data-src=\"http:\/\/www.freimarianne.ch\/wp-content\/gallery\/klosters-1-11-2015\/IMG_5429.jpg\"\n               data-thumbnail=\"http:\/\/www.freimarianne.ch\/wp-content\/gallery\/klosters-1-11-2015\/thumbs\/thumbs_IMG_5429.jpg\"\n               data-image-id=\"12024\"\n               data-title=\"IMG_5429\"\n               data-description=\"\"\n               data-image-slug=\"img_5429-3\"\n               class=\"shutterset_14584\">\n                <img\n                    title=\"IMG_5429\"\n                    alt=\"IMG_5429\"\n                    src=\"http:\/\/www.freimarianne.ch\/wp-content\/gallery\/klosters-1-11-2015\/thumbs\/thumbs_IMG_5429.jpg\"\n                    width=\"100\"\n                    height=\"75\"\n                    style=\"max-width:100%;\"\n                \/>\n            <\/a>\n        <\/div>\n\t\t\t\t\t\t\t<\/div> \n\t\t\t\n        \n\t\t\t\t<div id=\"ngg-image-6\" class=\"ngg-gallery-thumbnail-box\" >\n\t\t\t\t        <div class=\"ngg-gallery-thumbnail\">\n            <a href=\"http:\/\/www.freimarianne.ch\/wp-content\/gallery\/klosters-1-11-2015\/IMG_5437.jpg\"\n               title=\"\"\n               data-src=\"http:\/\/www.freimarianne.ch\/wp-content\/gallery\/klosters-1-11-2015\/IMG_5437.jpg\"\n               data-thumbnail=\"http:\/\/www.freimarianne.ch\/wp-content\/gallery\/klosters-1-11-2015\/thumbs\/thumbs_IMG_5437.jpg\"\n               data-image-id=\"12025\"\n               data-title=\"IMG_5437\"\n               data-description=\"\"\n               data-image-slug=\"img_5437-1\"\n               class=\"shutterset_14584\">\n                <img\n                    title=\"IMG_5437\"\n                    alt=\"IMG_5437\"\n                    src=\"http:\/\/www.freimarianne.ch\/wp-content\/gallery\/klosters-1-11-2015\/thumbs\/thumbs_IMG_5437.jpg\"\n                    width=\"100\"\n                    height=\"75\"\n                    style=\"max-width:100%;\"\n                \/>\n            <\/a>\n        <\/div>\n\t\t\t\t\t\t\t<\/div> \n\t\t\t\n        \n\t\t\t\t<div id=\"ngg-image-7\" class=\"ngg-gallery-thumbnail-box\" >\n\t\t\t\t        <div class=\"ngg-gallery-thumbnail\">\n            <a href=\"http:\/\/www.freimarianne.ch\/wp-content\/gallery\/klosters-1-11-2015\/IMG_5438.jpg\"\n               title=\"\"\n               data-src=\"http:\/\/www.freimarianne.ch\/wp-content\/gallery\/klosters-1-11-2015\/IMG_5438.jpg\"\n               data-thumbnail=\"http:\/\/www.freimarianne.ch\/wp-content\/gallery\/klosters-1-11-2015\/thumbs\/thumbs_IMG_5438.jpg\"\n               data-image-id=\"12026\"\n               data-title=\"IMG_5438\"\n               data-description=\"\"\n               data-image-slug=\"img_5438-3\"\n               class=\"shutterset_14584\">\n                <img\n                    title=\"IMG_5438\"\n                    alt=\"IMG_5438\"\n                    src=\"http:\/\/www.freimarianne.ch\/wp-content\/gallery\/klosters-1-11-2015\/thumbs\/thumbs_IMG_5438.jpg\"\n                    width=\"100\"\n                    height=\"75\"\n                    style=\"max-width:100%;\"\n                \/>\n            <\/a>\n        <\/div>\n\t\t\t\t\t\t\t<\/div> \n\t\t\t\n        \n\t\t\t\t<div id=\"ngg-image-8\" class=\"ngg-gallery-thumbnail-box\" >\n\t\t\t\t        <div class=\"ngg-gallery-thumbnail\">\n            <a href=\"http:\/\/www.freimarianne.ch\/wp-content\/gallery\/klosters-1-11-2015\/IMG_5444.jpg\"\n               title=\"\"\n               data-src=\"http:\/\/www.freimarianne.ch\/wp-content\/gallery\/klosters-1-11-2015\/IMG_5444.jpg\"\n               data-thumbnail=\"http:\/\/www.freimarianne.ch\/wp-content\/gallery\/klosters-1-11-2015\/thumbs\/thumbs_IMG_5444.jpg\"\n               data-image-id=\"12027\"\n               data-title=\"IMG_5444\"\n               data-description=\"\"\n               data-image-slug=\"img_5444-3\"\n               class=\"shutterset_14584\">\n                <img\n                    title=\"IMG_5444\"\n                    alt=\"IMG_5444\"\n                    src=\"http:\/\/www.freimarianne.ch\/wp-content\/gallery\/klosters-1-11-2015\/thumbs\/thumbs_IMG_5444.jpg\"\n                    width=\"100\"\n                    height=\"75\"\n                    style=\"max-width:100%;\"\n                \/>\n            <\/a>\n        <\/div>\n\t\t\t\t\t\t\t<\/div> \n\t\t\t\n        \n\t\t\t\t<div id=\"ngg-image-9\" class=\"ngg-gallery-thumbnail-box\" >\n\t\t\t\t        <div class=\"ngg-gallery-thumbnail\">\n            <a href=\"http:\/\/www.freimarianne.ch\/wp-content\/gallery\/klosters-1-11-2015\/IMG_5451.jpg\"\n               title=\"\"\n               data-src=\"http:\/\/www.freimarianne.ch\/wp-content\/gallery\/klosters-1-11-2015\/IMG_5451.jpg\"\n               data-thumbnail=\"http:\/\/www.freimarianne.ch\/wp-content\/gallery\/klosters-1-11-2015\/thumbs\/thumbs_IMG_5451.jpg\"\n               data-image-id=\"12028\"\n               data-title=\"IMG_5451\"\n               data-description=\"\"\n               data-image-slug=\"img_5451\"\n               class=\"shutterset_14584\">\n                <img\n                    title=\"IMG_5451\"\n                    alt=\"IMG_5451\"\n                    src=\"http:\/\/www.freimarianne.ch\/wp-content\/gallery\/klosters-1-11-2015\/thumbs\/thumbs_IMG_5451.jpg\"\n                    width=\"100\"\n                    height=\"75\"\n                    style=\"max-width:100%;\"\n                \/>\n            <\/a>\n        <\/div>\n\t\t\t\t\t\t\t<\/div> \n\t\t\t\n        \n\t\t\t\t<div id=\"ngg-image-10\" class=\"ngg-gallery-thumbnail-box\" >\n\t\t\t\t        <div class=\"ngg-gallery-thumbnail\">\n            <a href=\"http:\/\/www.freimarianne.ch\/wp-content\/gallery\/klosters-1-11-2015\/IMG_5458.jpg\"\n               title=\"\"\n               data-src=\"http:\/\/www.freimarianne.ch\/wp-content\/gallery\/klosters-1-11-2015\/IMG_5458.jpg\"\n               data-thumbnail=\"http:\/\/www.freimarianne.ch\/wp-content\/gallery\/klosters-1-11-2015\/thumbs\/thumbs_IMG_5458.jpg\"\n               data-image-id=\"12029\"\n               data-title=\"IMG_5458\"\n               data-description=\"\"\n               data-image-slug=\"img_5458\"\n               class=\"shutterset_14584\">\n                <img\n                    title=\"IMG_5458\"\n                    alt=\"IMG_5458\"\n                    src=\"http:\/\/www.freimarianne.ch\/wp-content\/gallery\/klosters-1-11-2015\/thumbs\/thumbs_IMG_5458.jpg\"\n                    width=\"100\"\n                    height=\"75\"\n                    style=\"max-width:100%;\"\n                \/>\n            <\/a>\n        <\/div>\n\t\t\t\t\t\t\t<\/div> \n\t\t\t\n        \n\t\t\t\t<div id=\"ngg-image-11\" class=\"ngg-gallery-thumbnail-box\" >\n\t\t\t\t        <div class=\"ngg-gallery-thumbnail\">\n            <a href=\"http:\/\/www.freimarianne.ch\/wp-content\/gallery\/klosters-1-11-2015\/IMG_5462.jpg\"\n               title=\"\"\n               data-src=\"http:\/\/www.freimarianne.ch\/wp-content\/gallery\/klosters-1-11-2015\/IMG_5462.jpg\"\n               data-thumbnail=\"http:\/\/www.freimarianne.ch\/wp-content\/gallery\/klosters-1-11-2015\/thumbs\/thumbs_IMG_5462.jpg\"\n               data-image-id=\"12030\"\n               data-title=\"IMG_5462\"\n               data-description=\"\"\n               data-image-slug=\"img_5462\"\n               class=\"shutterset_14584\">\n                <img\n                    title=\"IMG_5462\"\n                    alt=\"IMG_5462\"\n                    src=\"http:\/\/www.freimarianne.ch\/wp-content\/gallery\/klosters-1-11-2015\/thumbs\/thumbs_IMG_5462.jpg\"\n                    width=\"100\"\n                    height=\"75\"\n                    style=\"max-width:100%;\"\n                \/>\n            <\/a>\n        <\/div>\n\t\t\t\t\t\t\t<\/div> \n\t\t\t\n        \n\t\t\t\t<div id=\"ngg-image-12\" class=\"ngg-gallery-thumbnail-box\" >\n\t\t\t\t        <div class=\"ngg-gallery-thumbnail\">\n            <a href=\"http:\/\/www.freimarianne.ch\/wp-content\/gallery\/klosters-1-11-2015\/IMG_5464.jpg\"\n               title=\"\"\n               data-src=\"http:\/\/www.freimarianne.ch\/wp-content\/gallery\/klosters-1-11-2015\/IMG_5464.jpg\"\n               data-thumbnail=\"http:\/\/www.freimarianne.ch\/wp-content\/gallery\/klosters-1-11-2015\/thumbs\/thumbs_IMG_5464.jpg\"\n               data-image-id=\"12031\"\n               data-title=\"IMG_5464\"\n               data-description=\"\"\n               data-image-slug=\"img_5464-1\"\n               class=\"shutterset_14584\">\n                <img\n                    title=\"IMG_5464\"\n                    alt=\"IMG_5464\"\n                    src=\"http:\/\/www.freimarianne.ch\/wp-content\/gallery\/klosters-1-11-2015\/thumbs\/thumbs_IMG_5464.jpg\"\n                    width=\"100\"\n                    height=\"75\"\n                    style=\"max-width:100%;\"\n                \/>\n            <\/a>\n        <\/div>\n\t\t\t\t\t\t\t<\/div> \n\t\t\t\n        \n\t\t\t\t<div id=\"ngg-image-13\" class=\"ngg-gallery-thumbnail-box\" >\n\t\t\t\t        <div class=\"ngg-gallery-thumbnail\">\n            <a href=\"http:\/\/www.freimarianne.ch\/wp-content\/gallery\/klosters-1-11-2015\/IMG_5465.jpg\"\n               title=\"\"\n               data-src=\"http:\/\/www.freimarianne.ch\/wp-content\/gallery\/klosters-1-11-2015\/IMG_5465.jpg\"\n               data-thumbnail=\"http:\/\/www.freimarianne.ch\/wp-content\/gallery\/klosters-1-11-2015\/thumbs\/thumbs_IMG_5465.jpg\"\n               data-image-id=\"12032\"\n               data-title=\"IMG_5465\"\n               data-description=\"\"\n               data-image-slug=\"img_5465\"\n               class=\"shutterset_14584\">\n                <img\n                    title=\"IMG_5465\"\n                    alt=\"IMG_5465\"\n                    src=\"http:\/\/www.freimarianne.ch\/wp-content\/gallery\/klosters-1-11-2015\/thumbs\/thumbs_IMG_5465.jpg\"\n                    width=\"100\"\n                    height=\"75\"\n                    style=\"max-width:100%;\"\n                \/>\n            <\/a>\n        <\/div>\n\t\t\t\t\t\t\t<\/div> \n\t\t\t\n        \n\t\t\t\t<div id=\"ngg-image-14\" class=\"ngg-gallery-thumbnail-box\" >\n\t\t\t\t        <div class=\"ngg-gallery-thumbnail\">\n            <a href=\"http:\/\/www.freimarianne.ch\/wp-content\/gallery\/klosters-1-11-2015\/IMG_5469.jpg\"\n               title=\"\"\n               data-src=\"http:\/\/www.freimarianne.ch\/wp-content\/gallery\/klosters-1-11-2015\/IMG_5469.jpg\"\n               data-thumbnail=\"http:\/\/www.freimarianne.ch\/wp-content\/gallery\/klosters-1-11-2015\/thumbs\/thumbs_IMG_5469.jpg\"\n               data-image-id=\"12033\"\n               data-title=\"IMG_5469\"\n               data-description=\"\"\n               data-image-slug=\"img_5469-1\"\n               class=\"shutterset_14584\">\n                <img\n                    title=\"IMG_5469\"\n                    alt=\"IMG_5469\"\n                    src=\"http:\/\/www.freimarianne.ch\/wp-content\/gallery\/klosters-1-11-2015\/thumbs\/thumbs_IMG_5469.jpg\"\n                    width=\"100\"\n                    height=\"75\"\n                    style=\"max-width:100%;\"\n                \/>\n            <\/a>\n        <\/div>\n\t\t\t\t\t\t\t<\/div> \n\t\t\t\n        \n\t\t\t\t<div id=\"ngg-image-15\" class=\"ngg-gallery-thumbnail-box\" >\n\t\t\t\t        <div class=\"ngg-gallery-thumbnail\">\n            <a href=\"http:\/\/www.freimarianne.ch\/wp-content\/gallery\/klosters-1-11-2015\/IMG_5473.jpg\"\n               title=\"\"\n               data-src=\"http:\/\/www.freimarianne.ch\/wp-content\/gallery\/klosters-1-11-2015\/IMG_5473.jpg\"\n               data-thumbnail=\"http:\/\/www.freimarianne.ch\/wp-content\/gallery\/klosters-1-11-2015\/thumbs\/thumbs_IMG_5473.jpg\"\n               data-image-id=\"12034\"\n               data-title=\"IMG_5473\"\n               data-description=\"\"\n               data-image-slug=\"img_5473\"\n               class=\"shutterset_14584\">\n                <img\n                    title=\"IMG_5473\"\n                    alt=\"IMG_5473\"\n                    src=\"http:\/\/www.freimarianne.ch\/wp-content\/gallery\/klosters-1-11-2015\/thumbs\/thumbs_IMG_5473.jpg\"\n                    width=\"100\"\n                    height=\"75\"\n                    style=\"max-width:100%;\"\n                \/>\n            <\/a>\n        <\/div>\n\t\t\t\t\t\t\t<\/div> \n\t\t\t\n        \n\t\t\t\t<div id=\"ngg-image-16\" class=\"ngg-gallery-thumbnail-box\" >\n\t\t\t\t        <div class=\"ngg-gallery-thumbnail\">\n            <a href=\"http:\/\/www.freimarianne.ch\/wp-content\/gallery\/klosters-1-11-2015\/IMG_5474.jpg\"\n               title=\"\"\n               data-src=\"http:\/\/www.freimarianne.ch\/wp-content\/gallery\/klosters-1-11-2015\/IMG_5474.jpg\"\n               data-thumbnail=\"http:\/\/www.freimarianne.ch\/wp-content\/gallery\/klosters-1-11-2015\/thumbs\/thumbs_IMG_5474.jpg\"\n               data-image-id=\"12035\"\n               data-title=\"IMG_5474\"\n               data-description=\"\"\n               data-image-slug=\"img_5474\"\n               class=\"shutterset_14584\">\n                <img\n                    title=\"IMG_5474\"\n                    alt=\"IMG_5474\"\n                    src=\"http:\/\/www.freimarianne.ch\/wp-content\/gallery\/klosters-1-11-2015\/thumbs\/thumbs_IMG_5474.jpg\"\n                    width=\"100\"\n                    height=\"75\"\n                    style=\"max-width:100%;\"\n                \/>\n            <\/a>\n        <\/div>\n\t\t\t\t\t\t\t<\/div> \n\t\t\t\n        \n\t\t\t\t<div id=\"ngg-image-17\" class=\"ngg-gallery-thumbnail-box\" >\n\t\t\t\t        <div class=\"ngg-gallery-thumbnail\">\n            <a href=\"http:\/\/www.freimarianne.ch\/wp-content\/gallery\/klosters-1-11-2015\/IMG_5477.jpg\"\n               title=\"\"\n               data-src=\"http:\/\/www.freimarianne.ch\/wp-content\/gallery\/klosters-1-11-2015\/IMG_5477.jpg\"\n               data-thumbnail=\"http:\/\/www.freimarianne.ch\/wp-content\/gallery\/klosters-1-11-2015\/thumbs\/thumbs_IMG_5477.jpg\"\n               data-image-id=\"12036\"\n               data-title=\"IMG_5477\"\n               data-description=\"\"\n               data-image-slug=\"img_5477\"\n               class=\"shutterset_14584\">\n                <img\n                    title=\"IMG_5477\"\n                    alt=\"IMG_5477\"\n                    src=\"http:\/\/www.freimarianne.ch\/wp-content\/gallery\/klosters-1-11-2015\/thumbs\/thumbs_IMG_5477.jpg\"\n                    width=\"100\"\n                    height=\"75\"\n                    style=\"max-width:100%;\"\n                \/>\n            <\/a>\n        <\/div>\n\t\t\t\t\t\t\t<\/div> \n\t\t\t\n        \n\t\t\t\t<div id=\"ngg-image-18\" class=\"ngg-gallery-thumbnail-box\" >\n\t\t\t\t        <div class=\"ngg-gallery-thumbnail\">\n            <a href=\"http:\/\/www.freimarianne.ch\/wp-content\/gallery\/klosters-1-11-2015\/IMG_5481.jpg\"\n               title=\"\"\n               data-src=\"http:\/\/www.freimarianne.ch\/wp-content\/gallery\/klosters-1-11-2015\/IMG_5481.jpg\"\n               data-thumbnail=\"http:\/\/www.freimarianne.ch\/wp-content\/gallery\/klosters-1-11-2015\/thumbs\/thumbs_IMG_5481.jpg\"\n               data-image-id=\"12037\"\n               data-title=\"IMG_5481\"\n               data-description=\"\"\n               data-image-slug=\"img_5481\"\n               class=\"shutterset_14584\">\n                <img\n                    title=\"IMG_5481\"\n                    alt=\"IMG_5481\"\n                    src=\"http:\/\/www.freimarianne.ch\/wp-content\/gallery\/klosters-1-11-2015\/thumbs\/thumbs_IMG_5481.jpg\"\n                    width=\"100\"\n                    height=\"75\"\n                    style=\"max-width:100%;\"\n                \/>\n            <\/a>\n        <\/div>\n\t\t\t\t\t\t\t<\/div> \n\t\t\t\n        \n\t\t\n\t\t<!-- Pagination -->\n\t<div class='ngg-clear'><\/div>\t<\/div>\n<\/p>\n","protected":false},"excerpt":{"rendered":"<p>Wanderung\u00a0 der Landquart entlang Ankunft in Klosters Platz um 10.30 h Ausgangspunkt ist Sportplatz nahe beim Bahnhof. Wanderung auf orographisch linker Talseite dem Fluss Landquart entlang. Dann auf anderer Seite unter dem hohen Steinwall nahe dem Flussufer. Dann wieder hin\u00fcber \u00fcber H\u00e4ngebr\u00fccke auf die linke Seite. Dort nehme ich bei den n\u00e4chsten Abzweigung den rechten [&hellip;]<\/p>\n","protected":false},"author":1,"featured_media":0,"parent":13232,"menu_order":22,"comment_status":"closed","ping_status":"closed","template":"","meta":{"ngg_post_thumbnail":0},"_links":{"self":[{"href":"http:\/\/www.freimarianne.ch\/index.php?rest_route=\/wp\/v2\/pages\/14051"}],"collection":[{"href":"http:\/\/www.freimarianne.ch\/index.php?rest_route=\/wp\/v2\/pages"}],"about":[{"href":"http:\/\/www.freimarianne.ch\/index.php?rest_route=\/wp\/v2\/types\/page"}],"author":[{"embeddable":true,"href":"http:\/\/www.freimarianne.ch\/index.php?rest_route=\/wp\/v2\/users\/1"}],"replies":[{"embeddable":true,"href":"http:\/\/www.freimarianne.ch\/index.php?rest_route=%2Fwp%2Fv2%2Fcomments&post=14051"}],"version-history":[{"count":5,"href":"http:\/\/www.freimarianne.ch\/index.php?rest_route=\/wp\/v2\/pages\/14051\/revisions"}],"predecessor-version":[{"id":14585,"href":"http:\/\/www.freimarianne.ch\/index.php?rest_route=\/wp\/v2\/pages\/14051\/revisions\/14585"}],"up":[{"embeddable":true,"href":"http:\/\/www.freimarianne.ch\/index.php?rest_route=\/wp\/v2\/pages\/13232"}],"wp:attachment":[{"href":"http:\/\/www.freimarianne.ch\/index.php?rest_route=%2Fwp%2Fv2%2Fmedia&parent=14051"}],"curies":[{"name":"wp","href":"https:\/\/api.w.org\/{rel}","templated":true}]}}