{"id":14057,"date":"2015-11-09T09:00:47","date_gmt":"2015-11-09T08:00:47","guid":{"rendered":"http:\/\/www.freimarianne.ch\/?page_id=14057"},"modified":"2015-11-26T10:26:13","modified_gmt":"2015-11-26T09:26:13","slug":"lotschentaler-hohenweg-vs-7-11-2015","status":"publish","type":"page","link":"http:\/\/www.freimarianne.ch\/?page_id=14057","title":{"rendered":"L\u00f6tschentaler H\u00f6henweg  VS  7.11.2015"},"content":{"rendered":"<p><strong>Bergwanderung von Blatten zum Schwarzsee und hin\u00fcber zur Hockenalp und hinunter nach Kippel<\/strong><\/p>\n<p><img loading=\"lazy\" class=\"alignleft size-full wp-image-14068\" src=\"http:\/\/www.freimarianne.ch\/wp-content\/uploads\/2015\/11\/IMG_5730_lo\u0308tschen_7.11.jpg\" alt=\"IMG_5730_lo\u0308tschen_7.11\" width=\"500\" height=\"333\" srcset=\"http:\/\/www.freimarianne.ch\/wp-content\/uploads\/2015\/11\/IMG_5730_lo\u0308tschen_7.11.jpg 500w, http:\/\/www.freimarianne.ch\/wp-content\/uploads\/2015\/11\/IMG_5730_lo\u0308tschen_7.11-300x200.jpg 300w, http:\/\/www.freimarianne.ch\/wp-content\/uploads\/2015\/11\/IMG_5730_lo\u0308tschen_7.11-450x300.jpg 450w\" sizes=\"(max-width: 500px) 100vw, 500px\" \/><br \/>\nWir machen uns ca. um 11.00 in Blatten auf den Weg hinauf zum Schwarzsee, wobei wir recht ins Schwitzen kommen. Am Schwarzsee herrscht eine wunderbare Herbststimmung, die wir bei einem Stundenhalt geniessen. Dann folgen wir\u00a0 dem Weg in Richtung Laucherenalp, der uns auch\u00a0 zwischendurch\u00a0 etliche H\u00f6henmeter beschert.<br \/>\nWir erleben einen pr\u00e4chtigen Herbsttag und\u00a0 die Landschaft\u00a0 rund herum ist einfach wundersch\u00f6n. Die L\u00e4rchen sind zwar nicht mehr gelb sondern rostrot und ihre Nadeln bedecken auch schon den Waldboden. Nach dem Weriztstafel 2099m geht es\u00a0 im offenen Gel\u00e4nde weiter in den steilen Abh\u00e4ngen. Wir wandern von der Lauchernalp hin\u00fcber zur Hockenalp, wo wir nochmals eine Pause einlegen, um den warmen Sonnenschein zu geniessen.<br \/>\nDann steigen wir auf einem sch\u00f6nen Wanderpfad hinunter nach Kippel, wo wir\u00a0 ganz knapp das Postauto nach Goppenstein erreichen.<br \/>\nDies war ein wundersch\u00f6ner Wandertag.<br \/>\nLaut Swissmap:<br \/>\nDistanz: 12km; Aufstieg: 793m; Abstieg: 921m; Marschzeit 4 h 52 h<\/p>\n<p><!-- index.php -->\n<div\n\tclass=\"ngg-galleryoverview ngg-ajax-pagination-none\"\n\tid=\"ngg-gallery-14595-1\">\n\n    \t<div class=\"slideshowlink\">\n        <a href='http:\/\/www.freimarianne.ch\/index.php\/nggallery\/slideshow?page_id=14057'>[Show as slideshow]<\/a>\n\t\t\n\t<\/div>\n\t\t\t<!-- Thumbnails -->\n\t\t\t\t<div id=\"ngg-image-0\" class=\"ngg-gallery-thumbnail-box\" >\n\t\t\t\t        <div class=\"ngg-gallery-thumbnail\">\n            <a href=\"http:\/\/www.freimarianne.ch\/wp-content\/gallery\/lotschentaler-hohenweg-7-11-2015\/IMG_5707.jpg\"\n               title=\"\"\n               data-src=\"http:\/\/www.freimarianne.ch\/wp-content\/gallery\/lotschentaler-hohenweg-7-11-2015\/IMG_5707.jpg\"\n               data-thumbnail=\"http:\/\/www.freimarianne.ch\/wp-content\/gallery\/lotschentaler-hohenweg-7-11-2015\/thumbs\/thumbs_IMG_5707.jpg\"\n               data-image-id=\"12089\"\n               data-title=\"IMG_5707\"\n               data-description=\"\"\n               data-image-slug=\"img_5707-1\"\n               class=\"shutterset_14595\">\n                <img\n                    title=\"IMG_5707\"\n                    alt=\"IMG_5707\"\n                    src=\"http:\/\/www.freimarianne.ch\/wp-content\/gallery\/lotschentaler-hohenweg-7-11-2015\/thumbs\/thumbs_IMG_5707.jpg\"\n                    width=\"100\"\n                    height=\"75\"\n                    style=\"max-width:100%;\"\n                \/>\n            <\/a>\n        <\/div>\n\t\t\t\t\t\t\t<\/div> \n\t\t\t\n        \n\t\t\t\t<div id=\"ngg-image-1\" class=\"ngg-gallery-thumbnail-box\" >\n\t\t\t\t        <div class=\"ngg-gallery-thumbnail\">\n            <a href=\"http:\/\/www.freimarianne.ch\/wp-content\/gallery\/lotschentaler-hohenweg-7-11-2015\/IMG_5711.jpg\"\n               title=\"\"\n               data-src=\"http:\/\/www.freimarianne.ch\/wp-content\/gallery\/lotschentaler-hohenweg-7-11-2015\/IMG_5711.jpg\"\n               data-thumbnail=\"http:\/\/www.freimarianne.ch\/wp-content\/gallery\/lotschentaler-hohenweg-7-11-2015\/thumbs\/thumbs_IMG_5711.jpg\"\n               data-image-id=\"12090\"\n               data-title=\"IMG_5711\"\n               data-description=\"\"\n               data-image-slug=\"img_5711-1\"\n               class=\"shutterset_14595\">\n                <img\n                    title=\"IMG_5711\"\n                    alt=\"IMG_5711\"\n                    src=\"http:\/\/www.freimarianne.ch\/wp-content\/gallery\/lotschentaler-hohenweg-7-11-2015\/thumbs\/thumbs_IMG_5711.jpg\"\n                    width=\"100\"\n                    height=\"75\"\n                    style=\"max-width:100%;\"\n                \/>\n            <\/a>\n        <\/div>\n\t\t\t\t\t\t\t<\/div> \n\t\t\t\n        \n\t\t\t\t<div id=\"ngg-image-2\" class=\"ngg-gallery-thumbnail-box\" >\n\t\t\t\t        <div class=\"ngg-gallery-thumbnail\">\n            <a href=\"http:\/\/www.freimarianne.ch\/wp-content\/gallery\/lotschentaler-hohenweg-7-11-2015\/IMG_5713.jpg\"\n               title=\"\"\n               data-src=\"http:\/\/www.freimarianne.ch\/wp-content\/gallery\/lotschentaler-hohenweg-7-11-2015\/IMG_5713.jpg\"\n               data-thumbnail=\"http:\/\/www.freimarianne.ch\/wp-content\/gallery\/lotschentaler-hohenweg-7-11-2015\/thumbs\/thumbs_IMG_5713.jpg\"\n               data-image-id=\"12091\"\n               data-title=\"IMG_5713\"\n               data-description=\"\"\n               data-image-slug=\"img_5713\"\n               class=\"shutterset_14595\">\n                <img\n                    title=\"IMG_5713\"\n                    alt=\"IMG_5713\"\n                    src=\"http:\/\/www.freimarianne.ch\/wp-content\/gallery\/lotschentaler-hohenweg-7-11-2015\/thumbs\/thumbs_IMG_5713.jpg\"\n                    width=\"100\"\n                    height=\"75\"\n                    style=\"max-width:100%;\"\n                \/>\n            <\/a>\n        <\/div>\n\t\t\t\t\t\t\t<\/div> \n\t\t\t\n        \n\t\t\t\t<div id=\"ngg-image-3\" class=\"ngg-gallery-thumbnail-box\" >\n\t\t\t\t        <div class=\"ngg-gallery-thumbnail\">\n            <a href=\"http:\/\/www.freimarianne.ch\/wp-content\/gallery\/lotschentaler-hohenweg-7-11-2015\/IMG_5715.jpg\"\n               title=\"\"\n               data-src=\"http:\/\/www.freimarianne.ch\/wp-content\/gallery\/lotschentaler-hohenweg-7-11-2015\/IMG_5715.jpg\"\n               data-thumbnail=\"http:\/\/www.freimarianne.ch\/wp-content\/gallery\/lotschentaler-hohenweg-7-11-2015\/thumbs\/thumbs_IMG_5715.jpg\"\n               data-image-id=\"12092\"\n               data-title=\"IMG_5715\"\n               data-description=\"\"\n               data-image-slug=\"img_5715-1\"\n               class=\"shutterset_14595\">\n                <img\n                    title=\"IMG_5715\"\n                    alt=\"IMG_5715\"\n                    src=\"http:\/\/www.freimarianne.ch\/wp-content\/gallery\/lotschentaler-hohenweg-7-11-2015\/thumbs\/thumbs_IMG_5715.jpg\"\n                    width=\"100\"\n                    height=\"75\"\n                    style=\"max-width:100%;\"\n                \/>\n            <\/a>\n        <\/div>\n\t\t\t\t\t\t\t<\/div> \n\t\t\t\n        \n\t\t\t\t<div id=\"ngg-image-4\" class=\"ngg-gallery-thumbnail-box\" >\n\t\t\t\t        <div class=\"ngg-gallery-thumbnail\">\n            <a href=\"http:\/\/www.freimarianne.ch\/wp-content\/gallery\/lotschentaler-hohenweg-7-11-2015\/IMG_5722.jpg\"\n               title=\"\"\n               data-src=\"http:\/\/www.freimarianne.ch\/wp-content\/gallery\/lotschentaler-hohenweg-7-11-2015\/IMG_5722.jpg\"\n               data-thumbnail=\"http:\/\/www.freimarianne.ch\/wp-content\/gallery\/lotschentaler-hohenweg-7-11-2015\/thumbs\/thumbs_IMG_5722.jpg\"\n               data-image-id=\"12093\"\n               data-title=\"IMG_5722\"\n               data-description=\"\"\n               data-image-slug=\"img_5722\"\n               class=\"shutterset_14595\">\n                <img\n                    title=\"IMG_5722\"\n                    alt=\"IMG_5722\"\n                    src=\"http:\/\/www.freimarianne.ch\/wp-content\/gallery\/lotschentaler-hohenweg-7-11-2015\/thumbs\/thumbs_IMG_5722.jpg\"\n                    width=\"100\"\n                    height=\"75\"\n                    style=\"max-width:100%;\"\n                \/>\n            <\/a>\n        <\/div>\n\t\t\t\t\t\t\t<\/div> \n\t\t\t\n        \n\t\t\t\t<div id=\"ngg-image-5\" class=\"ngg-gallery-thumbnail-box\" >\n\t\t\t\t        <div class=\"ngg-gallery-thumbnail\">\n            <a href=\"http:\/\/www.freimarianne.ch\/wp-content\/gallery\/lotschentaler-hohenweg-7-11-2015\/IMG_5723.jpg\"\n               title=\"\"\n               data-src=\"http:\/\/www.freimarianne.ch\/wp-content\/gallery\/lotschentaler-hohenweg-7-11-2015\/IMG_5723.jpg\"\n               data-thumbnail=\"http:\/\/www.freimarianne.ch\/wp-content\/gallery\/lotschentaler-hohenweg-7-11-2015\/thumbs\/thumbs_IMG_5723.jpg\"\n               data-image-id=\"12094\"\n               data-title=\"IMG_5723\"\n               data-description=\"\"\n               data-image-slug=\"img_5723-3\"\n               class=\"shutterset_14595\">\n                <img\n                    title=\"IMG_5723\"\n                    alt=\"IMG_5723\"\n                    src=\"http:\/\/www.freimarianne.ch\/wp-content\/gallery\/lotschentaler-hohenweg-7-11-2015\/thumbs\/thumbs_IMG_5723.jpg\"\n                    width=\"100\"\n                    height=\"75\"\n                    style=\"max-width:100%;\"\n                \/>\n            <\/a>\n        <\/div>\n\t\t\t\t\t\t\t<\/div> \n\t\t\t\n        \n\t\t\t\t<div id=\"ngg-image-6\" class=\"ngg-gallery-thumbnail-box\" >\n\t\t\t\t        <div class=\"ngg-gallery-thumbnail\">\n            <a href=\"http:\/\/www.freimarianne.ch\/wp-content\/gallery\/lotschentaler-hohenweg-7-11-2015\/IMG_5725.jpg\"\n               title=\"\"\n               data-src=\"http:\/\/www.freimarianne.ch\/wp-content\/gallery\/lotschentaler-hohenweg-7-11-2015\/IMG_5725.jpg\"\n               data-thumbnail=\"http:\/\/www.freimarianne.ch\/wp-content\/gallery\/lotschentaler-hohenweg-7-11-2015\/thumbs\/thumbs_IMG_5725.jpg\"\n               data-image-id=\"12095\"\n               data-title=\"IMG_5725\"\n               data-description=\"\"\n               data-image-slug=\"img_5725-1\"\n               class=\"shutterset_14595\">\n                <img\n                    title=\"IMG_5725\"\n                    alt=\"IMG_5725\"\n                    src=\"http:\/\/www.freimarianne.ch\/wp-content\/gallery\/lotschentaler-hohenweg-7-11-2015\/thumbs\/thumbs_IMG_5725.jpg\"\n                    width=\"100\"\n                    height=\"75\"\n                    style=\"max-width:100%;\"\n                \/>\n            <\/a>\n        <\/div>\n\t\t\t\t\t\t\t<\/div> \n\t\t\t\n        \n\t\t\t\t<div id=\"ngg-image-7\" class=\"ngg-gallery-thumbnail-box\" >\n\t\t\t\t        <div class=\"ngg-gallery-thumbnail\">\n            <a href=\"http:\/\/www.freimarianne.ch\/wp-content\/gallery\/lotschentaler-hohenweg-7-11-2015\/IMG_5735.jpg\"\n               title=\"\"\n               data-src=\"http:\/\/www.freimarianne.ch\/wp-content\/gallery\/lotschentaler-hohenweg-7-11-2015\/IMG_5735.jpg\"\n               data-thumbnail=\"http:\/\/www.freimarianne.ch\/wp-content\/gallery\/lotschentaler-hohenweg-7-11-2015\/thumbs\/thumbs_IMG_5735.jpg\"\n               data-image-id=\"12096\"\n               data-title=\"IMG_5735\"\n               data-description=\"\"\n               data-image-slug=\"img_5735-3\"\n               class=\"shutterset_14595\">\n                <img\n                    title=\"IMG_5735\"\n                    alt=\"IMG_5735\"\n                    src=\"http:\/\/www.freimarianne.ch\/wp-content\/gallery\/lotschentaler-hohenweg-7-11-2015\/thumbs\/thumbs_IMG_5735.jpg\"\n                    width=\"100\"\n                    height=\"75\"\n                    style=\"max-width:100%;\"\n                \/>\n            <\/a>\n        <\/div>\n\t\t\t\t\t\t\t<\/div> \n\t\t\t\n        \n\t\t\t\t<div id=\"ngg-image-8\" class=\"ngg-gallery-thumbnail-box\" >\n\t\t\t\t        <div class=\"ngg-gallery-thumbnail\">\n            <a href=\"http:\/\/www.freimarianne.ch\/wp-content\/gallery\/lotschentaler-hohenweg-7-11-2015\/IMG_5738.jpg\"\n               title=\"\"\n               data-src=\"http:\/\/www.freimarianne.ch\/wp-content\/gallery\/lotschentaler-hohenweg-7-11-2015\/IMG_5738.jpg\"\n               data-thumbnail=\"http:\/\/www.freimarianne.ch\/wp-content\/gallery\/lotschentaler-hohenweg-7-11-2015\/thumbs\/thumbs_IMG_5738.jpg\"\n               data-image-id=\"12097\"\n               data-title=\"IMG_5738\"\n               data-description=\"\"\n               data-image-slug=\"img_5738-3\"\n               class=\"shutterset_14595\">\n                <img\n                    title=\"IMG_5738\"\n                    alt=\"IMG_5738\"\n                    src=\"http:\/\/www.freimarianne.ch\/wp-content\/gallery\/lotschentaler-hohenweg-7-11-2015\/thumbs\/thumbs_IMG_5738.jpg\"\n                    width=\"100\"\n                    height=\"75\"\n                    style=\"max-width:100%;\"\n                \/>\n            <\/a>\n        <\/div>\n\t\t\t\t\t\t\t<\/div> \n\t\t\t\n        \n\t\t\t\t<div id=\"ngg-image-9\" class=\"ngg-gallery-thumbnail-box\" >\n\t\t\t\t        <div class=\"ngg-gallery-thumbnail\">\n            <a href=\"http:\/\/www.freimarianne.ch\/wp-content\/gallery\/lotschentaler-hohenweg-7-11-2015\/IMG_5741.jpg\"\n               title=\"\"\n               data-src=\"http:\/\/www.freimarianne.ch\/wp-content\/gallery\/lotschentaler-hohenweg-7-11-2015\/IMG_5741.jpg\"\n               data-thumbnail=\"http:\/\/www.freimarianne.ch\/wp-content\/gallery\/lotschentaler-hohenweg-7-11-2015\/thumbs\/thumbs_IMG_5741.jpg\"\n               data-image-id=\"12098\"\n               data-title=\"IMG_5741\"\n               data-description=\"\"\n               data-image-slug=\"img_5741-1\"\n               class=\"shutterset_14595\">\n                <img\n                    title=\"IMG_5741\"\n                    alt=\"IMG_5741\"\n                    src=\"http:\/\/www.freimarianne.ch\/wp-content\/gallery\/lotschentaler-hohenweg-7-11-2015\/thumbs\/thumbs_IMG_5741.jpg\"\n                    width=\"100\"\n                    height=\"75\"\n                    style=\"max-width:100%;\"\n                \/>\n            <\/a>\n        <\/div>\n\t\t\t\t\t\t\t<\/div> \n\t\t\t\n        \n\t\t\t\t<div id=\"ngg-image-10\" class=\"ngg-gallery-thumbnail-box\" >\n\t\t\t\t        <div class=\"ngg-gallery-thumbnail\">\n            <a href=\"http:\/\/www.freimarianne.ch\/wp-content\/gallery\/lotschentaler-hohenweg-7-11-2015\/IMG_5743.jpg\"\n               title=\"\"\n               data-src=\"http:\/\/www.freimarianne.ch\/wp-content\/gallery\/lotschentaler-hohenweg-7-11-2015\/IMG_5743.jpg\"\n               data-thumbnail=\"http:\/\/www.freimarianne.ch\/wp-content\/gallery\/lotschentaler-hohenweg-7-11-2015\/thumbs\/thumbs_IMG_5743.jpg\"\n               data-image-id=\"12099\"\n               data-title=\"IMG_5743\"\n               data-description=\"\"\n               data-image-slug=\"img_5743\"\n               class=\"shutterset_14595\">\n                <img\n                    title=\"IMG_5743\"\n                    alt=\"IMG_5743\"\n                    src=\"http:\/\/www.freimarianne.ch\/wp-content\/gallery\/lotschentaler-hohenweg-7-11-2015\/thumbs\/thumbs_IMG_5743.jpg\"\n                    width=\"100\"\n                    height=\"75\"\n                    style=\"max-width:100%;\"\n                \/>\n            <\/a>\n        <\/div>\n\t\t\t\t\t\t\t<\/div> \n\t\t\t\n        \n\t\t\t\t<div id=\"ngg-image-11\" class=\"ngg-gallery-thumbnail-box\" >\n\t\t\t\t        <div class=\"ngg-gallery-thumbnail\">\n            <a href=\"http:\/\/www.freimarianne.ch\/wp-content\/gallery\/lotschentaler-hohenweg-7-11-2015\/IMG_5746.jpg\"\n               title=\"\"\n               data-src=\"http:\/\/www.freimarianne.ch\/wp-content\/gallery\/lotschentaler-hohenweg-7-11-2015\/IMG_5746.jpg\"\n               data-thumbnail=\"http:\/\/www.freimarianne.ch\/wp-content\/gallery\/lotschentaler-hohenweg-7-11-2015\/thumbs\/thumbs_IMG_5746.jpg\"\n               data-image-id=\"12100\"\n               data-title=\"IMG_5746\"\n               data-description=\"\"\n               data-image-slug=\"img_5746-1\"\n               class=\"shutterset_14595\">\n                <img\n                    title=\"IMG_5746\"\n                    alt=\"IMG_5746\"\n                    src=\"http:\/\/www.freimarianne.ch\/wp-content\/gallery\/lotschentaler-hohenweg-7-11-2015\/thumbs\/thumbs_IMG_5746.jpg\"\n                    width=\"100\"\n                    height=\"75\"\n                    style=\"max-width:100%;\"\n                \/>\n            <\/a>\n        <\/div>\n\t\t\t\t\t\t\t<\/div> \n\t\t\t\n        \n\t\t\t\t<div id=\"ngg-image-12\" class=\"ngg-gallery-thumbnail-box\" >\n\t\t\t\t        <div class=\"ngg-gallery-thumbnail\">\n            <a href=\"http:\/\/www.freimarianne.ch\/wp-content\/gallery\/lotschentaler-hohenweg-7-11-2015\/IMG_5751.jpg\"\n               title=\"\"\n               data-src=\"http:\/\/www.freimarianne.ch\/wp-content\/gallery\/lotschentaler-hohenweg-7-11-2015\/IMG_5751.jpg\"\n               data-thumbnail=\"http:\/\/www.freimarianne.ch\/wp-content\/gallery\/lotschentaler-hohenweg-7-11-2015\/thumbs\/thumbs_IMG_5751.jpg\"\n               data-image-id=\"12101\"\n               data-title=\"IMG_5751\"\n               data-description=\"\"\n               data-image-slug=\"img_5751-1\"\n               class=\"shutterset_14595\">\n                <img\n                    title=\"IMG_5751\"\n                    alt=\"IMG_5751\"\n                    src=\"http:\/\/www.freimarianne.ch\/wp-content\/gallery\/lotschentaler-hohenweg-7-11-2015\/thumbs\/thumbs_IMG_5751.jpg\"\n                    width=\"100\"\n                    height=\"75\"\n                    style=\"max-width:100%;\"\n                \/>\n            <\/a>\n        <\/div>\n\t\t\t\t\t\t\t<\/div> \n\t\t\t\n        \n\t\t\t\t<div id=\"ngg-image-13\" class=\"ngg-gallery-thumbnail-box\" >\n\t\t\t\t        <div class=\"ngg-gallery-thumbnail\">\n            <a href=\"http:\/\/www.freimarianne.ch\/wp-content\/gallery\/lotschentaler-hohenweg-7-11-2015\/IMG_5754.jpg\"\n               title=\"\"\n               data-src=\"http:\/\/www.freimarianne.ch\/wp-content\/gallery\/lotschentaler-hohenweg-7-11-2015\/IMG_5754.jpg\"\n               data-thumbnail=\"http:\/\/www.freimarianne.ch\/wp-content\/gallery\/lotschentaler-hohenweg-7-11-2015\/thumbs\/thumbs_IMG_5754.jpg\"\n               data-image-id=\"12102\"\n               data-title=\"IMG_5754\"\n               data-description=\"\"\n               data-image-slug=\"img_5754\"\n               class=\"shutterset_14595\">\n                <img\n                    title=\"IMG_5754\"\n                    alt=\"IMG_5754\"\n                    src=\"http:\/\/www.freimarianne.ch\/wp-content\/gallery\/lotschentaler-hohenweg-7-11-2015\/thumbs\/thumbs_IMG_5754.jpg\"\n                    width=\"100\"\n                    height=\"75\"\n                    style=\"max-width:100%;\"\n                \/>\n            <\/a>\n        <\/div>\n\t\t\t\t\t\t\t<\/div> \n\t\t\t\n        \n\t\t\t\t<div id=\"ngg-image-14\" class=\"ngg-gallery-thumbnail-box\" >\n\t\t\t\t        <div class=\"ngg-gallery-thumbnail\">\n            <a href=\"http:\/\/www.freimarianne.ch\/wp-content\/gallery\/lotschentaler-hohenweg-7-11-2015\/IMG_5759.jpg\"\n               title=\"\"\n               data-src=\"http:\/\/www.freimarianne.ch\/wp-content\/gallery\/lotschentaler-hohenweg-7-11-2015\/IMG_5759.jpg\"\n               data-thumbnail=\"http:\/\/www.freimarianne.ch\/wp-content\/gallery\/lotschentaler-hohenweg-7-11-2015\/thumbs\/thumbs_IMG_5759.jpg\"\n               data-image-id=\"12103\"\n               data-title=\"IMG_5759\"\n               data-description=\"\"\n               data-image-slug=\"img_5759\"\n               class=\"shutterset_14595\">\n                <img\n                    title=\"IMG_5759\"\n                    alt=\"IMG_5759\"\n                    src=\"http:\/\/www.freimarianne.ch\/wp-content\/gallery\/lotschentaler-hohenweg-7-11-2015\/thumbs\/thumbs_IMG_5759.jpg\"\n                    width=\"100\"\n                    height=\"75\"\n                    style=\"max-width:100%;\"\n                \/>\n            <\/a>\n        <\/div>\n\t\t\t\t\t\t\t<\/div> \n\t\t\t\n        \n\t\t\t\t<div id=\"ngg-image-15\" class=\"ngg-gallery-thumbnail-box\" >\n\t\t\t\t        <div class=\"ngg-gallery-thumbnail\">\n            <a href=\"http:\/\/www.freimarianne.ch\/wp-content\/gallery\/lotschentaler-hohenweg-7-11-2015\/IMG_5762.jpg\"\n               title=\"\"\n               data-src=\"http:\/\/www.freimarianne.ch\/wp-content\/gallery\/lotschentaler-hohenweg-7-11-2015\/IMG_5762.jpg\"\n               data-thumbnail=\"http:\/\/www.freimarianne.ch\/wp-content\/gallery\/lotschentaler-hohenweg-7-11-2015\/thumbs\/thumbs_IMG_5762.jpg\"\n               data-image-id=\"12104\"\n               data-title=\"IMG_5762\"\n               data-description=\"\"\n               data-image-slug=\"img_5762-1\"\n               class=\"shutterset_14595\">\n                <img\n                    title=\"IMG_5762\"\n                    alt=\"IMG_5762\"\n                    src=\"http:\/\/www.freimarianne.ch\/wp-content\/gallery\/lotschentaler-hohenweg-7-11-2015\/thumbs\/thumbs_IMG_5762.jpg\"\n                    width=\"100\"\n                    height=\"75\"\n                    style=\"max-width:100%;\"\n                \/>\n            <\/a>\n        <\/div>\n\t\t\t\t\t\t\t<\/div> \n\t\t\t\n        \n\t\t\t\t<div id=\"ngg-image-16\" class=\"ngg-gallery-thumbnail-box\" >\n\t\t\t\t        <div class=\"ngg-gallery-thumbnail\">\n            <a href=\"http:\/\/www.freimarianne.ch\/wp-content\/gallery\/lotschentaler-hohenweg-7-11-2015\/IMG_5765.jpg\"\n               title=\"\"\n               data-src=\"http:\/\/www.freimarianne.ch\/wp-content\/gallery\/lotschentaler-hohenweg-7-11-2015\/IMG_5765.jpg\"\n               data-thumbnail=\"http:\/\/www.freimarianne.ch\/wp-content\/gallery\/lotschentaler-hohenweg-7-11-2015\/thumbs\/thumbs_IMG_5765.jpg\"\n               data-image-id=\"12105\"\n               data-title=\"IMG_5765\"\n               data-description=\"\"\n               data-image-slug=\"img_5765\"\n               class=\"shutterset_14595\">\n                <img\n                    title=\"IMG_5765\"\n                    alt=\"IMG_5765\"\n                    src=\"http:\/\/www.freimarianne.ch\/wp-content\/gallery\/lotschentaler-hohenweg-7-11-2015\/thumbs\/thumbs_IMG_5765.jpg\"\n                    width=\"100\"\n                    height=\"75\"\n                    style=\"max-width:100%;\"\n                \/>\n            <\/a>\n        <\/div>\n\t\t\t\t\t\t\t<\/div> \n\t\t\t\n        \n\t\t\t\t<div id=\"ngg-image-17\" class=\"ngg-gallery-thumbnail-box\" >\n\t\t\t\t        <div class=\"ngg-gallery-thumbnail\">\n            <a href=\"http:\/\/www.freimarianne.ch\/wp-content\/gallery\/lotschentaler-hohenweg-7-11-2015\/IMG_5768.jpg\"\n               title=\"\"\n               data-src=\"http:\/\/www.freimarianne.ch\/wp-content\/gallery\/lotschentaler-hohenweg-7-11-2015\/IMG_5768.jpg\"\n               data-thumbnail=\"http:\/\/www.freimarianne.ch\/wp-content\/gallery\/lotschentaler-hohenweg-7-11-2015\/thumbs\/thumbs_IMG_5768.jpg\"\n               data-image-id=\"12106\"\n               data-title=\"IMG_5768\"\n               data-description=\"\"\n               data-image-slug=\"img_5768-1\"\n               class=\"shutterset_14595\">\n                <img\n                    title=\"IMG_5768\"\n                    alt=\"IMG_5768\"\n                    src=\"http:\/\/www.freimarianne.ch\/wp-content\/gallery\/lotschentaler-hohenweg-7-11-2015\/thumbs\/thumbs_IMG_5768.jpg\"\n                    width=\"100\"\n                    height=\"75\"\n                    style=\"max-width:100%;\"\n                \/>\n            <\/a>\n        <\/div>\n\t\t\t\t\t\t\t<\/div> \n\t\t\t\n        \n\t\t\t\t<div id=\"ngg-image-18\" class=\"ngg-gallery-thumbnail-box\" >\n\t\t\t\t        <div class=\"ngg-gallery-thumbnail\">\n            <a href=\"http:\/\/www.freimarianne.ch\/wp-content\/gallery\/lotschentaler-hohenweg-7-11-2015\/IMG_5771.jpg\"\n               title=\"\"\n               data-src=\"http:\/\/www.freimarianne.ch\/wp-content\/gallery\/lotschentaler-hohenweg-7-11-2015\/IMG_5771.jpg\"\n               data-thumbnail=\"http:\/\/www.freimarianne.ch\/wp-content\/gallery\/lotschentaler-hohenweg-7-11-2015\/thumbs\/thumbs_IMG_5771.jpg\"\n               data-image-id=\"12107\"\n               data-title=\"IMG_5771\"\n               data-description=\"\"\n               data-image-slug=\"img_5771\"\n               class=\"shutterset_14595\">\n                <img\n                    title=\"IMG_5771\"\n                    alt=\"IMG_5771\"\n                    src=\"http:\/\/www.freimarianne.ch\/wp-content\/gallery\/lotschentaler-hohenweg-7-11-2015\/thumbs\/thumbs_IMG_5771.jpg\"\n                    width=\"100\"\n                    height=\"75\"\n                    style=\"max-width:100%;\"\n                \/>\n            <\/a>\n        <\/div>\n\t\t\t\t\t\t\t<\/div> \n\t\t\t\n        \n\t\t\n\t\t<!-- Pagination -->\n\t<div class='ngg-clear'><\/div>\t<\/div>\n<\/p>\n","protected":false},"excerpt":{"rendered":"<p>Bergwanderung von Blatten zum Schwarzsee und hin\u00fcber zur Hockenalp und hinunter nach Kippel Wir machen uns ca. um 11.00 in Blatten auf den Weg hinauf zum Schwarzsee, wobei wir recht ins Schwitzen kommen. Am Schwarzsee herrscht eine wunderbare Herbststimmung, die wir bei einem Stundenhalt geniessen. Dann folgen wir\u00a0 dem Weg in Richtung Laucherenalp, der uns [&hellip;]<\/p>\n","protected":false},"author":1,"featured_media":0,"parent":13232,"menu_order":26,"comment_status":"closed","ping_status":"closed","template":"","meta":{"ngg_post_thumbnail":0},"_links":{"self":[{"href":"http:\/\/www.freimarianne.ch\/index.php?rest_route=\/wp\/v2\/pages\/14057"}],"collection":[{"href":"http:\/\/www.freimarianne.ch\/index.php?rest_route=\/wp\/v2\/pages"}],"about":[{"href":"http:\/\/www.freimarianne.ch\/index.php?rest_route=\/wp\/v2\/types\/page"}],"author":[{"embeddable":true,"href":"http:\/\/www.freimarianne.ch\/index.php?rest_route=\/wp\/v2\/users\/1"}],"replies":[{"embeddable":true,"href":"http:\/\/www.freimarianne.ch\/index.php?rest_route=%2Fwp%2Fv2%2Fcomments&post=14057"}],"version-history":[{"count":9,"href":"http:\/\/www.freimarianne.ch\/index.php?rest_route=\/wp\/v2\/pages\/14057\/revisions"}],"predecessor-version":[{"id":14830,"href":"http:\/\/www.freimarianne.ch\/index.php?rest_route=\/wp\/v2\/pages\/14057\/revisions\/14830"}],"up":[{"embeddable":true,"href":"http:\/\/www.freimarianne.ch\/index.php?rest_route=\/wp\/v2\/pages\/13232"}],"wp:attachment":[{"href":"http:\/\/www.freimarianne.ch\/index.php?rest_route=%2Fwp%2Fv2%2Fmedia&parent=14057"}],"curies":[{"name":"wp","href":"https:\/\/api.w.org\/{rel}","templated":true}]}}