{"id":14854,"date":"2015-12-31T11:17:56","date_gmt":"2015-12-31T10:17:56","guid":{"rendered":"http:\/\/www.freimarianne.ch\/?page_id=14854"},"modified":"2016-01-02T09:27:57","modified_gmt":"2016-01-02T08:27:57","slug":"rigi-13-12-2015","status":"publish","type":"page","link":"http:\/\/www.freimarianne.ch\/?page_id=14854","title":{"rendered":"Rigi   13.12.2015"},"content":{"rendered":"<p><strong>Spaziergang auf der Rigi<\/strong><\/p>\n<p><img loading=\"lazy\" class=\"alignleft size-full wp-image-14878\" src=\"http:\/\/www.freimarianne.ch\/wp-content\/uploads\/2015\/12\/IMG_4051_rigi_500.jpg\" alt=\"IMG_4051_rigi_500\" width=\"500\" height=\"375\" srcset=\"http:\/\/www.freimarianne.ch\/wp-content\/uploads\/2015\/12\/IMG_4051_rigi_500.jpg 500w, http:\/\/www.freimarianne.ch\/wp-content\/uploads\/2015\/12\/IMG_4051_rigi_500-300x225.jpg 300w, http:\/\/www.freimarianne.ch\/wp-content\/uploads\/2015\/12\/IMG_4051_rigi_500-400x300.jpg 400w\" sizes=\"(max-width: 500px) 100vw, 500px\" \/><\/p>\n<p>Wir fahren zur Abwechslung wieder einmal auf die Rigi, um dort den prachtvollen Wintertag zu geniessen.<br \/>\nAuf dem Rigi Kulm 1797m weht ein bissiger Wind aber die Sicht ist sehr gut und reicht vom Alpstein hin\u00fcber bis zu den Berner Riesen etc.<br \/>\nWir wandern hinunter nach Rigi Stafel 1603m und finden eine Bank f\u00fcr unseren Picknick mit Blick hin\u00fcber zum Dosen und dem Rotstock.<br \/>\nHier k\u00f6nnen wir die noch etwas w\u00e4rmende Sonne geniessen. Weiter geht es auf einem Pfad hin\u00fcber und hinunter zum Rigi First 1453m, von wo aus wir nach Rigi Kaltbad 1438m gelangen. Da wir noch viel Zeit haben und nicht auf die n\u00e4chste Bahn warten m\u00f6chten, wandern wir ein St\u00fcck auf dem Wanderweg hinunter nach Vitznau. Bei der Haltestelle Freibergen 1082m m\u00fcssen wir dann nicht mehr lange auf die Rigibahn warten, die uns hinunter nach Vitznau bringt, wo auf dem See bereits das Dampfschiff auftaucht. Wir geniessen die Fahrt auf dem blaugrauen ruhigen See und erreichen nach einer Stunde Luzern.<br \/>\nDies war ein sch\u00f6ner , geruhsamer Sonntagsausflug.<br \/>\nLaut Swissmap:<br \/>\nDistanz: 5.24km; Aufstieg: 120 m; Abstieg: 669m; Marschzeit: 1. 39 h<\/p>\n<p><!-- index.php -->\n<div\n\tclass=\"ngg-galleryoverview ngg-ajax-pagination-none\"\n\tid=\"ngg-gallery-15299-1\">\n\n    \t<div class=\"slideshowlink\">\n        <a href='http:\/\/www.freimarianne.ch\/index.php\/nggallery\/slideshow?page_id=14854'>[Show as slideshow]<\/a>\n\t\t\n\t<\/div>\n\t\t\t<!-- Thumbnails -->\n\t\t\t\t<div id=\"ngg-image-0\" class=\"ngg-gallery-thumbnail-box\" >\n\t\t\t\t        <div class=\"ngg-gallery-thumbnail\">\n            <a href=\"http:\/\/www.freimarianne.ch\/wp-content\/gallery\/rigi-13-12-15\/IMG_4032.jpg\"\n               title=\"\"\n               data-src=\"http:\/\/www.freimarianne.ch\/wp-content\/gallery\/rigi-13-12-15\/IMG_4032.jpg\"\n               data-thumbnail=\"http:\/\/www.freimarianne.ch\/wp-content\/gallery\/rigi-13-12-15\/thumbs\/thumbs_IMG_4032.jpg\"\n               data-image-id=\"12270\"\n               data-title=\"IMG_4032\"\n               data-description=\"\"\n               data-image-slug=\"img_4032\"\n               class=\"shutterset_15299\">\n                <img\n                    title=\"IMG_4032\"\n                    alt=\"IMG_4032\"\n                    src=\"http:\/\/www.freimarianne.ch\/wp-content\/gallery\/rigi-13-12-15\/thumbs\/thumbs_IMG_4032.jpg\"\n                    width=\"100\"\n                    height=\"75\"\n                    style=\"max-width:100%;\"\n                \/>\n            <\/a>\n        <\/div>\n\t\t\t\t\t\t\t<\/div> \n\t\t\t\n        \n\t\t\t\t<div id=\"ngg-image-1\" class=\"ngg-gallery-thumbnail-box\" >\n\t\t\t\t        <div class=\"ngg-gallery-thumbnail\">\n            <a href=\"http:\/\/www.freimarianne.ch\/wp-content\/gallery\/rigi-13-12-15\/IMG_4035.jpg\"\n               title=\"\"\n               data-src=\"http:\/\/www.freimarianne.ch\/wp-content\/gallery\/rigi-13-12-15\/IMG_4035.jpg\"\n               data-thumbnail=\"http:\/\/www.freimarianne.ch\/wp-content\/gallery\/rigi-13-12-15\/thumbs\/thumbs_IMG_4035.jpg\"\n               data-image-id=\"12271\"\n               data-title=\"IMG_4035\"\n               data-description=\"\"\n               data-image-slug=\"img_4035-2\"\n               class=\"shutterset_15299\">\n                <img\n                    title=\"IMG_4035\"\n                    alt=\"IMG_4035\"\n                    src=\"http:\/\/www.freimarianne.ch\/wp-content\/gallery\/rigi-13-12-15\/thumbs\/thumbs_IMG_4035.jpg\"\n                    width=\"100\"\n                    height=\"75\"\n                    style=\"max-width:100%;\"\n                \/>\n            <\/a>\n        <\/div>\n\t\t\t\t\t\t\t<\/div> \n\t\t\t\n        \n\t\t\t\t<div id=\"ngg-image-2\" class=\"ngg-gallery-thumbnail-box\" >\n\t\t\t\t        <div class=\"ngg-gallery-thumbnail\">\n            <a href=\"http:\/\/www.freimarianne.ch\/wp-content\/gallery\/rigi-13-12-15\/IMG_4036.jpg\"\n               title=\"\"\n               data-src=\"http:\/\/www.freimarianne.ch\/wp-content\/gallery\/rigi-13-12-15\/IMG_4036.jpg\"\n               data-thumbnail=\"http:\/\/www.freimarianne.ch\/wp-content\/gallery\/rigi-13-12-15\/thumbs\/thumbs_IMG_4036.jpg\"\n               data-image-id=\"12272\"\n               data-title=\"IMG_4036\"\n               data-description=\"\"\n               data-image-slug=\"img_4036-2\"\n               class=\"shutterset_15299\">\n                <img\n                    title=\"IMG_4036\"\n                    alt=\"IMG_4036\"\n                    src=\"http:\/\/www.freimarianne.ch\/wp-content\/gallery\/rigi-13-12-15\/thumbs\/thumbs_IMG_4036.jpg\"\n                    width=\"100\"\n                    height=\"75\"\n                    style=\"max-width:100%;\"\n                \/>\n            <\/a>\n        <\/div>\n\t\t\t\t\t\t\t<\/div> \n\t\t\t\n        \n\t\t\t\t<div id=\"ngg-image-3\" class=\"ngg-gallery-thumbnail-box\" >\n\t\t\t\t        <div class=\"ngg-gallery-thumbnail\">\n            <a href=\"http:\/\/www.freimarianne.ch\/wp-content\/gallery\/rigi-13-12-15\/IMG_4038.jpg\"\n               title=\"\"\n               data-src=\"http:\/\/www.freimarianne.ch\/wp-content\/gallery\/rigi-13-12-15\/IMG_4038.jpg\"\n               data-thumbnail=\"http:\/\/www.freimarianne.ch\/wp-content\/gallery\/rigi-13-12-15\/thumbs\/thumbs_IMG_4038.jpg\"\n               data-image-id=\"12273\"\n               data-title=\"IMG_4038\"\n               data-description=\"\"\n               data-image-slug=\"img_4038-2\"\n               class=\"shutterset_15299\">\n                <img\n                    title=\"IMG_4038\"\n                    alt=\"IMG_4038\"\n                    src=\"http:\/\/www.freimarianne.ch\/wp-content\/gallery\/rigi-13-12-15\/thumbs\/thumbs_IMG_4038.jpg\"\n                    width=\"100\"\n                    height=\"75\"\n                    style=\"max-width:100%;\"\n                \/>\n            <\/a>\n        <\/div>\n\t\t\t\t\t\t\t<\/div> \n\t\t\t\n        \n\t\t\t\t<div id=\"ngg-image-4\" class=\"ngg-gallery-thumbnail-box\" >\n\t\t\t\t        <div class=\"ngg-gallery-thumbnail\">\n            <a href=\"http:\/\/www.freimarianne.ch\/wp-content\/gallery\/rigi-13-12-15\/IMG_4042.jpg\"\n               title=\"\"\n               data-src=\"http:\/\/www.freimarianne.ch\/wp-content\/gallery\/rigi-13-12-15\/IMG_4042.jpg\"\n               data-thumbnail=\"http:\/\/www.freimarianne.ch\/wp-content\/gallery\/rigi-13-12-15\/thumbs\/thumbs_IMG_4042.jpg\"\n               data-image-id=\"12274\"\n               data-title=\"IMG_4042\"\n               data-description=\"\"\n               data-image-slug=\"img_4042-1\"\n               class=\"shutterset_15299\">\n                <img\n                    title=\"IMG_4042\"\n                    alt=\"IMG_4042\"\n                    src=\"http:\/\/www.freimarianne.ch\/wp-content\/gallery\/rigi-13-12-15\/thumbs\/thumbs_IMG_4042.jpg\"\n                    width=\"100\"\n                    height=\"75\"\n                    style=\"max-width:100%;\"\n                \/>\n            <\/a>\n        <\/div>\n\t\t\t\t\t\t\t<\/div> \n\t\t\t\n        \n\t\t\t\t<div id=\"ngg-image-5\" class=\"ngg-gallery-thumbnail-box\" >\n\t\t\t\t        <div class=\"ngg-gallery-thumbnail\">\n            <a href=\"http:\/\/www.freimarianne.ch\/wp-content\/gallery\/rigi-13-12-15\/IMG_4045.jpg\"\n               title=\"\"\n               data-src=\"http:\/\/www.freimarianne.ch\/wp-content\/gallery\/rigi-13-12-15\/IMG_4045.jpg\"\n               data-thumbnail=\"http:\/\/www.freimarianne.ch\/wp-content\/gallery\/rigi-13-12-15\/thumbs\/thumbs_IMG_4045.jpg\"\n               data-image-id=\"12275\"\n               data-title=\"IMG_4045\"\n               data-description=\"\"\n               data-image-slug=\"img_4045-1\"\n               class=\"shutterset_15299\">\n                <img\n                    title=\"IMG_4045\"\n                    alt=\"IMG_4045\"\n                    src=\"http:\/\/www.freimarianne.ch\/wp-content\/gallery\/rigi-13-12-15\/thumbs\/thumbs_IMG_4045.jpg\"\n                    width=\"100\"\n                    height=\"75\"\n                    style=\"max-width:100%;\"\n                \/>\n            <\/a>\n        <\/div>\n\t\t\t\t\t\t\t<\/div> \n\t\t\t\n        \n\t\t\t\t<div id=\"ngg-image-6\" class=\"ngg-gallery-thumbnail-box\" >\n\t\t\t\t        <div class=\"ngg-gallery-thumbnail\">\n            <a href=\"http:\/\/www.freimarianne.ch\/wp-content\/gallery\/rigi-13-12-15\/IMG_4049.jpg\"\n               title=\"\"\n               data-src=\"http:\/\/www.freimarianne.ch\/wp-content\/gallery\/rigi-13-12-15\/IMG_4049.jpg\"\n               data-thumbnail=\"http:\/\/www.freimarianne.ch\/wp-content\/gallery\/rigi-13-12-15\/thumbs\/thumbs_IMG_4049.jpg\"\n               data-image-id=\"12276\"\n               data-title=\"IMG_4049\"\n               data-description=\"\"\n               data-image-slug=\"img_4049-3\"\n               class=\"shutterset_15299\">\n                <img\n                    title=\"IMG_4049\"\n                    alt=\"IMG_4049\"\n                    src=\"http:\/\/www.freimarianne.ch\/wp-content\/gallery\/rigi-13-12-15\/thumbs\/thumbs_IMG_4049.jpg\"\n                    width=\"100\"\n                    height=\"75\"\n                    style=\"max-width:100%;\"\n                \/>\n            <\/a>\n        <\/div>\n\t\t\t\t\t\t\t<\/div> \n\t\t\t\n        \n\t\t\t\t<div id=\"ngg-image-7\" class=\"ngg-gallery-thumbnail-box\" >\n\t\t\t\t        <div class=\"ngg-gallery-thumbnail\">\n            <a href=\"http:\/\/www.freimarianne.ch\/wp-content\/gallery\/rigi-13-12-15\/IMG_4054.jpg\"\n               title=\"\"\n               data-src=\"http:\/\/www.freimarianne.ch\/wp-content\/gallery\/rigi-13-12-15\/IMG_4054.jpg\"\n               data-thumbnail=\"http:\/\/www.freimarianne.ch\/wp-content\/gallery\/rigi-13-12-15\/thumbs\/thumbs_IMG_4054.jpg\"\n               data-image-id=\"12277\"\n               data-title=\"IMG_4054\"\n               data-description=\"\"\n               data-image-slug=\"img_4054\"\n               class=\"shutterset_15299\">\n                <img\n                    title=\"IMG_4054\"\n                    alt=\"IMG_4054\"\n                    src=\"http:\/\/www.freimarianne.ch\/wp-content\/gallery\/rigi-13-12-15\/thumbs\/thumbs_IMG_4054.jpg\"\n                    width=\"100\"\n                    height=\"75\"\n                    style=\"max-width:100%;\"\n                \/>\n            <\/a>\n        <\/div>\n\t\t\t\t\t\t\t<\/div> \n\t\t\t\n        \n\t\t\n\t\t<!-- Pagination -->\n\t<div class='ngg-clear'><\/div>\t<\/div>\n<\/p>\n","protected":false},"excerpt":{"rendered":"<p>Spaziergang auf der Rigi Wir fahren zur Abwechslung wieder einmal auf die Rigi, um dort den prachtvollen Wintertag zu geniessen. Auf dem Rigi Kulm 1797m weht ein bissiger Wind aber die Sicht ist sehr gut und reicht vom Alpstein hin\u00fcber bis zu den Berner Riesen etc. Wir wandern hinunter nach Rigi Stafel 1603m und finden [&hellip;]<\/p>\n","protected":false},"author":1,"featured_media":0,"parent":14834,"menu_order":6,"comment_status":"closed","ping_status":"closed","template":"","meta":{"ngg_post_thumbnail":0},"_links":{"self":[{"href":"http:\/\/www.freimarianne.ch\/index.php?rest_route=\/wp\/v2\/pages\/14854"}],"collection":[{"href":"http:\/\/www.freimarianne.ch\/index.php?rest_route=\/wp\/v2\/pages"}],"about":[{"href":"http:\/\/www.freimarianne.ch\/index.php?rest_route=\/wp\/v2\/types\/page"}],"author":[{"embeddable":true,"href":"http:\/\/www.freimarianne.ch\/index.php?rest_route=\/wp\/v2\/users\/1"}],"replies":[{"embeddable":true,"href":"http:\/\/www.freimarianne.ch\/index.php?rest_route=%2Fwp%2Fv2%2Fcomments&post=14854"}],"version-history":[{"count":5,"href":"http:\/\/www.freimarianne.ch\/index.php?rest_route=\/wp\/v2\/pages\/14854\/revisions"}],"predecessor-version":[{"id":15319,"href":"http:\/\/www.freimarianne.ch\/index.php?rest_route=\/wp\/v2\/pages\/14854\/revisions\/15319"}],"up":[{"embeddable":true,"href":"http:\/\/www.freimarianne.ch\/index.php?rest_route=\/wp\/v2\/pages\/14834"}],"wp:attachment":[{"href":"http:\/\/www.freimarianne.ch\/index.php?rest_route=%2Fwp%2Fv2%2Fmedia&parent=14854"}],"curies":[{"name":"wp","href":"https:\/\/api.w.org\/{rel}","templated":true}]}}