{"id":15377,"date":"2016-01-24T09:59:33","date_gmt":"2016-01-24T08:59:33","guid":{"rendered":"http:\/\/www.freimarianne.ch\/?page_id=15377"},"modified":"2016-01-24T10:41:02","modified_gmt":"2016-01-24T09:41:02","slug":"bellinzona-ti-16-1-2016","status":"publish","type":"page","link":"http:\/\/www.freimarianne.ch\/?page_id=15377","title":{"rendered":"Bellinzona   TI  16.1.2016"},"content":{"rendered":"<p><a href=\"http:\/\/www.ticinotopten.ch\/de\/denkmaeler\/burgen-bellinzona\"><\/a><strong>Stadtbesichtigung Bellinzoa<\/strong><br \/>\nFlucht an die Sonne.<br \/>\n[slideshow_deploy id=&#8217;15394&#8217;&#093;<br \/>\nWie schon in einem anderen Januar fliehen wir aus der weissen, verschneiten, wolkenverhangenen Nordschweiz in die sonnige S\u00fcdschweiz. Allerdings stossen auch in Airolo nach Wolken aus dem Norden nach S\u00fcden. Aber je weiter wir in der Leventina hinunterfahren, desto sonniger wird es.<br \/>\nIn Bellinzona schauen wir uns das Zentrum der Stadt an, wo auch gerade noch Markt ist. Eine kalte Bise weht durch die Gassen und noch st\u00e4rker weht die Bise auf der Festung Castelgrande oben. Neben dieser Burg g\u00e4be es noch zwei weitere zu besichtigen: Montebellao und Sasso Corbaro, welche wir nicht besuchen. Diese liegen am gegen\u00fcberliegenden Hang.<br \/>\n<a href=\"http:\/\/www.ticinotopten.ch\/de\/denkmaeler\/burgen-bellinzona\">http:\/\/www.ticinotopten.ch\/de\/denkmaeler\/burgen-bellinzona<\/a><br \/>\nNach dem Besuch der Burg spazieren wir wieder hinunter in die Sadt und trinken auf dem Hauptplatz drausssen an der Sonne einen Kaffee und sp\u00e4ter noch einen Weisswein.<br \/>\nWir brauchen unsere Winterbekleidung aber wir frieren nicht und geniessen den Sonnenschein.<br \/>\nWir sitzen gegen\u00fcber der grossen Kirche La Collegiata, einem Renaissancebau, den wir vorher besichtigt haben. Die grosse Kirche wirkt vollkommen \u00fcberladen \u2013 aber dies war der Stil der 16. und 17 Jhdt.<br \/>\nWir machen uns dann endlich auf zum Bahnhof , wo wir den Zug um 14.34 h nach Arth Goldau besteigen.<\/p>\n","protected":false},"excerpt":{"rendered":"<p>Stadtbesichtigung Bellinzoa Flucht an die Sonne. Wie schon in einem anderen Januar fliehen wir aus der weissen, verschneiten, wolkenverhangenen Nordschweiz in die sonnige S\u00fcdschweiz. Allerdings stossen auch in Airolo nach Wolken aus dem Norden nach S\u00fcden. Aber je weiter wir in der Leventina hinunterfahren, desto sonniger wird es. In Bellinzona schauen wir uns das Zentrum [&hellip;]<\/p>\n","protected":false},"author":1,"featured_media":0,"parent":14834,"menu_order":15,"comment_status":"closed","ping_status":"closed","template":"","meta":{"ngg_post_thumbnail":0},"_links":{"self":[{"href":"http:\/\/www.freimarianne.ch\/index.php?rest_route=\/wp\/v2\/pages\/15377"}],"collection":[{"href":"http:\/\/www.freimarianne.ch\/index.php?rest_route=\/wp\/v2\/pages"}],"about":[{"href":"http:\/\/www.freimarianne.ch\/index.php?rest_route=\/wp\/v2\/types\/page"}],"author":[{"embeddable":true,"href":"http:\/\/www.freimarianne.ch\/index.php?rest_route=\/wp\/v2\/users\/1"}],"replies":[{"embeddable":true,"href":"http:\/\/www.freimarianne.ch\/index.php?rest_route=%2Fwp%2Fv2%2Fcomments&post=15377"}],"version-history":[{"count":6,"href":"http:\/\/www.freimarianne.ch\/index.php?rest_route=\/wp\/v2\/pages\/15377\/revisions"}],"predecessor-version":[{"id":15399,"href":"http:\/\/www.freimarianne.ch\/index.php?rest_route=\/wp\/v2\/pages\/15377\/revisions\/15399"}],"up":[{"embeddable":true,"href":"http:\/\/www.freimarianne.ch\/index.php?rest_route=\/wp\/v2\/pages\/14834"}],"wp:attachment":[{"href":"http:\/\/www.freimarianne.ch\/index.php?rest_route=%2Fwp%2Fv2%2Fmedia&parent=15377"}],"curies":[{"name":"wp","href":"https:\/\/api.w.org\/{rel}","templated":true}]}}