{"id":1607,"date":"2011-06-23T07:06:42","date_gmt":"2011-06-23T06:06:42","guid":{"rendered":"http:\/\/www.freimarianne.ch\/?page_id=1607"},"modified":"2016-05-03T16:06:16","modified_gmt":"2016-05-03T15:06:16","slug":"13-5-2011kroatien","status":"publish","type":"page","link":"http:\/\/www.freimarianne.ch\/?page_id=1607","title":{"rendered":"13.5.2011: Kroatien"},"content":{"rendered":"<p><strong>Erster Tag<\/strong><br \/>\n<strong>Flug nach Split; Einschiffung in Trogir; Besuch von Split; Fahrt nach Bol auf der Insel Bra\u010d<\/strong><\/p>\n<p style=\"text-align: left;\"><img loading=\"lazy\" class=\"aligncenter size-full wp-image-1618\" title=\"IMG_7297_500\" src=\"http:\/\/www.freimarianne.ch\/wp-content\/uploads\/2011\/06\/IMG_7297_500.jpg\" alt=\"\" width=\"500\" height=\"375\" srcset=\"http:\/\/www.freimarianne.ch\/wp-content\/uploads\/2011\/06\/IMG_7297_500.jpg 500w, http:\/\/www.freimarianne.ch\/wp-content\/uploads\/2011\/06\/IMG_7297_500-300x225.jpg 300w\" sizes=\"(max-width: 500px) 100vw, 500px\" \/><br \/>\nMit dem Flugzeug aus Z\u00fcrich landen wir um 11.50 p\u00fcnklich in Split, wo der Bus auf uns wartet. Er bringt uns ins nahegelegene Trogir. Am Quai wartet das Schiff \u201eColumbo\u201c auf uns.<br \/>\nEs wird uns eine Woche lang beherbergen und uns zu den verschiedenen Inseln bringen, die wir auf unserem Programm haben. Es reicht f\u00fcr einen kurzen Spaziergang in der Altstadt, dann m\u00fcssen wir zur\u00fcck auf das Schiff und um 13.00 geht die Fahrt los. Wir geniessen die Fahrt aufs Meer hinaus und dann die Einfahrt in Split, das wir kurz besuchen k\u00f6nnen. Die Stadt bietet einiges: der Diokletianspalast ist sehenswert. Hier k\u00f6nnen wir Geld wechseln und unsere Eink\u00e4ufe erledigen.<br \/>\nUm 17.00 geht die Fahrt weiter. Unterwegs sehen wir einige Delphine, die sich durch unser Rufkonzert nicht zu besseren Darbietungen verf\u00fchren lassen. Bei sch\u00f6nstem Wetter landen im St\u00e4dtchen Bol auf der Insel Bra\u010d.<br \/>\nNach dem guten Abendessen auf dem Schiff schw\u00e4rmen wir aus ins saubere St\u00e4dtchen, schauen uns um und geniessen einen Drink. Wir sind schon ganz in Ferienstimmung<\/p>\n<p style=\"text-align: left;\"><!-- index.php -->\n<div\n\tclass=\"ngg-galleryoverview ngg-ajax-pagination-none\"\n\tid=\"ngg-gallery-16794-1\">\n\n    \t<div class=\"slideshowlink\">\n        <a href='http:\/\/www.freimarianne.ch\/index.php\/nggallery\/slideshow?page_id=1607'>[Show as slideshow]<\/a>\n\t\t\n\t<\/div>\n\t\t\t<!-- Thumbnails -->\n\t\t\t\t<div id=\"ngg-image-0\" class=\"ngg-gallery-thumbnail-box\" >\n\t\t\t\t        <div class=\"ngg-gallery-thumbnail\">\n            <a href=\"http:\/\/www.freimarianne.ch\/wp-content\/gallery\/kroa-13-5-2011\/IMG_7274.jpg\"\n               title=\"\"\n               data-src=\"http:\/\/www.freimarianne.ch\/wp-content\/gallery\/kroa-13-5-2011\/IMG_7274.jpg\"\n               data-thumbnail=\"http:\/\/www.freimarianne.ch\/wp-content\/gallery\/kroa-13-5-2011\/thumbs\/thumbs_IMG_7274.jpg\"\n               data-image-id=\"2458\"\n               data-title=\"IMG_7274\"\n               data-description=\"\"\n               data-image-slug=\"img_7274-2\"\n               class=\"shutterset_16794\">\n                <img\n                    title=\"IMG_7274\"\n                    alt=\"IMG_7274\"\n                    src=\"http:\/\/www.freimarianne.ch\/wp-content\/gallery\/kroa-13-5-2011\/thumbs\/thumbs_IMG_7274.jpg\"\n                    width=\"100\"\n                    height=\"75\"\n                    style=\"max-width:100%;\"\n                \/>\n            <\/a>\n        <\/div>\n\t\t\t\t\t\t\t<\/div> \n\t\t\t\n        \n\t\t\t\t<div id=\"ngg-image-1\" class=\"ngg-gallery-thumbnail-box\" >\n\t\t\t\t        <div class=\"ngg-gallery-thumbnail\">\n            <a href=\"http:\/\/www.freimarianne.ch\/wp-content\/gallery\/kroa-13-5-2011\/IMG_7285.jpg\"\n               title=\"\"\n               data-src=\"http:\/\/www.freimarianne.ch\/wp-content\/gallery\/kroa-13-5-2011\/IMG_7285.jpg\"\n               data-thumbnail=\"http:\/\/www.freimarianne.ch\/wp-content\/gallery\/kroa-13-5-2011\/thumbs\/thumbs_IMG_7285.jpg\"\n               data-image-id=\"2459\"\n               data-title=\"IMG_7285\"\n               data-description=\"\"\n               data-image-slug=\"img_7285\"\n               class=\"shutterset_16794\">\n                <img\n                    title=\"IMG_7285\"\n                    alt=\"IMG_7285\"\n                    src=\"http:\/\/www.freimarianne.ch\/wp-content\/gallery\/kroa-13-5-2011\/thumbs\/thumbs_IMG_7285.jpg\"\n                    width=\"100\"\n                    height=\"75\"\n                    style=\"max-width:100%;\"\n                \/>\n            <\/a>\n        <\/div>\n\t\t\t\t\t\t\t<\/div> \n\t\t\t\n        \n\t\t\t\t<div id=\"ngg-image-2\" class=\"ngg-gallery-thumbnail-box\" >\n\t\t\t\t        <div class=\"ngg-gallery-thumbnail\">\n            <a href=\"http:\/\/www.freimarianne.ch\/wp-content\/gallery\/kroa-13-5-2011\/IMG_7286.jpg\"\n               title=\"\"\n               data-src=\"http:\/\/www.freimarianne.ch\/wp-content\/gallery\/kroa-13-5-2011\/IMG_7286.jpg\"\n               data-thumbnail=\"http:\/\/www.freimarianne.ch\/wp-content\/gallery\/kroa-13-5-2011\/thumbs\/thumbs_IMG_7286.jpg\"\n               data-image-id=\"2460\"\n               data-title=\"IMG_7286\"\n               data-description=\"\"\n               data-image-slug=\"img_7286\"\n               class=\"shutterset_16794\">\n                <img\n                    title=\"IMG_7286\"\n                    alt=\"IMG_7286\"\n                    src=\"http:\/\/www.freimarianne.ch\/wp-content\/gallery\/kroa-13-5-2011\/thumbs\/thumbs_IMG_7286.jpg\"\n                    width=\"100\"\n                    height=\"75\"\n                    style=\"max-width:100%;\"\n                \/>\n            <\/a>\n        <\/div>\n\t\t\t\t\t\t\t<\/div> \n\t\t\t\n        \n\t\t\t\t<div id=\"ngg-image-3\" class=\"ngg-gallery-thumbnail-box\" >\n\t\t\t\t        <div class=\"ngg-gallery-thumbnail\">\n            <a href=\"http:\/\/www.freimarianne.ch\/wp-content\/gallery\/kroa-13-5-2011\/IMG_7287.jpg\"\n               title=\"\"\n               data-src=\"http:\/\/www.freimarianne.ch\/wp-content\/gallery\/kroa-13-5-2011\/IMG_7287.jpg\"\n               data-thumbnail=\"http:\/\/www.freimarianne.ch\/wp-content\/gallery\/kroa-13-5-2011\/thumbs\/thumbs_IMG_7287.jpg\"\n               data-image-id=\"2461\"\n               data-title=\"IMG_7287\"\n               data-description=\"\"\n               data-image-slug=\"img_7287\"\n               class=\"shutterset_16794\">\n                <img\n                    title=\"IMG_7287\"\n                    alt=\"IMG_7287\"\n                    src=\"http:\/\/www.freimarianne.ch\/wp-content\/gallery\/kroa-13-5-2011\/thumbs\/thumbs_IMG_7287.jpg\"\n                    width=\"100\"\n                    height=\"75\"\n                    style=\"max-width:100%;\"\n                \/>\n            <\/a>\n        <\/div>\n\t\t\t\t\t\t\t<\/div> \n\t\t\t\n        \n\t\t\t\t<div id=\"ngg-image-4\" class=\"ngg-gallery-thumbnail-box\" >\n\t\t\t\t        <div class=\"ngg-gallery-thumbnail\">\n            <a href=\"http:\/\/www.freimarianne.ch\/wp-content\/gallery\/kroa-13-5-2011\/IMG_7293.jpg\"\n               title=\"\"\n               data-src=\"http:\/\/www.freimarianne.ch\/wp-content\/gallery\/kroa-13-5-2011\/IMG_7293.jpg\"\n               data-thumbnail=\"http:\/\/www.freimarianne.ch\/wp-content\/gallery\/kroa-13-5-2011\/thumbs\/thumbs_IMG_7293.jpg\"\n               data-image-id=\"2462\"\n               data-title=\"IMG_7293\"\n               data-description=\"\"\n               data-image-slug=\"img_7293\"\n               class=\"shutterset_16794\">\n                <img\n                    title=\"IMG_7293\"\n                    alt=\"IMG_7293\"\n                    src=\"http:\/\/www.freimarianne.ch\/wp-content\/gallery\/kroa-13-5-2011\/thumbs\/thumbs_IMG_7293.jpg\"\n                    width=\"100\"\n                    height=\"75\"\n                    style=\"max-width:100%;\"\n                \/>\n            <\/a>\n        <\/div>\n\t\t\t\t\t\t\t<\/div> \n\t\t\t\n        \n\t\t\t\t<div id=\"ngg-image-5\" class=\"ngg-gallery-thumbnail-box\" >\n\t\t\t\t        <div class=\"ngg-gallery-thumbnail\">\n            <a href=\"http:\/\/www.freimarianne.ch\/wp-content\/gallery\/kroa-13-5-2011\/IMG_7294.jpg\"\n               title=\"\"\n               data-src=\"http:\/\/www.freimarianne.ch\/wp-content\/gallery\/kroa-13-5-2011\/IMG_7294.jpg\"\n               data-thumbnail=\"http:\/\/www.freimarianne.ch\/wp-content\/gallery\/kroa-13-5-2011\/thumbs\/thumbs_IMG_7294.jpg\"\n               data-image-id=\"2463\"\n               data-title=\"IMG_7294\"\n               data-description=\"\"\n               data-image-slug=\"img_7294\"\n               class=\"shutterset_16794\">\n                <img\n                    title=\"IMG_7294\"\n                    alt=\"IMG_7294\"\n                    src=\"http:\/\/www.freimarianne.ch\/wp-content\/gallery\/kroa-13-5-2011\/thumbs\/thumbs_IMG_7294.jpg\"\n                    width=\"100\"\n                    height=\"75\"\n                    style=\"max-width:100%;\"\n                \/>\n            <\/a>\n        <\/div>\n\t\t\t\t\t\t\t<\/div> \n\t\t\t\n        \n\t\t\t\t<div id=\"ngg-image-6\" class=\"ngg-gallery-thumbnail-box\" >\n\t\t\t\t        <div class=\"ngg-gallery-thumbnail\">\n            <a href=\"http:\/\/www.freimarianne.ch\/wp-content\/gallery\/kroa-13-5-2011\/IMG_7296.jpg\"\n               title=\"\"\n               data-src=\"http:\/\/www.freimarianne.ch\/wp-content\/gallery\/kroa-13-5-2011\/IMG_7296.jpg\"\n               data-thumbnail=\"http:\/\/www.freimarianne.ch\/wp-content\/gallery\/kroa-13-5-2011\/thumbs\/thumbs_IMG_7296.jpg\"\n               data-image-id=\"2464\"\n               data-title=\"IMG_7296\"\n               data-description=\"\"\n               data-image-slug=\"img_7296\"\n               class=\"shutterset_16794\">\n                <img\n                    title=\"IMG_7296\"\n                    alt=\"IMG_7296\"\n                    src=\"http:\/\/www.freimarianne.ch\/wp-content\/gallery\/kroa-13-5-2011\/thumbs\/thumbs_IMG_7296.jpg\"\n                    width=\"100\"\n                    height=\"75\"\n                    style=\"max-width:100%;\"\n                \/>\n            <\/a>\n        <\/div>\n\t\t\t\t\t\t\t<\/div> \n\t\t\t\n        \n\t\t\t\t<div id=\"ngg-image-7\" class=\"ngg-gallery-thumbnail-box\" >\n\t\t\t\t        <div class=\"ngg-gallery-thumbnail\">\n            <a href=\"http:\/\/www.freimarianne.ch\/wp-content\/gallery\/kroa-13-5-2011\/IMG_7300.jpg\"\n               title=\"\"\n               data-src=\"http:\/\/www.freimarianne.ch\/wp-content\/gallery\/kroa-13-5-2011\/IMG_7300.jpg\"\n               data-thumbnail=\"http:\/\/www.freimarianne.ch\/wp-content\/gallery\/kroa-13-5-2011\/thumbs\/thumbs_IMG_7300.jpg\"\n               data-image-id=\"2465\"\n               data-title=\"IMG_7300\"\n               data-description=\"\"\n               data-image-slug=\"img_7300\"\n               class=\"shutterset_16794\">\n                <img\n                    title=\"IMG_7300\"\n                    alt=\"IMG_7300\"\n                    src=\"http:\/\/www.freimarianne.ch\/wp-content\/gallery\/kroa-13-5-2011\/thumbs\/thumbs_IMG_7300.jpg\"\n                    width=\"100\"\n                    height=\"75\"\n                    style=\"max-width:100%;\"\n                \/>\n            <\/a>\n        <\/div>\n\t\t\t\t\t\t\t<\/div> \n\t\t\t\n        \n\t\t\t\t<div id=\"ngg-image-8\" class=\"ngg-gallery-thumbnail-box\" >\n\t\t\t\t        <div class=\"ngg-gallery-thumbnail\">\n            <a href=\"http:\/\/www.freimarianne.ch\/wp-content\/gallery\/kroa-13-5-2011\/IMG_7307.jpg\"\n               title=\"\"\n               data-src=\"http:\/\/www.freimarianne.ch\/wp-content\/gallery\/kroa-13-5-2011\/IMG_7307.jpg\"\n               data-thumbnail=\"http:\/\/www.freimarianne.ch\/wp-content\/gallery\/kroa-13-5-2011\/thumbs\/thumbs_IMG_7307.jpg\"\n               data-image-id=\"2466\"\n               data-title=\"IMG_7307\"\n               data-description=\"\"\n               data-image-slug=\"img_7307\"\n               class=\"shutterset_16794\">\n                <img\n                    title=\"IMG_7307\"\n                    alt=\"IMG_7307\"\n                    src=\"http:\/\/www.freimarianne.ch\/wp-content\/gallery\/kroa-13-5-2011\/thumbs\/thumbs_IMG_7307.jpg\"\n                    width=\"100\"\n                    height=\"75\"\n                    style=\"max-width:100%;\"\n                \/>\n            <\/a>\n        <\/div>\n\t\t\t\t\t\t\t<\/div> \n\t\t\t\n        \n\t\t\t\t<div id=\"ngg-image-9\" class=\"ngg-gallery-thumbnail-box\" >\n\t\t\t\t        <div class=\"ngg-gallery-thumbnail\">\n            <a href=\"http:\/\/www.freimarianne.ch\/wp-content\/gallery\/kroa-13-5-2011\/IMG_7310.jpg\"\n               title=\"\"\n               data-src=\"http:\/\/www.freimarianne.ch\/wp-content\/gallery\/kroa-13-5-2011\/IMG_7310.jpg\"\n               data-thumbnail=\"http:\/\/www.freimarianne.ch\/wp-content\/gallery\/kroa-13-5-2011\/thumbs\/thumbs_IMG_7310.jpg\"\n               data-image-id=\"2467\"\n               data-title=\"IMG_7310\"\n               data-description=\"\"\n               data-image-slug=\"img_7310\"\n               class=\"shutterset_16794\">\n                <img\n                    title=\"IMG_7310\"\n                    alt=\"IMG_7310\"\n                    src=\"http:\/\/www.freimarianne.ch\/wp-content\/gallery\/kroa-13-5-2011\/thumbs\/thumbs_IMG_7310.jpg\"\n                    width=\"100\"\n                    height=\"75\"\n                    style=\"max-width:100%;\"\n                \/>\n            <\/a>\n        <\/div>\n\t\t\t\t\t\t\t<\/div> \n\t\t\t\n        \n\t\t\t\t<div id=\"ngg-image-10\" class=\"ngg-gallery-thumbnail-box\" >\n\t\t\t\t        <div class=\"ngg-gallery-thumbnail\">\n            <a href=\"http:\/\/www.freimarianne.ch\/wp-content\/gallery\/kroa-13-5-2011\/IMG_7312.jpg\"\n               title=\"\"\n               data-src=\"http:\/\/www.freimarianne.ch\/wp-content\/gallery\/kroa-13-5-2011\/IMG_7312.jpg\"\n               data-thumbnail=\"http:\/\/www.freimarianne.ch\/wp-content\/gallery\/kroa-13-5-2011\/thumbs\/thumbs_IMG_7312.jpg\"\n               data-image-id=\"2468\"\n               data-title=\"IMG_7312\"\n               data-description=\"\"\n               data-image-slug=\"img_7312\"\n               class=\"shutterset_16794\">\n                <img\n                    title=\"IMG_7312\"\n                    alt=\"IMG_7312\"\n                    src=\"http:\/\/www.freimarianne.ch\/wp-content\/gallery\/kroa-13-5-2011\/thumbs\/thumbs_IMG_7312.jpg\"\n                    width=\"100\"\n                    height=\"75\"\n                    style=\"max-width:100%;\"\n                \/>\n            <\/a>\n        <\/div>\n\t\t\t\t\t\t\t<\/div> \n\t\t\t\n        \n\t\t\t\t<div id=\"ngg-image-11\" class=\"ngg-gallery-thumbnail-box\" >\n\t\t\t\t        <div class=\"ngg-gallery-thumbnail\">\n            <a href=\"http:\/\/www.freimarianne.ch\/wp-content\/gallery\/kroa-13-5-2011\/IMG_7317.jpg\"\n               title=\"\"\n               data-src=\"http:\/\/www.freimarianne.ch\/wp-content\/gallery\/kroa-13-5-2011\/IMG_7317.jpg\"\n               data-thumbnail=\"http:\/\/www.freimarianne.ch\/wp-content\/gallery\/kroa-13-5-2011\/thumbs\/thumbs_IMG_7317.jpg\"\n               data-image-id=\"2469\"\n               data-title=\"IMG_7317\"\n               data-description=\"\"\n               data-image-slug=\"img_7317\"\n               class=\"shutterset_16794\">\n                <img\n                    title=\"IMG_7317\"\n                    alt=\"IMG_7317\"\n                    src=\"http:\/\/www.freimarianne.ch\/wp-content\/gallery\/kroa-13-5-2011\/thumbs\/thumbs_IMG_7317.jpg\"\n                    width=\"100\"\n                    height=\"75\"\n                    style=\"max-width:100%;\"\n                \/>\n            <\/a>\n        <\/div>\n\t\t\t\t\t\t\t<\/div> \n\t\t\t\n        \n\t\t\t\t<div id=\"ngg-image-12\" class=\"ngg-gallery-thumbnail-box\" >\n\t\t\t\t        <div class=\"ngg-gallery-thumbnail\">\n            <a href=\"http:\/\/www.freimarianne.ch\/wp-content\/gallery\/kroa-13-5-2011\/IMG_7324.jpg\"\n               title=\"\"\n               data-src=\"http:\/\/www.freimarianne.ch\/wp-content\/gallery\/kroa-13-5-2011\/IMG_7324.jpg\"\n               data-thumbnail=\"http:\/\/www.freimarianne.ch\/wp-content\/gallery\/kroa-13-5-2011\/thumbs\/thumbs_IMG_7324.jpg\"\n               data-image-id=\"2470\"\n               data-title=\"IMG_7324\"\n               data-description=\"\"\n               data-image-slug=\"img_7324\"\n               class=\"shutterset_16794\">\n                <img\n                    title=\"IMG_7324\"\n                    alt=\"IMG_7324\"\n                    src=\"http:\/\/www.freimarianne.ch\/wp-content\/gallery\/kroa-13-5-2011\/thumbs\/thumbs_IMG_7324.jpg\"\n                    width=\"100\"\n                    height=\"75\"\n                    style=\"max-width:100%;\"\n                \/>\n            <\/a>\n        <\/div>\n\t\t\t\t\t\t\t<\/div> \n\t\t\t\n        \n\t\t\t\t<div id=\"ngg-image-13\" class=\"ngg-gallery-thumbnail-box\" >\n\t\t\t\t        <div class=\"ngg-gallery-thumbnail\">\n            <a href=\"http:\/\/www.freimarianne.ch\/wp-content\/gallery\/kroa-13-5-2011\/IMG_7329.jpg\"\n               title=\"\"\n               data-src=\"http:\/\/www.freimarianne.ch\/wp-content\/gallery\/kroa-13-5-2011\/IMG_7329.jpg\"\n               data-thumbnail=\"http:\/\/www.freimarianne.ch\/wp-content\/gallery\/kroa-13-5-2011\/thumbs\/thumbs_IMG_7329.jpg\"\n               data-image-id=\"2471\"\n               data-title=\"IMG_7329\"\n               data-description=\"\"\n               data-image-slug=\"img_7329\"\n               class=\"shutterset_16794\">\n                <img\n                    title=\"IMG_7329\"\n                    alt=\"IMG_7329\"\n                    src=\"http:\/\/www.freimarianne.ch\/wp-content\/gallery\/kroa-13-5-2011\/thumbs\/thumbs_IMG_7329.jpg\"\n                    width=\"100\"\n                    height=\"75\"\n                    style=\"max-width:100%;\"\n                \/>\n            <\/a>\n        <\/div>\n\t\t\t\t\t\t\t<\/div> \n\t\t\t\n        \n\t\t\t\t<div id=\"ngg-image-14\" class=\"ngg-gallery-thumbnail-box\" >\n\t\t\t\t        <div class=\"ngg-gallery-thumbnail\">\n            <a href=\"http:\/\/www.freimarianne.ch\/wp-content\/gallery\/kroa-13-5-2011\/IMG_7330.jpg\"\n               title=\"\"\n               data-src=\"http:\/\/www.freimarianne.ch\/wp-content\/gallery\/kroa-13-5-2011\/IMG_7330.jpg\"\n               data-thumbnail=\"http:\/\/www.freimarianne.ch\/wp-content\/gallery\/kroa-13-5-2011\/thumbs\/thumbs_IMG_7330.jpg\"\n               data-image-id=\"2472\"\n               data-title=\"IMG_7330\"\n               data-description=\"\"\n               data-image-slug=\"img_7330\"\n               class=\"shutterset_16794\">\n                <img\n                    title=\"IMG_7330\"\n                    alt=\"IMG_7330\"\n                    src=\"http:\/\/www.freimarianne.ch\/wp-content\/gallery\/kroa-13-5-2011\/thumbs\/thumbs_IMG_7330.jpg\"\n                    width=\"100\"\n                    height=\"75\"\n                    style=\"max-width:100%;\"\n                \/>\n            <\/a>\n        <\/div>\n\t\t\t\t\t\t\t<\/div> \n\t\t\t\n        \n\t\t\t\t<div id=\"ngg-image-15\" class=\"ngg-gallery-thumbnail-box\" >\n\t\t\t\t        <div class=\"ngg-gallery-thumbnail\">\n            <a href=\"http:\/\/www.freimarianne.ch\/wp-content\/gallery\/kroa-13-5-2011\/IMG_7342.jpg\"\n               title=\"\"\n               data-src=\"http:\/\/www.freimarianne.ch\/wp-content\/gallery\/kroa-13-5-2011\/IMG_7342.jpg\"\n               data-thumbnail=\"http:\/\/www.freimarianne.ch\/wp-content\/gallery\/kroa-13-5-2011\/thumbs\/thumbs_IMG_7342.jpg\"\n               data-image-id=\"2473\"\n               data-title=\"IMG_7342\"\n               data-description=\"\"\n               data-image-slug=\"img_7342\"\n               class=\"shutterset_16794\">\n                <img\n                    title=\"IMG_7342\"\n                    alt=\"IMG_7342\"\n                    src=\"http:\/\/www.freimarianne.ch\/wp-content\/gallery\/kroa-13-5-2011\/thumbs\/thumbs_IMG_7342.jpg\"\n                    width=\"100\"\n                    height=\"75\"\n                    style=\"max-width:100%;\"\n                \/>\n            <\/a>\n        <\/div>\n\t\t\t\t\t\t\t<\/div> \n\t\t\t\n        \n\t\t\n\t\t<!-- Pagination -->\n\t<div class='ngg-clear'><\/div>\t<\/div>\n<\/p>\n","protected":false},"excerpt":{"rendered":"<p>Erster Tag Flug nach Split; Einschiffung in Trogir; Besuch von Split; Fahrt nach Bol auf der Insel Bra\u010d Mit dem Flugzeug aus Z\u00fcrich landen wir um 11.50 p\u00fcnklich in Split, wo der Bus auf uns wartet. Er bringt uns ins nahegelegene Trogir. Am Quai wartet das Schiff \u201eColumbo\u201c auf uns. Es wird uns eine Woche [&hellip;]<\/p>\n","protected":false},"author":1,"featured_media":0,"parent":1584,"menu_order":1,"comment_status":"closed","ping_status":"closed","template":"","meta":{"ngg_post_thumbnail":0},"_links":{"self":[{"href":"http:\/\/www.freimarianne.ch\/index.php?rest_route=\/wp\/v2\/pages\/1607"}],"collection":[{"href":"http:\/\/www.freimarianne.ch\/index.php?rest_route=\/wp\/v2\/pages"}],"about":[{"href":"http:\/\/www.freimarianne.ch\/index.php?rest_route=\/wp\/v2\/types\/page"}],"author":[{"embeddable":true,"href":"http:\/\/www.freimarianne.ch\/index.php?rest_route=\/wp\/v2\/users\/1"}],"replies":[{"embeddable":true,"href":"http:\/\/www.freimarianne.ch\/index.php?rest_route=%2Fwp%2Fv2%2Fcomments&post=1607"}],"version-history":[{"count":24,"href":"http:\/\/www.freimarianne.ch\/index.php?rest_route=\/wp\/v2\/pages\/1607\/revisions"}],"predecessor-version":[{"id":16796,"href":"http:\/\/www.freimarianne.ch\/index.php?rest_route=\/wp\/v2\/pages\/1607\/revisions\/16796"}],"up":[{"embeddable":true,"href":"http:\/\/www.freimarianne.ch\/index.php?rest_route=\/wp\/v2\/pages\/1584"}],"wp:attachment":[{"href":"http:\/\/www.freimarianne.ch\/index.php?rest_route=%2Fwp%2Fv2%2Fmedia&parent=1607"}],"curies":[{"name":"wp","href":"https:\/\/api.w.org\/{rel}","templated":true}]}}