{"id":16564,"date":"2016-04-08T08:01:01","date_gmt":"2016-04-08T07:01:01","guid":{"rendered":"http:\/\/www.freimarianne.ch\/?page_id=16564"},"modified":"2016-04-08T08:24:06","modified_gmt":"2016-04-08T07:24:06","slug":"bachtel-zh-4-4-2016","status":"publish","type":"page","link":"http:\/\/www.freimarianne.ch\/?page_id=16564","title":{"rendered":"Bachtel   ZH  4.4.2016"},"content":{"rendered":"<p><strong>Wanderung von Gibswil auf den Bachtel und hinunter nach Wernetshausen<\/strong><br \/>\n[slideshow_deploy id=&#8217;16612&#8217;&#093;<\/p>\n<p>Heute ist im Z\u00fcrcher Oberland sch\u00f6nes Wetter! Gerade richtig f\u00fcr eine kurze Fr\u00fchlingswanderung!<br \/>\nIch mache die Wanderung wie in: <a href=\"http:\/\/www.wandersite.ch\/tageswanderung\/434_Bachtel.html\">http:\/\/www.wandersite.ch\/tageswanderung\/434_Bachtel.html<\/a><br \/>\nbeschrieben.<br \/>\nIch finde in Gibswil bald den Einstieg in den Wanderweg, der  durch den Wald zum Wasserfall beim Wissengubel f\u00fchrt, ein sehr malerischer Ort mit Picknickplatz.<br \/>\nDer Wissengubel ist ein sog.&#8221;Giessen&#8221; in der Nagelflue; ein Wasserfall, hinter dem sich ein H\u00f6hle befindet.<br \/>\nWeitere Informationen dazu: <a href=\"http:\/\/www.lochstein.de\/hoehlen\/Ch\/zuerich\/t%C3%B6sstal\/toesstal.htm\">H\u00f6hlen im T\u00f6sstal<\/a><br \/>\nVon dort geht es auf einer Treppe steil hinauf und weiter durch Wald und \u00fcber Wiesen zum Hint.Sennenberg 904m. Hier folge ich leider der Teerstrasse! Ich h\u00e4tte aber zum Bachtelweiher  gehen sollen!<br \/>\nSteil muss ich dann auf den Bachtel  1115m hinaufsteigen, von wo  ich aber  heute keinerlei Aussicht habe!<br \/>\nDer Weg hinunter nach Orn 925m ist der Bachtel Geoweg. Auf einem sch\u00f6nen Wanderweg durch Wiesen  gelange ich  hinunter nach Wernetshausen, wo ich gleich auf die Bushaltestelle  Dorf treffe.<br \/>\nDies war eine kurze Wanderung aber sehr sch\u00f6n und wirklich wenig Hartbelag.<\/p>\n<p>Lauf Schweizmobil:<br \/>\nDistanz: 8,53km; Aufstieg: 408m; Abstieg: 442m; Marschzeit: 2 h 40 min<\/p>\n","protected":false},"excerpt":{"rendered":"<p>Wanderung von Gibswil auf den Bachtel und hinunter nach Wernetshausen Heute ist im Z\u00fcrcher Oberland sch\u00f6nes Wetter! Gerade richtig f\u00fcr eine kurze Fr\u00fchlingswanderung! Ich mache die Wanderung wie in: http:\/\/www.wandersite.ch\/tageswanderung\/434_Bachtel.html beschrieben. Ich finde in Gibswil bald den Einstieg in den Wanderweg, der durch den Wald zum Wasserfall beim Wissengubel f\u00fchrt, ein sehr malerischer Ort mit [&hellip;]<\/p>\n","protected":false},"author":1,"featured_media":0,"parent":16547,"menu_order":2,"comment_status":"closed","ping_status":"closed","template":"","meta":{"ngg_post_thumbnail":0},"_links":{"self":[{"href":"http:\/\/www.freimarianne.ch\/index.php?rest_route=\/wp\/v2\/pages\/16564"}],"collection":[{"href":"http:\/\/www.freimarianne.ch\/index.php?rest_route=\/wp\/v2\/pages"}],"about":[{"href":"http:\/\/www.freimarianne.ch\/index.php?rest_route=\/wp\/v2\/types\/page"}],"author":[{"embeddable":true,"href":"http:\/\/www.freimarianne.ch\/index.php?rest_route=\/wp\/v2\/users\/1"}],"replies":[{"embeddable":true,"href":"http:\/\/www.freimarianne.ch\/index.php?rest_route=%2Fwp%2Fv2%2Fcomments&post=16564"}],"version-history":[{"count":5,"href":"http:\/\/www.freimarianne.ch\/index.php?rest_route=\/wp\/v2\/pages\/16564\/revisions"}],"predecessor-version":[{"id":16616,"href":"http:\/\/www.freimarianne.ch\/index.php?rest_route=\/wp\/v2\/pages\/16564\/revisions\/16616"}],"up":[{"embeddable":true,"href":"http:\/\/www.freimarianne.ch\/index.php?rest_route=\/wp\/v2\/pages\/16547"}],"wp:attachment":[{"href":"http:\/\/www.freimarianne.ch\/index.php?rest_route=%2Fwp%2Fv2%2Fmedia&parent=16564"}],"curies":[{"name":"wp","href":"https:\/\/api.w.org\/{rel}","templated":true}]}}