{"id":17209,"date":"2016-06-14T09:08:19","date_gmt":"2016-06-14T08:08:19","guid":{"rendered":"http:\/\/www.freimarianne.ch\/?page_id=17209"},"modified":"2016-06-19T09:22:19","modified_gmt":"2016-06-19T08:22:19","slug":"23-5-2016-kroatien","status":"publish","type":"page","link":"http:\/\/www.freimarianne.ch\/?page_id=17209","title":{"rendered":"10.Tag:  Motovun"},"content":{"rendered":"<p><strong>23.5.2016<\/strong><\/p>\n<p><strong>10. Tag: Fahrt nach Istrien<\/strong><\/p>\n<p><img loading=\"lazy\" class=\"alignleft size-full wp-image-17173\" src=\"http:\/\/www.freimarianne.ch\/wp-content\/uploads\/2016\/06\/IMG_7857_titel_23.51.jpg\" alt=\"IMG_7857_titel_23.5\" width=\"500\" height=\"375\" srcset=\"http:\/\/www.freimarianne.ch\/wp-content\/uploads\/2016\/06\/IMG_7857_titel_23.51.jpg 500w, http:\/\/www.freimarianne.ch\/wp-content\/uploads\/2016\/06\/IMG_7857_titel_23.51-300x225.jpg 300w, http:\/\/www.freimarianne.ch\/wp-content\/uploads\/2016\/06\/IMG_7857_titel_23.51-400x300.jpg 400w\" sizes=\"(max-width: 500px) 100vw, 500px\" \/><\/p>\n<p>Um 8.30h Weiterfahrt von und entlang der istrischen Riviera (Kvarner Bucht) nach Opatija, wo wir zwei Stunden Aufenthalt haben. Dann f\u00e4hrt der Bus nach nach Motovun. Das St\u00e4dtchen Motovun liegt auf 277\u00a0m \u00fcber dem Meer auf einem steilen, isolierten H\u00fcgel \u00fcber dem Tal der Mirna.<br \/>\nAbendessen im Hotel Kastel Motovun, das uns positiv \u00fcberrascht.<\/p>\n<p><!-- index.php -->\n<div\n\tclass=\"ngg-galleryoverview ngg-ajax-pagination-none\"\n\tid=\"ngg-gallery-18190-1\">\n\n    \t<div class=\"slideshowlink\">\n        <a href='http:\/\/www.freimarianne.ch\/index.php\/nggallery\/slideshow?page_id=17209'>[Show as slideshow]<\/a>\n\t\t\n\t<\/div>\n\t\t\t<!-- Thumbnails -->\n\t\t\t\t<div id=\"ngg-image-0\" class=\"ngg-gallery-thumbnail-box\" >\n\t\t\t\t        <div class=\"ngg-gallery-thumbnail\">\n            <a href=\"http:\/\/www.freimarianne.ch\/wp-content\/gallery\/kroatien-23-5-16\/IMG_7857.jpg\"\n               title=\"Bosnien - Herzegowina\"\n               data-src=\"http:\/\/www.freimarianne.ch\/wp-content\/gallery\/kroatien-23-5-16\/IMG_7857.jpg\"\n               data-thumbnail=\"http:\/\/www.freimarianne.ch\/wp-content\/gallery\/kroatien-23-5-16\/thumbs\/thumbs_IMG_7857.jpg\"\n               data-image-id=\"13172\"\n               data-title=\"Bosnien - Herzegowina\"\n               data-description=\"Bosnien - Herzegowina\"\n               data-image-slug=\"img_7857\"\n               class=\"shutterset_18190\">\n                <img\n                    title=\"Bosnien - Herzegowina\"\n                    alt=\"Bosnien - Herzegowina\"\n                    src=\"http:\/\/www.freimarianne.ch\/wp-content\/gallery\/kroatien-23-5-16\/thumbs\/thumbs_IMG_7857.jpg\"\n                    width=\"100\"\n                    height=\"75\"\n                    style=\"max-width:100%;\"\n                \/>\n            <\/a>\n        <\/div>\n\t\t\t\t\t\t\t<\/div> \n\t\t\t\n        \n\t\t\t\t<div id=\"ngg-image-1\" class=\"ngg-gallery-thumbnail-box\" >\n\t\t\t\t        <div class=\"ngg-gallery-thumbnail\">\n            <a href=\"http:\/\/www.freimarianne.ch\/wp-content\/gallery\/kroatien-23-5-16\/IMG_7864.jpg\"\n               title=\"Bosnien - Herzegowina\"\n               data-src=\"http:\/\/www.freimarianne.ch\/wp-content\/gallery\/kroatien-23-5-16\/IMG_7864.jpg\"\n               data-thumbnail=\"http:\/\/www.freimarianne.ch\/wp-content\/gallery\/kroatien-23-5-16\/thumbs\/thumbs_IMG_7864.jpg\"\n               data-image-id=\"13173\"\n               data-title=\"Bosnien - Herzegowina\"\n               data-description=\"Bosnien - Herzegowina\"\n               data-image-slug=\"img_7864-1\"\n               class=\"shutterset_18190\">\n                <img\n                    title=\"Bosnien - Herzegowina\"\n                    alt=\"Bosnien - Herzegowina\"\n                    src=\"http:\/\/www.freimarianne.ch\/wp-content\/gallery\/kroatien-23-5-16\/thumbs\/thumbs_IMG_7864.jpg\"\n                    width=\"100\"\n                    height=\"75\"\n                    style=\"max-width:100%;\"\n                \/>\n            <\/a>\n        <\/div>\n\t\t\t\t\t\t\t<\/div> \n\t\t\t\n        \n\t\t\t\t<div id=\"ngg-image-2\" class=\"ngg-gallery-thumbnail-box\" >\n\t\t\t\t        <div class=\"ngg-gallery-thumbnail\">\n            <a href=\"http:\/\/www.freimarianne.ch\/wp-content\/gallery\/kroatien-23-5-16\/IMG_7868.jpg\"\n               title=\"Bosnien - Herzegowina\"\n               data-src=\"http:\/\/www.freimarianne.ch\/wp-content\/gallery\/kroatien-23-5-16\/IMG_7868.jpg\"\n               data-thumbnail=\"http:\/\/www.freimarianne.ch\/wp-content\/gallery\/kroatien-23-5-16\/thumbs\/thumbs_IMG_7868.jpg\"\n               data-image-id=\"13174\"\n               data-title=\"Bosnien - Herzegowina\"\n               data-description=\"Bosnien - Herzegowina\"\n               data-image-slug=\"img_7868-1\"\n               class=\"shutterset_18190\">\n                <img\n                    title=\"Bosnien - Herzegowina\"\n                    alt=\"Bosnien - Herzegowina\"\n                    src=\"http:\/\/www.freimarianne.ch\/wp-content\/gallery\/kroatien-23-5-16\/thumbs\/thumbs_IMG_7868.jpg\"\n                    width=\"100\"\n                    height=\"75\"\n                    style=\"max-width:100%;\"\n                \/>\n            <\/a>\n        <\/div>\n\t\t\t\t\t\t\t<\/div> \n\t\t\t\n        \n\t\t\t\t<div id=\"ngg-image-3\" class=\"ngg-gallery-thumbnail-box\" >\n\t\t\t\t        <div class=\"ngg-gallery-thumbnail\">\n            <a href=\"http:\/\/www.freimarianne.ch\/wp-content\/gallery\/kroatien-23-5-16\/IMG_7870.jpg\"\n               title=\"Kriegs Museum: Bosnien - Herzegowina\"\n               data-src=\"http:\/\/www.freimarianne.ch\/wp-content\/gallery\/kroatien-23-5-16\/IMG_7870.jpg\"\n               data-thumbnail=\"http:\/\/www.freimarianne.ch\/wp-content\/gallery\/kroatien-23-5-16\/thumbs\/thumbs_IMG_7870.jpg\"\n               data-image-id=\"13175\"\n               data-title=\"Kriegs Museum: Bosnien - Herzegowina\"\n               data-description=\"Kriegs Museum: Bosnien - Herzegowina\"\n               data-image-slug=\"img_7870-2\"\n               class=\"shutterset_18190\">\n                <img\n                    title=\"Kriegs Museum: Bosnien - Herzegowina\"\n                    alt=\"Kriegs Museum: Bosnien - Herzegowina\"\n                    src=\"http:\/\/www.freimarianne.ch\/wp-content\/gallery\/kroatien-23-5-16\/thumbs\/thumbs_IMG_7870.jpg\"\n                    width=\"100\"\n                    height=\"75\"\n                    style=\"max-width:100%;\"\n                \/>\n            <\/a>\n        <\/div>\n\t\t\t\t\t\t\t<\/div> \n\t\t\t\n        \n\t\t\t\t<div id=\"ngg-image-4\" class=\"ngg-gallery-thumbnail-box\" >\n\t\t\t\t        <div class=\"ngg-gallery-thumbnail\">\n            <a href=\"http:\/\/www.freimarianne.ch\/wp-content\/gallery\/kroatien-23-5-16\/IMG_7872.jpg\"\n               title=\"Opatjia\"\n               data-src=\"http:\/\/www.freimarianne.ch\/wp-content\/gallery\/kroatien-23-5-16\/IMG_7872.jpg\"\n               data-thumbnail=\"http:\/\/www.freimarianne.ch\/wp-content\/gallery\/kroatien-23-5-16\/thumbs\/thumbs_IMG_7872.jpg\"\n               data-image-id=\"13176\"\n               data-title=\"Opatjia\"\n               data-description=\"Opatjia\"\n               data-image-slug=\"img_7872\"\n               class=\"shutterset_18190\">\n                <img\n                    title=\"Opatjia\"\n                    alt=\"Opatjia\"\n                    src=\"http:\/\/www.freimarianne.ch\/wp-content\/gallery\/kroatien-23-5-16\/thumbs\/thumbs_IMG_7872.jpg\"\n                    width=\"100\"\n                    height=\"75\"\n                    style=\"max-width:100%;\"\n                \/>\n            <\/a>\n        <\/div>\n\t\t\t\t\t\t\t<\/div> \n\t\t\t\n        \n\t\t\t\t<div id=\"ngg-image-5\" class=\"ngg-gallery-thumbnail-box\" >\n\t\t\t\t        <div class=\"ngg-gallery-thumbnail\">\n            <a href=\"http:\/\/www.freimarianne.ch\/wp-content\/gallery\/kroatien-23-5-16\/IMG_7873.jpg\"\n               title=\"Opatjia\"\n               data-src=\"http:\/\/www.freimarianne.ch\/wp-content\/gallery\/kroatien-23-5-16\/IMG_7873.jpg\"\n               data-thumbnail=\"http:\/\/www.freimarianne.ch\/wp-content\/gallery\/kroatien-23-5-16\/thumbs\/thumbs_IMG_7873.jpg\"\n               data-image-id=\"13177\"\n               data-title=\"Opatjia\"\n               data-description=\"Opatjia\"\n               data-image-slug=\"img_7873-1\"\n               class=\"shutterset_18190\">\n                <img\n                    title=\"Opatjia\"\n                    alt=\"Opatjia\"\n                    src=\"http:\/\/www.freimarianne.ch\/wp-content\/gallery\/kroatien-23-5-16\/thumbs\/thumbs_IMG_7873.jpg\"\n                    width=\"100\"\n                    height=\"75\"\n                    style=\"max-width:100%;\"\n                \/>\n            <\/a>\n        <\/div>\n\t\t\t\t\t\t\t<\/div> \n\t\t\t\n        \n\t\t\t\t<div id=\"ngg-image-6\" class=\"ngg-gallery-thumbnail-box\" >\n\t\t\t\t        <div class=\"ngg-gallery-thumbnail\">\n            <a href=\"http:\/\/www.freimarianne.ch\/wp-content\/gallery\/kroatien-23-5-16\/IMG_7874.jpg\"\n               title=\"Bruni in Opatjia\"\n               data-src=\"http:\/\/www.freimarianne.ch\/wp-content\/gallery\/kroatien-23-5-16\/IMG_7874.jpg\"\n               data-thumbnail=\"http:\/\/www.freimarianne.ch\/wp-content\/gallery\/kroatien-23-5-16\/thumbs\/thumbs_IMG_7874.jpg\"\n               data-image-id=\"13178\"\n               data-title=\"Bruni in Opatjia\"\n               data-description=\"Bruni in Opatjia\"\n               data-image-slug=\"img_7874-1\"\n               class=\"shutterset_18190\">\n                <img\n                    title=\"Bruni in Opatjia\"\n                    alt=\"Bruni in Opatjia\"\n                    src=\"http:\/\/www.freimarianne.ch\/wp-content\/gallery\/kroatien-23-5-16\/thumbs\/thumbs_IMG_7874.jpg\"\n                    width=\"100\"\n                    height=\"75\"\n                    style=\"max-width:100%;\"\n                \/>\n            <\/a>\n        <\/div>\n\t\t\t\t\t\t\t<\/div> \n\t\t\t\n        \n\t\t\t\t<div id=\"ngg-image-7\" class=\"ngg-gallery-thumbnail-box\" >\n\t\t\t\t        <div class=\"ngg-gallery-thumbnail\">\n            <a href=\"http:\/\/www.freimarianne.ch\/wp-content\/gallery\/kroatien-23-5-16\/IMG_7879.jpg\"\n               title=\"Opatjia\"\n               data-src=\"http:\/\/www.freimarianne.ch\/wp-content\/gallery\/kroatien-23-5-16\/IMG_7879.jpg\"\n               data-thumbnail=\"http:\/\/www.freimarianne.ch\/wp-content\/gallery\/kroatien-23-5-16\/thumbs\/thumbs_IMG_7879.jpg\"\n               data-image-id=\"13179\"\n               data-title=\"Opatjia\"\n               data-description=\"Opatjia\"\n               data-image-slug=\"img_7879-1\"\n               class=\"shutterset_18190\">\n                <img\n                    title=\"Opatjia\"\n                    alt=\"Opatjia\"\n                    src=\"http:\/\/www.freimarianne.ch\/wp-content\/gallery\/kroatien-23-5-16\/thumbs\/thumbs_IMG_7879.jpg\"\n                    width=\"100\"\n                    height=\"75\"\n                    style=\"max-width:100%;\"\n                \/>\n            <\/a>\n        <\/div>\n\t\t\t\t\t\t\t<\/div> \n\t\t\t\n        \n\t\t\t\t<div id=\"ngg-image-8\" class=\"ngg-gallery-thumbnail-box\" >\n\t\t\t\t        <div class=\"ngg-gallery-thumbnail\">\n            <a href=\"http:\/\/www.freimarianne.ch\/wp-content\/gallery\/kroatien-23-5-16\/IMG_7883.jpg\"\n               title=\"Opatjia\"\n               data-src=\"http:\/\/www.freimarianne.ch\/wp-content\/gallery\/kroatien-23-5-16\/IMG_7883.jpg\"\n               data-thumbnail=\"http:\/\/www.freimarianne.ch\/wp-content\/gallery\/kroatien-23-5-16\/thumbs\/thumbs_IMG_7883.jpg\"\n               data-image-id=\"13180\"\n               data-title=\"Opatjia\"\n               data-description=\"Opatjia\"\n               data-image-slug=\"img_7883-3\"\n               class=\"shutterset_18190\">\n                <img\n                    title=\"Opatjia\"\n                    alt=\"Opatjia\"\n                    src=\"http:\/\/www.freimarianne.ch\/wp-content\/gallery\/kroatien-23-5-16\/thumbs\/thumbs_IMG_7883.jpg\"\n                    width=\"100\"\n                    height=\"75\"\n                    style=\"max-width:100%;\"\n                \/>\n            <\/a>\n        <\/div>\n\t\t\t\t\t\t\t<\/div> \n\t\t\t\n        \n\t\t\t\t<div id=\"ngg-image-9\" class=\"ngg-gallery-thumbnail-box\" >\n\t\t\t\t        <div class=\"ngg-gallery-thumbnail\">\n            <a href=\"http:\/\/www.freimarianne.ch\/wp-content\/gallery\/kroatien-23-5-16\/IMG_7886.jpg\"\n               title=\"Ankunft in Motovun\"\n               data-src=\"http:\/\/www.freimarianne.ch\/wp-content\/gallery\/kroatien-23-5-16\/IMG_7886.jpg\"\n               data-thumbnail=\"http:\/\/www.freimarianne.ch\/wp-content\/gallery\/kroatien-23-5-16\/thumbs\/thumbs_IMG_7886.jpg\"\n               data-image-id=\"13181\"\n               data-title=\"Ankunft in Motovun\"\n               data-description=\"Ankunft in Motovun\"\n               data-image-slug=\"img_7886\"\n               class=\"shutterset_18190\">\n                <img\n                    title=\"Ankunft in Motovun\"\n                    alt=\"Ankunft in Motovun\"\n                    src=\"http:\/\/www.freimarianne.ch\/wp-content\/gallery\/kroatien-23-5-16\/thumbs\/thumbs_IMG_7886.jpg\"\n                    width=\"100\"\n                    height=\"75\"\n                    style=\"max-width:100%;\"\n                \/>\n            <\/a>\n        <\/div>\n\t\t\t\t\t\t\t<\/div> \n\t\t\t\n        \n\t\t\t\t<div id=\"ngg-image-10\" class=\"ngg-gallery-thumbnail-box\" >\n\t\t\t\t        <div class=\"ngg-gallery-thumbnail\">\n            <a href=\"http:\/\/www.freimarianne.ch\/wp-content\/gallery\/kroatien-23-5-16\/IMG_7887.jpg\"\n               title=\"Ankunft in Motovun\"\n               data-src=\"http:\/\/www.freimarianne.ch\/wp-content\/gallery\/kroatien-23-5-16\/IMG_7887.jpg\"\n               data-thumbnail=\"http:\/\/www.freimarianne.ch\/wp-content\/gallery\/kroatien-23-5-16\/thumbs\/thumbs_IMG_7887.jpg\"\n               data-image-id=\"13182\"\n               data-title=\"Ankunft in Motovun\"\n               data-description=\"Ankunft in Motovun\"\n               data-image-slug=\"img_7887-3\"\n               class=\"shutterset_18190\">\n                <img\n                    title=\"Ankunft in Motovun\"\n                    alt=\"Ankunft in Motovun\"\n                    src=\"http:\/\/www.freimarianne.ch\/wp-content\/gallery\/kroatien-23-5-16\/thumbs\/thumbs_IMG_7887.jpg\"\n                    width=\"100\"\n                    height=\"75\"\n                    style=\"max-width:100%;\"\n                \/>\n            <\/a>\n        <\/div>\n\t\t\t\t\t\t\t<\/div> \n\t\t\t\n        \n\t\t\n\t\t<!-- Pagination -->\n\t<div class='ngg-clear'><\/div>\t<\/div>\n<\/p>\n","protected":false},"excerpt":{"rendered":"<p>23.5.2016 10. Tag: Fahrt nach Istrien Um 8.30h Weiterfahrt von und entlang der istrischen Riviera (Kvarner Bucht) nach Opatija, wo wir zwei Stunden Aufenthalt haben. Dann f\u00e4hrt der Bus nach nach Motovun. Das St\u00e4dtchen Motovun liegt auf 277\u00a0m \u00fcber dem Meer auf einem steilen, isolierten H\u00fcgel \u00fcber dem Tal der Mirna. Abendessen im Hotel Kastel [&hellip;]<\/p>\n","protected":false},"author":1,"featured_media":0,"parent":17153,"menu_order":10,"comment_status":"closed","ping_status":"closed","template":"","meta":{"ngg_post_thumbnail":0},"_links":{"self":[{"href":"http:\/\/www.freimarianne.ch\/index.php?rest_route=\/wp\/v2\/pages\/17209"}],"collection":[{"href":"http:\/\/www.freimarianne.ch\/index.php?rest_route=\/wp\/v2\/pages"}],"about":[{"href":"http:\/\/www.freimarianne.ch\/index.php?rest_route=\/wp\/v2\/types\/page"}],"author":[{"embeddable":true,"href":"http:\/\/www.freimarianne.ch\/index.php?rest_route=\/wp\/v2\/users\/1"}],"replies":[{"embeddable":true,"href":"http:\/\/www.freimarianne.ch\/index.php?rest_route=%2Fwp%2Fv2%2Fcomments&post=17209"}],"version-history":[{"count":6,"href":"http:\/\/www.freimarianne.ch\/index.php?rest_route=\/wp\/v2\/pages\/17209\/revisions"}],"predecessor-version":[{"id":18301,"href":"http:\/\/www.freimarianne.ch\/index.php?rest_route=\/wp\/v2\/pages\/17209\/revisions\/18301"}],"up":[{"embeddable":true,"href":"http:\/\/www.freimarianne.ch\/index.php?rest_route=\/wp\/v2\/pages\/17153"}],"wp:attachment":[{"href":"http:\/\/www.freimarianne.ch\/index.php?rest_route=%2Fwp%2Fv2%2Fmedia&parent=17209"}],"curies":[{"name":"wp","href":"https:\/\/api.w.org\/{rel}","templated":true}]}}