{"id":19534,"date":"2016-08-03T15:14:26","date_gmt":"2016-08-03T14:14:26","guid":{"rendered":"http:\/\/www.freimarianne.ch\/?page_id=19534"},"modified":"2016-08-03T15:48:16","modified_gmt":"2016-08-03T14:48:16","slug":"dent-de-jaman-vd-28-7-2016","status":"publish","type":"page","link":"http:\/\/www.freimarianne.ch\/?page_id=19534","title":{"rendered":"Dent de Jaman   VD    28.7.2016"},"content":{"rendered":"<p><strong>Rochers-de-Nay und Dent de Jaman<\/strong><\/p>\n<p><img loading=\"lazy\" class=\"alignleft size-full wp-image-19531\" src=\"http:\/\/www.freimarianne.ch\/wp-content\/uploads\/2016\/08\/IMG_0899_jaman_500.jpg\" alt=\"IMG_0899_jaman_500\" width=\"500\" height=\"322\" srcset=\"http:\/\/www.freimarianne.ch\/wp-content\/uploads\/2016\/08\/IMG_0899_jaman_500.jpg 500w, http:\/\/www.freimarianne.ch\/wp-content\/uploads\/2016\/08\/IMG_0899_jaman_500-300x193.jpg 300w, http:\/\/www.freimarianne.ch\/wp-content\/uploads\/2016\/08\/IMG_0899_jaman_500-466x300.jpg 466w\" sizes=\"(max-width: 500px) 100vw, 500px\" \/><\/p>\n<p>Fahrt auf den Rochers-de-Naye 2042m, der von Nebelschwaden umh\u00fcllt ist. Am Aussichtspunkt aber ist es sonnig. Aber die Sicht hinunter ist nicht gut. Ich gehe hin\u00fcber zum Gipfelkreuz und zur\u00fcck zur Station. Von dort wandere ich zum Alpengblumengarten, den ich besichtige. Es reicht mir dann noch auf den n\u00e4chsten Zug, denn das Wetter ist nicht unbedingt sehr gut. Aber als ich mit der Bahn nach Jaman komme, sieht es schon wieder anders aus. Also steige ich aus und steige &#8211; oder eher klettere ich auf den Dent Jaman 1875m, wozu ich meine H\u00e4nde brauche.<br \/>\nIch bin in 30 Minuten oben.<br \/>\nDer Abstieg macht mir etwas M\u00fche aber ich schaffe es mit etwas Hilfe. In der Buvette Station Jaman<br \/>\ntrinke ich noch einen Kaffee und warte auf den n\u00e4chsten Zug hinunter nach Montreux.<br \/>\nDies war eine sehr lange Reise zu einem Berg mit heute wenig Aussicht.<\/p>\n<p><!-- index.php -->\n<div\n\tclass=\"ngg-galleryoverview ngg-ajax-pagination-none\"\n\tid=\"ngg-gallery-19688-1\">\n\n    \t<div class=\"slideshowlink\">\n        <a href='http:\/\/www.freimarianne.ch\/index.php\/nggallery\/slideshow?page_id=19534'>[Show as slideshow]<\/a>\n\t\t\n\t<\/div>\n\t\t\t<!-- Thumbnails -->\n\t\t\t\t<div id=\"ngg-image-0\" class=\"ngg-gallery-thumbnail-box\" >\n\t\t\t\t        <div class=\"ngg-gallery-thumbnail\">\n            <a href=\"http:\/\/www.freimarianne.ch\/wp-content\/gallery\/dent-de-jaman-28-7-16\/IMG_0888.jpg\"\n               title=\"Gr\u00e4ser Rochers de Naye\"\n               data-src=\"http:\/\/www.freimarianne.ch\/wp-content\/gallery\/dent-de-jaman-28-7-16\/IMG_0888.jpg\"\n               data-thumbnail=\"http:\/\/www.freimarianne.ch\/wp-content\/gallery\/dent-de-jaman-28-7-16\/thumbs\/thumbs_IMG_0888.jpg\"\n               data-image-id=\"13949\"\n               data-title=\"Gr\u00c3\u00a4ser Rochers de Naye\"\n               data-description=\"Gr\u00e4ser Rochers de Naye\"\n               data-image-slug=\"img_0888-1\"\n               class=\"shutterset_19688\">\n                <img\n                    title=\"Gr\u00c3\u00a4ser Rochers de Naye\"\n                    alt=\"Gr\u00c3\u00a4ser Rochers de Naye\"\n                    src=\"http:\/\/www.freimarianne.ch\/wp-content\/gallery\/dent-de-jaman-28-7-16\/thumbs\/thumbs_IMG_0888.jpg\"\n                    width=\"100\"\n                    height=\"75\"\n                    style=\"max-width:100%;\"\n                \/>\n            <\/a>\n        <\/div>\n\t\t\t\t\t\t\t<\/div> \n\t\t\t\n        \n\t\t\t\t<div id=\"ngg-image-1\" class=\"ngg-gallery-thumbnail-box\" >\n\t\t\t\t        <div class=\"ngg-gallery-thumbnail\">\n            <a href=\"http:\/\/www.freimarianne.ch\/wp-content\/gallery\/dent-de-jaman-28-7-16\/IMG_0889.jpg\"\n               title=\"Sicht vom Rochers de Naye auf Montreux und Vevey\"\n               data-src=\"http:\/\/www.freimarianne.ch\/wp-content\/gallery\/dent-de-jaman-28-7-16\/IMG_0889.jpg\"\n               data-thumbnail=\"http:\/\/www.freimarianne.ch\/wp-content\/gallery\/dent-de-jaman-28-7-16\/thumbs\/thumbs_IMG_0889.jpg\"\n               data-image-id=\"13948\"\n               data-title=\"Sicht vom Rochers de Naye auf Montreux und Vevey\"\n               data-description=\"Sicht vom Rochers de Naye auf Montreux und Vevey\"\n               data-image-slug=\"img_0889-1\"\n               class=\"shutterset_19688\">\n                <img\n                    title=\"Sicht vom Rochers de Naye auf Montreux und Vevey\"\n                    alt=\"Sicht vom Rochers de Naye auf Montreux und Vevey\"\n                    src=\"http:\/\/www.freimarianne.ch\/wp-content\/gallery\/dent-de-jaman-28-7-16\/thumbs\/thumbs_IMG_0889.jpg\"\n                    width=\"100\"\n                    height=\"75\"\n                    style=\"max-width:100%;\"\n                \/>\n            <\/a>\n        <\/div>\n\t\t\t\t\t\t\t<\/div> \n\t\t\t\n        \n\t\t\t\t<div id=\"ngg-image-2\" class=\"ngg-gallery-thumbnail-box\" >\n\t\t\t\t        <div class=\"ngg-gallery-thumbnail\">\n            <a href=\"http:\/\/www.freimarianne.ch\/wp-content\/gallery\/dent-de-jaman-28-7-16\/IMG_0894.jpg\"\n               title=\"T\u00fcrkenbund\"\n               data-src=\"http:\/\/www.freimarianne.ch\/wp-content\/gallery\/dent-de-jaman-28-7-16\/IMG_0894.jpg\"\n               data-thumbnail=\"http:\/\/www.freimarianne.ch\/wp-content\/gallery\/dent-de-jaman-28-7-16\/thumbs\/thumbs_IMG_0894.jpg\"\n               data-image-id=\"13947\"\n               data-title=\"T\u00c3\u00bcrkenbund\"\n               data-description=\"T\u00fcrkenbund\"\n               data-image-slug=\"img_0894-1\"\n               class=\"shutterset_19688\">\n                <img\n                    title=\"T\u00c3\u00bcrkenbund\"\n                    alt=\"T\u00c3\u00bcrkenbund\"\n                    src=\"http:\/\/www.freimarianne.ch\/wp-content\/gallery\/dent-de-jaman-28-7-16\/thumbs\/thumbs_IMG_0894.jpg\"\n                    width=\"100\"\n                    height=\"75\"\n                    style=\"max-width:100%;\"\n                \/>\n            <\/a>\n        <\/div>\n\t\t\t\t\t\t\t<\/div> \n\t\t\t\n        \n\t\t\t\t<div id=\"ngg-image-3\" class=\"ngg-gallery-thumbnail-box\" >\n\t\t\t\t        <div class=\"ngg-gallery-thumbnail\">\n            <a href=\"http:\/\/www.freimarianne.ch\/wp-content\/gallery\/dent-de-jaman-28-7-16\/IMG_0895.jpg\"\n               title=\"gegen das Gipfelkreuz\"\n               data-src=\"http:\/\/www.freimarianne.ch\/wp-content\/gallery\/dent-de-jaman-28-7-16\/IMG_0895.jpg\"\n               data-thumbnail=\"http:\/\/www.freimarianne.ch\/wp-content\/gallery\/dent-de-jaman-28-7-16\/thumbs\/thumbs_IMG_0895.jpg\"\n               data-image-id=\"13946\"\n               data-title=\"gegen das Gipfelkreuz\"\n               data-description=\"gegen das Gipfelkreuz\"\n               data-image-slug=\"img_0895-1\"\n               class=\"shutterset_19688\">\n                <img\n                    title=\"gegen das Gipfelkreuz\"\n                    alt=\"gegen das Gipfelkreuz\"\n                    src=\"http:\/\/www.freimarianne.ch\/wp-content\/gallery\/dent-de-jaman-28-7-16\/thumbs\/thumbs_IMG_0895.jpg\"\n                    width=\"100\"\n                    height=\"75\"\n                    style=\"max-width:100%;\"\n                \/>\n            <\/a>\n        <\/div>\n\t\t\t\t\t\t\t<\/div> \n\t\t\t\n        \n\t\t\t\t<div id=\"ngg-image-4\" class=\"ngg-gallery-thumbnail-box\" >\n\t\t\t\t        <div class=\"ngg-gallery-thumbnail\">\n            <a href=\"http:\/\/www.freimarianne.ch\/wp-content\/gallery\/dent-de-jaman-28-7-16\/IMG_0896.jpg\"\n               title=\"Cape au Moine 1941m\"\n               data-src=\"http:\/\/www.freimarianne.ch\/wp-content\/gallery\/dent-de-jaman-28-7-16\/IMG_0896.jpg\"\n               data-thumbnail=\"http:\/\/www.freimarianne.ch\/wp-content\/gallery\/dent-de-jaman-28-7-16\/thumbs\/thumbs_IMG_0896.jpg\"\n               data-image-id=\"13945\"\n               data-title=\"Cape au Moine 1941m\"\n               data-description=\"Cape au Moine 1941m\"\n               data-image-slug=\"img_0896-2\"\n               class=\"shutterset_19688\">\n                <img\n                    title=\"Cape au Moine 1941m\"\n                    alt=\"Cape au Moine 1941m\"\n                    src=\"http:\/\/www.freimarianne.ch\/wp-content\/gallery\/dent-de-jaman-28-7-16\/thumbs\/thumbs_IMG_0896.jpg\"\n                    width=\"100\"\n                    height=\"75\"\n                    style=\"max-width:100%;\"\n                \/>\n            <\/a>\n        <\/div>\n\t\t\t\t\t\t\t<\/div> \n\t\t\t\n        \n\t\t\t\t<div id=\"ngg-image-5\" class=\"ngg-gallery-thumbnail-box\" >\n\t\t\t\t        <div class=\"ngg-gallery-thumbnail\">\n            <a href=\"http:\/\/www.freimarianne.ch\/wp-content\/gallery\/dent-de-jaman-28-7-16\/IMG_0897.jpg\"\n               title=\"Rochers- de -Naye  2042m\"\n               data-src=\"http:\/\/www.freimarianne.ch\/wp-content\/gallery\/dent-de-jaman-28-7-16\/IMG_0897.jpg\"\n               data-thumbnail=\"http:\/\/www.freimarianne.ch\/wp-content\/gallery\/dent-de-jaman-28-7-16\/thumbs\/thumbs_IMG_0897.jpg\"\n               data-image-id=\"13944\"\n               data-title=\"Rochers- de -Naye  2042m\"\n               data-description=\"Rochers- de -Naye  2042m\"\n               data-image-slug=\"img_0897-1\"\n               class=\"shutterset_19688\">\n                <img\n                    title=\"Rochers- de -Naye  2042m\"\n                    alt=\"Rochers- de -Naye  2042m\"\n                    src=\"http:\/\/www.freimarianne.ch\/wp-content\/gallery\/dent-de-jaman-28-7-16\/thumbs\/thumbs_IMG_0897.jpg\"\n                    width=\"100\"\n                    height=\"75\"\n                    style=\"max-width:100%;\"\n                \/>\n            <\/a>\n        <\/div>\n\t\t\t\t\t\t\t<\/div> \n\t\t\t\n        \n\t\t\t\t<div id=\"ngg-image-6\" class=\"ngg-gallery-thumbnail-box\" >\n\t\t\t\t        <div class=\"ngg-gallery-thumbnail\">\n            <a href=\"http:\/\/www.freimarianne.ch\/wp-content\/gallery\/dent-de-jaman-28-7-16\/IMG_0898.jpg\"\n               title=\"Sicht vom Rochers de Naye auf Caux und Vevey\"\n               data-src=\"http:\/\/www.freimarianne.ch\/wp-content\/gallery\/dent-de-jaman-28-7-16\/IMG_0898.jpg\"\n               data-thumbnail=\"http:\/\/www.freimarianne.ch\/wp-content\/gallery\/dent-de-jaman-28-7-16\/thumbs\/thumbs_IMG_0898.jpg\"\n               data-image-id=\"13943\"\n               data-title=\"Sicht vom Rochers de Naye auf Caux und Vevey\"\n               data-description=\"Sicht vom Rochers de Naye auf Caux und Vevey\"\n               data-image-slug=\"img_0898-1\"\n               class=\"shutterset_19688\">\n                <img\n                    title=\"Sicht vom Rochers de Naye auf Caux und Vevey\"\n                    alt=\"Sicht vom Rochers de Naye auf Caux und Vevey\"\n                    src=\"http:\/\/www.freimarianne.ch\/wp-content\/gallery\/dent-de-jaman-28-7-16\/thumbs\/thumbs_IMG_0898.jpg\"\n                    width=\"100\"\n                    height=\"75\"\n                    style=\"max-width:100%;\"\n                \/>\n            <\/a>\n        <\/div>\n\t\t\t\t\t\t\t<\/div> \n\t\t\t\n        \n\t\t\t\t<div id=\"ngg-image-7\" class=\"ngg-gallery-thumbnail-box\" >\n\t\t\t\t        <div class=\"ngg-gallery-thumbnail\">\n            <a href=\"http:\/\/www.freimarianne.ch\/wp-content\/gallery\/dent-de-jaman-28-7-16\/IMG_0900.jpg\"\n               title=\"Gipfelkreuz Rochers- de -Naye  2042m\"\n               data-src=\"http:\/\/www.freimarianne.ch\/wp-content\/gallery\/dent-de-jaman-28-7-16\/IMG_0900.jpg\"\n               data-thumbnail=\"http:\/\/www.freimarianne.ch\/wp-content\/gallery\/dent-de-jaman-28-7-16\/thumbs\/thumbs_IMG_0900.jpg\"\n               data-image-id=\"13942\"\n               data-title=\"Gipfelkreuz Rochers- de -Naye  2042m\"\n               data-description=\"Gipfelkreuz Rochers- de -Naye  2042m\"\n               data-image-slug=\"img_0900-2\"\n               class=\"shutterset_19688\">\n                <img\n                    title=\"Gipfelkreuz Rochers- de -Naye  2042m\"\n                    alt=\"Gipfelkreuz Rochers- de -Naye  2042m\"\n                    src=\"http:\/\/www.freimarianne.ch\/wp-content\/gallery\/dent-de-jaman-28-7-16\/thumbs\/thumbs_IMG_0900.jpg\"\n                    width=\"100\"\n                    height=\"75\"\n                    style=\"max-width:100%;\"\n                \/>\n            <\/a>\n        <\/div>\n\t\t\t\t\t\t\t<\/div> \n\t\t\t\n        \n\t\t\t\t<div id=\"ngg-image-8\" class=\"ngg-gallery-thumbnail-box\" >\n\t\t\t\t        <div class=\"ngg-gallery-thumbnail\">\n            <a href=\"http:\/\/www.freimarianne.ch\/wp-content\/gallery\/dent-de-jaman-28-7-16\/IMG_0914.jpg\"\n               title=\"Alpenblumen Garten\"\n               data-src=\"http:\/\/www.freimarianne.ch\/wp-content\/gallery\/dent-de-jaman-28-7-16\/IMG_0914.jpg\"\n               data-thumbnail=\"http:\/\/www.freimarianne.ch\/wp-content\/gallery\/dent-de-jaman-28-7-16\/thumbs\/thumbs_IMG_0914.jpg\"\n               data-image-id=\"13941\"\n               data-title=\"Alpenblumen Garten\"\n               data-description=\"Alpenblumen Garten\"\n               data-image-slug=\"img_0914-1\"\n               class=\"shutterset_19688\">\n                <img\n                    title=\"Alpenblumen Garten\"\n                    alt=\"Alpenblumen Garten\"\n                    src=\"http:\/\/www.freimarianne.ch\/wp-content\/gallery\/dent-de-jaman-28-7-16\/thumbs\/thumbs_IMG_0914.jpg\"\n                    width=\"100\"\n                    height=\"75\"\n                    style=\"max-width:100%;\"\n                \/>\n            <\/a>\n        <\/div>\n\t\t\t\t\t\t\t<\/div> \n\t\t\t\n        \n\t\t\t\t<div id=\"ngg-image-9\" class=\"ngg-gallery-thumbnail-box\" >\n\t\t\t\t        <div class=\"ngg-gallery-thumbnail\">\n            <a href=\"http:\/\/www.freimarianne.ch\/wp-content\/gallery\/dent-de-jaman-28-7-16\/IMG_0919.jpg\"\n               title=\"Alpenblumen Garten; Sicht  auf Lac de l\u2019Hongrin\"\n               data-src=\"http:\/\/www.freimarianne.ch\/wp-content\/gallery\/dent-de-jaman-28-7-16\/IMG_0919.jpg\"\n               data-thumbnail=\"http:\/\/www.freimarianne.ch\/wp-content\/gallery\/dent-de-jaman-28-7-16\/thumbs\/thumbs_IMG_0919.jpg\"\n               data-image-id=\"13940\"\n               data-title=\"Alpenblumen Garten; Sicht  auf Lac de l\u00e2\u0080\u0099Hongrin\"\n               data-description=\"Alpenblumen Garten; Sicht  auf Lac de l\u2019Hongrin\"\n               data-image-slug=\"img_0919\"\n               class=\"shutterset_19688\">\n                <img\n                    title=\"Alpenblumen Garten; Sicht  auf Lac de l\u00e2\u0080\u0099Hongrin\"\n                    alt=\"Alpenblumen Garten; Sicht  auf Lac de l\u00e2\u0080\u0099Hongrin\"\n                    src=\"http:\/\/www.freimarianne.ch\/wp-content\/gallery\/dent-de-jaman-28-7-16\/thumbs\/thumbs_IMG_0919.jpg\"\n                    width=\"100\"\n                    height=\"75\"\n                    style=\"max-width:100%;\"\n                \/>\n            <\/a>\n        <\/div>\n\t\t\t\t\t\t\t<\/div> \n\t\t\t\n        \n\t\t\t\t<div id=\"ngg-image-10\" class=\"ngg-gallery-thumbnail-box\" >\n\t\t\t\t        <div class=\"ngg-gallery-thumbnail\">\n            <a href=\"http:\/\/www.freimarianne.ch\/wp-content\/gallery\/dent-de-jaman-28-7-16\/IMG_0931.jpg\"\n               title=\"auf dem Dent de Jaman 1875m\"\n               data-src=\"http:\/\/www.freimarianne.ch\/wp-content\/gallery\/dent-de-jaman-28-7-16\/IMG_0931.jpg\"\n               data-thumbnail=\"http:\/\/www.freimarianne.ch\/wp-content\/gallery\/dent-de-jaman-28-7-16\/thumbs\/thumbs_IMG_0931.jpg\"\n               data-image-id=\"13939\"\n               data-title=\"auf dem Dent de Jaman 1875m\"\n               data-description=\"auf dem Dent de Jaman 1875m\"\n               data-image-slug=\"img_0931-5\"\n               class=\"shutterset_19688\">\n                <img\n                    title=\"auf dem Dent de Jaman 1875m\"\n                    alt=\"auf dem Dent de Jaman 1875m\"\n                    src=\"http:\/\/www.freimarianne.ch\/wp-content\/gallery\/dent-de-jaman-28-7-16\/thumbs\/thumbs_IMG_0931.jpg\"\n                    width=\"100\"\n                    height=\"75\"\n                    style=\"max-width:100%;\"\n                \/>\n            <\/a>\n        <\/div>\n\t\t\t\t\t\t\t<\/div> \n\t\t\t\n        \n\t\t\t\t<div id=\"ngg-image-11\" class=\"ngg-gallery-thumbnail-box\" >\n\t\t\t\t        <div class=\"ngg-gallery-thumbnail\">\n            <a href=\"http:\/\/www.freimarianne.ch\/wp-content\/gallery\/dent-de-jaman-28-7-16\/IMG_0932.jpg\"\n               title=\"auf dem Dent de Jaman 1875m\"\n               data-src=\"http:\/\/www.freimarianne.ch\/wp-content\/gallery\/dent-de-jaman-28-7-16\/IMG_0932.jpg\"\n               data-thumbnail=\"http:\/\/www.freimarianne.ch\/wp-content\/gallery\/dent-de-jaman-28-7-16\/thumbs\/thumbs_IMG_0932.jpg\"\n               data-image-id=\"13938\"\n               data-title=\"auf dem Dent de Jaman 1875m\"\n               data-description=\"auf dem Dent de Jaman 1875m\"\n               data-image-slug=\"img_0932-4\"\n               class=\"shutterset_19688\">\n                <img\n                    title=\"auf dem Dent de Jaman 1875m\"\n                    alt=\"auf dem Dent de Jaman 1875m\"\n                    src=\"http:\/\/www.freimarianne.ch\/wp-content\/gallery\/dent-de-jaman-28-7-16\/thumbs\/thumbs_IMG_0932.jpg\"\n                    width=\"100\"\n                    height=\"75\"\n                    style=\"max-width:100%;\"\n                \/>\n            <\/a>\n        <\/div>\n\t\t\t\t\t\t\t<\/div> \n\t\t\t\n        \n\t\t\t\t<div id=\"ngg-image-12\" class=\"ngg-gallery-thumbnail-box\" >\n\t\t\t\t        <div class=\"ngg-gallery-thumbnail\">\n            <a href=\"http:\/\/www.freimarianne.ch\/wp-content\/gallery\/dent-de-jaman-28-7-16\/IMG_0933.jpg\"\n               title=\"Sicht vom  Dent de Jaman 1875m\"\n               data-src=\"http:\/\/www.freimarianne.ch\/wp-content\/gallery\/dent-de-jaman-28-7-16\/IMG_0933.jpg\"\n               data-thumbnail=\"http:\/\/www.freimarianne.ch\/wp-content\/gallery\/dent-de-jaman-28-7-16\/thumbs\/thumbs_IMG_0933.jpg\"\n               data-image-id=\"13937\"\n               data-title=\"Sicht vom  Dent de Jaman 1875m\"\n               data-description=\"Sicht vom  Dent de Jaman 1875m\"\n               data-image-slug=\"img_0933-4\"\n               class=\"shutterset_19688\">\n                <img\n                    title=\"Sicht vom  Dent de Jaman 1875m\"\n                    alt=\"Sicht vom  Dent de Jaman 1875m\"\n                    src=\"http:\/\/www.freimarianne.ch\/wp-content\/gallery\/dent-de-jaman-28-7-16\/thumbs\/thumbs_IMG_0933.jpg\"\n                    width=\"100\"\n                    height=\"75\"\n                    style=\"max-width:100%;\"\n                \/>\n            <\/a>\n        <\/div>\n\t\t\t\t\t\t\t<\/div> \n\t\t\t\n        \n\t\t\t\t<div id=\"ngg-image-13\" class=\"ngg-gallery-thumbnail-box\" >\n\t\t\t\t        <div class=\"ngg-gallery-thumbnail\">\n            <a href=\"http:\/\/www.freimarianne.ch\/wp-content\/gallery\/dent-de-jaman-28-7-16\/IMG_0935.jpg\"\n               title=\"Sicht beim Abstieg vom Dent de Jaman\"\n               data-src=\"http:\/\/www.freimarianne.ch\/wp-content\/gallery\/dent-de-jaman-28-7-16\/IMG_0935.jpg\"\n               data-thumbnail=\"http:\/\/www.freimarianne.ch\/wp-content\/gallery\/dent-de-jaman-28-7-16\/thumbs\/thumbs_IMG_0935.jpg\"\n               data-image-id=\"13936\"\n               data-title=\"Sicht beim Abstieg vom Dent de Jaman\"\n               data-description=\"Sicht beim Abstieg vom Dent de Jaman\"\n               data-image-slug=\"img_0935-2\"\n               class=\"shutterset_19688\">\n                <img\n                    title=\"Sicht beim Abstieg vom Dent de Jaman\"\n                    alt=\"Sicht beim Abstieg vom Dent de Jaman\"\n                    src=\"http:\/\/www.freimarianne.ch\/wp-content\/gallery\/dent-de-jaman-28-7-16\/thumbs\/thumbs_IMG_0935.jpg\"\n                    width=\"100\"\n                    height=\"75\"\n                    style=\"max-width:100%;\"\n                \/>\n            <\/a>\n        <\/div>\n\t\t\t\t\t\t\t<\/div> \n\t\t\t\n        \n\t\t\t\t<div id=\"ngg-image-14\" class=\"ngg-gallery-thumbnail-box\" >\n\t\t\t\t        <div class=\"ngg-gallery-thumbnail\">\n            <a href=\"http:\/\/www.freimarianne.ch\/wp-content\/gallery\/dent-de-jaman-28-7-16\/IMG_0940.jpg\"\n               title=\"Buvette  Jaman ganz nahe am Zug!\"\n               data-src=\"http:\/\/www.freimarianne.ch\/wp-content\/gallery\/dent-de-jaman-28-7-16\/IMG_0940.jpg\"\n               data-thumbnail=\"http:\/\/www.freimarianne.ch\/wp-content\/gallery\/dent-de-jaman-28-7-16\/thumbs\/thumbs_IMG_0940.jpg\"\n               data-image-id=\"13935\"\n               data-title=\"Buvette  Jaman ganz nahe am Zug!\"\n               data-description=\"Buvette  Jaman ganz nahe am Zug!\"\n               data-image-slug=\"img_0940-1\"\n               class=\"shutterset_19688\">\n                <img\n                    title=\"Buvette  Jaman ganz nahe am Zug!\"\n                    alt=\"Buvette  Jaman ganz nahe am Zug!\"\n                    src=\"http:\/\/www.freimarianne.ch\/wp-content\/gallery\/dent-de-jaman-28-7-16\/thumbs\/thumbs_IMG_0940.jpg\"\n                    width=\"100\"\n                    height=\"75\"\n                    style=\"max-width:100%;\"\n                \/>\n            <\/a>\n        <\/div>\n\t\t\t\t\t\t\t<\/div> \n\t\t\t\n        \n\t\t\t\t<div id=\"ngg-image-15\" class=\"ngg-gallery-thumbnail-box\" >\n\t\t\t\t        <div class=\"ngg-gallery-thumbnail\">\n            <a href=\"http:\/\/www.freimarianne.ch\/wp-content\/gallery\/dent-de-jaman-28-7-16\/Pano-Jaman-927-28.jpg\"\n               title=\"Block auf Col de Jaman und Cape au Moine 1941m\"\n               data-src=\"http:\/\/www.freimarianne.ch\/wp-content\/gallery\/dent-de-jaman-28-7-16\/Pano-Jaman-927-28.jpg\"\n               data-thumbnail=\"http:\/\/www.freimarianne.ch\/wp-content\/gallery\/dent-de-jaman-28-7-16\/thumbs\/thumbs_Pano-Jaman-927-28.jpg\"\n               data-image-id=\"13934\"\n               data-title=\"Block auf Col de Jaman und Cape au Moine 1941m\"\n               data-description=\"Block auf Col de Jaman und Cape au Moine 1941m\"\n               data-image-slug=\"pano-jaman-927-28\"\n               class=\"shutterset_19688\">\n                <img\n                    title=\"Block auf Col de Jaman und Cape au Moine 1941m\"\n                    alt=\"Block auf Col de Jaman und Cape au Moine 1941m\"\n                    src=\"http:\/\/www.freimarianne.ch\/wp-content\/gallery\/dent-de-jaman-28-7-16\/thumbs\/thumbs_Pano-Jaman-927-28.jpg\"\n                    width=\"100\"\n                    height=\"75\"\n                    style=\"max-width:100%;\"\n                \/>\n            <\/a>\n        <\/div>\n\t\t\t\t\t\t\t<\/div> \n\t\t\t\n        \n\t\t\n\t\t<!-- Pagination -->\n\t<div class='ngg-clear'><\/div>\t<\/div>\n<\/p>\n","protected":false},"excerpt":{"rendered":"<p>Rochers-de-Nay und Dent de Jaman Fahrt auf den Rochers-de-Naye 2042m, der von Nebelschwaden umh\u00fcllt ist. Am Aussichtspunkt aber ist es sonnig. Aber die Sicht hinunter ist nicht gut. Ich gehe hin\u00fcber zum Gipfelkreuz und zur\u00fcck zur Station. Von dort wandere ich zum Alpengblumengarten, den ich besichtige. Es reicht mir dann noch auf den n\u00e4chsten Zug, [&hellip;]<\/p>\n","protected":false},"author":1,"featured_media":0,"parent":17006,"menu_order":17,"comment_status":"closed","ping_status":"closed","template":"","meta":{"ngg_post_thumbnail":0},"_links":{"self":[{"href":"http:\/\/www.freimarianne.ch\/index.php?rest_route=\/wp\/v2\/pages\/19534"}],"collection":[{"href":"http:\/\/www.freimarianne.ch\/index.php?rest_route=\/wp\/v2\/pages"}],"about":[{"href":"http:\/\/www.freimarianne.ch\/index.php?rest_route=\/wp\/v2\/types\/page"}],"author":[{"embeddable":true,"href":"http:\/\/www.freimarianne.ch\/index.php?rest_route=\/wp\/v2\/users\/1"}],"replies":[{"embeddable":true,"href":"http:\/\/www.freimarianne.ch\/index.php?rest_route=%2Fwp%2Fv2%2Fcomments&post=19534"}],"version-history":[{"count":2,"href":"http:\/\/www.freimarianne.ch\/index.php?rest_route=\/wp\/v2\/pages\/19534\/revisions"}],"predecessor-version":[{"id":19689,"href":"http:\/\/www.freimarianne.ch\/index.php?rest_route=\/wp\/v2\/pages\/19534\/revisions\/19689"}],"up":[{"embeddable":true,"href":"http:\/\/www.freimarianne.ch\/index.php?rest_route=\/wp\/v2\/pages\/17006"}],"wp:attachment":[{"href":"http:\/\/www.freimarianne.ch\/index.php?rest_route=%2Fwp%2Fv2%2Fmedia&parent=19534"}],"curies":[{"name":"wp","href":"https:\/\/api.w.org\/{rel}","templated":true}]}}