{"id":20225,"date":"2016-08-29T07:41:23","date_gmt":"2016-08-29T06:41:23","guid":{"rendered":"http:\/\/www.freimarianne.ch\/?page_id=20225"},"modified":"2016-08-31T08:43:23","modified_gmt":"2016-08-31T07:43:23","slug":"hohturli-be-zweitagestour-2627-8-2016","status":"publish","type":"page","link":"http:\/\/www.freimarianne.ch\/?page_id=20225","title":{"rendered":"Hoht\u00fcrli    BE   Zweitagestour  26\/27.8.2016"},"content":{"rendered":"<p><strong>Bergwanderung von der Griesalp auf das Hoht\u00fcrli und am anderen Tag hinunter\u00a0 nach Kandersteg<\/strong><\/p>\n<p><img loading=\"lazy\" class=\"alignleft size-full wp-image-20231\" src=\"http:\/\/www.freimarianne.ch\/wp-content\/uploads\/2016\/08\/IMG_5928-Blu\u0308emisalp_500.jpg\" alt=\"IMG_5928 Blu\u0308emisalp_500\" width=\"500\" height=\"375\" srcset=\"http:\/\/www.freimarianne.ch\/wp-content\/uploads\/2016\/08\/IMG_5928-Blu\u0308emisalp_500.jpg 500w, http:\/\/www.freimarianne.ch\/wp-content\/uploads\/2016\/08\/IMG_5928-Blu\u0308emisalp_500-300x225.jpg 300w, http:\/\/www.freimarianne.ch\/wp-content\/uploads\/2016\/08\/IMG_5928-Blu\u0308emisalp_500-400x300.jpg 400w\" sizes=\"(max-width: 500px) 100vw, 500px\" \/><\/p>\n<p><strong><a href=\"http:\/\/www.freimarianne.ch\/?page_id=20227\">Erster Tag: von der Griesalp auf das Hoht\u00fcrli; \u00dcbernachtung in der Bl\u00fcemlisalph\u00fctte<\/a><\/strong><br \/>\n<strong><a href=\"http:\/\/www.freimarianne.ch\/?page_id=20229\"Zweiter Tag: >Abstieg von der Bl\u00fcemlisalph\u00fctte nach Oberb\u00e4rgli und \u00fcber den Heuberg nach Kandersteg hinunter<\/a><\/strong><\/p>\n<p>Gerade bei dieser Tour vergesse ich zuhause meine Kamera, was noch nie passiert ist!<br \/>\nZum Gl\u00fcck hat unsere Leiterin eine dabei.<br \/>\nSo konnte ich mich ganz auf das Laufen und die Landschaft konzentrieren.<br \/>\nDiese Wanderung hatte auch eine spezielle Bedeutung, da ich sie schon einmal im Jahre 1974 mit meinem Mann gemacht habe.<br \/>\nEs gibt davon Bilder, die zeigen, wie es vor 42 Jahren ausgesehen hat.<br \/>\nDiese Seite ist der<strong> Retrospektive<\/strong> gewidmet und die Unterseiten werden die Tour vom August 2016 dokumentieren.<\/p>\n<p><!-- index.php -->\n<div\n\tclass=\"ngg-galleryoverview ngg-ajax-pagination-none\"\n\tid=\"ngg-gallery-20267-1\">\n\n    \t<div class=\"slideshowlink\">\n        <a href='http:\/\/www.freimarianne.ch\/index.php\/nggallery\/slideshow?page_id=20225'>[Show as slideshow]<\/a>\n\t\t\n\t<\/div>\n\t\t\t<!-- Thumbnails -->\n\t\t\t\t<div id=\"ngg-image-0\" class=\"ngg-gallery-thumbnail-box\" >\n\t\t\t\t        <div class=\"ngg-gallery-thumbnail\">\n            <a href=\"http:\/\/www.freimarianne.ch\/wp-content\/gallery\/hohturli-1974\/sc0001b43e13-Kopie.jpg\"\n               title=\"Roland beim Aufstieg zum Hoht\u00fcrli\"\n               data-src=\"http:\/\/www.freimarianne.ch\/wp-content\/gallery\/hohturli-1974\/sc0001b43e13-Kopie.jpg\"\n               data-thumbnail=\"http:\/\/www.freimarianne.ch\/wp-content\/gallery\/hohturli-1974\/thumbs\/thumbs_sc0001b43e13-Kopie.jpg\"\n               data-image-id=\"14231\"\n               data-title=\"sc0001b43e13 Kopie\"\n               data-description=\"Roland beim Aufstieg zum Hoht\u00fcrli\"\n               data-image-slug=\"sc0001b43e13-kopie\"\n               class=\"shutterset_20267\">\n                <img\n                    title=\"sc0001b43e13 Kopie\"\n                    alt=\"sc0001b43e13 Kopie\"\n                    src=\"http:\/\/www.freimarianne.ch\/wp-content\/gallery\/hohturli-1974\/thumbs\/thumbs_sc0001b43e13-Kopie.jpg\"\n                    width=\"100\"\n                    height=\"75\"\n                    style=\"max-width:100%;\"\n                \/>\n            <\/a>\n        <\/div>\n\t\t\t\t\t\t\t<\/div> \n\t\t\t\n        \n\t\t\t\t<div id=\"ngg-image-1\" class=\"ngg-gallery-thumbnail-box\" >\n\t\t\t\t        <div class=\"ngg-gallery-thumbnail\">\n            <a href=\"http:\/\/www.freimarianne.ch\/wp-content\/gallery\/hohturli-1974\/sc0001b43e11-Kopie.jpg\"\n               title=\"Roland beim Aufstieg zum Hoht\u00fcrli\"\n               data-src=\"http:\/\/www.freimarianne.ch\/wp-content\/gallery\/hohturli-1974\/sc0001b43e11-Kopie.jpg\"\n               data-thumbnail=\"http:\/\/www.freimarianne.ch\/wp-content\/gallery\/hohturli-1974\/thumbs\/thumbs_sc0001b43e11-Kopie.jpg\"\n               data-image-id=\"14232\"\n               data-title=\"sc0001b43e11 Kopie\"\n               data-description=\"Roland beim Aufstieg zum Hoht\u00fcrli\"\n               data-image-slug=\"sc0001b43e11-kopie\"\n               class=\"shutterset_20267\">\n                <img\n                    title=\"sc0001b43e11 Kopie\"\n                    alt=\"sc0001b43e11 Kopie\"\n                    src=\"http:\/\/www.freimarianne.ch\/wp-content\/gallery\/hohturli-1974\/thumbs\/thumbs_sc0001b43e11-Kopie.jpg\"\n                    width=\"100\"\n                    height=\"75\"\n                    style=\"max-width:100%;\"\n                \/>\n            <\/a>\n        <\/div>\n\t\t\t\t\t\t\t<\/div> \n\t\t\t\n        \n\t\t\t\t<div id=\"ngg-image-2\" class=\"ngg-gallery-thumbnail-box\" >\n\t\t\t\t        <div class=\"ngg-gallery-thumbnail\">\n            <a href=\"http:\/\/www.freimarianne.ch\/wp-content\/gallery\/hohturli-1974\/hohtu%CC%88rli_12-Kopie.jpg\"\n               title=\"Aufstieg zum Hoht\u00fcrli\"\n               data-src=\"http:\/\/www.freimarianne.ch\/wp-content\/gallery\/hohturli-1974\/hohtu%CC%88rli_12-Kopie.jpg\"\n               data-thumbnail=\"http:\/\/www.freimarianne.ch\/wp-content\/gallery\/hohturli-1974\/thumbs\/thumbs_hohtu%CC%88rli_12-Kopie.jpg\"\n               data-image-id=\"14240\"\n               data-title=\"Aufstieg zum Hoht\u00c3\u00bcrli\"\n               data-description=\"Aufstieg zum Hoht\u00fcrli\"\n               data-image-slug=\"hohtu%cc%88rli_12-kopie-1\"\n               class=\"shutterset_20267\">\n                <img\n                    title=\"Aufstieg zum Hoht\u00c3\u00bcrli\"\n                    alt=\"Aufstieg zum Hoht\u00c3\u00bcrli\"\n                    src=\"http:\/\/www.freimarianne.ch\/wp-content\/gallery\/hohturli-1974\/thumbs\/thumbs_hohtu%CC%88rli_12-Kopie.jpg\"\n                    width=\"100\"\n                    height=\"75\"\n                    style=\"max-width:100%;\"\n                \/>\n            <\/a>\n        <\/div>\n\t\t\t\t\t\t\t<\/div> \n\t\t\t\n        \n\t\t\t\t<div id=\"ngg-image-3\" class=\"ngg-gallery-thumbnail-box\" >\n\t\t\t\t        <div class=\"ngg-gallery-thumbnail\">\n            <a href=\"http:\/\/www.freimarianne.ch\/wp-content\/gallery\/hohturli-1974\/sc0001b43e05-Kopie.jpg\"\n               title=\"Roland beim Aufstieg zum Hoht\u00fcrli\"\n               data-src=\"http:\/\/www.freimarianne.ch\/wp-content\/gallery\/hohturli-1974\/sc0001b43e05-Kopie.jpg\"\n               data-thumbnail=\"http:\/\/www.freimarianne.ch\/wp-content\/gallery\/hohturli-1974\/thumbs\/thumbs_sc0001b43e05-Kopie.jpg\"\n               data-image-id=\"14235\"\n               data-title=\"Roland beim Aufstieg zum Hoht\u00c3\u00bcrli\"\n               data-description=\"Roland beim Aufstieg zum Hoht\u00fcrli\"\n               data-image-slug=\"sc0001b43e05-kopie\"\n               class=\"shutterset_20267\">\n                <img\n                    title=\"Roland beim Aufstieg zum Hoht\u00c3\u00bcrli\"\n                    alt=\"Roland beim Aufstieg zum Hoht\u00c3\u00bcrli\"\n                    src=\"http:\/\/www.freimarianne.ch\/wp-content\/gallery\/hohturli-1974\/thumbs\/thumbs_sc0001b43e05-Kopie.jpg\"\n                    width=\"100\"\n                    height=\"75\"\n                    style=\"max-width:100%;\"\n                \/>\n            <\/a>\n        <\/div>\n\t\t\t\t\t\t\t<\/div> \n\t\t\t\n        \n\t\t\t\t<div id=\"ngg-image-4\" class=\"ngg-gallery-thumbnail-box\" >\n\t\t\t\t        <div class=\"ngg-gallery-thumbnail\">\n            <a href=\"http:\/\/www.freimarianne.ch\/wp-content\/gallery\/hohturli-1974\/sc0001b43e08-Kopie.jpg\"\n               title=\"Roland auf dem Hoht\u00fcrli 2778m im Jahr 1974\"\n               data-src=\"http:\/\/www.freimarianne.ch\/wp-content\/gallery\/hohturli-1974\/sc0001b43e08-Kopie.jpg\"\n               data-thumbnail=\"http:\/\/www.freimarianne.ch\/wp-content\/gallery\/hohturli-1974\/thumbs\/thumbs_sc0001b43e08-Kopie.jpg\"\n               data-image-id=\"14234\"\n               data-title=\"Roland auf dem Hoht\u00c3\u00bcrli 2778m im Jahr 1974\"\n               data-description=\"Roland auf dem Hoht\u00fcrli 2778m im Jahr 1974\"\n               data-image-slug=\"sc0001b43e08-kopie\"\n               class=\"shutterset_20267\">\n                <img\n                    title=\"Roland auf dem Hoht\u00c3\u00bcrli 2778m im Jahr 1974\"\n                    alt=\"Roland auf dem Hoht\u00c3\u00bcrli 2778m im Jahr 1974\"\n                    src=\"http:\/\/www.freimarianne.ch\/wp-content\/gallery\/hohturli-1974\/thumbs\/thumbs_sc0001b43e08-Kopie.jpg\"\n                    width=\"100\"\n                    height=\"75\"\n                    style=\"max-width:100%;\"\n                \/>\n            <\/a>\n        <\/div>\n\t\t\t\t\t\t\t<\/div> \n\t\t\t\n        \n\t\t\t\t<div id=\"ngg-image-5\" class=\"ngg-gallery-thumbnail-box\" >\n\t\t\t\t        <div class=\"ngg-gallery-thumbnail\">\n            <a href=\"http:\/\/www.freimarianne.ch\/wp-content\/gallery\/hohturli-1974\/sc0001b43e09-Kopie.jpg\"\n               title=\"Marianne  auf dem Hoht\u00fcrli 2778m im Jahr 1974\"\n               data-src=\"http:\/\/www.freimarianne.ch\/wp-content\/gallery\/hohturli-1974\/sc0001b43e09-Kopie.jpg\"\n               data-thumbnail=\"http:\/\/www.freimarianne.ch\/wp-content\/gallery\/hohturli-1974\/thumbs\/thumbs_sc0001b43e09-Kopie.jpg\"\n               data-image-id=\"14233\"\n               data-title=\"Marianne  auf dem Hoht\u00c3\u00bcrli 2778m im Jahr 1974\"\n               data-description=\"Marianne  auf dem Hoht\u00fcrli 2778m im Jahr 1974\"\n               data-image-slug=\"sc0001b43e09-kopie\"\n               class=\"shutterset_20267\">\n                <img\n                    title=\"Marianne  auf dem Hoht\u00c3\u00bcrli 2778m im Jahr 1974\"\n                    alt=\"Marianne  auf dem Hoht\u00c3\u00bcrli 2778m im Jahr 1974\"\n                    src=\"http:\/\/www.freimarianne.ch\/wp-content\/gallery\/hohturli-1974\/thumbs\/thumbs_sc0001b43e09-Kopie.jpg\"\n                    width=\"100\"\n                    height=\"75\"\n                    style=\"max-width:100%;\"\n                \/>\n            <\/a>\n        <\/div>\n\t\t\t\t\t\t\t<\/div> \n\t\t\t\n        \n\t\t\t\t<div id=\"ngg-image-6\" class=\"ngg-gallery-thumbnail-box\" >\n\t\t\t\t        <div class=\"ngg-gallery-thumbnail\">\n            <a href=\"http:\/\/www.freimarianne.ch\/wp-content\/gallery\/hohturli-1974\/sc0001b43e-Kopie.jpg\"\n               title=\"Bl\u00fcemlisalpstock und Bl\u00fcemlisalphorn\"\n               data-src=\"http:\/\/www.freimarianne.ch\/wp-content\/gallery\/hohturli-1974\/sc0001b43e-Kopie.jpg\"\n               data-thumbnail=\"http:\/\/www.freimarianne.ch\/wp-content\/gallery\/hohturli-1974\/thumbs\/thumbs_sc0001b43e-Kopie.jpg\"\n               data-image-id=\"14239\"\n               data-title=\"Bl\u00c3\u00bcemlisalphorn 3663m ?\"\n               data-description=\"Bl\u00fcemlisalpstock und Bl\u00fcemlisalphorn\"\n               data-image-slug=\"sc0001b43e-kopie\"\n               class=\"shutterset_20267\">\n                <img\n                    title=\"Bl\u00c3\u00bcemlisalphorn 3663m ?\"\n                    alt=\"Bl\u00c3\u00bcemlisalphorn 3663m ?\"\n                    src=\"http:\/\/www.freimarianne.ch\/wp-content\/gallery\/hohturli-1974\/thumbs\/thumbs_sc0001b43e-Kopie.jpg\"\n                    width=\"100\"\n                    height=\"75\"\n                    style=\"max-width:100%;\"\n                \/>\n            <\/a>\n        <\/div>\n\t\t\t\t\t\t\t<\/div> \n\t\t\t\n        \n\t\t\t\t<div id=\"ngg-image-7\" class=\"ngg-gallery-thumbnail-box\" >\n\t\t\t\t        <div class=\"ngg-gallery-thumbnail\">\n            <a href=\"http:\/\/www.freimarianne.ch\/wp-content\/gallery\/hohturli-1974\/sc0005305b06-Kopie.jpg\"\n               title=\"Marianne auf dem Hoht\u00fcrli\"\n               data-src=\"http:\/\/www.freimarianne.ch\/wp-content\/gallery\/hohturli-1974\/sc0005305b06-Kopie.jpg\"\n               data-thumbnail=\"http:\/\/www.freimarianne.ch\/wp-content\/gallery\/hohturli-1974\/thumbs\/thumbs_sc0005305b06-Kopie.jpg\"\n               data-image-id=\"14227\"\n               data-title=\"Marianne auf dem Hoht\u00c3\u00bcrli\"\n               data-description=\"Marianne auf dem Hoht\u00fcrli\"\n               data-image-slug=\"sc0005305b06-kopie\"\n               class=\"shutterset_20267\">\n                <img\n                    title=\"Marianne auf dem Hoht\u00c3\u00bcrli\"\n                    alt=\"Marianne auf dem Hoht\u00c3\u00bcrli\"\n                    src=\"http:\/\/www.freimarianne.ch\/wp-content\/gallery\/hohturli-1974\/thumbs\/thumbs_sc0005305b06-Kopie.jpg\"\n                    width=\"100\"\n                    height=\"75\"\n                    style=\"max-width:100%;\"\n                \/>\n            <\/a>\n        <\/div>\n\t\t\t\t\t\t\t<\/div> \n\t\t\t\n        \n\t\t\t\t<div id=\"ngg-image-8\" class=\"ngg-gallery-thumbnail-box\" >\n\t\t\t\t        <div class=\"ngg-gallery-thumbnail\">\n            <a href=\"http:\/\/www.freimarianne.ch\/wp-content\/gallery\/hohturli-1974\/sc0001b43e02-Kopie.jpg\"\n               title=\"Bl\u00fcemlisalp Rothorn\"\n               data-src=\"http:\/\/www.freimarianne.ch\/wp-content\/gallery\/hohturli-1974\/sc0001b43e02-Kopie.jpg\"\n               data-thumbnail=\"http:\/\/www.freimarianne.ch\/wp-content\/gallery\/hohturli-1974\/thumbs\/thumbs_sc0001b43e02-Kopie.jpg\"\n               data-image-id=\"14238\"\n               data-title=\"Bl\u00c3\u00bcemlisalp Rothorn ?\"\n               data-description=\"Bl\u00fcemlisalp Rothorn\"\n               data-image-slug=\"sc0001b43e02-kopie\"\n               class=\"shutterset_20267\">\n                <img\n                    title=\"Bl\u00c3\u00bcemlisalp Rothorn ?\"\n                    alt=\"Bl\u00c3\u00bcemlisalp Rothorn ?\"\n                    src=\"http:\/\/www.freimarianne.ch\/wp-content\/gallery\/hohturli-1974\/thumbs\/thumbs_sc0001b43e02-Kopie.jpg\"\n                    width=\"100\"\n                    height=\"75\"\n                    style=\"max-width:100%;\"\n                \/>\n            <\/a>\n        <\/div>\n\t\t\t\t\t\t\t<\/div> \n\t\t\t\n        \n\t\t\t\t<div id=\"ngg-image-9\" class=\"ngg-gallery-thumbnail-box\" >\n\t\t\t\t        <div class=\"ngg-gallery-thumbnail\">\n            <a href=\"http:\/\/www.freimarianne.ch\/wp-content\/gallery\/hohturli-1974\/sc0001b43e03-Kopie.jpg\"\n               title=\"Weisse Frau  3608m; Bl\u00fcemlisalpgletscher\"\n               data-src=\"http:\/\/www.freimarianne.ch\/wp-content\/gallery\/hohturli-1974\/sc0001b43e03-Kopie.jpg\"\n               data-thumbnail=\"http:\/\/www.freimarianne.ch\/wp-content\/gallery\/hohturli-1974\/thumbs\/thumbs_sc0001b43e03-Kopie.jpg\"\n               data-image-id=\"14237\"\n               data-title=\"Weisse Frau  3608m ?\"\n               data-description=\"Weisse Frau  3608m; Bl\u00fcemlisalpgletscher\"\n               data-image-slug=\"sc0001b43e03-kopie\"\n               class=\"shutterset_20267\">\n                <img\n                    title=\"Weisse Frau  3608m ?\"\n                    alt=\"Weisse Frau  3608m ?\"\n                    src=\"http:\/\/www.freimarianne.ch\/wp-content\/gallery\/hohturli-1974\/thumbs\/thumbs_sc0001b43e03-Kopie.jpg\"\n                    width=\"100\"\n                    height=\"75\"\n                    style=\"max-width:100%;\"\n                \/>\n            <\/a>\n        <\/div>\n\t\t\t\t\t\t\t<\/div> \n\t\t\t\n        \n\t\t\t\t<div id=\"ngg-image-10\" class=\"ngg-gallery-thumbnail-box\" >\n\t\t\t\t        <div class=\"ngg-gallery-thumbnail\">\n            <a href=\"http:\/\/www.freimarianne.ch\/wp-content\/gallery\/hohturli-1974\/sc0001b43e04-Kopie.jpg\"\n               title=\"Morgenhorn 3623m\"\n               data-src=\"http:\/\/www.freimarianne.ch\/wp-content\/gallery\/hohturli-1974\/sc0001b43e04-Kopie.jpg\"\n               data-thumbnail=\"http:\/\/www.freimarianne.ch\/wp-content\/gallery\/hohturli-1974\/thumbs\/thumbs_sc0001b43e04-Kopie.jpg\"\n               data-image-id=\"14236\"\n               data-title=\"Morgenhorn 3623m ?\"\n               data-description=\"Morgenhorn 3623m\"\n               data-image-slug=\"sc0001b43e04-kopie\"\n               class=\"shutterset_20267\">\n                <img\n                    title=\"Morgenhorn 3623m ?\"\n                    alt=\"Morgenhorn 3623m ?\"\n                    src=\"http:\/\/www.freimarianne.ch\/wp-content\/gallery\/hohturli-1974\/thumbs\/thumbs_sc0001b43e04-Kopie.jpg\"\n                    width=\"100\"\n                    height=\"75\"\n                    style=\"max-width:100%;\"\n                \/>\n            <\/a>\n        <\/div>\n\t\t\t\t\t\t\t<\/div> \n\t\t\t\n        \n\t\t\t\t<div id=\"ngg-image-11\" class=\"ngg-gallery-thumbnail-box\" >\n\t\t\t\t        <div class=\"ngg-gallery-thumbnail\">\n            <a href=\"http:\/\/www.freimarianne.ch\/wp-content\/gallery\/hohturli-1974\/sc0005305b03-Kopie.jpg\"\n               title=\"Wyssi Frau und Bl\u00fcemlisalp Rothorn\"\n               data-src=\"http:\/\/www.freimarianne.ch\/wp-content\/gallery\/hohturli-1974\/sc0005305b03-Kopie.jpg\"\n               data-thumbnail=\"http:\/\/www.freimarianne.ch\/wp-content\/gallery\/hohturli-1974\/thumbs\/thumbs_sc0005305b03-Kopie.jpg\"\n               data-image-id=\"14230\"\n               data-title=\"Wyssi Frau und Bl\u00c3\u00bcemlisalp Rothorn?\"\n               data-description=\"Wyssi Frau und Bl\u00fcemlisalp Rothorn\"\n               data-image-slug=\"sc0005305b03-kopie\"\n               class=\"shutterset_20267\">\n                <img\n                    title=\"Wyssi Frau und Bl\u00c3\u00bcemlisalp Rothorn?\"\n                    alt=\"Wyssi Frau und Bl\u00c3\u00bcemlisalp Rothorn?\"\n                    src=\"http:\/\/www.freimarianne.ch\/wp-content\/gallery\/hohturli-1974\/thumbs\/thumbs_sc0005305b03-Kopie.jpg\"\n                    width=\"100\"\n                    height=\"75\"\n                    style=\"max-width:100%;\"\n                \/>\n            <\/a>\n        <\/div>\n\t\t\t\t\t\t\t<\/div> \n\t\t\t\n        \n\t\t\t\t<div id=\"ngg-image-12\" class=\"ngg-gallery-thumbnail-box\" >\n\t\t\t\t        <div class=\"ngg-gallery-thumbnail\">\n            <a href=\"http:\/\/www.freimarianne.ch\/wp-content\/gallery\/hohturli-1974\/sc0005305b05-Kopie.jpg\"\n               title=\"Bl\u00fcemlisalpgletscher\"\n               data-src=\"http:\/\/www.freimarianne.ch\/wp-content\/gallery\/hohturli-1974\/sc0005305b05-Kopie.jpg\"\n               data-thumbnail=\"http:\/\/www.freimarianne.ch\/wp-content\/gallery\/hohturli-1974\/thumbs\/thumbs_sc0005305b05-Kopie.jpg\"\n               data-image-id=\"14228\"\n               data-title=\"sc0005305b05 Kopie\"\n               data-description=\"Bl\u00fcemlisalpgletscher\"\n               data-image-slug=\"sc0005305b05-kopie\"\n               class=\"shutterset_20267\">\n                <img\n                    title=\"sc0005305b05 Kopie\"\n                    alt=\"sc0005305b05 Kopie\"\n                    src=\"http:\/\/www.freimarianne.ch\/wp-content\/gallery\/hohturli-1974\/thumbs\/thumbs_sc0005305b05-Kopie.jpg\"\n                    width=\"100\"\n                    height=\"75\"\n                    style=\"max-width:100%;\"\n                \/>\n            <\/a>\n        <\/div>\n\t\t\t\t\t\t\t<\/div> \n\t\t\t\n        \n\t\t\t\t<div id=\"ngg-image-13\" class=\"ngg-gallery-thumbnail-box\" >\n\t\t\t\t        <div class=\"ngg-gallery-thumbnail\">\n            <a href=\"http:\/\/www.freimarianne.ch\/wp-content\/gallery\/hohturli-1974\/sc0005305b04-Kopie.jpg\"\n               title=\"Abstieg nach Kandersteg\"\n               data-src=\"http:\/\/www.freimarianne.ch\/wp-content\/gallery\/hohturli-1974\/sc0005305b04-Kopie.jpg\"\n               data-thumbnail=\"http:\/\/www.freimarianne.ch\/wp-content\/gallery\/hohturli-1974\/thumbs\/thumbs_sc0005305b04-Kopie.jpg\"\n               data-image-id=\"14229\"\n               data-title=\"Abstieg nach Kandersteg\"\n               data-description=\"Abstieg nach Kandersteg\"\n               data-image-slug=\"sc0005305b04-kopie\"\n               class=\"shutterset_20267\">\n                <img\n                    title=\"Abstieg nach Kandersteg\"\n                    alt=\"Abstieg nach Kandersteg\"\n                    src=\"http:\/\/www.freimarianne.ch\/wp-content\/gallery\/hohturli-1974\/thumbs\/thumbs_sc0005305b04-Kopie.jpg\"\n                    width=\"100\"\n                    height=\"75\"\n                    style=\"max-width:100%;\"\n                \/>\n            <\/a>\n        <\/div>\n\t\t\t\t\t\t\t<\/div> \n\t\t\t\n        \n\t\t\t\t<div id=\"ngg-image-14\" class=\"ngg-gallery-thumbnail-box\" >\n\t\t\t\t        <div class=\"ngg-gallery-thumbnail\">\n            <a href=\"http:\/\/www.freimarianne.ch\/wp-content\/gallery\/hohturli-1974\/sc0005305b07-Kopie.jpg\"\n               title=\"Marianne aum Oeschinensee\"\n               data-src=\"http:\/\/www.freimarianne.ch\/wp-content\/gallery\/hohturli-1974\/sc0005305b07-Kopie.jpg\"\n               data-thumbnail=\"http:\/\/www.freimarianne.ch\/wp-content\/gallery\/hohturli-1974\/thumbs\/thumbs_sc0005305b07-Kopie.jpg\"\n               data-image-id=\"14226\"\n               data-title=\"Marianne aum Oeschinensee\"\n               data-description=\"Marianne aum Oeschinensee\"\n               data-image-slug=\"sc0005305b07-kopie\"\n               class=\"shutterset_20267\">\n                <img\n                    title=\"Marianne aum Oeschinensee\"\n                    alt=\"Marianne aum Oeschinensee\"\n                    src=\"http:\/\/www.freimarianne.ch\/wp-content\/gallery\/hohturli-1974\/thumbs\/thumbs_sc0005305b07-Kopie.jpg\"\n                    width=\"100\"\n                    height=\"75\"\n                    style=\"max-width:100%;\"\n                \/>\n            <\/a>\n        <\/div>\n\t\t\t\t\t\t\t<\/div> \n\t\t\t\n        \n\t\t\n\t\t<!-- Pagination -->\n\t<div class='ngg-clear'><\/div>\t<\/div>\n<\/p>\n","protected":false},"excerpt":{"rendered":"<p>Bergwanderung von der Griesalp auf das Hoht\u00fcrli und am anderen Tag hinunter\u00a0 nach Kandersteg Erster Tag: von der Griesalp auf das Hoht\u00fcrli; \u00dcbernachtung in der Bl\u00fcemlisalph\u00fctte Abstieg von der Bl\u00fcemlisalph\u00fctte nach Oberb\u00e4rgli und \u00fcber den Heuberg nach Kandersteg hinunter Gerade bei dieser Tour vergesse ich zuhause meine Kamera, was noch nie passiert ist! Zum Gl\u00fcck [&hellip;]<\/p>\n","protected":false},"author":1,"featured_media":0,"parent":17006,"menu_order":28,"comment_status":"closed","ping_status":"closed","template":"","meta":{"ngg_post_thumbnail":0},"_links":{"self":[{"href":"http:\/\/www.freimarianne.ch\/index.php?rest_route=\/wp\/v2\/pages\/20225"}],"collection":[{"href":"http:\/\/www.freimarianne.ch\/index.php?rest_route=\/wp\/v2\/pages"}],"about":[{"href":"http:\/\/www.freimarianne.ch\/index.php?rest_route=\/wp\/v2\/types\/page"}],"author":[{"embeddable":true,"href":"http:\/\/www.freimarianne.ch\/index.php?rest_route=\/wp\/v2\/users\/1"}],"replies":[{"embeddable":true,"href":"http:\/\/www.freimarianne.ch\/index.php?rest_route=%2Fwp%2Fv2%2Fcomments&post=20225"}],"version-history":[{"count":12,"href":"http:\/\/www.freimarianne.ch\/index.php?rest_route=\/wp\/v2\/pages\/20225\/revisions"}],"predecessor-version":[{"id":20290,"href":"http:\/\/www.freimarianne.ch\/index.php?rest_route=\/wp\/v2\/pages\/20225\/revisions\/20290"}],"up":[{"embeddable":true,"href":"http:\/\/www.freimarianne.ch\/index.php?rest_route=\/wp\/v2\/pages\/17006"}],"wp:attachment":[{"href":"http:\/\/www.freimarianne.ch\/index.php?rest_route=%2Fwp%2Fv2%2Fmedia&parent=20225"}],"curies":[{"name":"wp","href":"https:\/\/api.w.org\/{rel}","templated":true}]}}