{"id":20572,"date":"2016-09-16T10:35:54","date_gmt":"2016-09-16T09:35:54","guid":{"rendered":"http:\/\/www.freimarianne.ch\/?page_id=20572"},"modified":"2016-09-16T13:46:57","modified_gmt":"2016-09-16T12:46:57","slug":"flugenspitz-amden-sg-8-9-2016","status":"publish","type":"page","link":"http:\/\/www.freimarianne.ch\/?page_id=20572","title":{"rendered":"Fl\u00fcgenspitz,  Amden  SG  8.9.2016"},"content":{"rendered":"<p><strong>Wanderung vom Arvenb\u00fcel auf den Fl\u00fcgenspitz &#8211; Vorder H\u00f6chi &#8211;<br \/>\nAmden<\/strong><\/p>\n<p><img loading=\"lazy\" class=\"size-full wp-image-20568\" src=\"http:\/\/www.freimarianne.ch\/wp-content\/uploads\/2016\/09\/IMG_1854_amden_500.jpg\" alt=\"Vorder H\u00f6chi 1537m; Kuhidyll mit Rotberg, Sch\u00e4r und Goggeien\" width=\"500\" height=\"237\" srcset=\"http:\/\/www.freimarianne.ch\/wp-content\/uploads\/2016\/09\/IMG_1854_amden_500.jpg 500w, http:\/\/www.freimarianne.ch\/wp-content\/uploads\/2016\/09\/IMG_1854_amden_500-300x142.jpg 300w\" sizes=\"(max-width: 500px) 100vw, 500px\" \/> Vorder H\u00f6chi 1537m; Kuhidyll mit Rotberg, Sch\u00e4r und Goggeien<\/p>\n<p>Heute will ich die AF Tour auf den Fl\u00fcgenspitz und den eventuellen Abstieg nach Amden Dorf vorlaufen.<br \/>\nBei pr\u00e4chtigen Wetter starte ich auf dem Arvenb\u00fcel 1575m und wandere zum First 1663m, von wo<br \/>\nder Blick hinauf zum Leistkamm und hinunter in die Flyschlandschaft der \u201eLeist\u201c und hin\u00fcber zum Alpstein geht.<br \/>\n<a href=\"http:\/\/www.alpen-panoramen.de\/panorama.php?pid=15197&amp;srch=Arvenb%FCel\">Panorama vom First aus:<\/a><br \/>\nAuf dem Fl\u00fcgenspitz 1703m verweile ich ganz kurz und gehe dann auf dem Toggenburger H\u00f6henweg in Richtung Vorder H\u00f6chi. Es wird gerade an diesem Weg gearbeitet, denn er ist wirklich in einem schlechten Zustand. Die K\u00fche hinterlassen in dieser Moorlandschaft tiefe Spuren!<br \/>\nVon der Vorder H\u00f6chi wandere ich auf der Teerstrasse hinunter bis zur Abzweigung bei Pkt. 1450m. Hier gehe ich rechts dem Hang entlang und nehme die weitere Verzweigung links nach Schwisolen.<br \/>\nSo gelange ich unterhalb des Gulmen hin\u00fcber \u00fcber die Alp Dicki zum Tscherwald.<br \/>\nVon dort geht es meist steil die Wiesenpfade hinunter. Sch\u00f6n, dass man hier auch noch an die Wanderer gedacht hat!<br \/>\nIn Amden Vorderdorf erwische ich gerade das Postauto nach Weesen, wo ich noch eine Halt am See einschalte und ein k\u00fchlendes Fussbad, die Sch\u00f6nheit des Walensees und sp\u00e4ter einen Kaffee geniesse.<\/p>\n<p>Laut Schweizmobil:<br \/>\nDistanz: 11.59km; Aufstieg: 583m; Abstieg: 874m; Wanderzeit: 3 h 42 min<\/p>\n<p><a href=\"https:\/\/map.schweizmobil.ch\/?lang=de&amp;showLogin=true&amp;bgLayer=pk&amp;resolution=10&amp;X=731968&amp;Y=224393&amp;layers=Wanderland&amp;trackId=3051261\">Karte Schweizmobil:<\/a><\/p>\n<p><!-- index.php -->\n<div\n\tclass=\"ngg-galleryoverview ngg-ajax-pagination-none\"\n\tid=\"ngg-gallery-20725-1\">\n\n    \t<div class=\"slideshowlink\">\n        <a href='http:\/\/www.freimarianne.ch\/index.php\/nggallery\/slideshow?page_id=20572'>[Show as slideshow]<\/a>\n\t\t\n\t<\/div>\n\t\t\t<!-- Thumbnails -->\n\t\t\t\t<div id=\"ngg-image-0\" class=\"ngg-gallery-thumbnail-box\" >\n\t\t\t\t        <div class=\"ngg-gallery-thumbnail\">\n            <a href=\"http:\/\/www.freimarianne.ch\/wp-content\/gallery\/flugenspitz-amden-8-9-2016\/IMG_1785.jpg\"\n               title=\"Herbstzeitlose, Cholchium autumnale, Colchicaceae\"\n               data-src=\"http:\/\/www.freimarianne.ch\/wp-content\/gallery\/flugenspitz-amden-8-9-2016\/IMG_1785.jpg\"\n               data-thumbnail=\"http:\/\/www.freimarianne.ch\/wp-content\/gallery\/flugenspitz-amden-8-9-2016\/thumbs\/thumbs_IMG_1785.jpg\"\n               data-image-id=\"14397\"\n               data-title=\"Herbstzeitlose, Cholchium autumnale, Colchicaceae\"\n               data-description=\"Herbstzeitlose, Cholchium autumnale, Colchicaceae\"\n               data-image-slug=\"img_1785-2\"\n               class=\"shutterset_20725\">\n                <img\n                    title=\"Herbstzeitlose, Cholchium autumnale, Colchicaceae\"\n                    alt=\"Herbstzeitlose, Cholchium autumnale, Colchicaceae\"\n                    src=\"http:\/\/www.freimarianne.ch\/wp-content\/gallery\/flugenspitz-amden-8-9-2016\/thumbs\/thumbs_IMG_1785.jpg\"\n                    width=\"100\"\n                    height=\"75\"\n                    style=\"max-width:100%;\"\n                \/>\n            <\/a>\n        <\/div>\n\t\t\t\t\t\t\t<\/div> \n\t\t\t\n        \n\t\t\t\t<div id=\"ngg-image-1\" class=\"ngg-gallery-thumbnail-box\" >\n\t\t\t\t        <div class=\"ngg-gallery-thumbnail\">\n            <a href=\"http:\/\/www.freimarianne.ch\/wp-content\/gallery\/flugenspitz-amden-8-9-2016\/IMG_1791.jpg\"\n               title=\"Blick zur\u00fcck auf Arvenb\u00fcel 1273m\"\n               data-src=\"http:\/\/www.freimarianne.ch\/wp-content\/gallery\/flugenspitz-amden-8-9-2016\/IMG_1791.jpg\"\n               data-thumbnail=\"http:\/\/www.freimarianne.ch\/wp-content\/gallery\/flugenspitz-amden-8-9-2016\/thumbs\/thumbs_IMG_1791.jpg\"\n               data-image-id=\"14396\"\n               data-title=\"Blick zur\u00c3\u00bcck auf Arvenb\u00c3\u00bcel 1273m\"\n               data-description=\"Blick zur\u00fcck auf Arvenb\u00fcel 1273m\"\n               data-image-slug=\"img_1791\"\n               class=\"shutterset_20725\">\n                <img\n                    title=\"Blick zur\u00c3\u00bcck auf Arvenb\u00c3\u00bcel 1273m\"\n                    alt=\"Blick zur\u00c3\u00bcck auf Arvenb\u00c3\u00bcel 1273m\"\n                    src=\"http:\/\/www.freimarianne.ch\/wp-content\/gallery\/flugenspitz-amden-8-9-2016\/thumbs\/thumbs_IMG_1791.jpg\"\n                    width=\"100\"\n                    height=\"75\"\n                    style=\"max-width:100%;\"\n                \/>\n            <\/a>\n        <\/div>\n\t\t\t\t\t\t\t<\/div> \n\t\t\t\n        \n\t\t\t\t<div id=\"ngg-image-2\" class=\"ngg-gallery-thumbnail-box\" >\n\t\t\t\t        <div class=\"ngg-gallery-thumbnail\">\n            <a href=\"http:\/\/www.freimarianne.ch\/wp-content\/gallery\/flugenspitz-amden-8-9-2016\/IMG_1802.jpg\"\n               title=\"N\u00fcenchamm 1904m, Vrenelisg\u00e4rtli  2904m, Ruchen 2901m, Rautispitz 2283m, Schijen 2259m, Mutteristock 2294m, Lachenstock 2027m, Zindelspitz 20197m,  Br\u00fcnnelistock 2133m, Plattenberg 2082m\"\n               data-src=\"http:\/\/www.freimarianne.ch\/wp-content\/gallery\/flugenspitz-amden-8-9-2016\/IMG_1802.jpg\"\n               data-thumbnail=\"http:\/\/www.freimarianne.ch\/wp-content\/gallery\/flugenspitz-amden-8-9-2016\/thumbs\/thumbs_IMG_1802.jpg\"\n               data-image-id=\"14395\"\n               data-title=\"N\u00c3\u00bcenchamm 1904m, Vrenelisg\u00c3\u00a4rtli  2904m, Ruchen 2901m, Rautispitz 2283m, Schijen 2259m, Mutteristock 2294m, Lachenstock 2027m, Zindelspitz 20197m,  Br\u00c3\u00bcnnelistock 2133m, Plattenberg 2082m\"\n               data-description=\"N\u00fcenchamm 1904m, Vrenelisg\u00e4rtli  2904m, Ruchen 2901m, Rautispitz 2283m, Schijen 2259m, Mutteristock 2294m, Lachenstock 2027m, Zindelspitz 20197m,  Br\u00fcnnelistock 2133m, Plattenberg 2082m\"\n               data-image-slug=\"img_1802-1\"\n               class=\"shutterset_20725\">\n                <img\n                    title=\"N\u00c3\u00bcenchamm 1904m, Vrenelisg\u00c3\u00a4rtli  2904m, Ruchen 2901m, Rautispitz 2283m, Schijen 2259m, Mutteristock 2294m, Lachenstock 2027m, Zindelspitz 20197m,  Br\u00c3\u00bcnnelistock 2133m, Plattenberg 2082m\"\n                    alt=\"N\u00c3\u00bcenchamm 1904m, Vrenelisg\u00c3\u00a4rtli  2904m, Ruchen 2901m, Rautispitz 2283m, Schijen 2259m, Mutteristock 2294m, Lachenstock 2027m, Zindelspitz 20197m,  Br\u00c3\u00bcnnelistock 2133m, Plattenberg 2082m\"\n                    src=\"http:\/\/www.freimarianne.ch\/wp-content\/gallery\/flugenspitz-amden-8-9-2016\/thumbs\/thumbs_IMG_1802.jpg\"\n                    width=\"100\"\n                    height=\"75\"\n                    style=\"max-width:100%;\"\n                \/>\n            <\/a>\n        <\/div>\n\t\t\t\t\t\t\t<\/div> \n\t\t\t\n        \n\t\t\t\t<div id=\"ngg-image-3\" class=\"ngg-gallery-thumbnail-box\" >\n\t\t\t\t        <div class=\"ngg-gallery-thumbnail\">\n            <a href=\"http:\/\/www.freimarianne.ch\/wp-content\/gallery\/flugenspitz-amden-8-9-2016\/IMG_1808.jpg\"\n               title=\"Deutscher Enzian, Gentianella germanica 5 KB\"\n               data-src=\"http:\/\/www.freimarianne.ch\/wp-content\/gallery\/flugenspitz-amden-8-9-2016\/IMG_1808.jpg\"\n               data-thumbnail=\"http:\/\/www.freimarianne.ch\/wp-content\/gallery\/flugenspitz-amden-8-9-2016\/thumbs\/thumbs_IMG_1808.jpg\"\n               data-image-id=\"14394\"\n               data-title=\"Deutscher Enzian, Gentianella germanica 5 KB\"\n               data-description=\"Deutscher Enzian, Gentianella germanica 5 KB\"\n               data-image-slug=\"img_1808\"\n               class=\"shutterset_20725\">\n                <img\n                    title=\"Deutscher Enzian, Gentianella germanica 5 KB\"\n                    alt=\"Deutscher Enzian, Gentianella germanica 5 KB\"\n                    src=\"http:\/\/www.freimarianne.ch\/wp-content\/gallery\/flugenspitz-amden-8-9-2016\/thumbs\/thumbs_IMG_1808.jpg\"\n                    width=\"100\"\n                    height=\"75\"\n                    style=\"max-width:100%;\"\n                \/>\n            <\/a>\n        <\/div>\n\t\t\t\t\t\t\t<\/div> \n\t\t\t\n        \n\t\t\t\t<div id=\"ngg-image-4\" class=\"ngg-gallery-thumbnail-box\" >\n\t\t\t\t        <div class=\"ngg-gallery-thumbnail\">\n            <a href=\"http:\/\/www.freimarianne.ch\/wp-content\/gallery\/flugenspitz-amden-8-9-2016\/IMG_1817.jpg\"\n               title=\"Stockberg 1781m,  vo Mittagsberg 1591m,  Neuenalpspitz 1871m, L\u00fctispitz 1987m, S\u00e4ntis 2504m, Wildhauser Schafberg 2373m\"\n               data-src=\"http:\/\/www.freimarianne.ch\/wp-content\/gallery\/flugenspitz-amden-8-9-2016\/IMG_1817.jpg\"\n               data-thumbnail=\"http:\/\/www.freimarianne.ch\/wp-content\/gallery\/flugenspitz-amden-8-9-2016\/thumbs\/thumbs_IMG_1817.jpg\"\n               data-image-id=\"14393\"\n               data-title=\"Stockberg 1781m,  vo Mittagsberg 1591m,  Neuenalpspitz 1871m, L\u00c3\u00bctispitz 1987m, S\u00c3\u00a4ntis 2504m, Wildhauser Schafberg 2373m\"\n               data-description=\"Stockberg 1781m,  vo Mittagsberg 1591m,  Neuenalpspitz 1871m, L\u00fctispitz 1987m, S\u00e4ntis 2504m, Wildhauser Schafberg 2373m\"\n               data-image-slug=\"img_1817-1\"\n               class=\"shutterset_20725\">\n                <img\n                    title=\"Stockberg 1781m,  vo Mittagsberg 1591m,  Neuenalpspitz 1871m, L\u00c3\u00bctispitz 1987m, S\u00c3\u00a4ntis 2504m, Wildhauser Schafberg 2373m\"\n                    alt=\"Stockberg 1781m,  vo Mittagsberg 1591m,  Neuenalpspitz 1871m, L\u00c3\u00bctispitz 1987m, S\u00c3\u00a4ntis 2504m, Wildhauser Schafberg 2373m\"\n                    src=\"http:\/\/www.freimarianne.ch\/wp-content\/gallery\/flugenspitz-amden-8-9-2016\/thumbs\/thumbs_IMG_1817.jpg\"\n                    width=\"100\"\n                    height=\"75\"\n                    style=\"max-width:100%;\"\n                \/>\n            <\/a>\n        <\/div>\n\t\t\t\t\t\t\t<\/div> \n\t\t\t\n        \n\t\t\t\t<div id=\"ngg-image-5\" class=\"ngg-gallery-thumbnail-box\" >\n\t\t\t\t        <div class=\"ngg-gallery-thumbnail\">\n            <a href=\"http:\/\/www.freimarianne.ch\/wp-content\/gallery\/flugenspitz-amden-8-9-2016\/IMG_1822.jpg\"\n               title=\"auf dem Fl\u00fcgenspitz 1703m\"\n               data-src=\"http:\/\/www.freimarianne.ch\/wp-content\/gallery\/flugenspitz-amden-8-9-2016\/IMG_1822.jpg\"\n               data-thumbnail=\"http:\/\/www.freimarianne.ch\/wp-content\/gallery\/flugenspitz-amden-8-9-2016\/thumbs\/thumbs_IMG_1822.jpg\"\n               data-image-id=\"14392\"\n               data-title=\"auf dem Fl\u00c3\u00bcgenspitz 1703m\"\n               data-description=\"auf dem Fl\u00fcgenspitz 1703m\"\n               data-image-slug=\"img_1822\"\n               class=\"shutterset_20725\">\n                <img\n                    title=\"auf dem Fl\u00c3\u00bcgenspitz 1703m\"\n                    alt=\"auf dem Fl\u00c3\u00bcgenspitz 1703m\"\n                    src=\"http:\/\/www.freimarianne.ch\/wp-content\/gallery\/flugenspitz-amden-8-9-2016\/thumbs\/thumbs_IMG_1822.jpg\"\n                    width=\"100\"\n                    height=\"75\"\n                    style=\"max-width:100%;\"\n                \/>\n            <\/a>\n        <\/div>\n\t\t\t\t\t\t\t<\/div> \n\t\t\t\n        \n\t\t\t\t<div id=\"ngg-image-6\" class=\"ngg-gallery-thumbnail-box\" >\n\t\t\t\t        <div class=\"ngg-gallery-thumbnail\">\n            <a href=\"http:\/\/www.freimarianne.ch\/wp-content\/gallery\/flugenspitz-amden-8-9-2016\/IMG_1824.jpg\"\n               title=\"Blick vom Fl\u00fcgenspitz zum Leistkamm 2101m\"\n               data-src=\"http:\/\/www.freimarianne.ch\/wp-content\/gallery\/flugenspitz-amden-8-9-2016\/IMG_1824.jpg\"\n               data-thumbnail=\"http:\/\/www.freimarianne.ch\/wp-content\/gallery\/flugenspitz-amden-8-9-2016\/thumbs\/thumbs_IMG_1824.jpg\"\n               data-image-id=\"14391\"\n               data-title=\"Blick vom Fl\u00c3\u00bcgenspitz zum Leistkamm 2101m\"\n               data-description=\"Blick vom Fl\u00fcgenspitz zum Leistkamm 2101m\"\n               data-image-slug=\"img_1824-2\"\n               class=\"shutterset_20725\">\n                <img\n                    title=\"Blick vom Fl\u00c3\u00bcgenspitz zum Leistkamm 2101m\"\n                    alt=\"Blick vom Fl\u00c3\u00bcgenspitz zum Leistkamm 2101m\"\n                    src=\"http:\/\/www.freimarianne.ch\/wp-content\/gallery\/flugenspitz-amden-8-9-2016\/thumbs\/thumbs_IMG_1824.jpg\"\n                    width=\"100\"\n                    height=\"75\"\n                    style=\"max-width:100%;\"\n                \/>\n            <\/a>\n        <\/div>\n\t\t\t\t\t\t\t<\/div> \n\t\t\t\n        \n\t\t\t\t<div id=\"ngg-image-7\" class=\"ngg-gallery-thumbnail-box\" >\n\t\t\t\t        <div class=\"ngg-gallery-thumbnail\">\n            <a href=\"http:\/\/www.freimarianne.ch\/wp-content\/gallery\/flugenspitz-amden-8-9-2016\/IMG_1850.jpg\"\n               title=\"Rotberg 1546m, Sch\u00e4r 1637m, J\u00f6ggelisberg 1559m, Goggeien 1655m\"\n               data-src=\"http:\/\/www.freimarianne.ch\/wp-content\/gallery\/flugenspitz-amden-8-9-2016\/IMG_1850.jpg\"\n               data-thumbnail=\"http:\/\/www.freimarianne.ch\/wp-content\/gallery\/flugenspitz-amden-8-9-2016\/thumbs\/thumbs_IMG_1850.jpg\"\n               data-image-id=\"14390\"\n               data-title=\"Rotberg 1546m, Sch\u00c3\u00a4r 1637m, J\u00c3\u00b6ggelisberg 1559m, Goggeien 1655m\"\n               data-description=\"Rotberg 1546m, Sch\u00e4r 1637m, J\u00f6ggelisberg 1559m, Goggeien 1655m\"\n               data-image-slug=\"img_1850-1\"\n               class=\"shutterset_20725\">\n                <img\n                    title=\"Rotberg 1546m, Sch\u00c3\u00a4r 1637m, J\u00c3\u00b6ggelisberg 1559m, Goggeien 1655m\"\n                    alt=\"Rotberg 1546m, Sch\u00c3\u00a4r 1637m, J\u00c3\u00b6ggelisberg 1559m, Goggeien 1655m\"\n                    src=\"http:\/\/www.freimarianne.ch\/wp-content\/gallery\/flugenspitz-amden-8-9-2016\/thumbs\/thumbs_IMG_1850.jpg\"\n                    width=\"100\"\n                    height=\"75\"\n                    style=\"max-width:100%;\"\n                \/>\n            <\/a>\n        <\/div>\n\t\t\t\t\t\t\t<\/div> \n\t\t\t\n        \n\t\t\t\t<div id=\"ngg-image-8\" class=\"ngg-gallery-thumbnail-box\" >\n\t\t\t\t        <div class=\"ngg-gallery-thumbnail\">\n            <a href=\"http:\/\/www.freimarianne.ch\/wp-content\/gallery\/flugenspitz-amden-8-9-2016\/IMG_1854.jpg\"\n               title=\"Vorder H\u00f6chi 1537m; Kuhidyll mit Rotberg, Sch\u00e4r und Goggeien\"\n               data-src=\"http:\/\/www.freimarianne.ch\/wp-content\/gallery\/flugenspitz-amden-8-9-2016\/IMG_1854.jpg\"\n               data-thumbnail=\"http:\/\/www.freimarianne.ch\/wp-content\/gallery\/flugenspitz-amden-8-9-2016\/thumbs\/thumbs_IMG_1854.jpg\"\n               data-image-id=\"14389\"\n               data-title=\"Vorder H\u00c3\u00b6chi 1537m; Kuhidyll mit Rotberg, Sch\u00c3\u00a4r und Goggeien\"\n               data-description=\"Vorder H\u00f6chi 1537m; Kuhidyll mit Rotberg, Sch\u00e4r und Goggeien\"\n               data-image-slug=\"img_1854-2\"\n               class=\"shutterset_20725\">\n                <img\n                    title=\"Vorder H\u00c3\u00b6chi 1537m; Kuhidyll mit Rotberg, Sch\u00c3\u00a4r und Goggeien\"\n                    alt=\"Vorder H\u00c3\u00b6chi 1537m; Kuhidyll mit Rotberg, Sch\u00c3\u00a4r und Goggeien\"\n                    src=\"http:\/\/www.freimarianne.ch\/wp-content\/gallery\/flugenspitz-amden-8-9-2016\/thumbs\/thumbs_IMG_1854.jpg\"\n                    width=\"100\"\n                    height=\"75\"\n                    style=\"max-width:100%;\"\n                \/>\n            <\/a>\n        <\/div>\n\t\t\t\t\t\t\t<\/div> \n\t\t\t\n        \n\t\t\t\t<div id=\"ngg-image-9\" class=\"ngg-gallery-thumbnail-box\" >\n\t\t\t\t        <div class=\"ngg-gallery-thumbnail\">\n            <a href=\"http:\/\/www.freimarianne.ch\/wp-content\/gallery\/flugenspitz-amden-8-9-2016\/IMG_1871.jpg\"\n               title=\"Alpgel\u00e4nde Diggi\"\n               data-src=\"http:\/\/www.freimarianne.ch\/wp-content\/gallery\/flugenspitz-amden-8-9-2016\/IMG_1871.jpg\"\n               data-thumbnail=\"http:\/\/www.freimarianne.ch\/wp-content\/gallery\/flugenspitz-amden-8-9-2016\/thumbs\/thumbs_IMG_1871.jpg\"\n               data-image-id=\"14388\"\n               data-title=\"Alpgel\u00c3\u00a4nde Diggi\"\n               data-description=\"Alpgel\u00e4nde Diggi\"\n               data-image-slug=\"img_1871-2\"\n               class=\"shutterset_20725\">\n                <img\n                    title=\"Alpgel\u00c3\u00a4nde Diggi\"\n                    alt=\"Alpgel\u00c3\u00a4nde Diggi\"\n                    src=\"http:\/\/www.freimarianne.ch\/wp-content\/gallery\/flugenspitz-amden-8-9-2016\/thumbs\/thumbs_IMG_1871.jpg\"\n                    width=\"100\"\n                    height=\"75\"\n                    style=\"max-width:100%;\"\n                \/>\n            <\/a>\n        <\/div>\n\t\t\t\t\t\t\t<\/div> \n\t\t\t\n        \n\t\t\t\t<div id=\"ngg-image-10\" class=\"ngg-gallery-thumbnail-box\" >\n\t\t\t\t        <div class=\"ngg-gallery-thumbnail\">\n            <a href=\"http:\/\/www.freimarianne.ch\/wp-content\/gallery\/flugenspitz-amden-8-9-2016\/IMG_1882.jpg\"\n               title=\"Abstieg nach Amden\"\n               data-src=\"http:\/\/www.freimarianne.ch\/wp-content\/gallery\/flugenspitz-amden-8-9-2016\/IMG_1882.jpg\"\n               data-thumbnail=\"http:\/\/www.freimarianne.ch\/wp-content\/gallery\/flugenspitz-amden-8-9-2016\/thumbs\/thumbs_IMG_1882.jpg\"\n               data-image-id=\"14387\"\n               data-title=\"Abstieg nach Amden\"\n               data-description=\"Abstieg nach Amden\"\n               data-image-slug=\"img_1882-1\"\n               class=\"shutterset_20725\">\n                <img\n                    title=\"Abstieg nach Amden\"\n                    alt=\"Abstieg nach Amden\"\n                    src=\"http:\/\/www.freimarianne.ch\/wp-content\/gallery\/flugenspitz-amden-8-9-2016\/thumbs\/thumbs_IMG_1882.jpg\"\n                    width=\"100\"\n                    height=\"75\"\n                    style=\"max-width:100%;\"\n                \/>\n            <\/a>\n        <\/div>\n\t\t\t\t\t\t\t<\/div> \n\t\t\t\n        \n\t\t\t\t<div id=\"ngg-image-11\" class=\"ngg-gallery-thumbnail-box\" >\n\t\t\t\t        <div class=\"ngg-gallery-thumbnail\">\n            <a href=\"http:\/\/www.freimarianne.ch\/wp-content\/gallery\/flugenspitz-amden-8-9-2016\/IMG_1887.jpg\"\n               title=\"Zwischenhalt  in Weesen am Walensee\"\n               data-src=\"http:\/\/www.freimarianne.ch\/wp-content\/gallery\/flugenspitz-amden-8-9-2016\/IMG_1887.jpg\"\n               data-thumbnail=\"http:\/\/www.freimarianne.ch\/wp-content\/gallery\/flugenspitz-amden-8-9-2016\/thumbs\/thumbs_IMG_1887.jpg\"\n               data-image-id=\"14386\"\n               data-title=\"Zwischenhalt  in Weesen am Walensee\"\n               data-description=\"Zwischenhalt  in Weesen am Walensee\"\n               data-image-slug=\"img_1887-1\"\n               class=\"shutterset_20725\">\n                <img\n                    title=\"Zwischenhalt  in Weesen am Walensee\"\n                    alt=\"Zwischenhalt  in Weesen am Walensee\"\n                    src=\"http:\/\/www.freimarianne.ch\/wp-content\/gallery\/flugenspitz-amden-8-9-2016\/thumbs\/thumbs_IMG_1887.jpg\"\n                    width=\"100\"\n                    height=\"75\"\n                    style=\"max-width:100%;\"\n                \/>\n            <\/a>\n        <\/div>\n\t\t\t\t\t\t\t<\/div> \n\t\t\t\n        \n\t\t\t\t<div id=\"ngg-image-12\" class=\"ngg-gallery-thumbnail-box\" >\n\t\t\t\t        <div class=\"ngg-gallery-thumbnail\">\n            <a href=\"http:\/\/www.freimarianne.ch\/wp-content\/gallery\/flugenspitz-amden-8-9-2016\/IMG_1888.jpg\"\n               title=\"Weesen am Walensee\"\n               data-src=\"http:\/\/www.freimarianne.ch\/wp-content\/gallery\/flugenspitz-amden-8-9-2016\/IMG_1888.jpg\"\n               data-thumbnail=\"http:\/\/www.freimarianne.ch\/wp-content\/gallery\/flugenspitz-amden-8-9-2016\/thumbs\/thumbs_IMG_1888.jpg\"\n               data-image-id=\"14385\"\n               data-title=\"Weesen am Walensee\"\n               data-description=\"Weesen am Walensee\"\n               data-image-slug=\"img_1888-4\"\n               class=\"shutterset_20725\">\n                <img\n                    title=\"Weesen am Walensee\"\n                    alt=\"Weesen am Walensee\"\n                    src=\"http:\/\/www.freimarianne.ch\/wp-content\/gallery\/flugenspitz-amden-8-9-2016\/thumbs\/thumbs_IMG_1888.jpg\"\n                    width=\"100\"\n                    height=\"75\"\n                    style=\"max-width:100%;\"\n                \/>\n            <\/a>\n        <\/div>\n\t\t\t\t\t\t\t<\/div> \n\t\t\t\n        \n\t\t\n\t\t<!-- Pagination -->\n\t<div class='ngg-clear'><\/div>\t<\/div>\n<\/p>\n","protected":false},"excerpt":{"rendered":"<p>Wanderung vom Arvenb\u00fcel auf den Fl\u00fcgenspitz &#8211; Vorder H\u00f6chi &#8211; Amden Vorder H\u00f6chi 1537m; Kuhidyll mit Rotberg, Sch\u00e4r und Goggeien Heute will ich die AF Tour auf den Fl\u00fcgenspitz und den eventuellen Abstieg nach Amden Dorf vorlaufen. Bei pr\u00e4chtigen Wetter starte ich auf dem Arvenb\u00fcel 1575m und wandere zum First 1663m, von wo der Blick [&hellip;]<\/p>\n","protected":false},"author":1,"featured_media":0,"parent":20294,"menu_order":4,"comment_status":"closed","ping_status":"closed","template":"","meta":{"ngg_post_thumbnail":0},"_links":{"self":[{"href":"http:\/\/www.freimarianne.ch\/index.php?rest_route=\/wp\/v2\/pages\/20572"}],"collection":[{"href":"http:\/\/www.freimarianne.ch\/index.php?rest_route=\/wp\/v2\/pages"}],"about":[{"href":"http:\/\/www.freimarianne.ch\/index.php?rest_route=\/wp\/v2\/types\/page"}],"author":[{"embeddable":true,"href":"http:\/\/www.freimarianne.ch\/index.php?rest_route=\/wp\/v2\/users\/1"}],"replies":[{"embeddable":true,"href":"http:\/\/www.freimarianne.ch\/index.php?rest_route=%2Fwp%2Fv2%2Fcomments&post=20572"}],"version-history":[{"count":6,"href":"http:\/\/www.freimarianne.ch\/index.php?rest_route=\/wp\/v2\/pages\/20572\/revisions"}],"predecessor-version":[{"id":20726,"href":"http:\/\/www.freimarianne.ch\/index.php?rest_route=\/wp\/v2\/pages\/20572\/revisions\/20726"}],"up":[{"embeddable":true,"href":"http:\/\/www.freimarianne.ch\/index.php?rest_route=\/wp\/v2\/pages\/20294"}],"wp:attachment":[{"href":"http:\/\/www.freimarianne.ch\/index.php?rest_route=%2Fwp%2Fv2%2Fmedia&parent=20572"}],"curies":[{"name":"wp","href":"https:\/\/api.w.org\/{rel}","templated":true}]}}