{"id":21771,"date":"2016-12-12T16:32:20","date_gmt":"2016-12-12T15:32:20","guid":{"rendered":"http:\/\/www.freimarianne.ch\/?page_id=21771"},"modified":"2016-12-20T15:55:28","modified_gmt":"2016-12-20T14:55:28","slug":"tagertschi-rubigen-be-20-11-2016","status":"publish","type":"page","link":"http:\/\/www.freimarianne.ch\/?page_id=21771","title":{"rendered":"T\u00e4gertschi &#8211;  Rubigen  BE  20.11.2016"},"content":{"rendered":"<p><strong>Kleine Wanderung von T\u00e4gertschi nach Rubigen<\/strong><\/p>\n<p>Ich m\u00f6chte heute das Alpenpanorama fotografieren aber am Himmel hat es einige Schleierwolken und es ist etwas tr\u00fcbe, auch ist der Ort nicht so geeignet zum Fotografieren, wie ich dachte.<br \/>\nIch wandere von T\u00e4gertschi \u00fcber oberi B\u00e4chle und Herreb\u00e4chle und durch den Wald (Spitzwald) nach Rubigen, was ca. 1 h dauert.<br \/>\nHier erwische ich gerade noch die S Bahn nach Bern, wo ich noch auf die Bundeshaus Terrasse gehe, um die Alpen zu fotografieren.<\/p>\n<p><!-- index.php -->\n<div\n\tclass=\"ngg-galleryoverview ngg-ajax-pagination-none\"\n\tid=\"ngg-gallery-21875-1\">\n\n    \t<div class=\"slideshowlink\">\n        <a href='http:\/\/www.freimarianne.ch\/index.php\/nggallery\/slideshow?page_id=21771'>[Show as slideshow]<\/a>\n\t\t\n\t<\/div>\n\t\t\t<!-- Thumbnails -->\n\t\t\t\t<div id=\"ngg-image-0\" class=\"ngg-gallery-thumbnail-box\" >\n\t\t\t\t        <div class=\"ngg-gallery-thumbnail\">\n            <a href=\"http:\/\/www.freimarianne.ch\/wp-content\/gallery\/tagertschi-20-11-16\/IMG_8465.jpg\"\n               title=\"der Hof oberi B\u00e4chle\"\n               data-src=\"http:\/\/www.freimarianne.ch\/wp-content\/gallery\/tagertschi-20-11-16\/IMG_8465.jpg\"\n               data-thumbnail=\"http:\/\/www.freimarianne.ch\/wp-content\/gallery\/tagertschi-20-11-16\/thumbs\/thumbs_IMG_8465.jpg\"\n               data-image-id=\"14833\"\n               data-title=\"der Hof oberi B\u00c3\u00a4chle\"\n               data-description=\"der Hof oberi B\u00e4chle\"\n               data-image-slug=\"img_8465-3\"\n               class=\"shutterset_21875\">\n                <img\n                    title=\"der Hof oberi B\u00c3\u00a4chle\"\n                    alt=\"der Hof oberi B\u00c3\u00a4chle\"\n                    src=\"http:\/\/www.freimarianne.ch\/wp-content\/gallery\/tagertschi-20-11-16\/thumbs\/thumbs_IMG_8465.jpg\"\n                    width=\"100\"\n                    height=\"75\"\n                    style=\"max-width:100%;\"\n                \/>\n            <\/a>\n        <\/div>\n\t\t\t\t\t\t\t<\/div> \n\t\t\t\n        \n\t\t\t\t<div id=\"ngg-image-1\" class=\"ngg-gallery-thumbnail-box\" >\n\t\t\t\t        <div class=\"ngg-gallery-thumbnail\">\n            <a href=\"http:\/\/www.freimarianne.ch\/wp-content\/gallery\/tagertschi-20-11-16\/IMG_8468.jpg\"\n               title=\"bei Herreb\u00e4chle: M\u00f6nch 4099m, Jungfraujoch, Jungfrau 4158m,Gletscherhorn 3983m,  Ebnefluh 3960m,\"\n               data-src=\"http:\/\/www.freimarianne.ch\/wp-content\/gallery\/tagertschi-20-11-16\/IMG_8468.jpg\"\n               data-thumbnail=\"http:\/\/www.freimarianne.ch\/wp-content\/gallery\/tagertschi-20-11-16\/thumbs\/thumbs_IMG_8468.jpg\"\n               data-image-id=\"14832\"\n               data-title=\"bei Herreb\u00c3\u00a4chle: M\u00c3\u00b6nch 4099m, Jungfraujoch, Jungfrau 4158m,Gletscherhorn 3983m,  Ebnefluh 3960m,\"\n               data-description=\"bei Herreb\u00e4chle: M\u00f6nch 4099m, Jungfraujoch, Jungfrau 4158m,Gletscherhorn 3983m,  Ebnefluh 3960m,\"\n               data-image-slug=\"img_8468-1\"\n               class=\"shutterset_21875\">\n                <img\n                    title=\"bei Herreb\u00c3\u00a4chle: M\u00c3\u00b6nch 4099m, Jungfraujoch, Jungfrau 4158m,Gletscherhorn 3983m,  Ebnefluh 3960m,\"\n                    alt=\"bei Herreb\u00c3\u00a4chle: M\u00c3\u00b6nch 4099m, Jungfraujoch, Jungfrau 4158m,Gletscherhorn 3983m,  Ebnefluh 3960m,\"\n                    src=\"http:\/\/www.freimarianne.ch\/wp-content\/gallery\/tagertschi-20-11-16\/thumbs\/thumbs_IMG_8468.jpg\"\n                    width=\"100\"\n                    height=\"75\"\n                    style=\"max-width:100%;\"\n                \/>\n            <\/a>\n        <\/div>\n\t\t\t\t\t\t\t<\/div> \n\t\t\t\n        \n\t\t\t\t<div id=\"ngg-image-2\" class=\"ngg-gallery-thumbnail-box\" >\n\t\t\t\t        <div class=\"ngg-gallery-thumbnail\">\n            <a href=\"http:\/\/www.freimarianne.ch\/wp-content\/gallery\/tagertschi-20-11-16\/IMG_8471.jpg\"\n               title=\"bei Herreb\u00e4chle: vo Dreispitz 2520m, Morgenhorn 3627m,  Weisse Frau 3652m, Bl\u00fcemlisalphorn 3664m, Oeschinenhorn 3486m,  Fr\u00fcndenhorn, Doldenhorn 3643m, vo Niesen 2362m\"\n               data-src=\"http:\/\/www.freimarianne.ch\/wp-content\/gallery\/tagertschi-20-11-16\/IMG_8471.jpg\"\n               data-thumbnail=\"http:\/\/www.freimarianne.ch\/wp-content\/gallery\/tagertschi-20-11-16\/thumbs\/thumbs_IMG_8471.jpg\"\n               data-image-id=\"14831\"\n               data-title=\"bei Herreb\u00c3\u00a4chle: vo Dreispitz 2520m, Morgenhorn 3627m,  Weisse Frau 3652m, Bl\u00c3\u00bcemlisalphorn 3664m, Oeschinenhorn 3486m,  Fr\u00c3\u00bcndenhorn, Doldenhorn 3643m, vo Niesen 2362m\"\n               data-description=\"bei Herreb\u00e4chle: vo Dreispitz 2520m, Morgenhorn 3627m,  Weisse Frau 3652m, Bl\u00fcemlisalphorn 3664m, Oeschinenhorn 3486m,  Fr\u00fcndenhorn, Doldenhorn 3643m, vo Niesen 2362m\"\n               data-image-slug=\"img_8471-3\"\n               class=\"shutterset_21875\">\n                <img\n                    title=\"bei Herreb\u00c3\u00a4chle: vo Dreispitz 2520m, Morgenhorn 3627m,  Weisse Frau 3652m, Bl\u00c3\u00bcemlisalphorn 3664m, Oeschinenhorn 3486m,  Fr\u00c3\u00bcndenhorn, Doldenhorn 3643m, vo Niesen 2362m\"\n                    alt=\"bei Herreb\u00c3\u00a4chle: vo Dreispitz 2520m, Morgenhorn 3627m,  Weisse Frau 3652m, Bl\u00c3\u00bcemlisalphorn 3664m, Oeschinenhorn 3486m,  Fr\u00c3\u00bcndenhorn, Doldenhorn 3643m, vo Niesen 2362m\"\n                    src=\"http:\/\/www.freimarianne.ch\/wp-content\/gallery\/tagertschi-20-11-16\/thumbs\/thumbs_IMG_8471.jpg\"\n                    width=\"100\"\n                    height=\"75\"\n                    style=\"max-width:100%;\"\n                \/>\n            <\/a>\n        <\/div>\n\t\t\t\t\t\t\t<\/div> \n\t\t\t\n        \n\t\t\t\t<div id=\"ngg-image-3\" class=\"ngg-gallery-thumbnail-box\" >\n\t\t\t\t        <div class=\"ngg-gallery-thumbnail\">\n            <a href=\"http:\/\/www.freimarianne.ch\/wp-content\/gallery\/tagertschi-20-11-16\/IMG_8478.jpg\"\n               title=\"Blick von Herreb\u00e4chle auf die Alpen: Eiger 3970m, M\u00f6nch 4099m, Jungfraujoch, Jungfrau 4158m,Gletscherhorn 3983m,  Ebnefluh 3960m, hi Aletschhorn 4195m, Mittagshorn 3895m, Grosshorn 3765m, hi Schinhorn 3797m,Lauterbrunnen Breithorn 3785m, Gspaltenhorn 3442m\"\n               data-src=\"http:\/\/www.freimarianne.ch\/wp-content\/gallery\/tagertschi-20-11-16\/IMG_8478.jpg\"\n               data-thumbnail=\"http:\/\/www.freimarianne.ch\/wp-content\/gallery\/tagertschi-20-11-16\/thumbs\/thumbs_IMG_8478.jpg\"\n               data-image-id=\"14830\"\n               data-title=\"Blick von Herreb\u00c3\u00a4chle auf die Alpen: Eiger 3970m, M\u00c3\u00b6nch 4099m, Jungfraujoch, Jungfrau 4158m,Gletscherhorn 3983m,  Ebnefluh 3960m, hi Aletschhorn 4195m, Mittagshorn 3895m, Grosshorn 3765m, hi Schinhorn 3797m,Lauterbrunnen Breithorn 3785m, Gspaltenhorn 3442m\"\n               data-description=\"Blick von Herreb\u00e4chle auf die Alpen: Eiger 3970m, M\u00f6nch 4099m, Jungfraujoch, Jungfrau 4158m,Gletscherhorn 3983m,  Ebnefluh 3960m, hi Aletschhorn 4195m, Mittagshorn 3895m, Grosshorn 3765m, hi Schinhorn 3797m,Lauterbrunnen Breithorn 3785m, Gspaltenhorn 3442m\"\n               data-image-slug=\"img_8478-1\"\n               class=\"shutterset_21875\">\n                <img\n                    title=\"Blick von Herreb\u00c3\u00a4chle auf die Alpen: Eiger 3970m, M\u00c3\u00b6nch 4099m, Jungfraujoch, Jungfrau 4158m,Gletscherhorn 3983m,  Ebnefluh 3960m, hi Aletschhorn 4195m, Mittagshorn 3895m, Grosshorn 3765m, hi Schinhorn 3797m,Lauterbrunnen Breithorn 3785m, Gspaltenhorn 3442m\"\n                    alt=\"Blick von Herreb\u00c3\u00a4chle auf die Alpen: Eiger 3970m, M\u00c3\u00b6nch 4099m, Jungfraujoch, Jungfrau 4158m,Gletscherhorn 3983m,  Ebnefluh 3960m, hi Aletschhorn 4195m, Mittagshorn 3895m, Grosshorn 3765m, hi Schinhorn 3797m,Lauterbrunnen Breithorn 3785m, Gspaltenhorn 3442m\"\n                    src=\"http:\/\/www.freimarianne.ch\/wp-content\/gallery\/tagertschi-20-11-16\/thumbs\/thumbs_IMG_8478.jpg\"\n                    width=\"100\"\n                    height=\"75\"\n                    style=\"max-width:100%;\"\n                \/>\n            <\/a>\n        <\/div>\n\t\t\t\t\t\t\t<\/div> \n\t\t\t\n        \n\t\t\t\t<div id=\"ngg-image-4\" class=\"ngg-gallery-thumbnail-box\" >\n\t\t\t\t        <div class=\"ngg-gallery-thumbnail\">\n            <a href=\"http:\/\/www.freimarianne.ch\/wp-content\/gallery\/tagertschi-20-11-16\/IMG_8479.jpg\"\n               title=\"Blick von Herreb\u00e4chle auf die Alpen; von Eiger bis Doldenhorn und Niesen\"\n               data-src=\"http:\/\/www.freimarianne.ch\/wp-content\/gallery\/tagertschi-20-11-16\/IMG_8479.jpg\"\n               data-thumbnail=\"http:\/\/www.freimarianne.ch\/wp-content\/gallery\/tagertschi-20-11-16\/thumbs\/thumbs_IMG_8479.jpg\"\n               data-image-id=\"14829\"\n               data-title=\"Blick von Herreb\u00c3\u00a4chle auf die Alpen; von Eiger bis Doldenhorn und Niesen\"\n               data-description=\"Blick von Herreb\u00e4chle auf die Alpen; von Eiger bis Doldenhorn und Niesen\"\n               data-image-slug=\"img_8479\"\n               class=\"shutterset_21875\">\n                <img\n                    title=\"Blick von Herreb\u00c3\u00a4chle auf die Alpen; von Eiger bis Doldenhorn und Niesen\"\n                    alt=\"Blick von Herreb\u00c3\u00a4chle auf die Alpen; von Eiger bis Doldenhorn und Niesen\"\n                    src=\"http:\/\/www.freimarianne.ch\/wp-content\/gallery\/tagertschi-20-11-16\/thumbs\/thumbs_IMG_8479.jpg\"\n                    width=\"100\"\n                    height=\"75\"\n                    style=\"max-width:100%;\"\n                \/>\n            <\/a>\n        <\/div>\n\t\t\t\t\t\t\t<\/div> \n\t\t\t\n        \n\t\t\t\t<div id=\"ngg-image-5\" class=\"ngg-gallery-thumbnail-box\" >\n\t\t\t\t        <div class=\"ngg-gallery-thumbnail\">\n            <a href=\"http:\/\/www.freimarianne.ch\/wp-content\/gallery\/tagertschi-20-11-16\/Pano-Ba%CC%88chle_Rubigen_8468-75.jpg\"\n               title=\"Panorama  Pkt 595m Herrenb\u00e4chle\"\n               data-src=\"http:\/\/www.freimarianne.ch\/wp-content\/gallery\/tagertschi-20-11-16\/Pano-Ba%CC%88chle_Rubigen_8468-75.jpg\"\n               data-thumbnail=\"http:\/\/www.freimarianne.ch\/wp-content\/gallery\/tagertschi-20-11-16\/thumbs\/thumbs_Pano-Ba%CC%88chle_Rubigen_8468-75.jpg\"\n               data-image-id=\"14828\"\n               data-title=\"Panorama  Pkt 595m Herrenb\u00c3\u00a4chle\"\n               data-description=\"Panorama  Pkt 595m Herrenb\u00e4chle\"\n               data-image-slug=\"pano-ba%cc%88chle_rubigen_8468-75-1\"\n               class=\"shutterset_21875\">\n                <img\n                    title=\"Panorama  Pkt 595m Herrenb\u00c3\u00a4chle\"\n                    alt=\"Panorama  Pkt 595m Herrenb\u00c3\u00a4chle\"\n                    src=\"http:\/\/www.freimarianne.ch\/wp-content\/gallery\/tagertschi-20-11-16\/thumbs\/thumbs_Pano-Ba%CC%88chle_Rubigen_8468-75.jpg\"\n                    width=\"100\"\n                    height=\"75\"\n                    style=\"max-width:100%;\"\n                \/>\n            <\/a>\n        <\/div>\n\t\t\t\t\t\t\t<\/div> \n\t\t\t\n        \n\t\t\t\t<div id=\"ngg-image-6\" class=\"ngg-gallery-thumbnail-box\" >\n\t\t\t\t        <div class=\"ngg-gallery-thumbnail\">\n            <a href=\"http:\/\/www.freimarianne.ch\/wp-content\/gallery\/tagertschi-20-11-16\/Pano-Bundeshaus-8486-88.jpg\"\n               title=\"Panorama von der Bundesterrasse\"\n               data-src=\"http:\/\/www.freimarianne.ch\/wp-content\/gallery\/tagertschi-20-11-16\/Pano-Bundeshaus-8486-88.jpg\"\n               data-thumbnail=\"http:\/\/www.freimarianne.ch\/wp-content\/gallery\/tagertschi-20-11-16\/thumbs\/thumbs_Pano-Bundeshaus-8486-88.jpg\"\n               data-image-id=\"14827\"\n               data-title=\"Panorama von der Bundesterrasse\"\n               data-description=\"Panorama von der Bundesterrasse\"\n               data-image-slug=\"pano-bundeshaus-8486-88\"\n               class=\"shutterset_21875\">\n                <img\n                    title=\"Panorama von der Bundesterrasse\"\n                    alt=\"Panorama von der Bundesterrasse\"\n                    src=\"http:\/\/www.freimarianne.ch\/wp-content\/gallery\/tagertschi-20-11-16\/thumbs\/thumbs_Pano-Bundeshaus-8486-88.jpg\"\n                    width=\"100\"\n                    height=\"75\"\n                    style=\"max-width:100%;\"\n                \/>\n            <\/a>\n        <\/div>\n\t\t\t\t\t\t\t<\/div> \n\t\t\t\n        \n\t\t\n\t\t<!-- Pagination -->\n\t<div class='ngg-clear'><\/div>\t<\/div>\n<\/p>\n","protected":false},"excerpt":{"rendered":"<p>Kleine Wanderung von T\u00e4gertschi nach Rubigen Ich m\u00f6chte heute das Alpenpanorama fotografieren aber am Himmel hat es einige Schleierwolken und es ist etwas tr\u00fcbe, auch ist der Ort nicht so geeignet zum Fotografieren, wie ich dachte. Ich wandere von T\u00e4gertschi \u00fcber oberi B\u00e4chle und Herreb\u00e4chle und durch den Wald (Spitzwald) nach Rubigen, was ca. 1 [&hellip;]<\/p>\n","protected":false},"author":1,"featured_media":0,"parent":20294,"menu_order":24,"comment_status":"closed","ping_status":"closed","template":"","meta":{"ngg_post_thumbnail":0},"_links":{"self":[{"href":"http:\/\/www.freimarianne.ch\/index.php?rest_route=\/wp\/v2\/pages\/21771"}],"collection":[{"href":"http:\/\/www.freimarianne.ch\/index.php?rest_route=\/wp\/v2\/pages"}],"about":[{"href":"http:\/\/www.freimarianne.ch\/index.php?rest_route=\/wp\/v2\/types\/page"}],"author":[{"embeddable":true,"href":"http:\/\/www.freimarianne.ch\/index.php?rest_route=\/wp\/v2\/users\/1"}],"replies":[{"embeddable":true,"href":"http:\/\/www.freimarianne.ch\/index.php?rest_route=%2Fwp%2Fv2%2Fcomments&post=21771"}],"version-history":[{"count":2,"href":"http:\/\/www.freimarianne.ch\/index.php?rest_route=\/wp\/v2\/pages\/21771\/revisions"}],"predecessor-version":[{"id":21876,"href":"http:\/\/www.freimarianne.ch\/index.php?rest_route=\/wp\/v2\/pages\/21771\/revisions\/21876"}],"up":[{"embeddable":true,"href":"http:\/\/www.freimarianne.ch\/index.php?rest_route=\/wp\/v2\/pages\/20294"}],"wp:attachment":[{"href":"http:\/\/www.freimarianne.ch\/index.php?rest_route=%2Fwp%2Fv2%2Fmedia&parent=21771"}],"curies":[{"name":"wp","href":"https:\/\/api.w.org\/{rel}","templated":true}]}}