{"id":22284,"date":"2016-12-20T16:38:05","date_gmt":"2016-12-20T15:38:05","guid":{"rendered":"http:\/\/www.freimarianne.ch\/?page_id=22284"},"modified":"2016-12-20T16:38:50","modified_gmt":"2016-12-20T15:38:50","slug":"martigny-la-batiaz-vs-13-12-2016","status":"publish","type":"page","link":"http:\/\/www.freimarianne.ch\/?page_id=22284","title":{"rendered":"Martigny  &#8211; la B\u00e2tiaz    VS 13.12.2016"},"content":{"rendered":"<p><strong>Von Martigny zur Festung la B\u00e2tiaz und nach le Sommets desVignes<\/strong><\/p>\n<p><img loading=\"lazy\" class=\"size-full wp-image-21921\" src=\"http:\/\/www.freimarianne.ch\/wp-content\/uploads\/2016\/12\/IMG_3475_batiaz_500.jpg\" alt=\"zur\u00fcck nach Martigny mit Pierre Avoi\" width=\"500\" height=\"374\" srcset=\"http:\/\/www.freimarianne.ch\/wp-content\/uploads\/2016\/12\/IMG_3475_batiaz_500.jpg 500w, http:\/\/www.freimarianne.ch\/wp-content\/uploads\/2016\/12\/IMG_3475_batiaz_500-300x224.jpg 300w, http:\/\/www.freimarianne.ch\/wp-content\/uploads\/2016\/12\/IMG_3475_batiaz_500-401x300.jpg 401w\" sizes=\"(max-width: 500px) 100vw, 500px\" \/> zur\u00fcck nach Martigny mit Pierre Avoi<\/p>\n<p>Eigentlich wollten wie den Adonis Weg von Martigny \u00fcber le Charrat nach le Saxon vorlaufen. Aber der Schatten und die damit verbundene K\u00e4lte schrecken uns ab und wir suchen eine kleine Wanderung an der Sonne am Gegenhang zu machen, was uns auch gelingt.<\/p>\n<p>So steigen wir von Martigny Stadt hinauf zum Ch\u00e2teau la B\u00e2tiaz, wo wir uns die Anlage anschauen. Dann finden wir einen Wanderweg durch die Rebberge. Vorerst kommen wir nicht vorw\u00e4rts weil wir Rebst\u00f6cke voller Trauben sehen, die nat\u00fcrlich am Verfaulen sind. Warum wurden diese Trauben nicht gepfl\u00fcckt? Wir probieren die blauen und die weissen Trauben aus und sie schmecken uns. So kommt es, dass wir vor dem Mittagshalt bereits den Dessert essen!<br \/>\nDann wandern wir weiter stets leicht bergan durch die Rebberge, wobei wir zwischendurch Strassen queren m\u00fcssen. Wir geniessen den Sonnenschein und sind froh, dass wir heute nicht im Schatten wandern.<br \/>\nWir erreichen den Weiler le Sommets des Vignes 769m, wo wir wieder gelbe Wegweiser finden. Da wir diese Wanderung nicht vorbereit haben, wissen wir nicht, wohin die Wege uns f\u00fchren werden. Wir steigen noch etwas weiter den Hang hinauf Richtung Ravoire aber machen dann bei einer Lichtung mit einem geschlossenen Ferienhaus Halt und halten hier unsere Mittagspause. Nachher geht es dem selben Weg hinunter nach Martigny.<br \/>\nDies war eine nette Ersatzwanderung, die uns positiv \u00fcberrascht hat.<\/p>\n<p><!-- index.php -->\n<div\n\tclass=\"ngg-galleryoverview ngg-ajax-pagination-none\"\n\tid=\"ngg-gallery-22285-1\">\n\n    \t<div class=\"slideshowlink\">\n        <a href='http:\/\/www.freimarianne.ch\/index.php\/nggallery\/slideshow?page_id=22284'>[Show as slideshow]<\/a>\n\t\t\n\t<\/div>\n\t\t\t<!-- Thumbnails -->\n\t\t\t\t<div id=\"ngg-image-0\" class=\"ngg-gallery-thumbnail-box\" >\n\t\t\t\t        <div class=\"ngg-gallery-thumbnail\">\n            <a href=\"http:\/\/www.freimarianne.ch\/wp-content\/gallery\/batiaz-13-12-2016\/IMG_3424.jpg\"\n               title=\"Ch\u00e2teau la B\u00e2tiaz mit der Kapelle an der Drance\"\n               data-src=\"http:\/\/www.freimarianne.ch\/wp-content\/gallery\/batiaz-13-12-2016\/IMG_3424.jpg\"\n               data-thumbnail=\"http:\/\/www.freimarianne.ch\/wp-content\/gallery\/batiaz-13-12-2016\/thumbs\/thumbs_IMG_3424.jpg\"\n               data-image-id=\"14955\"\n               data-title=\"Ch\u00c3\u00a2teau la B\u00c3\u00a2tiaz mit der Kapelle an der Drance\"\n               data-description=\"Ch\u00e2teau la B\u00e2tiaz mit der Kapelle an der Drance\"\n               data-image-slug=\"img_3424\"\n               class=\"shutterset_22285\">\n                <img\n                    title=\"Ch\u00c3\u00a2teau la B\u00c3\u00a2tiaz mit der Kapelle an der Drance\"\n                    alt=\"Ch\u00c3\u00a2teau la B\u00c3\u00a2tiaz mit der Kapelle an der Drance\"\n                    src=\"http:\/\/www.freimarianne.ch\/wp-content\/gallery\/batiaz-13-12-2016\/thumbs\/thumbs_IMG_3424.jpg\"\n                    width=\"100\"\n                    height=\"75\"\n                    style=\"max-width:100%;\"\n                \/>\n            <\/a>\n        <\/div>\n\t\t\t\t\t\t\t<\/div> \n\t\t\t\n        \n\t\t\t\t<div id=\"ngg-image-1\" class=\"ngg-gallery-thumbnail-box\" >\n\t\t\t\t        <div class=\"ngg-gallery-thumbnail\">\n            <a href=\"http:\/\/www.freimarianne.ch\/wp-content\/gallery\/batiaz-13-12-2016\/IMG_3425.jpg\"\n               title=\"an der Drance; alte Holzbr\u00fccke: Sex Carro 2091m. Grand Chavalard 2899m, Grand Garde\"\n               data-src=\"http:\/\/www.freimarianne.ch\/wp-content\/gallery\/batiaz-13-12-2016\/IMG_3425.jpg\"\n               data-thumbnail=\"http:\/\/www.freimarianne.ch\/wp-content\/gallery\/batiaz-13-12-2016\/thumbs\/thumbs_IMG_3425.jpg\"\n               data-image-id=\"14954\"\n               data-title=\"an der Drance; alte Holzbr\u00c3\u00bccke: Sex Carro 2091m. Grand Chavalard 2899m, Grand Garde\"\n               data-description=\"an der Drance; alte Holzbr\u00fccke: Sex Carro 2091m. Grand Chavalard 2899m, Grand Garde\"\n               data-image-slug=\"img_3425-2\"\n               class=\"shutterset_22285\">\n                <img\n                    title=\"an der Drance; alte Holzbr\u00c3\u00bccke: Sex Carro 2091m. Grand Chavalard 2899m, Grand Garde\"\n                    alt=\"an der Drance; alte Holzbr\u00c3\u00bccke: Sex Carro 2091m. Grand Chavalard 2899m, Grand Garde\"\n                    src=\"http:\/\/www.freimarianne.ch\/wp-content\/gallery\/batiaz-13-12-2016\/thumbs\/thumbs_IMG_3425.jpg\"\n                    width=\"100\"\n                    height=\"75\"\n                    style=\"max-width:100%;\"\n                \/>\n            <\/a>\n        <\/div>\n\t\t\t\t\t\t\t<\/div> \n\t\t\t\n        \n\t\t\t\t<div id=\"ngg-image-2\" class=\"ngg-gallery-thumbnail-box\" >\n\t\t\t\t        <div class=\"ngg-gallery-thumbnail\">\n            <a href=\"http:\/\/www.freimarianne.ch\/wp-content\/gallery\/batiaz-13-12-2016\/IMG_3428.jpg\"\n               title=\"Ch\u00e2teau la B\u00e2tiaz\"\n               data-src=\"http:\/\/www.freimarianne.ch\/wp-content\/gallery\/batiaz-13-12-2016\/IMG_3428.jpg\"\n               data-thumbnail=\"http:\/\/www.freimarianne.ch\/wp-content\/gallery\/batiaz-13-12-2016\/thumbs\/thumbs_IMG_3428.jpg\"\n               data-image-id=\"14953\"\n               data-title=\"Ch\u00c3\u00a2teau la B\u00c3\u00a2tiaz\"\n               data-description=\"Ch\u00e2teau la B\u00e2tiaz\"\n               data-image-slug=\"img_3428\"\n               class=\"shutterset_22285\">\n                <img\n                    title=\"Ch\u00c3\u00a2teau la B\u00c3\u00a2tiaz\"\n                    alt=\"Ch\u00c3\u00a2teau la B\u00c3\u00a2tiaz\"\n                    src=\"http:\/\/www.freimarianne.ch\/wp-content\/gallery\/batiaz-13-12-2016\/thumbs\/thumbs_IMG_3428.jpg\"\n                    width=\"100\"\n                    height=\"75\"\n                    style=\"max-width:100%;\"\n                \/>\n            <\/a>\n        <\/div>\n\t\t\t\t\t\t\t<\/div> \n\t\t\t\n        \n\t\t\t\t<div id=\"ngg-image-3\" class=\"ngg-gallery-thumbnail-box\" >\n\t\t\t\t        <div class=\"ngg-gallery-thumbnail\">\n            <a href=\"http:\/\/www.freimarianne.ch\/wp-content\/gallery\/batiaz-13-12-2016\/IMG_3439.jpg\"\n               title=\"Ch\u00e2teau la B\u00e2tiaz\"\n               data-src=\"http:\/\/www.freimarianne.ch\/wp-content\/gallery\/batiaz-13-12-2016\/IMG_3439.jpg\"\n               data-thumbnail=\"http:\/\/www.freimarianne.ch\/wp-content\/gallery\/batiaz-13-12-2016\/thumbs\/thumbs_IMG_3439.jpg\"\n               data-image-id=\"14952\"\n               data-title=\"Ch\u00c3\u00a2teau la B\u00c3\u00a2tiaz\"\n               data-description=\"Ch\u00e2teau la B\u00e2tiaz\"\n               data-image-slug=\"img_3439-1\"\n               class=\"shutterset_22285\">\n                <img\n                    title=\"Ch\u00c3\u00a2teau la B\u00c3\u00a2tiaz\"\n                    alt=\"Ch\u00c3\u00a2teau la B\u00c3\u00a2tiaz\"\n                    src=\"http:\/\/www.freimarianne.ch\/wp-content\/gallery\/batiaz-13-12-2016\/thumbs\/thumbs_IMG_3439.jpg\"\n                    width=\"100\"\n                    height=\"75\"\n                    style=\"max-width:100%;\"\n                \/>\n            <\/a>\n        <\/div>\n\t\t\t\t\t\t\t<\/div> \n\t\t\t\n        \n\t\t\t\t<div id=\"ngg-image-4\" class=\"ngg-gallery-thumbnail-box\" >\n\t\t\t\t        <div class=\"ngg-gallery-thumbnail\">\n            <a href=\"http:\/\/www.freimarianne.ch\/wp-content\/gallery\/batiaz-13-12-2016\/IMG_3445.jpg\"\n               title=\"beim  Ch\u00e2teaux la B\u00e2tiaz; Sicht talaufw\u00e4rts\"\n               data-src=\"http:\/\/www.freimarianne.ch\/wp-content\/gallery\/batiaz-13-12-2016\/IMG_3445.jpg\"\n               data-thumbnail=\"http:\/\/www.freimarianne.ch\/wp-content\/gallery\/batiaz-13-12-2016\/thumbs\/thumbs_IMG_3445.jpg\"\n               data-image-id=\"14951\"\n               data-title=\"beim  Ch\u00c3\u00a2teaux la B\u00c3\u00a2tiaz; Sicht talaufw\u00c3\u00a4rts\"\n               data-description=\"beim  Ch\u00e2teaux la B\u00e2tiaz; Sicht talaufw\u00e4rts\"\n               data-image-slug=\"img_3445-1\"\n               class=\"shutterset_22285\">\n                <img\n                    title=\"beim  Ch\u00c3\u00a2teaux la B\u00c3\u00a2tiaz; Sicht talaufw\u00c3\u00a4rts\"\n                    alt=\"beim  Ch\u00c3\u00a2teaux la B\u00c3\u00a2tiaz; Sicht talaufw\u00c3\u00a4rts\"\n                    src=\"http:\/\/www.freimarianne.ch\/wp-content\/gallery\/batiaz-13-12-2016\/thumbs\/thumbs_IMG_3445.jpg\"\n                    width=\"100\"\n                    height=\"75\"\n                    style=\"max-width:100%;\"\n                \/>\n            <\/a>\n        <\/div>\n\t\t\t\t\t\t\t<\/div> \n\t\t\t\n        \n\t\t\t\t<div id=\"ngg-image-5\" class=\"ngg-gallery-thumbnail-box\" >\n\t\t\t\t        <div class=\"ngg-gallery-thumbnail\">\n            <a href=\"http:\/\/www.freimarianne.ch\/wp-content\/gallery\/batiaz-13-12-2016\/IMG_3451.jpg\"\n               title=\"Trauben im Dezember !\"\n               data-src=\"http:\/\/www.freimarianne.ch\/wp-content\/gallery\/batiaz-13-12-2016\/IMG_3451.jpg\"\n               data-thumbnail=\"http:\/\/www.freimarianne.ch\/wp-content\/gallery\/batiaz-13-12-2016\/thumbs\/thumbs_IMG_3451.jpg\"\n               data-image-id=\"14950\"\n               data-title=\"Trauben im Dezember !\"\n               data-description=\"Trauben im Dezember !\"\n               data-image-slug=\"img_3451-1\"\n               class=\"shutterset_22285\">\n                <img\n                    title=\"Trauben im Dezember !\"\n                    alt=\"Trauben im Dezember !\"\n                    src=\"http:\/\/www.freimarianne.ch\/wp-content\/gallery\/batiaz-13-12-2016\/thumbs\/thumbs_IMG_3451.jpg\"\n                    width=\"100\"\n                    height=\"75\"\n                    style=\"max-width:100%;\"\n                \/>\n            <\/a>\n        <\/div>\n\t\t\t\t\t\t\t<\/div> \n\t\t\t\n        \n\t\t\t\t<div id=\"ngg-image-6\" class=\"ngg-gallery-thumbnail-box\" >\n\t\t\t\t        <div class=\"ngg-gallery-thumbnail\">\n            <a href=\"http:\/\/www.freimarianne.ch\/wp-content\/gallery\/batiaz-13-12-2016\/IMG_3455.jpg\"\n               title=\"Trauben im Dezember !\"\n               data-src=\"http:\/\/www.freimarianne.ch\/wp-content\/gallery\/batiaz-13-12-2016\/IMG_3455.jpg\"\n               data-thumbnail=\"http:\/\/www.freimarianne.ch\/wp-content\/gallery\/batiaz-13-12-2016\/thumbs\/thumbs_IMG_3455.jpg\"\n               data-image-id=\"14949\"\n               data-title=\"Trauben im Dezember !\"\n               data-description=\"Trauben im Dezember !\"\n               data-image-slug=\"img_3455-1\"\n               class=\"shutterset_22285\">\n                <img\n                    title=\"Trauben im Dezember !\"\n                    alt=\"Trauben im Dezember !\"\n                    src=\"http:\/\/www.freimarianne.ch\/wp-content\/gallery\/batiaz-13-12-2016\/thumbs\/thumbs_IMG_3455.jpg\"\n                    width=\"100\"\n                    height=\"75\"\n                    style=\"max-width:100%;\"\n                \/>\n            <\/a>\n        <\/div>\n\t\t\t\t\t\t\t<\/div> \n\t\t\t\n        \n\t\t\t\t<div id=\"ngg-image-7\" class=\"ngg-gallery-thumbnail-box\" >\n\t\t\t\t        <div class=\"ngg-gallery-thumbnail\">\n            <a href=\"http:\/\/www.freimarianne.ch\/wp-content\/gallery\/batiaz-13-12-2016\/IMG_3458.jpg\"\n               title=\"Blick zur\u00fcck auf Martigny und la B\u00e2tiaz\"\n               data-src=\"http:\/\/www.freimarianne.ch\/wp-content\/gallery\/batiaz-13-12-2016\/IMG_3458.jpg\"\n               data-thumbnail=\"http:\/\/www.freimarianne.ch\/wp-content\/gallery\/batiaz-13-12-2016\/thumbs\/thumbs_IMG_3458.jpg\"\n               data-image-id=\"14948\"\n               data-title=\"Blick zur\u00c3\u00bcck auf Martigny und la B\u00c3\u00a2tiaz\"\n               data-description=\"Blick zur\u00fcck auf Martigny und la B\u00e2tiaz\"\n               data-image-slug=\"img_3458\"\n               class=\"shutterset_22285\">\n                <img\n                    title=\"Blick zur\u00c3\u00bcck auf Martigny und la B\u00c3\u00a2tiaz\"\n                    alt=\"Blick zur\u00c3\u00bcck auf Martigny und la B\u00c3\u00a2tiaz\"\n                    src=\"http:\/\/www.freimarianne.ch\/wp-content\/gallery\/batiaz-13-12-2016\/thumbs\/thumbs_IMG_3458.jpg\"\n                    width=\"100\"\n                    height=\"75\"\n                    style=\"max-width:100%;\"\n                \/>\n            <\/a>\n        <\/div>\n\t\t\t\t\t\t\t<\/div> \n\t\t\t\n        \n\t\t\t\t<div id=\"ngg-image-8\" class=\"ngg-gallery-thumbnail-box\" >\n\t\t\t\t        <div class=\"ngg-gallery-thumbnail\">\n            <a href=\"http:\/\/www.freimarianne.ch\/wp-content\/gallery\/batiaz-13-12-2016\/IMG_3462.jpg\"\n               title=\"gegen le Sommets des Vignes 769m\"\n               data-src=\"http:\/\/www.freimarianne.ch\/wp-content\/gallery\/batiaz-13-12-2016\/IMG_3462.jpg\"\n               data-thumbnail=\"http:\/\/www.freimarianne.ch\/wp-content\/gallery\/batiaz-13-12-2016\/thumbs\/thumbs_IMG_3462.jpg\"\n               data-image-id=\"14947\"\n               data-title=\"gegen le Sommets des Vignes 769m\"\n               data-description=\"gegen le Sommets des Vignes 769m\"\n               data-image-slug=\"img_3462-3\"\n               class=\"shutterset_22285\">\n                <img\n                    title=\"gegen le Sommets des Vignes 769m\"\n                    alt=\"gegen le Sommets des Vignes 769m\"\n                    src=\"http:\/\/www.freimarianne.ch\/wp-content\/gallery\/batiaz-13-12-2016\/thumbs\/thumbs_IMG_3462.jpg\"\n                    width=\"100\"\n                    height=\"75\"\n                    style=\"max-width:100%;\"\n                \/>\n            <\/a>\n        <\/div>\n\t\t\t\t\t\t\t<\/div> \n\t\t\t\n        \n\t\t\t\t<div id=\"ngg-image-9\" class=\"ngg-gallery-thumbnail-box\" >\n\t\t\t\t        <div class=\"ngg-gallery-thumbnail\">\n            <a href=\"http:\/\/www.freimarianne.ch\/wp-content\/gallery\/batiaz-13-12-2016\/IMG_3471.jpg\"\n               title=\"Khakifr\u00fcchte\"\n               data-src=\"http:\/\/www.freimarianne.ch\/wp-content\/gallery\/batiaz-13-12-2016\/IMG_3471.jpg\"\n               data-thumbnail=\"http:\/\/www.freimarianne.ch\/wp-content\/gallery\/batiaz-13-12-2016\/thumbs\/thumbs_IMG_3471.jpg\"\n               data-image-id=\"14946\"\n               data-title=\"Khakifr\u00c3\u00bcchte\"\n               data-description=\"Khakifr\u00fcchte\"\n               data-image-slug=\"img_3471-1\"\n               class=\"shutterset_22285\">\n                <img\n                    title=\"Khakifr\u00c3\u00bcchte\"\n                    alt=\"Khakifr\u00c3\u00bcchte\"\n                    src=\"http:\/\/www.freimarianne.ch\/wp-content\/gallery\/batiaz-13-12-2016\/thumbs\/thumbs_IMG_3471.jpg\"\n                    width=\"100\"\n                    height=\"75\"\n                    style=\"max-width:100%;\"\n                \/>\n            <\/a>\n        <\/div>\n\t\t\t\t\t\t\t<\/div> \n\t\t\t\n        \n\t\t\t\t<div id=\"ngg-image-10\" class=\"ngg-gallery-thumbnail-box\" >\n\t\t\t\t        <div class=\"ngg-gallery-thumbnail\">\n            <a href=\"http:\/\/www.freimarianne.ch\/wp-content\/gallery\/batiaz-13-12-2016\/IMG_3473.jpg\"\n               title=\"zur\u00fcck nach Martigny mit Pierre Avoi\"\n               data-src=\"http:\/\/www.freimarianne.ch\/wp-content\/gallery\/batiaz-13-12-2016\/IMG_3473.jpg\"\n               data-thumbnail=\"http:\/\/www.freimarianne.ch\/wp-content\/gallery\/batiaz-13-12-2016\/thumbs\/thumbs_IMG_3473.jpg\"\n               data-image-id=\"14945\"\n               data-title=\"zur\u00c3\u00bcck nach Martigny mit Pierre Avoi\"\n               data-description=\"zur\u00fcck nach Martigny mit Pierre Avoi\"\n               data-image-slug=\"img_3473\"\n               class=\"shutterset_22285\">\n                <img\n                    title=\"zur\u00c3\u00bcck nach Martigny mit Pierre Avoi\"\n                    alt=\"zur\u00c3\u00bcck nach Martigny mit Pierre Avoi\"\n                    src=\"http:\/\/www.freimarianne.ch\/wp-content\/gallery\/batiaz-13-12-2016\/thumbs\/thumbs_IMG_3473.jpg\"\n                    width=\"100\"\n                    height=\"75\"\n                    style=\"max-width:100%;\"\n                \/>\n            <\/a>\n        <\/div>\n\t\t\t\t\t\t\t<\/div> \n\t\t\t\n        \n\t\t\t\t<div id=\"ngg-image-11\" class=\"ngg-gallery-thumbnail-box\" >\n\t\t\t\t        <div class=\"ngg-gallery-thumbnail\">\n            <a href=\"http:\/\/www.freimarianne.ch\/wp-content\/gallery\/batiaz-13-12-2016\/IMG_3477.jpg\"\n               title=\"Marianne vor Martigny\"\n               data-src=\"http:\/\/www.freimarianne.ch\/wp-content\/gallery\/batiaz-13-12-2016\/IMG_3477.jpg\"\n               data-thumbnail=\"http:\/\/www.freimarianne.ch\/wp-content\/gallery\/batiaz-13-12-2016\/thumbs\/thumbs_IMG_3477.jpg\"\n               data-image-id=\"14944\"\n               data-title=\"Marianne vor Martigny\"\n               data-description=\"Marianne vor Martigny\"\n               data-image-slug=\"img_3477-1\"\n               class=\"shutterset_22285\">\n                <img\n                    title=\"Marianne vor Martigny\"\n                    alt=\"Marianne vor Martigny\"\n                    src=\"http:\/\/www.freimarianne.ch\/wp-content\/gallery\/batiaz-13-12-2016\/thumbs\/thumbs_IMG_3477.jpg\"\n                    width=\"100\"\n                    height=\"75\"\n                    style=\"max-width:100%;\"\n                \/>\n            <\/a>\n        <\/div>\n\t\t\t\t\t\t\t<\/div> \n\t\t\t\n        \n\t\t\n\t\t<!-- Pagination -->\n\t<div class='ngg-clear'><\/div>\t<\/div>\n<\/p>\n","protected":false},"excerpt":{"rendered":"<p>Von Martigny zur Festung la B\u00e2tiaz und nach le Sommets desVignes zur\u00fcck nach Martigny mit Pierre Avoi Eigentlich wollten wie den Adonis Weg von Martigny \u00fcber le Charrat nach le Saxon vorlaufen. Aber der Schatten und die damit verbundene K\u00e4lte schrecken uns ab und wir suchen eine kleine Wanderung an der Sonne am Gegenhang zu [&hellip;]<\/p>\n","protected":false},"author":1,"featured_media":0,"parent":21879,"menu_order":5,"comment_status":"closed","ping_status":"closed","template":"","meta":{"ngg_post_thumbnail":0},"_links":{"self":[{"href":"http:\/\/www.freimarianne.ch\/index.php?rest_route=\/wp\/v2\/pages\/22284"}],"collection":[{"href":"http:\/\/www.freimarianne.ch\/index.php?rest_route=\/wp\/v2\/pages"}],"about":[{"href":"http:\/\/www.freimarianne.ch\/index.php?rest_route=\/wp\/v2\/types\/page"}],"author":[{"embeddable":true,"href":"http:\/\/www.freimarianne.ch\/index.php?rest_route=\/wp\/v2\/users\/1"}],"replies":[{"embeddable":true,"href":"http:\/\/www.freimarianne.ch\/index.php?rest_route=%2Fwp%2Fv2%2Fcomments&post=22284"}],"version-history":[{"count":1,"href":"http:\/\/www.freimarianne.ch\/index.php?rest_route=\/wp\/v2\/pages\/22284\/revisions"}],"predecessor-version":[{"id":22286,"href":"http:\/\/www.freimarianne.ch\/index.php?rest_route=\/wp\/v2\/pages\/22284\/revisions\/22286"}],"up":[{"embeddable":true,"href":"http:\/\/www.freimarianne.ch\/index.php?rest_route=\/wp\/v2\/pages\/21879"}],"wp:attachment":[{"href":"http:\/\/www.freimarianne.ch\/index.php?rest_route=%2Fwp%2Fv2%2Fmedia&parent=22284"}],"curies":[{"name":"wp","href":"https:\/\/api.w.org\/{rel}","templated":true}]}}