{"id":23316,"date":"2017-03-29T15:22:29","date_gmt":"2017-03-29T14:22:29","guid":{"rendered":"http:\/\/www.freimarianne.ch\/?page_id=23316"},"modified":"2017-03-29T15:45:35","modified_gmt":"2017-03-29T14:45:35","slug":"hondrich-aschi-faulensee-spiez-23-3-2017","status":"publish","type":"page","link":"http:\/\/www.freimarianne.ch\/?page_id=23316","title":{"rendered":"Hondrich &#8211; \u00c4schi &#8211; Faulensee &#8211; Spiez   BE   23.3.2017"},"content":{"rendered":"<p><strong>Im Banne des Niesen: Eine Fr\u00fchlingswanderung an einem wundersch\u00f6nen Fr\u00fchlingstag<\/strong><\/p>\n<p><img loading=\"lazy\" src=\"http:\/\/www.freimarianne.ch\/wp-content\/uploads\/2017\/03\/IMG_5280_spiez_500.jpg\" alt=\"\" width=\"500\" height=\"338\" class=\"size-full wp-image-23409\" srcset=\"http:\/\/www.freimarianne.ch\/wp-content\/uploads\/2017\/03\/IMG_5280_spiez_500.jpg 500w, http:\/\/www.freimarianne.ch\/wp-content\/uploads\/2017\/03\/IMG_5280_spiez_500-300x203.jpg 300w, http:\/\/www.freimarianne.ch\/wp-content\/uploads\/2017\/03\/IMG_5280_spiez_500-444x300.jpg 444w\" sizes=\"(max-width: 500px) 100vw, 500px\" \/> gegen Krattigen, Leissigengrat und Morgenberghorn<\/p>\n<p>Beginn der Wanderung in Hondrich Stutz. Ich gehe auf der Waldstrasse um den Hondrichh\u00fcgel herum und dann von hinten hinauf. Hier gibt es keine Aussicht ! Ich wandere \u00fcber Hondrich den gelben Wanderzeichen nach \u00c4schi, wo ich die Kirche besuche und einen kurzen Halt mache. Die Sicht hin\u00fcber zum D\u00fcndenhorn, \u00c4rmighorn und Gehrihorn ist sehr sch\u00f6n.<br \/>\nAuf meinem Weg gegen Krattigen habe ich dann das Panorama vom Leissigengrat, Morgenberghorn, First bis zum Dreispitz vor mir. Dank den Wegweisern finde ich den Weg \u00fcber die Stuhlegg nach H\u00f6h und von dort nach Faulensee. Dem Thunersee entlang wandere ich weiter nach Spiez.<\/p>\n<p><!-- index.php -->\n<div\n\tclass=\"ngg-galleryoverview ngg-ajax-pagination-none\"\n\tid=\"ngg-gallery-23404-1\">\n\n    \t<div class=\"slideshowlink\">\n        <a href='http:\/\/www.freimarianne.ch\/index.php\/nggallery\/slideshow?page_id=23316'>[Show as slideshow]<\/a>\n\t\t\n\t<\/div>\n\t\t\t<!-- Thumbnails -->\n\t\t\t\t<div id=\"ngg-image-0\" class=\"ngg-gallery-thumbnail-box\" >\n\t\t\t\t        <div class=\"ngg-gallery-thumbnail\">\n            <a href=\"http:\/\/www.freimarianne.ch\/wp-content\/gallery\/spiez-23-3-17\/IMG_5223.jpg\"\n               title=\"Niesen\"\n               data-src=\"http:\/\/www.freimarianne.ch\/wp-content\/gallery\/spiez-23-3-17\/IMG_5223.jpg\"\n               data-thumbnail=\"http:\/\/www.freimarianne.ch\/wp-content\/gallery\/spiez-23-3-17\/thumbs\/thumbs_IMG_5223.jpg\"\n               data-image-id=\"15429\"\n               data-title=\"Niesen\"\n               data-description=\"Niesen\"\n               data-image-slug=\"img_5223-3\"\n               class=\"shutterset_23404\">\n                <img\n                    title=\"Niesen\"\n                    alt=\"Niesen\"\n                    src=\"http:\/\/www.freimarianne.ch\/wp-content\/gallery\/spiez-23-3-17\/thumbs\/thumbs_IMG_5223.jpg\"\n                    width=\"100\"\n                    height=\"75\"\n                    style=\"max-width:100%;\"\n                \/>\n            <\/a>\n        <\/div>\n\t\t\t\t\t\t\t<\/div> \n\t\t\t\n        \n\t\t\t\t<div id=\"ngg-image-1\" class=\"ngg-gallery-thumbnail-box\" >\n\t\t\t\t        <div class=\"ngg-gallery-thumbnail\">\n            <a href=\"http:\/\/www.freimarianne.ch\/wp-content\/gallery\/spiez-23-3-17\/IMG_5237.jpg\"\n               title=\"Hohler Lerchensporn, Corydalis cava, Erdrauchgew\u00e4chse, Fumariaceae: rot und weiss\"\n               data-src=\"http:\/\/www.freimarianne.ch\/wp-content\/gallery\/spiez-23-3-17\/IMG_5237.jpg\"\n               data-thumbnail=\"http:\/\/www.freimarianne.ch\/wp-content\/gallery\/spiez-23-3-17\/thumbs\/thumbs_IMG_5237.jpg\"\n               data-image-id=\"15428\"\n               data-title=\"Hohler Lerchensporn, Corydalis cava, Erdrauchgew\u00c3\u00a4chse, Fumariaceae: rot und weiss\"\n               data-description=\"Hohler Lerchensporn, Corydalis cava, Erdrauchgew\u00e4chse, Fumariaceae: rot und weiss\"\n               data-image-slug=\"img_5237-4\"\n               class=\"shutterset_23404\">\n                <img\n                    title=\"Hohler Lerchensporn, Corydalis cava, Erdrauchgew\u00c3\u00a4chse, Fumariaceae: rot und weiss\"\n                    alt=\"Hohler Lerchensporn, Corydalis cava, Erdrauchgew\u00c3\u00a4chse, Fumariaceae: rot und weiss\"\n                    src=\"http:\/\/www.freimarianne.ch\/wp-content\/gallery\/spiez-23-3-17\/thumbs\/thumbs_IMG_5237.jpg\"\n                    width=\"100\"\n                    height=\"75\"\n                    style=\"max-width:100%;\"\n                \/>\n            <\/a>\n        <\/div>\n\t\t\t\t\t\t\t<\/div> \n\t\t\t\n        \n\t\t\t\t<div id=\"ngg-image-2\" class=\"ngg-gallery-thumbnail-box\" >\n\t\t\t\t        <div class=\"ngg-gallery-thumbnail\">\n            <a href=\"http:\/\/www.freimarianne.ch\/wp-content\/gallery\/spiez-23-3-17\/IMG_5245.jpg\"\n               title=\"im Wald unterhalb Aeschi\"\n               data-src=\"http:\/\/www.freimarianne.ch\/wp-content\/gallery\/spiez-23-3-17\/IMG_5245.jpg\"\n               data-thumbnail=\"http:\/\/www.freimarianne.ch\/wp-content\/gallery\/spiez-23-3-17\/thumbs\/thumbs_IMG_5245.jpg\"\n               data-image-id=\"15427\"\n               data-title=\"im Wald unterhalb Aeschi\"\n               data-description=\"im Wald unterhalb Aeschi\"\n               data-image-slug=\"img_5245-1\"\n               class=\"shutterset_23404\">\n                <img\n                    title=\"im Wald unterhalb Aeschi\"\n                    alt=\"im Wald unterhalb Aeschi\"\n                    src=\"http:\/\/www.freimarianne.ch\/wp-content\/gallery\/spiez-23-3-17\/thumbs\/thumbs_IMG_5245.jpg\"\n                    width=\"100\"\n                    height=\"75\"\n                    style=\"max-width:100%;\"\n                \/>\n            <\/a>\n        <\/div>\n\t\t\t\t\t\t\t<\/div> \n\t\t\t\n        \n\t\t\t\t<div id=\"ngg-image-3\" class=\"ngg-gallery-thumbnail-box\" >\n\t\t\t\t        <div class=\"ngg-gallery-thumbnail\">\n            <a href=\"http:\/\/www.freimarianne.ch\/wp-content\/gallery\/spiez-23-3-17\/IMG_5251.jpg\"\n               title=\"die Kirche von Aeschi\"\n               data-src=\"http:\/\/www.freimarianne.ch\/wp-content\/gallery\/spiez-23-3-17\/IMG_5251.jpg\"\n               data-thumbnail=\"http:\/\/www.freimarianne.ch\/wp-content\/gallery\/spiez-23-3-17\/thumbs\/thumbs_IMG_5251.jpg\"\n               data-image-id=\"15426\"\n               data-title=\"die Kirche von Aeschi\"\n               data-description=\"die Kirche von Aeschi\"\n               data-image-slug=\"img_5251-4\"\n               class=\"shutterset_23404\">\n                <img\n                    title=\"die Kirche von Aeschi\"\n                    alt=\"die Kirche von Aeschi\"\n                    src=\"http:\/\/www.freimarianne.ch\/wp-content\/gallery\/spiez-23-3-17\/thumbs\/thumbs_IMG_5251.jpg\"\n                    width=\"100\"\n                    height=\"75\"\n                    style=\"max-width:100%;\"\n                \/>\n            <\/a>\n        <\/div>\n\t\t\t\t\t\t\t<\/div> \n\t\t\t\n        \n\t\t\t\t<div id=\"ngg-image-4\" class=\"ngg-gallery-thumbnail-box\" >\n\t\t\t\t        <div class=\"ngg-gallery-thumbnail\">\n            <a href=\"http:\/\/www.freimarianne.ch\/wp-content\/gallery\/spiez-23-3-17\/IMG_5254.jpg\"\n               title=\"Sicht von \u00c4schi: Aermighorn, Gehrihorn\"\n               data-src=\"http:\/\/www.freimarianne.ch\/wp-content\/gallery\/spiez-23-3-17\/IMG_5254.jpg\"\n               data-thumbnail=\"http:\/\/www.freimarianne.ch\/wp-content\/gallery\/spiez-23-3-17\/thumbs\/thumbs_IMG_5254.jpg\"\n               data-image-id=\"15425\"\n               data-title=\"Sicht von \u00c3\u0084schi: Aermighorn, Gehrihorn\"\n               data-description=\"Sicht von \u00c4schi: Aermighorn, Gehrihorn\"\n               data-image-slug=\"img_5254-2\"\n               class=\"shutterset_23404\">\n                <img\n                    title=\"Sicht von \u00c3\u0084schi: Aermighorn, Gehrihorn\"\n                    alt=\"Sicht von \u00c3\u0084schi: Aermighorn, Gehrihorn\"\n                    src=\"http:\/\/www.freimarianne.ch\/wp-content\/gallery\/spiez-23-3-17\/thumbs\/thumbs_IMG_5254.jpg\"\n                    width=\"100\"\n                    height=\"75\"\n                    style=\"max-width:100%;\"\n                \/>\n            <\/a>\n        <\/div>\n\t\t\t\t\t\t\t<\/div> \n\t\t\t\n        \n\t\t\t\t<div id=\"ngg-image-5\" class=\"ngg-gallery-thumbnail-box\" >\n\t\t\t\t        <div class=\"ngg-gallery-thumbnail\">\n            <a href=\"http:\/\/www.freimarianne.ch\/wp-content\/gallery\/spiez-23-3-17\/IMG_5265.jpg\"\n               title=\"Sicht von \u00c4schi:\"\n               data-src=\"http:\/\/www.freimarianne.ch\/wp-content\/gallery\/spiez-23-3-17\/IMG_5265.jpg\"\n               data-thumbnail=\"http:\/\/www.freimarianne.ch\/wp-content\/gallery\/spiez-23-3-17\/thumbs\/thumbs_IMG_5265.jpg\"\n               data-image-id=\"15424\"\n               data-title=\"Sicht von \u00c3\u0084schi:\"\n               data-description=\"Sicht von \u00c4schi:\"\n               data-image-slug=\"img_5265-4\"\n               class=\"shutterset_23404\">\n                <img\n                    title=\"Sicht von \u00c3\u0084schi:\"\n                    alt=\"Sicht von \u00c3\u0084schi:\"\n                    src=\"http:\/\/www.freimarianne.ch\/wp-content\/gallery\/spiez-23-3-17\/thumbs\/thumbs_IMG_5265.jpg\"\n                    width=\"100\"\n                    height=\"75\"\n                    style=\"max-width:100%;\"\n                \/>\n            <\/a>\n        <\/div>\n\t\t\t\t\t\t\t<\/div> \n\t\t\t\n        \n\t\t\t\t<div id=\"ngg-image-6\" class=\"ngg-gallery-thumbnail-box\" >\n\t\t\t\t        <div class=\"ngg-gallery-thumbnail\">\n            <a href=\"http:\/\/www.freimarianne.ch\/wp-content\/gallery\/spiez-23-3-17\/IMG_5271.jpg\"\n               title=\"Niesen\"\n               data-src=\"http:\/\/www.freimarianne.ch\/wp-content\/gallery\/spiez-23-3-17\/IMG_5271.jpg\"\n               data-thumbnail=\"http:\/\/www.freimarianne.ch\/wp-content\/gallery\/spiez-23-3-17\/thumbs\/thumbs_IMG_5271.jpg\"\n               data-image-id=\"15423\"\n               data-title=\"Niesen\"\n               data-description=\"Niesen\"\n               data-image-slug=\"img_5271-1\"\n               class=\"shutterset_23404\">\n                <img\n                    title=\"Niesen\"\n                    alt=\"Niesen\"\n                    src=\"http:\/\/www.freimarianne.ch\/wp-content\/gallery\/spiez-23-3-17\/thumbs\/thumbs_IMG_5271.jpg\"\n                    width=\"100\"\n                    height=\"75\"\n                    style=\"max-width:100%;\"\n                \/>\n            <\/a>\n        <\/div>\n\t\t\t\t\t\t\t<\/div> \n\t\t\t\n        \n\t\t\t\t<div id=\"ngg-image-7\" class=\"ngg-gallery-thumbnail-box\" >\n\t\t\t\t        <div class=\"ngg-gallery-thumbnail\">\n            <a href=\"http:\/\/www.freimarianne.ch\/wp-content\/gallery\/spiez-23-3-17\/IMG_5284.jpg\"\n               title=\"Niesen\"\n               data-src=\"http:\/\/www.freimarianne.ch\/wp-content\/gallery\/spiez-23-3-17\/IMG_5284.jpg\"\n               data-thumbnail=\"http:\/\/www.freimarianne.ch\/wp-content\/gallery\/spiez-23-3-17\/thumbs\/thumbs_IMG_5284.jpg\"\n               data-image-id=\"15422\"\n               data-title=\"Niesen\"\n               data-description=\"Niesen\"\n               data-image-slug=\"img_5284-1\"\n               class=\"shutterset_23404\">\n                <img\n                    title=\"Niesen\"\n                    alt=\"Niesen\"\n                    src=\"http:\/\/www.freimarianne.ch\/wp-content\/gallery\/spiez-23-3-17\/thumbs\/thumbs_IMG_5284.jpg\"\n                    width=\"100\"\n                    height=\"75\"\n                    style=\"max-width:100%;\"\n                \/>\n            <\/a>\n        <\/div>\n\t\t\t\t\t\t\t<\/div> \n\t\t\t\n        \n\t\t\t\t<div id=\"ngg-image-8\" class=\"ngg-gallery-thumbnail-box\" >\n\t\t\t\t        <div class=\"ngg-gallery-thumbnail\">\n            <a href=\"http:\/\/www.freimarianne.ch\/wp-content\/gallery\/spiez-23-3-17\/IMG_5291.jpg\"\n               title=\"Niesen\"\n               data-src=\"http:\/\/www.freimarianne.ch\/wp-content\/gallery\/spiez-23-3-17\/IMG_5291.jpg\"\n               data-thumbnail=\"http:\/\/www.freimarianne.ch\/wp-content\/gallery\/spiez-23-3-17\/thumbs\/thumbs_IMG_5291.jpg\"\n               data-image-id=\"15421\"\n               data-title=\"Niesen\"\n               data-description=\"Niesen\"\n               data-image-slug=\"img_5291-3\"\n               class=\"shutterset_23404\">\n                <img\n                    title=\"Niesen\"\n                    alt=\"Niesen\"\n                    src=\"http:\/\/www.freimarianne.ch\/wp-content\/gallery\/spiez-23-3-17\/thumbs\/thumbs_IMG_5291.jpg\"\n                    width=\"100\"\n                    height=\"75\"\n                    style=\"max-width:100%;\"\n                \/>\n            <\/a>\n        <\/div>\n\t\t\t\t\t\t\t<\/div> \n\t\t\t\n        \n\t\t\t\t<div id=\"ngg-image-9\" class=\"ngg-gallery-thumbnail-box\" >\n\t\t\t\t        <div class=\"ngg-gallery-thumbnail\">\n            <a href=\"http:\/\/www.freimarianne.ch\/wp-content\/gallery\/spiez-23-3-17\/IMG_5294.jpg\"\n               title=\"Thunersee mit Sigriswiler Rothorn und Niederhorn\"\n               data-src=\"http:\/\/www.freimarianne.ch\/wp-content\/gallery\/spiez-23-3-17\/IMG_5294.jpg\"\n               data-thumbnail=\"http:\/\/www.freimarianne.ch\/wp-content\/gallery\/spiez-23-3-17\/thumbs\/thumbs_IMG_5294.jpg\"\n               data-image-id=\"15420\"\n               data-title=\"Thunersee mit Sigriswiler Rothorn und Niederhorn\"\n               data-description=\"Thunersee mit Sigriswiler Rothorn und Niederhorn\"\n               data-image-slug=\"img_5294\"\n               class=\"shutterset_23404\">\n                <img\n                    title=\"Thunersee mit Sigriswiler Rothorn und Niederhorn\"\n                    alt=\"Thunersee mit Sigriswiler Rothorn und Niederhorn\"\n                    src=\"http:\/\/www.freimarianne.ch\/wp-content\/gallery\/spiez-23-3-17\/thumbs\/thumbs_IMG_5294.jpg\"\n                    width=\"100\"\n                    height=\"75\"\n                    style=\"max-width:100%;\"\n                \/>\n            <\/a>\n        <\/div>\n\t\t\t\t\t\t\t<\/div> \n\t\t\t\n        \n\t\t\t\t<div id=\"ngg-image-10\" class=\"ngg-gallery-thumbnail-box\" >\n\t\t\t\t        <div class=\"ngg-gallery-thumbnail\">\n            <a href=\"http:\/\/www.freimarianne.ch\/wp-content\/gallery\/spiez-23-3-17\/IMG_5297.jpg\"\n               title=\"Thunersee bei Faulensee\"\n               data-src=\"http:\/\/www.freimarianne.ch\/wp-content\/gallery\/spiez-23-3-17\/IMG_5297.jpg\"\n               data-thumbnail=\"http:\/\/www.freimarianne.ch\/wp-content\/gallery\/spiez-23-3-17\/thumbs\/thumbs_IMG_5297.jpg\"\n               data-image-id=\"15419\"\n               data-title=\"Thunersee bei Faulensee\"\n               data-description=\"Thunersee bei Faulensee\"\n               data-image-slug=\"img_5297-3\"\n               class=\"shutterset_23404\">\n                <img\n                    title=\"Thunersee bei Faulensee\"\n                    alt=\"Thunersee bei Faulensee\"\n                    src=\"http:\/\/www.freimarianne.ch\/wp-content\/gallery\/spiez-23-3-17\/thumbs\/thumbs_IMG_5297.jpg\"\n                    width=\"100\"\n                    height=\"75\"\n                    style=\"max-width:100%;\"\n                \/>\n            <\/a>\n        <\/div>\n\t\t\t\t\t\t\t<\/div> \n\t\t\t\n        \n\t\t\t\t<div id=\"ngg-image-11\" class=\"ngg-gallery-thumbnail-box\" >\n\t\t\t\t        <div class=\"ngg-gallery-thumbnail\">\n            <a href=\"http:\/\/www.freimarianne.ch\/wp-content\/gallery\/spiez-23-3-17\/IMG_5302.jpg\"\n               title=\"Thunersee bei Faulensee; Morgenberghorn, Schwalmere, First, Dreispitz\"\n               data-src=\"http:\/\/www.freimarianne.ch\/wp-content\/gallery\/spiez-23-3-17\/IMG_5302.jpg\"\n               data-thumbnail=\"http:\/\/www.freimarianne.ch\/wp-content\/gallery\/spiez-23-3-17\/thumbs\/thumbs_IMG_5302.jpg\"\n               data-image-id=\"15418\"\n               data-title=\"Thunersee bei Faulensee; Morgenberghorn, Schwalmere, First, Dreispitz\"\n               data-description=\"Thunersee bei Faulensee; Morgenberghorn, Schwalmere, First, Dreispitz\"\n               data-image-slug=\"img_5302-1\"\n               class=\"shutterset_23404\">\n                <img\n                    title=\"Thunersee bei Faulensee; Morgenberghorn, Schwalmere, First, Dreispitz\"\n                    alt=\"Thunersee bei Faulensee; Morgenberghorn, Schwalmere, First, Dreispitz\"\n                    src=\"http:\/\/www.freimarianne.ch\/wp-content\/gallery\/spiez-23-3-17\/thumbs\/thumbs_IMG_5302.jpg\"\n                    width=\"100\"\n                    height=\"75\"\n                    style=\"max-width:100%;\"\n                \/>\n            <\/a>\n        <\/div>\n\t\t\t\t\t\t\t<\/div> \n\t\t\t\n        \n\t\t\t\t<div id=\"ngg-image-12\" class=\"ngg-gallery-thumbnail-box\" >\n\t\t\t\t        <div class=\"ngg-gallery-thumbnail\">\n            <a href=\"http:\/\/www.freimarianne.ch\/wp-content\/gallery\/spiez-23-3-17\/IMG_5308.jpg\"\n               title=\"Niederhorn\"\n               data-src=\"http:\/\/www.freimarianne.ch\/wp-content\/gallery\/spiez-23-3-17\/IMG_5308.jpg\"\n               data-thumbnail=\"http:\/\/www.freimarianne.ch\/wp-content\/gallery\/spiez-23-3-17\/thumbs\/thumbs_IMG_5308.jpg\"\n               data-image-id=\"15417\"\n               data-title=\"Niederhorn\"\n               data-description=\"Niederhorn\"\n               data-image-slug=\"img_5308\"\n               class=\"shutterset_23404\">\n                <img\n                    title=\"Niederhorn\"\n                    alt=\"Niederhorn\"\n                    src=\"http:\/\/www.freimarianne.ch\/wp-content\/gallery\/spiez-23-3-17\/thumbs\/thumbs_IMG_5308.jpg\"\n                    width=\"100\"\n                    height=\"75\"\n                    style=\"max-width:100%;\"\n                \/>\n            <\/a>\n        <\/div>\n\t\t\t\t\t\t\t<\/div> \n\t\t\t\n        \n\t\t\t\t<div id=\"ngg-image-13\" class=\"ngg-gallery-thumbnail-box\" >\n\t\t\t\t        <div class=\"ngg-gallery-thumbnail\">\n            <a href=\"http:\/\/www.freimarianne.ch\/wp-content\/gallery\/spiez-23-3-17\/IMG_5310.jpg\"\n               title=\"Spiez\"\n               data-src=\"http:\/\/www.freimarianne.ch\/wp-content\/gallery\/spiez-23-3-17\/IMG_5310.jpg\"\n               data-thumbnail=\"http:\/\/www.freimarianne.ch\/wp-content\/gallery\/spiez-23-3-17\/thumbs\/thumbs_IMG_5310.jpg\"\n               data-image-id=\"15416\"\n               data-title=\"Spiez\"\n               data-description=\"Spiez\"\n               data-image-slug=\"img_5310-2\"\n               class=\"shutterset_23404\">\n                <img\n                    title=\"Spiez\"\n                    alt=\"Spiez\"\n                    src=\"http:\/\/www.freimarianne.ch\/wp-content\/gallery\/spiez-23-3-17\/thumbs\/thumbs_IMG_5310.jpg\"\n                    width=\"100\"\n                    height=\"75\"\n                    style=\"max-width:100%;\"\n                \/>\n            <\/a>\n        <\/div>\n\t\t\t\t\t\t\t<\/div> \n\t\t\t\n        \n\t\t\n\t\t<!-- Pagination -->\n\t<div class='ngg-clear'><\/div>\t<\/div>\n<\/p>\n","protected":false},"excerpt":{"rendered":"<p>Im Banne des Niesen: Eine Fr\u00fchlingswanderung an einem wundersch\u00f6nen Fr\u00fchlingstag gegen Krattigen, Leissigengrat und Morgenberghorn Beginn der Wanderung in Hondrich Stutz. Ich gehe auf der Waldstrasse um den Hondrichh\u00fcgel herum und dann von hinten hinauf. Hier gibt es keine Aussicht ! Ich wandere \u00fcber Hondrich den gelben Wanderzeichen nach \u00c4schi, wo ich die Kirche besuche [&hellip;]<\/p>\n","protected":false},"author":1,"featured_media":0,"parent":23152,"menu_order":4,"comment_status":"closed","ping_status":"closed","template":"","meta":{"ngg_post_thumbnail":0},"_links":{"self":[{"href":"http:\/\/www.freimarianne.ch\/index.php?rest_route=\/wp\/v2\/pages\/23316"}],"collection":[{"href":"http:\/\/www.freimarianne.ch\/index.php?rest_route=\/wp\/v2\/pages"}],"about":[{"href":"http:\/\/www.freimarianne.ch\/index.php?rest_route=\/wp\/v2\/types\/page"}],"author":[{"embeddable":true,"href":"http:\/\/www.freimarianne.ch\/index.php?rest_route=\/wp\/v2\/users\/1"}],"replies":[{"embeddable":true,"href":"http:\/\/www.freimarianne.ch\/index.php?rest_route=%2Fwp%2Fv2%2Fcomments&post=23316"}],"version-history":[{"count":4,"href":"http:\/\/www.freimarianne.ch\/index.php?rest_route=\/wp\/v2\/pages\/23316\/revisions"}],"predecessor-version":[{"id":23410,"href":"http:\/\/www.freimarianne.ch\/index.php?rest_route=\/wp\/v2\/pages\/23316\/revisions\/23410"}],"up":[{"embeddable":true,"href":"http:\/\/www.freimarianne.ch\/index.php?rest_route=\/wp\/v2\/pages\/23152"}],"wp:attachment":[{"href":"http:\/\/www.freimarianne.ch\/index.php?rest_route=%2Fwp%2Fv2%2Fmedia&parent=23316"}],"curies":[{"name":"wp","href":"https:\/\/api.w.org\/{rel}","templated":true}]}}