{"id":23414,"date":"2017-04-17T10:09:59","date_gmt":"2017-04-17T09:09:59","guid":{"rendered":"http:\/\/www.freimarianne.ch\/?page_id=23414"},"modified":"2017-04-19T14:19:44","modified_gmt":"2017-04-19T13:19:44","slug":"von-brunnen-nach-gersau-sz-31-3-2017","status":"publish","type":"page","link":"http:\/\/www.freimarianne.ch\/?page_id=23414","title":{"rendered":"Von Brunnen nach Gersau  SZ  31.3.2017"},"content":{"rendered":"<p><strong>Waldst\u00e4tterweg von Brunnen nach Gersau<\/strong><\/p>\n<p><img loading=\"lazy\" class=\"size-full wp-image-23428\" src=\"http:\/\/www.freimarianne.ch\/wp-content\/uploads\/2017\/04\/IMG_5500_waldsta\u0308tt_500.jpg\" alt=\"\" width=\"500\" height=\"375\" srcset=\"http:\/\/www.freimarianne.ch\/wp-content\/uploads\/2017\/04\/IMG_5500_waldsta\u0308tt_500.jpg 500w, http:\/\/www.freimarianne.ch\/wp-content\/uploads\/2017\/04\/IMG_5500_waldsta\u0308tt_500-300x225.jpg 300w, http:\/\/www.freimarianne.ch\/wp-content\/uploads\/2017\/04\/IMG_5500_waldsta\u0308tt_500-400x300.jpg 400w\" sizes=\"(max-width: 500px) 100vw, 500px\" \/><br \/>\nNiderbauen; mi Schwalmis 2246m; Klewenalp; Buochserhorn<\/p>\n<p>Die Etappe 1 des Waldst\u00e4tterwegs von Brunnen nach Gersau &#8211; Vitznau beginnt am Hafen von Brunnen. Wir beginnen die Wanderung um 10.15h.<br \/>\nBei sch\u00f6nstem Wetter gehen wir \u00fcber den Vierwaldst\u00e4ttersquai mit Sicht auf die Urner Berge wie B\u00e4lmetten, Bristen und Gitschen und gelangen dann zum Auslandschweizerplatz. Bis hieher erfreuten wir uns an der Sicht auf den See und die Berge. Dann aber beginnt ein m\u00fchseliger Marsch auf dem Trottoir der Seestrasse bis Fallenbach. Wir sind 40 min auf Teer gegangen! Wir h\u00e4tten besser den Bus genommen!<br \/>\nIn Fallenbach k\u00f6nnen wir auf den Wanderweg wechseln, der gleich steil den Hang hinaufgeht, um dann bei Br\u00fclischart wieder am See unten zu enden (neu erstellter Metallweg) ! Wir h\u00e4tten also gleich nach Br\u00fclischart, Haltestelle Seeschl\u00f6ssli fahren k\u00f6nnen !<br \/>\nVon Br\u00fcnischart an sind wir dann wirklich auf dem Wanderweg, der bald steil hinauf in den Bergwald f\u00fchrt und stellenweise sehr hohe Holzstufen und auch leicht ausgesetzte Stellen aufweist. Eine Panoramasicht gibt es erst auf dem Aussichtspunkt Oberholz ( mit Panoramatafel), wo eine Bank steht. Man sollte erst an diesem Punkt den Mittagshalt einschalten! Nach diesem Punkt ist der Pfad weniger ausgesetzt, da der Berghang eine kleinere Neigung hat (man muss bedenken, dass man immer in der steilen Rigilehne wandert).<br \/>\nLeider kommen wir vor Gersau auf eine Waldstrasse und etwas sp\u00e4ter auf die Teerstrasse, die durch die am Hang liegenden H\u00e4user f\u00fchrt. Zum Gl\u00fcck f\u00fchrt dann ein kleiner Weg zwischen den H\u00e4usern hindurch an den See hinunter, den wir nach 14 h erreichen.<br \/>\nEigentlich haben wir erst den ersten Teil der Wanderung gemacht, aber da wir etwas frustriert sind und es auch recht warm ist, beschliessen wir, schon hier das Schiff nach Luzern zu nehmen. Wir haben keine Lust mehr, auf Teerstrassen durch Gersau zu wandern und wissen auch nicht, wie der Weg nach Vitznau sein wird.<br \/>\nUnd siehe da! Schon biegt das Schiff um die Ecke und f\u00e4hrt um 14.14h los.<br \/>\nWir sind etwas entt\u00e4uscht von dieser Wanderung. Die Ausschreibung &#8211; ein Hauch von S\u00fcden und pr\u00e4chtige Aussicht &#8211; entspricht nicht ganz den Tatsachen. Auch ist der Weg nicht f\u00fcr alle Leute geeignet, da er wirklich Trittfestigkeit im teilweise sehr steilen Gel\u00e4nde voraussetzt.<\/p>\n<p>Laut Schweizmobil:<br \/>\nDistanz: 8.55km; Aufstieg: 367m; Abstieg: 370m; Wanderzeit: 2h 51h<\/p>\n<p><a href=\"https:\/\/map.wanderland.ch\/?lang=de&amp;route=all&amp;bgLayer=pk&amp;resolution=10&amp;X=685891&amp;Y=205512&amp;layers=Wanderland%2CStation&amp;trackId=3359368\">Karte Schweiz mobil:<\/a><\/p>\n<p><!-- index.php -->\n<div\n\tclass=\"ngg-galleryoverview ngg-ajax-pagination-none\"\n\tid=\"ngg-gallery-23728-1\">\n\n    \t<div class=\"slideshowlink\">\n        <a href='http:\/\/www.freimarianne.ch\/index.php\/nggallery\/slideshow?page_id=23414'>[Show as slideshow]<\/a>\n\t\t\n\t<\/div>\n\t\t\t<!-- Thumbnails -->\n\t\t\t\t<div id=\"ngg-image-0\" class=\"ngg-gallery-thumbnail-box\" >\n\t\t\t\t        <div class=\"ngg-gallery-thumbnail\">\n            <a href=\"http:\/\/www.freimarianne.ch\/wp-content\/gallery\/brunnen-gersau-31-3-17\/IMG_5483.jpg\"\n               title=\"Niederbauen, Schwalmis\"\n               data-src=\"http:\/\/www.freimarianne.ch\/wp-content\/gallery\/brunnen-gersau-31-3-17\/IMG_5483.jpg\"\n               data-thumbnail=\"http:\/\/www.freimarianne.ch\/wp-content\/gallery\/brunnen-gersau-31-3-17\/thumbs\/thumbs_IMG_5483.jpg\"\n               data-image-id=\"15478\"\n               data-title=\"Niederbauen, Schwalmis\"\n               data-description=\"Niederbauen, Schwalmis\"\n               data-image-slug=\"img_5483-1\"\n               class=\"shutterset_23728\">\n                <img\n                    title=\"Niederbauen, Schwalmis\"\n                    alt=\"Niederbauen, Schwalmis\"\n                    src=\"http:\/\/www.freimarianne.ch\/wp-content\/gallery\/brunnen-gersau-31-3-17\/thumbs\/thumbs_IMG_5483.jpg\"\n                    width=\"100\"\n                    height=\"75\"\n                    style=\"max-width:100%;\"\n                \/>\n            <\/a>\n        <\/div>\n\t\t\t\t\t\t\t<\/div> \n\t\t\t\n        \n\t\t\t\t<div id=\"ngg-image-1\" class=\"ngg-gallery-thumbnail-box\" >\n\t\t\t\t        <div class=\"ngg-gallery-thumbnail\">\n            <a href=\"http:\/\/www.freimarianne.ch\/wp-content\/gallery\/brunnen-gersau-31-3-17\/IMG_5490.jpg\"\n               title=\"\u00fcber ein Tobel\"\n               data-src=\"http:\/\/www.freimarianne.ch\/wp-content\/gallery\/brunnen-gersau-31-3-17\/IMG_5490.jpg\"\n               data-thumbnail=\"http:\/\/www.freimarianne.ch\/wp-content\/gallery\/brunnen-gersau-31-3-17\/thumbs\/thumbs_IMG_5490.jpg\"\n               data-image-id=\"15477\"\n               data-title=\"\u00c3\u00bcber ein Tobel\"\n               data-description=\"\u00fcber ein Tobel\"\n               data-image-slug=\"img_5490\"\n               class=\"shutterset_23728\">\n                <img\n                    title=\"\u00c3\u00bcber ein Tobel\"\n                    alt=\"\u00c3\u00bcber ein Tobel\"\n                    src=\"http:\/\/www.freimarianne.ch\/wp-content\/gallery\/brunnen-gersau-31-3-17\/thumbs\/thumbs_IMG_5490.jpg\"\n                    width=\"100\"\n                    height=\"75\"\n                    style=\"max-width:100%;\"\n                \/>\n            <\/a>\n        <\/div>\n\t\t\t\t\t\t\t<\/div> \n\t\t\t\n        \n\t\t\t\t<div id=\"ngg-image-2\" class=\"ngg-gallery-thumbnail-box\" >\n\t\t\t\t        <div class=\"ngg-gallery-thumbnail\">\n            <a href=\"http:\/\/www.freimarianne.ch\/wp-content\/gallery\/brunnen-gersau-31-3-17\/IMG_5492.jpg\"\n               title=\"Stege\"\n               data-src=\"http:\/\/www.freimarianne.ch\/wp-content\/gallery\/brunnen-gersau-31-3-17\/IMG_5492.jpg\"\n               data-thumbnail=\"http:\/\/www.freimarianne.ch\/wp-content\/gallery\/brunnen-gersau-31-3-17\/thumbs\/thumbs_IMG_5492.jpg\"\n               data-image-id=\"15476\"\n               data-title=\"Stege\"\n               data-description=\"Stege\"\n               data-image-slug=\"img_5492\"\n               class=\"shutterset_23728\">\n                <img\n                    title=\"Stege\"\n                    alt=\"Stege\"\n                    src=\"http:\/\/www.freimarianne.ch\/wp-content\/gallery\/brunnen-gersau-31-3-17\/thumbs\/thumbs_IMG_5492.jpg\"\n                    width=\"100\"\n                    height=\"75\"\n                    style=\"max-width:100%;\"\n                \/>\n            <\/a>\n        <\/div>\n\t\t\t\t\t\t\t<\/div> \n\t\t\t\n        \n\t\t\t\t<div id=\"ngg-image-3\" class=\"ngg-gallery-thumbnail-box\" >\n\t\t\t\t        <div class=\"ngg-gallery-thumbnail\">\n            <a href=\"http:\/\/www.freimarianne.ch\/wp-content\/gallery\/brunnen-gersau-31-3-17\/IMG_5498.jpg\"\n               title=\"Gross Mythen, Rothenflue; bei Br\u00fcnischart\"\n               data-src=\"http:\/\/www.freimarianne.ch\/wp-content\/gallery\/brunnen-gersau-31-3-17\/IMG_5498.jpg\"\n               data-thumbnail=\"http:\/\/www.freimarianne.ch\/wp-content\/gallery\/brunnen-gersau-31-3-17\/thumbs\/thumbs_IMG_5498.jpg\"\n               data-image-id=\"15475\"\n               data-title=\"Gross Mythen, Rothenflue; bei Br\u00c3\u00bcnischart\"\n               data-description=\"Gross Mythen, Rothenflue; bei Br\u00fcnischart\"\n               data-image-slug=\"img_5498\"\n               class=\"shutterset_23728\">\n                <img\n                    title=\"Gross Mythen, Rothenflue; bei Br\u00c3\u00bcnischart\"\n                    alt=\"Gross Mythen, Rothenflue; bei Br\u00c3\u00bcnischart\"\n                    src=\"http:\/\/www.freimarianne.ch\/wp-content\/gallery\/brunnen-gersau-31-3-17\/thumbs\/thumbs_IMG_5498.jpg\"\n                    width=\"100\"\n                    height=\"75\"\n                    style=\"max-width:100%;\"\n                \/>\n            <\/a>\n        <\/div>\n\t\t\t\t\t\t\t<\/div> \n\t\t\t\n        \n\t\t\t\t<div id=\"ngg-image-4\" class=\"ngg-gallery-thumbnail-box\" >\n\t\t\t\t        <div class=\"ngg-gallery-thumbnail\">\n            <a href=\"http:\/\/www.freimarianne.ch\/wp-content\/gallery\/brunnen-gersau-31-3-17\/IMG_5502.jpg\"\n               title=\"Marianne vor SCHWALMIS\"\n               data-src=\"http:\/\/www.freimarianne.ch\/wp-content\/gallery\/brunnen-gersau-31-3-17\/IMG_5502.jpg\"\n               data-thumbnail=\"http:\/\/www.freimarianne.ch\/wp-content\/gallery\/brunnen-gersau-31-3-17\/thumbs\/thumbs_IMG_5502.jpg\"\n               data-image-id=\"15474\"\n               data-title=\"Marianne vor SCHWALMIS\"\n               data-description=\"Marianne vor SCHWALMIS\"\n               data-image-slug=\"img_5502-2\"\n               class=\"shutterset_23728\">\n                <img\n                    title=\"Marianne vor SCHWALMIS\"\n                    alt=\"Marianne vor SCHWALMIS\"\n                    src=\"http:\/\/www.freimarianne.ch\/wp-content\/gallery\/brunnen-gersau-31-3-17\/thumbs\/thumbs_IMG_5502.jpg\"\n                    width=\"100\"\n                    height=\"75\"\n                    style=\"max-width:100%;\"\n                \/>\n            <\/a>\n        <\/div>\n\t\t\t\t\t\t\t<\/div> \n\t\t\t\n        \n\t\t\t\t<div id=\"ngg-image-5\" class=\"ngg-gallery-thumbnail-box\" >\n\t\t\t\t        <div class=\"ngg-gallery-thumbnail\">\n            <a href=\"http:\/\/www.freimarianne.ch\/wp-content\/gallery\/brunnen-gersau-31-3-17\/IMG_5513.jpg\"\n               title=\"Sicht durch den Wald\"\n               data-src=\"http:\/\/www.freimarianne.ch\/wp-content\/gallery\/brunnen-gersau-31-3-17\/IMG_5513.jpg\"\n               data-thumbnail=\"http:\/\/www.freimarianne.ch\/wp-content\/gallery\/brunnen-gersau-31-3-17\/thumbs\/thumbs_IMG_5513.jpg\"\n               data-image-id=\"15473\"\n               data-title=\"Sicht durch den Wald\"\n               data-description=\"Sicht durch den Wald\"\n               data-image-slug=\"img_5513-1\"\n               class=\"shutterset_23728\">\n                <img\n                    title=\"Sicht durch den Wald\"\n                    alt=\"Sicht durch den Wald\"\n                    src=\"http:\/\/www.freimarianne.ch\/wp-content\/gallery\/brunnen-gersau-31-3-17\/thumbs\/thumbs_IMG_5513.jpg\"\n                    width=\"100\"\n                    height=\"75\"\n                    style=\"max-width:100%;\"\n                \/>\n            <\/a>\n        <\/div>\n\t\t\t\t\t\t\t<\/div> \n\t\t\t\n        \n\t\t\t\t<div id=\"ngg-image-6\" class=\"ngg-gallery-thumbnail-box\" >\n\t\t\t\t        <div class=\"ngg-gallery-thumbnail\">\n            <a href=\"http:\/\/www.freimarianne.ch\/wp-content\/gallery\/brunnen-gersau-31-3-17\/IMG_5522.jpg\"\n               title=\"Hepatica; Leberbl\u00fcmchen\"\n               data-src=\"http:\/\/www.freimarianne.ch\/wp-content\/gallery\/brunnen-gersau-31-3-17\/IMG_5522.jpg\"\n               data-thumbnail=\"http:\/\/www.freimarianne.ch\/wp-content\/gallery\/brunnen-gersau-31-3-17\/thumbs\/thumbs_IMG_5522.jpg\"\n               data-image-id=\"15472\"\n               data-title=\"Hepatica; Leberbl\u00c3\u00bcmchen\"\n               data-description=\"Hepatica; Leberbl\u00fcmchen\"\n               data-image-slug=\"img_5522-1\"\n               class=\"shutterset_23728\">\n                <img\n                    title=\"Hepatica; Leberbl\u00c3\u00bcmchen\"\n                    alt=\"Hepatica; Leberbl\u00c3\u00bcmchen\"\n                    src=\"http:\/\/www.freimarianne.ch\/wp-content\/gallery\/brunnen-gersau-31-3-17\/thumbs\/thumbs_IMG_5522.jpg\"\n                    width=\"100\"\n                    height=\"75\"\n                    style=\"max-width:100%;\"\n                \/>\n            <\/a>\n        <\/div>\n\t\t\t\t\t\t\t<\/div> \n\t\t\t\n        \n\t\t\t\t<div id=\"ngg-image-7\" class=\"ngg-gallery-thumbnail-box\" >\n\t\t\t\t        <div class=\"ngg-gallery-thumbnail\">\n            <a href=\"http:\/\/www.freimarianne.ch\/wp-content\/gallery\/brunnen-gersau-31-3-17\/IMG_5525.jpg\"\n               title=\"Bruni unterwegs\"\n               data-src=\"http:\/\/www.freimarianne.ch\/wp-content\/gallery\/brunnen-gersau-31-3-17\/IMG_5525.jpg\"\n               data-thumbnail=\"http:\/\/www.freimarianne.ch\/wp-content\/gallery\/brunnen-gersau-31-3-17\/thumbs\/thumbs_IMG_5525.jpg\"\n               data-image-id=\"15471\"\n               data-title=\"Bruni unterwegs\"\n               data-description=\"Bruni unterwegs\"\n               data-image-slug=\"img_5525-1\"\n               class=\"shutterset_23728\">\n                <img\n                    title=\"Bruni unterwegs\"\n                    alt=\"Bruni unterwegs\"\n                    src=\"http:\/\/www.freimarianne.ch\/wp-content\/gallery\/brunnen-gersau-31-3-17\/thumbs\/thumbs_IMG_5525.jpg\"\n                    width=\"100\"\n                    height=\"75\"\n                    style=\"max-width:100%;\"\n                \/>\n            <\/a>\n        <\/div>\n\t\t\t\t\t\t\t<\/div> \n\t\t\t\n        \n\t\t\t\t<div id=\"ngg-image-8\" class=\"ngg-gallery-thumbnail-box\" >\n\t\t\t\t        <div class=\"ngg-gallery-thumbnail\">\n            <a href=\"http:\/\/www.freimarianne.ch\/wp-content\/gallery\/brunnen-gersau-31-3-17\/IMG_5539.jpg\"\n               title=\"li Fulen, Rossstock,Hundsstock, Diepen, Rohaien\"\n               data-src=\"http:\/\/www.freimarianne.ch\/wp-content\/gallery\/brunnen-gersau-31-3-17\/IMG_5539.jpg\"\n               data-thumbnail=\"http:\/\/www.freimarianne.ch\/wp-content\/gallery\/brunnen-gersau-31-3-17\/thumbs\/thumbs_IMG_5539.jpg\"\n               data-image-id=\"15470\"\n               data-title=\"li Fulen, Rossstock,Hundsstock, Diepen, Rohaien\"\n               data-description=\"li Fulen, Rossstock,Hundsstock, Diepen, Rohaien\"\n               data-image-slug=\"img_5539-2\"\n               class=\"shutterset_23728\">\n                <img\n                    title=\"li Fulen, Rossstock,Hundsstock, Diepen, Rohaien\"\n                    alt=\"li Fulen, Rossstock,Hundsstock, Diepen, Rohaien\"\n                    src=\"http:\/\/www.freimarianne.ch\/wp-content\/gallery\/brunnen-gersau-31-3-17\/thumbs\/thumbs_IMG_5539.jpg\"\n                    width=\"100\"\n                    height=\"75\"\n                    style=\"max-width:100%;\"\n                \/>\n            <\/a>\n        <\/div>\n\t\t\t\t\t\t\t<\/div> \n\t\t\t\n        \n\t\t\t\t<div id=\"ngg-image-9\" class=\"ngg-gallery-thumbnail-box\" >\n\t\t\t\t        <div class=\"ngg-gallery-thumbnail\">\n            <a href=\"http:\/\/www.freimarianne.ch\/wp-content\/gallery\/brunnen-gersau-31-3-17\/IMG_5540.jpg\"\n               title=\"Wanderweg\"\n               data-src=\"http:\/\/www.freimarianne.ch\/wp-content\/gallery\/brunnen-gersau-31-3-17\/IMG_5540.jpg\"\n               data-thumbnail=\"http:\/\/www.freimarianne.ch\/wp-content\/gallery\/brunnen-gersau-31-3-17\/thumbs\/thumbs_IMG_5540.jpg\"\n               data-image-id=\"15469\"\n               data-title=\"Wanderweg\"\n               data-description=\"Wanderweg\"\n               data-image-slug=\"img_5540\"\n               class=\"shutterset_23728\">\n                <img\n                    title=\"Wanderweg\"\n                    alt=\"Wanderweg\"\n                    src=\"http:\/\/www.freimarianne.ch\/wp-content\/gallery\/brunnen-gersau-31-3-17\/thumbs\/thumbs_IMG_5540.jpg\"\n                    width=\"100\"\n                    height=\"75\"\n                    style=\"max-width:100%;\"\n                \/>\n            <\/a>\n        <\/div>\n\t\t\t\t\t\t\t<\/div> \n\t\t\t\n        \n\t\t\t\t<div id=\"ngg-image-10\" class=\"ngg-gallery-thumbnail-box\" >\n\t\t\t\t        <div class=\"ngg-gallery-thumbnail\">\n            <a href=\"http:\/\/www.freimarianne.ch\/wp-content\/gallery\/brunnen-gersau-31-3-17\/IMG_5553.jpg\"\n               title=\"Gersau\"\n               data-src=\"http:\/\/www.freimarianne.ch\/wp-content\/gallery\/brunnen-gersau-31-3-17\/IMG_5553.jpg\"\n               data-thumbnail=\"http:\/\/www.freimarianne.ch\/wp-content\/gallery\/brunnen-gersau-31-3-17\/thumbs\/thumbs_IMG_5553.jpg\"\n               data-image-id=\"15468\"\n               data-title=\"Gersau\"\n               data-description=\"Gersau\"\n               data-image-slug=\"img_5553\"\n               class=\"shutterset_23728\">\n                <img\n                    title=\"Gersau\"\n                    alt=\"Gersau\"\n                    src=\"http:\/\/www.freimarianne.ch\/wp-content\/gallery\/brunnen-gersau-31-3-17\/thumbs\/thumbs_IMG_5553.jpg\"\n                    width=\"100\"\n                    height=\"75\"\n                    style=\"max-width:100%;\"\n                \/>\n            <\/a>\n        <\/div>\n\t\t\t\t\t\t\t<\/div> \n\t\t\t\n        \n\t\t\n\t\t<!-- Pagination -->\n\t<div class='ngg-clear'><\/div>\t<\/div>\n<\/p>\n","protected":false},"excerpt":{"rendered":"<p>Waldst\u00e4tterweg von Brunnen nach Gersau Niderbauen; mi Schwalmis 2246m; Klewenalp; Buochserhorn Die Etappe 1 des Waldst\u00e4tterwegs von Brunnen nach Gersau &#8211; Vitznau beginnt am Hafen von Brunnen. Wir beginnen die Wanderung um 10.15h. Bei sch\u00f6nstem Wetter gehen wir \u00fcber den Vierwaldst\u00e4ttersquai mit Sicht auf die Urner Berge wie B\u00e4lmetten, Bristen und Gitschen und gelangen dann [&hellip;]<\/p>\n","protected":false},"author":1,"featured_media":0,"parent":23152,"menu_order":7,"comment_status":"closed","ping_status":"closed","template":"","meta":{"ngg_post_thumbnail":0},"_links":{"self":[{"href":"http:\/\/www.freimarianne.ch\/index.php?rest_route=\/wp\/v2\/pages\/23414"}],"collection":[{"href":"http:\/\/www.freimarianne.ch\/index.php?rest_route=\/wp\/v2\/pages"}],"about":[{"href":"http:\/\/www.freimarianne.ch\/index.php?rest_route=\/wp\/v2\/types\/page"}],"author":[{"embeddable":true,"href":"http:\/\/www.freimarianne.ch\/index.php?rest_route=\/wp\/v2\/users\/1"}],"replies":[{"embeddable":true,"href":"http:\/\/www.freimarianne.ch\/index.php?rest_route=%2Fwp%2Fv2%2Fcomments&post=23414"}],"version-history":[{"count":5,"href":"http:\/\/www.freimarianne.ch\/index.php?rest_route=\/wp\/v2\/pages\/23414\/revisions"}],"predecessor-version":[{"id":23729,"href":"http:\/\/www.freimarianne.ch\/index.php?rest_route=\/wp\/v2\/pages\/23414\/revisions\/23729"}],"up":[{"embeddable":true,"href":"http:\/\/www.freimarianne.ch\/index.php?rest_route=\/wp\/v2\/pages\/23152"}],"wp:attachment":[{"href":"http:\/\/www.freimarianne.ch\/index.php?rest_route=%2Fwp%2Fv2%2Fmedia&parent=23414"}],"curies":[{"name":"wp","href":"https:\/\/api.w.org\/{rel}","templated":true}]}}