{"id":24213,"date":"2017-06-04T10:46:21","date_gmt":"2017-06-04T09:46:21","guid":{"rendered":"http:\/\/www.freimarianne.ch\/?page_id=24213"},"modified":"2021-05-25T14:10:19","modified_gmt":"2021-05-25T13:10:19","slug":"bremgarten-mellingen-3-6-2017","status":"publish","type":"page","link":"http:\/\/www.freimarianne.ch\/?page_id=24213","title":{"rendered":"Bremgarten &#8211; Mellingen  3.6.2017"},"content":{"rendered":"<p><strong>Reussuferweg von Bremgarten bis nach Mellingen<\/strong><\/p>\n<p>auf dem rechten Ufer<\/p>\n<p>Wegen des unstabilen Wetters gehen wir heute nicht in die Berge.<br \/>\nWir fahren nach Bremgarten, wo wir kurz duch das sch\u00f6ne St\u00e4dtchen flanieren und im kleinen Kaffee Spatz einkehren.<br \/>\nDer Einstieg in den Reussuferweg ist schwierig, da es nirgends gelbe Wanderzeichen gibt. Mit Hilfe von Passanten&nbsp; gelingt&nbsp; es, auf den richtigen Weg zu kommen.<br \/>\nDie Reuss ist breit, das Wasser gelblich braun und die Str\u00f6mung ist recht stark. In vielen Flussschlaufen folgen wir&nbsp; ihrem Lauf, wobei es gerade aus, kurz aufw\u00e4rts und abw\u00e4rts geht.Das starke Rauschen des Flusses begleitet uns. Hin und wieder sehen wir Boote den Fluss hinunter treiben.<br \/>\nDa es dr\u00fcckend heiss ist, sind wir froh, meist im Schatten wandern zu k\u00f6nnen.<br \/>\nBei der neuen Br\u00fccke bei Gnadental finden wir keine Wegweiser mehr und m\u00fcssen&nbsp; suchen. Der Einstieg in den Pfad ist mit einem Hag versperrt!!<br \/>\nDieser letze Abschnit nach Mellingen gef\u00e4llt mir besonders gut. Man geht oft ganz nahe am Wasser.<br \/>\nMellingen ist auch ein&nbsp; kleines&nbsp; sch\u00f6nes St\u00e4dtchen an der Reuss. Mit Fragen und viel Gl\u00fcck erwischen wir beim Lindenplatz&nbsp; den Bus 332 , der zum Bahnhof und dann nach Baden f\u00e4hrt.<\/p>\n<p>Dies war eine sch\u00f6ne Wanderung obwohl mir die Flusswanderungen immer etwas langweilig erscheinen. Der Wanderweg hat keinen Hartbelag und ist oft sehr schmal also empfehlenswert.<\/p>\n<p>Laut Schweizmobil:<br \/>\nDistanz: 14.24km; Aufstieg: 142m; Abstieg: 178m; Wanderzeit: 3h 31 h min<br \/>\n<a href=\"https:\/\/map.wanderland.ch\/?lang=de&amp;route=all&amp;bgLayer=pk&amp;resolution=20&amp;X=665783&amp;Y=248608&amp;layers=Wanderland%2CStation&amp;trackId=3529587\">Karte Schweizmobil:<\/a><\/p>\n\r\n\t<div class=\"slideshow_container slideshow_container_style-light\" style=\"height: 400px; \" data-slideshow-id=\"24220\" data-style-name=\"style-light\" data-style-version=\"2.3.1\" >\r\n\r\n\t\t\t\t\t<div class=\"slideshow_loading_icon\"><\/div>\r\n\t\t\r\n\t\t<div class=\"slideshow_content\" style=\"display: none;\">\r\n\r\n\t\t\t<div class=\"slideshow_view\">\r\n\t\t\t\t<div class=\"slideshow_slide slideshow_slide_image\">\r\n\t\t\t\t\t\t\t\t\t\t\t<img src=\"http:\/\/www.freimarianne.ch\/wp-content\/uploads\/2017\/06\/IMG_7841.jpg\" alt=\"die Reuss bei Bremgarten\" width=\"2581\" height=\"1718\" \/>\r\n\t\t\t\t\t\t\t\t\t\t<div class=\"slideshow_description_box slideshow_transparent\">\r\n\t\t\t\t\t\t<div class=\"slideshow_title\">die Reuss bei Bremgarten<\/div>\t\t\t\t\t\t\t\t\t\t\t<\/div>\r\n\t\t\t\t<\/div>\r\n\r\n\t\t\t\t\t\t<div style=\"clear: both;\"><\/div><\/div><div class=\"slideshow_view\">\r\n\t\t\t\t<div class=\"slideshow_slide slideshow_slide_image\">\r\n\t\t\t\t\t\t\t\t\t\t\t<img src=\"http:\/\/www.freimarianne.ch\/wp-content\/uploads\/2017\/06\/IMG_7842.jpg\" alt=\"Sicht auf die Altstadt von Bremgarten\" width=\"2592\" height=\"1944\" \/>\r\n\t\t\t\t\t\t\t\t\t\t<div class=\"slideshow_description_box slideshow_transparent\">\r\n\t\t\t\t\t\t<div class=\"slideshow_title\">Sicht auf die Altstadt von Bremgarten<\/div>\t\t\t\t\t\t\t\t\t\t\t<\/div>\r\n\t\t\t\t<\/div>\r\n\r\n\t\t\t\t\t\t<div style=\"clear: both;\"><\/div><\/div><div class=\"slideshow_view\">\r\n\t\t\t\t<div class=\"slideshow_slide slideshow_slide_image\">\r\n\t\t\t\t\t\t\t\t\t\t\t<img src=\"http:\/\/www.freimarianne.ch\/wp-content\/uploads\/2017\/06\/IMG_7845.jpg\" alt=\"die Reuss\" width=\"2592\" height=\"1944\" \/>\r\n\t\t\t\t\t\t\t\t\t\t<div class=\"slideshow_description_box slideshow_transparent\">\r\n\t\t\t\t\t\t<div class=\"slideshow_title\">die Reuss<\/div>\t\t\t\t\t\t\t\t\t\t\t<\/div>\r\n\t\t\t\t<\/div>\r\n\r\n\t\t\t\t\t\t<div style=\"clear: both;\"><\/div><\/div><div class=\"slideshow_view\">\r\n\t\t\t\t<div class=\"slideshow_slide slideshow_slide_image\">\r\n\t\t\t\t\t\t\t\t\t\t\t<img src=\"http:\/\/www.freimarianne.ch\/wp-content\/uploads\/2017\/06\/IMG_7851.jpg\" alt=\"Sicht gegen Mellingen\" width=\"2592\" height=\"1944\" \/>\r\n\t\t\t\t\t\t\t\t\t\t<div class=\"slideshow_description_box slideshow_transparent\">\r\n\t\t\t\t\t\t<div class=\"slideshow_title\">Sicht gegen Mellingen<\/div>\t\t\t\t\t\t\t\t\t\t\t<\/div>\r\n\t\t\t\t<\/div>\r\n\r\n\t\t\t\t\t\t<div style=\"clear: both;\"><\/div><\/div><div class=\"slideshow_view\">\r\n\t\t\t\t<div class=\"slideshow_slide slideshow_slide_image\">\r\n\t\t\t\t\t\t\t\t\t\t\t<img src=\"http:\/\/www.freimarianne.ch\/wp-content\/uploads\/2017\/06\/IMG_7853.jpg\" alt=\"Mellingen an der Reuss\" width=\"2592\" height=\"1944\" \/>\r\n\t\t\t\t\t\t\t\t\t\t<div class=\"slideshow_description_box slideshow_transparent\">\r\n\t\t\t\t\t\t<div class=\"slideshow_title\">Mellingen an der Reuss<\/div>\t\t\t\t\t\t\t\t\t\t\t<\/div>\r\n\t\t\t\t<\/div>\r\n\r\n\t\t\t\t\t\t<div style=\"clear: both;\"><\/div><\/div>\r\n\t\t<\/div>\r\n\r\n\t\t<div class=\"slideshow_controlPanel slideshow_transparent\" style=\"display: none;\"><ul><li class=\"slideshow_togglePlay\" data-play-text=\"Play\" data-pause-text=\"Pause\"><\/li><\/ul><\/div>\r\n\r\n\t\t<div class=\"slideshow_button slideshow_previous slideshow_transparent\" role=\"button\" data-previous-text=\"Previous\" style=\"display: none;\"><\/div>\r\n\t\t<div class=\"slideshow_button slideshow_next slideshow_transparent\" role=\"button\" data-next-text=\"Next\" style=\"display: none;\"><\/div>\r\n\r\n\t\t<div class=\"slideshow_pagination\" style=\"display: none;\" data-go-to-text=\"Go to slide\"><div class=\"slideshow_pagination_center\"><\/div><\/div>\r\n\r\n\t\t<!-- WordPress Slideshow Version 2.3.1 -->\r\n\r\n\t\t\t<\/div>\r\n\r\n\n","protected":false},"excerpt":{"rendered":"<p>Reussuferweg von Bremgarten bis nach Mellingen auf dem rechten Ufer Wegen des unstabilen Wetters gehen wir heute nicht in die Berge. Wir fahren nach Bremgarten, wo wir kurz duch das sch\u00f6ne St\u00e4dtchen flanieren und im kleinen Kaffee Spatz einkehren. Der Einstieg in den Reussuferweg ist schwierig, da es nirgends gelbe Wanderzeichen gibt. Mit Hilfe von [&hellip;]<\/p>\n","protected":false},"author":1,"featured_media":0,"parent":24211,"menu_order":1,"comment_status":"closed","ping_status":"closed","template":"","meta":{"ngg_post_thumbnail":0},"_links":{"self":[{"href":"http:\/\/www.freimarianne.ch\/index.php?rest_route=\/wp\/v2\/pages\/24213"}],"collection":[{"href":"http:\/\/www.freimarianne.ch\/index.php?rest_route=\/wp\/v2\/pages"}],"about":[{"href":"http:\/\/www.freimarianne.ch\/index.php?rest_route=\/wp\/v2\/types\/page"}],"author":[{"embeddable":true,"href":"http:\/\/www.freimarianne.ch\/index.php?rest_route=\/wp\/v2\/users\/1"}],"replies":[{"embeddable":true,"href":"http:\/\/www.freimarianne.ch\/index.php?rest_route=%2Fwp%2Fv2%2Fcomments&post=24213"}],"version-history":[{"count":4,"href":"http:\/\/www.freimarianne.ch\/index.php?rest_route=\/wp\/v2\/pages\/24213\/revisions"}],"predecessor-version":[{"id":49120,"href":"http:\/\/www.freimarianne.ch\/index.php?rest_route=\/wp\/v2\/pages\/24213\/revisions\/49120"}],"up":[{"embeddable":true,"href":"http:\/\/www.freimarianne.ch\/index.php?rest_route=\/wp\/v2\/pages\/24211"}],"wp:attachment":[{"href":"http:\/\/www.freimarianne.ch\/index.php?rest_route=%2Fwp%2Fv2%2Fmedia&parent=24213"}],"curies":[{"name":"wp","href":"https:\/\/api.w.org\/{rel}","templated":true}]}}