{"id":25012,"date":"2017-06-20T16:04:34","date_gmt":"2017-06-20T15:04:34","guid":{"rendered":"http:\/\/www.freimarianne.ch\/?page_id=25012"},"modified":"2017-06-25T10:44:15","modified_gmt":"2017-06-25T09:44:15","slug":"urmiberg-rigi-kaltbad-sz-lu-18-6-2017","status":"publish","type":"page","link":"http:\/\/www.freimarianne.ch\/?page_id=25012","title":{"rendered":"Urmiberg &#8211; Rigi Kaltbad   SZ, LU  18.6.2017"},"content":{"rendered":"<p><strong>Wanderung vom Urmiberg auf die Rigi Scheidegg und nach Rigi Kaltbad<\/strong><\/p>\n<p><img loading=\"lazy\" class=\"size-full wp-image-25016\" src=\"http:\/\/www.freimarianne.ch\/wp-content\/uploads\/2017\/06\/IMG_8272_urmiberg_500.jpg\" alt=\"\" width=\"500\" height=\"375\" srcset=\"http:\/\/www.freimarianne.ch\/wp-content\/uploads\/2017\/06\/IMG_8272_urmiberg_500.jpg 500w, http:\/\/www.freimarianne.ch\/wp-content\/uploads\/2017\/06\/IMG_8272_urmiberg_500-300x225.jpg 300w, http:\/\/www.freimarianne.ch\/wp-content\/uploads\/2017\/06\/IMG_8272_urmiberg_500-400x300.jpg 400w\" sizes=\"(max-width: 500px) 100vw, 500px\" \/><br \/>\nG\u00e4tterlipass und Hoflue<\/p>\n<p>Heute lockt der Hausberg von Brunnen SZ, der Urmiberg, den wir mit Bahn, Schiff, Bus und Seilbahn erreichen (Obertimpel 1135m).<br \/>\nDer Wanderweg bis Egg ist sehr sch\u00f6n, denn man erreicht bald einmal die Anh\u00f6he, wo man hin\u00fcber auf den Zugersee und den Wildspitz sieht. Vor uns liegt die Hoflue, die wir auf einem Alpstr\u00e4sschen umgehen. Es geht hinunter und erst bei der Abzweigung nach Seewen geht es wieder auf einem Wanderweg hinauf zum G\u00e4tterlipass 1189m.<br \/>\nNach einer kurzen Teerstrecke k\u00f6nnen wir den Pfad \u00fcber den Chellensack zum H\u00f6cheli nehmen, der eine grossartige Aussicht auf die Berge, den Vierwaldst\u00e4ttersee und auf die Hoflue bietet. Bald erreichen wir Burggeist 1551m und nehmen dann den Weg gegen Rigi Kaltbad unter die F\u00fcsse. \u00dcber den Blumenpfad kommen wir nach Rigi Kaltbad, wo wir gerade noch die Bahn hinunter nach Vitznau erwischen. Es herrscht heute Sonntag bei der Bahn und bei der Schifffahrt Hochbetrieb.<br \/>\nDies war abgesehen vom Alpstr\u00e4sschen und den vielen Bikern eine sch\u00f6ne Wanderung.<\/p>\n<p>Laut Schweizmobil:<br \/>\nDistanz: 13.52km; Aufsteig: 724m; Absteig: 417m; Wanderzeit: 4h 13 min<\/p>\n<p><a href=\"https:\/\/map.wanderland.ch\/?lang=de&amp;route=all&amp;bgLayer=pk&amp;resolution=20&amp;X=682838&amp;Y=209149&amp;layers=Wanderland&amp;trackId=3587683\">Karte Schweizmobil:<\/a><\/p>\n<p><!-- index.php -->\n<div\n\tclass=\"ngg-galleryoverview ngg-ajax-pagination-none\"\n\tid=\"ngg-gallery-25211-1\">\n\n    \t<div class=\"slideshowlink\">\n        <a href='http:\/\/www.freimarianne.ch\/index.php\/nggallery\/slideshow?page_id=25012'>[Show as slideshow]<\/a>\n\t\t\n\t<\/div>\n\t\t\t<!-- Thumbnails -->\n\t\t\t\t<div id=\"ngg-image-0\" class=\"ngg-gallery-thumbnail-box\" >\n\t\t\t\t        <div class=\"ngg-gallery-thumbnail\">\n            <a href=\"http:\/\/www.freimarianne.ch\/wp-content\/gallery\/urmiber-rigi-kaltbad-18-6-17\/IMG_8219.jpg\"\n               title=\"auf dem Urmiberg 1137m  angekommen\"\n               data-src=\"http:\/\/www.freimarianne.ch\/wp-content\/gallery\/urmiber-rigi-kaltbad-18-6-17\/IMG_8219.jpg\"\n               data-thumbnail=\"http:\/\/www.freimarianne.ch\/wp-content\/gallery\/urmiber-rigi-kaltbad-18-6-17\/thumbs\/thumbs_IMG_8219.jpg\"\n               data-image-id=\"16157\"\n               data-title=\"auf dem Urmiberg 1137m  angekommen\"\n               data-description=\"auf dem Urmiberg 1137m  angekommen\"\n               data-image-slug=\"img_8219-2\"\n               class=\"shutterset_25211\">\n                <img\n                    title=\"auf dem Urmiberg 1137m  angekommen\"\n                    alt=\"auf dem Urmiberg 1137m  angekommen\"\n                    src=\"http:\/\/www.freimarianne.ch\/wp-content\/gallery\/urmiber-rigi-kaltbad-18-6-17\/thumbs\/thumbs_IMG_8219.jpg\"\n                    width=\"100\"\n                    height=\"75\"\n                    style=\"max-width:100%;\"\n                \/>\n            <\/a>\n        <\/div>\n\t\t\t\t\t\t\t<\/div> \n\t\t\t\n        \n\t\t\t\t<div id=\"ngg-image-1\" class=\"ngg-gallery-thumbnail-box\" >\n\t\t\t\t        <div class=\"ngg-gallery-thumbnail\">\n            <a href=\"http:\/\/www.freimarianne.ch\/wp-content\/gallery\/urmiber-rigi-kaltbad-18-6-17\/IMG_8220.jpg\"\n               title=\"SIcht vom Urmiberg 1137m\"\n               data-src=\"http:\/\/www.freimarianne.ch\/wp-content\/gallery\/urmiber-rigi-kaltbad-18-6-17\/IMG_8220.jpg\"\n               data-thumbnail=\"http:\/\/www.freimarianne.ch\/wp-content\/gallery\/urmiber-rigi-kaltbad-18-6-17\/thumbs\/thumbs_IMG_8220.jpg\"\n               data-image-id=\"16156\"\n               data-title=\"SIcht vom Urmiberg 1137m\"\n               data-description=\"SIcht vom Urmiberg 1137m\"\n               data-image-slug=\"img_8220-1\"\n               class=\"shutterset_25211\">\n                <img\n                    title=\"SIcht vom Urmiberg 1137m\"\n                    alt=\"SIcht vom Urmiberg 1137m\"\n                    src=\"http:\/\/www.freimarianne.ch\/wp-content\/gallery\/urmiber-rigi-kaltbad-18-6-17\/thumbs\/thumbs_IMG_8220.jpg\"\n                    width=\"100\"\n                    height=\"75\"\n                    style=\"max-width:100%;\"\n                \/>\n            <\/a>\n        <\/div>\n\t\t\t\t\t\t\t<\/div> \n\t\t\t\n        \n\t\t\t\t<div id=\"ngg-image-2\" class=\"ngg-gallery-thumbnail-box\" >\n\t\t\t\t        <div class=\"ngg-gallery-thumbnail\">\n            <a href=\"http:\/\/www.freimarianne.ch\/wp-content\/gallery\/urmiber-rigi-kaltbad-18-6-17\/IMG_8223.jpg\"\n               title=\"Bruni unterwegs\"\n               data-src=\"http:\/\/www.freimarianne.ch\/wp-content\/gallery\/urmiber-rigi-kaltbad-18-6-17\/IMG_8223.jpg\"\n               data-thumbnail=\"http:\/\/www.freimarianne.ch\/wp-content\/gallery\/urmiber-rigi-kaltbad-18-6-17\/thumbs\/thumbs_IMG_8223.jpg\"\n               data-image-id=\"16155\"\n               data-title=\"Bruni unterwegs\"\n               data-description=\"Bruni unterwegs\"\n               data-image-slug=\"img_8223-1\"\n               class=\"shutterset_25211\">\n                <img\n                    title=\"Bruni unterwegs\"\n                    alt=\"Bruni unterwegs\"\n                    src=\"http:\/\/www.freimarianne.ch\/wp-content\/gallery\/urmiber-rigi-kaltbad-18-6-17\/thumbs\/thumbs_IMG_8223.jpg\"\n                    width=\"100\"\n                    height=\"75\"\n                    style=\"max-width:100%;\"\n                \/>\n            <\/a>\n        <\/div>\n\t\t\t\t\t\t\t<\/div> \n\t\t\t\n        \n\t\t\t\t<div id=\"ngg-image-3\" class=\"ngg-gallery-thumbnail-box\" >\n\t\t\t\t        <div class=\"ngg-gallery-thumbnail\">\n            <a href=\"http:\/\/www.freimarianne.ch\/wp-content\/gallery\/urmiber-rigi-kaltbad-18-6-17\/IMG_8226.jpg\"\n               title=\"Blick  auf Grossen Mythen\"\n               data-src=\"http:\/\/www.freimarianne.ch\/wp-content\/gallery\/urmiber-rigi-kaltbad-18-6-17\/IMG_8226.jpg\"\n               data-thumbnail=\"http:\/\/www.freimarianne.ch\/wp-content\/gallery\/urmiber-rigi-kaltbad-18-6-17\/thumbs\/thumbs_IMG_8226.jpg\"\n               data-image-id=\"16154\"\n               data-title=\"Blick  auf Grossen Mythen\"\n               data-description=\"Blick  auf Grossen Mythen\"\n               data-image-slug=\"img_8226-1\"\n               class=\"shutterset_25211\">\n                <img\n                    title=\"Blick  auf Grossen Mythen\"\n                    alt=\"Blick  auf Grossen Mythen\"\n                    src=\"http:\/\/www.freimarianne.ch\/wp-content\/gallery\/urmiber-rigi-kaltbad-18-6-17\/thumbs\/thumbs_IMG_8226.jpg\"\n                    width=\"100\"\n                    height=\"75\"\n                    style=\"max-width:100%;\"\n                \/>\n            <\/a>\n        <\/div>\n\t\t\t\t\t\t\t<\/div> \n\t\t\t\n        \n\t\t\t\t<div id=\"ngg-image-4\" class=\"ngg-gallery-thumbnail-box\" >\n\t\t\t\t        <div class=\"ngg-gallery-thumbnail\">\n            <a href=\"http:\/\/www.freimarianne.ch\/wp-content\/gallery\/urmiber-rigi-kaltbad-18-6-17\/IMG_8234.jpg\"\n               title=\"Blcik auf Lauerzersee und Schwyz\"\n               data-src=\"http:\/\/www.freimarianne.ch\/wp-content\/gallery\/urmiber-rigi-kaltbad-18-6-17\/IMG_8234.jpg\"\n               data-thumbnail=\"http:\/\/www.freimarianne.ch\/wp-content\/gallery\/urmiber-rigi-kaltbad-18-6-17\/thumbs\/thumbs_IMG_8234.jpg\"\n               data-image-id=\"16153\"\n               data-title=\"Blcik auf Lauerzersee und Schwyz\"\n               data-description=\"Blcik auf Lauerzersee und Schwyz\"\n               data-image-slug=\"img_8234\"\n               class=\"shutterset_25211\">\n                <img\n                    title=\"Blcik auf Lauerzersee und Schwyz\"\n                    alt=\"Blcik auf Lauerzersee und Schwyz\"\n                    src=\"http:\/\/www.freimarianne.ch\/wp-content\/gallery\/urmiber-rigi-kaltbad-18-6-17\/thumbs\/thumbs_IMG_8234.jpg\"\n                    width=\"100\"\n                    height=\"75\"\n                    style=\"max-width:100%;\"\n                \/>\n            <\/a>\n        <\/div>\n\t\t\t\t\t\t\t<\/div> \n\t\t\t\n        \n\t\t\t\t<div id=\"ngg-image-5\" class=\"ngg-gallery-thumbnail-box\" >\n\t\t\t\t        <div class=\"ngg-gallery-thumbnail\">\n            <a href=\"http:\/\/www.freimarianne.ch\/wp-content\/gallery\/urmiber-rigi-kaltbad-18-6-17\/IMG_8235.jpg\"\n               title=\"Egg mit Hoflue\"\n               data-src=\"http:\/\/www.freimarianne.ch\/wp-content\/gallery\/urmiber-rigi-kaltbad-18-6-17\/IMG_8235.jpg\"\n               data-thumbnail=\"http:\/\/www.freimarianne.ch\/wp-content\/gallery\/urmiber-rigi-kaltbad-18-6-17\/thumbs\/thumbs_IMG_8235.jpg\"\n               data-image-id=\"16152\"\n               data-title=\"Egg mit Hoflue\"\n               data-description=\"Egg mit Hoflue\"\n               data-image-slug=\"img_8235\"\n               class=\"shutterset_25211\">\n                <img\n                    title=\"Egg mit Hoflue\"\n                    alt=\"Egg mit Hoflue\"\n                    src=\"http:\/\/www.freimarianne.ch\/wp-content\/gallery\/urmiber-rigi-kaltbad-18-6-17\/thumbs\/thumbs_IMG_8235.jpg\"\n                    width=\"100\"\n                    height=\"75\"\n                    style=\"max-width:100%;\"\n                \/>\n            <\/a>\n        <\/div>\n\t\t\t\t\t\t\t<\/div> \n\t\t\t\n        \n\t\t\t\t<div id=\"ngg-image-6\" class=\"ngg-gallery-thumbnail-box\" >\n\t\t\t\t        <div class=\"ngg-gallery-thumbnail\">\n            <a href=\"http:\/\/www.freimarianne.ch\/wp-content\/gallery\/urmiber-rigi-kaltbad-18-6-17\/IMG_8236.jpg\"\n               title=\"Blcika auf Rigi Kulm und Zugersee\"\n               data-src=\"http:\/\/www.freimarianne.ch\/wp-content\/gallery\/urmiber-rigi-kaltbad-18-6-17\/IMG_8236.jpg\"\n               data-thumbnail=\"http:\/\/www.freimarianne.ch\/wp-content\/gallery\/urmiber-rigi-kaltbad-18-6-17\/thumbs\/thumbs_IMG_8236.jpg\"\n               data-image-id=\"16151\"\n               data-title=\"Blcika auf Rigi Kulm und Zugersee\"\n               data-description=\"Blcika auf Rigi Kulm und Zugersee\"\n               data-image-slug=\"img_8236\"\n               class=\"shutterset_25211\">\n                <img\n                    title=\"Blcika auf Rigi Kulm und Zugersee\"\n                    alt=\"Blcika auf Rigi Kulm und Zugersee\"\n                    src=\"http:\/\/www.freimarianne.ch\/wp-content\/gallery\/urmiber-rigi-kaltbad-18-6-17\/thumbs\/thumbs_IMG_8236.jpg\"\n                    width=\"100\"\n                    height=\"75\"\n                    style=\"max-width:100%;\"\n                \/>\n            <\/a>\n        <\/div>\n\t\t\t\t\t\t\t<\/div> \n\t\t\t\n        \n\t\t\t\t<div id=\"ngg-image-7\" class=\"ngg-gallery-thumbnail-box\" >\n\t\t\t\t        <div class=\"ngg-gallery-thumbnail\">\n            <a href=\"http:\/\/www.freimarianne.ch\/wp-content\/gallery\/urmiber-rigi-kaltbad-18-6-17\/IMG_8237.jpg\"\n               title=\"Niderbauen\"\n               data-src=\"http:\/\/www.freimarianne.ch\/wp-content\/gallery\/urmiber-rigi-kaltbad-18-6-17\/IMG_8237.jpg\"\n               data-thumbnail=\"http:\/\/www.freimarianne.ch\/wp-content\/gallery\/urmiber-rigi-kaltbad-18-6-17\/thumbs\/thumbs_IMG_8237.jpg\"\n               data-image-id=\"16150\"\n               data-title=\"Niderbauen\"\n               data-description=\"Niderbauen\"\n               data-image-slug=\"img_8237-4\"\n               class=\"shutterset_25211\">\n                <img\n                    title=\"Niderbauen\"\n                    alt=\"Niderbauen\"\n                    src=\"http:\/\/www.freimarianne.ch\/wp-content\/gallery\/urmiber-rigi-kaltbad-18-6-17\/thumbs\/thumbs_IMG_8237.jpg\"\n                    width=\"100\"\n                    height=\"75\"\n                    style=\"max-width:100%;\"\n                \/>\n            <\/a>\n        <\/div>\n\t\t\t\t\t\t\t<\/div> \n\t\t\t\n        \n\t\t\t\t<div id=\"ngg-image-8\" class=\"ngg-gallery-thumbnail-box\" >\n\t\t\t\t        <div class=\"ngg-gallery-thumbnail\">\n            <a href=\"http:\/\/www.freimarianne.ch\/wp-content\/gallery\/urmiber-rigi-kaltbad-18-6-17\/IMG_8253.jpg\"\n               title=\"Sicht auf Buochserhorn, Vitznauerstock\"\n               data-src=\"http:\/\/www.freimarianne.ch\/wp-content\/gallery\/urmiber-rigi-kaltbad-18-6-17\/IMG_8253.jpg\"\n               data-thumbnail=\"http:\/\/www.freimarianne.ch\/wp-content\/gallery\/urmiber-rigi-kaltbad-18-6-17\/thumbs\/thumbs_IMG_8253.jpg\"\n               data-image-id=\"16149\"\n               data-title=\"Sicht auf Buochserhorn, Vitznauerstock\"\n               data-description=\"Sicht auf Buochserhorn, Vitznauerstock\"\n               data-image-slug=\"img_8253\"\n               class=\"shutterset_25211\">\n                <img\n                    title=\"Sicht auf Buochserhorn, Vitznauerstock\"\n                    alt=\"Sicht auf Buochserhorn, Vitznauerstock\"\n                    src=\"http:\/\/www.freimarianne.ch\/wp-content\/gallery\/urmiber-rigi-kaltbad-18-6-17\/thumbs\/thumbs_IMG_8253.jpg\"\n                    width=\"100\"\n                    height=\"75\"\n                    style=\"max-width:100%;\"\n                \/>\n            <\/a>\n        <\/div>\n\t\t\t\t\t\t\t<\/div> \n\t\t\t\n        \n\t\t\t\t<div id=\"ngg-image-9\" class=\"ngg-gallery-thumbnail-box\" >\n\t\t\t\t        <div class=\"ngg-gallery-thumbnail\">\n            <a href=\"http:\/\/www.freimarianne.ch\/wp-content\/gallery\/urmiber-rigi-kaltbad-18-6-17\/IMG_8275.jpg\"\n               title=\"Marianne vor der Hoflue\"\n               data-src=\"http:\/\/www.freimarianne.ch\/wp-content\/gallery\/urmiber-rigi-kaltbad-18-6-17\/IMG_8275.jpg\"\n               data-thumbnail=\"http:\/\/www.freimarianne.ch\/wp-content\/gallery\/urmiber-rigi-kaltbad-18-6-17\/thumbs\/thumbs_IMG_8275.jpg\"\n               data-image-id=\"16148\"\n               data-title=\"Marianne vor der Hoflue\"\n               data-description=\"Marianne vor der Hoflue\"\n               data-image-slug=\"img_8275-1\"\n               class=\"shutterset_25211\">\n                <img\n                    title=\"Marianne vor der Hoflue\"\n                    alt=\"Marianne vor der Hoflue\"\n                    src=\"http:\/\/www.freimarianne.ch\/wp-content\/gallery\/urmiber-rigi-kaltbad-18-6-17\/thumbs\/thumbs_IMG_8275.jpg\"\n                    width=\"100\"\n                    height=\"75\"\n                    style=\"max-width:100%;\"\n                \/>\n            <\/a>\n        <\/div>\n\t\t\t\t\t\t\t<\/div> \n\t\t\t\n        \n\t\t\t\t<div id=\"ngg-image-10\" class=\"ngg-gallery-thumbnail-box\" >\n\t\t\t\t        <div class=\"ngg-gallery-thumbnail\">\n            <a href=\"http:\/\/www.freimarianne.ch\/wp-content\/gallery\/urmiber-rigi-kaltbad-18-6-17\/IMG_8277.jpg\"\n               title=\"Blick auf Rigi Scheidegg 1551m\"\n               data-src=\"http:\/\/www.freimarianne.ch\/wp-content\/gallery\/urmiber-rigi-kaltbad-18-6-17\/IMG_8277.jpg\"\n               data-thumbnail=\"http:\/\/www.freimarianne.ch\/wp-content\/gallery\/urmiber-rigi-kaltbad-18-6-17\/thumbs\/thumbs_IMG_8277.jpg\"\n               data-image-id=\"16147\"\n               data-title=\"Blick auf Rigi Scheidegg 1551m\"\n               data-description=\"Blick auf Rigi Scheidegg 1551m\"\n               data-image-slug=\"img_8277-3\"\n               class=\"shutterset_25211\">\n                <img\n                    title=\"Blick auf Rigi Scheidegg 1551m\"\n                    alt=\"Blick auf Rigi Scheidegg 1551m\"\n                    src=\"http:\/\/www.freimarianne.ch\/wp-content\/gallery\/urmiber-rigi-kaltbad-18-6-17\/thumbs\/thumbs_IMG_8277.jpg\"\n                    width=\"100\"\n                    height=\"75\"\n                    style=\"max-width:100%;\"\n                \/>\n            <\/a>\n        <\/div>\n\t\t\t\t\t\t\t<\/div> \n\t\t\t\n        \n\t\t\t\t<div id=\"ngg-image-11\" class=\"ngg-gallery-thumbnail-box\" >\n\t\t\t\t        <div class=\"ngg-gallery-thumbnail\">\n            <a href=\"http:\/\/www.freimarianne.ch\/wp-content\/gallery\/urmiber-rigi-kaltbad-18-6-17\/IMG_8289.jpg\"\n               title=\"Aufstieg zur Rigi Scheidegg; Hoflue\"\n               data-src=\"http:\/\/www.freimarianne.ch\/wp-content\/gallery\/urmiber-rigi-kaltbad-18-6-17\/IMG_8289.jpg\"\n               data-thumbnail=\"http:\/\/www.freimarianne.ch\/wp-content\/gallery\/urmiber-rigi-kaltbad-18-6-17\/thumbs\/thumbs_IMG_8289.jpg\"\n               data-image-id=\"16146\"\n               data-title=\"Aufstieg zur Rigi Scheidegg; Hoflue\"\n               data-description=\"Aufstieg zur Rigi Scheidegg; Hoflue\"\n               data-image-slug=\"img_8289-3\"\n               class=\"shutterset_25211\">\n                <img\n                    title=\"Aufstieg zur Rigi Scheidegg; Hoflue\"\n                    alt=\"Aufstieg zur Rigi Scheidegg; Hoflue\"\n                    src=\"http:\/\/www.freimarianne.ch\/wp-content\/gallery\/urmiber-rigi-kaltbad-18-6-17\/thumbs\/thumbs_IMG_8289.jpg\"\n                    width=\"100\"\n                    height=\"75\"\n                    style=\"max-width:100%;\"\n                \/>\n            <\/a>\n        <\/div>\n\t\t\t\t\t\t\t<\/div> \n\t\t\t\n        \n\t\t\t\t<div id=\"ngg-image-12\" class=\"ngg-gallery-thumbnail-box\" >\n\t\t\t\t        <div class=\"ngg-gallery-thumbnail\">\n            <a href=\"http:\/\/www.freimarianne.ch\/wp-content\/gallery\/urmiber-rigi-kaltbad-18-6-17\/IMG_8291.jpg\"\n               title=\"K\u00fche auf der Alp bei Burggeist\"\n               data-src=\"http:\/\/www.freimarianne.ch\/wp-content\/gallery\/urmiber-rigi-kaltbad-18-6-17\/IMG_8291.jpg\"\n               data-thumbnail=\"http:\/\/www.freimarianne.ch\/wp-content\/gallery\/urmiber-rigi-kaltbad-18-6-17\/thumbs\/thumbs_IMG_8291.jpg\"\n               data-image-id=\"16145\"\n               data-title=\"K\u00c3\u00bche auf der Alp bei Burggeist\"\n               data-description=\"K\u00fche auf der Alp bei Burggeist\"\n               data-image-slug=\"img_8291-5\"\n               class=\"shutterset_25211\">\n                <img\n                    title=\"K\u00c3\u00bche auf der Alp bei Burggeist\"\n                    alt=\"K\u00c3\u00bche auf der Alp bei Burggeist\"\n                    src=\"http:\/\/www.freimarianne.ch\/wp-content\/gallery\/urmiber-rigi-kaltbad-18-6-17\/thumbs\/thumbs_IMG_8291.jpg\"\n                    width=\"100\"\n                    height=\"75\"\n                    style=\"max-width:100%;\"\n                \/>\n            <\/a>\n        <\/div>\n\t\t\t\t\t\t\t<\/div> \n\t\t\t\n        \n\t\t\t\t<div id=\"ngg-image-13\" class=\"ngg-gallery-thumbnail-box\" >\n\t\t\t\t        <div class=\"ngg-gallery-thumbnail\">\n            <a href=\"http:\/\/www.freimarianne.ch\/wp-content\/gallery\/urmiber-rigi-kaltbad-18-6-17\/IMG_8296.jpg\"\n               title=\"Hoflue\"\n               data-src=\"http:\/\/www.freimarianne.ch\/wp-content\/gallery\/urmiber-rigi-kaltbad-18-6-17\/IMG_8296.jpg\"\n               data-thumbnail=\"http:\/\/www.freimarianne.ch\/wp-content\/gallery\/urmiber-rigi-kaltbad-18-6-17\/thumbs\/thumbs_IMG_8296.jpg\"\n               data-image-id=\"16144\"\n               data-title=\"Hoflue\"\n               data-description=\"Hoflue\"\n               data-image-slug=\"img_8296-4\"\n               class=\"shutterset_25211\">\n                <img\n                    title=\"Hoflue\"\n                    alt=\"Hoflue\"\n                    src=\"http:\/\/www.freimarianne.ch\/wp-content\/gallery\/urmiber-rigi-kaltbad-18-6-17\/thumbs\/thumbs_IMG_8296.jpg\"\n                    width=\"100\"\n                    height=\"75\"\n                    style=\"max-width:100%;\"\n                \/>\n            <\/a>\n        <\/div>\n\t\t\t\t\t\t\t<\/div> \n\t\t\t\n        \n\t\t\t\t<div id=\"ngg-image-14\" class=\"ngg-gallery-thumbnail-box\" >\n\t\t\t\t        <div class=\"ngg-gallery-thumbnail\">\n            <a href=\"http:\/\/www.freimarianne.ch\/wp-content\/gallery\/urmiber-rigi-kaltbad-18-6-17\/IMG_8313.jpg\"\n               title=\"auf dem Rigi Blumenweg\"\n               data-src=\"http:\/\/www.freimarianne.ch\/wp-content\/gallery\/urmiber-rigi-kaltbad-18-6-17\/IMG_8313.jpg\"\n               data-thumbnail=\"http:\/\/www.freimarianne.ch\/wp-content\/gallery\/urmiber-rigi-kaltbad-18-6-17\/thumbs\/thumbs_IMG_8313.jpg\"\n               data-image-id=\"16143\"\n               data-title=\"auf dem Rigi Blumenweg\"\n               data-description=\"auf dem Rigi Blumenweg\"\n               data-image-slug=\"img_8313-4\"\n               class=\"shutterset_25211\">\n                <img\n                    title=\"auf dem Rigi Blumenweg\"\n                    alt=\"auf dem Rigi Blumenweg\"\n                    src=\"http:\/\/www.freimarianne.ch\/wp-content\/gallery\/urmiber-rigi-kaltbad-18-6-17\/thumbs\/thumbs_IMG_8313.jpg\"\n                    width=\"100\"\n                    height=\"75\"\n                    style=\"max-width:100%;\"\n                \/>\n            <\/a>\n        <\/div>\n\t\t\t\t\t\t\t<\/div> \n\t\t\t\n        \n\t\t\t\t<div id=\"ngg-image-15\" class=\"ngg-gallery-thumbnail-box\" >\n\t\t\t\t        <div class=\"ngg-gallery-thumbnail\">\n            <a href=\"http:\/\/www.freimarianne.ch\/wp-content\/gallery\/urmiber-rigi-kaltbad-18-6-17\/IMG_8316.jpg\"\n               title=\"Feuerlilie, Lilium bulbiferum, Liliaceae\"\n               data-src=\"http:\/\/www.freimarianne.ch\/wp-content\/gallery\/urmiber-rigi-kaltbad-18-6-17\/IMG_8316.jpg\"\n               data-thumbnail=\"http:\/\/www.freimarianne.ch\/wp-content\/gallery\/urmiber-rigi-kaltbad-18-6-17\/thumbs\/thumbs_IMG_8316.jpg\"\n               data-image-id=\"16142\"\n               data-title=\"Feuerlilie, Lilium bulbiferum, Liliaceae\"\n               data-description=\"Feuerlilie, Lilium bulbiferum, Liliaceae\"\n               data-image-slug=\"img_8316\"\n               class=\"shutterset_25211\">\n                <img\n                    title=\"Feuerlilie, Lilium bulbiferum, Liliaceae\"\n                    alt=\"Feuerlilie, Lilium bulbiferum, Liliaceae\"\n                    src=\"http:\/\/www.freimarianne.ch\/wp-content\/gallery\/urmiber-rigi-kaltbad-18-6-17\/thumbs\/thumbs_IMG_8316.jpg\"\n                    width=\"100\"\n                    height=\"75\"\n                    style=\"max-width:100%;\"\n                \/>\n            <\/a>\n        <\/div>\n\t\t\t\t\t\t\t<\/div> \n\t\t\t\n        \n\t\t\n\t\t<!-- Pagination -->\n\t<div class='ngg-clear'><\/div>\t<\/div>\n<\/p>\n","protected":false},"excerpt":{"rendered":"<p>Wanderung vom Urmiberg auf die Rigi Scheidegg und nach Rigi Kaltbad G\u00e4tterlipass und Hoflue Heute lockt der Hausberg von Brunnen SZ, der Urmiberg, den wir mit Bahn, Schiff, Bus und Seilbahn erreichen (Obertimpel 1135m). Der Wanderweg bis Egg ist sehr sch\u00f6n, denn man erreicht bald einmal die Anh\u00f6he, wo man hin\u00fcber auf den Zugersee und [&hellip;]<\/p>\n","protected":false},"author":1,"featured_media":0,"parent":24211,"menu_order":5,"comment_status":"closed","ping_status":"closed","template":"","meta":{"ngg_post_thumbnail":0},"_links":{"self":[{"href":"http:\/\/www.freimarianne.ch\/index.php?rest_route=\/wp\/v2\/pages\/25012"}],"collection":[{"href":"http:\/\/www.freimarianne.ch\/index.php?rest_route=\/wp\/v2\/pages"}],"about":[{"href":"http:\/\/www.freimarianne.ch\/index.php?rest_route=\/wp\/v2\/types\/page"}],"author":[{"embeddable":true,"href":"http:\/\/www.freimarianne.ch\/index.php?rest_route=\/wp\/v2\/users\/1"}],"replies":[{"embeddable":true,"href":"http:\/\/www.freimarianne.ch\/index.php?rest_route=%2Fwp%2Fv2%2Fcomments&post=25012"}],"version-history":[{"count":4,"href":"http:\/\/www.freimarianne.ch\/index.php?rest_route=\/wp\/v2\/pages\/25012\/revisions"}],"predecessor-version":[{"id":25212,"href":"http:\/\/www.freimarianne.ch\/index.php?rest_route=\/wp\/v2\/pages\/25012\/revisions\/25212"}],"up":[{"embeddable":true,"href":"http:\/\/www.freimarianne.ch\/index.php?rest_route=\/wp\/v2\/pages\/24211"}],"wp:attachment":[{"href":"http:\/\/www.freimarianne.ch\/index.php?rest_route=%2Fwp%2Fv2%2Fmedia&parent=25012"}],"curies":[{"name":"wp","href":"https:\/\/api.w.org\/{rel}","templated":true}]}}