{"id":25387,"date":"2017-07-15T13:25:22","date_gmt":"2017-07-15T12:25:22","guid":{"rendered":"http:\/\/www.freimarianne.ch\/?page_id=25387"},"modified":"2017-07-15T14:24:36","modified_gmt":"2017-07-15T13:24:36","slug":"furenalp-engelberg-ow-13-7-2017","status":"publish","type":"page","link":"http:\/\/www.freimarianne.ch\/?page_id=25387","title":{"rendered":"F\u00fcrenalp &#8211; Engelberg  OW  13.7.2017"},"content":{"rendered":"<p><strong>Wanderung von der F\u00fcrenalp nach St\u00e4uber und hinunter nach Engelberg<\/strong><\/p>\n<p><img loading=\"lazy\" class=\"size-full wp-image-25367\" src=\"http:\/\/www.freimarianne.ch\/wp-content\/uploads\/2017\/07\/IMG_9262_fu\u0308renalp500.jpg\" alt=\"\" width=\"500\" height=\"375\" srcset=\"http:\/\/www.freimarianne.ch\/wp-content\/uploads\/2017\/07\/IMG_9262_fu\u0308renalp500.jpg 500w, http:\/\/www.freimarianne.ch\/wp-content\/uploads\/2017\/07\/IMG_9262_fu\u0308renalp500-300x225.jpg 300w, http:\/\/www.freimarianne.ch\/wp-content\/uploads\/2017\/07\/IMG_9262_fu\u0308renalp500-400x300.jpg 400w\" sizes=\"(max-width: 500px) 100vw, 500px\" \/>der Wasserfall bei St\u00e4uber<\/p>\n<p>Heute kann ich keinen strahlend blauen Himmel und Schneeberge erwarten! Trotzdem bin ich auf die F\u00fcrenalp 1838m hiaufgefahren. Ich m\u00f6chte den Engelberger Abschnitt des Surenenpassweges auskundschaften. Ein Pass\u00fcbergang bei vielen Wolken, die um die Berg streichen, liegt nicht drin.<br \/>\nSo wandere ich auf dem Bergweg immer leicht hinunter \u00fcber Usser \u00c4bnet, Alp Hohbiel bis zum Wasserfall St\u00e4uber 1633m. Hier gibt es eine Abzweigung hinunter ins Nider Surenen-Tal, wo der Stierenbach zutal fliesst. Ab hier geht der Weg steil hinunter und immer dem Bach entlag nach St\u00e4feli und Niedersurenen, wo der Weg auf die andere Talseite wechselt. Ich komme ins Gebiet \u201e Uf der Laui\u201c, wo ich auf einem Holzsteg den Bach quere. Der Erlenwald ist durch eine grosse Lawine zerst\u00f6rt worden. Im Bett des Stierenbaches sehe ich dann den Rest einer gewaltigen Lawine liegen. Der Weg zur Talstation F\u00fcrenalp zieht sich in die L\u00e4nge. Ich beeile mich, um den Bus um 13.22h zu erreichen: Aber dieser f\u00e4hrt eben geade um diese Zeit nicht! So nehme ichnach einer kurzen Pause den Rest der Wanderung nach Engelberg unter die F\u00fcsse. Um 14.3oh bin ich dann am Bahnhof Engelberg.<\/p>\n<p>Auf dieser Wanderung habe ich Abschnitte des Surenenpass Weges gemacht.<\/p>\n<p>Schweizmobil: F\u00fcrenalp-Engelberg 13.7.17<\/p>\n<p>Laut Schweizmobil:<br \/>\nDistanz: 14.39km; Aufstieg: 115m; Abstieg: 956m; Wanderzeit: 3 h 42 min<br \/>\nIch war von 10.55h bis 14.30h unterwegs<\/p>\n<p><a href=\"https:\/\/map.wanderland.ch\/?lang=de&amp;route=all&amp;bgLayer=pk&amp;resolution=10&amp;E=2677389&amp;N=1184392&amp;layers=Wanderland&amp;trackId=3660363\">Karte Schweizmobil:<\/a><\/p>\n<p><!-- index.php -->\n<div\n\tclass=\"ngg-galleryoverview ngg-ajax-pagination-none\"\n\tid=\"ngg-gallery-25643-1\">\n\n    \t<div class=\"slideshowlink\">\n        <a href='http:\/\/www.freimarianne.ch\/index.php\/nggallery\/slideshow?page_id=25387'>[Show as slideshow]<\/a>\n\t\t\n\t<\/div>\n\t\t\t<!-- Thumbnails -->\n\t\t\t\t<div id=\"ngg-image-0\" class=\"ngg-gallery-thumbnail-box\" >\n\t\t\t\t        <div class=\"ngg-gallery-thumbnail\">\n            <a href=\"http:\/\/www.freimarianne.ch\/wp-content\/gallery\/furenalp-13-7-17\/IMG_9232.jpg\"\n               title=\"fast so grau ist es hier oben auf der F\u00fcrenalp\"\n               data-src=\"http:\/\/www.freimarianne.ch\/wp-content\/gallery\/furenalp-13-7-17\/IMG_9232.jpg\"\n               data-thumbnail=\"http:\/\/www.freimarianne.ch\/wp-content\/gallery\/furenalp-13-7-17\/thumbs\/thumbs_IMG_9232.jpg\"\n               data-image-id=\"16333\"\n               data-title=\"fast so grau ist es hier oben auf der F\u00c3\u00bcrenalp\"\n               data-description=\"fast so grau ist es hier oben auf der F\u00fcrenalp\"\n               data-image-slug=\"img_9232\"\n               class=\"shutterset_25643\">\n                <img\n                    title=\"fast so grau ist es hier oben auf der F\u00c3\u00bcrenalp\"\n                    alt=\"fast so grau ist es hier oben auf der F\u00c3\u00bcrenalp\"\n                    src=\"http:\/\/www.freimarianne.ch\/wp-content\/gallery\/furenalp-13-7-17\/thumbs\/thumbs_IMG_9232.jpg\"\n                    width=\"100\"\n                    height=\"75\"\n                    style=\"max-width:100%;\"\n                \/>\n            <\/a>\n        <\/div>\n\t\t\t\t\t\t\t<\/div> \n\t\t\t\n        \n\t\t\t\t<div id=\"ngg-image-1\" class=\"ngg-gallery-thumbnail-box\" >\n\t\t\t\t        <div class=\"ngg-gallery-thumbnail\">\n            <a href=\"http:\/\/www.freimarianne.ch\/wp-content\/gallery\/furenalp-13-7-17\/IMG_9238.jpg\"\n               title=\"keine Bergsicht\"\n               data-src=\"http:\/\/www.freimarianne.ch\/wp-content\/gallery\/furenalp-13-7-17\/IMG_9238.jpg\"\n               data-thumbnail=\"http:\/\/www.freimarianne.ch\/wp-content\/gallery\/furenalp-13-7-17\/thumbs\/thumbs_IMG_9238.jpg\"\n               data-image-id=\"16332\"\n               data-title=\"keine Bergsicht\"\n               data-description=\"keine Bergsicht\"\n               data-image-slug=\"img_9238\"\n               class=\"shutterset_25643\">\n                <img\n                    title=\"keine Bergsicht\"\n                    alt=\"keine Bergsicht\"\n                    src=\"http:\/\/www.freimarianne.ch\/wp-content\/gallery\/furenalp-13-7-17\/thumbs\/thumbs_IMG_9238.jpg\"\n                    width=\"100\"\n                    height=\"75\"\n                    style=\"max-width:100%;\"\n                \/>\n            <\/a>\n        <\/div>\n\t\t\t\t\t\t\t<\/div> \n\t\t\t\n        \n\t\t\t\t<div id=\"ngg-image-2\" class=\"ngg-gallery-thumbnail-box\" >\n\t\t\t\t        <div class=\"ngg-gallery-thumbnail\">\n            <a href=\"http:\/\/www.freimarianne.ch\/wp-content\/gallery\/furenalp-13-7-17\/IMG_9239.jpg\"\n               title=\"Purpur Enzian\"\n               data-src=\"http:\/\/www.freimarianne.ch\/wp-content\/gallery\/furenalp-13-7-17\/IMG_9239.jpg\"\n               data-thumbnail=\"http:\/\/www.freimarianne.ch\/wp-content\/gallery\/furenalp-13-7-17\/thumbs\/thumbs_IMG_9239.jpg\"\n               data-image-id=\"16331\"\n               data-title=\"Purpur Enzian\"\n               data-description=\"Purpur Enzian\"\n               data-image-slug=\"img_9239\"\n               class=\"shutterset_25643\">\n                <img\n                    title=\"Purpur Enzian\"\n                    alt=\"Purpur Enzian\"\n                    src=\"http:\/\/www.freimarianne.ch\/wp-content\/gallery\/furenalp-13-7-17\/thumbs\/thumbs_IMG_9239.jpg\"\n                    width=\"100\"\n                    height=\"75\"\n                    style=\"max-width:100%;\"\n                \/>\n            <\/a>\n        <\/div>\n\t\t\t\t\t\t\t<\/div> \n\t\t\t\n        \n\t\t\t\t<div id=\"ngg-image-3\" class=\"ngg-gallery-thumbnail-box\" >\n\t\t\t\t        <div class=\"ngg-gallery-thumbnail\">\n            <a href=\"http:\/\/www.freimarianne.ch\/wp-content\/gallery\/furenalp-13-7-17\/IMG_9240.jpg\"\n               title=\"beim Abstieg; ein St\u00fcck blauen Himmels\"\n               data-src=\"http:\/\/www.freimarianne.ch\/wp-content\/gallery\/furenalp-13-7-17\/IMG_9240.jpg\"\n               data-thumbnail=\"http:\/\/www.freimarianne.ch\/wp-content\/gallery\/furenalp-13-7-17\/thumbs\/thumbs_IMG_9240.jpg\"\n               data-image-id=\"16330\"\n               data-title=\"beim Abstieg; ein St\u00c3\u00bcck blauen Himmels\"\n               data-description=\"beim Abstieg; ein St\u00fcck blauen Himmels\"\n               data-image-slug=\"img_9240-4\"\n               class=\"shutterset_25643\">\n                <img\n                    title=\"beim Abstieg; ein St\u00c3\u00bcck blauen Himmels\"\n                    alt=\"beim Abstieg; ein St\u00c3\u00bcck blauen Himmels\"\n                    src=\"http:\/\/www.freimarianne.ch\/wp-content\/gallery\/furenalp-13-7-17\/thumbs\/thumbs_IMG_9240.jpg\"\n                    width=\"100\"\n                    height=\"75\"\n                    style=\"max-width:100%;\"\n                \/>\n            <\/a>\n        <\/div>\n\t\t\t\t\t\t\t<\/div> \n\t\t\t\n        \n\t\t\t\t<div id=\"ngg-image-4\" class=\"ngg-gallery-thumbnail-box\" >\n\t\t\t\t        <div class=\"ngg-gallery-thumbnail\">\n            <a href=\"http:\/\/www.freimarianne.ch\/wp-content\/gallery\/furenalp-13-7-17\/IMG_9247.jpg\"\n               title=\"Gross Spannort\"\n               data-src=\"http:\/\/www.freimarianne.ch\/wp-content\/gallery\/furenalp-13-7-17\/IMG_9247.jpg\"\n               data-thumbnail=\"http:\/\/www.freimarianne.ch\/wp-content\/gallery\/furenalp-13-7-17\/thumbs\/thumbs_IMG_9247.jpg\"\n               data-image-id=\"16329\"\n               data-title=\"Gross Spannort\"\n               data-description=\"Gross Spannort\"\n               data-image-slug=\"img_9247-1\"\n               class=\"shutterset_25643\">\n                <img\n                    title=\"Gross Spannort\"\n                    alt=\"Gross Spannort\"\n                    src=\"http:\/\/www.freimarianne.ch\/wp-content\/gallery\/furenalp-13-7-17\/thumbs\/thumbs_IMG_9247.jpg\"\n                    width=\"100\"\n                    height=\"75\"\n                    style=\"max-width:100%;\"\n                \/>\n            <\/a>\n        <\/div>\n\t\t\t\t\t\t\t<\/div> \n\t\t\t\n        \n\t\t\t\t<div id=\"ngg-image-5\" class=\"ngg-gallery-thumbnail-box\" >\n\t\t\t\t        <div class=\"ngg-gallery-thumbnail\">\n            <a href=\"http:\/\/www.freimarianne.ch\/wp-content\/gallery\/furenalp-13-7-17\/IMG_9256.jpg\"\n               title=\"der Weg gegen St\u00e4uber\"\n               data-src=\"http:\/\/www.freimarianne.ch\/wp-content\/gallery\/furenalp-13-7-17\/IMG_9256.jpg\"\n               data-thumbnail=\"http:\/\/www.freimarianne.ch\/wp-content\/gallery\/furenalp-13-7-17\/thumbs\/thumbs_IMG_9256.jpg\"\n               data-image-id=\"16328\"\n               data-title=\"der Weg gegen St\u00c3\u00a4uber\"\n               data-description=\"der Weg gegen St\u00e4uber\"\n               data-image-slug=\"img_9256-3\"\n               class=\"shutterset_25643\">\n                <img\n                    title=\"der Weg gegen St\u00c3\u00a4uber\"\n                    alt=\"der Weg gegen St\u00c3\u00a4uber\"\n                    src=\"http:\/\/www.freimarianne.ch\/wp-content\/gallery\/furenalp-13-7-17\/thumbs\/thumbs_IMG_9256.jpg\"\n                    width=\"100\"\n                    height=\"75\"\n                    style=\"max-width:100%;\"\n                \/>\n            <\/a>\n        <\/div>\n\t\t\t\t\t\t\t<\/div> \n\t\t\t\n        \n\t\t\t\t<div id=\"ngg-image-6\" class=\"ngg-gallery-thumbnail-box\" >\n\t\t\t\t        <div class=\"ngg-gallery-thumbnail\">\n            <a href=\"http:\/\/www.freimarianne.ch\/wp-content\/gallery\/furenalp-13-7-17\/IMG_9263.jpg\"\n               title=\"der Wasserfall bei St\u00e4uber\"\n               data-src=\"http:\/\/www.freimarianne.ch\/wp-content\/gallery\/furenalp-13-7-17\/IMG_9263.jpg\"\n               data-thumbnail=\"http:\/\/www.freimarianne.ch\/wp-content\/gallery\/furenalp-13-7-17\/thumbs\/thumbs_IMG_9263.jpg\"\n               data-image-id=\"16327\"\n               data-title=\"der Wasserfall bei St\u00c3\u00a4uber\"\n               data-description=\"der Wasserfall bei St\u00e4uber\"\n               data-image-slug=\"img_9263\"\n               class=\"shutterset_25643\">\n                <img\n                    title=\"der Wasserfall bei St\u00c3\u00a4uber\"\n                    alt=\"der Wasserfall bei St\u00c3\u00a4uber\"\n                    src=\"http:\/\/www.freimarianne.ch\/wp-content\/gallery\/furenalp-13-7-17\/thumbs\/thumbs_IMG_9263.jpg\"\n                    width=\"100\"\n                    height=\"75\"\n                    style=\"max-width:100%;\"\n                \/>\n            <\/a>\n        <\/div>\n\t\t\t\t\t\t\t<\/div> \n\t\t\t\n        \n\t\t\t\t<div id=\"ngg-image-7\" class=\"ngg-gallery-thumbnail-box\" >\n\t\t\t\t        <div class=\"ngg-gallery-thumbnail\">\n            <a href=\"http:\/\/www.freimarianne.ch\/wp-content\/gallery\/furenalp-13-7-17\/IMG_9267.jpg\"\n               title=\"der Weg ins Nider Surenen Tal\"\n               data-src=\"http:\/\/www.freimarianne.ch\/wp-content\/gallery\/furenalp-13-7-17\/IMG_9267.jpg\"\n               data-thumbnail=\"http:\/\/www.freimarianne.ch\/wp-content\/gallery\/furenalp-13-7-17\/thumbs\/thumbs_IMG_9267.jpg\"\n               data-image-id=\"16326\"\n               data-title=\"der Weg ins Nider Surenen Tal\"\n               data-description=\"der Weg ins Nider Surenen Tal\"\n               data-image-slug=\"img_9267-6\"\n               class=\"shutterset_25643\">\n                <img\n                    title=\"der Weg ins Nider Surenen Tal\"\n                    alt=\"der Weg ins Nider Surenen Tal\"\n                    src=\"http:\/\/www.freimarianne.ch\/wp-content\/gallery\/furenalp-13-7-17\/thumbs\/thumbs_IMG_9267.jpg\"\n                    width=\"100\"\n                    height=\"75\"\n                    style=\"max-width:100%;\"\n                \/>\n            <\/a>\n        <\/div>\n\t\t\t\t\t\t\t<\/div> \n\t\t\t\n        \n\t\t\t\t<div id=\"ngg-image-8\" class=\"ngg-gallery-thumbnail-box\" >\n\t\t\t\t        <div class=\"ngg-gallery-thumbnail\">\n            <a href=\"http:\/\/www.freimarianne.ch\/wp-content\/gallery\/furenalp-13-7-17\/IMG_9270.jpg\"\n               title=\"der Weg ins Nider Surenen Tal\"\n               data-src=\"http:\/\/www.freimarianne.ch\/wp-content\/gallery\/furenalp-13-7-17\/IMG_9270.jpg\"\n               data-thumbnail=\"http:\/\/www.freimarianne.ch\/wp-content\/gallery\/furenalp-13-7-17\/thumbs\/thumbs_IMG_9270.jpg\"\n               data-image-id=\"16325\"\n               data-title=\"der Weg ins Nider Surenen Tal\"\n               data-description=\"der Weg ins Nider Surenen Tal\"\n               data-image-slug=\"img_9270-1\"\n               class=\"shutterset_25643\">\n                <img\n                    title=\"der Weg ins Nider Surenen Tal\"\n                    alt=\"der Weg ins Nider Surenen Tal\"\n                    src=\"http:\/\/www.freimarianne.ch\/wp-content\/gallery\/furenalp-13-7-17\/thumbs\/thumbs_IMG_9270.jpg\"\n                    width=\"100\"\n                    height=\"75\"\n                    style=\"max-width:100%;\"\n                \/>\n            <\/a>\n        <\/div>\n\t\t\t\t\t\t\t<\/div> \n\t\t\t\n        \n\t\t\t\t<div id=\"ngg-image-9\" class=\"ngg-gallery-thumbnail-box\" >\n\t\t\t\t        <div class=\"ngg-gallery-thumbnail\">\n            <a href=\"http:\/\/www.freimarianne.ch\/wp-content\/gallery\/furenalp-13-7-17\/IMG_9272.jpg\"\n               title=\"St\u00e4feli 1393m\"\n               data-src=\"http:\/\/www.freimarianne.ch\/wp-content\/gallery\/furenalp-13-7-17\/IMG_9272.jpg\"\n               data-thumbnail=\"http:\/\/www.freimarianne.ch\/wp-content\/gallery\/furenalp-13-7-17\/thumbs\/thumbs_IMG_9272.jpg\"\n               data-image-id=\"16324\"\n               data-title=\"St\u00c3\u00a4feli 1393m\"\n               data-description=\"St\u00e4feli 1393m\"\n               data-image-slug=\"img_9272-3\"\n               class=\"shutterset_25643\">\n                <img\n                    title=\"St\u00c3\u00a4feli 1393m\"\n                    alt=\"St\u00c3\u00a4feli 1393m\"\n                    src=\"http:\/\/www.freimarianne.ch\/wp-content\/gallery\/furenalp-13-7-17\/thumbs\/thumbs_IMG_9272.jpg\"\n                    width=\"100\"\n                    height=\"75\"\n                    style=\"max-width:100%;\"\n                \/>\n            <\/a>\n        <\/div>\n\t\t\t\t\t\t\t<\/div> \n\t\t\t\n        \n\t\t\t\t<div id=\"ngg-image-10\" class=\"ngg-gallery-thumbnail-box\" >\n\t\t\t\t        <div class=\"ngg-gallery-thumbnail\">\n            <a href=\"http:\/\/www.freimarianne.ch\/wp-content\/gallery\/furenalp-13-7-17\/IMG_9275.jpg\"\n               title=\"St\u00e4feli 1393m\"\n               data-src=\"http:\/\/www.freimarianne.ch\/wp-content\/gallery\/furenalp-13-7-17\/IMG_9275.jpg\"\n               data-thumbnail=\"http:\/\/www.freimarianne.ch\/wp-content\/gallery\/furenalp-13-7-17\/thumbs\/thumbs_IMG_9275.jpg\"\n               data-image-id=\"16323\"\n               data-title=\"St\u00c3\u00a4feli 1393m\"\n               data-description=\"St\u00e4feli 1393m\"\n               data-image-slug=\"img_9275-1\"\n               class=\"shutterset_25643\">\n                <img\n                    title=\"St\u00c3\u00a4feli 1393m\"\n                    alt=\"St\u00c3\u00a4feli 1393m\"\n                    src=\"http:\/\/www.freimarianne.ch\/wp-content\/gallery\/furenalp-13-7-17\/thumbs\/thumbs_IMG_9275.jpg\"\n                    width=\"100\"\n                    height=\"75\"\n                    style=\"max-width:100%;\"\n                \/>\n            <\/a>\n        <\/div>\n\t\t\t\t\t\t\t<\/div> \n\t\t\t\n        \n\t\t\t\t<div id=\"ngg-image-11\" class=\"ngg-gallery-thumbnail-box\" >\n\t\t\t\t        <div class=\"ngg-gallery-thumbnail\">\n            <a href=\"http:\/\/www.freimarianne.ch\/wp-content\/gallery\/furenalp-13-7-17\/IMG_9284.jpg\"\n               title=\"ein Lichtblick\"\n               data-src=\"http:\/\/www.freimarianne.ch\/wp-content\/gallery\/furenalp-13-7-17\/IMG_9284.jpg\"\n               data-thumbnail=\"http:\/\/www.freimarianne.ch\/wp-content\/gallery\/furenalp-13-7-17\/thumbs\/thumbs_IMG_9284.jpg\"\n               data-image-id=\"16322\"\n               data-title=\"ein Lichtblick\"\n               data-description=\"ein Lichtblick\"\n               data-image-slug=\"img_9284-3\"\n               class=\"shutterset_25643\">\n                <img\n                    title=\"ein Lichtblick\"\n                    alt=\"ein Lichtblick\"\n                    src=\"http:\/\/www.freimarianne.ch\/wp-content\/gallery\/furenalp-13-7-17\/thumbs\/thumbs_IMG_9284.jpg\"\n                    width=\"100\"\n                    height=\"75\"\n                    style=\"max-width:100%;\"\n                \/>\n            <\/a>\n        <\/div>\n\t\t\t\t\t\t\t<\/div> \n\t\t\t\n        \n\t\t\t\t<div id=\"ngg-image-12\" class=\"ngg-gallery-thumbnail-box\" >\n\t\t\t\t        <div class=\"ngg-gallery-thumbnail\">\n            <a href=\"http:\/\/www.freimarianne.ch\/wp-content\/gallery\/furenalp-13-7-17\/IMG_9285.jpg\"\n               title=\"das Bett des Stierenbaches\"\n               data-src=\"http:\/\/www.freimarianne.ch\/wp-content\/gallery\/furenalp-13-7-17\/IMG_9285.jpg\"\n               data-thumbnail=\"http:\/\/www.freimarianne.ch\/wp-content\/gallery\/furenalp-13-7-17\/thumbs\/thumbs_IMG_9285.jpg\"\n               data-image-id=\"16321\"\n               data-title=\"das Bett des Stierenbaches\"\n               data-description=\"das Bett des Stierenbaches\"\n               data-image-slug=\"img_9285-1\"\n               class=\"shutterset_25643\">\n                <img\n                    title=\"das Bett des Stierenbaches\"\n                    alt=\"das Bett des Stierenbaches\"\n                    src=\"http:\/\/www.freimarianne.ch\/wp-content\/gallery\/furenalp-13-7-17\/thumbs\/thumbs_IMG_9285.jpg\"\n                    width=\"100\"\n                    height=\"75\"\n                    style=\"max-width:100%;\"\n                \/>\n            <\/a>\n        <\/div>\n\t\t\t\t\t\t\t<\/div> \n\t\t\t\n        \n\t\t\t\t<div id=\"ngg-image-13\" class=\"ngg-gallery-thumbnail-box\" >\n\t\t\t\t        <div class=\"ngg-gallery-thumbnail\">\n            <a href=\"http:\/\/www.freimarianne.ch\/wp-content\/gallery\/furenalp-13-7-17\/IMG_9293.jpg\"\n               title=\"Uf der Laui: B\u00e4ume geknickt\"\n               data-src=\"http:\/\/www.freimarianne.ch\/wp-content\/gallery\/furenalp-13-7-17\/IMG_9293.jpg\"\n               data-thumbnail=\"http:\/\/www.freimarianne.ch\/wp-content\/gallery\/furenalp-13-7-17\/thumbs\/thumbs_IMG_9293.jpg\"\n               data-image-id=\"16320\"\n               data-title=\"Uf der Laui: B\u00c3\u00a4ume geknickt\"\n               data-description=\"Uf der Laui: B\u00e4ume geknickt\"\n               data-image-slug=\"img_9293-3\"\n               class=\"shutterset_25643\">\n                <img\n                    title=\"Uf der Laui: B\u00c3\u00a4ume geknickt\"\n                    alt=\"Uf der Laui: B\u00c3\u00a4ume geknickt\"\n                    src=\"http:\/\/www.freimarianne.ch\/wp-content\/gallery\/furenalp-13-7-17\/thumbs\/thumbs_IMG_9293.jpg\"\n                    width=\"100\"\n                    height=\"75\"\n                    style=\"max-width:100%;\"\n                \/>\n            <\/a>\n        <\/div>\n\t\t\t\t\t\t\t<\/div> \n\t\t\t\n        \n\t\t\n\t\t<!-- Pagination -->\n\t<div class='ngg-clear'><\/div>\t<\/div>\n<\/p>\n","protected":false},"excerpt":{"rendered":"<p>Wanderung von der F\u00fcrenalp nach St\u00e4uber und hinunter nach Engelberg der Wasserfall bei St\u00e4uber Heute kann ich keinen strahlend blauen Himmel und Schneeberge erwarten! Trotzdem bin ich auf die F\u00fcrenalp 1838m hiaufgefahren. Ich m\u00f6chte den Engelberger Abschnitt des Surenenpassweges auskundschaften. Ein Pass\u00fcbergang bei vielen Wolken, die um die Berg streichen, liegt nicht drin. So wandere [&hellip;]<\/p>\n","protected":false},"author":1,"featured_media":0,"parent":24211,"menu_order":13,"comment_status":"closed","ping_status":"closed","template":"","meta":{"ngg_post_thumbnail":0},"_links":{"self":[{"href":"http:\/\/www.freimarianne.ch\/index.php?rest_route=\/wp\/v2\/pages\/25387"}],"collection":[{"href":"http:\/\/www.freimarianne.ch\/index.php?rest_route=\/wp\/v2\/pages"}],"about":[{"href":"http:\/\/www.freimarianne.ch\/index.php?rest_route=\/wp\/v2\/types\/page"}],"author":[{"embeddable":true,"href":"http:\/\/www.freimarianne.ch\/index.php?rest_route=\/wp\/v2\/users\/1"}],"replies":[{"embeddable":true,"href":"http:\/\/www.freimarianne.ch\/index.php?rest_route=%2Fwp%2Fv2%2Fcomments&post=25387"}],"version-history":[{"count":3,"href":"http:\/\/www.freimarianne.ch\/index.php?rest_route=\/wp\/v2\/pages\/25387\/revisions"}],"predecessor-version":[{"id":25645,"href":"http:\/\/www.freimarianne.ch\/index.php?rest_route=\/wp\/v2\/pages\/25387\/revisions\/25645"}],"up":[{"embeddable":true,"href":"http:\/\/www.freimarianne.ch\/index.php?rest_route=\/wp\/v2\/pages\/24211"}],"wp:attachment":[{"href":"http:\/\/www.freimarianne.ch\/index.php?rest_route=%2Fwp%2Fv2%2Fmedia&parent=25387"}],"curies":[{"name":"wp","href":"https:\/\/api.w.org\/{rel}","templated":true}]}}