{"id":25763,"date":"2017-07-23T10:46:34","date_gmt":"2017-07-23T09:46:34","guid":{"rendered":"http:\/\/www.freimarianne.ch\/?page_id=25763"},"modified":"2017-07-23T10:57:55","modified_gmt":"2017-07-23T09:57:55","slug":"cholerenschlucht-be-21-7-2017","status":"publish","type":"page","link":"http:\/\/www.freimarianne.ch\/?page_id=25763","title":{"rendered":"Cholerenschlucht  BE  21.7.2017"},"content":{"rendered":"<p><strong>Durch die Cholerenschlucht bei H\u00fcnibach nach Schwendi<\/strong><\/p>\n<p><img loading=\"lazy\" class=\"size-full wp-image-25761\" src=\"http:\/\/www.freimarianne.ch\/wp-content\/uploads\/2017\/07\/IMG_9490_choleren_500.jpg\" alt=\"\" width=\"500\" height=\"375\" srcset=\"http:\/\/www.freimarianne.ch\/wp-content\/uploads\/2017\/07\/IMG_9490_choleren_500.jpg 500w, http:\/\/www.freimarianne.ch\/wp-content\/uploads\/2017\/07\/IMG_9490_choleren_500-300x225.jpg 300w, http:\/\/www.freimarianne.ch\/wp-content\/uploads\/2017\/07\/IMG_9490_choleren_500-400x300.jpg 400w\" sizes=\"(max-width: 500px) 100vw, 500px\" \/><br \/>\nin der Cholerenschlucht<\/p>\n<p>Wo plant man eine Wanderung bei den momentanen Wetterverh\u00e4ltnissen? Man weiss nie wo die Gewitter zuschlagen. Zumindest sollte man keine gr\u00f6ssere Bergwanderung planen! Auch muss man das Tagesgangwetter beachten.<br \/>\nSo komme ich heute auf die Idee der Cholerenschlucht bei H\u00fcnibach bei Thun.<br \/>\nDiese kennen wir noch nicht. Wir steigen bei diesem warmen Wetter gern in die k\u00fchle Schlucht. Der Weg ist interessant aber trotz dem Schatten doch etwas scheweisstreibend. Wir folgen dann dem Wegweiser nach Schwendi. So queren wir auf einer Br\u00fccke den Bach. Auf der Karte hat dieser Bach keinen Namen. Ich nenne ihn den Cholerenbach.<br \/>\nNach der Br\u00fccke finden wir einen Rastplatz auf einer Scheiterbeige. Dann geht es auf einem Waldpfad hinauf gegen D\u00f6rfli. Hier wandern wir auch Fahrstrassen. Um nicht auf der Hauptstrasse gehen zu m\u00fcssen, nehmen wir einige Umweg in Kauf. Beim Weiler Schulhaus gehen wir hin\u00fcber zur Kirche und ruhen dort im Schatten aus. Nachher kommen wir nach einem kurzen Abschnitt auf der Hauptstrasse wieder in den Wald und erreichen \u00fcber einen H\u00fcgel den Ort Schwendi, wo uns das Postauto dank einer Versp\u00e4tung mitnimmt nach Thun.<br \/>\nDies war nur eine kurze Wanderung aber ganz interessant. In Thun besteigen wir das Schiff nach Interlaken. Das sch\u00f6ne Wetter h\u00e4lt nicht mehr lange an aber wir fahren den dunklen Regenwolken davon!<\/p>\n<p>Laut Schweizmobil:<br \/>\nDistanz: 5.96km; Aufstieg: 569m; Abstieg: 37m; Wanderzeit: 2 h 10 min<\/p>\n<p><a href=\"https:\/\/map.wanderland.ch\/?lang=de&amp;route=all&amp;bgLayer=pk&amp;layers=Wanderland&amp;resolution=5&amp;E=2617316&amp;N=1177830&amp;trackId=3705220\">Karte Schweizmobil:<\/a><\/p>\n<p><!-- index.php -->\n<div\n\tclass=\"ngg-galleryoverview ngg-ajax-pagination-none\"\n\tid=\"ngg-gallery-25839-1\">\n\n    \t<div class=\"slideshowlink\">\n        <a href='http:\/\/www.freimarianne.ch\/index.php\/nggallery\/slideshow?page_id=25763'>[Show as slideshow]<\/a>\n\t\t\n\t<\/div>\n\t\t\t<!-- Thumbnails -->\n\t\t\t\t<div id=\"ngg-image-0\" class=\"ngg-gallery-thumbnail-box\" >\n\t\t\t\t        <div class=\"ngg-gallery-thumbnail\">\n            <a href=\"http:\/\/www.freimarianne.ch\/wp-content\/gallery\/cholerenschlucht-21-7-17\/IMG_9479.jpg\"\n               title=\"oberhalb H\u00fcnibach; Stockhorn\"\n               data-src=\"http:\/\/www.freimarianne.ch\/wp-content\/gallery\/cholerenschlucht-21-7-17\/IMG_9479.jpg\"\n               data-thumbnail=\"http:\/\/www.freimarianne.ch\/wp-content\/gallery\/cholerenschlucht-21-7-17\/thumbs\/thumbs_IMG_9479.jpg\"\n               data-image-id=\"16393\"\n               data-title=\"oberhalb H\u00c3\u00bcnibach; Stockhorn\"\n               data-description=\"oberhalb H\u00fcnibach; Stockhorn\"\n               data-image-slug=\"img_9479-2\"\n               class=\"shutterset_25839\">\n                <img\n                    title=\"oberhalb H\u00c3\u00bcnibach; Stockhorn\"\n                    alt=\"oberhalb H\u00c3\u00bcnibach; Stockhorn\"\n                    src=\"http:\/\/www.freimarianne.ch\/wp-content\/gallery\/cholerenschlucht-21-7-17\/thumbs\/thumbs_IMG_9479.jpg\"\n                    width=\"100\"\n                    height=\"75\"\n                    style=\"max-width:100%;\"\n                \/>\n            <\/a>\n        <\/div>\n\t\t\t\t\t\t\t<\/div> \n\t\t\t\n        \n\t\t\t\t<div id=\"ngg-image-1\" class=\"ngg-gallery-thumbnail-box\" >\n\t\t\t\t        <div class=\"ngg-gallery-thumbnail\">\n            <a href=\"http:\/\/www.freimarianne.ch\/wp-content\/gallery\/cholerenschlucht-21-7-17\/IMG_9483.jpg\"\n               title=\"in der Cholerenschlucht\"\n               data-src=\"http:\/\/www.freimarianne.ch\/wp-content\/gallery\/cholerenschlucht-21-7-17\/IMG_9483.jpg\"\n               data-thumbnail=\"http:\/\/www.freimarianne.ch\/wp-content\/gallery\/cholerenschlucht-21-7-17\/thumbs\/thumbs_IMG_9483.jpg\"\n               data-image-id=\"16392\"\n               data-title=\"in der Cholerenschlucht\"\n               data-description=\"in der Cholerenschlucht\"\n               data-image-slug=\"img_9483-2\"\n               class=\"shutterset_25839\">\n                <img\n                    title=\"in der Cholerenschlucht\"\n                    alt=\"in der Cholerenschlucht\"\n                    src=\"http:\/\/www.freimarianne.ch\/wp-content\/gallery\/cholerenschlucht-21-7-17\/thumbs\/thumbs_IMG_9483.jpg\"\n                    width=\"100\"\n                    height=\"75\"\n                    style=\"max-width:100%;\"\n                \/>\n            <\/a>\n        <\/div>\n\t\t\t\t\t\t\t<\/div> \n\t\t\t\n        \n\t\t\t\t<div id=\"ngg-image-2\" class=\"ngg-gallery-thumbnail-box\" >\n\t\t\t\t        <div class=\"ngg-gallery-thumbnail\">\n            <a href=\"http:\/\/www.freimarianne.ch\/wp-content\/gallery\/cholerenschlucht-21-7-17\/IMG_9484.jpg\"\n               title=\"in der Cholerenschlucht\"\n               data-src=\"http:\/\/www.freimarianne.ch\/wp-content\/gallery\/cholerenschlucht-21-7-17\/IMG_9484.jpg\"\n               data-thumbnail=\"http:\/\/www.freimarianne.ch\/wp-content\/gallery\/cholerenschlucht-21-7-17\/thumbs\/thumbs_IMG_9484.jpg\"\n               data-image-id=\"16391\"\n               data-title=\"in der Cholerenschlucht\"\n               data-description=\"in der Cholerenschlucht\"\n               data-image-slug=\"img_9484-4\"\n               class=\"shutterset_25839\">\n                <img\n                    title=\"in der Cholerenschlucht\"\n                    alt=\"in der Cholerenschlucht\"\n                    src=\"http:\/\/www.freimarianne.ch\/wp-content\/gallery\/cholerenschlucht-21-7-17\/thumbs\/thumbs_IMG_9484.jpg\"\n                    width=\"100\"\n                    height=\"75\"\n                    style=\"max-width:100%;\"\n                \/>\n            <\/a>\n        <\/div>\n\t\t\t\t\t\t\t<\/div> \n\t\t\t\n        \n\t\t\t\t<div id=\"ngg-image-3\" class=\"ngg-gallery-thumbnail-box\" >\n\t\t\t\t        <div class=\"ngg-gallery-thumbnail\">\n            <a href=\"http:\/\/www.freimarianne.ch\/wp-content\/gallery\/cholerenschlucht-21-7-17\/IMG_9485.jpg\"\n               title=\"in der Cholerenschlucht\"\n               data-src=\"http:\/\/www.freimarianne.ch\/wp-content\/gallery\/cholerenschlucht-21-7-17\/IMG_9485.jpg\"\n               data-thumbnail=\"http:\/\/www.freimarianne.ch\/wp-content\/gallery\/cholerenschlucht-21-7-17\/thumbs\/thumbs_IMG_9485.jpg\"\n               data-image-id=\"16390\"\n               data-title=\"in der Cholerenschlucht\"\n               data-description=\"in der Cholerenschlucht\"\n               data-image-slug=\"img_9485\"\n               class=\"shutterset_25839\">\n                <img\n                    title=\"in der Cholerenschlucht\"\n                    alt=\"in der Cholerenschlucht\"\n                    src=\"http:\/\/www.freimarianne.ch\/wp-content\/gallery\/cholerenschlucht-21-7-17\/thumbs\/thumbs_IMG_9485.jpg\"\n                    width=\"100\"\n                    height=\"75\"\n                    style=\"max-width:100%;\"\n                \/>\n            <\/a>\n        <\/div>\n\t\t\t\t\t\t\t<\/div> \n\t\t\t\n        \n\t\t\t\t<div id=\"ngg-image-4\" class=\"ngg-gallery-thumbnail-box\" >\n\t\t\t\t        <div class=\"ngg-gallery-thumbnail\">\n            <a href=\"http:\/\/www.freimarianne.ch\/wp-content\/gallery\/cholerenschlucht-21-7-17\/IMG_9489.jpg\"\n               title=\"in der Cholerenschlucht\"\n               data-src=\"http:\/\/www.freimarianne.ch\/wp-content\/gallery\/cholerenschlucht-21-7-17\/IMG_9489.jpg\"\n               data-thumbnail=\"http:\/\/www.freimarianne.ch\/wp-content\/gallery\/cholerenschlucht-21-7-17\/thumbs\/thumbs_IMG_9489.jpg\"\n               data-image-id=\"16389\"\n               data-title=\"in der Cholerenschlucht\"\n               data-description=\"in der Cholerenschlucht\"\n               data-image-slug=\"img_9489\"\n               class=\"shutterset_25839\">\n                <img\n                    title=\"in der Cholerenschlucht\"\n                    alt=\"in der Cholerenschlucht\"\n                    src=\"http:\/\/www.freimarianne.ch\/wp-content\/gallery\/cholerenschlucht-21-7-17\/thumbs\/thumbs_IMG_9489.jpg\"\n                    width=\"100\"\n                    height=\"75\"\n                    style=\"max-width:100%;\"\n                \/>\n            <\/a>\n        <\/div>\n\t\t\t\t\t\t\t<\/div> \n\t\t\t\n        \n\t\t\t\t<div id=\"ngg-image-5\" class=\"ngg-gallery-thumbnail-box\" >\n\t\t\t\t        <div class=\"ngg-gallery-thumbnail\">\n            <a href=\"http:\/\/www.freimarianne.ch\/wp-content\/gallery\/cholerenschlucht-21-7-17\/IMG_9495.jpg\"\n               title=\"Blick gegen das Bim D\u00f6rfli  941m\"\n               data-src=\"http:\/\/www.freimarianne.ch\/wp-content\/gallery\/cholerenschlucht-21-7-17\/IMG_9495.jpg\"\n               data-thumbnail=\"http:\/\/www.freimarianne.ch\/wp-content\/gallery\/cholerenschlucht-21-7-17\/thumbs\/thumbs_IMG_9495.jpg\"\n               data-image-id=\"16388\"\n               data-title=\"Blick gegen das Bim D\u00c3\u00b6rfli  941m\"\n               data-description=\"Blick gegen das Bim D\u00f6rfli  941m\"\n               data-image-slug=\"img_9495-3\"\n               class=\"shutterset_25839\">\n                <img\n                    title=\"Blick gegen das Bim D\u00c3\u00b6rfli  941m\"\n                    alt=\"Blick gegen das Bim D\u00c3\u00b6rfli  941m\"\n                    src=\"http:\/\/www.freimarianne.ch\/wp-content\/gallery\/cholerenschlucht-21-7-17\/thumbs\/thumbs_IMG_9495.jpg\"\n                    width=\"100\"\n                    height=\"75\"\n                    style=\"max-width:100%;\"\n                \/>\n            <\/a>\n        <\/div>\n\t\t\t\t\t\t\t<\/div> \n\t\t\t\n        \n\t\t\t\t<div id=\"ngg-image-6\" class=\"ngg-gallery-thumbnail-box\" >\n\t\t\t\t        <div class=\"ngg-gallery-thumbnail\">\n            <a href=\"http:\/\/www.freimarianne.ch\/wp-content\/gallery\/cholerenschlucht-21-7-17\/IMG_9496.jpg\"\n               title=\"Blick auf Thun und die Stockhornkette\"\n               data-src=\"http:\/\/www.freimarianne.ch\/wp-content\/gallery\/cholerenschlucht-21-7-17\/IMG_9496.jpg\"\n               data-thumbnail=\"http:\/\/www.freimarianne.ch\/wp-content\/gallery\/cholerenschlucht-21-7-17\/thumbs\/thumbs_IMG_9496.jpg\"\n               data-image-id=\"16387\"\n               data-title=\"Blick auf Thun und die Stockhornkette\"\n               data-description=\"Blick auf Thun und die Stockhornkette\"\n               data-image-slug=\"img_9496-3\"\n               class=\"shutterset_25839\">\n                <img\n                    title=\"Blick auf Thun und die Stockhornkette\"\n                    alt=\"Blick auf Thun und die Stockhornkette\"\n                    src=\"http:\/\/www.freimarianne.ch\/wp-content\/gallery\/cholerenschlucht-21-7-17\/thumbs\/thumbs_IMG_9496.jpg\"\n                    width=\"100\"\n                    height=\"75\"\n                    style=\"max-width:100%;\"\n                \/>\n            <\/a>\n        <\/div>\n\t\t\t\t\t\t\t<\/div> \n\t\t\t\n        \n\t\t\t\t<div id=\"ngg-image-7\" class=\"ngg-gallery-thumbnail-box\" >\n\t\t\t\t        <div class=\"ngg-gallery-thumbnail\">\n            <a href=\"http:\/\/www.freimarianne.ch\/wp-content\/gallery\/cholerenschlucht-21-7-17\/IMG_9502.jpg\"\n               title=\"Bim D\u00f6rfli  941m\"\n               data-src=\"http:\/\/www.freimarianne.ch\/wp-content\/gallery\/cholerenschlucht-21-7-17\/IMG_9502.jpg\"\n               data-thumbnail=\"http:\/\/www.freimarianne.ch\/wp-content\/gallery\/cholerenschlucht-21-7-17\/thumbs\/thumbs_IMG_9502.jpg\"\n               data-image-id=\"16386\"\n               data-title=\"Bim D\u00c3\u00b6rfli  941m\"\n               data-description=\"Bim D\u00f6rfli  941m\"\n               data-image-slug=\"img_9502-3\"\n               class=\"shutterset_25839\">\n                <img\n                    title=\"Bim D\u00c3\u00b6rfli  941m\"\n                    alt=\"Bim D\u00c3\u00b6rfli  941m\"\n                    src=\"http:\/\/www.freimarianne.ch\/wp-content\/gallery\/cholerenschlucht-21-7-17\/thumbs\/thumbs_IMG_9502.jpg\"\n                    width=\"100\"\n                    height=\"75\"\n                    style=\"max-width:100%;\"\n                \/>\n            <\/a>\n        <\/div>\n\t\t\t\t\t\t\t<\/div> \n\t\t\t\n        \n\t\t\t\t<div id=\"ngg-image-8\" class=\"ngg-gallery-thumbnail-box\" >\n\t\t\t\t        <div class=\"ngg-gallery-thumbnail\">\n            <a href=\"http:\/\/www.freimarianne.ch\/wp-content\/gallery\/cholerenschlucht-21-7-17\/IMG_9507.jpg\"\n               title=\"die Kirche in  Schulhaus\"\n               data-src=\"http:\/\/www.freimarianne.ch\/wp-content\/gallery\/cholerenschlucht-21-7-17\/IMG_9507.jpg\"\n               data-thumbnail=\"http:\/\/www.freimarianne.ch\/wp-content\/gallery\/cholerenschlucht-21-7-17\/thumbs\/thumbs_IMG_9507.jpg\"\n               data-image-id=\"16385\"\n               data-title=\"die Kirche in  Schulhaus\"\n               data-description=\"die Kirche in  Schulhaus\"\n               data-image-slug=\"img_9507-1\"\n               class=\"shutterset_25839\">\n                <img\n                    title=\"die Kirche in  Schulhaus\"\n                    alt=\"die Kirche in  Schulhaus\"\n                    src=\"http:\/\/www.freimarianne.ch\/wp-content\/gallery\/cholerenschlucht-21-7-17\/thumbs\/thumbs_IMG_9507.jpg\"\n                    width=\"100\"\n                    height=\"75\"\n                    style=\"max-width:100%;\"\n                \/>\n            <\/a>\n        <\/div>\n\t\t\t\t\t\t\t<\/div> \n\t\t\t\n        \n\t\t\t\t<div id=\"ngg-image-9\" class=\"ngg-gallery-thumbnail-box\" >\n\t\t\t\t        <div class=\"ngg-gallery-thumbnail\">\n            <a href=\"http:\/\/www.freimarianne.ch\/wp-content\/gallery\/cholerenschlucht-21-7-17\/IMG_9514.jpg\"\n               title=\"Spiez\"\n               data-src=\"http:\/\/www.freimarianne.ch\/wp-content\/gallery\/cholerenschlucht-21-7-17\/IMG_9514.jpg\"\n               data-thumbnail=\"http:\/\/www.freimarianne.ch\/wp-content\/gallery\/cholerenschlucht-21-7-17\/thumbs\/thumbs_IMG_9514.jpg\"\n               data-image-id=\"16384\"\n               data-title=\"Spiez\"\n               data-description=\"Spiez\"\n               data-image-slug=\"img_9514-2\"\n               class=\"shutterset_25839\">\n                <img\n                    title=\"Spiez\"\n                    alt=\"Spiez\"\n                    src=\"http:\/\/www.freimarianne.ch\/wp-content\/gallery\/cholerenschlucht-21-7-17\/thumbs\/thumbs_IMG_9514.jpg\"\n                    width=\"100\"\n                    height=\"75\"\n                    style=\"max-width:100%;\"\n                \/>\n            <\/a>\n        <\/div>\n\t\t\t\t\t\t\t<\/div> \n\t\t\t\n        \n\t\t\t\t<div id=\"ngg-image-10\" class=\"ngg-gallery-thumbnail-box\" >\n\t\t\t\t        <div class=\"ngg-gallery-thumbnail\">\n            <a href=\"http:\/\/www.freimarianne.ch\/wp-content\/gallery\/cholerenschlucht-21-7-17\/IMG_9515.jpg\"\n               title=\"Gewitterstimmung am Thunersee\"\n               data-src=\"http:\/\/www.freimarianne.ch\/wp-content\/gallery\/cholerenschlucht-21-7-17\/IMG_9515.jpg\"\n               data-thumbnail=\"http:\/\/www.freimarianne.ch\/wp-content\/gallery\/cholerenschlucht-21-7-17\/thumbs\/thumbs_IMG_9515.jpg\"\n               data-image-id=\"16383\"\n               data-title=\"Gewitterstimmung am Thunersee\"\n               data-description=\"Gewitterstimmung am Thunersee\"\n               data-image-slug=\"img_9515-2\"\n               class=\"shutterset_25839\">\n                <img\n                    title=\"Gewitterstimmung am Thunersee\"\n                    alt=\"Gewitterstimmung am Thunersee\"\n                    src=\"http:\/\/www.freimarianne.ch\/wp-content\/gallery\/cholerenschlucht-21-7-17\/thumbs\/thumbs_IMG_9515.jpg\"\n                    width=\"100\"\n                    height=\"75\"\n                    style=\"max-width:100%;\"\n                \/>\n            <\/a>\n        <\/div>\n\t\t\t\t\t\t\t<\/div> \n\t\t\t\n        \n\t\t\n\t\t<!-- Pagination -->\n\t<div class='ngg-clear'><\/div>\t<\/div>\n<\/p>\n","protected":false},"excerpt":{"rendered":"<p>Durch die Cholerenschlucht bei H\u00fcnibach nach Schwendi in der Cholerenschlucht Wo plant man eine Wanderung bei den momentanen Wetterverh\u00e4ltnissen? Man weiss nie wo die Gewitter zuschlagen. Zumindest sollte man keine gr\u00f6ssere Bergwanderung planen! Auch muss man das Tagesgangwetter beachten. So komme ich heute auf die Idee der Cholerenschlucht bei H\u00fcnibach bei Thun. Diese kennen wir [&hellip;]<\/p>\n","protected":false},"author":1,"featured_media":0,"parent":24211,"menu_order":16,"comment_status":"closed","ping_status":"closed","template":"","meta":{"ngg_post_thumbnail":0},"_links":{"self":[{"href":"http:\/\/www.freimarianne.ch\/index.php?rest_route=\/wp\/v2\/pages\/25763"}],"collection":[{"href":"http:\/\/www.freimarianne.ch\/index.php?rest_route=\/wp\/v2\/pages"}],"about":[{"href":"http:\/\/www.freimarianne.ch\/index.php?rest_route=\/wp\/v2\/types\/page"}],"author":[{"embeddable":true,"href":"http:\/\/www.freimarianne.ch\/index.php?rest_route=\/wp\/v2\/users\/1"}],"replies":[{"embeddable":true,"href":"http:\/\/www.freimarianne.ch\/index.php?rest_route=%2Fwp%2Fv2%2Fcomments&post=25763"}],"version-history":[{"count":5,"href":"http:\/\/www.freimarianne.ch\/index.php?rest_route=\/wp\/v2\/pages\/25763\/revisions"}],"predecessor-version":[{"id":25840,"href":"http:\/\/www.freimarianne.ch\/index.php?rest_route=\/wp\/v2\/pages\/25763\/revisions\/25840"}],"up":[{"embeddable":true,"href":"http:\/\/www.freimarianne.ch\/index.php?rest_route=\/wp\/v2\/pages\/24211"}],"wp:attachment":[{"href":"http:\/\/www.freimarianne.ch\/index.php?rest_route=%2Fwp%2Fv2%2Fmedia&parent=25763"}],"curies":[{"name":"wp","href":"https:\/\/api.w.org\/{rel}","templated":true}]}}