{"id":2584,"date":"2012-02-27T10:57:01","date_gmt":"2012-02-27T09:57:01","guid":{"rendered":"http:\/\/www.freimarianne.ch\/?page_id=2584"},"modified":"2012-02-27T11:02:50","modified_gmt":"2012-02-27T10:02:50","slug":"mont-crosin-26-02-2012","status":"publish","type":"page","link":"http:\/\/www.freimarianne.ch\/?page_id=2584","title":{"rendered":"Mont Crosin 26.02.2012"},"content":{"rendered":"<p><strong>Schneeschuhwanderung<\/strong> von les Breuleux \u00fcber les Envers auf den Mont Crosin, wo es neblig, kalt und windig war ( trotz guter Wetterprognose). Zur\u00fcck  gegen Westen, \u00fcber Combe Aubert in einem weiten Bogen durch eine sch\u00f6ne Juralandschaft nach les Envers. Von dort wieder \u00fcber  Les Ravi\u00e8res  nach les Breuleux.<br \/>\n<img loading=\"lazy\" src=\"http:\/\/www.freimarianne.ch\/wp-content\/uploads\/2012\/02\/IMG_4277_crosin_500.jpg\" alt=\"\" title=\"IMG_4277_crosin_500\" width=\"500\" height=\"375\" class=\"alignleft size-full wp-image-2587\" srcset=\"http:\/\/www.freimarianne.ch\/wp-content\/uploads\/2012\/02\/IMG_4277_crosin_500.jpg 500w, http:\/\/www.freimarianne.ch\/wp-content\/uploads\/2012\/02\/IMG_4277_crosin_500-300x225.jpg 300w\" sizes=\"(max-width: 500px) 100vw, 500px\" \/><\/a><\/p>\n<p><img loading=\"lazy\" src=\"http:\/\/www.freimarianne.ch\/wp-content\/uploads\/2012\/02\/IMG_4278_crosin_500.jpg\" alt=\"\" title=\"IMG_4278_crosin_500\" width=\"500\" height=\"375\" class=\"alignleft size-full wp-image-2586\" srcset=\"http:\/\/www.freimarianne.ch\/wp-content\/uploads\/2012\/02\/IMG_4278_crosin_500.jpg 500w, http:\/\/www.freimarianne.ch\/wp-content\/uploads\/2012\/02\/IMG_4278_crosin_500-300x225.jpg 300w\" sizes=\"(max-width: 500px) 100vw, 500px\" \/><\/a><\/p>\n","protected":false},"excerpt":{"rendered":"<p>Schneeschuhwanderung von les Breuleux \u00fcber les Envers auf den Mont Crosin, wo es neblig, kalt und windig war ( trotz guter Wetterprognose). Zur\u00fcck gegen Westen, \u00fcber Combe Aubert in einem weiten Bogen durch eine sch\u00f6ne Juralandschaft nach les Envers. Von dort wieder \u00fcber Les Ravi\u00e8res nach les Breuleux.<\/p>\n","protected":false},"author":1,"featured_media":0,"parent":2480,"menu_order":6,"comment_status":"closed","ping_status":"closed","template":"","meta":{"ngg_post_thumbnail":0},"_links":{"self":[{"href":"http:\/\/www.freimarianne.ch\/index.php?rest_route=\/wp\/v2\/pages\/2584"}],"collection":[{"href":"http:\/\/www.freimarianne.ch\/index.php?rest_route=\/wp\/v2\/pages"}],"about":[{"href":"http:\/\/www.freimarianne.ch\/index.php?rest_route=\/wp\/v2\/types\/page"}],"author":[{"embeddable":true,"href":"http:\/\/www.freimarianne.ch\/index.php?rest_route=\/wp\/v2\/users\/1"}],"replies":[{"embeddable":true,"href":"http:\/\/www.freimarianne.ch\/index.php?rest_route=%2Fwp%2Fv2%2Fcomments&post=2584"}],"version-history":[{"count":3,"href":"http:\/\/www.freimarianne.ch\/index.php?rest_route=\/wp\/v2\/pages\/2584\/revisions"}],"predecessor-version":[{"id":2589,"href":"http:\/\/www.freimarianne.ch\/index.php?rest_route=\/wp\/v2\/pages\/2584\/revisions\/2589"}],"up":[{"embeddable":true,"href":"http:\/\/www.freimarianne.ch\/index.php?rest_route=\/wp\/v2\/pages\/2480"}],"wp:attachment":[{"href":"http:\/\/www.freimarianne.ch\/index.php?rest_route=%2Fwp%2Fv2%2Fmedia&parent=2584"}],"curies":[{"name":"wp","href":"https:\/\/api.w.org\/{rel}","templated":true}]}}