{"id":2626,"date":"2012-03-19T08:07:12","date_gmt":"2012-03-19T07:07:12","guid":{"rendered":"http:\/\/www.freimarianne.ch\/?page_id=2626"},"modified":"2013-02-09T09:20:55","modified_gmt":"2013-02-09T08:20:55","slug":"hengst-sorenberg-18-03-2012","status":"publish","type":"page","link":"http:\/\/www.freimarianne.ch\/?page_id=2626","title":{"rendered":"Hengst, S\u00f6renberg  18.03.2012"},"content":{"rendered":"<p><strong>Schneeschuhwanderung<\/strong> auf den Hengst bei S\u00f6renberg mit dem Novartis Sportclub<br \/>\nBei der Postautostation Hirsegg geht es etwas zur\u00fcck und dann zur Br\u00fccke \u00fcber den  S\u00fcdelgraben zum Ausgangspunkt der Tour, 1070m.  Wir starten bei sch\u00f6nstem Sonnenschein, der uns beim Aufstieg schwitzen l\u00e4sst. Es geht gleich steil hinauf zur St\u00e4chelegg 1340m und weiter \u00fcber Schlund 1477m durch eine sch\u00f6ne Waldpartie gegen Punkt 1596m. Bevor wir den Schlund erreichen  kehrt das Wetter und Bew\u00f6lkung zieht auf und es wird k\u00fchl. Es folgt ein steiler Aufstieg bei schlechter Sicht und viel Nassschnee hinauf zum Heidenloch oder etwas davor, wo wir auf einer aperen Stelle unseren ungem\u00fctlichen Mittagshalt  einschalten. Hier oben schneit es ganz leicht und es ist kalt.<br \/>\nLaut Karte sind wir  im steilen Hang \u00fcber den Schrattenkalk gegangen.<br \/>\nIm Nebel steigen wir denselben Weg wieder hinunter. Wir waren fast auf dem Gipfel des Hengst, wissen aber nicht wie es da droben aussieht. Im Tal unten regnet es. Im Ort Fl\u00fchli kehren wir im alten Hotel  ein und  w\u00e4rmen uns beim Gesang der Jodler auf.<br \/>\nAufstieg ca. 840m; Dauer: 3 Stunden (mit Halt)<br \/>\n<img loading=\"lazy\" src=\"http:\/\/www.freimarianne.ch\/wp-content\/uploads\/2012\/03\/IMG_4524_hengst_0312_500.jpg\" alt=\"\" title=\"IMG_4524_hengst_0312_500\" width=\"500\" height=\"375\" class=\"alignleft size-full wp-image-2629\" srcset=\"http:\/\/www.freimarianne.ch\/wp-content\/uploads\/2012\/03\/IMG_4524_hengst_0312_500.jpg 500w, http:\/\/www.freimarianne.ch\/wp-content\/uploads\/2012\/03\/IMG_4524_hengst_0312_500-300x225.jpg 300w\" sizes=\"(max-width: 500px) 100vw, 500px\" \/><\/a><\/p>\n<p><strong>Diaschau auf Flickr<\/strong><br \/>\n<object width=\"400\" height=\"300\"><param name=\"flashvars\" value=\"offsite=true&#038;lang=en-us&#038;page_show_url=%2Fphotos%2Fmarifrei%2Fsets%2F72157629314150240%2Fshow%2F&#038;page_show_back_url=%2Fphotos%2Fmarifrei%2Fsets%2F72157629314150240%2F&#038;set_id=72157629314150240&#038;jump_to=\"><\/param><param name=\"movie\" value=\"http:\/\/www.flickr.com\/apps\/slideshow\/show.swf?v=109615\"><\/param><param name=\"allowFullScreen\" value=\"true\"><\/param><embed type=\"application\/x-shockwave-flash\" src=\"http:\/\/www.flickr.com\/apps\/slideshow\/show.swf?v=109615\" allowFullScreen=\"true\" flashvars=\"offsite=true&#038;lang=en-us&#038;page_show_url=%2Fphotos%2Fmarifrei%2Fsets%2F72157629314150240%2Fshow%2F&#038;page_show_back_url=%2Fphotos%2Fmarifrei%2Fsets%2F72157629314150240%2F&#038;set_id=72157629314150240&#038;jump_to=\" width=\"400\" height=\"300\"><\/embed><\/object><br \/>\n<!-- index.php -->\n<div\n\tclass=\"ngg-galleryoverview ngg-ajax-pagination-none\"\n\tid=\"ngg-gallery-f5afe16629fd0e16e2e3718627ad3900-1\">\n\n    \t<div class=\"slideshowlink\">\n        <a href='http:\/\/www.freimarianne.ch\/index.php\/nggallery\/slideshow?page_id=2626'>[Show as slideshow]<\/a>\n\t\t\n\t<\/div>\n\t\t\t<!-- Thumbnails -->\n\t\t\t\t<div id=\"ngg-image-0\" class=\"ngg-gallery-thumbnail-box\" >\n\t\t\t\t        <div class=\"ngg-gallery-thumbnail\">\n            <a href=\"http:\/\/www.freimarianne.ch\/wp-content\/gallery\/hengst-sorenberg-18-03-2012\/img_4513.jpg\"\n               title=\"\"\n               data-src=\"http:\/\/www.freimarianne.ch\/wp-content\/gallery\/hengst-sorenberg-18-03-2012\/img_4513.jpg\"\n               data-thumbnail=\"http:\/\/www.freimarianne.ch\/wp-content\/gallery\/hengst-sorenberg-18-03-2012\/thumbs\/thumbs_img_4513.jpg\"\n               data-image-id=\"4318\"\n               data-title=\"img_4513\"\n               data-description=\"\"\n               data-image-slug=\"img_4513\"\n               class=\"shutterset_f5afe16629fd0e16e2e3718627ad3900\">\n                <img\n                    title=\"img_4513\"\n                    alt=\"img_4513\"\n                    src=\"http:\/\/www.freimarianne.ch\/wp-content\/gallery\/hengst-sorenberg-18-03-2012\/cache\/img_4513.jpg-nggid044318-ngg0dyn-100x75x100-00f0w010c010r110f110r010t010.jpg\"\n                    width=\"100\"\n                    height=\"75\"\n                    style=\"max-width:100%;\"\n                \/>\n            <\/a>\n        <\/div>\n\t\t\t\t\t\t\t<\/div> \n\t\t\t\n                            \n\t\t\t\t<div id=\"ngg-image-1\" class=\"ngg-gallery-thumbnail-box\" >\n\t\t\t\t        <div class=\"ngg-gallery-thumbnail\">\n            <a href=\"http:\/\/www.freimarianne.ch\/wp-content\/gallery\/hengst-sorenberg-18-03-2012\/img_4515.jpg\"\n               title=\"\"\n               data-src=\"http:\/\/www.freimarianne.ch\/wp-content\/gallery\/hengst-sorenberg-18-03-2012\/img_4515.jpg\"\n               data-thumbnail=\"http:\/\/www.freimarianne.ch\/wp-content\/gallery\/hengst-sorenberg-18-03-2012\/thumbs\/thumbs_img_4515.jpg\"\n               data-image-id=\"4319\"\n               data-title=\"img_4515\"\n               data-description=\"\"\n               data-image-slug=\"img_4515\"\n               class=\"shutterset_f5afe16629fd0e16e2e3718627ad3900\">\n                <img\n                    title=\"img_4515\"\n                    alt=\"img_4515\"\n                    src=\"http:\/\/www.freimarianne.ch\/wp-content\/gallery\/hengst-sorenberg-18-03-2012\/cache\/img_4515.jpg-nggid044319-ngg0dyn-100x75x100-00f0w010c010r110f110r010t010.jpg\"\n                    width=\"100\"\n                    height=\"75\"\n                    style=\"max-width:100%;\"\n                \/>\n            <\/a>\n        <\/div>\n\t\t\t\t\t\t\t<\/div> \n\t\t\t\n                            \n\t\t\t\t<div id=\"ngg-image-2\" class=\"ngg-gallery-thumbnail-box\" >\n\t\t\t\t        <div class=\"ngg-gallery-thumbnail\">\n            <a href=\"http:\/\/www.freimarianne.ch\/wp-content\/gallery\/hengst-sorenberg-18-03-2012\/img_4516.jpg\"\n               title=\"\"\n               data-src=\"http:\/\/www.freimarianne.ch\/wp-content\/gallery\/hengst-sorenberg-18-03-2012\/img_4516.jpg\"\n               data-thumbnail=\"http:\/\/www.freimarianne.ch\/wp-content\/gallery\/hengst-sorenberg-18-03-2012\/thumbs\/thumbs_img_4516.jpg\"\n               data-image-id=\"4320\"\n               data-title=\"img_4516\"\n               data-description=\"\"\n               data-image-slug=\"img_4516\"\n               class=\"shutterset_f5afe16629fd0e16e2e3718627ad3900\">\n                <img\n                    title=\"img_4516\"\n                    alt=\"img_4516\"\n                    src=\"http:\/\/www.freimarianne.ch\/wp-content\/gallery\/hengst-sorenberg-18-03-2012\/cache\/img_4516.jpg-nggid044320-ngg0dyn-100x75x100-00f0w010c010r110f110r010t010.jpg\"\n                    width=\"100\"\n                    height=\"75\"\n                    style=\"max-width:100%;\"\n                \/>\n            <\/a>\n        <\/div>\n\t\t\t\t\t\t\t<\/div> \n\t\t\t\n                            \n\t\t\t\t<div id=\"ngg-image-3\" class=\"ngg-gallery-thumbnail-box\" >\n\t\t\t\t        <div class=\"ngg-gallery-thumbnail\">\n            <a href=\"http:\/\/www.freimarianne.ch\/wp-content\/gallery\/hengst-sorenberg-18-03-2012\/img_4519.jpg\"\n               title=\"\"\n               data-src=\"http:\/\/www.freimarianne.ch\/wp-content\/gallery\/hengst-sorenberg-18-03-2012\/img_4519.jpg\"\n               data-thumbnail=\"http:\/\/www.freimarianne.ch\/wp-content\/gallery\/hengst-sorenberg-18-03-2012\/thumbs\/thumbs_img_4519.jpg\"\n               data-image-id=\"4321\"\n               data-title=\"img_4519\"\n               data-description=\"\"\n               data-image-slug=\"img_4519\"\n               class=\"shutterset_f5afe16629fd0e16e2e3718627ad3900\">\n                <img\n                    title=\"img_4519\"\n                    alt=\"img_4519\"\n                    src=\"http:\/\/www.freimarianne.ch\/wp-content\/gallery\/hengst-sorenberg-18-03-2012\/cache\/img_4519.jpg-nggid044321-ngg0dyn-100x75x100-00f0w010c010r110f110r010t010.jpg\"\n                    width=\"100\"\n                    height=\"75\"\n                    style=\"max-width:100%;\"\n                \/>\n            <\/a>\n        <\/div>\n\t\t\t\t\t\t\t<\/div> \n\t\t\t\n                                    <br style=\"clear: both\" \/>\n                    \n\t\t\t\t<div id=\"ngg-image-4\" class=\"ngg-gallery-thumbnail-box\" >\n\t\t\t\t        <div class=\"ngg-gallery-thumbnail\">\n            <a href=\"http:\/\/www.freimarianne.ch\/wp-content\/gallery\/hengst-sorenberg-18-03-2012\/img_4521.jpg\"\n               title=\"\"\n               data-src=\"http:\/\/www.freimarianne.ch\/wp-content\/gallery\/hengst-sorenberg-18-03-2012\/img_4521.jpg\"\n               data-thumbnail=\"http:\/\/www.freimarianne.ch\/wp-content\/gallery\/hengst-sorenberg-18-03-2012\/thumbs\/thumbs_img_4521.jpg\"\n               data-image-id=\"4322\"\n               data-title=\"img_4521\"\n               data-description=\"\"\n               data-image-slug=\"img_4521\"\n               class=\"shutterset_f5afe16629fd0e16e2e3718627ad3900\">\n                <img\n                    title=\"img_4521\"\n                    alt=\"img_4521\"\n                    src=\"http:\/\/www.freimarianne.ch\/wp-content\/gallery\/hengst-sorenberg-18-03-2012\/cache\/img_4521.jpg-nggid044322-ngg0dyn-100x75x100-00f0w010c010r110f110r010t010.jpg\"\n                    width=\"100\"\n                    height=\"75\"\n                    style=\"max-width:100%;\"\n                \/>\n            <\/a>\n        <\/div>\n\t\t\t\t\t\t\t<\/div> \n\t\t\t\n                            \n\t\t\t\t<div id=\"ngg-image-5\" class=\"ngg-gallery-thumbnail-box\" >\n\t\t\t\t        <div class=\"ngg-gallery-thumbnail\">\n            <a href=\"http:\/\/www.freimarianne.ch\/wp-content\/gallery\/hengst-sorenberg-18-03-2012\/img_4522.jpg\"\n               title=\"\"\n               data-src=\"http:\/\/www.freimarianne.ch\/wp-content\/gallery\/hengst-sorenberg-18-03-2012\/img_4522.jpg\"\n               data-thumbnail=\"http:\/\/www.freimarianne.ch\/wp-content\/gallery\/hengst-sorenberg-18-03-2012\/thumbs\/thumbs_img_4522.jpg\"\n               data-image-id=\"4323\"\n               data-title=\"img_4522\"\n               data-description=\"\"\n               data-image-slug=\"img_4522\"\n               class=\"shutterset_f5afe16629fd0e16e2e3718627ad3900\">\n                <img\n                    title=\"img_4522\"\n                    alt=\"img_4522\"\n                    src=\"http:\/\/www.freimarianne.ch\/wp-content\/gallery\/hengst-sorenberg-18-03-2012\/cache\/img_4522.jpg-nggid044323-ngg0dyn-100x75x100-00f0w010c010r110f110r010t010.jpg\"\n                    width=\"100\"\n                    height=\"75\"\n                    style=\"max-width:100%;\"\n                \/>\n            <\/a>\n        <\/div>\n\t\t\t\t\t\t\t<\/div> \n\t\t\t\n                            \n\t\t\t\t<div id=\"ngg-image-6\" class=\"ngg-gallery-thumbnail-box\" >\n\t\t\t\t        <div class=\"ngg-gallery-thumbnail\">\n            <a href=\"http:\/\/www.freimarianne.ch\/wp-content\/gallery\/hengst-sorenberg-18-03-2012\/img_4527.jpg\"\n               title=\"\"\n               data-src=\"http:\/\/www.freimarianne.ch\/wp-content\/gallery\/hengst-sorenberg-18-03-2012\/img_4527.jpg\"\n               data-thumbnail=\"http:\/\/www.freimarianne.ch\/wp-content\/gallery\/hengst-sorenberg-18-03-2012\/thumbs\/thumbs_img_4527.jpg\"\n               data-image-id=\"4324\"\n               data-title=\"img_4527\"\n               data-description=\"\"\n               data-image-slug=\"img_4527\"\n               class=\"shutterset_f5afe16629fd0e16e2e3718627ad3900\">\n                <img\n                    title=\"img_4527\"\n                    alt=\"img_4527\"\n                    src=\"http:\/\/www.freimarianne.ch\/wp-content\/gallery\/hengst-sorenberg-18-03-2012\/cache\/img_4527.jpg-nggid044324-ngg0dyn-100x75x100-00f0w010c010r110f110r010t010.jpg\"\n                    width=\"100\"\n                    height=\"75\"\n                    style=\"max-width:100%;\"\n                \/>\n            <\/a>\n        <\/div>\n\t\t\t\t\t\t\t<\/div> \n\t\t\t\n                            \n\t\t\t\t<div id=\"ngg-image-7\" class=\"ngg-gallery-thumbnail-box\" >\n\t\t\t\t        <div class=\"ngg-gallery-thumbnail\">\n            <a href=\"http:\/\/www.freimarianne.ch\/wp-content\/gallery\/hengst-sorenberg-18-03-2012\/img_4531.jpg\"\n               title=\"\"\n               data-src=\"http:\/\/www.freimarianne.ch\/wp-content\/gallery\/hengst-sorenberg-18-03-2012\/img_4531.jpg\"\n               data-thumbnail=\"http:\/\/www.freimarianne.ch\/wp-content\/gallery\/hengst-sorenberg-18-03-2012\/thumbs\/thumbs_img_4531.jpg\"\n               data-image-id=\"4325\"\n               data-title=\"img_4531\"\n               data-description=\"\"\n               data-image-slug=\"img_4531\"\n               class=\"shutterset_f5afe16629fd0e16e2e3718627ad3900\">\n                <img\n                    title=\"img_4531\"\n                    alt=\"img_4531\"\n                    src=\"http:\/\/www.freimarianne.ch\/wp-content\/gallery\/hengst-sorenberg-18-03-2012\/cache\/img_4531.jpg-nggid044325-ngg0dyn-100x75x100-00f0w010c010r110f110r010t010.jpg\"\n                    width=\"100\"\n                    height=\"75\"\n                    style=\"max-width:100%;\"\n                \/>\n            <\/a>\n        <\/div>\n\t\t\t\t\t\t\t<\/div> \n\t\t\t\n                                    <br style=\"clear: both\" \/>\n                    \n\t\t\t\t<div id=\"ngg-image-8\" class=\"ngg-gallery-thumbnail-box\" >\n\t\t\t\t        <div class=\"ngg-gallery-thumbnail\">\n            <a href=\"http:\/\/www.freimarianne.ch\/wp-content\/gallery\/hengst-sorenberg-18-03-2012\/img_4532.jpg\"\n               title=\"\"\n               data-src=\"http:\/\/www.freimarianne.ch\/wp-content\/gallery\/hengst-sorenberg-18-03-2012\/img_4532.jpg\"\n               data-thumbnail=\"http:\/\/www.freimarianne.ch\/wp-content\/gallery\/hengst-sorenberg-18-03-2012\/thumbs\/thumbs_img_4532.jpg\"\n               data-image-id=\"4326\"\n               data-title=\"img_4532\"\n               data-description=\"\"\n               data-image-slug=\"img_4532\"\n               class=\"shutterset_f5afe16629fd0e16e2e3718627ad3900\">\n                <img\n                    title=\"img_4532\"\n                    alt=\"img_4532\"\n                    src=\"http:\/\/www.freimarianne.ch\/wp-content\/gallery\/hengst-sorenberg-18-03-2012\/cache\/img_4532.jpg-nggid044326-ngg0dyn-100x75x100-00f0w010c010r110f110r010t010.jpg\"\n                    width=\"100\"\n                    height=\"75\"\n                    style=\"max-width:100%;\"\n                \/>\n            <\/a>\n        <\/div>\n\t\t\t\t\t\t\t<\/div> \n\t\t\t\n                            \n\t\t\n\t\t<!-- Pagination -->\n\t<div class='ngg-clear'><\/div>\t<\/div>\n<\/p>\n","protected":false},"excerpt":{"rendered":"<p>Schneeschuhwanderung auf den Hengst bei S\u00f6renberg mit dem Novartis Sportclub Bei der Postautostation Hirsegg geht es etwas zur\u00fcck und dann zur Br\u00fccke \u00fcber den S\u00fcdelgraben zum Ausgangspunkt der Tour, 1070m. Wir starten bei sch\u00f6nstem Sonnenschein, der uns beim Aufstieg schwitzen l\u00e4sst. Es geht gleich steil hinauf zur St\u00e4chelegg 1340m und weiter \u00fcber Schlund 1477m durch [&hellip;]<\/p>\n","protected":false},"author":1,"featured_media":0,"parent":2480,"menu_order":9,"comment_status":"closed","ping_status":"closed","template":"","meta":{"ngg_post_thumbnail":0},"_links":{"self":[{"href":"http:\/\/www.freimarianne.ch\/index.php?rest_route=\/wp\/v2\/pages\/2626"}],"collection":[{"href":"http:\/\/www.freimarianne.ch\/index.php?rest_route=\/wp\/v2\/pages"}],"about":[{"href":"http:\/\/www.freimarianne.ch\/index.php?rest_route=\/wp\/v2\/types\/page"}],"author":[{"embeddable":true,"href":"http:\/\/www.freimarianne.ch\/index.php?rest_route=\/wp\/v2\/users\/1"}],"replies":[{"embeddable":true,"href":"http:\/\/www.freimarianne.ch\/index.php?rest_route=%2Fwp%2Fv2%2Fcomments&post=2626"}],"version-history":[{"count":13,"href":"http:\/\/www.freimarianne.ch\/index.php?rest_route=\/wp\/v2\/pages\/2626\/revisions"}],"predecessor-version":[{"id":3578,"href":"http:\/\/www.freimarianne.ch\/index.php?rest_route=\/wp\/v2\/pages\/2626\/revisions\/3578"}],"up":[{"embeddable":true,"href":"http:\/\/www.freimarianne.ch\/index.php?rest_route=\/wp\/v2\/pages\/2480"}],"wp:attachment":[{"href":"http:\/\/www.freimarianne.ch\/index.php?rest_route=%2Fwp%2Fv2%2Fmedia&parent=2626"}],"curies":[{"name":"wp","href":"https:\/\/api.w.org\/{rel}","templated":true}]}}