{"id":26701,"date":"2017-09-13T07:51:12","date_gmt":"2017-09-13T06:51:12","guid":{"rendered":"http:\/\/www.freimarianne.ch\/?page_id=26701"},"modified":"2017-09-13T16:34:36","modified_gmt":"2017-09-13T15:34:36","slug":"moleson-fr-5-9-2017","status":"publish","type":"page","link":"http:\/\/www.freimarianne.ch\/?page_id=26701","title":{"rendered":"Mol\u00e9son  FR   5.9.2017"},"content":{"rendered":"<p><strong>Bergwanderung auf den Mol\u00e9son<\/strong><\/p>\n<p><img loading=\"lazy\" class=\"alignleft size-full wp-image-26697\" src=\"http:\/\/www.freimarianne.ch\/wp-content\/uploads\/2017\/09\/IMG_1121_mole\u0301son_500.jpg\" alt=\"\" width=\"500\" height=\"375\" srcset=\"http:\/\/www.freimarianne.ch\/wp-content\/uploads\/2017\/09\/IMG_1121_mole\u0301son_500.jpg 500w, http:\/\/www.freimarianne.ch\/wp-content\/uploads\/2017\/09\/IMG_1121_mole\u0301son_500-300x225.jpg 300w, http:\/\/www.freimarianne.ch\/wp-content\/uploads\/2017\/09\/IMG_1121_mole\u0301son_500-400x300.jpg 400w\" sizes=\"(max-width: 500px) 100vw, 500px\" \/><\/p>\n<p>Heute soll das Wetter in der Westschweiz besser sein! Aber als ich von Freiburg aus mit dem Zug nach Bulle fahre, glaube ich nicht, dass ich auf den Mol\u00e9son steigen kann. Der Himmel ist voller Wolken. Aber in Gruy\u00e8res sieht es schon freundlicher aus und die Sonne scheint und die Wolken sind alle verschwunden. Ich benutze die Bahn bis auf Plan Francey, wo ich meine Wanderung erst um 10.49h beginnen kann. Ich nehme den Weg, der zuerst rechts um dem Mol\u00e9son herum und dann von hinten hinauf auf den Berg f\u00fchrt.<br \/>\nEs ist ein grober Bergweg. Um 12.07h bin ich dann oben bei der Seilbahn und mache den Mittagshalt auf der Picknick Terrasse. Dann erkunde ich die Umgebung und gehe zu den Aussichtspunkten. Die Sicht ist nicht sehr gut. Um 12.38h beginne ich den steilen Abstieg gegen Tsuatsau-Dessus 1735m. Von dort aus wandere ich auf einem Bergweg bis zur Abzweigung zum Gros-Mol\u00e9son. Da ich plane, nach les Paccots zu wandern, folge ich dem Wegweiser hinunter nach Tsuatsau-Dessus 1735m, ein Pfad, der \u00fcber Kuhweiden f\u00fchrt und nicht viele Wegzeichen hat. Oberhalb der Alpbeb\u00e4ude sehe ich keine Wegzeichen mehr und suche einfach den besten Weg. Dabei komme ich an einer Gruppe von braunen K\u00e4lbchen vorbei, die friedlich im Grase ruhen. Zum Gl\u00fcck sind ihre M\u00fctter weit weg! So schnell wie m\u00f6glich, versuche ich, aus der Weide herauszukommen, was mir gelingt. Hier gab es keine Tafel: Achtung Mutterkuhweide!!<br \/>\nUm 13.29h komme ich an eine weitere Abzweigung zum Gros-Mol\u00e9son oder nach les Paccots 2. 25 h min oder Albeuve 1.30h.<br \/>\nIch beschliesse, den k\u00fcrzeren Weg nach Albeuve zu nehmen, was sich nicht unbedingt als gute Entscheidung heraustellt. Ich muss n\u00e4mlich ab Plan Marro 1094m auf einer Teerstrasse gehen!<br \/>\nEs geht sehr lange, bis ich nur bei der Chapelle -de l\u2019Evi 938m bin, wo ich eine kurze Rast mache. Ich spiele mit dem Gedanken \u201eAutostop\u201c, den ich dann bald in die Tat umsetze: Ein Mann nimmt mich die letzte Strecke hinunter nach Albeuve mit.<br \/>\nDieser Abstieg ist nich empfehlenswert.<\/p>\n<p>Laut Schweizmobil:<br \/>\nDistanz: 10.16km; Aufstieg: 522m; Abstieg: 1266m; Wanderzeit: 3h 58 min<\/p>\n<p>Ich war von 10.56h bis 15. 45h unterwegs<\/p>\n<p><!-- index.php -->\n<div\n\tclass=\"ngg-galleryoverview ngg-ajax-pagination-none\"\n\tid=\"ngg-gallery-26950-1\">\n\n    \t<div class=\"slideshowlink\">\n        <a href='http:\/\/www.freimarianne.ch\/index.php\/nggallery\/slideshow?page_id=26701'>[Show as slideshow]<\/a>\n\t\t\n\t<\/div>\n\t\t\t<!-- Thumbnails -->\n\t\t\t\t<div id=\"ngg-image-0\" class=\"ngg-gallery-thumbnail-box\" >\n\t\t\t\t        <div class=\"ngg-gallery-thumbnail\">\n            <a href=\"http:\/\/www.freimarianne.ch\/wp-content\/gallery\/moleson-5-9-17\/IMG_1074.jpg\"\n               title=\"die Wege auf den Mol\u00e9son 2002m\"\n               data-src=\"http:\/\/www.freimarianne.ch\/wp-content\/gallery\/moleson-5-9-17\/IMG_1074.jpg\"\n               data-thumbnail=\"http:\/\/www.freimarianne.ch\/wp-content\/gallery\/moleson-5-9-17\/thumbs\/thumbs_IMG_1074.jpg\"\n               data-image-id=\"16858\"\n               data-title=\"die Wege auf den Mol\u00c3\u00a9son 2002m\"\n               data-description=\"die Wege auf den Mol\u00e9son 2002m\"\n               data-image-slug=\"img_1074-1\"\n               class=\"shutterset_26950\">\n                <img\n                    title=\"die Wege auf den Mol\u00c3\u00a9son 2002m\"\n                    alt=\"die Wege auf den Mol\u00c3\u00a9son 2002m\"\n                    src=\"http:\/\/www.freimarianne.ch\/wp-content\/gallery\/moleson-5-9-17\/thumbs\/thumbs_IMG_1074.jpg\"\n                    width=\"100\"\n                    height=\"75\"\n                    style=\"max-width:100%;\"\n                \/>\n            <\/a>\n        <\/div>\n\t\t\t\t\t\t\t<\/div> \n\t\t\t\n        \n\t\t\t\t<div id=\"ngg-image-1\" class=\"ngg-gallery-thumbnail-box\" >\n\t\t\t\t        <div class=\"ngg-gallery-thumbnail\">\n            <a href=\"http:\/\/www.freimarianne.ch\/wp-content\/gallery\/moleson-5-9-17\/IMG_1077.jpg\"\n               title=\"Plan Francey 1517m; die Seilbahn auf den Mol\u00e9son\"\n               data-src=\"http:\/\/www.freimarianne.ch\/wp-content\/gallery\/moleson-5-9-17\/IMG_1077.jpg\"\n               data-thumbnail=\"http:\/\/www.freimarianne.ch\/wp-content\/gallery\/moleson-5-9-17\/thumbs\/thumbs_IMG_1077.jpg\"\n               data-image-id=\"16857\"\n               data-title=\"Plan Francey 1517m; die Seilbahn auf den Mol\u00c3\u00a9son\"\n               data-description=\"Plan Francey 1517m; die Seilbahn auf den Mol\u00e9son\"\n               data-image-slug=\"img_1077-1\"\n               class=\"shutterset_26950\">\n                <img\n                    title=\"Plan Francey 1517m; die Seilbahn auf den Mol\u00c3\u00a9son\"\n                    alt=\"Plan Francey 1517m; die Seilbahn auf den Mol\u00c3\u00a9son\"\n                    src=\"http:\/\/www.freimarianne.ch\/wp-content\/gallery\/moleson-5-9-17\/thumbs\/thumbs_IMG_1077.jpg\"\n                    width=\"100\"\n                    height=\"75\"\n                    style=\"max-width:100%;\"\n                \/>\n            <\/a>\n        <\/div>\n\t\t\t\t\t\t\t<\/div> \n\t\t\t\n        \n\t\t\t\t<div id=\"ngg-image-2\" class=\"ngg-gallery-thumbnail-box\" >\n\t\t\t\t        <div class=\"ngg-gallery-thumbnail\">\n            <a href=\"http:\/\/www.freimarianne.ch\/wp-content\/gallery\/moleson-5-9-17\/IMG_1084.jpg\"\n               title=\"Aufstieg zum Mol\u00e9son\"\n               data-src=\"http:\/\/www.freimarianne.ch\/wp-content\/gallery\/moleson-5-9-17\/IMG_1084.jpg\"\n               data-thumbnail=\"http:\/\/www.freimarianne.ch\/wp-content\/gallery\/moleson-5-9-17\/thumbs\/thumbs_IMG_1084.jpg\"\n               data-image-id=\"16856\"\n               data-title=\"Aufstieg zum Mol\u00c3\u00a9son\"\n               data-description=\"Aufstieg zum Mol\u00e9son\"\n               data-image-slug=\"img_1084-1\"\n               class=\"shutterset_26950\">\n                <img\n                    title=\"Aufstieg zum Mol\u00c3\u00a9son\"\n                    alt=\"Aufstieg zum Mol\u00c3\u00a9son\"\n                    src=\"http:\/\/www.freimarianne.ch\/wp-content\/gallery\/moleson-5-9-17\/thumbs\/thumbs_IMG_1084.jpg\"\n                    width=\"100\"\n                    height=\"75\"\n                    style=\"max-width:100%;\"\n                \/>\n            <\/a>\n        <\/div>\n\t\t\t\t\t\t\t<\/div> \n\t\t\t\n        \n\t\t\t\t<div id=\"ngg-image-3\" class=\"ngg-gallery-thumbnail-box\" >\n\t\t\t\t        <div class=\"ngg-gallery-thumbnail\">\n            <a href=\"http:\/\/www.freimarianne.ch\/wp-content\/gallery\/moleson-5-9-17\/IMG_1090.jpg\"\n               title=\"Gentianopsis ciliata; Fransen Enzian\"\n               data-src=\"http:\/\/www.freimarianne.ch\/wp-content\/gallery\/moleson-5-9-17\/IMG_1090.jpg\"\n               data-thumbnail=\"http:\/\/www.freimarianne.ch\/wp-content\/gallery\/moleson-5-9-17\/thumbs\/thumbs_IMG_1090.jpg\"\n               data-image-id=\"16855\"\n               data-title=\"Gentianopsis ciliata; Fransen Enzian\"\n               data-description=\"Gentianopsis ciliata; Fransen Enzian\"\n               data-image-slug=\"img_1090-4\"\n               class=\"shutterset_26950\">\n                <img\n                    title=\"Gentianopsis ciliata; Fransen Enzian\"\n                    alt=\"Gentianopsis ciliata; Fransen Enzian\"\n                    src=\"http:\/\/www.freimarianne.ch\/wp-content\/gallery\/moleson-5-9-17\/thumbs\/thumbs_IMG_1090.jpg\"\n                    width=\"100\"\n                    height=\"75\"\n                    style=\"max-width:100%;\"\n                \/>\n            <\/a>\n        <\/div>\n\t\t\t\t\t\t\t<\/div> \n\t\t\t\n        \n\t\t\t\t<div id=\"ngg-image-4\" class=\"ngg-gallery-thumbnail-box\" >\n\t\t\t\t        <div class=\"ngg-gallery-thumbnail\">\n            <a href=\"http:\/\/www.freimarianne.ch\/wp-content\/gallery\/moleson-5-9-17\/IMG_1093.jpg\"\n               title=\"Sicht auf Cr\u00eate de   Mol\u00e9son\"\n               data-src=\"http:\/\/www.freimarianne.ch\/wp-content\/gallery\/moleson-5-9-17\/IMG_1093.jpg\"\n               data-thumbnail=\"http:\/\/www.freimarianne.ch\/wp-content\/gallery\/moleson-5-9-17\/thumbs\/thumbs_IMG_1093.jpg\"\n               data-image-id=\"16854\"\n               data-title=\"Sicht auf Cr\u00c3\u00aate de   Mol\u00c3\u00a9son\"\n               data-description=\"Sicht auf Cr\u00eate de   Mol\u00e9son\"\n               data-image-slug=\"img_1093-1\"\n               class=\"shutterset_26950\">\n                <img\n                    title=\"Sicht auf Cr\u00c3\u00aate de   Mol\u00c3\u00a9son\"\n                    alt=\"Sicht auf Cr\u00c3\u00aate de   Mol\u00c3\u00a9son\"\n                    src=\"http:\/\/www.freimarianne.ch\/wp-content\/gallery\/moleson-5-9-17\/thumbs\/thumbs_IMG_1093.jpg\"\n                    width=\"100\"\n                    height=\"75\"\n                    style=\"max-width:100%;\"\n                \/>\n            <\/a>\n        <\/div>\n\t\t\t\t\t\t\t<\/div> \n\t\t\t\n        \n\t\t\t\t<div id=\"ngg-image-5\" class=\"ngg-gallery-thumbnail-box\" >\n\t\t\t\t        <div class=\"ngg-gallery-thumbnail\">\n            <a href=\"http:\/\/www.freimarianne.ch\/wp-content\/gallery\/moleson-5-9-17\/IMG_1100.jpg\"\n               title=\"der Gipfel des Mol\u00e9son 2002m\"\n               data-src=\"http:\/\/www.freimarianne.ch\/wp-content\/gallery\/moleson-5-9-17\/IMG_1100.jpg\"\n               data-thumbnail=\"http:\/\/www.freimarianne.ch\/wp-content\/gallery\/moleson-5-9-17\/thumbs\/thumbs_IMG_1100.jpg\"\n               data-image-id=\"16853\"\n               data-title=\"der Gipfel des Mol\u00c3\u00a9son 2002m\"\n               data-description=\"der Gipfel des Mol\u00e9son 2002m\"\n               data-image-slug=\"img_1100-3\"\n               class=\"shutterset_26950\">\n                <img\n                    title=\"der Gipfel des Mol\u00c3\u00a9son 2002m\"\n                    alt=\"der Gipfel des Mol\u00c3\u00a9son 2002m\"\n                    src=\"http:\/\/www.freimarianne.ch\/wp-content\/gallery\/moleson-5-9-17\/thumbs\/thumbs_IMG_1100.jpg\"\n                    width=\"100\"\n                    height=\"75\"\n                    style=\"max-width:100%;\"\n                \/>\n            <\/a>\n        <\/div>\n\t\t\t\t\t\t\t<\/div> \n\t\t\t\n        \n\t\t\t\t<div id=\"ngg-image-6\" class=\"ngg-gallery-thumbnail-box\" >\n\t\t\t\t        <div class=\"ngg-gallery-thumbnail\">\n            <a href=\"http:\/\/www.freimarianne.ch\/wp-content\/gallery\/moleson-5-9-17\/IMG_1103.jpg\"\n               title=\"Sicht vom Mol\u00e9son 2002m:\"\n               data-src=\"http:\/\/www.freimarianne.ch\/wp-content\/gallery\/moleson-5-9-17\/IMG_1103.jpg\"\n               data-thumbnail=\"http:\/\/www.freimarianne.ch\/wp-content\/gallery\/moleson-5-9-17\/thumbs\/thumbs_IMG_1103.jpg\"\n               data-image-id=\"16852\"\n               data-title=\"Sicht vom Mol\u00c3\u00a9son 2002m:\"\n               data-description=\"Sicht vom Mol\u00e9son 2002m:\"\n               data-image-slug=\"img_1103\"\n               class=\"shutterset_26950\">\n                <img\n                    title=\"Sicht vom Mol\u00c3\u00a9son 2002m:\"\n                    alt=\"Sicht vom Mol\u00c3\u00a9son 2002m:\"\n                    src=\"http:\/\/www.freimarianne.ch\/wp-content\/gallery\/moleson-5-9-17\/thumbs\/thumbs_IMG_1103.jpg\"\n                    width=\"100\"\n                    height=\"75\"\n                    style=\"max-width:100%;\"\n                \/>\n            <\/a>\n        <\/div>\n\t\t\t\t\t\t\t<\/div> \n\t\t\t\n        \n\t\t\t\t<div id=\"ngg-image-7\" class=\"ngg-gallery-thumbnail-box\" >\n\t\t\t\t        <div class=\"ngg-gallery-thumbnail\">\n            <a href=\"http:\/\/www.freimarianne.ch\/wp-content\/gallery\/moleson-5-9-17\/IMG_1123.jpg\"\n               title=\"der Gratweg; Cr\u00eate de Mol\u00e9son\"\n               data-src=\"http:\/\/www.freimarianne.ch\/wp-content\/gallery\/moleson-5-9-17\/IMG_1123.jpg\"\n               data-thumbnail=\"http:\/\/www.freimarianne.ch\/wp-content\/gallery\/moleson-5-9-17\/thumbs\/thumbs_IMG_1123.jpg\"\n               data-image-id=\"16851\"\n               data-title=\"der Gratweg; Cr\u00c3\u00aate de Mol\u00c3\u00a9son\"\n               data-description=\"der Gratweg; Cr\u00eate de Mol\u00e9son\"\n               data-image-slug=\"img_1123-2\"\n               class=\"shutterset_26950\">\n                <img\n                    title=\"der Gratweg; Cr\u00c3\u00aate de Mol\u00c3\u00a9son\"\n                    alt=\"der Gratweg; Cr\u00c3\u00aate de Mol\u00c3\u00a9son\"\n                    src=\"http:\/\/www.freimarianne.ch\/wp-content\/gallery\/moleson-5-9-17\/thumbs\/thumbs_IMG_1123.jpg\"\n                    width=\"100\"\n                    height=\"75\"\n                    style=\"max-width:100%;\"\n                \/>\n            <\/a>\n        <\/div>\n\t\t\t\t\t\t\t<\/div> \n\t\t\t\n        \n\t\t\t\t<div id=\"ngg-image-8\" class=\"ngg-gallery-thumbnail-box\" >\n\t\t\t\t        <div class=\"ngg-gallery-thumbnail\">\n            <a href=\"http:\/\/www.freimarianne.ch\/wp-content\/gallery\/moleson-5-9-17\/IMG_1125.jpg\"\n               title=\"gegen Tsuatsau-Dessus 1735m\"\n               data-src=\"http:\/\/www.freimarianne.ch\/wp-content\/gallery\/moleson-5-9-17\/IMG_1125.jpg\"\n               data-thumbnail=\"http:\/\/www.freimarianne.ch\/wp-content\/gallery\/moleson-5-9-17\/thumbs\/thumbs_IMG_1125.jpg\"\n               data-image-id=\"16850\"\n               data-title=\"gegen Tsuatsau-Dessus 1735m\"\n               data-description=\"gegen Tsuatsau-Dessus 1735m\"\n               data-image-slug=\"img_1125\"\n               class=\"shutterset_26950\">\n                <img\n                    title=\"gegen Tsuatsau-Dessus 1735m\"\n                    alt=\"gegen Tsuatsau-Dessus 1735m\"\n                    src=\"http:\/\/www.freimarianne.ch\/wp-content\/gallery\/moleson-5-9-17\/thumbs\/thumbs_IMG_1125.jpg\"\n                    width=\"100\"\n                    height=\"75\"\n                    style=\"max-width:100%;\"\n                \/>\n            <\/a>\n        <\/div>\n\t\t\t\t\t\t\t<\/div> \n\t\t\t\n        \n\t\t\t\t<div id=\"ngg-image-9\" class=\"ngg-gallery-thumbnail-box\" >\n\t\t\t\t        <div class=\"ngg-gallery-thumbnail\">\n            <a href=\"http:\/\/www.freimarianne.ch\/wp-content\/gallery\/moleson-5-9-17\/IMG_1128.jpg\"\n               title=\"bei Tsuatsau-Dessus 1735m\"\n               data-src=\"http:\/\/www.freimarianne.ch\/wp-content\/gallery\/moleson-5-9-17\/IMG_1128.jpg\"\n               data-thumbnail=\"http:\/\/www.freimarianne.ch\/wp-content\/gallery\/moleson-5-9-17\/thumbs\/thumbs_IMG_1128.jpg\"\n               data-image-id=\"16849\"\n               data-title=\"bei Tsuatsau-Dessus 1735m\"\n               data-description=\"bei Tsuatsau-Dessus 1735m\"\n               data-image-slug=\"img_1128-2\"\n               class=\"shutterset_26950\">\n                <img\n                    title=\"bei Tsuatsau-Dessus 1735m\"\n                    alt=\"bei Tsuatsau-Dessus 1735m\"\n                    src=\"http:\/\/www.freimarianne.ch\/wp-content\/gallery\/moleson-5-9-17\/thumbs\/thumbs_IMG_1128.jpg\"\n                    width=\"100\"\n                    height=\"75\"\n                    style=\"max-width:100%;\"\n                \/>\n            <\/a>\n        <\/div>\n\t\t\t\t\t\t\t<\/div> \n\t\t\t\n        \n\t\t\t\t<div id=\"ngg-image-10\" class=\"ngg-gallery-thumbnail-box\" >\n\t\t\t\t        <div class=\"ngg-gallery-thumbnail\">\n            <a href=\"http:\/\/www.freimarianne.ch\/wp-content\/gallery\/moleson-5-9-17\/IMG_1131.jpg\"\n               title=\"bei Tsuatsau-Dessus 1735m\"\n               data-src=\"http:\/\/www.freimarianne.ch\/wp-content\/gallery\/moleson-5-9-17\/IMG_1131.jpg\"\n               data-thumbnail=\"http:\/\/www.freimarianne.ch\/wp-content\/gallery\/moleson-5-9-17\/thumbs\/thumbs_IMG_1131.jpg\"\n               data-image-id=\"16848\"\n               data-title=\"bei Tsuatsau-Dessus 1735m\"\n               data-description=\"bei Tsuatsau-Dessus 1735m\"\n               data-image-slug=\"img_1131-2\"\n               class=\"shutterset_26950\">\n                <img\n                    title=\"bei Tsuatsau-Dessus 1735m\"\n                    alt=\"bei Tsuatsau-Dessus 1735m\"\n                    src=\"http:\/\/www.freimarianne.ch\/wp-content\/gallery\/moleson-5-9-17\/thumbs\/thumbs_IMG_1131.jpg\"\n                    width=\"100\"\n                    height=\"75\"\n                    style=\"max-width:100%;\"\n                \/>\n            <\/a>\n        <\/div>\n\t\t\t\t\t\t\t<\/div> \n\t\t\t\n        \n\t\t\t\t<div id=\"ngg-image-11\" class=\"ngg-gallery-thumbnail-box\" >\n\t\t\t\t        <div class=\"ngg-gallery-thumbnail\">\n            <a href=\"http:\/\/www.freimarianne.ch\/wp-content\/gallery\/moleson-5-9-17\/IMG_1132.jpg\"\n               title=\"Blick hiauf zur Alp Tsuatsau-Dessus 1735m\"\n               data-src=\"http:\/\/www.freimarianne.ch\/wp-content\/gallery\/moleson-5-9-17\/IMG_1132.jpg\"\n               data-thumbnail=\"http:\/\/www.freimarianne.ch\/wp-content\/gallery\/moleson-5-9-17\/thumbs\/thumbs_IMG_1132.jpg\"\n               data-image-id=\"16847\"\n               data-title=\"Blick hiauf zur Alp Tsuatsau-Dessus 1735m\"\n               data-description=\"Blick hiauf zur Alp Tsuatsau-Dessus 1735m\"\n               data-image-slug=\"img_1132\"\n               class=\"shutterset_26950\">\n                <img\n                    title=\"Blick hiauf zur Alp Tsuatsau-Dessus 1735m\"\n                    alt=\"Blick hiauf zur Alp Tsuatsau-Dessus 1735m\"\n                    src=\"http:\/\/www.freimarianne.ch\/wp-content\/gallery\/moleson-5-9-17\/thumbs\/thumbs_IMG_1132.jpg\"\n                    width=\"100\"\n                    height=\"75\"\n                    style=\"max-width:100%;\"\n                \/>\n            <\/a>\n        <\/div>\n\t\t\t\t\t\t\t<\/div> \n\t\t\t\n        \n\t\t\t\t<div id=\"ngg-image-12\" class=\"ngg-gallery-thumbnail-box\" >\n\t\t\t\t        <div class=\"ngg-gallery-thumbnail\">\n            <a href=\"http:\/\/www.freimarianne.ch\/wp-content\/gallery\/moleson-5-9-17\/IMG_1147.jpg\"\n               title=\"re die Schlucht hinuntr nach Albeuve\"\n               data-src=\"http:\/\/www.freimarianne.ch\/wp-content\/gallery\/moleson-5-9-17\/IMG_1147.jpg\"\n               data-thumbnail=\"http:\/\/www.freimarianne.ch\/wp-content\/gallery\/moleson-5-9-17\/thumbs\/thumbs_IMG_1147.jpg\"\n               data-image-id=\"16846\"\n               data-title=\"re die Schlucht hinuntr nach Albeuve\"\n               data-description=\"re die Schlucht hinuntr nach Albeuve\"\n               data-image-slug=\"img_1147-2\"\n               class=\"shutterset_26950\">\n                <img\n                    title=\"re die Schlucht hinuntr nach Albeuve\"\n                    alt=\"re die Schlucht hinuntr nach Albeuve\"\n                    src=\"http:\/\/www.freimarianne.ch\/wp-content\/gallery\/moleson-5-9-17\/thumbs\/thumbs_IMG_1147.jpg\"\n                    width=\"100\"\n                    height=\"75\"\n                    style=\"max-width:100%;\"\n                \/>\n            <\/a>\n        <\/div>\n\t\t\t\t\t\t\t<\/div> \n\t\t\t\n        \n\t\t\t\t<div id=\"ngg-image-13\" class=\"ngg-gallery-thumbnail-box\" >\n\t\t\t\t        <div class=\"ngg-gallery-thumbnail\">\n            <a href=\"http:\/\/www.freimarianne.ch\/wp-content\/gallery\/moleson-5-9-17\/IMG_1151.jpg\"\n               title=\"Suatsau-Dessous 1349m\"\n               data-src=\"http:\/\/www.freimarianne.ch\/wp-content\/gallery\/moleson-5-9-17\/IMG_1151.jpg\"\n               data-thumbnail=\"http:\/\/www.freimarianne.ch\/wp-content\/gallery\/moleson-5-9-17\/thumbs\/thumbs_IMG_1151.jpg\"\n               data-image-id=\"16845\"\n               data-title=\"Suatsau-Dessous 1349m\"\n               data-description=\"Suatsau-Dessous 1349m\"\n               data-image-slug=\"img_1151-2\"\n               class=\"shutterset_26950\">\n                <img\n                    title=\"Suatsau-Dessous 1349m\"\n                    alt=\"Suatsau-Dessous 1349m\"\n                    src=\"http:\/\/www.freimarianne.ch\/wp-content\/gallery\/moleson-5-9-17\/thumbs\/thumbs_IMG_1151.jpg\"\n                    width=\"100\"\n                    height=\"75\"\n                    style=\"max-width:100%;\"\n                \/>\n            <\/a>\n        <\/div>\n\t\t\t\t\t\t\t<\/div> \n\t\t\t\n        \n\t\t\t\t<div id=\"ngg-image-14\" class=\"ngg-gallery-thumbnail-box\" >\n\t\t\t\t        <div class=\"ngg-gallery-thumbnail\">\n            <a href=\"http:\/\/www.freimarianne.ch\/wp-content\/gallery\/moleson-5-9-17\/IMG_1159.jpg\"\n               title=\"Plan Marro 1094m\"\n               data-src=\"http:\/\/www.freimarianne.ch\/wp-content\/gallery\/moleson-5-9-17\/IMG_1159.jpg\"\n               data-thumbnail=\"http:\/\/www.freimarianne.ch\/wp-content\/gallery\/moleson-5-9-17\/thumbs\/thumbs_IMG_1159.jpg\"\n               data-image-id=\"16844\"\n               data-title=\"Plan Marro 1094m\"\n               data-description=\"Plan Marro 1094m\"\n               data-image-slug=\"img_1159-3\"\n               class=\"shutterset_26950\">\n                <img\n                    title=\"Plan Marro 1094m\"\n                    alt=\"Plan Marro 1094m\"\n                    src=\"http:\/\/www.freimarianne.ch\/wp-content\/gallery\/moleson-5-9-17\/thumbs\/thumbs_IMG_1159.jpg\"\n                    width=\"100\"\n                    height=\"75\"\n                    style=\"max-width:100%;\"\n                \/>\n            <\/a>\n        <\/div>\n\t\t\t\t\t\t\t<\/div> \n\t\t\t\n        \n\t\t\t\t<div id=\"ngg-image-15\" class=\"ngg-gallery-thumbnail-box\" >\n\t\t\t\t        <div class=\"ngg-gallery-thumbnail\">\n            <a href=\"http:\/\/www.freimarianne.ch\/wp-content\/gallery\/moleson-5-9-17\/IMG_1160.jpg\"\n               title=\"Chapelle -de l\u2019Evi 938m in der\"\n               data-src=\"http:\/\/www.freimarianne.ch\/wp-content\/gallery\/moleson-5-9-17\/IMG_1160.jpg\"\n               data-thumbnail=\"http:\/\/www.freimarianne.ch\/wp-content\/gallery\/moleson-5-9-17\/thumbs\/thumbs_IMG_1160.jpg\"\n               data-image-id=\"16843\"\n               data-title=\"Chapelle -de l\u00e2\u0080\u0099Evi 938m in der\"\n               data-description=\"Chapelle -de l\u2019Evi 938m in der\"\n               data-image-slug=\"img_1160-1\"\n               class=\"shutterset_26950\">\n                <img\n                    title=\"Chapelle -de l\u00e2\u0080\u0099Evi 938m in der\"\n                    alt=\"Chapelle -de l\u00e2\u0080\u0099Evi 938m in der\"\n                    src=\"http:\/\/www.freimarianne.ch\/wp-content\/gallery\/moleson-5-9-17\/thumbs\/thumbs_IMG_1160.jpg\"\n                    width=\"100\"\n                    height=\"75\"\n                    style=\"max-width:100%;\"\n                \/>\n            <\/a>\n        <\/div>\n\t\t\t\t\t\t\t<\/div> \n\t\t\t\n        \n\t\t\t\t<div id=\"ngg-image-16\" class=\"ngg-gallery-thumbnail-box\" >\n\t\t\t\t        <div class=\"ngg-gallery-thumbnail\">\n            <a href=\"http:\/\/www.freimarianne.ch\/wp-content\/gallery\/moleson-5-9-17\/IMG_1169.jpg\"\n               title=\"Blick auf Gruy\u00e8res\"\n               data-src=\"http:\/\/www.freimarianne.ch\/wp-content\/gallery\/moleson-5-9-17\/IMG_1169.jpg\"\n               data-thumbnail=\"http:\/\/www.freimarianne.ch\/wp-content\/gallery\/moleson-5-9-17\/thumbs\/thumbs_IMG_1169.jpg\"\n               data-image-id=\"16842\"\n               data-title=\"Blick auf Gruy\u00c3\u00a8res\"\n               data-description=\"Blick auf Gruy\u00e8res\"\n               data-image-slug=\"img_1169-3\"\n               class=\"shutterset_26950\">\n                <img\n                    title=\"Blick auf Gruy\u00c3\u00a8res\"\n                    alt=\"Blick auf Gruy\u00c3\u00a8res\"\n                    src=\"http:\/\/www.freimarianne.ch\/wp-content\/gallery\/moleson-5-9-17\/thumbs\/thumbs_IMG_1169.jpg\"\n                    width=\"100\"\n                    height=\"75\"\n                    style=\"max-width:100%;\"\n                \/>\n            <\/a>\n        <\/div>\n\t\t\t\t\t\t\t<\/div> \n\t\t\t\n        \n\t\t\n\t\t<!-- Pagination -->\n\t<div class='ngg-clear'><\/div>\t<\/div>\n<\/p>\n","protected":false},"excerpt":{"rendered":"<p>Bergwanderung auf den Mol\u00e9son Heute soll das Wetter in der Westschweiz besser sein! Aber als ich von Freiburg aus mit dem Zug nach Bulle fahre, glaube ich nicht, dass ich auf den Mol\u00e9son steigen kann. Der Himmel ist voller Wolken. Aber in Gruy\u00e8res sieht es schon freundlicher aus und die Sonne scheint und die Wolken [&hellip;]<\/p>\n","protected":false},"author":1,"featured_media":0,"parent":26690,"menu_order":2,"comment_status":"closed","ping_status":"closed","template":"","meta":{"ngg_post_thumbnail":0},"_links":{"self":[{"href":"http:\/\/www.freimarianne.ch\/index.php?rest_route=\/wp\/v2\/pages\/26701"}],"collection":[{"href":"http:\/\/www.freimarianne.ch\/index.php?rest_route=\/wp\/v2\/pages"}],"about":[{"href":"http:\/\/www.freimarianne.ch\/index.php?rest_route=\/wp\/v2\/types\/page"}],"author":[{"embeddable":true,"href":"http:\/\/www.freimarianne.ch\/index.php?rest_route=\/wp\/v2\/users\/1"}],"replies":[{"embeddable":true,"href":"http:\/\/www.freimarianne.ch\/index.php?rest_route=%2Fwp%2Fv2%2Fcomments&post=26701"}],"version-history":[{"count":4,"href":"http:\/\/www.freimarianne.ch\/index.php?rest_route=\/wp\/v2\/pages\/26701\/revisions"}],"predecessor-version":[{"id":26956,"href":"http:\/\/www.freimarianne.ch\/index.php?rest_route=\/wp\/v2\/pages\/26701\/revisions\/26956"}],"up":[{"embeddable":true,"href":"http:\/\/www.freimarianne.ch\/index.php?rest_route=\/wp\/v2\/pages\/26690"}],"wp:attachment":[{"href":"http:\/\/www.freimarianne.ch\/index.php?rest_route=%2Fwp%2Fv2%2Fmedia&parent=26701"}],"curies":[{"name":"wp","href":"https:\/\/api.w.org\/{rel}","templated":true}]}}