{"id":27240,"date":"2017-11-03T17:08:05","date_gmt":"2017-11-03T16:08:05","guid":{"rendered":"http:\/\/www.freimarianne.ch\/?page_id=27240"},"modified":"2019-10-10T07:14:00","modified_gmt":"2019-10-10T06:14:00","slug":"varen-venthone-vs-26-10-2017","status":"publish","type":"page","link":"http:\/\/www.freimarianne.ch\/?page_id=27240","title":{"rendered":"Varen &#8211; Venth\u00f4ne   VS  26.10.2017"},"content":{"rendered":"<p><strong>Wanderung von Varen hin\u00fcber nach Venth\u00f4ne: Bisse de Mengis<\/strong><\/p>\n<p><img loading=\"lazy\" class=\"alignleft size-full wp-image-27225\" src=\"http:\/\/www.freimarianne.ch\/wp-content\/uploads\/2017\/11\/IMG_1603_varen_500.jpg\" alt=\"\" width=\"500\" height=\"375\" srcset=\"http:\/\/www.freimarianne.ch\/wp-content\/uploads\/2017\/11\/IMG_1603_varen_500.jpg 500w, http:\/\/www.freimarianne.ch\/wp-content\/uploads\/2017\/11\/IMG_1603_varen_500-300x225.jpg 300w, http:\/\/www.freimarianne.ch\/wp-content\/uploads\/2017\/11\/IMG_1603_varen_500-400x300.jpg 400w\" sizes=\"(max-width: 500px) 100vw, 500px\" \/><\/p>\n<p>Schon wieder bin ich im Wallis! Diese Wanderung ist fast die Fortsetzung der Wanderung vom 24.10.2017 (<a href=\"http:\/\/www.freimarianne.ch\/?page_id=27238\">link<\/a>)<br \/>\nDer Startort ist aber Varen Fayen, wo ich bald den Einstieg in den Weinwanderweg nach Salgesch finde ( braune Wegweiser). Ich mache also nicht die klassische Route \u00fcber die Bisse de Var\u00f4n. Da eine groesse Wandergruppe aus Z\u00fcrich genau dies vorhat, bin ich froh, eine andere Route zu machen, wo ich auch niemanden antreffen werde. Der Weg ist ein Naturstr\u00e4sschen und bietet bald eine gute Sicht \u00fcber das Rebgel\u00e4nde. Die Sicht ist aber etwas tr\u00fcbe bei dem weissen Himmel! Bei der Abzweigung nach Tschangerang-Salgesch nehme ich den Weg den Hang hinauf, der mich zur Bisse de Mengis bringt, die aber kein Wasser f\u00fchrt.Von hier aus habe ich eine gute Sicht hinunter auf Salgesch. Ich komme dann um 11h bei Tschamped\u00fc zur Abzweigung zur Bisse de Var\u00f4ne. Nun geht es auf einem schmalen rutschigen Pfad steil hinauf auf das Niveau der Bisse de Var\u00f4ne, die Wasser f\u00fchrt. Diesen Weg kenne ich schon aber er ist immer wieder sch\u00f6n (<a href=\"http:\/\/www.freimarianne.ch\/?page_id=16740\">link<\/a>) Es gibt inzwischen eine Mittagspause. So komme ich nach la Proprija 1024m, von wo es etwas hinuntergeht. Dann kann man der Bisse Neuf ( f\u00fchrt auch Wasser) bis nach Venth\u00f4ne folgen.<br \/>\nInzwischen ist es sonniger geworden und die Fotos, die ich sp\u00e4ter in Venth\u00f4ne mache, sehen farbiger aus.<br \/>\nDieses Mal gehe ich der Bisse entlang bis zu ihrem Ende und komme so auf die Strasse , wo die Bushaltestelle Rhetana ist. Aber ich bin eh zu fr\u00fch, sodass ich hinunter ins Dorf gehe, zuerst die andere Haltestelle suche und dann noch im Caf\u00e9 im Dorf einkehre, um die lange Wartezeit zu \u00fcberbr\u00fccken. Ich nehme dann den Bus um 14.24 h nach Sierre hinunter.<\/p>\n<p>Laut Schweizmobil:<br \/>\nDistanz. 10.6km; Aufstieg: 436m; Abstieg: 270m; Wanderzeit: 3 h 8 min<\/p>\n<p><a href=\"https:\/\/map.schweizmobil.ch\/?lang=de&amp;bgLayer=pk&amp;season=summer&amp;resolution=10&amp;E=2609812&amp;N=1129576&amp;trackId=4033201\">Karte Schweizmobil:<\/a><\/p>\n<p><!-- index.php -->\n<div\n\tclass=\"ngg-galleryoverview ngg-ajax-pagination-none\"\n\tid=\"ngg-gallery-28044-1\">\n\n    \t<div class=\"slideshowlink\">\n        <a href='http:\/\/www.freimarianne.ch\/index.php\/nggallery\/slideshow?page_id=27240'>[Show as slideshow]<\/a>\n\t\t\n\t<\/div>\n\t\t\t<!-- Thumbnails -->\n\t\t\t\t<div id=\"ngg-image-0\" class=\"ngg-gallery-thumbnail-box\" >\n\t\t\t\t        <div class=\"ngg-gallery-thumbnail\">\n            <a href=\"http:\/\/www.freimarianne.ch\/wp-content\/gallery\/varen-venthone-26-10-17\/IMG_1596.jpg\"\n               title=\"auf dem Weinwanderweg nach Salgesch\"\n               data-src=\"http:\/\/www.freimarianne.ch\/wp-content\/gallery\/varen-venthone-26-10-17\/IMG_1596.jpg\"\n               data-thumbnail=\"http:\/\/www.freimarianne.ch\/wp-content\/gallery\/varen-venthone-26-10-17\/thumbs\/thumbs_IMG_1596.jpg\"\n               data-image-id=\"17320\"\n               data-title=\"auf dem Weinwanderweg nach Salgesch\"\n               data-description=\"auf dem Weinwanderweg nach Salgesch\"\n               data-image-slug=\"img_1596-2\"\n               class=\"shutterset_28044\">\n                <img\n                    title=\"auf dem Weinwanderweg nach Salgesch\"\n                    alt=\"auf dem Weinwanderweg nach Salgesch\"\n                    src=\"http:\/\/www.freimarianne.ch\/wp-content\/gallery\/varen-venthone-26-10-17\/thumbs\/thumbs_IMG_1596.jpg\"\n                    width=\"100\"\n                    height=\"75\"\n                    style=\"max-width:100%;\"\n                \/>\n            <\/a>\n        <\/div>\n\t\t\t\t\t\t\t<\/div> \n\t\t\t\n        \n\t\t\t\t<div id=\"ngg-image-1\" class=\"ngg-gallery-thumbnail-box\" >\n\t\t\t\t        <div class=\"ngg-gallery-thumbnail\">\n            <a href=\"http:\/\/www.freimarianne.ch\/wp-content\/gallery\/varen-venthone-26-10-17\/IMG_1600.jpg\"\n               title=\"auf dem Weinwanderweg nach Salgesch\"\n               data-src=\"http:\/\/www.freimarianne.ch\/wp-content\/gallery\/varen-venthone-26-10-17\/IMG_1600.jpg\"\n               data-thumbnail=\"http:\/\/www.freimarianne.ch\/wp-content\/gallery\/varen-venthone-26-10-17\/thumbs\/thumbs_IMG_1600.jpg\"\n               data-image-id=\"17319\"\n               data-title=\"auf dem Weinwanderweg nach Salgesch\"\n               data-description=\"auf dem Weinwanderweg nach Salgesch\"\n               data-image-slug=\"img_1600-3\"\n               class=\"shutterset_28044\">\n                <img\n                    title=\"auf dem Weinwanderweg nach Salgesch\"\n                    alt=\"auf dem Weinwanderweg nach Salgesch\"\n                    src=\"http:\/\/www.freimarianne.ch\/wp-content\/gallery\/varen-venthone-26-10-17\/thumbs\/thumbs_IMG_1600.jpg\"\n                    width=\"100\"\n                    height=\"75\"\n                    style=\"max-width:100%;\"\n                \/>\n            <\/a>\n        <\/div>\n\t\t\t\t\t\t\t<\/div> \n\t\t\t\n        \n\t\t\t\t<div id=\"ngg-image-2\" class=\"ngg-gallery-thumbnail-box\" >\n\t\t\t\t        <div class=\"ngg-gallery-thumbnail\">\n            <a href=\"http:\/\/www.freimarianne.ch\/wp-content\/gallery\/varen-venthone-26-10-17\/IMG_1617.jpg\"\n               title=\"Bisse de Mengis f\u00fchrt kein Wasser\"\n               data-src=\"http:\/\/www.freimarianne.ch\/wp-content\/gallery\/varen-venthone-26-10-17\/IMG_1617.jpg\"\n               data-thumbnail=\"http:\/\/www.freimarianne.ch\/wp-content\/gallery\/varen-venthone-26-10-17\/thumbs\/thumbs_IMG_1617.jpg\"\n               data-image-id=\"17318\"\n               data-title=\"Bisse de Mengis f\u00c3\u00bchrt kein Wasser\"\n               data-description=\"Bisse de Mengis f\u00fchrt kein Wasser\"\n               data-image-slug=\"img_1617\"\n               class=\"shutterset_28044\">\n                <img\n                    title=\"Bisse de Mengis f\u00c3\u00bchrt kein Wasser\"\n                    alt=\"Bisse de Mengis f\u00c3\u00bchrt kein Wasser\"\n                    src=\"http:\/\/www.freimarianne.ch\/wp-content\/gallery\/varen-venthone-26-10-17\/thumbs\/thumbs_IMG_1617.jpg\"\n                    width=\"100\"\n                    height=\"75\"\n                    style=\"max-width:100%;\"\n                \/>\n            <\/a>\n        <\/div>\n\t\t\t\t\t\t\t<\/div> \n\t\t\t\n        \n\t\t\t\t<div id=\"ngg-image-3\" class=\"ngg-gallery-thumbnail-box\" >\n\t\t\t\t        <div class=\"ngg-gallery-thumbnail\">\n            <a href=\"http:\/\/www.freimarianne.ch\/wp-content\/gallery\/varen-venthone-26-10-17\/IMG_1621.jpg\"\n               title=\"Sicht auf Salgesch\"\n               data-src=\"http:\/\/www.freimarianne.ch\/wp-content\/gallery\/varen-venthone-26-10-17\/IMG_1621.jpg\"\n               data-thumbnail=\"http:\/\/www.freimarianne.ch\/wp-content\/gallery\/varen-venthone-26-10-17\/thumbs\/thumbs_IMG_1621.jpg\"\n               data-image-id=\"17317\"\n               data-title=\"Sicht auf Salgesch\"\n               data-description=\"Sicht auf Salgesch\"\n               data-image-slug=\"img_1621-1\"\n               class=\"shutterset_28044\">\n                <img\n                    title=\"Sicht auf Salgesch\"\n                    alt=\"Sicht auf Salgesch\"\n                    src=\"http:\/\/www.freimarianne.ch\/wp-content\/gallery\/varen-venthone-26-10-17\/thumbs\/thumbs_IMG_1621.jpg\"\n                    width=\"100\"\n                    height=\"75\"\n                    style=\"max-width:100%;\"\n                \/>\n            <\/a>\n        <\/div>\n\t\t\t\t\t\t\t<\/div> \n\t\t\t\n        \n\t\t\t\t<div id=\"ngg-image-4\" class=\"ngg-gallery-thumbnail-box\" >\n\t\t\t\t        <div class=\"ngg-gallery-thumbnail\">\n            <a href=\"http:\/\/www.freimarianne.ch\/wp-content\/gallery\/varen-venthone-26-10-17\/IMG_1623.jpg\"\n               title=\"Bisse de Mengis f\u00fchrt kein Wasser\"\n               data-src=\"http:\/\/www.freimarianne.ch\/wp-content\/gallery\/varen-venthone-26-10-17\/IMG_1623.jpg\"\n               data-thumbnail=\"http:\/\/www.freimarianne.ch\/wp-content\/gallery\/varen-venthone-26-10-17\/thumbs\/thumbs_IMG_1623.jpg\"\n               data-image-id=\"17316\"\n               data-title=\"Bisse de Mengis f\u00c3\u00bchrt kein Wasser\"\n               data-description=\"Bisse de Mengis f\u00fchrt kein Wasser\"\n               data-image-slug=\"img_1623-2\"\n               class=\"shutterset_28044\">\n                <img\n                    title=\"Bisse de Mengis f\u00c3\u00bchrt kein Wasser\"\n                    alt=\"Bisse de Mengis f\u00c3\u00bchrt kein Wasser\"\n                    src=\"http:\/\/www.freimarianne.ch\/wp-content\/gallery\/varen-venthone-26-10-17\/thumbs\/thumbs_IMG_1623.jpg\"\n                    width=\"100\"\n                    height=\"75\"\n                    style=\"max-width:100%;\"\n                \/>\n            <\/a>\n        <\/div>\n\t\t\t\t\t\t\t<\/div> \n\t\t\t\n        \n\t\t\t\t<div id=\"ngg-image-5\" class=\"ngg-gallery-thumbnail-box\" >\n\t\t\t\t        <div class=\"ngg-gallery-thumbnail\">\n            <a href=\"http:\/\/www.freimarianne.ch\/wp-content\/gallery\/varen-venthone-26-10-17\/IMG_1629.jpg\"\n               title=\"hier Abzweigung hinauf zur Bisse de Var\u00f4ne\"\n               data-src=\"http:\/\/www.freimarianne.ch\/wp-content\/gallery\/varen-venthone-26-10-17\/IMG_1629.jpg\"\n               data-thumbnail=\"http:\/\/www.freimarianne.ch\/wp-content\/gallery\/varen-venthone-26-10-17\/thumbs\/thumbs_IMG_1629.jpg\"\n               data-image-id=\"17315\"\n               data-title=\"hier Abzweigung hinauf zur Bisse de Var\u00c3\u00b4ne\"\n               data-description=\"hier Abzweigung hinauf zur Bisse de Var\u00f4ne\"\n               data-image-slug=\"img_1629-1\"\n               class=\"shutterset_28044\">\n                <img\n                    title=\"hier Abzweigung hinauf zur Bisse de Var\u00c3\u00b4ne\"\n                    alt=\"hier Abzweigung hinauf zur Bisse de Var\u00c3\u00b4ne\"\n                    src=\"http:\/\/www.freimarianne.ch\/wp-content\/gallery\/varen-venthone-26-10-17\/thumbs\/thumbs_IMG_1629.jpg\"\n                    width=\"100\"\n                    height=\"75\"\n                    style=\"max-width:100%;\"\n                \/>\n            <\/a>\n        <\/div>\n\t\t\t\t\t\t\t<\/div> \n\t\t\t\n        \n\t\t\t\t<div id=\"ngg-image-6\" class=\"ngg-gallery-thumbnail-box\" >\n\t\t\t\t        <div class=\"ngg-gallery-thumbnail\">\n            <a href=\"http:\/\/www.freimarianne.ch\/wp-content\/gallery\/varen-venthone-26-10-17\/IMG_1631.jpg\"\n               title=\"die gr\u00fcnen Linien, wo die Bissen verlaufen\"\n               data-src=\"http:\/\/www.freimarianne.ch\/wp-content\/gallery\/varen-venthone-26-10-17\/IMG_1631.jpg\"\n               data-thumbnail=\"http:\/\/www.freimarianne.ch\/wp-content\/gallery\/varen-venthone-26-10-17\/thumbs\/thumbs_IMG_1631.jpg\"\n               data-image-id=\"17314\"\n               data-title=\"die gr\u00c3\u00bcnen Linien, wo die Bissen verlaufen\"\n               data-description=\"die gr\u00fcnen Linien, wo die Bissen verlaufen\"\n               data-image-slug=\"img_1631-2\"\n               class=\"shutterset_28044\">\n                <img\n                    title=\"die gr\u00c3\u00bcnen Linien, wo die Bissen verlaufen\"\n                    alt=\"die gr\u00c3\u00bcnen Linien, wo die Bissen verlaufen\"\n                    src=\"http:\/\/www.freimarianne.ch\/wp-content\/gallery\/varen-venthone-26-10-17\/thumbs\/thumbs_IMG_1631.jpg\"\n                    width=\"100\"\n                    height=\"75\"\n                    style=\"max-width:100%;\"\n                \/>\n            <\/a>\n        <\/div>\n\t\t\t\t\t\t\t<\/div> \n\t\t\t\n        \n\t\t\t\t<div id=\"ngg-image-7\" class=\"ngg-gallery-thumbnail-box\" >\n\t\t\t\t        <div class=\"ngg-gallery-thumbnail\">\n            <a href=\"http:\/\/www.freimarianne.ch\/wp-content\/gallery\/varen-venthone-26-10-17\/IMG_1633.jpg\"\n               title=\"beim Aufstieg; Blick in die Schlucht\"\n               data-src=\"http:\/\/www.freimarianne.ch\/wp-content\/gallery\/varen-venthone-26-10-17\/IMG_1633.jpg\"\n               data-thumbnail=\"http:\/\/www.freimarianne.ch\/wp-content\/gallery\/varen-venthone-26-10-17\/thumbs\/thumbs_IMG_1633.jpg\"\n               data-image-id=\"17313\"\n               data-title=\"beim Aufstieg; Blick in die Schlucht\"\n               data-description=\"beim Aufstieg; Blick in die Schlucht\"\n               data-image-slug=\"img_1633-1\"\n               class=\"shutterset_28044\">\n                <img\n                    title=\"beim Aufstieg; Blick in die Schlucht\"\n                    alt=\"beim Aufstieg; Blick in die Schlucht\"\n                    src=\"http:\/\/www.freimarianne.ch\/wp-content\/gallery\/varen-venthone-26-10-17\/thumbs\/thumbs_IMG_1633.jpg\"\n                    width=\"100\"\n                    height=\"75\"\n                    style=\"max-width:100%;\"\n                \/>\n            <\/a>\n        <\/div>\n\t\t\t\t\t\t\t<\/div> \n\t\t\t\n        \n\t\t\t\t<div id=\"ngg-image-8\" class=\"ngg-gallery-thumbnail-box\" >\n\t\t\t\t        <div class=\"ngg-gallery-thumbnail\">\n            <a href=\"http:\/\/www.freimarianne.ch\/wp-content\/gallery\/varen-venthone-26-10-17\/IMG_1634.jpg\"\n               title=\"Blick auf die Reberge von Salgesch\"\n               data-src=\"http:\/\/www.freimarianne.ch\/wp-content\/gallery\/varen-venthone-26-10-17\/IMG_1634.jpg\"\n               data-thumbnail=\"http:\/\/www.freimarianne.ch\/wp-content\/gallery\/varen-venthone-26-10-17\/thumbs\/thumbs_IMG_1634.jpg\"\n               data-image-id=\"17312\"\n               data-title=\"Blick auf die Reberge von Salgesch\"\n               data-description=\"Blick auf die Reberge von Salgesch\"\n               data-image-slug=\"img_1634-3\"\n               class=\"shutterset_28044\">\n                <img\n                    title=\"Blick auf die Reberge von Salgesch\"\n                    alt=\"Blick auf die Reberge von Salgesch\"\n                    src=\"http:\/\/www.freimarianne.ch\/wp-content\/gallery\/varen-venthone-26-10-17\/thumbs\/thumbs_IMG_1634.jpg\"\n                    width=\"100\"\n                    height=\"75\"\n                    style=\"max-width:100%;\"\n                \/>\n            <\/a>\n        <\/div>\n\t\t\t\t\t\t\t<\/div> \n\t\t\t\n        \n\t\t\t\t<div id=\"ngg-image-9\" class=\"ngg-gallery-thumbnail-box\" >\n\t\t\t\t        <div class=\"ngg-gallery-thumbnail\">\n            <a href=\"http:\/\/www.freimarianne.ch\/wp-content\/gallery\/varen-venthone-26-10-17\/IMG_1647.jpg\"\n               title=\"Bisse de Var\u00f4ne\"\n               data-src=\"http:\/\/www.freimarianne.ch\/wp-content\/gallery\/varen-venthone-26-10-17\/IMG_1647.jpg\"\n               data-thumbnail=\"http:\/\/www.freimarianne.ch\/wp-content\/gallery\/varen-venthone-26-10-17\/thumbs\/thumbs_IMG_1647.jpg\"\n               data-image-id=\"17311\"\n               data-title=\"Bisse de Var\u00c3\u00b4ne\"\n               data-description=\"Bisse de Var\u00f4ne\"\n               data-image-slug=\"img_1647-3\"\n               class=\"shutterset_28044\">\n                <img\n                    title=\"Bisse de Var\u00c3\u00b4ne\"\n                    alt=\"Bisse de Var\u00c3\u00b4ne\"\n                    src=\"http:\/\/www.freimarianne.ch\/wp-content\/gallery\/varen-venthone-26-10-17\/thumbs\/thumbs_IMG_1647.jpg\"\n                    width=\"100\"\n                    height=\"75\"\n                    style=\"max-width:100%;\"\n                \/>\n            <\/a>\n        <\/div>\n\t\t\t\t\t\t\t<\/div> \n\t\t\t\n        \n\t\t\t\t<div id=\"ngg-image-10\" class=\"ngg-gallery-thumbnail-box\" >\n\t\t\t\t        <div class=\"ngg-gallery-thumbnail\">\n            <a href=\"http:\/\/www.freimarianne.ch\/wp-content\/gallery\/varen-venthone-26-10-17\/IMG_1651.jpg\"\n               title=\"Bisse de Var\u00f4ne\"\n               data-src=\"http:\/\/www.freimarianne.ch\/wp-content\/gallery\/varen-venthone-26-10-17\/IMG_1651.jpg\"\n               data-thumbnail=\"http:\/\/www.freimarianne.ch\/wp-content\/gallery\/varen-venthone-26-10-17\/thumbs\/thumbs_IMG_1651.jpg\"\n               data-image-id=\"17310\"\n               data-title=\"Bisse de Var\u00c3\u00b4ne\"\n               data-description=\"Bisse de Var\u00f4ne\"\n               data-image-slug=\"img_1651-2\"\n               class=\"shutterset_28044\">\n                <img\n                    title=\"Bisse de Var\u00c3\u00b4ne\"\n                    alt=\"Bisse de Var\u00c3\u00b4ne\"\n                    src=\"http:\/\/www.freimarianne.ch\/wp-content\/gallery\/varen-venthone-26-10-17\/thumbs\/thumbs_IMG_1651.jpg\"\n                    width=\"100\"\n                    height=\"75\"\n                    style=\"max-width:100%;\"\n                \/>\n            <\/a>\n        <\/div>\n\t\t\t\t\t\t\t<\/div> \n\t\t\t\n        \n\t\t\t\t<div id=\"ngg-image-11\" class=\"ngg-gallery-thumbnail-box\" >\n\t\t\t\t        <div class=\"ngg-gallery-thumbnail\">\n            <a href=\"http:\/\/www.freimarianne.ch\/wp-content\/gallery\/varen-venthone-26-10-17\/IMG_1656.jpg\"\n               title=\"Zinal Rothorn, Besso, Obergabelhorn\"\n               data-src=\"http:\/\/www.freimarianne.ch\/wp-content\/gallery\/varen-venthone-26-10-17\/IMG_1656.jpg\"\n               data-thumbnail=\"http:\/\/www.freimarianne.ch\/wp-content\/gallery\/varen-venthone-26-10-17\/thumbs\/thumbs_IMG_1656.jpg\"\n               data-image-id=\"17309\"\n               data-title=\"Zinal Rothorn, Besso, Obergabelhorn\"\n               data-description=\"Zinal Rothorn, Besso, Obergabelhorn\"\n               data-image-slug=\"img_1656-2\"\n               class=\"shutterset_28044\">\n                <img\n                    title=\"Zinal Rothorn, Besso, Obergabelhorn\"\n                    alt=\"Zinal Rothorn, Besso, Obergabelhorn\"\n                    src=\"http:\/\/www.freimarianne.ch\/wp-content\/gallery\/varen-venthone-26-10-17\/thumbs\/thumbs_IMG_1656.jpg\"\n                    width=\"100\"\n                    height=\"75\"\n                    style=\"max-width:100%;\"\n                \/>\n            <\/a>\n        <\/div>\n\t\t\t\t\t\t\t<\/div> \n\t\t\t\n        \n\t\t\t\t<div id=\"ngg-image-12\" class=\"ngg-gallery-thumbnail-box\" >\n\t\t\t\t        <div class=\"ngg-gallery-thumbnail\">\n            <a href=\"http:\/\/www.freimarianne.ch\/wp-content\/gallery\/varen-venthone-26-10-17\/IMG_1660.jpg\"\n               title=\"an der Bisse Neuf\"\n               data-src=\"http:\/\/www.freimarianne.ch\/wp-content\/gallery\/varen-venthone-26-10-17\/IMG_1660.jpg\"\n               data-thumbnail=\"http:\/\/www.freimarianne.ch\/wp-content\/gallery\/varen-venthone-26-10-17\/thumbs\/thumbs_IMG_1660.jpg\"\n               data-image-id=\"17308\"\n               data-title=\"an der Bisse Neuf\"\n               data-description=\"an der Bisse Neuf\"\n               data-image-slug=\"img_1660-2\"\n               class=\"shutterset_28044\">\n                <img\n                    title=\"an der Bisse Neuf\"\n                    alt=\"an der Bisse Neuf\"\n                    src=\"http:\/\/www.freimarianne.ch\/wp-content\/gallery\/varen-venthone-26-10-17\/thumbs\/thumbs_IMG_1660.jpg\"\n                    width=\"100\"\n                    height=\"75\"\n                    style=\"max-width:100%;\"\n                \/>\n            <\/a>\n        <\/div>\n\t\t\t\t\t\t\t<\/div> \n\t\t\t\n        \n\t\t\t\t<div id=\"ngg-image-13\" class=\"ngg-gallery-thumbnail-box\" >\n\t\t\t\t        <div class=\"ngg-gallery-thumbnail\">\n            <a href=\"http:\/\/www.freimarianne.ch\/wp-content\/gallery\/varen-venthone-26-10-17\/IMG_1666.jpg\"\n               title=\"Blick ins Rhonetal und Salgesch\"\n               data-src=\"http:\/\/www.freimarianne.ch\/wp-content\/gallery\/varen-venthone-26-10-17\/IMG_1666.jpg\"\n               data-thumbnail=\"http:\/\/www.freimarianne.ch\/wp-content\/gallery\/varen-venthone-26-10-17\/thumbs\/thumbs_IMG_1666.jpg\"\n               data-image-id=\"17307\"\n               data-title=\"Blick ins Rhonetal und Salgesch\"\n               data-description=\"Blick ins Rhonetal und Salgesch\"\n               data-image-slug=\"img_1666-3\"\n               class=\"shutterset_28044\">\n                <img\n                    title=\"Blick ins Rhonetal und Salgesch\"\n                    alt=\"Blick ins Rhonetal und Salgesch\"\n                    src=\"http:\/\/www.freimarianne.ch\/wp-content\/gallery\/varen-venthone-26-10-17\/thumbs\/thumbs_IMG_1666.jpg\"\n                    width=\"100\"\n                    height=\"75\"\n                    style=\"max-width:100%;\"\n                \/>\n            <\/a>\n        <\/div>\n\t\t\t\t\t\t\t<\/div> \n\t\t\t\n        \n\t\t\t\t<div id=\"ngg-image-14\" class=\"ngg-gallery-thumbnail-box\" >\n\t\t\t\t        <div class=\"ngg-gallery-thumbnail\">\n            <a href=\"http:\/\/www.freimarianne.ch\/wp-content\/gallery\/varen-venthone-26-10-17\/IMG_1668.jpg\"\n               title=\"Holz\u00e4pfelchen\"\n               data-src=\"http:\/\/www.freimarianne.ch\/wp-content\/gallery\/varen-venthone-26-10-17\/IMG_1668.jpg\"\n               data-thumbnail=\"http:\/\/www.freimarianne.ch\/wp-content\/gallery\/varen-venthone-26-10-17\/thumbs\/thumbs_IMG_1668.jpg\"\n               data-image-id=\"17306\"\n               data-title=\"Holz\u00c3\u00a4pfelchen\"\n               data-description=\"Holz\u00e4pfelchen\"\n               data-image-slug=\"img_1668-1\"\n               class=\"shutterset_28044\">\n                <img\n                    title=\"Holz\u00c3\u00a4pfelchen\"\n                    alt=\"Holz\u00c3\u00a4pfelchen\"\n                    src=\"http:\/\/www.freimarianne.ch\/wp-content\/gallery\/varen-venthone-26-10-17\/thumbs\/thumbs_IMG_1668.jpg\"\n                    width=\"100\"\n                    height=\"75\"\n                    style=\"max-width:100%;\"\n                \/>\n            <\/a>\n        <\/div>\n\t\t\t\t\t\t\t<\/div> \n\t\t\t\n        \n\t\t\t\t<div id=\"ngg-image-15\" class=\"ngg-gallery-thumbnail-box\" >\n\t\t\t\t        <div class=\"ngg-gallery-thumbnail\">\n            <a href=\"http:\/\/www.freimarianne.ch\/wp-content\/gallery\/varen-venthone-26-10-17\/IMG_1673.jpg\"\n               title=\"in Venth\u00f4ne\"\n               data-src=\"http:\/\/www.freimarianne.ch\/wp-content\/gallery\/varen-venthone-26-10-17\/IMG_1673.jpg\"\n               data-thumbnail=\"http:\/\/www.freimarianne.ch\/wp-content\/gallery\/varen-venthone-26-10-17\/thumbs\/thumbs_IMG_1673.jpg\"\n               data-image-id=\"17305\"\n               data-title=\"in Venth\u00c3\u00b4ne\"\n               data-description=\"in Venth\u00f4ne\"\n               data-image-slug=\"img_1673-1\"\n               class=\"shutterset_28044\">\n                <img\n                    title=\"in Venth\u00c3\u00b4ne\"\n                    alt=\"in Venth\u00c3\u00b4ne\"\n                    src=\"http:\/\/www.freimarianne.ch\/wp-content\/gallery\/varen-venthone-26-10-17\/thumbs\/thumbs_IMG_1673.jpg\"\n                    width=\"100\"\n                    height=\"75\"\n                    style=\"max-width:100%;\"\n                \/>\n            <\/a>\n        <\/div>\n\t\t\t\t\t\t\t<\/div> \n\t\t\t\n        \n\t\t\t\t<div id=\"ngg-image-16\" class=\"ngg-gallery-thumbnail-box\" >\n\t\t\t\t        <div class=\"ngg-gallery-thumbnail\">\n            <a href=\"http:\/\/www.freimarianne.ch\/wp-content\/gallery\/varen-venthone-26-10-17\/IMG_1675.jpg\"\n               title=\"in Venth\u00f4ne\"\n               data-src=\"http:\/\/www.freimarianne.ch\/wp-content\/gallery\/varen-venthone-26-10-17\/IMG_1675.jpg\"\n               data-thumbnail=\"http:\/\/www.freimarianne.ch\/wp-content\/gallery\/varen-venthone-26-10-17\/thumbs\/thumbs_IMG_1675.jpg\"\n               data-image-id=\"17304\"\n               data-title=\"in Venth\u00c3\u00b4ne\"\n               data-description=\"in Venth\u00f4ne\"\n               data-image-slug=\"img_1675\"\n               class=\"shutterset_28044\">\n                <img\n                    title=\"in Venth\u00c3\u00b4ne\"\n                    alt=\"in Venth\u00c3\u00b4ne\"\n                    src=\"http:\/\/www.freimarianne.ch\/wp-content\/gallery\/varen-venthone-26-10-17\/thumbs\/thumbs_IMG_1675.jpg\"\n                    width=\"100\"\n                    height=\"75\"\n                    style=\"max-width:100%;\"\n                \/>\n            <\/a>\n        <\/div>\n\t\t\t\t\t\t\t<\/div> \n\t\t\t\n        \n\t\t\n\t\t<!-- Pagination -->\n\t<div class='ngg-clear'><\/div>\t<\/div>\n<\/p>\n","protected":false},"excerpt":{"rendered":"<p>Wanderung von Varen hin\u00fcber nach Venth\u00f4ne: Bisse de Mengis Schon wieder bin ich im Wallis! Diese Wanderung ist fast die Fortsetzung der Wanderung vom 24.10.2017 (link) Der Startort ist aber Varen Fayen, wo ich bald den Einstieg in den Weinwanderweg nach Salgesch finde ( braune Wegweiser). Ich mache also nicht die klassische Route \u00fcber die [&hellip;]<\/p>\n","protected":false},"author":1,"featured_media":0,"parent":26690,"menu_order":21,"comment_status":"closed","ping_status":"closed","template":"","meta":{"ngg_post_thumbnail":0},"_links":{"self":[{"href":"http:\/\/www.freimarianne.ch\/index.php?rest_route=\/wp\/v2\/pages\/27240"}],"collection":[{"href":"http:\/\/www.freimarianne.ch\/index.php?rest_route=\/wp\/v2\/pages"}],"about":[{"href":"http:\/\/www.freimarianne.ch\/index.php?rest_route=\/wp\/v2\/types\/page"}],"author":[{"embeddable":true,"href":"http:\/\/www.freimarianne.ch\/index.php?rest_route=\/wp\/v2\/users\/1"}],"replies":[{"embeddable":true,"href":"http:\/\/www.freimarianne.ch\/index.php?rest_route=%2Fwp%2Fv2%2Fcomments&post=27240"}],"version-history":[{"count":9,"href":"http:\/\/www.freimarianne.ch\/index.php?rest_route=\/wp\/v2\/pages\/27240\/revisions"}],"predecessor-version":[{"id":28051,"href":"http:\/\/www.freimarianne.ch\/index.php?rest_route=\/wp\/v2\/pages\/27240\/revisions\/28051"}],"up":[{"embeddable":true,"href":"http:\/\/www.freimarianne.ch\/index.php?rest_route=\/wp\/v2\/pages\/26690"}],"wp:attachment":[{"href":"http:\/\/www.freimarianne.ch\/index.php?rest_route=%2Fwp%2Fv2%2Fmedia&parent=27240"}],"curies":[{"name":"wp","href":"https:\/\/api.w.org\/{rel}","templated":true}]}}