{"id":28126,"date":"2017-11-26T11:27:14","date_gmt":"2017-11-26T10:27:14","guid":{"rendered":"http:\/\/www.freimarianne.ch\/?page_id=28126"},"modified":"2017-12-10T09:11:37","modified_gmt":"2017-12-10T08:11:37","slug":"lenk-simmenfalle-be-23-11-2017","status":"publish","type":"page","link":"http:\/\/www.freimarianne.ch\/?page_id=28126","title":{"rendered":"Lenk &#8211; Simmenf\u00e4lle   BE  23.11.2017"},"content":{"rendered":"<p><strong>Winterwanderung in der Lenk<\/strong><\/p>\n<p><img loading=\"lazy\" class=\"size-full wp-image-28116\" src=\"http:\/\/www.freimarianne.ch\/wp-content\/uploads\/2017\/11\/IMG_1869_lenk-500.jpg\" alt=\"\" width=\"500\" height=\"375\" srcset=\"http:\/\/www.freimarianne.ch\/wp-content\/uploads\/2017\/11\/IMG_1869_lenk-500.jpg 500w, http:\/\/www.freimarianne.ch\/wp-content\/uploads\/2017\/11\/IMG_1869_lenk-500-300x225.jpg 300w, http:\/\/www.freimarianne.ch\/wp-content\/uploads\/2017\/11\/IMG_1869_lenk-500-400x300.jpg 400w\" sizes=\"(max-width: 500px) 100vw, 500px\" \/> Grossstrubel 3243m, Mittlerer Gipfel 3243m, WIldstrubel 3243m, vo Laufbodenhorn 2703m, hi Gletscherhorn 2943m<\/p>\n<p>Eine Talwanderung auf Schnee von Lenk \u00fcber das Lenkseeli und Ey zu den Simmenf\u00e4llen und zur\u00fcck. Anfangs war es noch sonnig aber dann bedeckte sich der Himmel langsam. Man geht auf dieser Wanderung etwas viel gerade aus, was bald langweilig wird. Bei Sonnenschein und viel Schnee w\u00e4re das ganz anders. Auf dem R\u00fcckweg marschiere ich auf dem Simmendamm ins Dorf zur\u00fcck und kann um 14.37h bereits den Zug besteigen.<br \/>\nDies war eher eine Rekognoszierung, um mit der Gegend vertraut zu werden.<\/p>\n<p>laut Schweizmobil:<br \/>\nDistanz:12,23km; Aufstieg: 245m; Abstieg: 241m; Wanderzeit: 3h 16 min<\/p>\n<p><a href=\"https:\/\/map.schweizmobil.ch\/?lang=de&amp;bgLayer=pk&amp;season=summer&amp;resolution=10&amp;E=2601858&amp;N=1143411&amp;trackId=4074890\">Karte Schweizmobil:<\/a><\/p>\n<p><!-- index.php -->\n<div\n\tclass=\"ngg-galleryoverview ngg-ajax-pagination-none\"\n\tid=\"ngg-gallery-28155-1\">\n\n    \t<div class=\"slideshowlink\">\n        <a href='http:\/\/www.freimarianne.ch\/index.php\/nggallery\/slideshow?page_id=28126'>[Show as slideshow]<\/a>\n\t\t\n\t<\/div>\n\t\t\t<!-- Thumbnails -->\n\t\t\t\t<div id=\"ngg-image-0\" class=\"ngg-gallery-thumbnail-box\" >\n\t\t\t\t        <div class=\"ngg-gallery-thumbnail\">\n            <a href=\"http:\/\/www.freimarianne.ch\/wp-content\/gallery\/lenk-23-11-2017\/IMG_1861.jpg\"\n               title=\"Lenk mit: Gandhore 2112m, Vorderi Spillgerte 2252m, Ch\u00f6rbelihore 2239m, Hinderi Spillgerte 2475m\"\n               data-src=\"http:\/\/www.freimarianne.ch\/wp-content\/gallery\/lenk-23-11-2017\/IMG_1861.jpg\"\n               data-thumbnail=\"http:\/\/www.freimarianne.ch\/wp-content\/gallery\/lenk-23-11-2017\/thumbs\/thumbs_IMG_1861.jpg\"\n               data-image-id=\"17364\"\n               data-title=\"Lenk mit: Gandhore 2112m, Vorderi Spillgerte 2252m, Ch\u00c3\u00b6rbelihore 2239m, Hinderi Spillgerte 2475m\"\n               data-description=\"Lenk mit: Gandhore 2112m, Vorderi Spillgerte 2252m, Ch\u00f6rbelihore 2239m, Hinderi Spillgerte 2475m\"\n               data-image-slug=\"img_1861-2\"\n               class=\"shutterset_28155\">\n                <img\n                    title=\"Lenk mit: Gandhore 2112m, Vorderi Spillgerte 2252m, Ch\u00c3\u00b6rbelihore 2239m, Hinderi Spillgerte 2475m\"\n                    alt=\"Lenk mit: Gandhore 2112m, Vorderi Spillgerte 2252m, Ch\u00c3\u00b6rbelihore 2239m, Hinderi Spillgerte 2475m\"\n                    src=\"http:\/\/www.freimarianne.ch\/wp-content\/gallery\/lenk-23-11-2017\/thumbs\/thumbs_IMG_1861.jpg\"\n                    width=\"100\"\n                    height=\"75\"\n                    style=\"max-width:100%;\"\n                \/>\n            <\/a>\n        <\/div>\n\t\t\t\t\t\t\t<\/div> \n\t\t\t\n        \n\t\t\t\t<div id=\"ngg-image-1\" class=\"ngg-gallery-thumbnail-box\" >\n\t\t\t\t        <div class=\"ngg-gallery-thumbnail\">\n            <a href=\"http:\/\/www.freimarianne.ch\/wp-content\/gallery\/lenk-23-11-2017\/IMG_1867.jpg\"\n               title=\"am Lenkseeli; vo re  Oberlaubhorn 1999m\"\n               data-src=\"http:\/\/www.freimarianne.ch\/wp-content\/gallery\/lenk-23-11-2017\/IMG_1867.jpg\"\n               data-thumbnail=\"http:\/\/www.freimarianne.ch\/wp-content\/gallery\/lenk-23-11-2017\/thumbs\/thumbs_IMG_1867.jpg\"\n               data-image-id=\"17363\"\n               data-title=\"am Lenkseeli; vo re  Oberlaubhorn 1999m\"\n               data-description=\"am Lenkseeli; vo re  Oberlaubhorn 1999m\"\n               data-image-slug=\"img_1867-2\"\n               class=\"shutterset_28155\">\n                <img\n                    title=\"am Lenkseeli; vo re  Oberlaubhorn 1999m\"\n                    alt=\"am Lenkseeli; vo re  Oberlaubhorn 1999m\"\n                    src=\"http:\/\/www.freimarianne.ch\/wp-content\/gallery\/lenk-23-11-2017\/thumbs\/thumbs_IMG_1867.jpg\"\n                    width=\"100\"\n                    height=\"75\"\n                    style=\"max-width:100%;\"\n                \/>\n            <\/a>\n        <\/div>\n\t\t\t\t\t\t\t<\/div> \n\t\t\t\n        \n\t\t\t\t<div id=\"ngg-image-2\" class=\"ngg-gallery-thumbnail-box\" >\n\t\t\t\t        <div class=\"ngg-gallery-thumbnail\">\n            <a href=\"http:\/\/www.freimarianne.ch\/wp-content\/gallery\/lenk-23-11-2017\/IMG_1871.jpg\"\n               title=\"Wildstrubel 3243m, vo Laufbodenhorn 2703m, hi Gletscherhorn 2943m; vo Oberlaubhorn 1999m\"\n               data-src=\"http:\/\/www.freimarianne.ch\/wp-content\/gallery\/lenk-23-11-2017\/IMG_1871.jpg\"\n               data-thumbnail=\"http:\/\/www.freimarianne.ch\/wp-content\/gallery\/lenk-23-11-2017\/thumbs\/thumbs_IMG_1871.jpg\"\n               data-image-id=\"17362\"\n               data-title=\"WIldstrubel 3243m, vo Laufbodenhorn 2703m, hi Gletscherhorn 2943m; vo Oberlaubhorn 1999m\"\n               data-description=\"Wildstrubel 3243m, vo Laufbodenhorn 2703m, hi Gletscherhorn 2943m; vo Oberlaubhorn 1999m\"\n               data-image-slug=\"img_1871-3\"\n               class=\"shutterset_28155\">\n                <img\n                    title=\"WIldstrubel 3243m, vo Laufbodenhorn 2703m, hi Gletscherhorn 2943m; vo Oberlaubhorn 1999m\"\n                    alt=\"WIldstrubel 3243m, vo Laufbodenhorn 2703m, hi Gletscherhorn 2943m; vo Oberlaubhorn 1999m\"\n                    src=\"http:\/\/www.freimarianne.ch\/wp-content\/gallery\/lenk-23-11-2017\/thumbs\/thumbs_IMG_1871.jpg\"\n                    width=\"100\"\n                    height=\"75\"\n                    style=\"max-width:100%;\"\n                \/>\n            <\/a>\n        <\/div>\n\t\t\t\t\t\t\t<\/div> \n\t\t\t\n        \n\t\t\t\t<div id=\"ngg-image-3\" class=\"ngg-gallery-thumbnail-box\" >\n\t\t\t\t        <div class=\"ngg-gallery-thumbnail\">\n            <a href=\"http:\/\/www.freimarianne.ch\/wp-content\/gallery\/lenk-23-11-2017\/IMG_1873.jpg\"\n               title=\"Lenkseeli mit Wildstrubel\"\n               data-src=\"http:\/\/www.freimarianne.ch\/wp-content\/gallery\/lenk-23-11-2017\/IMG_1873.jpg\"\n               data-thumbnail=\"http:\/\/www.freimarianne.ch\/wp-content\/gallery\/lenk-23-11-2017\/thumbs\/thumbs_IMG_1873.jpg\"\n               data-image-id=\"17361\"\n               data-title=\"Lenkseeli mit Wildstrubel\"\n               data-description=\"Lenkseeli mit Wildstrubel\"\n               data-image-slug=\"img_1873-3\"\n               class=\"shutterset_28155\">\n                <img\n                    title=\"Lenkseeli mit Wildstrubel\"\n                    alt=\"Lenkseeli mit Wildstrubel\"\n                    src=\"http:\/\/www.freimarianne.ch\/wp-content\/gallery\/lenk-23-11-2017\/thumbs\/thumbs_IMG_1873.jpg\"\n                    width=\"100\"\n                    height=\"75\"\n                    style=\"max-width:100%;\"\n                \/>\n            <\/a>\n        <\/div>\n\t\t\t\t\t\t\t<\/div> \n\t\t\t\n        \n\t\t\t\t<div id=\"ngg-image-4\" class=\"ngg-gallery-thumbnail-box\" >\n\t\t\t\t        <div class=\"ngg-gallery-thumbnail\">\n            <a href=\"http:\/\/www.freimarianne.ch\/wp-content\/gallery\/lenk-23-11-2017\/IMG_1875.jpg\"\n               title=\"Lenkseeli; Spiegelung\"\n               data-src=\"http:\/\/www.freimarianne.ch\/wp-content\/gallery\/lenk-23-11-2017\/IMG_1875.jpg\"\n               data-thumbnail=\"http:\/\/www.freimarianne.ch\/wp-content\/gallery\/lenk-23-11-2017\/thumbs\/thumbs_IMG_1875.jpg\"\n               data-image-id=\"17360\"\n               data-title=\"Lenkseeli; Spiegelung\"\n               data-description=\"Lenkseeli; Spiegelung\"\n               data-image-slug=\"img_1875-4\"\n               class=\"shutterset_28155\">\n                <img\n                    title=\"Lenkseeli; Spiegelung\"\n                    alt=\"Lenkseeli; Spiegelung\"\n                    src=\"http:\/\/www.freimarianne.ch\/wp-content\/gallery\/lenk-23-11-2017\/thumbs\/thumbs_IMG_1875.jpg\"\n                    width=\"100\"\n                    height=\"75\"\n                    style=\"max-width:100%;\"\n                \/>\n            <\/a>\n        <\/div>\n\t\t\t\t\t\t\t<\/div> \n\t\t\t\n        \n\t\t\t\t<div id=\"ngg-image-5\" class=\"ngg-gallery-thumbnail-box\" >\n\t\t\t\t        <div class=\"ngg-gallery-thumbnail\">\n            <a href=\"http:\/\/www.freimarianne.ch\/wp-content\/gallery\/lenk-23-11-2017\/IMG_1876.jpg\"\n               title=\"Lenkseeli; Grossstrubel 3243m, Mittlerer Gipfel 3243m, Wildstrubel 3243m, vo Laufbodenhorn 2703m, hi Gletscherhorn 2943m\"\n               data-src=\"http:\/\/www.freimarianne.ch\/wp-content\/gallery\/lenk-23-11-2017\/IMG_1876.jpg\"\n               data-thumbnail=\"http:\/\/www.freimarianne.ch\/wp-content\/gallery\/lenk-23-11-2017\/thumbs\/thumbs_IMG_1876.jpg\"\n               data-image-id=\"17359\"\n               data-title=\"Lenkseeli; Grossstrubel 3243m, Mittlerer Gipfel 3243m, WIldstrubel 3243m, vo Laufbodenhorn 2703m, hi Gletscherhorn 2943m\"\n               data-description=\"Lenkseeli; Grossstrubel 3243m, Mittlerer Gipfel 3243m, Wildstrubel 3243m, vo Laufbodenhorn 2703m, hi Gletscherhorn 2943m\"\n               data-image-slug=\"img_1876-1\"\n               class=\"shutterset_28155\">\n                <img\n                    title=\"Lenkseeli; Grossstrubel 3243m, Mittlerer Gipfel 3243m, WIldstrubel 3243m, vo Laufbodenhorn 2703m, hi Gletscherhorn 2943m\"\n                    alt=\"Lenkseeli; Grossstrubel 3243m, Mittlerer Gipfel 3243m, WIldstrubel 3243m, vo Laufbodenhorn 2703m, hi Gletscherhorn 2943m\"\n                    src=\"http:\/\/www.freimarianne.ch\/wp-content\/gallery\/lenk-23-11-2017\/thumbs\/thumbs_IMG_1876.jpg\"\n                    width=\"100\"\n                    height=\"75\"\n                    style=\"max-width:100%;\"\n                \/>\n            <\/a>\n        <\/div>\n\t\t\t\t\t\t\t<\/div> \n\t\t\t\n        \n\t\t\t\t<div id=\"ngg-image-6\" class=\"ngg-gallery-thumbnail-box\" >\n\t\t\t\t        <div class=\"ngg-gallery-thumbnail\">\n            <a href=\"http:\/\/www.freimarianne.ch\/wp-content\/gallery\/lenk-23-11-2017\/IMG_1878.jpg\"\n               title=\"Lenkseeli; Spiegelung\"\n               data-src=\"http:\/\/www.freimarianne.ch\/wp-content\/gallery\/lenk-23-11-2017\/IMG_1878.jpg\"\n               data-thumbnail=\"http:\/\/www.freimarianne.ch\/wp-content\/gallery\/lenk-23-11-2017\/thumbs\/thumbs_IMG_1878.jpg\"\n               data-image-id=\"17358\"\n               data-title=\"Lenkseeli; Spiegelung\"\n               data-description=\"Lenkseeli; Spiegelung\"\n               data-image-slug=\"img_1878-2\"\n               class=\"shutterset_28155\">\n                <img\n                    title=\"Lenkseeli; Spiegelung\"\n                    alt=\"Lenkseeli; Spiegelung\"\n                    src=\"http:\/\/www.freimarianne.ch\/wp-content\/gallery\/lenk-23-11-2017\/thumbs\/thumbs_IMG_1878.jpg\"\n                    width=\"100\"\n                    height=\"75\"\n                    style=\"max-width:100%;\"\n                \/>\n            <\/a>\n        <\/div>\n\t\t\t\t\t\t\t<\/div> \n\t\t\t\n        \n\t\t\t\t<div id=\"ngg-image-7\" class=\"ngg-gallery-thumbnail-box\" >\n\t\t\t\t        <div class=\"ngg-gallery-thumbnail\">\n            <a href=\"http:\/\/www.freimarianne.ch\/wp-content\/gallery\/lenk-23-11-2017\/IMG_1884.jpg\"\n               title=\"Steghorn 3146m, vo  Ammertenhorn 2666m; hi Wildstrubel\"\n               data-src=\"http:\/\/www.freimarianne.ch\/wp-content\/gallery\/lenk-23-11-2017\/IMG_1884.jpg\"\n               data-thumbnail=\"http:\/\/www.freimarianne.ch\/wp-content\/gallery\/lenk-23-11-2017\/thumbs\/thumbs_IMG_1884.jpg\"\n               data-image-id=\"17357\"\n               data-title=\"Steghorn 3146m, vo  Ammertenhorn 2666m; hi Wildstrubel\"\n               data-description=\"Steghorn 3146m, vo  Ammertenhorn 2666m; hi Wildstrubel\"\n               data-image-slug=\"img_1884\"\n               class=\"shutterset_28155\">\n                <img\n                    title=\"Steghorn 3146m, vo  Ammertenhorn 2666m; hi Wildstrubel\"\n                    alt=\"Steghorn 3146m, vo  Ammertenhorn 2666m; hi Wildstrubel\"\n                    src=\"http:\/\/www.freimarianne.ch\/wp-content\/gallery\/lenk-23-11-2017\/thumbs\/thumbs_IMG_1884.jpg\"\n                    width=\"100\"\n                    height=\"75\"\n                    style=\"max-width:100%;\"\n                \/>\n            <\/a>\n        <\/div>\n\t\t\t\t\t\t\t<\/div> \n\t\t\t\n        \n\t\t\t\t<div id=\"ngg-image-8\" class=\"ngg-gallery-thumbnail-box\" >\n\t\t\t\t        <div class=\"ngg-gallery-thumbnail\">\n            <a href=\"http:\/\/www.freimarianne.ch\/wp-content\/gallery\/lenk-23-11-2017\/IMG_1889.jpg\"\n               title=\"die Simmenf\u00e4lle\"\n               data-src=\"http:\/\/www.freimarianne.ch\/wp-content\/gallery\/lenk-23-11-2017\/IMG_1889.jpg\"\n               data-thumbnail=\"http:\/\/www.freimarianne.ch\/wp-content\/gallery\/lenk-23-11-2017\/thumbs\/thumbs_IMG_1889.jpg\"\n               data-image-id=\"17356\"\n               data-title=\"die Simmenf\u00c3\u00a4lle\"\n               data-description=\"die Simmenf\u00e4lle\"\n               data-image-slug=\"img_1889-1\"\n               class=\"shutterset_28155\">\n                <img\n                    title=\"die Simmenf\u00c3\u00a4lle\"\n                    alt=\"die Simmenf\u00c3\u00a4lle\"\n                    src=\"http:\/\/www.freimarianne.ch\/wp-content\/gallery\/lenk-23-11-2017\/thumbs\/thumbs_IMG_1889.jpg\"\n                    width=\"100\"\n                    height=\"75\"\n                    style=\"max-width:100%;\"\n                \/>\n            <\/a>\n        <\/div>\n\t\t\t\t\t\t\t<\/div> \n\t\t\t\n        \n\t\t\t\t<div id=\"ngg-image-9\" class=\"ngg-gallery-thumbnail-box\" >\n\t\t\t\t        <div class=\"ngg-gallery-thumbnail\">\n            <a href=\"http:\/\/www.freimarianne.ch\/wp-content\/gallery\/lenk-23-11-2017\/IMG_1896.jpg\"\n               title=\"am Simmendamm; Burgb\u00fcel\"\n               data-src=\"http:\/\/www.freimarianne.ch\/wp-content\/gallery\/lenk-23-11-2017\/IMG_1896.jpg\"\n               data-thumbnail=\"http:\/\/www.freimarianne.ch\/wp-content\/gallery\/lenk-23-11-2017\/thumbs\/thumbs_IMG_1896.jpg\"\n               data-image-id=\"17355\"\n               data-title=\"am Simmendamm; Burgb\u00c3\u00bcel\"\n               data-description=\"am Simmendamm; Burgb\u00fcel\"\n               data-image-slug=\"img_1896\"\n               class=\"shutterset_28155\">\n                <img\n                    title=\"am Simmendamm; Burgb\u00c3\u00bcel\"\n                    alt=\"am Simmendamm; Burgb\u00c3\u00bcel\"\n                    src=\"http:\/\/www.freimarianne.ch\/wp-content\/gallery\/lenk-23-11-2017\/thumbs\/thumbs_IMG_1896.jpg\"\n                    width=\"100\"\n                    height=\"75\"\n                    style=\"max-width:100%;\"\n                \/>\n            <\/a>\n        <\/div>\n\t\t\t\t\t\t\t<\/div> \n\t\t\t\n        \n\t\t\n\t\t<!-- Pagination -->\n\t<div class='ngg-clear'><\/div>\t<\/div>\n<\/p>\n","protected":false},"excerpt":{"rendered":"<p>Winterwanderung in der Lenk Grossstrubel 3243m, Mittlerer Gipfel 3243m, WIldstrubel 3243m, vo Laufbodenhorn 2703m, hi Gletscherhorn 2943m Eine Talwanderung auf Schnee von Lenk \u00fcber das Lenkseeli und Ey zu den Simmenf\u00e4llen und zur\u00fcck. Anfangs war es noch sonnig aber dann bedeckte sich der Himmel langsam. Man geht auf dieser Wanderung etwas viel gerade aus, was [&hellip;]<\/p>\n","protected":false},"author":1,"featured_media":0,"parent":26690,"menu_order":26,"comment_status":"closed","ping_status":"closed","template":"","meta":{"ngg_post_thumbnail":0},"_links":{"self":[{"href":"http:\/\/www.freimarianne.ch\/index.php?rest_route=\/wp\/v2\/pages\/28126"}],"collection":[{"href":"http:\/\/www.freimarianne.ch\/index.php?rest_route=\/wp\/v2\/pages"}],"about":[{"href":"http:\/\/www.freimarianne.ch\/index.php?rest_route=\/wp\/v2\/types\/page"}],"author":[{"embeddable":true,"href":"http:\/\/www.freimarianne.ch\/index.php?rest_route=\/wp\/v2\/users\/1"}],"replies":[{"embeddable":true,"href":"http:\/\/www.freimarianne.ch\/index.php?rest_route=%2Fwp%2Fv2%2Fcomments&post=28126"}],"version-history":[{"count":2,"href":"http:\/\/www.freimarianne.ch\/index.php?rest_route=\/wp\/v2\/pages\/28126\/revisions"}],"predecessor-version":[{"id":28156,"href":"http:\/\/www.freimarianne.ch\/index.php?rest_route=\/wp\/v2\/pages\/28126\/revisions\/28156"}],"up":[{"embeddable":true,"href":"http:\/\/www.freimarianne.ch\/index.php?rest_route=\/wp\/v2\/pages\/26690"}],"wp:attachment":[{"href":"http:\/\/www.freimarianne.ch\/index.php?rest_route=%2Fwp%2Fv2%2Fmedia&parent=28126"}],"curies":[{"name":"wp","href":"https:\/\/api.w.org\/{rel}","templated":true}]}}