{"id":28355,"date":"2017-12-27T17:19:08","date_gmt":"2017-12-27T16:19:08","guid":{"rendered":"http:\/\/www.freimarianne.ch\/?page_id=28355"},"modified":"2017-12-27T17:24:25","modified_gmt":"2017-12-27T16:24:25","slug":"parpan-gr-26-12-2017","status":"publish","type":"page","link":"http:\/\/www.freimarianne.ch\/?page_id=28355","title":{"rendered":"Parpan   GR  26.12.2017"},"content":{"rendered":"<p><strong>Winterwanderung in Parpan<\/strong><\/p>\n<p><img loading=\"lazy\" class=\"size-full wp-image-28354\" src=\"http:\/\/www.freimarianne.ch\/wp-content\/uploads\/2017\/12\/IMG_2140_parpan_500.jpg\" alt=\"\" width=\"500\" height=\"347\" srcset=\"http:\/\/www.freimarianne.ch\/wp-content\/uploads\/2017\/12\/IMG_2140_parpan_500.jpg 500w, http:\/\/www.freimarianne.ch\/wp-content\/uploads\/2017\/12\/IMG_2140_parpan_500-300x208.jpg 300w, http:\/\/www.freimarianne.ch\/wp-content\/uploads\/2017\/12\/IMG_2140_parpan_500-432x300.jpg 432w\" sizes=\"(max-width: 500px) 100vw, 500px\" \/> Fulenberg 2572m, Fulhorn 2529m, Dreib\u00fcndenstein 2160m; gegen Mittelberg<\/p>\n<p>Heute gibt es ein Feiertag Programm. Im Osten scheint das Wetter besser zu sein. Also fahren wir nach Parpan 1493m, wo wir gegen 12.00 unsere Winterwanderung beginnen. Wir sind am 28.1.2014 schon einmal diesen Weg gegangen, allerdings bei besseren Schneeverh\u00e4ltnissen und mit etwas mehr Sonnenschein. Aber die Gegend ist immer wieder sch\u00f6n. So gehen wir bei bedeckten Himmel durch die sch\u00f6ne WInterlandschaft bis nach Foppe 1754m. Hier kehren wir um und gehen denselben Weg zur\u00fcck bis zur Abzweigung nach Mittelberg, die wir nehmen. So gelangen wir hinunter nach Mittelberg 1525m, wo wir ein l\u00e4ngeres St\u00fcck der Langlaufloipe folgen m\u00fcssen. Es gibt dann noch einen l\u00e4ngeren Streckenabschnitt auf der Strasse, wo es recht eisig ist, sodass wir nicht mehr so gut vorankommen. Es reicht aber doch noch f\u00fcr den Bus um 15.31h nach Chur. Zuvor gibt es nochen einen kleinen,teuren und sehr starken Kaffee im Konsum bei der Bushaltestelle!<\/p>\n<p>Laut Schweizmobil:<br \/>\nDistanz. 10.69km; Aufstieg: 278m; Abstieg 278m; Wanderzeit: 2 h 48 min<\/p>\n<p><a href=\"https:\/\/map.schweizmobil.ch\/?lang=de&amp;season=winter&amp;bgLayer=pk&amp;resolution=10&amp;E=2762166&amp;N=1182551&amp;trackId=4103215\">Karte Schweizmobil:<\/a><\/p>\n<p><!-- index.php -->\n<div\n\tclass=\"ngg-galleryoverview ngg-ajax-pagination-none\"\n\tid=\"ngg-gallery-28385-1\">\n\n    \t<div class=\"slideshowlink\">\n        <a href='http:\/\/www.freimarianne.ch\/index.php\/nggallery\/slideshow?page_id=28355'>[Show as slideshow]<\/a>\n\t\t\n\t<\/div>\n\t\t\t<!-- Thumbnails -->\n\t\t\t\t<div id=\"ngg-image-0\" class=\"ngg-gallery-thumbnail-box\" >\n\t\t\t\t        <div class=\"ngg-gallery-thumbnail\">\n            <a href=\"http:\/\/www.freimarianne.ch\/wp-content\/gallery\/parpan-26-12-2017\/IMG_2122.jpg\"\n               title=\"in Parpan\"\n               data-src=\"http:\/\/www.freimarianne.ch\/wp-content\/gallery\/parpan-26-12-2017\/IMG_2122.jpg\"\n               data-thumbnail=\"http:\/\/www.freimarianne.ch\/wp-content\/gallery\/parpan-26-12-2017\/thumbs\/thumbs_IMG_2122.jpg\"\n               data-image-id=\"17444\"\n               data-title=\"in Parpan\"\n               data-description=\"in Parpan\"\n               data-image-slug=\"img_2122-1\"\n               class=\"shutterset_28385\">\n                <img\n                    title=\"in Parpan\"\n                    alt=\"in Parpan\"\n                    src=\"http:\/\/www.freimarianne.ch\/wp-content\/gallery\/parpan-26-12-2017\/thumbs\/thumbs_IMG_2122.jpg\"\n                    width=\"100\"\n                    height=\"75\"\n                    style=\"max-width:100%;\"\n                \/>\n            <\/a>\n        <\/div>\n\t\t\t\t\t\t\t<\/div> \n\t\t\t\n        \n\t\t\t\t<div id=\"ngg-image-1\" class=\"ngg-gallery-thumbnail-box\" >\n\t\t\t\t        <div class=\"ngg-gallery-thumbnail\">\n            <a href=\"http:\/\/www.freimarianne.ch\/wp-content\/gallery\/parpan-26-12-2017\/IMG_2125.jpg\"\n               title=\"Felsberger Calanda 2697m, Haldensteiner Calanda 2805m\"\n               data-src=\"http:\/\/www.freimarianne.ch\/wp-content\/gallery\/parpan-26-12-2017\/IMG_2125.jpg\"\n               data-thumbnail=\"http:\/\/www.freimarianne.ch\/wp-content\/gallery\/parpan-26-12-2017\/thumbs\/thumbs_IMG_2125.jpg\"\n               data-image-id=\"17443\"\n               data-title=\"Felsberger Calanda 2697m, Haldensteiner Calanda 2805m\"\n               data-description=\"Felsberger Calanda 2697m, Haldensteiner Calanda 2805m\"\n               data-image-slug=\"img_2125-1\"\n               class=\"shutterset_28385\">\n                <img\n                    title=\"Felsberger Calanda 2697m, Haldensteiner Calanda 2805m\"\n                    alt=\"Felsberger Calanda 2697m, Haldensteiner Calanda 2805m\"\n                    src=\"http:\/\/www.freimarianne.ch\/wp-content\/gallery\/parpan-26-12-2017\/thumbs\/thumbs_IMG_2125.jpg\"\n                    width=\"100\"\n                    height=\"75\"\n                    style=\"max-width:100%;\"\n                \/>\n            <\/a>\n        <\/div>\n\t\t\t\t\t\t\t<\/div> \n\t\t\t\n        \n\t\t\t\t<div id=\"ngg-image-2\" class=\"ngg-gallery-thumbnail-box\" >\n\t\t\t\t        <div class=\"ngg-gallery-thumbnail\">\n            <a href=\"http:\/\/www.freimarianne.ch\/wp-content\/gallery\/parpan-26-12-2017\/IMG_2127.jpg\"\n               title=\"Blick zur\u00fcck auf Parpan; Crap la Pala 2151m,  Piz Scalottas 2323m, Piz Danis 2597m,Lavoz 2330, St\u00e4tzerhorn 2576m,\"\n               data-src=\"http:\/\/www.freimarianne.ch\/wp-content\/gallery\/parpan-26-12-2017\/IMG_2127.jpg\"\n               data-thumbnail=\"http:\/\/www.freimarianne.ch\/wp-content\/gallery\/parpan-26-12-2017\/thumbs\/thumbs_IMG_2127.jpg\"\n               data-image-id=\"17442\"\n               data-title=\"Blick zur\u00c3\u00bcck auf Parpan; Crap la Pala 2151m,  Piz Scalottas 2323m, Piz Danis 2597m,Lavoz 2330, St\u00c3\u00a4tzerhorn 2576m,\"\n               data-description=\"Blick zur\u00fcck auf Parpan; Crap la Pala 2151m,  Piz Scalottas 2323m, Piz Danis 2597m,Lavoz 2330, St\u00e4tzerhorn 2576m,\"\n               data-image-slug=\"img_2127-1\"\n               class=\"shutterset_28385\">\n                <img\n                    title=\"Blick zur\u00c3\u00bcck auf Parpan; Crap la Pala 2151m,  Piz Scalottas 2323m, Piz Danis 2597m,Lavoz 2330, St\u00c3\u00a4tzerhorn 2576m,\"\n                    alt=\"Blick zur\u00c3\u00bcck auf Parpan; Crap la Pala 2151m,  Piz Scalottas 2323m, Piz Danis 2597m,Lavoz 2330, St\u00c3\u00a4tzerhorn 2576m,\"\n                    src=\"http:\/\/www.freimarianne.ch\/wp-content\/gallery\/parpan-26-12-2017\/thumbs\/thumbs_IMG_2127.jpg\"\n                    width=\"100\"\n                    height=\"75\"\n                    style=\"max-width:100%;\"\n                \/>\n            <\/a>\n        <\/div>\n\t\t\t\t\t\t\t<\/div> \n\t\t\t\n        \n\t\t\t\t<div id=\"ngg-image-3\" class=\"ngg-gallery-thumbnail-box\" >\n\t\t\t\t        <div class=\"ngg-gallery-thumbnail\">\n            <a href=\"http:\/\/www.freimarianne.ch\/wp-content\/gallery\/parpan-26-12-2017\/IMG_2129.jpg\"\n               title=\"auf dem Weg gegen das Churer Joch\"\n               data-src=\"http:\/\/www.freimarianne.ch\/wp-content\/gallery\/parpan-26-12-2017\/IMG_2129.jpg\"\n               data-thumbnail=\"http:\/\/www.freimarianne.ch\/wp-content\/gallery\/parpan-26-12-2017\/thumbs\/thumbs_IMG_2129.jpg\"\n               data-image-id=\"17441\"\n               data-title=\"auf dem Weg gegen das Churer Joch\"\n               data-description=\"auf dem Weg gegen das Churer Joch\"\n               data-image-slug=\"img_2129-1\"\n               class=\"shutterset_28385\">\n                <img\n                    title=\"auf dem Weg gegen das Churer Joch\"\n                    alt=\"auf dem Weg gegen das Churer Joch\"\n                    src=\"http:\/\/www.freimarianne.ch\/wp-content\/gallery\/parpan-26-12-2017\/thumbs\/thumbs_IMG_2129.jpg\"\n                    width=\"100\"\n                    height=\"75\"\n                    style=\"max-width:100%;\"\n                \/>\n            <\/a>\n        <\/div>\n\t\t\t\t\t\t\t<\/div> \n\t\t\t\n        \n\t\t\t\t<div id=\"ngg-image-4\" class=\"ngg-gallery-thumbnail-box\" >\n\t\t\t\t        <div class=\"ngg-gallery-thumbnail\">\n            <a href=\"http:\/\/www.freimarianne.ch\/wp-content\/gallery\/parpan-26-12-2017\/IMG_2130.jpg\"\n               title=\"Fulhorn 2529m,  Windegga 2230m, Grat zum Dreib\u00fcndenstein\"\n               data-src=\"http:\/\/www.freimarianne.ch\/wp-content\/gallery\/parpan-26-12-2017\/IMG_2130.jpg\"\n               data-thumbnail=\"http:\/\/www.freimarianne.ch\/wp-content\/gallery\/parpan-26-12-2017\/thumbs\/thumbs_IMG_2130.jpg\"\n               data-image-id=\"17440\"\n               data-title=\"Fulhorn 2529m,  Windegga 2230m, Grat zum Dreib\u00c3\u00bcndenstein\"\n               data-description=\"Fulhorn 2529m,  Windegga 2230m, Grat zum Dreib\u00fcndenstein\"\n               data-image-slug=\"img_2130-4\"\n               class=\"shutterset_28385\">\n                <img\n                    title=\"Fulhorn 2529m,  Windegga 2230m, Grat zum Dreib\u00c3\u00bcndenstein\"\n                    alt=\"Fulhorn 2529m,  Windegga 2230m, Grat zum Dreib\u00c3\u00bcndenstein\"\n                    src=\"http:\/\/www.freimarianne.ch\/wp-content\/gallery\/parpan-26-12-2017\/thumbs\/thumbs_IMG_2130.jpg\"\n                    width=\"100\"\n                    height=\"75\"\n                    style=\"max-width:100%;\"\n                \/>\n            <\/a>\n        <\/div>\n\t\t\t\t\t\t\t<\/div> \n\t\t\t\n        \n\t\t\t\t<div id=\"ngg-image-5\" class=\"ngg-gallery-thumbnail-box\" >\n\t\t\t\t        <div class=\"ngg-gallery-thumbnail\">\n            <a href=\"http:\/\/www.freimarianne.ch\/wp-content\/gallery\/parpan-26-12-2017\/IMG_2132.jpg\"\n               title=\"Abstieg nach Churwalden\"\n               data-src=\"http:\/\/www.freimarianne.ch\/wp-content\/gallery\/parpan-26-12-2017\/IMG_2132.jpg\"\n               data-thumbnail=\"http:\/\/www.freimarianne.ch\/wp-content\/gallery\/parpan-26-12-2017\/thumbs\/thumbs_IMG_2132.jpg\"\n               data-image-id=\"17439\"\n               data-title=\"Abstieg nach Churwalden\"\n               data-description=\"Abstieg nach Churwalden\"\n               data-image-slug=\"img_2132\"\n               class=\"shutterset_28385\">\n                <img\n                    title=\"Abstieg nach Churwalden\"\n                    alt=\"Abstieg nach Churwalden\"\n                    src=\"http:\/\/www.freimarianne.ch\/wp-content\/gallery\/parpan-26-12-2017\/thumbs\/thumbs_IMG_2132.jpg\"\n                    width=\"100\"\n                    height=\"75\"\n                    style=\"max-width:100%;\"\n                \/>\n            <\/a>\n        <\/div>\n\t\t\t\t\t\t\t<\/div> \n\t\t\t\n        \n\t\t\t\t<div id=\"ngg-image-6\" class=\"ngg-gallery-thumbnail-box\" >\n\t\t\t\t        <div class=\"ngg-gallery-thumbnail\">\n            <a href=\"http:\/\/www.freimarianne.ch\/wp-content\/gallery\/parpan-26-12-2017\/IMG_2133.jpg\"\n               title=\"Winterstimmung  oberhalb Parpan\"\n               data-src=\"http:\/\/www.freimarianne.ch\/wp-content\/gallery\/parpan-26-12-2017\/IMG_2133.jpg\"\n               data-thumbnail=\"http:\/\/www.freimarianne.ch\/wp-content\/gallery\/parpan-26-12-2017\/thumbs\/thumbs_IMG_2133.jpg\"\n               data-image-id=\"17438\"\n               data-title=\"Winterstimmung  oberhalb Parpan\"\n               data-description=\"Winterstimmung  oberhalb Parpan\"\n               data-image-slug=\"img_2133-2\"\n               class=\"shutterset_28385\">\n                <img\n                    title=\"Winterstimmung  oberhalb Parpan\"\n                    alt=\"Winterstimmung  oberhalb Parpan\"\n                    src=\"http:\/\/www.freimarianne.ch\/wp-content\/gallery\/parpan-26-12-2017\/thumbs\/thumbs_IMG_2133.jpg\"\n                    width=\"100\"\n                    height=\"75\"\n                    style=\"max-width:100%;\"\n                \/>\n            <\/a>\n        <\/div>\n\t\t\t\t\t\t\t<\/div> \n\t\t\t\n        \n\t\t\t\t<div id=\"ngg-image-7\" class=\"ngg-gallery-thumbnail-box\" >\n\t\t\t\t        <div class=\"ngg-gallery-thumbnail\">\n            <a href=\"http:\/\/www.freimarianne.ch\/wp-content\/gallery\/parpan-26-12-2017\/IMG_2135.jpg\"\n               title=\"Winterstimmung  oberhalb Parpan\"\n               data-src=\"http:\/\/www.freimarianne.ch\/wp-content\/gallery\/parpan-26-12-2017\/IMG_2135.jpg\"\n               data-thumbnail=\"http:\/\/www.freimarianne.ch\/wp-content\/gallery\/parpan-26-12-2017\/thumbs\/thumbs_IMG_2135.jpg\"\n               data-image-id=\"17437\"\n               data-title=\"Winterstimmung  oberhalb Parpan\"\n               data-description=\"Winterstimmung  oberhalb Parpan\"\n               data-image-slug=\"img_2135-1\"\n               class=\"shutterset_28385\">\n                <img\n                    title=\"Winterstimmung  oberhalb Parpan\"\n                    alt=\"Winterstimmung  oberhalb Parpan\"\n                    src=\"http:\/\/www.freimarianne.ch\/wp-content\/gallery\/parpan-26-12-2017\/thumbs\/thumbs_IMG_2135.jpg\"\n                    width=\"100\"\n                    height=\"75\"\n                    style=\"max-width:100%;\"\n                \/>\n            <\/a>\n        <\/div>\n\t\t\t\t\t\t\t<\/div> \n\t\t\t\n        \n\t\t\t\t<div id=\"ngg-image-8\" class=\"ngg-gallery-thumbnail-box\" >\n\t\t\t\t        <div class=\"ngg-gallery-thumbnail\">\n            <a href=\"http:\/\/www.freimarianne.ch\/wp-content\/gallery\/parpan-26-12-2017\/IMG_2137.jpg\"\n               title=\"Winterstimmung bei Parpan\"\n               data-src=\"http:\/\/www.freimarianne.ch\/wp-content\/gallery\/parpan-26-12-2017\/IMG_2137.jpg\"\n               data-thumbnail=\"http:\/\/www.freimarianne.ch\/wp-content\/gallery\/parpan-26-12-2017\/thumbs\/thumbs_IMG_2137.jpg\"\n               data-image-id=\"17436\"\n               data-title=\"Winterstimmung bei Parpan\"\n               data-description=\"Winterstimmung bei Parpan\"\n               data-image-slug=\"img_2137-1\"\n               class=\"shutterset_28385\">\n                <img\n                    title=\"Winterstimmung bei Parpan\"\n                    alt=\"Winterstimmung bei Parpan\"\n                    src=\"http:\/\/www.freimarianne.ch\/wp-content\/gallery\/parpan-26-12-2017\/thumbs\/thumbs_IMG_2137.jpg\"\n                    width=\"100\"\n                    height=\"75\"\n                    style=\"max-width:100%;\"\n                \/>\n            <\/a>\n        <\/div>\n\t\t\t\t\t\t\t<\/div> \n\t\t\t\n        \n\t\t\t\t<div id=\"ngg-image-9\" class=\"ngg-gallery-thumbnail-box\" >\n\t\t\t\t        <div class=\"ngg-gallery-thumbnail\">\n            <a href=\"http:\/\/www.freimarianne.ch\/wp-content\/gallery\/parpan-26-12-2017\/IMG_2143.jpg\"\n               title=\"ein kurzer Lichtblick\"\n               data-src=\"http:\/\/www.freimarianne.ch\/wp-content\/gallery\/parpan-26-12-2017\/IMG_2143.jpg\"\n               data-thumbnail=\"http:\/\/www.freimarianne.ch\/wp-content\/gallery\/parpan-26-12-2017\/thumbs\/thumbs_IMG_2143.jpg\"\n               data-image-id=\"17435\"\n               data-title=\"ein kurzer Lichtblick\"\n               data-description=\"ein kurzer Lichtblick\"\n               data-image-slug=\"img_2143-1\"\n               class=\"shutterset_28385\">\n                <img\n                    title=\"ein kurzer Lichtblick\"\n                    alt=\"ein kurzer Lichtblick\"\n                    src=\"http:\/\/www.freimarianne.ch\/wp-content\/gallery\/parpan-26-12-2017\/thumbs\/thumbs_IMG_2143.jpg\"\n                    width=\"100\"\n                    height=\"75\"\n                    style=\"max-width:100%;\"\n                \/>\n            <\/a>\n        <\/div>\n\t\t\t\t\t\t\t<\/div> \n\t\t\t\n        \n\t\t\t\t<div id=\"ngg-image-10\" class=\"ngg-gallery-thumbnail-box\" >\n\t\t\t\t        <div class=\"ngg-gallery-thumbnail\">\n            <a href=\"http:\/\/www.freimarianne.ch\/wp-content\/gallery\/parpan-26-12-2017\/IMG_2146.jpg\"\n               title=\"ein Lichtblick, die Calandas\"\n               data-src=\"http:\/\/www.freimarianne.ch\/wp-content\/gallery\/parpan-26-12-2017\/IMG_2146.jpg\"\n               data-thumbnail=\"http:\/\/www.freimarianne.ch\/wp-content\/gallery\/parpan-26-12-2017\/thumbs\/thumbs_IMG_2146.jpg\"\n               data-image-id=\"17434\"\n               data-title=\"ein Lichtblick, die Calandas\"\n               data-description=\"ein Lichtblick, die Calandas\"\n               data-image-slug=\"img_2146-1\"\n               class=\"shutterset_28385\">\n                <img\n                    title=\"ein Lichtblick, die Calandas\"\n                    alt=\"ein Lichtblick, die Calandas\"\n                    src=\"http:\/\/www.freimarianne.ch\/wp-content\/gallery\/parpan-26-12-2017\/thumbs\/thumbs_IMG_2146.jpg\"\n                    width=\"100\"\n                    height=\"75\"\n                    style=\"max-width:100%;\"\n                \/>\n            <\/a>\n        <\/div>\n\t\t\t\t\t\t\t<\/div> \n\t\t\t\n        \n\t\t\t\t<div id=\"ngg-image-11\" class=\"ngg-gallery-thumbnail-box\" >\n\t\t\t\t        <div class=\"ngg-gallery-thumbnail\">\n            <a href=\"http:\/\/www.freimarianne.ch\/wp-content\/gallery\/parpan-26-12-2017\/IMG_2147.jpg\"\n               title=\"Parpan mit St\u00e4tzerhorn 2575m\"\n               data-src=\"http:\/\/www.freimarianne.ch\/wp-content\/gallery\/parpan-26-12-2017\/IMG_2147.jpg\"\n               data-thumbnail=\"http:\/\/www.freimarianne.ch\/wp-content\/gallery\/parpan-26-12-2017\/thumbs\/thumbs_IMG_2147.jpg\"\n               data-image-id=\"17433\"\n               data-title=\"Parpan mit St\u00c3\u00a4tzerhorn 2575m\"\n               data-description=\"Parpan mit St\u00e4tzerhorn 2575m\"\n               data-image-slug=\"img_2147-1\"\n               class=\"shutterset_28385\">\n                <img\n                    title=\"Parpan mit St\u00c3\u00a4tzerhorn 2575m\"\n                    alt=\"Parpan mit St\u00c3\u00a4tzerhorn 2575m\"\n                    src=\"http:\/\/www.freimarianne.ch\/wp-content\/gallery\/parpan-26-12-2017\/thumbs\/thumbs_IMG_2147.jpg\"\n                    width=\"100\"\n                    height=\"75\"\n                    style=\"max-width:100%;\"\n                \/>\n            <\/a>\n        <\/div>\n\t\t\t\t\t\t\t<\/div> \n\t\t\t\n        \n\t\t\t\t<div id=\"ngg-image-12\" class=\"ngg-gallery-thumbnail-box\" >\n\t\t\t\t        <div class=\"ngg-gallery-thumbnail\">\n            <a href=\"http:\/\/www.freimarianne.ch\/wp-content\/gallery\/parpan-26-12-2017\/IMG_2148.jpg\"\n               title=\"in Parpan\"\n               data-src=\"http:\/\/www.freimarianne.ch\/wp-content\/gallery\/parpan-26-12-2017\/IMG_2148.jpg\"\n               data-thumbnail=\"http:\/\/www.freimarianne.ch\/wp-content\/gallery\/parpan-26-12-2017\/thumbs\/thumbs_IMG_2148.jpg\"\n               data-image-id=\"17432\"\n               data-title=\"in Parpan\"\n               data-description=\"in Parpan\"\n               data-image-slug=\"img_2148-2\"\n               class=\"shutterset_28385\">\n                <img\n                    title=\"in Parpan\"\n                    alt=\"in Parpan\"\n                    src=\"http:\/\/www.freimarianne.ch\/wp-content\/gallery\/parpan-26-12-2017\/thumbs\/thumbs_IMG_2148.jpg\"\n                    width=\"100\"\n                    height=\"75\"\n                    style=\"max-width:100%;\"\n                \/>\n            <\/a>\n        <\/div>\n\t\t\t\t\t\t\t<\/div> \n\t\t\t\n        \n\t\t\n\t\t<!-- Pagination -->\n\t<div class='ngg-clear'><\/div>\t<\/div>\n<\/p>\n","protected":false},"excerpt":{"rendered":"<p>Winterwanderung in Parpan Fulenberg 2572m, Fulhorn 2529m, Dreib\u00fcndenstein 2160m; gegen Mittelberg Heute gibt es ein Feiertag Programm. Im Osten scheint das Wetter besser zu sein. Also fahren wir nach Parpan 1493m, wo wir gegen 12.00 unsere Winterwanderung beginnen. Wir sind am 28.1.2014 schon einmal diesen Weg gegangen, allerdings bei besseren Schneeverh\u00e4ltnissen und mit etwas mehr [&hellip;]<\/p>\n","protected":false},"author":1,"featured_media":0,"parent":28172,"menu_order":5,"comment_status":"closed","ping_status":"closed","template":"","meta":{"ngg_post_thumbnail":0},"_links":{"self":[{"href":"http:\/\/www.freimarianne.ch\/index.php?rest_route=\/wp\/v2\/pages\/28355"}],"collection":[{"href":"http:\/\/www.freimarianne.ch\/index.php?rest_route=\/wp\/v2\/pages"}],"about":[{"href":"http:\/\/www.freimarianne.ch\/index.php?rest_route=\/wp\/v2\/types\/page"}],"author":[{"embeddable":true,"href":"http:\/\/www.freimarianne.ch\/index.php?rest_route=\/wp\/v2\/users\/1"}],"replies":[{"embeddable":true,"href":"http:\/\/www.freimarianne.ch\/index.php?rest_route=%2Fwp%2Fv2%2Fcomments&post=28355"}],"version-history":[{"count":3,"href":"http:\/\/www.freimarianne.ch\/index.php?rest_route=\/wp\/v2\/pages\/28355\/revisions"}],"predecessor-version":[{"id":28387,"href":"http:\/\/www.freimarianne.ch\/index.php?rest_route=\/wp\/v2\/pages\/28355\/revisions\/28387"}],"up":[{"embeddable":true,"href":"http:\/\/www.freimarianne.ch\/index.php?rest_route=\/wp\/v2\/pages\/28172"}],"wp:attachment":[{"href":"http:\/\/www.freimarianne.ch\/index.php?rest_route=%2Fwp%2Fv2%2Fmedia&parent=28355"}],"curies":[{"name":"wp","href":"https:\/\/api.w.org\/{rel}","templated":true}]}}