{"id":28809,"date":"2018-02-11T10:28:06","date_gmt":"2018-02-11T09:28:06","guid":{"rendered":"http:\/\/www.freimarianne.ch\/?page_id=28809"},"modified":"2018-02-11T10:31:41","modified_gmt":"2018-02-11T09:31:41","slug":"belalp-vs-10-2-2018","status":"publish","type":"page","link":"http:\/\/www.freimarianne.ch\/?page_id=28809","title":{"rendered":"Belalp  VS  10.2.2018"},"content":{"rendered":"<p><strong>Winterwanderung auf der Belalp<\/strong><\/p>\n<p><img loading=\"lazy\" class=\"size-full wp-image-28808\" src=\"http:\/\/www.freimarianne.ch\/wp-content\/uploads\/2018\/02\/IMG_0626_belalp_500.jpg\" alt=\"\" width=\"500\" height=\"288\" srcset=\"http:\/\/www.freimarianne.ch\/wp-content\/uploads\/2018\/02\/IMG_0626_belalp_500.jpg 500w, http:\/\/www.freimarianne.ch\/wp-content\/uploads\/2018\/02\/IMG_0626_belalp_500-300x173.jpg 300w\" sizes=\"(max-width: 500px) 100vw, 500px\" \/><\/p>\n<p>tief verschneite Alpe Bel<\/p>\n<p>Der Wetterbericht stimmt heute nicht f\u00fcr die Belalp!<br \/>\nGanz kurz k\u00f6nnen wir das sonnenbeschienene Grisighorn erblicken, dann ist es wieder grau-weiss und tr\u00fcbe.<br \/>\nWir wandern auf sch\u00f6nem Schnee von der Gondelbahnstation hin\u00fcber zum Aletschbord, wo wir in einem kleinen blauen Fenster im Grau der Wolken den besonnten Aletschgletscher sehen k\u00f6nnen.<br \/>\nDies ist alles, was wir heute an Blau sehen. Die ganze Wanderung ist dominiert von den grossen Schneemassen, die auf den H\u00fctten und H\u00e4usern liegen. Wir bekommen hier ein richtiges Wintergef\u00fchl, das wir aus der Stadt so nicht erleben. Dies ist es auch, das uns in die Berge treibt!<br \/>\nAuf dem R\u00fcckweg vom Aletschbord nehem wir den unteren, eigentlichen Winterwanderweg hin\u00fcber zur Seilbahnstation und von dort zur Gondelbahn. Wir machen dann noch eine Zusatzschleife zur ebenfalls tief verschneiten B\u00e4llalp. Dann aber haben wir genug vom Schneefall und der eher tr\u00fcben Stimmung und fahren wieder nach Blatten hinunter.<\/p>\n<p><!-- index.php -->\n<div\n\tclass=\"ngg-galleryoverview ngg-ajax-pagination-none\"\n\tid=\"ngg-gallery-28845-1\">\n\n    \t<div class=\"slideshowlink\">\n        <a href='http:\/\/www.freimarianne.ch\/index.php\/nggallery\/slideshow?page_id=28809'>[Show as slideshow]<\/a>\n\t\t\n\t<\/div>\n\t\t\t<!-- Thumbnails -->\n\t\t\t\t<div id=\"ngg-image-0\" class=\"ngg-gallery-thumbnail-box\" >\n\t\t\t\t        <div class=\"ngg-gallery-thumbnail\">\n            <a href=\"http:\/\/www.freimarianne.ch\/wp-content\/gallery\/belalp-10-2-18\/IMG_0595.jpg\"\n               title=\"das Grisighorn 3177m in der Sonne\"\n               data-src=\"http:\/\/www.freimarianne.ch\/wp-content\/gallery\/belalp-10-2-18\/IMG_0595.jpg\"\n               data-thumbnail=\"http:\/\/www.freimarianne.ch\/wp-content\/gallery\/belalp-10-2-18\/thumbs\/thumbs_IMG_0595.jpg\"\n               data-image-id=\"17615\"\n               data-title=\"das Grisighorn 3177m in der Sonne\"\n               data-description=\"das Grisighorn 3177m in der Sonne\"\n               data-image-slug=\"img_0595-2\"\n               class=\"shutterset_28845\">\n                <img\n                    title=\"das Grisighorn 3177m in der Sonne\"\n                    alt=\"das Grisighorn 3177m in der Sonne\"\n                    src=\"http:\/\/www.freimarianne.ch\/wp-content\/gallery\/belalp-10-2-18\/thumbs\/thumbs_IMG_0595.jpg\"\n                    width=\"100\"\n                    height=\"75\"\n                    style=\"max-width:100%;\"\n                \/>\n            <\/a>\n        <\/div>\n\t\t\t\t\t\t\t<\/div> \n\t\t\t\n        \n\t\t\t\t<div id=\"ngg-image-1\" class=\"ngg-gallery-thumbnail-box\" >\n\t\t\t\t        <div class=\"ngg-gallery-thumbnail\">\n            <a href=\"http:\/\/www.freimarianne.ch\/wp-content\/gallery\/belalp-10-2-18\/IMG_0598.jpg\"\n               title=\"tief verschneite Belalp 2094m\"\n               data-src=\"http:\/\/www.freimarianne.ch\/wp-content\/gallery\/belalp-10-2-18\/IMG_0598.jpg\"\n               data-thumbnail=\"http:\/\/www.freimarianne.ch\/wp-content\/gallery\/belalp-10-2-18\/thumbs\/thumbs_IMG_0598.jpg\"\n               data-image-id=\"17614\"\n               data-title=\"tief verschneite Belalp 2094m\"\n               data-description=\"tief verschneite Belalp 2094m\"\n               data-image-slug=\"img_0598-2\"\n               class=\"shutterset_28845\">\n                <img\n                    title=\"tief verschneite Belalp 2094m\"\n                    alt=\"tief verschneite Belalp 2094m\"\n                    src=\"http:\/\/www.freimarianne.ch\/wp-content\/gallery\/belalp-10-2-18\/thumbs\/thumbs_IMG_0598.jpg\"\n                    width=\"100\"\n                    height=\"75\"\n                    style=\"max-width:100%;\"\n                \/>\n            <\/a>\n        <\/div>\n\t\t\t\t\t\t\t<\/div> \n\t\t\t\n        \n\t\t\t\t<div id=\"ngg-image-2\" class=\"ngg-gallery-thumbnail-box\" >\n\t\t\t\t        <div class=\"ngg-gallery-thumbnail\">\n            <a href=\"http:\/\/www.freimarianne.ch\/wp-content\/gallery\/belalp-10-2-18\/IMG_0599.jpg\"\n               title=\"tief verschneite Belalp 2094m\"\n               data-src=\"http:\/\/www.freimarianne.ch\/wp-content\/gallery\/belalp-10-2-18\/IMG_0599.jpg\"\n               data-thumbnail=\"http:\/\/www.freimarianne.ch\/wp-content\/gallery\/belalp-10-2-18\/thumbs\/thumbs_IMG_0599.jpg\"\n               data-image-id=\"17613\"\n               data-title=\"tief verschneite Belalp 2094m\"\n               data-description=\"tief verschneite Belalp 2094m\"\n               data-image-slug=\"img_0599\"\n               class=\"shutterset_28845\">\n                <img\n                    title=\"tief verschneite Belalp 2094m\"\n                    alt=\"tief verschneite Belalp 2094m\"\n                    src=\"http:\/\/www.freimarianne.ch\/wp-content\/gallery\/belalp-10-2-18\/thumbs\/thumbs_IMG_0599.jpg\"\n                    width=\"100\"\n                    height=\"75\"\n                    style=\"max-width:100%;\"\n                \/>\n            <\/a>\n        <\/div>\n\t\t\t\t\t\t\t<\/div> \n\t\t\t\n        \n\t\t\t\t<div id=\"ngg-image-3\" class=\"ngg-gallery-thumbnail-box\" >\n\t\t\t\t        <div class=\"ngg-gallery-thumbnail\">\n            <a href=\"http:\/\/www.freimarianne.ch\/wp-content\/gallery\/belalp-10-2-18\/IMG_0602.jpg\"\n               title=\"Bruni vor dem Aletschbord\"\n               data-src=\"http:\/\/www.freimarianne.ch\/wp-content\/gallery\/belalp-10-2-18\/IMG_0602.jpg\"\n               data-thumbnail=\"http:\/\/www.freimarianne.ch\/wp-content\/gallery\/belalp-10-2-18\/thumbs\/thumbs_IMG_0602.jpg\"\n               data-image-id=\"17612\"\n               data-title=\"Bruni vor dem Aletschbord\"\n               data-description=\"Bruni vor dem Aletschbord\"\n               data-image-slug=\"img_0602-3\"\n               class=\"shutterset_28845\">\n                <img\n                    title=\"Bruni vor dem Aletschbord\"\n                    alt=\"Bruni vor dem Aletschbord\"\n                    src=\"http:\/\/www.freimarianne.ch\/wp-content\/gallery\/belalp-10-2-18\/thumbs\/thumbs_IMG_0602.jpg\"\n                    width=\"100\"\n                    height=\"75\"\n                    style=\"max-width:100%;\"\n                \/>\n            <\/a>\n        <\/div>\n\t\t\t\t\t\t\t<\/div> \n\t\t\t\n        \n\t\t\t\t<div id=\"ngg-image-4\" class=\"ngg-gallery-thumbnail-box\" >\n\t\t\t\t        <div class=\"ngg-gallery-thumbnail\">\n            <a href=\"http:\/\/www.freimarianne.ch\/wp-content\/gallery\/belalp-10-2-18\/IMG_0606.jpg\"\n               title=\"Kapelle am Aletschbord\"\n               data-src=\"http:\/\/www.freimarianne.ch\/wp-content\/gallery\/belalp-10-2-18\/IMG_0606.jpg\"\n               data-thumbnail=\"http:\/\/www.freimarianne.ch\/wp-content\/gallery\/belalp-10-2-18\/thumbs\/thumbs_IMG_0606.jpg\"\n               data-image-id=\"17611\"\n               data-title=\"Kapelle am Aletschbord\"\n               data-description=\"Kapelle am Aletschbord\"\n               data-image-slug=\"img_0606-1\"\n               class=\"shutterset_28845\">\n                <img\n                    title=\"Kapelle am Aletschbord\"\n                    alt=\"Kapelle am Aletschbord\"\n                    src=\"http:\/\/www.freimarianne.ch\/wp-content\/gallery\/belalp-10-2-18\/thumbs\/thumbs_IMG_0606.jpg\"\n                    width=\"100\"\n                    height=\"75\"\n                    style=\"max-width:100%;\"\n                \/>\n            <\/a>\n        <\/div>\n\t\t\t\t\t\t\t<\/div> \n\t\t\t\n        \n\t\t\t\t<div id=\"ngg-image-5\" class=\"ngg-gallery-thumbnail-box\" >\n\t\t\t\t        <div class=\"ngg-gallery-thumbnail\">\n            <a href=\"http:\/\/www.freimarianne.ch\/wp-content\/gallery\/belalp-10-2-18\/IMG_0608.jpg\"\n               title=\"der Aletschgletscher mit Eggishorn\"\n               data-src=\"http:\/\/www.freimarianne.ch\/wp-content\/gallery\/belalp-10-2-18\/IMG_0608.jpg\"\n               data-thumbnail=\"http:\/\/www.freimarianne.ch\/wp-content\/gallery\/belalp-10-2-18\/thumbs\/thumbs_IMG_0608.jpg\"\n               data-image-id=\"17610\"\n               data-title=\"der Aletschgletscher mit Eggishorn\"\n               data-description=\"der Aletschgletscher mit Eggishorn\"\n               data-image-slug=\"img_0608-5\"\n               class=\"shutterset_28845\">\n                <img\n                    title=\"der Aletschgletscher mit Eggishorn\"\n                    alt=\"der Aletschgletscher mit Eggishorn\"\n                    src=\"http:\/\/www.freimarianne.ch\/wp-content\/gallery\/belalp-10-2-18\/thumbs\/thumbs_IMG_0608.jpg\"\n                    width=\"100\"\n                    height=\"75\"\n                    style=\"max-width:100%;\"\n                \/>\n            <\/a>\n        <\/div>\n\t\t\t\t\t\t\t<\/div> \n\t\t\t\n        \n\t\t\t\t<div id=\"ngg-image-6\" class=\"ngg-gallery-thumbnail-box\" >\n\t\t\t\t        <div class=\"ngg-gallery-thumbnail\">\n            <a href=\"http:\/\/www.freimarianne.ch\/wp-content\/gallery\/belalp-10-2-18\/IMG_0612.jpg\"\n               title=\"der Aletschgletscher im Zoom\"\n               data-src=\"http:\/\/www.freimarianne.ch\/wp-content\/gallery\/belalp-10-2-18\/IMG_0612.jpg\"\n               data-thumbnail=\"http:\/\/www.freimarianne.ch\/wp-content\/gallery\/belalp-10-2-18\/thumbs\/thumbs_IMG_0612.jpg\"\n               data-image-id=\"17609\"\n               data-title=\"der Aletschgletscher im Zoom\"\n               data-description=\"der Aletschgletscher im Zoom\"\n               data-image-slug=\"img_0612-2\"\n               class=\"shutterset_28845\">\n                <img\n                    title=\"der Aletschgletscher im Zoom\"\n                    alt=\"der Aletschgletscher im Zoom\"\n                    src=\"http:\/\/www.freimarianne.ch\/wp-content\/gallery\/belalp-10-2-18\/thumbs\/thumbs_IMG_0612.jpg\"\n                    width=\"100\"\n                    height=\"75\"\n                    style=\"max-width:100%;\"\n                \/>\n            <\/a>\n        <\/div>\n\t\t\t\t\t\t\t<\/div> \n\t\t\t\n        \n\t\t\t\t<div id=\"ngg-image-7\" class=\"ngg-gallery-thumbnail-box\" >\n\t\t\t\t        <div class=\"ngg-gallery-thumbnail\">\n            <a href=\"http:\/\/www.freimarianne.ch\/wp-content\/gallery\/belalp-10-2-18\/IMG_0614.jpg\"\n               title=\"Marianne vor dem Aletschgletscher\"\n               data-src=\"http:\/\/www.freimarianne.ch\/wp-content\/gallery\/belalp-10-2-18\/IMG_0614.jpg\"\n               data-thumbnail=\"http:\/\/www.freimarianne.ch\/wp-content\/gallery\/belalp-10-2-18\/thumbs\/thumbs_IMG_0614.jpg\"\n               data-image-id=\"17608\"\n               data-title=\"Marianne vor dem Aletschgletscher\"\n               data-description=\"Marianne vor dem Aletschgletscher\"\n               data-image-slug=\"img_0614-1\"\n               class=\"shutterset_28845\">\n                <img\n                    title=\"Marianne vor dem Aletschgletscher\"\n                    alt=\"Marianne vor dem Aletschgletscher\"\n                    src=\"http:\/\/www.freimarianne.ch\/wp-content\/gallery\/belalp-10-2-18\/thumbs\/thumbs_IMG_0614.jpg\"\n                    width=\"100\"\n                    height=\"75\"\n                    style=\"max-width:100%;\"\n                \/>\n            <\/a>\n        <\/div>\n\t\t\t\t\t\t\t<\/div> \n\t\t\t\n        \n\t\t\t\t<div id=\"ngg-image-8\" class=\"ngg-gallery-thumbnail-box\" >\n\t\t\t\t        <div class=\"ngg-gallery-thumbnail\">\n            <a href=\"http:\/\/www.freimarianne.ch\/wp-content\/gallery\/belalp-10-2-18\/IMG_0615.jpg\"\n               title=\"tief verschneite Belalp 2094m\"\n               data-src=\"http:\/\/www.freimarianne.ch\/wp-content\/gallery\/belalp-10-2-18\/IMG_0615.jpg\"\n               data-thumbnail=\"http:\/\/www.freimarianne.ch\/wp-content\/gallery\/belalp-10-2-18\/thumbs\/thumbs_IMG_0615.jpg\"\n               data-image-id=\"17607\"\n               data-title=\"tief verschneite Belalp 2094m\"\n               data-description=\"tief verschneite Belalp 2094m\"\n               data-image-slug=\"img_0615-6\"\n               class=\"shutterset_28845\">\n                <img\n                    title=\"tief verschneite Belalp 2094m\"\n                    alt=\"tief verschneite Belalp 2094m\"\n                    src=\"http:\/\/www.freimarianne.ch\/wp-content\/gallery\/belalp-10-2-18\/thumbs\/thumbs_IMG_0615.jpg\"\n                    width=\"100\"\n                    height=\"75\"\n                    style=\"max-width:100%;\"\n                \/>\n            <\/a>\n        <\/div>\n\t\t\t\t\t\t\t<\/div> \n\t\t\t\n        \n\t\t\t\t<div id=\"ngg-image-9\" class=\"ngg-gallery-thumbnail-box\" >\n\t\t\t\t        <div class=\"ngg-gallery-thumbnail\">\n            <a href=\"http:\/\/www.freimarianne.ch\/wp-content\/gallery\/belalp-10-2-18\/IMG_0618.jpg\"\n               title=\"tief verschneite Belalp 2094m\"\n               data-src=\"http:\/\/www.freimarianne.ch\/wp-content\/gallery\/belalp-10-2-18\/IMG_0618.jpg\"\n               data-thumbnail=\"http:\/\/www.freimarianne.ch\/wp-content\/gallery\/belalp-10-2-18\/thumbs\/thumbs_IMG_0618.jpg\"\n               data-image-id=\"17606\"\n               data-title=\"tief verschneite Belalp 2094m\"\n               data-description=\"tief verschneite Belalp 2094m\"\n               data-image-slug=\"img_0618-4\"\n               class=\"shutterset_28845\">\n                <img\n                    title=\"tief verschneite Belalp 2094m\"\n                    alt=\"tief verschneite Belalp 2094m\"\n                    src=\"http:\/\/www.freimarianne.ch\/wp-content\/gallery\/belalp-10-2-18\/thumbs\/thumbs_IMG_0618.jpg\"\n                    width=\"100\"\n                    height=\"75\"\n                    style=\"max-width:100%;\"\n                \/>\n            <\/a>\n        <\/div>\n\t\t\t\t\t\t\t<\/div> \n\t\t\t\n        \n\t\t\t\t<div id=\"ngg-image-10\" class=\"ngg-gallery-thumbnail-box\" >\n\t\t\t\t        <div class=\"ngg-gallery-thumbnail\">\n            <a href=\"http:\/\/www.freimarianne.ch\/wp-content\/gallery\/belalp-10-2-18\/IMG_0621.jpg\"\n               title=\"Aletschbord\"\n               data-src=\"http:\/\/www.freimarianne.ch\/wp-content\/gallery\/belalp-10-2-18\/IMG_0621.jpg\"\n               data-thumbnail=\"http:\/\/www.freimarianne.ch\/wp-content\/gallery\/belalp-10-2-18\/thumbs\/thumbs_IMG_0621.jpg\"\n               data-image-id=\"17605\"\n               data-title=\"Aletschbord\"\n               data-description=\"Aletschbord\"\n               data-image-slug=\"img_0621-4\"\n               class=\"shutterset_28845\">\n                <img\n                    title=\"Aletschbord\"\n                    alt=\"Aletschbord\"\n                    src=\"http:\/\/www.freimarianne.ch\/wp-content\/gallery\/belalp-10-2-18\/thumbs\/thumbs_IMG_0621.jpg\"\n                    width=\"100\"\n                    height=\"75\"\n                    style=\"max-width:100%;\"\n                \/>\n            <\/a>\n        <\/div>\n\t\t\t\t\t\t\t<\/div> \n\t\t\t\n        \n\t\t\t\t<div id=\"ngg-image-11\" class=\"ngg-gallery-thumbnail-box\" >\n\t\t\t\t        <div class=\"ngg-gallery-thumbnail\">\n            <a href=\"http:\/\/www.freimarianne.ch\/wp-content\/gallery\/belalp-10-2-18\/IMG_0622.jpg\"\n               title=\"tief verschneite Alpe Bel\"\n               data-src=\"http:\/\/www.freimarianne.ch\/wp-content\/gallery\/belalp-10-2-18\/IMG_0622.jpg\"\n               data-thumbnail=\"http:\/\/www.freimarianne.ch\/wp-content\/gallery\/belalp-10-2-18\/thumbs\/thumbs_IMG_0622.jpg\"\n               data-image-id=\"17604\"\n               data-title=\"tief verschneite Alpe Bel\"\n               data-description=\"tief verschneite Alpe Bel\"\n               data-image-slug=\"img_0622-4\"\n               class=\"shutterset_28845\">\n                <img\n                    title=\"tief verschneite Alpe Bel\"\n                    alt=\"tief verschneite Alpe Bel\"\n                    src=\"http:\/\/www.freimarianne.ch\/wp-content\/gallery\/belalp-10-2-18\/thumbs\/thumbs_IMG_0622.jpg\"\n                    width=\"100\"\n                    height=\"75\"\n                    style=\"max-width:100%;\"\n                \/>\n            <\/a>\n        <\/div>\n\t\t\t\t\t\t\t<\/div> \n\t\t\t\n        \n\t\t\t\t<div id=\"ngg-image-12\" class=\"ngg-gallery-thumbnail-box\" >\n\t\t\t\t        <div class=\"ngg-gallery-thumbnail\">\n            <a href=\"http:\/\/www.freimarianne.ch\/wp-content\/gallery\/belalp-10-2-18\/IMG_0624.jpg\"\n               title=\"tief verschneite Alpe Bel\"\n               data-src=\"http:\/\/www.freimarianne.ch\/wp-content\/gallery\/belalp-10-2-18\/IMG_0624.jpg\"\n               data-thumbnail=\"http:\/\/www.freimarianne.ch\/wp-content\/gallery\/belalp-10-2-18\/thumbs\/thumbs_IMG_0624.jpg\"\n               data-image-id=\"17603\"\n               data-title=\"tief verschneite Alpe Bel\"\n               data-description=\"tief verschneite Alpe Bel\"\n               data-image-slug=\"img_0624-2\"\n               class=\"shutterset_28845\">\n                <img\n                    title=\"tief verschneite Alpe Bel\"\n                    alt=\"tief verschneite Alpe Bel\"\n                    src=\"http:\/\/www.freimarianne.ch\/wp-content\/gallery\/belalp-10-2-18\/thumbs\/thumbs_IMG_0624.jpg\"\n                    width=\"100\"\n                    height=\"75\"\n                    style=\"max-width:100%;\"\n                \/>\n            <\/a>\n        <\/div>\n\t\t\t\t\t\t\t<\/div> \n\t\t\t\n        \n\t\t\t\t<div id=\"ngg-image-13\" class=\"ngg-gallery-thumbnail-box\" >\n\t\t\t\t        <div class=\"ngg-gallery-thumbnail\">\n            <a href=\"http:\/\/www.freimarianne.ch\/wp-content\/gallery\/belalp-10-2-18\/IMG_0629.jpg\"\n               title=\"tief verschneite Alpe Bel\"\n               data-src=\"http:\/\/www.freimarianne.ch\/wp-content\/gallery\/belalp-10-2-18\/IMG_0629.jpg\"\n               data-thumbnail=\"http:\/\/www.freimarianne.ch\/wp-content\/gallery\/belalp-10-2-18\/thumbs\/thumbs_IMG_0629.jpg\"\n               data-image-id=\"17602\"\n               data-title=\"tief verschneite Alpe Bel\"\n               data-description=\"tief verschneite Alpe Bel\"\n               data-image-slug=\"img_0629-6\"\n               class=\"shutterset_28845\">\n                <img\n                    title=\"tief verschneite Alpe Bel\"\n                    alt=\"tief verschneite Alpe Bel\"\n                    src=\"http:\/\/www.freimarianne.ch\/wp-content\/gallery\/belalp-10-2-18\/thumbs\/thumbs_IMG_0629.jpg\"\n                    width=\"100\"\n                    height=\"75\"\n                    style=\"max-width:100%;\"\n                \/>\n            <\/a>\n        <\/div>\n\t\t\t\t\t\t\t<\/div> \n\t\t\t\n        \n\t\t\t\t<div id=\"ngg-image-14\" class=\"ngg-gallery-thumbnail-box\" >\n\t\t\t\t        <div class=\"ngg-gallery-thumbnail\">\n            <a href=\"http:\/\/www.freimarianne.ch\/wp-content\/gallery\/belalp-10-2-18\/IMG_0631.jpg\"\n               title=\"tief verschneite Alpe Bel\"\n               data-src=\"http:\/\/www.freimarianne.ch\/wp-content\/gallery\/belalp-10-2-18\/IMG_0631.jpg\"\n               data-thumbnail=\"http:\/\/www.freimarianne.ch\/wp-content\/gallery\/belalp-10-2-18\/thumbs\/thumbs_IMG_0631.jpg\"\n               data-image-id=\"17601\"\n               data-title=\"tief verschneite Alpe Bel\"\n               data-description=\"tief verschneite Alpe Bel\"\n               data-image-slug=\"img_0631-5\"\n               class=\"shutterset_28845\">\n                <img\n                    title=\"tief verschneite Alpe Bel\"\n                    alt=\"tief verschneite Alpe Bel\"\n                    src=\"http:\/\/www.freimarianne.ch\/wp-content\/gallery\/belalp-10-2-18\/thumbs\/thumbs_IMG_0631.jpg\"\n                    width=\"100\"\n                    height=\"75\"\n                    style=\"max-width:100%;\"\n                \/>\n            <\/a>\n        <\/div>\n\t\t\t\t\t\t\t<\/div> \n\t\t\t\n        \n\t\t\t\t<div id=\"ngg-image-15\" class=\"ngg-gallery-thumbnail-box\" >\n\t\t\t\t        <div class=\"ngg-gallery-thumbnail\">\n            <a href=\"http:\/\/www.freimarianne.ch\/wp-content\/gallery\/belalp-10-2-18\/IMG_0632.jpg\"\n               title=\"tief verschneite Alpe Bel\"\n               data-src=\"http:\/\/www.freimarianne.ch\/wp-content\/gallery\/belalp-10-2-18\/IMG_0632.jpg\"\n               data-thumbnail=\"http:\/\/www.freimarianne.ch\/wp-content\/gallery\/belalp-10-2-18\/thumbs\/thumbs_IMG_0632.jpg\"\n               data-image-id=\"17600\"\n               data-title=\"tief verschneite Alpe Bel\"\n               data-description=\"tief verschneite Alpe Bel\"\n               data-image-slug=\"img_0632-2\"\n               class=\"shutterset_28845\">\n                <img\n                    title=\"tief verschneite Alpe Bel\"\n                    alt=\"tief verschneite Alpe Bel\"\n                    src=\"http:\/\/www.freimarianne.ch\/wp-content\/gallery\/belalp-10-2-18\/thumbs\/thumbs_IMG_0632.jpg\"\n                    width=\"100\"\n                    height=\"75\"\n                    style=\"max-width:100%;\"\n                \/>\n            <\/a>\n        <\/div>\n\t\t\t\t\t\t\t<\/div> \n\t\t\t\n        \n\t\t\n\t\t<!-- Pagination -->\n\t<div class='ngg-clear'><\/div>\t<\/div>\n<\/p>\n","protected":false},"excerpt":{"rendered":"<p>Winterwanderung auf der Belalp tief verschneite Alpe Bel Der Wetterbericht stimmt heute nicht f\u00fcr die Belalp! Ganz kurz k\u00f6nnen wir das sonnenbeschienene Grisighorn erblicken, dann ist es wieder grau-weiss und tr\u00fcbe. Wir wandern auf sch\u00f6nem Schnee von der Gondelbahnstation hin\u00fcber zum Aletschbord, wo wir in einem kleinen blauen Fenster im Grau der Wolken den besonnten [&hellip;]<\/p>\n","protected":false},"author":1,"featured_media":0,"parent":28172,"menu_order":14,"comment_status":"closed","ping_status":"closed","template":"","meta":{"ngg_post_thumbnail":0},"_links":{"self":[{"href":"http:\/\/www.freimarianne.ch\/index.php?rest_route=\/wp\/v2\/pages\/28809"}],"collection":[{"href":"http:\/\/www.freimarianne.ch\/index.php?rest_route=\/wp\/v2\/pages"}],"about":[{"href":"http:\/\/www.freimarianne.ch\/index.php?rest_route=\/wp\/v2\/types\/page"}],"author":[{"embeddable":true,"href":"http:\/\/www.freimarianne.ch\/index.php?rest_route=\/wp\/v2\/users\/1"}],"replies":[{"embeddable":true,"href":"http:\/\/www.freimarianne.ch\/index.php?rest_route=%2Fwp%2Fv2%2Fcomments&post=28809"}],"version-history":[{"count":2,"href":"http:\/\/www.freimarianne.ch\/index.php?rest_route=\/wp\/v2\/pages\/28809\/revisions"}],"predecessor-version":[{"id":28846,"href":"http:\/\/www.freimarianne.ch\/index.php?rest_route=\/wp\/v2\/pages\/28809\/revisions\/28846"}],"up":[{"embeddable":true,"href":"http:\/\/www.freimarianne.ch\/index.php?rest_route=\/wp\/v2\/pages\/28172"}],"wp:attachment":[{"href":"http:\/\/www.freimarianne.ch\/index.php?rest_route=%2Fwp%2Fv2%2Fmedia&parent=28809"}],"curies":[{"name":"wp","href":"https:\/\/api.w.org\/{rel}","templated":true}]}}