{"id":30042,"date":"2018-06-03T09:29:46","date_gmt":"2018-06-03T08:29:46","guid":{"rendered":"http:\/\/www.freimarianne.ch\/?page_id=30042"},"modified":"2018-06-06T16:34:40","modified_gmt":"2018-06-06T15:34:40","slug":"kykladen-15-5-2018","status":"publish","type":"page","link":"http:\/\/www.freimarianne.ch\/?page_id=30042","title":{"rendered":"Kykladen 15.5.2018"},"content":{"rendered":"<p><strong>15.5.2018 Santorin<\/strong><br \/>\n<strong>Besuch der Ausgrabungen von Akotiri und Strandwanderung nach Perissa<\/strong><\/p>\n<p><img loading=\"lazy\" class=\"size-full wp-image-30072\" src=\"http:\/\/www.freimarianne.ch\/wp-content\/uploads\/2018\/06\/IMG_4462_15.5.18_500.jpg\" alt=\"\" width=\"500\" height=\"375\" srcset=\"http:\/\/www.freimarianne.ch\/wp-content\/uploads\/2018\/06\/IMG_4462_15.5.18_500.jpg 500w, http:\/\/www.freimarianne.ch\/wp-content\/uploads\/2018\/06\/IMG_4462_15.5.18_500-300x225.jpg 300w, http:\/\/www.freimarianne.ch\/wp-content\/uploads\/2018\/06\/IMG_4462_15.5.18_500-400x300.jpg 400w\" sizes=\"(max-width: 500px) 100vw, 500px\" \/><\/p>\n<p>Nach dem Morgenessen draussen am Swimmingpool fahren wir mit dem Bus nach Akrotiri, wo wir die Ausgrabungen besuchen. Es folgt eine teilweise abenteuerliche Standwanderung der Steilk\u00fcste entlang, wobei wir zeitweise unsere Schuhe ausziehen m\u00fcssen, um weiter zu kommen. Unterwegs k\u00f6nnen wir baden und dann erholen wir uns in einer Strandkneipe von der Hitze. Der restliche Abschnitt der Wanderung erfolgt zum gr\u00f6ssten Teil auf Hartbelag, was uns allen sehr zusetzt. Um in Perissa ins Boot zu gelangen, m\u00fcssen wieder die Schuhe ausgezogen werden!<br \/>\nIn Kamari gitb es dann noch ein erfrischendes Bad und wieder ein sehr gutes Nachtessen.<\/p>\n<p><!-- index.php -->\n<div\n\tclass=\"ngg-galleryoverview ngg-ajax-pagination-none\"\n\tid=\"ngg-gallery-30952-1\">\n\n    \t<div class=\"slideshowlink\">\n        <a href='http:\/\/www.freimarianne.ch\/index.php\/nggallery\/slideshow?page_id=30042'>[Show as slideshow]<\/a>\n\t\t\n\t<\/div>\n\t\t\t<!-- Thumbnails -->\n\t\t\t\t<div id=\"ngg-image-0\" class=\"ngg-gallery-thumbnail-box\" >\n\t\t\t\t        <div class=\"ngg-gallery-thumbnail\">\n            <a href=\"http:\/\/www.freimarianne.ch\/wp-content\/gallery\/kykladen-15-5-18\/IMG_4457.jpg\"\n               title=\"Wanderung am Strand entlang nach Vlychada\"\n               data-src=\"http:\/\/www.freimarianne.ch\/wp-content\/gallery\/kykladen-15-5-18\/IMG_4457.jpg\"\n               data-thumbnail=\"http:\/\/www.freimarianne.ch\/wp-content\/gallery\/kykladen-15-5-18\/thumbs\/thumbs_IMG_4457.jpg\"\n               data-image-id=\"18115\"\n               data-title=\"Wanderung am Strand entlang nach Vlychada\"\n               data-description=\"Wanderung am Strand entlang nach Vlychada\"\n               data-image-slug=\"img_4457\"\n               class=\"shutterset_30952\">\n                <img\n                    title=\"Wanderung am Strand entlang nach Vlychada\"\n                    alt=\"Wanderung am Strand entlang nach Vlychada\"\n                    src=\"http:\/\/www.freimarianne.ch\/wp-content\/gallery\/kykladen-15-5-18\/thumbs\/thumbs_IMG_4457.jpg\"\n                    width=\"100\"\n                    height=\"75\"\n                    style=\"max-width:100%;\"\n                \/>\n            <\/a>\n        <\/div>\n\t\t\t\t\t\t\t<\/div> \n\t\t\t\n        \n\t\t\t\t<div id=\"ngg-image-1\" class=\"ngg-gallery-thumbnail-box\" >\n\t\t\t\t        <div class=\"ngg-gallery-thumbnail\">\n            <a href=\"http:\/\/www.freimarianne.ch\/wp-content\/gallery\/kykladen-15-5-18\/IMG_4459.jpg\"\n               title=\"schwieriger  Durchgang\"\n               data-src=\"http:\/\/www.freimarianne.ch\/wp-content\/gallery\/kykladen-15-5-18\/IMG_4459.jpg\"\n               data-thumbnail=\"http:\/\/www.freimarianne.ch\/wp-content\/gallery\/kykladen-15-5-18\/thumbs\/thumbs_IMG_4459.jpg\"\n               data-image-id=\"18114\"\n               data-title=\"schwieriger  Durchgang\"\n               data-description=\"schwieriger  Durchgang\"\n               data-image-slug=\"img_4459-1\"\n               class=\"shutterset_30952\">\n                <img\n                    title=\"schwieriger  Durchgang\"\n                    alt=\"schwieriger  Durchgang\"\n                    src=\"http:\/\/www.freimarianne.ch\/wp-content\/gallery\/kykladen-15-5-18\/thumbs\/thumbs_IMG_4459.jpg\"\n                    width=\"100\"\n                    height=\"75\"\n                    style=\"max-width:100%;\"\n                \/>\n            <\/a>\n        <\/div>\n\t\t\t\t\t\t\t<\/div> \n\t\t\t\n        \n\t\t\t\t<div id=\"ngg-image-2\" class=\"ngg-gallery-thumbnail-box\" >\n\t\t\t\t        <div class=\"ngg-gallery-thumbnail\">\n            <a href=\"http:\/\/www.freimarianne.ch\/wp-content\/gallery\/kykladen-15-5-18\/IMG_4460.jpg\"\n               title=\"schwieriger  Durchgang\"\n               data-src=\"http:\/\/www.freimarianne.ch\/wp-content\/gallery\/kykladen-15-5-18\/IMG_4460.jpg\"\n               data-thumbnail=\"http:\/\/www.freimarianne.ch\/wp-content\/gallery\/kykladen-15-5-18\/thumbs\/thumbs_IMG_4460.jpg\"\n               data-image-id=\"18113\"\n               data-title=\"schwieriger  Durchgang\"\n               data-description=\"schwieriger  Durchgang\"\n               data-image-slug=\"img_4460-2\"\n               class=\"shutterset_30952\">\n                <img\n                    title=\"schwieriger  Durchgang\"\n                    alt=\"schwieriger  Durchgang\"\n                    src=\"http:\/\/www.freimarianne.ch\/wp-content\/gallery\/kykladen-15-5-18\/thumbs\/thumbs_IMG_4460.jpg\"\n                    width=\"100\"\n                    height=\"75\"\n                    style=\"max-width:100%;\"\n                \/>\n            <\/a>\n        <\/div>\n\t\t\t\t\t\t\t<\/div> \n\t\t\t\n        \n\t\t\t\t<div id=\"ngg-image-3\" class=\"ngg-gallery-thumbnail-box\" >\n\t\t\t\t        <div class=\"ngg-gallery-thumbnail\">\n            <a href=\"http:\/\/www.freimarianne.ch\/wp-content\/gallery\/kykladen-15-5-18\/IMG_4462.jpg\"\n               title=\"schwieriger  Durchgang\"\n               data-src=\"http:\/\/www.freimarianne.ch\/wp-content\/gallery\/kykladen-15-5-18\/IMG_4462.jpg\"\n               data-thumbnail=\"http:\/\/www.freimarianne.ch\/wp-content\/gallery\/kykladen-15-5-18\/thumbs\/thumbs_IMG_4462.jpg\"\n               data-image-id=\"18112\"\n               data-title=\"schwieriger  Durchgang\"\n               data-description=\"schwieriger  Durchgang\"\n               data-image-slug=\"img_4462-4\"\n               class=\"shutterset_30952\">\n                <img\n                    title=\"schwieriger  Durchgang\"\n                    alt=\"schwieriger  Durchgang\"\n                    src=\"http:\/\/www.freimarianne.ch\/wp-content\/gallery\/kykladen-15-5-18\/thumbs\/thumbs_IMG_4462.jpg\"\n                    width=\"100\"\n                    height=\"75\"\n                    style=\"max-width:100%;\"\n                \/>\n            <\/a>\n        <\/div>\n\t\t\t\t\t\t\t<\/div> \n\t\t\t\n        \n\t\t\t\t<div id=\"ngg-image-4\" class=\"ngg-gallery-thumbnail-box\" >\n\t\t\t\t        <div class=\"ngg-gallery-thumbnail\">\n            <a href=\"http:\/\/www.freimarianne.ch\/wp-content\/gallery\/kykladen-15-5-18\/IMG_4463.jpg\"\n               title=\"schwieriger  Durchgang\"\n               data-src=\"http:\/\/www.freimarianne.ch\/wp-content\/gallery\/kykladen-15-5-18\/IMG_4463.jpg\"\n               data-thumbnail=\"http:\/\/www.freimarianne.ch\/wp-content\/gallery\/kykladen-15-5-18\/thumbs\/thumbs_IMG_4463.jpg\"\n               data-image-id=\"18111\"\n               data-title=\"schwieriger  Durchgang\"\n               data-description=\"schwieriger  Durchgang\"\n               data-image-slug=\"img_4463\"\n               class=\"shutterset_30952\">\n                <img\n                    title=\"schwieriger  Durchgang\"\n                    alt=\"schwieriger  Durchgang\"\n                    src=\"http:\/\/www.freimarianne.ch\/wp-content\/gallery\/kykladen-15-5-18\/thumbs\/thumbs_IMG_4463.jpg\"\n                    width=\"100\"\n                    height=\"75\"\n                    style=\"max-width:100%;\"\n                \/>\n            <\/a>\n        <\/div>\n\t\t\t\t\t\t\t<\/div> \n\t\t\t\n        \n\t\t\t\t<div id=\"ngg-image-5\" class=\"ngg-gallery-thumbnail-box\" >\n\t\t\t\t        <div class=\"ngg-gallery-thumbnail\">\n            <a href=\"http:\/\/www.freimarianne.ch\/wp-content\/gallery\/kykladen-15-5-18\/IMG_4464.jpg\"\n               title=\"schwieriger  Durchgang\"\n               data-src=\"http:\/\/www.freimarianne.ch\/wp-content\/gallery\/kykladen-15-5-18\/IMG_4464.jpg\"\n               data-thumbnail=\"http:\/\/www.freimarianne.ch\/wp-content\/gallery\/kykladen-15-5-18\/thumbs\/thumbs_IMG_4464.jpg\"\n               data-image-id=\"18110\"\n               data-title=\"schwieriger  Durchgang\"\n               data-description=\"schwieriger  Durchgang\"\n               data-image-slug=\"img_4464-1\"\n               class=\"shutterset_30952\">\n                <img\n                    title=\"schwieriger  Durchgang\"\n                    alt=\"schwieriger  Durchgang\"\n                    src=\"http:\/\/www.freimarianne.ch\/wp-content\/gallery\/kykladen-15-5-18\/thumbs\/thumbs_IMG_4464.jpg\"\n                    width=\"100\"\n                    height=\"75\"\n                    style=\"max-width:100%;\"\n                \/>\n            <\/a>\n        <\/div>\n\t\t\t\t\t\t\t<\/div> \n\t\t\t\n        \n\t\t\t\t<div id=\"ngg-image-6\" class=\"ngg-gallery-thumbnail-box\" >\n\t\t\t\t        <div class=\"ngg-gallery-thumbnail\">\n            <a href=\"http:\/\/www.freimarianne.ch\/wp-content\/gallery\/kykladen-15-5-18\/IMG_4469.jpg\"\n               title=\"schwieriger  Durchgang\"\n               data-src=\"http:\/\/www.freimarianne.ch\/wp-content\/gallery\/kykladen-15-5-18\/IMG_4469.jpg\"\n               data-thumbnail=\"http:\/\/www.freimarianne.ch\/wp-content\/gallery\/kykladen-15-5-18\/thumbs\/thumbs_IMG_4469.jpg\"\n               data-image-id=\"18109\"\n               data-title=\"schwieriger  Durchgang\"\n               data-description=\"schwieriger  Durchgang\"\n               data-image-slug=\"img_4469\"\n               class=\"shutterset_30952\">\n                <img\n                    title=\"schwieriger  Durchgang\"\n                    alt=\"schwieriger  Durchgang\"\n                    src=\"http:\/\/www.freimarianne.ch\/wp-content\/gallery\/kykladen-15-5-18\/thumbs\/thumbs_IMG_4469.jpg\"\n                    width=\"100\"\n                    height=\"75\"\n                    style=\"max-width:100%;\"\n                \/>\n            <\/a>\n        <\/div>\n\t\t\t\t\t\t\t<\/div> \n\t\t\t\n        \n\t\t\t\t<div id=\"ngg-image-7\" class=\"ngg-gallery-thumbnail-box\" >\n\t\t\t\t        <div class=\"ngg-gallery-thumbnail\">\n            <a href=\"http:\/\/www.freimarianne.ch\/wp-content\/gallery\/kykladen-15-5-18\/IMG_4471.jpg\"\n               title=\"schwieriger  Durchgang\"\n               data-src=\"http:\/\/www.freimarianne.ch\/wp-content\/gallery\/kykladen-15-5-18\/IMG_4471.jpg\"\n               data-thumbnail=\"http:\/\/www.freimarianne.ch\/wp-content\/gallery\/kykladen-15-5-18\/thumbs\/thumbs_IMG_4471.jpg\"\n               data-image-id=\"18108\"\n               data-title=\"schwieriger  Durchgang\"\n               data-description=\"schwieriger  Durchgang\"\n               data-image-slug=\"img_4471\"\n               class=\"shutterset_30952\">\n                <img\n                    title=\"schwieriger  Durchgang\"\n                    alt=\"schwieriger  Durchgang\"\n                    src=\"http:\/\/www.freimarianne.ch\/wp-content\/gallery\/kykladen-15-5-18\/thumbs\/thumbs_IMG_4471.jpg\"\n                    width=\"100\"\n                    height=\"75\"\n                    style=\"max-width:100%;\"\n                \/>\n            <\/a>\n        <\/div>\n\t\t\t\t\t\t\t<\/div> \n\t\t\t\n        \n\t\t\t\t<div id=\"ngg-image-8\" class=\"ngg-gallery-thumbnail-box\" >\n\t\t\t\t        <div class=\"ngg-gallery-thumbnail\">\n            <a href=\"http:\/\/www.freimarianne.ch\/wp-content\/gallery\/kykladen-15-5-18\/IMG_4473.jpg\"\n               title=\"Taverne  mit eindr\u00fccklicher Kulisse\"\n               data-src=\"http:\/\/www.freimarianne.ch\/wp-content\/gallery\/kykladen-15-5-18\/IMG_4473.jpg\"\n               data-thumbnail=\"http:\/\/www.freimarianne.ch\/wp-content\/gallery\/kykladen-15-5-18\/thumbs\/thumbs_IMG_4473.jpg\"\n               data-image-id=\"18107\"\n               data-title=\"Taverne  mit eindr\u00c3\u00bccklicher Kulisse\"\n               data-description=\"Taverne  mit eindr\u00fccklicher Kulisse\"\n               data-image-slug=\"img_4473-1\"\n               class=\"shutterset_30952\">\n                <img\n                    title=\"Taverne  mit eindr\u00c3\u00bccklicher Kulisse\"\n                    alt=\"Taverne  mit eindr\u00c3\u00bccklicher Kulisse\"\n                    src=\"http:\/\/www.freimarianne.ch\/wp-content\/gallery\/kykladen-15-5-18\/thumbs\/thumbs_IMG_4473.jpg\"\n                    width=\"100\"\n                    height=\"75\"\n                    style=\"max-width:100%;\"\n                \/>\n            <\/a>\n        <\/div>\n\t\t\t\t\t\t\t<\/div> \n\t\t\t\n        \n\t\t\t\t<div id=\"ngg-image-9\" class=\"ngg-gallery-thumbnail-box\" >\n\t\t\t\t        <div class=\"ngg-gallery-thumbnail\">\n            <a href=\"http:\/\/www.freimarianne.ch\/wp-content\/gallery\/kykladen-15-5-18\/IMG_4475.jpg\"\n               title=\"interessante Erosionsformen\"\n               data-src=\"http:\/\/www.freimarianne.ch\/wp-content\/gallery\/kykladen-15-5-18\/IMG_4475.jpg\"\n               data-thumbnail=\"http:\/\/www.freimarianne.ch\/wp-content\/gallery\/kykladen-15-5-18\/thumbs\/thumbs_IMG_4475.jpg\"\n               data-image-id=\"18106\"\n               data-title=\"interessante Erosionsformen\"\n               data-description=\"interessante Erosionsformen\"\n               data-image-slug=\"img_4475-1\"\n               class=\"shutterset_30952\">\n                <img\n                    title=\"interessante Erosionsformen\"\n                    alt=\"interessante Erosionsformen\"\n                    src=\"http:\/\/www.freimarianne.ch\/wp-content\/gallery\/kykladen-15-5-18\/thumbs\/thumbs_IMG_4475.jpg\"\n                    width=\"100\"\n                    height=\"75\"\n                    style=\"max-width:100%;\"\n                \/>\n            <\/a>\n        <\/div>\n\t\t\t\t\t\t\t<\/div> \n\t\t\t\n        \n\t\t\t\t<div id=\"ngg-image-10\" class=\"ngg-gallery-thumbnail-box\" >\n\t\t\t\t        <div class=\"ngg-gallery-thumbnail\">\n            <a href=\"http:\/\/www.freimarianne.ch\/wp-content\/gallery\/kykladen-15-5-18\/IMG_4478.jpg\"\n               title=\"Marianne am Strand\"\n               data-src=\"http:\/\/www.freimarianne.ch\/wp-content\/gallery\/kykladen-15-5-18\/IMG_4478.jpg\"\n               data-thumbnail=\"http:\/\/www.freimarianne.ch\/wp-content\/gallery\/kykladen-15-5-18\/thumbs\/thumbs_IMG_4478.jpg\"\n               data-image-id=\"18105\"\n               data-title=\"Marianne am Strand\"\n               data-description=\"Marianne am Strand\"\n               data-image-slug=\"img_4478-1\"\n               class=\"shutterset_30952\">\n                <img\n                    title=\"Marianne am Strand\"\n                    alt=\"Marianne am Strand\"\n                    src=\"http:\/\/www.freimarianne.ch\/wp-content\/gallery\/kykladen-15-5-18\/thumbs\/thumbs_IMG_4478.jpg\"\n                    width=\"100\"\n                    height=\"75\"\n                    style=\"max-width:100%;\"\n                \/>\n            <\/a>\n        <\/div>\n\t\t\t\t\t\t\t<\/div> \n\t\t\t\n        \n\t\t\t\t<div id=\"ngg-image-11\" class=\"ngg-gallery-thumbnail-box\" >\n\t\t\t\t        <div class=\"ngg-gallery-thumbnail\">\n            <a href=\"http:\/\/www.freimarianne.ch\/wp-content\/gallery\/kykladen-15-5-18\/IMG_4480.jpg\"\n               title=\"interessante Erosionsformen\"\n               data-src=\"http:\/\/www.freimarianne.ch\/wp-content\/gallery\/kykladen-15-5-18\/IMG_4480.jpg\"\n               data-thumbnail=\"http:\/\/www.freimarianne.ch\/wp-content\/gallery\/kykladen-15-5-18\/thumbs\/thumbs_IMG_4480.jpg\"\n               data-image-id=\"18104\"\n               data-title=\"interessante Erosionsformen\"\n               data-description=\"interessante Erosionsformen\"\n               data-image-slug=\"img_4480-4\"\n               class=\"shutterset_30952\">\n                <img\n                    title=\"interessante Erosionsformen\"\n                    alt=\"interessante Erosionsformen\"\n                    src=\"http:\/\/www.freimarianne.ch\/wp-content\/gallery\/kykladen-15-5-18\/thumbs\/thumbs_IMG_4480.jpg\"\n                    width=\"100\"\n                    height=\"75\"\n                    style=\"max-width:100%;\"\n                \/>\n            <\/a>\n        <\/div>\n\t\t\t\t\t\t\t<\/div> \n\t\t\t\n        \n\t\t\t\t<div id=\"ngg-image-12\" class=\"ngg-gallery-thumbnail-box\" >\n\t\t\t\t        <div class=\"ngg-gallery-thumbnail\">\n            <a href=\"http:\/\/www.freimarianne.ch\/wp-content\/gallery\/kykladen-15-5-18\/IMG_4481.jpg\"\n               title=\"interessante Erosionsformen\"\n               data-src=\"http:\/\/www.freimarianne.ch\/wp-content\/gallery\/kykladen-15-5-18\/IMG_4481.jpg\"\n               data-thumbnail=\"http:\/\/www.freimarianne.ch\/wp-content\/gallery\/kykladen-15-5-18\/thumbs\/thumbs_IMG_4481.jpg\"\n               data-image-id=\"18103\"\n               data-title=\"interessante Erosionsformen\"\n               data-description=\"interessante Erosionsformen\"\n               data-image-slug=\"img_4481-2\"\n               class=\"shutterset_30952\">\n                <img\n                    title=\"interessante Erosionsformen\"\n                    alt=\"interessante Erosionsformen\"\n                    src=\"http:\/\/www.freimarianne.ch\/wp-content\/gallery\/kykladen-15-5-18\/thumbs\/thumbs_IMG_4481.jpg\"\n                    width=\"100\"\n                    height=\"75\"\n                    style=\"max-width:100%;\"\n                \/>\n            <\/a>\n        <\/div>\n\t\t\t\t\t\t\t<\/div> \n\t\t\t\n        \n\t\t\t\t<div id=\"ngg-image-13\" class=\"ngg-gallery-thumbnail-box\" >\n\t\t\t\t        <div class=\"ngg-gallery-thumbnail\">\n            <a href=\"http:\/\/www.freimarianne.ch\/wp-content\/gallery\/kykladen-15-5-18\/IMG_4482.jpg\"\n               title=\"im Hafen von Vlychada\"\n               data-src=\"http:\/\/www.freimarianne.ch\/wp-content\/gallery\/kykladen-15-5-18\/IMG_4482.jpg\"\n               data-thumbnail=\"http:\/\/www.freimarianne.ch\/wp-content\/gallery\/kykladen-15-5-18\/thumbs\/thumbs_IMG_4482.jpg\"\n               data-image-id=\"18102\"\n               data-title=\"im Hafen von Vlychada\"\n               data-description=\"im Hafen von Vlychada\"\n               data-image-slug=\"img_4482-1\"\n               class=\"shutterset_30952\">\n                <img\n                    title=\"im Hafen von Vlychada\"\n                    alt=\"im Hafen von Vlychada\"\n                    src=\"http:\/\/www.freimarianne.ch\/wp-content\/gallery\/kykladen-15-5-18\/thumbs\/thumbs_IMG_4482.jpg\"\n                    width=\"100\"\n                    height=\"75\"\n                    style=\"max-width:100%;\"\n                \/>\n            <\/a>\n        <\/div>\n\t\t\t\t\t\t\t<\/div> \n\t\t\t\n        \n\t\t\t\t<div id=\"ngg-image-14\" class=\"ngg-gallery-thumbnail-box\" >\n\t\t\t\t        <div class=\"ngg-gallery-thumbnail\">\n            <a href=\"http:\/\/www.freimarianne.ch\/wp-content\/gallery\/kykladen-15-5-18\/IMG_4485.jpg\"\n               title=\"alte Gr\u00e4ber\"\n               data-src=\"http:\/\/www.freimarianne.ch\/wp-content\/gallery\/kykladen-15-5-18\/IMG_4485.jpg\"\n               data-thumbnail=\"http:\/\/www.freimarianne.ch\/wp-content\/gallery\/kykladen-15-5-18\/thumbs\/thumbs_IMG_4485.jpg\"\n               data-image-id=\"18101\"\n               data-title=\"alte Gr\u00c3\u00a4ber\"\n               data-description=\"alte Gr\u00e4ber\"\n               data-image-slug=\"img_4485-1\"\n               class=\"shutterset_30952\">\n                <img\n                    title=\"alte Gr\u00c3\u00a4ber\"\n                    alt=\"alte Gr\u00c3\u00a4ber\"\n                    src=\"http:\/\/www.freimarianne.ch\/wp-content\/gallery\/kykladen-15-5-18\/thumbs\/thumbs_IMG_4485.jpg\"\n                    width=\"100\"\n                    height=\"75\"\n                    style=\"max-width:100%;\"\n                \/>\n            <\/a>\n        <\/div>\n\t\t\t\t\t\t\t<\/div> \n\t\t\t\n        \n\t\t\t\t<div id=\"ngg-image-15\" class=\"ngg-gallery-thumbnail-box\" >\n\t\t\t\t        <div class=\"ngg-gallery-thumbnail\">\n            <a href=\"http:\/\/www.freimarianne.ch\/wp-content\/gallery\/kykladen-15-5-18\/IMG_4486.jpg\"\n               title=\"Perissa\"\n               data-src=\"http:\/\/www.freimarianne.ch\/wp-content\/gallery\/kykladen-15-5-18\/IMG_4486.jpg\"\n               data-thumbnail=\"http:\/\/www.freimarianne.ch\/wp-content\/gallery\/kykladen-15-5-18\/thumbs\/thumbs_IMG_4486.jpg\"\n               data-image-id=\"18100\"\n               data-title=\"Perissa\"\n               data-description=\"Perissa\"\n               data-image-slug=\"img_4486-1\"\n               class=\"shutterset_30952\">\n                <img\n                    title=\"Perissa\"\n                    alt=\"Perissa\"\n                    src=\"http:\/\/www.freimarianne.ch\/wp-content\/gallery\/kykladen-15-5-18\/thumbs\/thumbs_IMG_4486.jpg\"\n                    width=\"100\"\n                    height=\"75\"\n                    style=\"max-width:100%;\"\n                \/>\n            <\/a>\n        <\/div>\n\t\t\t\t\t\t\t<\/div> \n\t\t\t\n        \n\t\t\t\t<div id=\"ngg-image-16\" class=\"ngg-gallery-thumbnail-box\" >\n\t\t\t\t        <div class=\"ngg-gallery-thumbnail\">\n            <a href=\"http:\/\/www.freimarianne.ch\/wp-content\/gallery\/kykladen-15-5-18\/IMG_4488.jpg\"\n               title=\"unser Boot in Perissa; Einstieg nur barfuss m\u00f6glich\"\n               data-src=\"http:\/\/www.freimarianne.ch\/wp-content\/gallery\/kykladen-15-5-18\/IMG_4488.jpg\"\n               data-thumbnail=\"http:\/\/www.freimarianne.ch\/wp-content\/gallery\/kykladen-15-5-18\/thumbs\/thumbs_IMG_4488.jpg\"\n               data-image-id=\"18099\"\n               data-title=\"unser Boot in Perissa; Einstieg nur barfuss m\u00c3\u00b6glich\"\n               data-description=\"unser Boot in Perissa; Einstieg nur barfuss m\u00f6glich\"\n               data-image-slug=\"img_4488-1\"\n               class=\"shutterset_30952\">\n                <img\n                    title=\"unser Boot in Perissa; Einstieg nur barfuss m\u00c3\u00b6glich\"\n                    alt=\"unser Boot in Perissa; Einstieg nur barfuss m\u00c3\u00b6glich\"\n                    src=\"http:\/\/www.freimarianne.ch\/wp-content\/gallery\/kykladen-15-5-18\/thumbs\/thumbs_IMG_4488.jpg\"\n                    width=\"100\"\n                    height=\"75\"\n                    style=\"max-width:100%;\"\n                \/>\n            <\/a>\n        <\/div>\n\t\t\t\t\t\t\t<\/div> \n\t\t\t\n        \n\t\t\n\t\t<!-- Pagination -->\n\t<div class='ngg-clear'><\/div>\t<\/div>\n<\/p>\n","protected":false},"excerpt":{"rendered":"<p>15.5.2018 Santorin Besuch der Ausgrabungen von Akotiri und Strandwanderung nach Perissa Nach dem Morgenessen draussen am Swimmingpool fahren wir mit dem Bus nach Akrotiri, wo wir die Ausgrabungen besuchen. Es folgt eine teilweise abenteuerliche Standwanderung der Steilk\u00fcste entlang, wobei wir zeitweise unsere Schuhe ausziehen m\u00fcssen, um weiter zu kommen. Unterwegs k\u00f6nnen wir baden und dann [&hellip;]<\/p>\n","protected":false},"author":1,"featured_media":0,"parent":30030,"menu_order":2,"comment_status":"closed","ping_status":"closed","template":"","meta":{"ngg_post_thumbnail":0},"_links":{"self":[{"href":"http:\/\/www.freimarianne.ch\/index.php?rest_route=\/wp\/v2\/pages\/30042"}],"collection":[{"href":"http:\/\/www.freimarianne.ch\/index.php?rest_route=\/wp\/v2\/pages"}],"about":[{"href":"http:\/\/www.freimarianne.ch\/index.php?rest_route=\/wp\/v2\/types\/page"}],"author":[{"embeddable":true,"href":"http:\/\/www.freimarianne.ch\/index.php?rest_route=\/wp\/v2\/users\/1"}],"replies":[{"embeddable":true,"href":"http:\/\/www.freimarianne.ch\/index.php?rest_route=%2Fwp%2Fv2%2Fcomments&post=30042"}],"version-history":[{"count":6,"href":"http:\/\/www.freimarianne.ch\/index.php?rest_route=\/wp\/v2\/pages\/30042\/revisions"}],"predecessor-version":[{"id":30953,"href":"http:\/\/www.freimarianne.ch\/index.php?rest_route=\/wp\/v2\/pages\/30042\/revisions\/30953"}],"up":[{"embeddable":true,"href":"http:\/\/www.freimarianne.ch\/index.php?rest_route=\/wp\/v2\/pages\/30030"}],"wp:attachment":[{"href":"http:\/\/www.freimarianne.ch\/index.php?rest_route=%2Fwp%2Fv2%2Fmedia&parent=30042"}],"curies":[{"name":"wp","href":"https:\/\/api.w.org\/{rel}","templated":true}]}}