{"id":3045,"date":"2012-08-06T14:55:49","date_gmt":"2012-08-06T13:55:49","guid":{"rendered":"http:\/\/www.freimarianne.ch\/?page_id=3045"},"modified":"2012-08-15T16:10:08","modified_gmt":"2012-08-15T15:10:08","slug":"tessin-1-5-8-2012","status":"publish","type":"page","link":"http:\/\/www.freimarianne.ch\/?page_id=3045","title":{"rendered":"Tessin 1.- 5. 8. 2012"},"content":{"rendered":"<p><strong>Mit Rucksack und Badehose quer durchs Tessin<\/strong><br \/>\nF\u00fcnftageswanderung vom Onsernonetal ins Maggiatal.<br \/>\nMit dem Berg &#038; Ski-Club Novartis<br \/>\nIn den f\u00fcnf Tagen haben wir 4178m H\u00f6he  \u00fcberwunden und sind 4627m abgestiegen.<\/p>\n<p><img loading=\"lazy\" src=\"http:\/\/www.freimarianne.ch\/wp-content\/uploads\/2012\/08\/IMG_8689_tess8.12_500.jpg\" alt=\"\" title=\"IMG_8689_tess8.12_500\" width=\"500\" height=\"375\" class=\"alignleft size-full wp-image-3051\" srcset=\"http:\/\/www.freimarianne.ch\/wp-content\/uploads\/2012\/08\/IMG_8689_tess8.12_500.jpg 500w, http:\/\/www.freimarianne.ch\/wp-content\/uploads\/2012\/08\/IMG_8689_tess8.12_500-300x225.jpg 300w\" sizes=\"(max-width: 500px) 100vw, 500px\" \/><\/a><br \/>\nunterwegs zum Monte Comino<br \/>\n<img loading=\"lazy\" src=\"http:\/\/www.freimarianne.ch\/wp-content\/uploads\/2012\/08\/IMG_8791_tess_8.12_500.jpg\" alt=\"\" title=\"IMG_8791_tess_8.12_500\" width=\"500\" height=\"375\" class=\"alignleft size-full wp-image-3050\" srcset=\"http:\/\/www.freimarianne.ch\/wp-content\/uploads\/2012\/08\/IMG_8791_tess_8.12_500.jpg 500w, http:\/\/www.freimarianne.ch\/wp-content\/uploads\/2012\/08\/IMG_8791_tess_8.12_500-300x225.jpg 300w\" sizes=\"(max-width: 500px) 100vw, 500px\" \/><\/a><br \/>\nSicht vom Pizzin aus<br \/>\n<img loading=\"lazy\" src=\"http:\/\/www.freimarianne.ch\/wp-content\/uploads\/2012\/08\/IMG_9035_tess_8.12_500.jpg\" alt=\"\" title=\"IMG_9035_tess_8.12_500\" width=\"500\" height=\"375\" class=\"alignleft size-full wp-image-3049\" srcset=\"http:\/\/www.freimarianne.ch\/wp-content\/uploads\/2012\/08\/IMG_9035_tess_8.12_500.jpg 500w, http:\/\/www.freimarianne.ch\/wp-content\/uploads\/2012\/08\/IMG_9035_tess_8.12_500-300x225.jpg 300w\" sizes=\"(max-width: 500px) 100vw, 500px\" \/><\/a><br \/>\nauf Pino<br \/>\n<img loading=\"lazy\" src=\"http:\/\/www.freimarianne.ch\/wp-content\/uploads\/2012\/08\/IMG_9172_tess_8.12_500.jpg\" alt=\"\" title=\"IMG_9172_tess_8.12_500\" width=\"500\" height=\"375\" class=\"alignleft size-full wp-image-3048\" srcset=\"http:\/\/www.freimarianne.ch\/wp-content\/uploads\/2012\/08\/IMG_9172_tess_8.12_500.jpg 500w, http:\/\/www.freimarianne.ch\/wp-content\/uploads\/2012\/08\/IMG_9172_tess_8.12_500-300x225.jpg 300w\" sizes=\"(max-width: 500px) 100vw, 500px\" \/><\/a><br \/>\nLago d&#8217;Alzasca<br \/>\n<img loading=\"lazy\" src=\"http:\/\/www.freimarianne.ch\/wp-content\/uploads\/2012\/08\/IMG_9208_tess_5.8.500.jpg\" alt=\"\" title=\"IMG_9208_tess_5.8.500\" width=\"500\" height=\"375\" class=\"alignleft size-full wp-image-3047\" srcset=\"http:\/\/www.freimarianne.ch\/wp-content\/uploads\/2012\/08\/IMG_9208_tess_5.8.500.jpg 500w, http:\/\/www.freimarianne.ch\/wp-content\/uploads\/2012\/08\/IMG_9208_tess_5.8.500-300x225.jpg 300w\" sizes=\"(max-width: 500px) 100vw, 500px\" \/><\/a><br \/>\nCapanna d&#8217;Alzasca<\/p>\n","protected":false},"excerpt":{"rendered":"<p>Mit Rucksack und Badehose quer durchs Tessin F\u00fcnftageswanderung vom Onsernonetal ins Maggiatal. Mit dem Berg &#038; Ski-Club Novartis In den f\u00fcnf Tagen haben wir 4178m H\u00f6he \u00fcberwunden und sind 4627m abgestiegen. unterwegs zum Monte Comino Sicht vom Pizzin aus auf Pino Lago d&#8217;Alzasca Capanna d&#8217;Alzasca<\/p>\n","protected":false},"author":1,"featured_media":0,"parent":2932,"menu_order":8,"comment_status":"closed","ping_status":"closed","template":"","meta":{"ngg_post_thumbnail":0},"_links":{"self":[{"href":"http:\/\/www.freimarianne.ch\/index.php?rest_route=\/wp\/v2\/pages\/3045"}],"collection":[{"href":"http:\/\/www.freimarianne.ch\/index.php?rest_route=\/wp\/v2\/pages"}],"about":[{"href":"http:\/\/www.freimarianne.ch\/index.php?rest_route=\/wp\/v2\/types\/page"}],"author":[{"embeddable":true,"href":"http:\/\/www.freimarianne.ch\/index.php?rest_route=\/wp\/v2\/users\/1"}],"replies":[{"embeddable":true,"href":"http:\/\/www.freimarianne.ch\/index.php?rest_route=%2Fwp%2Fv2%2Fcomments&post=3045"}],"version-history":[{"count":9,"href":"http:\/\/www.freimarianne.ch\/index.php?rest_route=\/wp\/v2\/pages\/3045\/revisions"}],"predecessor-version":[{"id":3053,"href":"http:\/\/www.freimarianne.ch\/index.php?rest_route=\/wp\/v2\/pages\/3045\/revisions\/3053"}],"up":[{"embeddable":true,"href":"http:\/\/www.freimarianne.ch\/index.php?rest_route=\/wp\/v2\/pages\/2932"}],"wp:attachment":[{"href":"http:\/\/www.freimarianne.ch\/index.php?rest_route=%2Fwp%2Fv2%2Fmedia&parent=3045"}],"curies":[{"name":"wp","href":"https:\/\/api.w.org\/{rel}","templated":true}]}}