{"id":31161,"date":"2018-06-25T10:19:40","date_gmt":"2018-06-25T09:19:40","guid":{"rendered":"http:\/\/www.freimarianne.ch\/?page_id=31161"},"modified":"2018-06-25T11:07:22","modified_gmt":"2018-06-25T10:07:22","slug":"brunni-mostelberg-rotenthurm-sz-19-6-2018","status":"publish","type":"page","link":"http:\/\/www.freimarianne.ch\/?page_id=31161","title":{"rendered":"Brunni &#8211; Mostelberg &#8211; Rothenthurm  SZ  19.6.2018"},"content":{"rendered":"<p><strong>Wanderung von Brunnni im Alpthal zur Haggenegg &#8211; Mostelegg &#8211; Mostelberg &#8211; Rothenthurm <\/strong><\/p>\n<p><img loading=\"lazy\" class=\"size-full wp-image-31146\" src=\"http:\/\/www.freimarianne.ch\/wp-content\/uploads\/2018\/06\/IMG_6096_mostelegg-19.6.18_500.jpg\" alt=\"\" width=\"500\" height=\"375\" srcset=\"http:\/\/www.freimarianne.ch\/wp-content\/uploads\/2018\/06\/IMG_6096_mostelegg-19.6.18_500.jpg 500w, http:\/\/www.freimarianne.ch\/wp-content\/uploads\/2018\/06\/IMG_6096_mostelegg-19.6.18_500-300x225.jpg 300w, http:\/\/www.freimarianne.ch\/wp-content\/uploads\/2018\/06\/IMG_6096_mostelegg-19.6.18_500-400x300.jpg 400w\" sizes=\"(max-width: 500px) 100vw, 500px\" \/><\/p>\n<p>Im zweiten Anlauf klappt es mit dem Wetter, das wir uns f\u00fcr die Juni Wanderung mit der Gruppe \u201eAlpenblick \u201e w\u00fcnschen.<br \/>\nIn Brunni im Alpthal ist es noch etwas k\u00fchl aber wir kommen bald leicht ins Schwitzen auf unserer Wanderung \u00fcber Alpweiden und durch den Wald hinauf auf die Haggenegg. Auf der Terrasse des dortigen Restaurants geniessen wir unseren versp\u00e4teten Startkaffee samt Nussgipfel. Dann machen wir uns auf den Weg zur Mostelegg. Kurz m\u00fcssen wir auf der Strasse gehen aber bald kommt die Abzweigung zum schmalen Wanderweg, der uns am Hang des Engelstocks durch steile Wiesen zur n\u00e4chsten Egg, eben der Mostelegg bringt. Weiter wandern wir hinunter zum Herrenboden, wo sich die Gruppe aufteilt. Der Themenweg gegen den Halsbann ist sch\u00f6n und interessant. Er f\u00fchrt dann steil hinunter zur Alpstrasse, wo die andern bei einer Grillstelle bereits warten. Nach der Mittagspause erfolgt die Wanderung durch die Wiesen, meist auf kleinen Pfaden hinunter nach Rothenthurm, wo wir noch Zeit zur Einkehr haben.<\/p>\n<p>Dies war eine sehr sch\u00f6ne Wanderung. Danke Brigitte f\u00fcr die Vorbereitung.<\/p>\n<p>Laut Schweizmobil:<br \/>\nDistanz: 12.04km; Aufstieg: 521m; Abstieg: 679m; Wanderzeit: 3h 45 min<\/p>\n<p><a href=\"https:\/\/map.schweizmobil.ch\/?lang=de&amp;bgLayer=pk&amp;season=summer&amp;resolution=20&amp;E=2694303&amp;N=1214411&amp;layers=Wanderland%2CStation&amp;trackId=4504533\">Karte Schweizmobil:<\/a><\/p>\n<p><!-- index.php -->\n<div\n\tclass=\"ngg-galleryoverview ngg-ajax-pagination-none\"\n\tid=\"ngg-gallery-31398-1\">\n\n    \t<div class=\"slideshowlink\">\n        <a href='http:\/\/www.freimarianne.ch\/index.php\/nggallery\/slideshow?page_id=31161'>[Show as slideshow]<\/a>\n\t\t\n\t<\/div>\n\t\t\t<!-- Thumbnails -->\n\t\t\t\t<div id=\"ngg-image-0\" class=\"ngg-gallery-thumbnail-box\" >\n\t\t\t\t        <div class=\"ngg-gallery-thumbnail\">\n            <a href=\"http:\/\/www.freimarianne.ch\/wp-content\/gallery\/brunni-rothehthurm-19-6-18\/IMG_6077.jpg\"\n               title=\"Grosser Mythen\u00f6, Kleiner Mythen, Haggenegg\"\n               data-src=\"http:\/\/www.freimarianne.ch\/wp-content\/gallery\/brunni-rothehthurm-19-6-18\/IMG_6077.jpg\"\n               data-thumbnail=\"http:\/\/www.freimarianne.ch\/wp-content\/gallery\/brunni-rothehthurm-19-6-18\/thumbs\/thumbs_IMG_6077.jpg\"\n               data-image-id=\"18589\"\n               data-title=\"Grosser Mythen\u00c3\u00b6, Kleiner Mythen, Haggenegg\"\n               data-description=\"Grosser Mythen\u00f6, Kleiner Mythen, Haggenegg\"\n               data-image-slug=\"img_6077-2\"\n               class=\"shutterset_31398\">\n                <img\n                    title=\"Grosser Mythen\u00c3\u00b6, Kleiner Mythen, Haggenegg\"\n                    alt=\"Grosser Mythen\u00c3\u00b6, Kleiner Mythen, Haggenegg\"\n                    src=\"http:\/\/www.freimarianne.ch\/wp-content\/gallery\/brunni-rothehthurm-19-6-18\/thumbs\/thumbs_IMG_6077.jpg\"\n                    width=\"100\"\n                    height=\"75\"\n                    style=\"max-width:100%;\"\n                \/>\n            <\/a>\n        <\/div>\n\t\t\t\t\t\t\t<\/div> \n\t\t\t\n        \n\t\t\t\t<div id=\"ngg-image-1\" class=\"ngg-gallery-thumbnail-box\" >\n\t\t\t\t        <div class=\"ngg-gallery-thumbnail\">\n            <a href=\"http:\/\/www.freimarianne.ch\/wp-content\/gallery\/brunni-rothehthurm-19-6-18\/IMG_6082.jpg\"\n               title=\"auf Wanderweg hinauf  zur Haggenegg\"\n               data-src=\"http:\/\/www.freimarianne.ch\/wp-content\/gallery\/brunni-rothehthurm-19-6-18\/IMG_6082.jpg\"\n               data-thumbnail=\"http:\/\/www.freimarianne.ch\/wp-content\/gallery\/brunni-rothehthurm-19-6-18\/thumbs\/thumbs_IMG_6082.jpg\"\n               data-image-id=\"18588\"\n               data-title=\"auf Wanderweg hinauf  zur Haggenegg\"\n               data-description=\"auf Wanderweg hinauf  zur Haggenegg\"\n               data-image-slug=\"img_6082-1\"\n               class=\"shutterset_31398\">\n                <img\n                    title=\"auf Wanderweg hinauf  zur Haggenegg\"\n                    alt=\"auf Wanderweg hinauf  zur Haggenegg\"\n                    src=\"http:\/\/www.freimarianne.ch\/wp-content\/gallery\/brunni-rothehthurm-19-6-18\/thumbs\/thumbs_IMG_6082.jpg\"\n                    width=\"100\"\n                    height=\"75\"\n                    style=\"max-width:100%;\"\n                \/>\n            <\/a>\n        <\/div>\n\t\t\t\t\t\t\t<\/div> \n\t\t\t\n        \n\t\t\t\t<div id=\"ngg-image-2\" class=\"ngg-gallery-thumbnail-box\" >\n\t\t\t\t        <div class=\"ngg-gallery-thumbnail\">\n            <a href=\"http:\/\/www.freimarianne.ch\/wp-content\/gallery\/brunni-rothehthurm-19-6-18\/IMG_6086.jpg\"\n               title=\"Haggenegg 1414m\"\n               data-src=\"http:\/\/www.freimarianne.ch\/wp-content\/gallery\/brunni-rothehthurm-19-6-18\/IMG_6086.jpg\"\n               data-thumbnail=\"http:\/\/www.freimarianne.ch\/wp-content\/gallery\/brunni-rothehthurm-19-6-18\/thumbs\/thumbs_IMG_6086.jpg\"\n               data-image-id=\"18587\"\n               data-title=\"Haggenegg 1414m\"\n               data-description=\"Haggenegg 1414m\"\n               data-image-slug=\"img_6086-1\"\n               class=\"shutterset_31398\">\n                <img\n                    title=\"Haggenegg 1414m\"\n                    alt=\"Haggenegg 1414m\"\n                    src=\"http:\/\/www.freimarianne.ch\/wp-content\/gallery\/brunni-rothehthurm-19-6-18\/thumbs\/thumbs_IMG_6086.jpg\"\n                    width=\"100\"\n                    height=\"75\"\n                    style=\"max-width:100%;\"\n                \/>\n            <\/a>\n        <\/div>\n\t\t\t\t\t\t\t<\/div> \n\t\t\t\n        \n\t\t\t\t<div id=\"ngg-image-3\" class=\"ngg-gallery-thumbnail-box\" >\n\t\t\t\t        <div class=\"ngg-gallery-thumbnail\">\n            <a href=\"http:\/\/www.freimarianne.ch\/wp-content\/gallery\/brunni-rothehthurm-19-6-18\/IMG_6089.jpg\"\n               title=\"Haggenegg Einkehr\"\n               data-src=\"http:\/\/www.freimarianne.ch\/wp-content\/gallery\/brunni-rothehthurm-19-6-18\/IMG_6089.jpg\"\n               data-thumbnail=\"http:\/\/www.freimarianne.ch\/wp-content\/gallery\/brunni-rothehthurm-19-6-18\/thumbs\/thumbs_IMG_6089.jpg\"\n               data-image-id=\"18586\"\n               data-title=\"Haggenegg Einkehr\"\n               data-description=\"Haggenegg Einkehr\"\n               data-image-slug=\"img_6089-2\"\n               class=\"shutterset_31398\">\n                <img\n                    title=\"Haggenegg Einkehr\"\n                    alt=\"Haggenegg Einkehr\"\n                    src=\"http:\/\/www.freimarianne.ch\/wp-content\/gallery\/brunni-rothehthurm-19-6-18\/thumbs\/thumbs_IMG_6089.jpg\"\n                    width=\"100\"\n                    height=\"75\"\n                    style=\"max-width:100%;\"\n                \/>\n            <\/a>\n        <\/div>\n\t\t\t\t\t\t\t<\/div> \n\t\t\t\n        \n\t\t\t\t<div id=\"ngg-image-4\" class=\"ngg-gallery-thumbnail-box\" >\n\t\t\t\t        <div class=\"ngg-gallery-thumbnail\">\n            <a href=\"http:\/\/www.freimarianne.ch\/wp-content\/gallery\/brunni-rothehthurm-19-6-18\/IMG_6090.jpg\"\n               title=\"Kirche bei Haggenegg 1414m\"\n               data-src=\"http:\/\/www.freimarianne.ch\/wp-content\/gallery\/brunni-rothehthurm-19-6-18\/IMG_6090.jpg\"\n               data-thumbnail=\"http:\/\/www.freimarianne.ch\/wp-content\/gallery\/brunni-rothehthurm-19-6-18\/thumbs\/thumbs_IMG_6090.jpg\"\n               data-image-id=\"18585\"\n               data-title=\"Kirche bei Haggenegg 1414m\"\n               data-description=\"Kirche bei Haggenegg 1414m\"\n               data-image-slug=\"img_6090-1\"\n               class=\"shutterset_31398\">\n                <img\n                    title=\"Kirche bei Haggenegg 1414m\"\n                    alt=\"Kirche bei Haggenegg 1414m\"\n                    src=\"http:\/\/www.freimarianne.ch\/wp-content\/gallery\/brunni-rothehthurm-19-6-18\/thumbs\/thumbs_IMG_6090.jpg\"\n                    width=\"100\"\n                    height=\"75\"\n                    style=\"max-width:100%;\"\n                \/>\n            <\/a>\n        <\/div>\n\t\t\t\t\t\t\t<\/div> \n\t\t\t\n        \n\t\t\t\t<div id=\"ngg-image-5\" class=\"ngg-gallery-thumbnail-box\" >\n\t\t\t\t        <div class=\"ngg-gallery-thumbnail\">\n            <a href=\"http:\/\/www.freimarianne.ch\/wp-content\/gallery\/brunni-rothehthurm-19-6-18\/IMG_6092.jpg\"\n               title=\"unterwegs\"\n               data-src=\"http:\/\/www.freimarianne.ch\/wp-content\/gallery\/brunni-rothehthurm-19-6-18\/IMG_6092.jpg\"\n               data-thumbnail=\"http:\/\/www.freimarianne.ch\/wp-content\/gallery\/brunni-rothehthurm-19-6-18\/thumbs\/thumbs_IMG_6092.jpg\"\n               data-image-id=\"18584\"\n               data-title=\"unterwegs\"\n               data-description=\"unterwegs\"\n               data-image-slug=\"img_6092-2\"\n               class=\"shutterset_31398\">\n                <img\n                    title=\"unterwegs\"\n                    alt=\"unterwegs\"\n                    src=\"http:\/\/www.freimarianne.ch\/wp-content\/gallery\/brunni-rothehthurm-19-6-18\/thumbs\/thumbs_IMG_6092.jpg\"\n                    width=\"100\"\n                    height=\"75\"\n                    style=\"max-width:100%;\"\n                \/>\n            <\/a>\n        <\/div>\n\t\t\t\t\t\t\t<\/div> \n\t\t\t\n        \n\t\t\t\t<div id=\"ngg-image-6\" class=\"ngg-gallery-thumbnail-box\" >\n\t\t\t\t        <div class=\"ngg-gallery-thumbnail\">\n            <a href=\"http:\/\/www.freimarianne.ch\/wp-content\/gallery\/brunni-rothehthurm-19-6-18\/IMG_6101.jpg\"\n               title=\"Hallo\"\n               data-src=\"http:\/\/www.freimarianne.ch\/wp-content\/gallery\/brunni-rothehthurm-19-6-18\/IMG_6101.jpg\"\n               data-thumbnail=\"http:\/\/www.freimarianne.ch\/wp-content\/gallery\/brunni-rothehthurm-19-6-18\/thumbs\/thumbs_IMG_6101.jpg\"\n               data-image-id=\"18583\"\n               data-title=\"Hallo\"\n               data-description=\"Hallo\"\n               data-image-slug=\"img_6101-1\"\n               class=\"shutterset_31398\">\n                <img\n                    title=\"Hallo\"\n                    alt=\"Hallo\"\n                    src=\"http:\/\/www.freimarianne.ch\/wp-content\/gallery\/brunni-rothehthurm-19-6-18\/thumbs\/thumbs_IMG_6101.jpg\"\n                    width=\"100\"\n                    height=\"75\"\n                    style=\"max-width:100%;\"\n                \/>\n            <\/a>\n        <\/div>\n\t\t\t\t\t\t\t<\/div> \n\t\t\t\n        \n\t\t\t\t<div id=\"ngg-image-7\" class=\"ngg-gallery-thumbnail-box\" >\n\t\t\t\t        <div class=\"ngg-gallery-thumbnail\">\n            <a href=\"http:\/\/www.freimarianne.ch\/wp-content\/gallery\/brunni-rothehthurm-19-6-18\/IMG_6107.jpg\"\n               title=\"Grosser Bocksbart, Tragopogon dubius, Asteraceae.jpg\"\n               data-src=\"http:\/\/www.freimarianne.ch\/wp-content\/gallery\/brunni-rothehthurm-19-6-18\/IMG_6107.jpg\"\n               data-thumbnail=\"http:\/\/www.freimarianne.ch\/wp-content\/gallery\/brunni-rothehthurm-19-6-18\/thumbs\/thumbs_IMG_6107.jpg\"\n               data-image-id=\"18582\"\n               data-title=\"Grosser Bocksbart, Tragopogon dubius, Asteraceae.jpg\"\n               data-description=\"Grosser Bocksbart, Tragopogon dubius, Asteraceae.jpg\"\n               data-image-slug=\"img_6107-2\"\n               class=\"shutterset_31398\">\n                <img\n                    title=\"Grosser Bocksbart, Tragopogon dubius, Asteraceae.jpg\"\n                    alt=\"Grosser Bocksbart, Tragopogon dubius, Asteraceae.jpg\"\n                    src=\"http:\/\/www.freimarianne.ch\/wp-content\/gallery\/brunni-rothehthurm-19-6-18\/thumbs\/thumbs_IMG_6107.jpg\"\n                    width=\"100\"\n                    height=\"75\"\n                    style=\"max-width:100%;\"\n                \/>\n            <\/a>\n        <\/div>\n\t\t\t\t\t\t\t<\/div> \n\t\t\t\n        \n\t\t\t\t<div id=\"ngg-image-8\" class=\"ngg-gallery-thumbnail-box\" >\n\t\t\t\t        <div class=\"ngg-gallery-thumbnail\">\n            <a href=\"http:\/\/www.freimarianne.ch\/wp-content\/gallery\/brunni-rothehthurm-19-6-18\/IMG_6111.jpg\"\n               title=\"auf dem Weg vom Herrenboden  zum Hals\"\n               data-src=\"http:\/\/www.freimarianne.ch\/wp-content\/gallery\/brunni-rothehthurm-19-6-18\/IMG_6111.jpg\"\n               data-thumbnail=\"http:\/\/www.freimarianne.ch\/wp-content\/gallery\/brunni-rothehthurm-19-6-18\/thumbs\/thumbs_IMG_6111.jpg\"\n               data-image-id=\"18581\"\n               data-title=\"auf dem Weg vom Herrenboden  zum Hals\"\n               data-description=\"auf dem Weg vom Herrenboden  zum Hals\"\n               data-image-slug=\"img_6111-5\"\n               class=\"shutterset_31398\">\n                <img\n                    title=\"auf dem Weg vom Herrenboden  zum Hals\"\n                    alt=\"auf dem Weg vom Herrenboden  zum Hals\"\n                    src=\"http:\/\/www.freimarianne.ch\/wp-content\/gallery\/brunni-rothehthurm-19-6-18\/thumbs\/thumbs_IMG_6111.jpg\"\n                    width=\"100\"\n                    height=\"75\"\n                    style=\"max-width:100%;\"\n                \/>\n            <\/a>\n        <\/div>\n\t\t\t\t\t\t\t<\/div> \n\t\t\t\n        \n\t\t\t\t<div id=\"ngg-image-9\" class=\"ngg-gallery-thumbnail-box\" >\n\t\t\t\t        <div class=\"ngg-gallery-thumbnail\">\n            <a href=\"http:\/\/www.freimarianne.ch\/wp-content\/gallery\/brunni-rothehthurm-19-6-18\/IMG_6112.jpg\"\n               title=\"Ausblick vom Ausguck\"\n               data-src=\"http:\/\/www.freimarianne.ch\/wp-content\/gallery\/brunni-rothehthurm-19-6-18\/IMG_6112.jpg\"\n               data-thumbnail=\"http:\/\/www.freimarianne.ch\/wp-content\/gallery\/brunni-rothehthurm-19-6-18\/thumbs\/thumbs_IMG_6112.jpg\"\n               data-image-id=\"18580\"\n               data-title=\"Ausblick vom Ausguck\"\n               data-description=\"Ausblick vom Ausguck\"\n               data-image-slug=\"img_6112\"\n               class=\"shutterset_31398\">\n                <img\n                    title=\"Ausblick vom Ausguck\"\n                    alt=\"Ausblick vom Ausguck\"\n                    src=\"http:\/\/www.freimarianne.ch\/wp-content\/gallery\/brunni-rothehthurm-19-6-18\/thumbs\/thumbs_IMG_6112.jpg\"\n                    width=\"100\"\n                    height=\"75\"\n                    style=\"max-width:100%;\"\n                \/>\n            <\/a>\n        <\/div>\n\t\t\t\t\t\t\t<\/div> \n\t\t\t\n        \n\t\t\t\t<div id=\"ngg-image-10\" class=\"ngg-gallery-thumbnail-box\" >\n\t\t\t\t        <div class=\"ngg-gallery-thumbnail\">\n            <a href=\"http:\/\/www.freimarianne.ch\/wp-content\/gallery\/brunni-rothehthurm-19-6-18\/IMG_6115.jpg\"\n               title=\"Gross Spannort 3198m, Brunnistock 2952m, Uri Rotstock 2928m, Schlieren 2830m, Wissigstock 2887m, Engelberger Rotstock 2818m, Ruchstock 2814m,\"\n               data-src=\"http:\/\/www.freimarianne.ch\/wp-content\/gallery\/brunni-rothehthurm-19-6-18\/IMG_6115.jpg\"\n               data-thumbnail=\"http:\/\/www.freimarianne.ch\/wp-content\/gallery\/brunni-rothehthurm-19-6-18\/thumbs\/thumbs_IMG_6115.jpg\"\n               data-image-id=\"18579\"\n               data-title=\"Gross Spannort 3198m, Brunnistock 2952m, Uri Rotstock 2928m, Schlieren 2830m, Wissigstock 2887m, Engelberger Rotstock 2818m, Ruchstock 2814m,\"\n               data-description=\"Gross Spannort 3198m, Brunnistock 2952m, Uri Rotstock 2928m, Schlieren 2830m, Wissigstock 2887m, Engelberger Rotstock 2818m, Ruchstock 2814m,\"\n               data-image-slug=\"img_6115\"\n               class=\"shutterset_31398\">\n                <img\n                    title=\"Gross Spannort 3198m, Brunnistock 2952m, Uri Rotstock 2928m, Schlieren 2830m, Wissigstock 2887m, Engelberger Rotstock 2818m, Ruchstock 2814m,\"\n                    alt=\"Gross Spannort 3198m, Brunnistock 2952m, Uri Rotstock 2928m, Schlieren 2830m, Wissigstock 2887m, Engelberger Rotstock 2818m, Ruchstock 2814m,\"\n                    src=\"http:\/\/www.freimarianne.ch\/wp-content\/gallery\/brunni-rothehthurm-19-6-18\/thumbs\/thumbs_IMG_6115.jpg\"\n                    width=\"100\"\n                    height=\"75\"\n                    style=\"max-width:100%;\"\n                \/>\n            <\/a>\n        <\/div>\n\t\t\t\t\t\t\t<\/div> \n\t\t\t\n        \n\t\t\t\t<div id=\"ngg-image-11\" class=\"ngg-gallery-thumbnail-box\" >\n\t\t\t\t        <div class=\"ngg-gallery-thumbnail\">\n            <a href=\"http:\/\/www.freimarianne.ch\/wp-content\/gallery\/brunni-rothehthurm-19-6-18\/IMG_6120.jpg\"\n               title=\"Gefleckte Fingerwurz, Cactylorhiza  maculata, Orchidaceae\"\n               data-src=\"http:\/\/www.freimarianne.ch\/wp-content\/gallery\/brunni-rothehthurm-19-6-18\/IMG_6120.jpg\"\n               data-thumbnail=\"http:\/\/www.freimarianne.ch\/wp-content\/gallery\/brunni-rothehthurm-19-6-18\/thumbs\/thumbs_IMG_6120.jpg\"\n               data-image-id=\"18578\"\n               data-title=\"Gefleckte Fingerwurz, Cactylorhiza  maculata, Orchidaceae\"\n               data-description=\"Gefleckte Fingerwurz, Cactylorhiza  maculata, Orchidaceae\"\n               data-image-slug=\"img_6120-1\"\n               class=\"shutterset_31398\">\n                <img\n                    title=\"Gefleckte Fingerwurz, Cactylorhiza  maculata, Orchidaceae\"\n                    alt=\"Gefleckte Fingerwurz, Cactylorhiza  maculata, Orchidaceae\"\n                    src=\"http:\/\/www.freimarianne.ch\/wp-content\/gallery\/brunni-rothehthurm-19-6-18\/thumbs\/thumbs_IMG_6120.jpg\"\n                    width=\"100\"\n                    height=\"75\"\n                    style=\"max-width:100%;\"\n                \/>\n            <\/a>\n        <\/div>\n\t\t\t\t\t\t\t<\/div> \n\t\t\t\n        \n\t\t\t\t<div id=\"ngg-image-12\" class=\"ngg-gallery-thumbnail-box\" >\n\t\t\t\t        <div class=\"ngg-gallery-thumbnail\">\n            <a href=\"http:\/\/www.freimarianne.ch\/wp-content\/gallery\/brunni-rothehthurm-19-6-18\/IMG_6122.jpg\"\n               title=\"Mittagspause\"\n               data-src=\"http:\/\/www.freimarianne.ch\/wp-content\/gallery\/brunni-rothehthurm-19-6-18\/IMG_6122.jpg\"\n               data-thumbnail=\"http:\/\/www.freimarianne.ch\/wp-content\/gallery\/brunni-rothehthurm-19-6-18\/thumbs\/thumbs_IMG_6122.jpg\"\n               data-image-id=\"18577\"\n               data-title=\"Mittagspause\"\n               data-description=\"Mittagspause\"\n               data-image-slug=\"img_6122-1\"\n               class=\"shutterset_31398\">\n                <img\n                    title=\"Mittagspause\"\n                    alt=\"Mittagspause\"\n                    src=\"http:\/\/www.freimarianne.ch\/wp-content\/gallery\/brunni-rothehthurm-19-6-18\/thumbs\/thumbs_IMG_6122.jpg\"\n                    width=\"100\"\n                    height=\"75\"\n                    style=\"max-width:100%;\"\n                \/>\n            <\/a>\n        <\/div>\n\t\t\t\t\t\t\t<\/div> \n\t\t\t\n        \n\t\t\t\t<div id=\"ngg-image-13\" class=\"ngg-gallery-thumbnail-box\" >\n\t\t\t\t        <div class=\"ngg-gallery-thumbnail\">\n            <a href=\"http:\/\/www.freimarianne.ch\/wp-content\/gallery\/brunni-rothehthurm-19-6-18\/IMG_6123.jpg\"\n               title=\"gegen Rothenturm\"\n               data-src=\"http:\/\/www.freimarianne.ch\/wp-content\/gallery\/brunni-rothehthurm-19-6-18\/IMG_6123.jpg\"\n               data-thumbnail=\"http:\/\/www.freimarianne.ch\/wp-content\/gallery\/brunni-rothehthurm-19-6-18\/thumbs\/thumbs_IMG_6123.jpg\"\n               data-image-id=\"18576\"\n               data-title=\"gegen Rothenturm\"\n               data-description=\"gegen Rothenturm\"\n               data-image-slug=\"img_6123-1\"\n               class=\"shutterset_31398\">\n                <img\n                    title=\"gegen Rothenturm\"\n                    alt=\"gegen Rothenturm\"\n                    src=\"http:\/\/www.freimarianne.ch\/wp-content\/gallery\/brunni-rothehthurm-19-6-18\/thumbs\/thumbs_IMG_6123.jpg\"\n                    width=\"100\"\n                    height=\"75\"\n                    style=\"max-width:100%;\"\n                \/>\n            <\/a>\n        <\/div>\n\t\t\t\t\t\t\t<\/div> \n\t\t\t\n        \n\t\t\t\t<div id=\"ngg-image-14\" class=\"ngg-gallery-thumbnail-box\" >\n\t\t\t\t        <div class=\"ngg-gallery-thumbnail\">\n            <a href=\"http:\/\/www.freimarianne.ch\/wp-content\/gallery\/brunni-rothehthurm-19-6-18\/IMG_6130.jpg\"\n               title=\"gegen Rothenturm\"\n               data-src=\"http:\/\/www.freimarianne.ch\/wp-content\/gallery\/brunni-rothehthurm-19-6-18\/IMG_6130.jpg\"\n               data-thumbnail=\"http:\/\/www.freimarianne.ch\/wp-content\/gallery\/brunni-rothehthurm-19-6-18\/thumbs\/thumbs_IMG_6130.jpg\"\n               data-image-id=\"18575\"\n               data-title=\"gegen Rothenturm\"\n               data-description=\"gegen Rothenturm\"\n               data-image-slug=\"img_6130-2\"\n               class=\"shutterset_31398\">\n                <img\n                    title=\"gegen Rothenturm\"\n                    alt=\"gegen Rothenturm\"\n                    src=\"http:\/\/www.freimarianne.ch\/wp-content\/gallery\/brunni-rothehthurm-19-6-18\/thumbs\/thumbs_IMG_6130.jpg\"\n                    width=\"100\"\n                    height=\"75\"\n                    style=\"max-width:100%;\"\n                \/>\n            <\/a>\n        <\/div>\n\t\t\t\t\t\t\t<\/div> \n\t\t\t\n        \n\t\t\t\t<div id=\"ngg-image-15\" class=\"ngg-gallery-thumbnail-box\" >\n\t\t\t\t        <div class=\"ngg-gallery-thumbnail\">\n            <a href=\"http:\/\/www.freimarianne.ch\/wp-content\/gallery\/brunni-rothehthurm-19-6-18\/IMG_6137.jpg\"\n               title=\"Moorwiese bei Rothenturm\"\n               data-src=\"http:\/\/www.freimarianne.ch\/wp-content\/gallery\/brunni-rothehthurm-19-6-18\/IMG_6137.jpg\"\n               data-thumbnail=\"http:\/\/www.freimarianne.ch\/wp-content\/gallery\/brunni-rothehthurm-19-6-18\/thumbs\/thumbs_IMG_6137.jpg\"\n               data-image-id=\"18574\"\n               data-title=\"Moorwiese bei Rothenturm\"\n               data-description=\"Moorwiese bei Rothenturm\"\n               data-image-slug=\"img_6137-1\"\n               class=\"shutterset_31398\">\n                <img\n                    title=\"Moorwiese bei Rothenturm\"\n                    alt=\"Moorwiese bei Rothenturm\"\n                    src=\"http:\/\/www.freimarianne.ch\/wp-content\/gallery\/brunni-rothehthurm-19-6-18\/thumbs\/thumbs_IMG_6137.jpg\"\n                    width=\"100\"\n                    height=\"75\"\n                    style=\"max-width:100%;\"\n                \/>\n            <\/a>\n        <\/div>\n\t\t\t\t\t\t\t<\/div> \n\t\t\t\n        \n\t\t\n\t\t<!-- Pagination -->\n\t<div class='ngg-clear'><\/div>\t<\/div>\n<\/p>\n","protected":false},"excerpt":{"rendered":"<p>Wanderung von Brunnni im Alpthal zur Haggenegg &#8211; Mostelegg &#8211; Mostelberg &#8211; Rothenthurm Im zweiten Anlauf klappt es mit dem Wetter, das wir uns f\u00fcr die Juni Wanderung mit der Gruppe \u201eAlpenblick \u201e w\u00fcnschen. In Brunni im Alpthal ist es noch etwas k\u00fchl aber wir kommen bald leicht ins Schwitzen auf unserer Wanderung \u00fcber Alpweiden [&hellip;]<\/p>\n","protected":false},"author":1,"featured_media":0,"parent":30992,"menu_order":7,"comment_status":"closed","ping_status":"closed","template":"","meta":{"ngg_post_thumbnail":0},"_links":{"self":[{"href":"http:\/\/www.freimarianne.ch\/index.php?rest_route=\/wp\/v2\/pages\/31161"}],"collection":[{"href":"http:\/\/www.freimarianne.ch\/index.php?rest_route=\/wp\/v2\/pages"}],"about":[{"href":"http:\/\/www.freimarianne.ch\/index.php?rest_route=\/wp\/v2\/types\/page"}],"author":[{"embeddable":true,"href":"http:\/\/www.freimarianne.ch\/index.php?rest_route=\/wp\/v2\/users\/1"}],"replies":[{"embeddable":true,"href":"http:\/\/www.freimarianne.ch\/index.php?rest_route=%2Fwp%2Fv2%2Fcomments&post=31161"}],"version-history":[{"count":6,"href":"http:\/\/www.freimarianne.ch\/index.php?rest_route=\/wp\/v2\/pages\/31161\/revisions"}],"predecessor-version":[{"id":31400,"href":"http:\/\/www.freimarianne.ch\/index.php?rest_route=\/wp\/v2\/pages\/31161\/revisions\/31400"}],"up":[{"embeddable":true,"href":"http:\/\/www.freimarianne.ch\/index.php?rest_route=\/wp\/v2\/pages\/30992"}],"wp:attachment":[{"href":"http:\/\/www.freimarianne.ch\/index.php?rest_route=%2Fwp%2Fv2%2Fmedia&parent=31161"}],"curies":[{"name":"wp","href":"https:\/\/api.w.org\/{rel}","templated":true}]}}