{"id":31167,"date":"2018-06-25T10:30:12","date_gmt":"2018-06-25T09:30:12","guid":{"rendered":"http:\/\/www.freimarianne.ch\/?page_id=31167"},"modified":"2018-06-25T11:08:31","modified_gmt":"2018-06-25T10:08:31","slug":"aquacalda-lukmanierpass-gr-21-6-2018","status":"publish","type":"page","link":"http:\/\/www.freimarianne.ch\/?page_id=31167","title":{"rendered":"Aquacalda &#8211; Lukmanierpass   GR  21.6.2018"},"content":{"rendered":"<p><strong>Wanderung von Aquacalda auf dem Lukmanierpass<\/strong><\/p>\n<p><img loading=\"lazy\" class=\"size-full wp-image-31147\" src=\"http:\/\/www.freimarianne.ch\/wp-content\/uploads\/2018\/06\/IMG_1089_lukmanier_500.jpg\" alt=\"\" width=\"500\" height=\"333\" srcset=\"http:\/\/www.freimarianne.ch\/wp-content\/uploads\/2018\/06\/IMG_1089_lukmanier_500.jpg 500w, http:\/\/www.freimarianne.ch\/wp-content\/uploads\/2018\/06\/IMG_1089_lukmanier_500-300x200.jpg 300w, http:\/\/www.freimarianne.ch\/wp-content\/uploads\/2018\/06\/IMG_1089_lukmanier_500-450x300.jpg 450w\" sizes=\"(max-width: 500px) 100vw, 500px\" \/><br \/>\nam Brenno; Piz Rondadura 3016m, davor Piz Scala 2741m, Piz dalla Val, Piz Lai Blau 2983m, Piz Vatgira 2983m<\/p>\n<p>Dies ist eine Vorbereitungstour f\u00fcr die geplante 2-t\u00e4gige Tour im Bleniotal.<br \/>\nIch m\u00f6chte mir das Pro Natura Zentrum Lucomagno anschauen.<br \/>\nNach einer langen Reise komme ich dort an,schaue mich um und trinke einen Kaffee. Dann mache ich mich auf den Weg zum Lukmanierpass, welcher mich \u00fcber Campo Solario 1847m zur Alp Gana f\u00fchrt. Von dort gehe ich auf dem Sentiero naturale etwas hinauf und komme bei der Alpe Pertusio wieder hinunter ins Tal. Ich gehe immer auf einem malerischen Pfad. Nach der Alpe Pertusio gibt es nochmals eine Steigung hinauf zum Lukmanierpass, wo ich um 14.07h den Bus nach Disentis nehme.<\/p>\n<p>Laut Schweizmobil:<br \/>\nDistanz: 5.32km; Aufstieg: 335m; Abstieg: 173m; Wanderzeit: 1h 46 min<\/p>\n<p><a lang=\"de&amp;bgLayer=pk&amp;season=summer&amp;resolution=10&amp;E=2705722&amp;N=1156416&amp;layers=Wanderland%2CStation&amp;trackId=4511892&quot;\" href=\"http:\/\/&lt;a href=\">Karte Schweizmobil:<\/a><\/p>\n<p><!-- index.php -->\n<div\n\tclass=\"ngg-galleryoverview ngg-ajax-pagination-none\"\n\tid=\"ngg-gallery-31401-1\">\n\n    \t<div class=\"slideshowlink\">\n        <a href='http:\/\/www.freimarianne.ch\/index.php\/nggallery\/slideshow?page_id=31167'>[Show as slideshow]<\/a>\n\t\t\n\t<\/div>\n\t\t\t<!-- Thumbnails -->\n\t\t\t\t<div id=\"ngg-image-0\" class=\"ngg-gallery-thumbnail-box\" >\n\t\t\t\t        <div class=\"ngg-gallery-thumbnail\">\n            <a href=\"http:\/\/www.freimarianne.ch\/wp-content\/gallery\/aquacalda-lukmanier-23-6-18\/IMG_1081.jpg\"\n               title=\"am Fluss Brenno\"\n               data-src=\"http:\/\/www.freimarianne.ch\/wp-content\/gallery\/aquacalda-lukmanier-23-6-18\/IMG_1081.jpg\"\n               data-thumbnail=\"http:\/\/www.freimarianne.ch\/wp-content\/gallery\/aquacalda-lukmanier-23-6-18\/thumbs\/thumbs_IMG_1081.jpg\"\n               data-image-id=\"18604\"\n               data-title=\"am Fluss Brenno\"\n               data-description=\"am Fluss Brenno\"\n               data-image-slug=\"img_1081-3\"\n               class=\"shutterset_31401\">\n                <img\n                    title=\"am Fluss Brenno\"\n                    alt=\"am Fluss Brenno\"\n                    src=\"http:\/\/www.freimarianne.ch\/wp-content\/gallery\/aquacalda-lukmanier-23-6-18\/thumbs\/thumbs_IMG_1081.jpg\"\n                    width=\"100\"\n                    height=\"75\"\n                    style=\"max-width:100%;\"\n                \/>\n            <\/a>\n        <\/div>\n\t\t\t\t\t\t\t<\/div> \n\t\t\t\n        \n\t\t\t\t<div id=\"ngg-image-1\" class=\"ngg-gallery-thumbnail-box\" >\n\t\t\t\t        <div class=\"ngg-gallery-thumbnail\">\n            <a href=\"http:\/\/www.freimarianne.ch\/wp-content\/gallery\/aquacalda-lukmanier-23-6-18\/IMG_1087.jpg\"\n               title=\"am Brenno mit Piz Rondadura 3016m\"\n               data-src=\"http:\/\/www.freimarianne.ch\/wp-content\/gallery\/aquacalda-lukmanier-23-6-18\/IMG_1087.jpg\"\n               data-thumbnail=\"http:\/\/www.freimarianne.ch\/wp-content\/gallery\/aquacalda-lukmanier-23-6-18\/thumbs\/thumbs_IMG_1087.jpg\"\n               data-image-id=\"18603\"\n               data-title=\"am Brenno mit Piz Rondadura 3016m\"\n               data-description=\"am Brenno mit Piz Rondadura 3016m\"\n               data-image-slug=\"img_1087-1\"\n               class=\"shutterset_31401\">\n                <img\n                    title=\"am Brenno mit Piz Rondadura 3016m\"\n                    alt=\"am Brenno mit Piz Rondadura 3016m\"\n                    src=\"http:\/\/www.freimarianne.ch\/wp-content\/gallery\/aquacalda-lukmanier-23-6-18\/thumbs\/thumbs_IMG_1087.jpg\"\n                    width=\"100\"\n                    height=\"75\"\n                    style=\"max-width:100%;\"\n                \/>\n            <\/a>\n        <\/div>\n\t\t\t\t\t\t\t<\/div> \n\t\t\t\n        \n\t\t\t\t<div id=\"ngg-image-2\" class=\"ngg-gallery-thumbnail-box\" >\n\t\t\t\t        <div class=\"ngg-gallery-thumbnail\">\n            <a href=\"http:\/\/www.freimarianne.ch\/wp-content\/gallery\/aquacalda-lukmanier-23-6-18\/IMG_1094.jpg\"\n               title=\"malerische Landschaft mit Piz Lai Blau\"\n               data-src=\"http:\/\/www.freimarianne.ch\/wp-content\/gallery\/aquacalda-lukmanier-23-6-18\/IMG_1094.jpg\"\n               data-thumbnail=\"http:\/\/www.freimarianne.ch\/wp-content\/gallery\/aquacalda-lukmanier-23-6-18\/thumbs\/thumbs_IMG_1094.jpg\"\n               data-image-id=\"18602\"\n               data-title=\"malerische Landschaft mit Piz Lai Blau\"\n               data-description=\"malerische Landschaft mit Piz Lai Blau\"\n               data-image-slug=\"img_1094-5\"\n               class=\"shutterset_31401\">\n                <img\n                    title=\"malerische Landschaft mit Piz Lai Blau\"\n                    alt=\"malerische Landschaft mit Piz Lai Blau\"\n                    src=\"http:\/\/www.freimarianne.ch\/wp-content\/gallery\/aquacalda-lukmanier-23-6-18\/thumbs\/thumbs_IMG_1094.jpg\"\n                    width=\"100\"\n                    height=\"75\"\n                    style=\"max-width:100%;\"\n                \/>\n            <\/a>\n        <\/div>\n\t\t\t\t\t\t\t<\/div> \n\t\t\t\n        \n\t\t\t\t<div id=\"ngg-image-3\" class=\"ngg-gallery-thumbnail-box\" >\n\t\t\t\t        <div class=\"ngg-gallery-thumbnail\">\n            <a href=\"http:\/\/www.freimarianne.ch\/wp-content\/gallery\/aquacalda-lukmanier-23-6-18\/IMG_1101.jpg\"\n               title=\"Alpe Gana  1820m\"\n               data-src=\"http:\/\/www.freimarianne.ch\/wp-content\/gallery\/aquacalda-lukmanier-23-6-18\/IMG_1101.jpg\"\n               data-thumbnail=\"http:\/\/www.freimarianne.ch\/wp-content\/gallery\/aquacalda-lukmanier-23-6-18\/thumbs\/thumbs_IMG_1101.jpg\"\n               data-image-id=\"18601\"\n               data-title=\"Alpe Gana  1820m\"\n               data-description=\"Alpe Gana  1820m\"\n               data-image-slug=\"img_1101-2\"\n               class=\"shutterset_31401\">\n                <img\n                    title=\"Alpe Gana  1820m\"\n                    alt=\"Alpe Gana  1820m\"\n                    src=\"http:\/\/www.freimarianne.ch\/wp-content\/gallery\/aquacalda-lukmanier-23-6-18\/thumbs\/thumbs_IMG_1101.jpg\"\n                    width=\"100\"\n                    height=\"75\"\n                    style=\"max-width:100%;\"\n                \/>\n            <\/a>\n        <\/div>\n\t\t\t\t\t\t\t<\/div> \n\t\t\t\n        \n\t\t\t\t<div id=\"ngg-image-4\" class=\"ngg-gallery-thumbnail-box\" >\n\t\t\t\t        <div class=\"ngg-gallery-thumbnail\">\n            <a href=\"http:\/\/www.freimarianne.ch\/wp-content\/gallery\/aquacalda-lukmanier-23-6-18\/IMG_1111.jpg\"\n               title=\"Herzbl\u00e4ttrige Kugelblume, Globularia cordifolia, Globulariaceae\"\n               data-src=\"http:\/\/www.freimarianne.ch\/wp-content\/gallery\/aquacalda-lukmanier-23-6-18\/IMG_1111.jpg\"\n               data-thumbnail=\"http:\/\/www.freimarianne.ch\/wp-content\/gallery\/aquacalda-lukmanier-23-6-18\/thumbs\/thumbs_IMG_1111.jpg\"\n               data-image-id=\"18600\"\n               data-title=\"Herzbl\u00c3\u00a4ttrige Kugelblume, Globularia cordifolia, Globulariaceae\"\n               data-description=\"Herzbl\u00e4ttrige Kugelblume, Globularia cordifolia, Globulariaceae\"\n               data-image-slug=\"img_1111\"\n               class=\"shutterset_31401\">\n                <img\n                    title=\"Herzbl\u00c3\u00a4ttrige Kugelblume, Globularia cordifolia, Globulariaceae\"\n                    alt=\"Herzbl\u00c3\u00a4ttrige Kugelblume, Globularia cordifolia, Globulariaceae\"\n                    src=\"http:\/\/www.freimarianne.ch\/wp-content\/gallery\/aquacalda-lukmanier-23-6-18\/thumbs\/thumbs_IMG_1111.jpg\"\n                    width=\"100\"\n                    height=\"75\"\n                    style=\"max-width:100%;\"\n                \/>\n            <\/a>\n        <\/div>\n\t\t\t\t\t\t\t<\/div> \n\t\t\t\n        \n\t\t\t\t<div id=\"ngg-image-5\" class=\"ngg-gallery-thumbnail-box\" >\n\t\t\t\t        <div class=\"ngg-gallery-thumbnail\">\n            <a href=\"http:\/\/www.freimarianne.ch\/wp-content\/gallery\/aquacalda-lukmanier-23-6-18\/IMG_1121.jpg\"\n               title=\"Pfad  duch weiches Gestein; unten Alp Pertusio\"\n               data-src=\"http:\/\/www.freimarianne.ch\/wp-content\/gallery\/aquacalda-lukmanier-23-6-18\/IMG_1121.jpg\"\n               data-thumbnail=\"http:\/\/www.freimarianne.ch\/wp-content\/gallery\/aquacalda-lukmanier-23-6-18\/thumbs\/thumbs_IMG_1121.jpg\"\n               data-image-id=\"18599\"\n               data-title=\"Pfad  duch weiches Gestein; unten Alp Pertusio\"\n               data-description=\"Pfad  duch weiches Gestein; unten Alp Pertusio\"\n               data-image-slug=\"img_1121-2\"\n               class=\"shutterset_31401\">\n                <img\n                    title=\"Pfad  duch weiches Gestein; unten Alp Pertusio\"\n                    alt=\"Pfad  duch weiches Gestein; unten Alp Pertusio\"\n                    src=\"http:\/\/www.freimarianne.ch\/wp-content\/gallery\/aquacalda-lukmanier-23-6-18\/thumbs\/thumbs_IMG_1121.jpg\"\n                    width=\"100\"\n                    height=\"75\"\n                    style=\"max-width:100%;\"\n                \/>\n            <\/a>\n        <\/div>\n\t\t\t\t\t\t\t<\/div> \n\t\t\t\n        \n\t\t\t\t<div id=\"ngg-image-6\" class=\"ngg-gallery-thumbnail-box\" >\n\t\t\t\t        <div class=\"ngg-gallery-thumbnail\">\n            <a href=\"http:\/\/www.freimarianne.ch\/wp-content\/gallery\/aquacalda-lukmanier-23-6-18\/IMG_1123.jpg\"\n               title=\"Alp Pertusio 1830m\"\n               data-src=\"http:\/\/www.freimarianne.ch\/wp-content\/gallery\/aquacalda-lukmanier-23-6-18\/IMG_1123.jpg\"\n               data-thumbnail=\"http:\/\/www.freimarianne.ch\/wp-content\/gallery\/aquacalda-lukmanier-23-6-18\/thumbs\/thumbs_IMG_1123.jpg\"\n               data-image-id=\"18598\"\n               data-title=\"Alp Pertusio 1830m\"\n               data-description=\"Alp Pertusio 1830m\"\n               data-image-slug=\"img_1123-3\"\n               class=\"shutterset_31401\">\n                <img\n                    title=\"Alp Pertusio 1830m\"\n                    alt=\"Alp Pertusio 1830m\"\n                    src=\"http:\/\/www.freimarianne.ch\/wp-content\/gallery\/aquacalda-lukmanier-23-6-18\/thumbs\/thumbs_IMG_1123.jpg\"\n                    width=\"100\"\n                    height=\"75\"\n                    style=\"max-width:100%;\"\n                \/>\n            <\/a>\n        <\/div>\n\t\t\t\t\t\t\t<\/div> \n\t\t\t\n        \n\t\t\t\t<div id=\"ngg-image-7\" class=\"ngg-gallery-thumbnail-box\" >\n\t\t\t\t        <div class=\"ngg-gallery-thumbnail\">\n            <a href=\"http:\/\/www.freimarianne.ch\/wp-content\/gallery\/aquacalda-lukmanier-23-6-18\/IMG_1128.jpg\"\n               title=\"hier geht es auf den Pass hinauf\"\n               data-src=\"http:\/\/www.freimarianne.ch\/wp-content\/gallery\/aquacalda-lukmanier-23-6-18\/IMG_1128.jpg\"\n               data-thumbnail=\"http:\/\/www.freimarianne.ch\/wp-content\/gallery\/aquacalda-lukmanier-23-6-18\/thumbs\/thumbs_IMG_1128.jpg\"\n               data-image-id=\"18597\"\n               data-title=\"hier geht es auf den Pass hinauf\"\n               data-description=\"hier geht es auf den Pass hinauf\"\n               data-image-slug=\"img_1128-3\"\n               class=\"shutterset_31401\">\n                <img\n                    title=\"hier geht es auf den Pass hinauf\"\n                    alt=\"hier geht es auf den Pass hinauf\"\n                    src=\"http:\/\/www.freimarianne.ch\/wp-content\/gallery\/aquacalda-lukmanier-23-6-18\/thumbs\/thumbs_IMG_1128.jpg\"\n                    width=\"100\"\n                    height=\"75\"\n                    style=\"max-width:100%;\"\n                \/>\n            <\/a>\n        <\/div>\n\t\t\t\t\t\t\t<\/div> \n\t\t\t\n        \n\t\t\t\t<div id=\"ngg-image-8\" class=\"ngg-gallery-thumbnail-box\" >\n\t\t\t\t        <div class=\"ngg-gallery-thumbnail\">\n            <a href=\"http:\/\/www.freimarianne.ch\/wp-content\/gallery\/aquacalda-lukmanier-23-6-18\/IMG_1132.jpg\"\n               title=\"Piz  Lai Blau 2983m, Piz Vatgira 2983m, vo Pkt 2759m, Piz Gannaretsch 3040m\"\n               data-src=\"http:\/\/www.freimarianne.ch\/wp-content\/gallery\/aquacalda-lukmanier-23-6-18\/IMG_1132.jpg\"\n               data-thumbnail=\"http:\/\/www.freimarianne.ch\/wp-content\/gallery\/aquacalda-lukmanier-23-6-18\/thumbs\/thumbs_IMG_1132.jpg\"\n               data-image-id=\"18596\"\n               data-title=\"Piz  Lai Blau 2983m, Piz Vatgira 2983m, vo Pkt 2759m, Piz Gannaretsch 3040m\"\n               data-description=\"Piz  Lai Blau 2983m, Piz Vatgira 2983m, vo Pkt 2759m, Piz Gannaretsch 3040m\"\n               data-image-slug=\"img_1132-1\"\n               class=\"shutterset_31401\">\n                <img\n                    title=\"Piz  Lai Blau 2983m, Piz Vatgira 2983m, vo Pkt 2759m, Piz Gannaretsch 3040m\"\n                    alt=\"Piz  Lai Blau 2983m, Piz Vatgira 2983m, vo Pkt 2759m, Piz Gannaretsch 3040m\"\n                    src=\"http:\/\/www.freimarianne.ch\/wp-content\/gallery\/aquacalda-lukmanier-23-6-18\/thumbs\/thumbs_IMG_1132.jpg\"\n                    width=\"100\"\n                    height=\"75\"\n                    style=\"max-width:100%;\"\n                \/>\n            <\/a>\n        <\/div>\n\t\t\t\t\t\t\t<\/div> \n\t\t\t\n        \n\t\t\t\t<div id=\"ngg-image-9\" class=\"ngg-gallery-thumbnail-box\" >\n\t\t\t\t        <div class=\"ngg-gallery-thumbnail\">\n            <a href=\"http:\/\/www.freimarianne.ch\/wp-content\/gallery\/aquacalda-lukmanier-23-6-18\/IMG_1134.jpg\"\n               title=\"Piz  Lai Blau 2983m, Piz Vatgira 2983m, vo Pkt 2759m, Piz Gannaretsch 3040m\"\n               data-src=\"http:\/\/www.freimarianne.ch\/wp-content\/gallery\/aquacalda-lukmanier-23-6-18\/IMG_1134.jpg\"\n               data-thumbnail=\"http:\/\/www.freimarianne.ch\/wp-content\/gallery\/aquacalda-lukmanier-23-6-18\/thumbs\/thumbs_IMG_1134.jpg\"\n               data-image-id=\"18595\"\n               data-title=\"Piz  Lai Blau 2983m, Piz Vatgira 2983m, vo Pkt 2759m, Piz Gannaretsch 3040m\"\n               data-description=\"Piz  Lai Blau 2983m, Piz Vatgira 2983m, vo Pkt 2759m, Piz Gannaretsch 3040m\"\n               data-image-slug=\"img_1134-2\"\n               class=\"shutterset_31401\">\n                <img\n                    title=\"Piz  Lai Blau 2983m, Piz Vatgira 2983m, vo Pkt 2759m, Piz Gannaretsch 3040m\"\n                    alt=\"Piz  Lai Blau 2983m, Piz Vatgira 2983m, vo Pkt 2759m, Piz Gannaretsch 3040m\"\n                    src=\"http:\/\/www.freimarianne.ch\/wp-content\/gallery\/aquacalda-lukmanier-23-6-18\/thumbs\/thumbs_IMG_1134.jpg\"\n                    width=\"100\"\n                    height=\"75\"\n                    style=\"max-width:100%;\"\n                \/>\n            <\/a>\n        <\/div>\n\t\t\t\t\t\t\t<\/div> \n\t\t\t\n        \n\t\t\t\t<div id=\"ngg-image-10\" class=\"ngg-gallery-thumbnail-box\" >\n\t\t\t\t        <div class=\"ngg-gallery-thumbnail\">\n            <a href=\"http:\/\/www.freimarianne.ch\/wp-content\/gallery\/aquacalda-lukmanier-23-6-18\/IMG_1135.jpg\"\n               title=\"auf der Passh\u00f6he; Piz Rondadura 3016m, davor Piz Scala 2741m\"\n               data-src=\"http:\/\/www.freimarianne.ch\/wp-content\/gallery\/aquacalda-lukmanier-23-6-18\/IMG_1135.jpg\"\n               data-thumbnail=\"http:\/\/www.freimarianne.ch\/wp-content\/gallery\/aquacalda-lukmanier-23-6-18\/thumbs\/thumbs_IMG_1135.jpg\"\n               data-image-id=\"18594\"\n               data-title=\"auf der Passh\u00c3\u00b6he; Piz Rondadura 3016m, davor Piz Scala 2741m\"\n               data-description=\"auf der Passh\u00f6he; Piz Rondadura 3016m, davor Piz Scala 2741m\"\n               data-image-slug=\"img_1135-1\"\n               class=\"shutterset_31401\">\n                <img\n                    title=\"auf der Passh\u00c3\u00b6he; Piz Rondadura 3016m, davor Piz Scala 2741m\"\n                    alt=\"auf der Passh\u00c3\u00b6he; Piz Rondadura 3016m, davor Piz Scala 2741m\"\n                    src=\"http:\/\/www.freimarianne.ch\/wp-content\/gallery\/aquacalda-lukmanier-23-6-18\/thumbs\/thumbs_IMG_1135.jpg\"\n                    width=\"100\"\n                    height=\"75\"\n                    style=\"max-width:100%;\"\n                \/>\n            <\/a>\n        <\/div>\n\t\t\t\t\t\t\t<\/div> \n\t\t\t\n        \n\t\t\t\t<div id=\"ngg-image-11\" class=\"ngg-gallery-thumbnail-box\" >\n\t\t\t\t        <div class=\"ngg-gallery-thumbnail\">\n            <a href=\"http:\/\/www.freimarianne.ch\/wp-content\/gallery\/aquacalda-lukmanier-23-6-18\/IMG_1143.jpg\"\n               title=\"Mehlprimel, Primula farinosa, Primulaceae\"\n               data-src=\"http:\/\/www.freimarianne.ch\/wp-content\/gallery\/aquacalda-lukmanier-23-6-18\/IMG_1143.jpg\"\n               data-thumbnail=\"http:\/\/www.freimarianne.ch\/wp-content\/gallery\/aquacalda-lukmanier-23-6-18\/thumbs\/thumbs_IMG_1143.jpg\"\n               data-image-id=\"18593\"\n               data-title=\"Mehlprimel, Primula farinosa, Primulaceae\"\n               data-description=\"Mehlprimel, Primula farinosa, Primulaceae\"\n               data-image-slug=\"img_1143\"\n               class=\"shutterset_31401\">\n                <img\n                    title=\"Mehlprimel, Primula farinosa, Primulaceae\"\n                    alt=\"Mehlprimel, Primula farinosa, Primulaceae\"\n                    src=\"http:\/\/www.freimarianne.ch\/wp-content\/gallery\/aquacalda-lukmanier-23-6-18\/thumbs\/thumbs_IMG_1143.jpg\"\n                    width=\"100\"\n                    height=\"75\"\n                    style=\"max-width:100%;\"\n                \/>\n            <\/a>\n        <\/div>\n\t\t\t\t\t\t\t<\/div> \n\t\t\t\n        \n\t\t\t\t<div id=\"ngg-image-12\" class=\"ngg-gallery-thumbnail-box\" >\n\t\t\t\t        <div class=\"ngg-gallery-thumbnail\">\n            <a href=\"http:\/\/www.freimarianne.ch\/wp-content\/gallery\/aquacalda-lukmanier-23-6-18\/IMG_1145.jpg\"\n               title=\"Lai da Sontga Maria; Pkt 2759m, Piz Gannaretsch 3040m\"\n               data-src=\"http:\/\/www.freimarianne.ch\/wp-content\/gallery\/aquacalda-lukmanier-23-6-18\/IMG_1145.jpg\"\n               data-thumbnail=\"http:\/\/www.freimarianne.ch\/wp-content\/gallery\/aquacalda-lukmanier-23-6-18\/thumbs\/thumbs_IMG_1145.jpg\"\n               data-image-id=\"18592\"\n               data-title=\"Lai da Sontga Maria; Pkt 2759m, Piz Gannaretsch 3040m\"\n               data-description=\"Lai da Sontga Maria; Pkt 2759m, Piz Gannaretsch 3040m\"\n               data-image-slug=\"img_1145-1\"\n               class=\"shutterset_31401\">\n                <img\n                    title=\"Lai da Sontga Maria; Pkt 2759m, Piz Gannaretsch 3040m\"\n                    alt=\"Lai da Sontga Maria; Pkt 2759m, Piz Gannaretsch 3040m\"\n                    src=\"http:\/\/www.freimarianne.ch\/wp-content\/gallery\/aquacalda-lukmanier-23-6-18\/thumbs\/thumbs_IMG_1145.jpg\"\n                    width=\"100\"\n                    height=\"75\"\n                    style=\"max-width:100%;\"\n                \/>\n            <\/a>\n        <\/div>\n\t\t\t\t\t\t\t<\/div> \n\t\t\t\n        \n\t\t\t\t<div id=\"ngg-image-13\" class=\"ngg-gallery-thumbnail-box\" >\n\t\t\t\t        <div class=\"ngg-gallery-thumbnail\">\n            <a href=\"http:\/\/www.freimarianne.ch\/wp-content\/gallery\/aquacalda-lukmanier-23-6-18\/IMG_1146.jpg\"\n               title=\"Gentiana verna\"\n               data-src=\"http:\/\/www.freimarianne.ch\/wp-content\/gallery\/aquacalda-lukmanier-23-6-18\/IMG_1146.jpg\"\n               data-thumbnail=\"http:\/\/www.freimarianne.ch\/wp-content\/gallery\/aquacalda-lukmanier-23-6-18\/thumbs\/thumbs_IMG_1146.jpg\"\n               data-image-id=\"18591\"\n               data-title=\"Gentiana verna\"\n               data-description=\"Gentiana verna\"\n               data-image-slug=\"img_1146-2\"\n               class=\"shutterset_31401\">\n                <img\n                    title=\"Gentiana verna\"\n                    alt=\"Gentiana verna\"\n                    src=\"http:\/\/www.freimarianne.ch\/wp-content\/gallery\/aquacalda-lukmanier-23-6-18\/thumbs\/thumbs_IMG_1146.jpg\"\n                    width=\"100\"\n                    height=\"75\"\n                    style=\"max-width:100%;\"\n                \/>\n            <\/a>\n        <\/div>\n\t\t\t\t\t\t\t<\/div> \n\t\t\t\n        \n\t\t\t\t<div id=\"ngg-image-14\" class=\"ngg-gallery-thumbnail-box\" >\n\t\t\t\t        <div class=\"ngg-gallery-thumbnail\">\n            <a href=\"http:\/\/www.freimarianne.ch\/wp-content\/gallery\/aquacalda-lukmanier-23-6-18\/IMG_1154.jpg\"\n               title=\"Piz Rondadura 3016m, davor Piz Scala 2741m, Piz dalla Val, Piz  Lai Blau 2983m,\"\n               data-src=\"http:\/\/www.freimarianne.ch\/wp-content\/gallery\/aquacalda-lukmanier-23-6-18\/IMG_1154.jpg\"\n               data-thumbnail=\"http:\/\/www.freimarianne.ch\/wp-content\/gallery\/aquacalda-lukmanier-23-6-18\/thumbs\/thumbs_IMG_1154.jpg\"\n               data-image-id=\"18590\"\n               data-title=\"Piz Rondadura 3016m, davor Piz Scala 2741m, Piz dalla Val, Piz  Lai Blau 2983m,\"\n               data-description=\"Piz Rondadura 3016m, davor Piz Scala 2741m, Piz dalla Val, Piz  Lai Blau 2983m,\"\n               data-image-slug=\"img_1154\"\n               class=\"shutterset_31401\">\n                <img\n                    title=\"Piz Rondadura 3016m, davor Piz Scala 2741m, Piz dalla Val, Piz  Lai Blau 2983m,\"\n                    alt=\"Piz Rondadura 3016m, davor Piz Scala 2741m, Piz dalla Val, Piz  Lai Blau 2983m,\"\n                    src=\"http:\/\/www.freimarianne.ch\/wp-content\/gallery\/aquacalda-lukmanier-23-6-18\/thumbs\/thumbs_IMG_1154.jpg\"\n                    width=\"100\"\n                    height=\"75\"\n                    style=\"max-width:100%;\"\n                \/>\n            <\/a>\n        <\/div>\n\t\t\t\t\t\t\t<\/div> \n\t\t\t\n        \n\t\t\n\t\t<!-- Pagination -->\n\t<div class='ngg-clear'><\/div>\t<\/div>\n<\/p>\n","protected":false},"excerpt":{"rendered":"<p>Wanderung von Aquacalda auf dem Lukmanierpass am Brenno; Piz Rondadura 3016m, davor Piz Scala 2741m, Piz dalla Val, Piz Lai Blau 2983m, Piz Vatgira 2983m Dies ist eine Vorbereitungstour f\u00fcr die geplante 2-t\u00e4gige Tour im Bleniotal. Ich m\u00f6chte mir das Pro Natura Zentrum Lucomagno anschauen. Nach einer langen Reise komme ich dort an,schaue mich um [&hellip;]<\/p>\n","protected":false},"author":1,"featured_media":0,"parent":30992,"menu_order":8,"comment_status":"closed","ping_status":"closed","template":"","meta":{"ngg_post_thumbnail":0},"_links":{"self":[{"href":"http:\/\/www.freimarianne.ch\/index.php?rest_route=\/wp\/v2\/pages\/31167"}],"collection":[{"href":"http:\/\/www.freimarianne.ch\/index.php?rest_route=\/wp\/v2\/pages"}],"about":[{"href":"http:\/\/www.freimarianne.ch\/index.php?rest_route=\/wp\/v2\/types\/page"}],"author":[{"embeddable":true,"href":"http:\/\/www.freimarianne.ch\/index.php?rest_route=\/wp\/v2\/users\/1"}],"replies":[{"embeddable":true,"href":"http:\/\/www.freimarianne.ch\/index.php?rest_route=%2Fwp%2Fv2%2Fcomments&post=31167"}],"version-history":[{"count":8,"href":"http:\/\/www.freimarianne.ch\/index.php?rest_route=\/wp\/v2\/pages\/31167\/revisions"}],"predecessor-version":[{"id":31402,"href":"http:\/\/www.freimarianne.ch\/index.php?rest_route=\/wp\/v2\/pages\/31167\/revisions\/31402"}],"up":[{"embeddable":true,"href":"http:\/\/www.freimarianne.ch\/index.php?rest_route=\/wp\/v2\/pages\/30992"}],"wp:attachment":[{"href":"http:\/\/www.freimarianne.ch\/index.php?rest_route=%2Fwp%2Fv2%2Fmedia&parent=31167"}],"curies":[{"name":"wp","href":"https:\/\/api.w.org\/{rel}","templated":true}]}}