{"id":31752,"date":"2018-07-23T06:20:53","date_gmt":"2018-07-23T05:20:53","guid":{"rendered":"http:\/\/www.freimarianne.ch\/?page_id=31752"},"modified":"2018-07-23T06:30:22","modified_gmt":"2018-07-23T05:30:22","slug":"kaiserstuhl-am-lungernsee-brunig-ow-19-7-2018","status":"publish","type":"page","link":"http:\/\/www.freimarianne.ch\/?page_id=31752","title":{"rendered":"Kaiserstuhl  am Lungernsee &#8211; Br\u00fcnig   OW  19.7.2018"},"content":{"rendered":"<p><strong>Wanderung am Lungernsee und Aufstieg auf den Br\u00fcnigpass <\/strong><\/p>\n<p><img loading=\"lazy\" class=\"size-full wp-image-31750\" src=\"http:\/\/www.freimarianne.ch\/wp-content\/uploads\/2018\/07\/IMG_0544_lungernsee_500.jpg\" alt=\"\" width=\"500\" height=\"375\" srcset=\"http:\/\/www.freimarianne.ch\/wp-content\/uploads\/2018\/07\/IMG_0544_lungernsee_500.jpg 500w, http:\/\/www.freimarianne.ch\/wp-content\/uploads\/2018\/07\/IMG_0544_lungernsee_500-300x225.jpg 300w, http:\/\/www.freimarianne.ch\/wp-content\/uploads\/2018\/07\/IMG_0544_lungernsee_500-400x300.jpg 400w\" sizes=\"(max-width: 500px) 100vw, 500px\" \/><br \/>\nBlick auf den Lungernsee vom Staudamm aus<\/p>\n<p>Ich beginne meine Wanderung um 9.14h in Kaiserstuhl am Lungernsee. Eignentlich sollte man von der Staumauer aus das pr\u00e4chtige Panorama mit den Bergen Rosenhorn, Wellhorn, Mittelhorn und Wetterhorn sehen. Aber leider lassen die Wolken das nicht zu. Ich wandere \u00fcber das Dorf B\u00fcrglen am orographisch linkem Ufer des Lungernsees entlang hin\u00fcber nach Diesselbach. Leider geht man hier lange auf Teer und dann auf einer Naturstrasse. Diesen Wegabschnitt muss man nichtunbedingt machen. Ich h\u00e4tte meine Wanderung in Lungern bei der Seilbahn nach Turren beginnen k\u00f6nnen! Aber zuvor besichtige ich doch noch den unteren Dundelwasserfall. Bei der Seilbahn f\u00fchrt der Wanderweg dem Bach enlang nach Norden. Bei Walchi bin ich dann auf dem Wanderweg zum Br\u00fcnigpass. Zuerst ist der Weg sehr rauh, dann steige ich durch die Wiese steil hinan und komme zur ersten Lichtung, R\u00fcti 1020m. Ich wandere teils durch den Wald, dann wieder \u00fcber Lichtungen in vielen Kurven hinauf zur Alp Sch\u00e4ri 1227m. Man muss stur den gelben Wegweisern folgen, denn es gibt immer wieder Abzweigungen. Man geht hier oft im Wald, was bei diesem Wetter sehr angenehm ist. In Sch\u00e4ri geht links der Weg hinunter zur Alp \u201e\u00c4lpeli\u201c, wo man auch vorbeikommt, wenn man Richtung Brienzer Rothorn wandern will. Da ich mich etwas beeile, erreiche ich auf dem Br\u00fcnig den Zug um 13.52h nach Luzern.<\/p>\n<p>Das war eine ganz interessante Wanderung in einem einsamen, unbekannten Gebiet<\/p>\n<p>Laut Schweizmobil:<br \/>\nDistanz: 11.74km; Aufstieg: 615m; Abstieg: 311m; Wanderzeit 3h 38 min<\/p>\n<p>Ich war von 9.15h mit einer Pause bis 13.45h unterwegs<\/p>\n<p><a href=\"https:\/\/map.schweizmobil.ch\/?lang=de&amp;bgLayer=pk&amp;season=summer&amp;resolution=20&amp;E=2654319&amp;N=1181796&amp;trackId=4609422\">Karte Schweizmobil:<\/a><\/p>\n<p><!-- index.php -->\n<div\n\tclass=\"ngg-galleryoverview ngg-ajax-pagination-none\"\n\tid=\"ngg-gallery-31810-1\">\n\n    \t<div class=\"slideshowlink\">\n        <a href='http:\/\/www.freimarianne.ch\/index.php\/nggallery\/slideshow?page_id=31752'>[Show as slideshow]<\/a>\n\t\t\n\t<\/div>\n\t\t\t<!-- Thumbnails -->\n\t\t\t\t<div id=\"ngg-image-0\" class=\"ngg-gallery-thumbnail-box\" >\n\t\t\t\t        <div class=\"ngg-gallery-thumbnail\">\n            <a href=\"http:\/\/www.freimarianne.ch\/wp-content\/gallery\/kaiserstuhl-brunig-19-7-18\/IMG_0545.jpg\"\n               title=\"Blick auf den Lungernsee vom Staudamm aus\"\n               data-src=\"http:\/\/www.freimarianne.ch\/wp-content\/gallery\/kaiserstuhl-brunig-19-7-18\/IMG_0545.jpg\"\n               data-thumbnail=\"http:\/\/www.freimarianne.ch\/wp-content\/gallery\/kaiserstuhl-brunig-19-7-18\/thumbs\/thumbs_IMG_0545.jpg\"\n               data-image-id=\"18751\"\n               data-title=\"Blick auf den Lungernsee vom Staudamm aus\"\n               data-description=\"Blick auf den Lungernsee vom Staudamm aus\"\n               data-image-slug=\"img_0545-3\"\n               class=\"shutterset_31810\">\n                <img\n                    title=\"Blick auf den Lungernsee vom Staudamm aus\"\n                    alt=\"Blick auf den Lungernsee vom Staudamm aus\"\n                    src=\"http:\/\/www.freimarianne.ch\/wp-content\/gallery\/kaiserstuhl-brunig-19-7-18\/thumbs\/thumbs_IMG_0545.jpg\"\n                    width=\"100\"\n                    height=\"75\"\n                    style=\"max-width:100%;\"\n                \/>\n            <\/a>\n        <\/div>\n\t\t\t\t\t\t\t<\/div> \n\t\t\t\n        \n\t\t\t\t<div id=\"ngg-image-1\" class=\"ngg-gallery-thumbnail-box\" >\n\t\t\t\t        <div class=\"ngg-gallery-thumbnail\">\n            <a href=\"http:\/\/www.freimarianne.ch\/wp-content\/gallery\/kaiserstuhl-brunig-19-7-18\/IMG_0548.jpg\"\n               title=\"Blick auf den Lungernsee\"\n               data-src=\"http:\/\/www.freimarianne.ch\/wp-content\/gallery\/kaiserstuhl-brunig-19-7-18\/IMG_0548.jpg\"\n               data-thumbnail=\"http:\/\/www.freimarianne.ch\/wp-content\/gallery\/kaiserstuhl-brunig-19-7-18\/thumbs\/thumbs_IMG_0548.jpg\"\n               data-image-id=\"18750\"\n               data-title=\"Blick auf den Lungernsee\"\n               data-description=\"Blick auf den Lungernsee\"\n               data-image-slug=\"img_0548-1\"\n               class=\"shutterset_31810\">\n                <img\n                    title=\"Blick auf den Lungernsee\"\n                    alt=\"Blick auf den Lungernsee\"\n                    src=\"http:\/\/www.freimarianne.ch\/wp-content\/gallery\/kaiserstuhl-brunig-19-7-18\/thumbs\/thumbs_IMG_0548.jpg\"\n                    width=\"100\"\n                    height=\"75\"\n                    style=\"max-width:100%;\"\n                \/>\n            <\/a>\n        <\/div>\n\t\t\t\t\t\t\t<\/div> \n\t\t\t\n        \n\t\t\t\t<div id=\"ngg-image-2\" class=\"ngg-gallery-thumbnail-box\" >\n\t\t\t\t        <div class=\"ngg-gallery-thumbnail\">\n            <a href=\"http:\/\/www.freimarianne.ch\/wp-content\/gallery\/kaiserstuhl-brunig-19-7-18\/IMG_0550.jpg\"\n               title=\"das Bad bei B\u00fcrglen\"\n               data-src=\"http:\/\/www.freimarianne.ch\/wp-content\/gallery\/kaiserstuhl-brunig-19-7-18\/IMG_0550.jpg\"\n               data-thumbnail=\"http:\/\/www.freimarianne.ch\/wp-content\/gallery\/kaiserstuhl-brunig-19-7-18\/thumbs\/thumbs_IMG_0550.jpg\"\n               data-image-id=\"18749\"\n               data-title=\"das Bad bei B\u00c3\u00bcrglen\"\n               data-description=\"das Bad bei B\u00fcrglen\"\n               data-image-slug=\"img_0550-1\"\n               class=\"shutterset_31810\">\n                <img\n                    title=\"das Bad bei B\u00c3\u00bcrglen\"\n                    alt=\"das Bad bei B\u00c3\u00bcrglen\"\n                    src=\"http:\/\/www.freimarianne.ch\/wp-content\/gallery\/kaiserstuhl-brunig-19-7-18\/thumbs\/thumbs_IMG_0550.jpg\"\n                    width=\"100\"\n                    height=\"75\"\n                    style=\"max-width:100%;\"\n                \/>\n            <\/a>\n        <\/div>\n\t\t\t\t\t\t\t<\/div> \n\t\t\t\n        \n\t\t\t\t<div id=\"ngg-image-3\" class=\"ngg-gallery-thumbnail-box\" >\n\t\t\t\t        <div class=\"ngg-gallery-thumbnail\">\n            <a href=\"http:\/\/www.freimarianne.ch\/wp-content\/gallery\/kaiserstuhl-brunig-19-7-18\/IMG_0551.jpg\"\n               title=\"die Kirche von B\u00fcrglen\"\n               data-src=\"http:\/\/www.freimarianne.ch\/wp-content\/gallery\/kaiserstuhl-brunig-19-7-18\/IMG_0551.jpg\"\n               data-thumbnail=\"http:\/\/www.freimarianne.ch\/wp-content\/gallery\/kaiserstuhl-brunig-19-7-18\/thumbs\/thumbs_IMG_0551.jpg\"\n               data-image-id=\"18748\"\n               data-title=\"die Kirche von B\u00c3\u00bcrglen\"\n               data-description=\"die Kirche von B\u00fcrglen\"\n               data-image-slug=\"img_0551-4\"\n               class=\"shutterset_31810\">\n                <img\n                    title=\"die Kirche von B\u00c3\u00bcrglen\"\n                    alt=\"die Kirche von B\u00c3\u00bcrglen\"\n                    src=\"http:\/\/www.freimarianne.ch\/wp-content\/gallery\/kaiserstuhl-brunig-19-7-18\/thumbs\/thumbs_IMG_0551.jpg\"\n                    width=\"100\"\n                    height=\"75\"\n                    style=\"max-width:100%;\"\n                \/>\n            <\/a>\n        <\/div>\n\t\t\t\t\t\t\t<\/div> \n\t\t\t\n        \n\t\t\t\t<div id=\"ngg-image-4\" class=\"ngg-gallery-thumbnail-box\" >\n\t\t\t\t        <div class=\"ngg-gallery-thumbnail\">\n            <a href=\"http:\/\/www.freimarianne.ch\/wp-content\/gallery\/kaiserstuhl-brunig-19-7-18\/IMG_0555.jpg\"\n               title=\"Panorama; Rosenhorn, vo Wellhorn, hi Mittelhorn\"\n               data-src=\"http:\/\/www.freimarianne.ch\/wp-content\/gallery\/kaiserstuhl-brunig-19-7-18\/IMG_0555.jpg\"\n               data-thumbnail=\"http:\/\/www.freimarianne.ch\/wp-content\/gallery\/kaiserstuhl-brunig-19-7-18\/thumbs\/thumbs_IMG_0555.jpg\"\n               data-image-id=\"18747\"\n               data-title=\"Panorama; Rosenhorn, vo Wellhorn, hi Mittelhorn\"\n               data-description=\"Panorama; Rosenhorn, vo Wellhorn, hi Mittelhorn\"\n               data-image-slug=\"img_0555-2\"\n               class=\"shutterset_31810\">\n                <img\n                    title=\"Panorama; Rosenhorn, vo Wellhorn, hi Mittelhorn\"\n                    alt=\"Panorama; Rosenhorn, vo Wellhorn, hi Mittelhorn\"\n                    src=\"http:\/\/www.freimarianne.ch\/wp-content\/gallery\/kaiserstuhl-brunig-19-7-18\/thumbs\/thumbs_IMG_0555.jpg\"\n                    width=\"100\"\n                    height=\"75\"\n                    style=\"max-width:100%;\"\n                \/>\n            <\/a>\n        <\/div>\n\t\t\t\t\t\t\t<\/div> \n\t\t\t\n        \n\t\t\t\t<div id=\"ngg-image-5\" class=\"ngg-gallery-thumbnail-box\" >\n\t\t\t\t        <div class=\"ngg-gallery-thumbnail\">\n            <a href=\"http:\/\/www.freimarianne.ch\/wp-content\/gallery\/kaiserstuhl-brunig-19-7-18\/IMG_0562.jpg\"\n               title=\"der kleine Dundelbach Fall\"\n               data-src=\"http:\/\/www.freimarianne.ch\/wp-content\/gallery\/kaiserstuhl-brunig-19-7-18\/IMG_0562.jpg\"\n               data-thumbnail=\"http:\/\/www.freimarianne.ch\/wp-content\/gallery\/kaiserstuhl-brunig-19-7-18\/thumbs\/thumbs_IMG_0562.jpg\"\n               data-image-id=\"18746\"\n               data-title=\"der kleine Dundelbach Fall\"\n               data-description=\"der kleine Dundelbach Fall\"\n               data-image-slug=\"img_0562-3\"\n               class=\"shutterset_31810\">\n                <img\n                    title=\"der kleine Dundelbach Fall\"\n                    alt=\"der kleine Dundelbach Fall\"\n                    src=\"http:\/\/www.freimarianne.ch\/wp-content\/gallery\/kaiserstuhl-brunig-19-7-18\/thumbs\/thumbs_IMG_0562.jpg\"\n                    width=\"100\"\n                    height=\"75\"\n                    style=\"max-width:100%;\"\n                \/>\n            <\/a>\n        <\/div>\n\t\t\t\t\t\t\t<\/div> \n\t\t\t\n        \n\t\t\t\t<div id=\"ngg-image-6\" class=\"ngg-gallery-thumbnail-box\" >\n\t\t\t\t        <div class=\"ngg-gallery-thumbnail\">\n            <a href=\"http:\/\/www.freimarianne.ch\/wp-content\/gallery\/kaiserstuhl-brunig-19-7-18\/IMG_0567.jpg\"\n               title=\"Blick auf das Wilerhorn 2004m\"\n               data-src=\"http:\/\/www.freimarianne.ch\/wp-content\/gallery\/kaiserstuhl-brunig-19-7-18\/IMG_0567.jpg\"\n               data-thumbnail=\"http:\/\/www.freimarianne.ch\/wp-content\/gallery\/kaiserstuhl-brunig-19-7-18\/thumbs\/thumbs_IMG_0567.jpg\"\n               data-image-id=\"18745\"\n               data-title=\"Blick auf das Wilerhorn 2004m\"\n               data-description=\"Blick auf das Wilerhorn 2004m\"\n               data-image-slug=\"img_0567-1\"\n               class=\"shutterset_31810\">\n                <img\n                    title=\"Blick auf das Wilerhorn 2004m\"\n                    alt=\"Blick auf das Wilerhorn 2004m\"\n                    src=\"http:\/\/www.freimarianne.ch\/wp-content\/gallery\/kaiserstuhl-brunig-19-7-18\/thumbs\/thumbs_IMG_0567.jpg\"\n                    width=\"100\"\n                    height=\"75\"\n                    style=\"max-width:100%;\"\n                \/>\n            <\/a>\n        <\/div>\n\t\t\t\t\t\t\t<\/div> \n\t\t\t\n        \n\t\t\t\t<div id=\"ngg-image-7\" class=\"ngg-gallery-thumbnail-box\" >\n\t\t\t\t        <div class=\"ngg-gallery-thumbnail\">\n            <a href=\"http:\/\/www.freimarianne.ch\/wp-content\/gallery\/kaiserstuhl-brunig-19-7-18\/IMG_0572.jpg\"\n               title=\"die Lichtung R\u00fcti\"\n               data-src=\"http:\/\/www.freimarianne.ch\/wp-content\/gallery\/kaiserstuhl-brunig-19-7-18\/IMG_0572.jpg\"\n               data-thumbnail=\"http:\/\/www.freimarianne.ch\/wp-content\/gallery\/kaiserstuhl-brunig-19-7-18\/thumbs\/thumbs_IMG_0572.jpg\"\n               data-image-id=\"18744\"\n               data-title=\"die Lichtung R\u00c3\u00bcti\"\n               data-description=\"die Lichtung R\u00fcti\"\n               data-image-slug=\"img_0572-4\"\n               class=\"shutterset_31810\">\n                <img\n                    title=\"die Lichtung R\u00c3\u00bcti\"\n                    alt=\"die Lichtung R\u00c3\u00bcti\"\n                    src=\"http:\/\/www.freimarianne.ch\/wp-content\/gallery\/kaiserstuhl-brunig-19-7-18\/thumbs\/thumbs_IMG_0572.jpg\"\n                    width=\"100\"\n                    height=\"75\"\n                    style=\"max-width:100%;\"\n                \/>\n            <\/a>\n        <\/div>\n\t\t\t\t\t\t\t<\/div> \n\t\t\t\n        \n\t\t\t\t<div id=\"ngg-image-8\" class=\"ngg-gallery-thumbnail-box\" >\n\t\t\t\t        <div class=\"ngg-gallery-thumbnail\">\n            <a href=\"http:\/\/www.freimarianne.ch\/wp-content\/gallery\/kaiserstuhl-brunig-19-7-18\/IMG_0576.jpg\"\n               title=\"oben Turren\"\n               data-src=\"http:\/\/www.freimarianne.ch\/wp-content\/gallery\/kaiserstuhl-brunig-19-7-18\/IMG_0576.jpg\"\n               data-thumbnail=\"http:\/\/www.freimarianne.ch\/wp-content\/gallery\/kaiserstuhl-brunig-19-7-18\/thumbs\/thumbs_IMG_0576.jpg\"\n               data-image-id=\"18743\"\n               data-title=\"oben Turren\"\n               data-description=\"oben Turren\"\n               data-image-slug=\"img_0576-2\"\n               class=\"shutterset_31810\">\n                <img\n                    title=\"oben Turren\"\n                    alt=\"oben Turren\"\n                    src=\"http:\/\/www.freimarianne.ch\/wp-content\/gallery\/kaiserstuhl-brunig-19-7-18\/thumbs\/thumbs_IMG_0576.jpg\"\n                    width=\"100\"\n                    height=\"75\"\n                    style=\"max-width:100%;\"\n                \/>\n            <\/a>\n        <\/div>\n\t\t\t\t\t\t\t<\/div> \n\t\t\t\n        \n\t\t\t\t<div id=\"ngg-image-9\" class=\"ngg-gallery-thumbnail-box\" >\n\t\t\t\t        <div class=\"ngg-gallery-thumbnail\">\n            <a href=\"http:\/\/www.freimarianne.ch\/wp-content\/gallery\/kaiserstuhl-brunig-19-7-18\/IMG_0577.jpg\"\n               title=\"Obwalden\"\n               data-src=\"http:\/\/www.freimarianne.ch\/wp-content\/gallery\/kaiserstuhl-brunig-19-7-18\/IMG_0577.jpg\"\n               data-thumbnail=\"http:\/\/www.freimarianne.ch\/wp-content\/gallery\/kaiserstuhl-brunig-19-7-18\/thumbs\/thumbs_IMG_0577.jpg\"\n               data-image-id=\"18742\"\n               data-title=\"Obwalden\"\n               data-description=\"Obwalden\"\n               data-image-slug=\"img_0577-3\"\n               class=\"shutterset_31810\">\n                <img\n                    title=\"Obwalden\"\n                    alt=\"Obwalden\"\n                    src=\"http:\/\/www.freimarianne.ch\/wp-content\/gallery\/kaiserstuhl-brunig-19-7-18\/thumbs\/thumbs_IMG_0577.jpg\"\n                    width=\"100\"\n                    height=\"75\"\n                    style=\"max-width:100%;\"\n                \/>\n            <\/a>\n        <\/div>\n\t\t\t\t\t\t\t<\/div> \n\t\t\t\n        \n\t\t\t\t<div id=\"ngg-image-10\" class=\"ngg-gallery-thumbnail-box\" >\n\t\t\t\t        <div class=\"ngg-gallery-thumbnail\">\n            <a href=\"http:\/\/www.freimarianne.ch\/wp-content\/gallery\/kaiserstuhl-brunig-19-7-18\/IMG_0579.jpg\"\n               title=\"die Lichtung Oberbr\u00fcnig 1097m\"\n               data-src=\"http:\/\/www.freimarianne.ch\/wp-content\/gallery\/kaiserstuhl-brunig-19-7-18\/IMG_0579.jpg\"\n               data-thumbnail=\"http:\/\/www.freimarianne.ch\/wp-content\/gallery\/kaiserstuhl-brunig-19-7-18\/thumbs\/thumbs_IMG_0579.jpg\"\n               data-image-id=\"18741\"\n               data-title=\"die Lichtung Oberbr\u00c3\u00bcnig 1097m\"\n               data-description=\"die Lichtung Oberbr\u00fcnig 1097m\"\n               data-image-slug=\"img_0579-5\"\n               class=\"shutterset_31810\">\n                <img\n                    title=\"die Lichtung Oberbr\u00c3\u00bcnig 1097m\"\n                    alt=\"die Lichtung Oberbr\u00c3\u00bcnig 1097m\"\n                    src=\"http:\/\/www.freimarianne.ch\/wp-content\/gallery\/kaiserstuhl-brunig-19-7-18\/thumbs\/thumbs_IMG_0579.jpg\"\n                    width=\"100\"\n                    height=\"75\"\n                    style=\"max-width:100%;\"\n                \/>\n            <\/a>\n        <\/div>\n\t\t\t\t\t\t\t<\/div> \n\t\t\t\n        \n\t\t\t\t<div id=\"ngg-image-11\" class=\"ngg-gallery-thumbnail-box\" >\n\t\t\t\t        <div class=\"ngg-gallery-thumbnail\">\n            <a href=\"http:\/\/www.freimarianne.ch\/wp-content\/gallery\/kaiserstuhl-brunig-19-7-18\/IMG_0587.jpg\"\n               title=\"die Alp Sch\u00e4ri 1227m   mit Wilerhorn 2004m\"\n               data-src=\"http:\/\/www.freimarianne.ch\/wp-content\/gallery\/kaiserstuhl-brunig-19-7-18\/IMG_0587.jpg\"\n               data-thumbnail=\"http:\/\/www.freimarianne.ch\/wp-content\/gallery\/kaiserstuhl-brunig-19-7-18\/thumbs\/thumbs_IMG_0587.jpg\"\n               data-image-id=\"18740\"\n               data-title=\"die Alp Sch\u00c3\u00a4ri 1227m   mit Wilerhorn 2004m\"\n               data-description=\"die Alp Sch\u00e4ri 1227m   mit Wilerhorn 2004m\"\n               data-image-slug=\"img_0587-2\"\n               class=\"shutterset_31810\">\n                <img\n                    title=\"die Alp Sch\u00c3\u00a4ri 1227m   mit Wilerhorn 2004m\"\n                    alt=\"die Alp Sch\u00c3\u00a4ri 1227m   mit Wilerhorn 2004m\"\n                    src=\"http:\/\/www.freimarianne.ch\/wp-content\/gallery\/kaiserstuhl-brunig-19-7-18\/thumbs\/thumbs_IMG_0587.jpg\"\n                    width=\"100\"\n                    height=\"75\"\n                    style=\"max-width:100%;\"\n                \/>\n            <\/a>\n        <\/div>\n\t\t\t\t\t\t\t<\/div> \n\t\t\t\n        \n\t\t\t\t<div id=\"ngg-image-12\" class=\"ngg-gallery-thumbnail-box\" >\n\t\t\t\t        <div class=\"ngg-gallery-thumbnail\">\n            <a href=\"http:\/\/www.freimarianne.ch\/wp-content\/gallery\/kaiserstuhl-brunig-19-7-18\/IMG_0588.jpg\"\n               title=\"Blick gegen li Gibel\"\n               data-src=\"http:\/\/www.freimarianne.ch\/wp-content\/gallery\/kaiserstuhl-brunig-19-7-18\/IMG_0588.jpg\"\n               data-thumbnail=\"http:\/\/www.freimarianne.ch\/wp-content\/gallery\/kaiserstuhl-brunig-19-7-18\/thumbs\/thumbs_IMG_0588.jpg\"\n               data-image-id=\"18739\"\n               data-title=\"Blick gegen li Gibel\"\n               data-description=\"Blick gegen li Gibel\"\n               data-image-slug=\"img_0588-1\"\n               class=\"shutterset_31810\">\n                <img\n                    title=\"Blick gegen li Gibel\"\n                    alt=\"Blick gegen li Gibel\"\n                    src=\"http:\/\/www.freimarianne.ch\/wp-content\/gallery\/kaiserstuhl-brunig-19-7-18\/thumbs\/thumbs_IMG_0588.jpg\"\n                    width=\"100\"\n                    height=\"75\"\n                    style=\"max-width:100%;\"\n                \/>\n            <\/a>\n        <\/div>\n\t\t\t\t\t\t\t<\/div> \n\t\t\t\n        \n\t\t\n\t\t<!-- Pagination -->\n\t<div class='ngg-clear'><\/div>\t<\/div>\n<\/p>\n","protected":false},"excerpt":{"rendered":"<p>Wanderung am Lungernsee und Aufstieg auf den Br\u00fcnigpass Blick auf den Lungernsee vom Staudamm aus Ich beginne meine Wanderung um 9.14h in Kaiserstuhl am Lungernsee. Eignentlich sollte man von der Staumauer aus das pr\u00e4chtige Panorama mit den Bergen Rosenhorn, Wellhorn, Mittelhorn und Wetterhorn sehen. Aber leider lassen die Wolken das nicht zu. Ich wandere \u00fcber [&hellip;]<\/p>\n","protected":false},"author":1,"featured_media":0,"parent":30992,"menu_order":16,"comment_status":"closed","ping_status":"closed","template":"","meta":{"ngg_post_thumbnail":0},"_links":{"self":[{"href":"http:\/\/www.freimarianne.ch\/index.php?rest_route=\/wp\/v2\/pages\/31752"}],"collection":[{"href":"http:\/\/www.freimarianne.ch\/index.php?rest_route=\/wp\/v2\/pages"}],"about":[{"href":"http:\/\/www.freimarianne.ch\/index.php?rest_route=\/wp\/v2\/types\/page"}],"author":[{"embeddable":true,"href":"http:\/\/www.freimarianne.ch\/index.php?rest_route=\/wp\/v2\/users\/1"}],"replies":[{"embeddable":true,"href":"http:\/\/www.freimarianne.ch\/index.php?rest_route=%2Fwp%2Fv2%2Fcomments&post=31752"}],"version-history":[{"count":4,"href":"http:\/\/www.freimarianne.ch\/index.php?rest_route=\/wp\/v2\/pages\/31752\/revisions"}],"predecessor-version":[{"id":31811,"href":"http:\/\/www.freimarianne.ch\/index.php?rest_route=\/wp\/v2\/pages\/31752\/revisions\/31811"}],"up":[{"embeddable":true,"href":"http:\/\/www.freimarianne.ch\/index.php?rest_route=\/wp\/v2\/pages\/30992"}],"wp:attachment":[{"href":"http:\/\/www.freimarianne.ch\/index.php?rest_route=%2Fwp%2Fv2%2Fmedia&parent=31752"}],"curies":[{"name":"wp","href":"https:\/\/api.w.org\/{rel}","templated":true}]}}