{"id":31754,"date":"2018-07-23T06:23:53","date_gmt":"2018-07-23T05:23:53","guid":{"rendered":"http:\/\/www.freimarianne.ch\/?page_id=31754"},"modified":"2018-07-23T06:41:38","modified_gmt":"2018-07-23T05:41:38","slug":"schonenwerd-aarau-20-7-2018","status":"publish","type":"page","link":"http:\/\/www.freimarianne.ch\/?page_id=31754","title":{"rendered":"Sch\u00f6nenwerd &#8211; Aarau  20.7.2018"},"content":{"rendered":"<p><strong>Wanderung an der Aare<\/strong><\/p>\n<p><img loading=\"lazy\" class=\"size-full wp-image-31751\" src=\"http:\/\/www.freimarianne.ch\/wp-content\/uploads\/2018\/07\/IMG_0616_scho\u0308nenwerd_500.jpg\" alt=\"\" width=\"500\" height=\"375\" srcset=\"http:\/\/www.freimarianne.ch\/wp-content\/uploads\/2018\/07\/IMG_0616_scho\u0308nenwerd_500.jpg 500w, http:\/\/www.freimarianne.ch\/wp-content\/uploads\/2018\/07\/IMG_0616_scho\u0308nenwerd_500-300x225.jpg 300w, http:\/\/www.freimarianne.ch\/wp-content\/uploads\/2018\/07\/IMG_0616_scho\u0308nenwerd_500-400x300.jpg 400w\" sizes=\"(max-width: 500px) 100vw, 500px\" \/><br \/>\nbeim Stauwehr bei Erlinsbach<\/p>\n<p>Um dem Tagesgangwetter auszuweichen, beginnen wir unsere Wanderung eher fr\u00fch.<br \/>\nUm 9.12h kommen wir in Sch\u00f6nenwerd an und machen einen Spaziergang im Ballypark. Dann queren auf einer H\u00e4ngebr\u00fccke einen Arm der Aare und wandern auf dem andern Ufer flussaufw\u00e4rts \u00a0 so zur Br\u00fccke bei Niederg\u00f6sgen. Dann folgen wir dem Wanderweg der Aare entlang. Wir sind positiv \u00fcberrascht von diesem Weg und der Sicht auf den Fluss. Beim Wehr bei Erlinsbach trinken wir einen Kaffee und wechseln auf die andere Flussseite. Wir k\u00f6nnen es nicht lassen, kurz in dieser sch\u00f6nen Auenlandschaft in den k\u00fchlen Fluss zu steigen, um uns abzuk\u00fchlen ( Baden verboten wegen dem Wehr). Mit neuer Engergie machen wir uns auf den Weg nach Aarau. Es ist immer sch\u00f6n durch diese Altstadt zu flanieren.<br \/>\nInzwischen hat sich das Wetter ver\u00e4ndert und es ist bew\u00f6lkt. Gerade richtig, um wieder zur\u00fcck nach Basel zu fahren.<br \/>\nDistanz: ca.10km<br \/>\nDiese Flusswanderung hat uns ausserordentlich gut gefallen.<\/p>\n<p><!-- index.php -->\n<div\n\tclass=\"ngg-galleryoverview ngg-ajax-pagination-none\"\n\tid=\"ngg-gallery-31812-1\">\n\n    \t<div class=\"slideshowlink\">\n        <a href='http:\/\/www.freimarianne.ch\/index.php\/nggallery\/slideshow?page_id=31754'>[Show as slideshow]<\/a>\n\t\t\n\t<\/div>\n\t\t\t<!-- Thumbnails -->\n\t\t\t\t<div id=\"ngg-image-0\" class=\"ngg-gallery-thumbnail-box\" >\n\t\t\t\t        <div class=\"ngg-gallery-thumbnail\">\n            <a href=\"http:\/\/www.freimarianne.ch\/wp-content\/gallery\/schonenwerd-aarau-20-7-18\/IMG_0592.jpg\"\n               title=\"im Ballypark Sch\u00f6nenwerd\"\n               data-src=\"http:\/\/www.freimarianne.ch\/wp-content\/gallery\/schonenwerd-aarau-20-7-18\/IMG_0592.jpg\"\n               data-thumbnail=\"http:\/\/www.freimarianne.ch\/wp-content\/gallery\/schonenwerd-aarau-20-7-18\/thumbs\/thumbs_IMG_0592.jpg\"\n               data-image-id=\"18762\"\n               data-title=\"im Ballypark Sch\u00c3\u00b6nenwerd\"\n               data-description=\"im Ballypark Sch\u00f6nenwerd\"\n               data-image-slug=\"img_0592-3\"\n               class=\"shutterset_31812\">\n                <img\n                    title=\"im Ballypark Sch\u00c3\u00b6nenwerd\"\n                    alt=\"im Ballypark Sch\u00c3\u00b6nenwerd\"\n                    src=\"http:\/\/www.freimarianne.ch\/wp-content\/gallery\/schonenwerd-aarau-20-7-18\/thumbs\/thumbs_IMG_0592.jpg\"\n                    width=\"100\"\n                    height=\"75\"\n                    style=\"max-width:100%;\"\n                \/>\n            <\/a>\n        <\/div>\n\t\t\t\t\t\t\t<\/div> \n\t\t\t\n        \n\t\t\t\t<div id=\"ngg-image-1\" class=\"ngg-gallery-thumbnail-box\" >\n\t\t\t\t        <div class=\"ngg-gallery-thumbnail\">\n            <a href=\"http:\/\/www.freimarianne.ch\/wp-content\/gallery\/schonenwerd-aarau-20-7-18\/IMG_0596.jpg\"\n               title=\"im Ballypark Sch\u00f6nenwerd\"\n               data-src=\"http:\/\/www.freimarianne.ch\/wp-content\/gallery\/schonenwerd-aarau-20-7-18\/IMG_0596.jpg\"\n               data-thumbnail=\"http:\/\/www.freimarianne.ch\/wp-content\/gallery\/schonenwerd-aarau-20-7-18\/thumbs\/thumbs_IMG_0596.jpg\"\n               data-image-id=\"18761\"\n               data-title=\"im Ballypark Sch\u00c3\u00b6nenwerd\"\n               data-description=\"im Ballypark Sch\u00f6nenwerd\"\n               data-image-slug=\"img_0596-5\"\n               class=\"shutterset_31812\">\n                <img\n                    title=\"im Ballypark Sch\u00c3\u00b6nenwerd\"\n                    alt=\"im Ballypark Sch\u00c3\u00b6nenwerd\"\n                    src=\"http:\/\/www.freimarianne.ch\/wp-content\/gallery\/schonenwerd-aarau-20-7-18\/thumbs\/thumbs_IMG_0596.jpg\"\n                    width=\"100\"\n                    height=\"75\"\n                    style=\"max-width:100%;\"\n                \/>\n            <\/a>\n        <\/div>\n\t\t\t\t\t\t\t<\/div> \n\t\t\t\n        \n\t\t\t\t<div id=\"ngg-image-2\" class=\"ngg-gallery-thumbnail-box\" >\n\t\t\t\t        <div class=\"ngg-gallery-thumbnail\">\n            <a href=\"http:\/\/www.freimarianne.ch\/wp-content\/gallery\/schonenwerd-aarau-20-7-18\/IMG_0598.jpg\"\n               title=\"im Ballypark Sch\u00f6nenwerd\"\n               data-src=\"http:\/\/www.freimarianne.ch\/wp-content\/gallery\/schonenwerd-aarau-20-7-18\/IMG_0598.jpg\"\n               data-thumbnail=\"http:\/\/www.freimarianne.ch\/wp-content\/gallery\/schonenwerd-aarau-20-7-18\/thumbs\/thumbs_IMG_0598.jpg\"\n               data-image-id=\"18760\"\n               data-title=\"im Ballypark Sch\u00c3\u00b6nenwerd\"\n               data-description=\"im Ballypark Sch\u00f6nenwerd\"\n               data-image-slug=\"img_0598-3\"\n               class=\"shutterset_31812\">\n                <img\n                    title=\"im Ballypark Sch\u00c3\u00b6nenwerd\"\n                    alt=\"im Ballypark Sch\u00c3\u00b6nenwerd\"\n                    src=\"http:\/\/www.freimarianne.ch\/wp-content\/gallery\/schonenwerd-aarau-20-7-18\/thumbs\/thumbs_IMG_0598.jpg\"\n                    width=\"100\"\n                    height=\"75\"\n                    style=\"max-width:100%;\"\n                \/>\n            <\/a>\n        <\/div>\n\t\t\t\t\t\t\t<\/div> \n\t\t\t\n        \n\t\t\t\t<div id=\"ngg-image-3\" class=\"ngg-gallery-thumbnail-box\" >\n\t\t\t\t        <div class=\"ngg-gallery-thumbnail\">\n            <a href=\"http:\/\/www.freimarianne.ch\/wp-content\/gallery\/schonenwerd-aarau-20-7-18\/IMG_0604.jpg\"\n               title=\"Seerosen  im Ballypark Sch\u00f6nenwerd\"\n               data-src=\"http:\/\/www.freimarianne.ch\/wp-content\/gallery\/schonenwerd-aarau-20-7-18\/IMG_0604.jpg\"\n               data-thumbnail=\"http:\/\/www.freimarianne.ch\/wp-content\/gallery\/schonenwerd-aarau-20-7-18\/thumbs\/thumbs_IMG_0604.jpg\"\n               data-image-id=\"18759\"\n               data-title=\"Seerosen  im Ballypark Sch\u00c3\u00b6nenwerd\"\n               data-description=\"Seerosen  im Ballypark Sch\u00f6nenwerd\"\n               data-image-slug=\"img_0604-1\"\n               class=\"shutterset_31812\">\n                <img\n                    title=\"Seerosen  im Ballypark Sch\u00c3\u00b6nenwerd\"\n                    alt=\"Seerosen  im Ballypark Sch\u00c3\u00b6nenwerd\"\n                    src=\"http:\/\/www.freimarianne.ch\/wp-content\/gallery\/schonenwerd-aarau-20-7-18\/thumbs\/thumbs_IMG_0604.jpg\"\n                    width=\"100\"\n                    height=\"75\"\n                    style=\"max-width:100%;\"\n                \/>\n            <\/a>\n        <\/div>\n\t\t\t\t\t\t\t<\/div> \n\t\t\t\n        \n\t\t\t\t<div id=\"ngg-image-4\" class=\"ngg-gallery-thumbnail-box\" >\n\t\t\t\t        <div class=\"ngg-gallery-thumbnail\">\n            <a href=\"http:\/\/www.freimarianne.ch\/wp-content\/gallery\/schonenwerd-aarau-20-7-18\/IMG_0605.jpg\"\n               title=\"am rechten Aare Arm\"\n               data-src=\"http:\/\/www.freimarianne.ch\/wp-content\/gallery\/schonenwerd-aarau-20-7-18\/IMG_0605.jpg\"\n               data-thumbnail=\"http:\/\/www.freimarianne.ch\/wp-content\/gallery\/schonenwerd-aarau-20-7-18\/thumbs\/thumbs_IMG_0605.jpg\"\n               data-image-id=\"18758\"\n               data-title=\"am rechten Aare Arm\"\n               data-description=\"am rechten Aare Arm\"\n               data-image-slug=\"img_0605-5\"\n               class=\"shutterset_31812\">\n                <img\n                    title=\"am rechten Aare Arm\"\n                    alt=\"am rechten Aare Arm\"\n                    src=\"http:\/\/www.freimarianne.ch\/wp-content\/gallery\/schonenwerd-aarau-20-7-18\/thumbs\/thumbs_IMG_0605.jpg\"\n                    width=\"100\"\n                    height=\"75\"\n                    style=\"max-width:100%;\"\n                \/>\n            <\/a>\n        <\/div>\n\t\t\t\t\t\t\t<\/div> \n\t\t\t\n        \n\t\t\t\t<div id=\"ngg-image-5\" class=\"ngg-gallery-thumbnail-box\" >\n\t\t\t\t        <div class=\"ngg-gallery-thumbnail\">\n            <a href=\"http:\/\/www.freimarianne.ch\/wp-content\/gallery\/schonenwerd-aarau-20-7-18\/IMG_0611.jpg\"\n               title=\"\"\n               data-src=\"http:\/\/www.freimarianne.ch\/wp-content\/gallery\/schonenwerd-aarau-20-7-18\/IMG_0611.jpg\"\n               data-thumbnail=\"http:\/\/www.freimarianne.ch\/wp-content\/gallery\/schonenwerd-aarau-20-7-18\/thumbs\/thumbs_IMG_0611.jpg\"\n               data-image-id=\"18757\"\n               data-title=\"IMG_0611\"\n               data-description=\"\"\n               data-image-slug=\"img_0611-3\"\n               class=\"shutterset_31812\">\n                <img\n                    title=\"IMG_0611\"\n                    alt=\"IMG_0611\"\n                    src=\"http:\/\/www.freimarianne.ch\/wp-content\/gallery\/schonenwerd-aarau-20-7-18\/thumbs\/thumbs_IMG_0611.jpg\"\n                    width=\"100\"\n                    height=\"75\"\n                    style=\"max-width:100%;\"\n                \/>\n            <\/a>\n        <\/div>\n\t\t\t\t\t\t\t<\/div> \n\t\t\t\n        \n\t\t\t\t<div id=\"ngg-image-6\" class=\"ngg-gallery-thumbnail-box\" >\n\t\t\t\t        <div class=\"ngg-gallery-thumbnail\">\n            <a href=\"http:\/\/www.freimarianne.ch\/wp-content\/gallery\/schonenwerd-aarau-20-7-18\/IMG_0613.jpg\"\n               title=\"am Stauwehr bei Erlinsbach\"\n               data-src=\"http:\/\/www.freimarianne.ch\/wp-content\/gallery\/schonenwerd-aarau-20-7-18\/IMG_0613.jpg\"\n               data-thumbnail=\"http:\/\/www.freimarianne.ch\/wp-content\/gallery\/schonenwerd-aarau-20-7-18\/thumbs\/thumbs_IMG_0613.jpg\"\n               data-image-id=\"18756\"\n               data-title=\"am Stauwehr bei Erlinsbach\"\n               data-description=\"am Stauwehr bei Erlinsbach\"\n               data-image-slug=\"img_0613-2\"\n               class=\"shutterset_31812\">\n                <img\n                    title=\"am Stauwehr bei Erlinsbach\"\n                    alt=\"am Stauwehr bei Erlinsbach\"\n                    src=\"http:\/\/www.freimarianne.ch\/wp-content\/gallery\/schonenwerd-aarau-20-7-18\/thumbs\/thumbs_IMG_0613.jpg\"\n                    width=\"100\"\n                    height=\"75\"\n                    style=\"max-width:100%;\"\n                \/>\n            <\/a>\n        <\/div>\n\t\t\t\t\t\t\t<\/div> \n\t\t\t\n        \n\t\t\t\t<div id=\"ngg-image-7\" class=\"ngg-gallery-thumbnail-box\" >\n\t\t\t\t        <div class=\"ngg-gallery-thumbnail\">\n            <a href=\"http:\/\/www.freimarianne.ch\/wp-content\/gallery\/schonenwerd-aarau-20-7-18\/IMG_0614.jpg\"\n               title=\"unterhalb dem  Stauwehr bei Erlinsbach\"\n               data-src=\"http:\/\/www.freimarianne.ch\/wp-content\/gallery\/schonenwerd-aarau-20-7-18\/IMG_0614.jpg\"\n               data-thumbnail=\"http:\/\/www.freimarianne.ch\/wp-content\/gallery\/schonenwerd-aarau-20-7-18\/thumbs\/thumbs_IMG_0614.jpg\"\n               data-image-id=\"18755\"\n               data-title=\"unterhalb dem  Stauwehr bei Erlinsbach\"\n               data-description=\"unterhalb dem  Stauwehr bei Erlinsbach\"\n               data-image-slug=\"img_0614-2\"\n               class=\"shutterset_31812\">\n                <img\n                    title=\"unterhalb dem  Stauwehr bei Erlinsbach\"\n                    alt=\"unterhalb dem  Stauwehr bei Erlinsbach\"\n                    src=\"http:\/\/www.freimarianne.ch\/wp-content\/gallery\/schonenwerd-aarau-20-7-18\/thumbs\/thumbs_IMG_0614.jpg\"\n                    width=\"100\"\n                    height=\"75\"\n                    style=\"max-width:100%;\"\n                \/>\n            <\/a>\n        <\/div>\n\t\t\t\t\t\t\t<\/div> \n\t\t\t\n        \n\t\t\t\t<div id=\"ngg-image-8\" class=\"ngg-gallery-thumbnail-box\" >\n\t\t\t\t        <div class=\"ngg-gallery-thumbnail\">\n            <a href=\"http:\/\/www.freimarianne.ch\/wp-content\/gallery\/schonenwerd-aarau-20-7-18\/IMG_0617.jpg\"\n               title=\"unterhalb dem  Stauwehr bei Erlinsbach\"\n               data-src=\"http:\/\/www.freimarianne.ch\/wp-content\/gallery\/schonenwerd-aarau-20-7-18\/IMG_0617.jpg\"\n               data-thumbnail=\"http:\/\/www.freimarianne.ch\/wp-content\/gallery\/schonenwerd-aarau-20-7-18\/thumbs\/thumbs_IMG_0617.jpg\"\n               data-image-id=\"18754\"\n               data-title=\"unterhalb dem  Stauwehr bei Erlinsbach\"\n               data-description=\"unterhalb dem  Stauwehr bei Erlinsbach\"\n               data-image-slug=\"img_0617-1\"\n               class=\"shutterset_31812\">\n                <img\n                    title=\"unterhalb dem  Stauwehr bei Erlinsbach\"\n                    alt=\"unterhalb dem  Stauwehr bei Erlinsbach\"\n                    src=\"http:\/\/www.freimarianne.ch\/wp-content\/gallery\/schonenwerd-aarau-20-7-18\/thumbs\/thumbs_IMG_0617.jpg\"\n                    width=\"100\"\n                    height=\"75\"\n                    style=\"max-width:100%;\"\n                \/>\n            <\/a>\n        <\/div>\n\t\t\t\t\t\t\t<\/div> \n\t\t\t\n        \n\t\t\t\t<div id=\"ngg-image-9\" class=\"ngg-gallery-thumbnail-box\" >\n\t\t\t\t        <div class=\"ngg-gallery-thumbnail\">\n            <a href=\"http:\/\/www.freimarianne.ch\/wp-content\/gallery\/schonenwerd-aarau-20-7-18\/IMG_0620.jpg\"\n               title=\"in Aarau\"\n               data-src=\"http:\/\/www.freimarianne.ch\/wp-content\/gallery\/schonenwerd-aarau-20-7-18\/IMG_0620.jpg\"\n               data-thumbnail=\"http:\/\/www.freimarianne.ch\/wp-content\/gallery\/schonenwerd-aarau-20-7-18\/thumbs\/thumbs_IMG_0620.jpg\"\n               data-image-id=\"18753\"\n               data-title=\"in Aarau\"\n               data-description=\"in Aarau\"\n               data-image-slug=\"img_0620-2\"\n               class=\"shutterset_31812\">\n                <img\n                    title=\"in Aarau\"\n                    alt=\"in Aarau\"\n                    src=\"http:\/\/www.freimarianne.ch\/wp-content\/gallery\/schonenwerd-aarau-20-7-18\/thumbs\/thumbs_IMG_0620.jpg\"\n                    width=\"100\"\n                    height=\"75\"\n                    style=\"max-width:100%;\"\n                \/>\n            <\/a>\n        <\/div>\n\t\t\t\t\t\t\t<\/div> \n\t\t\t\n        \n\t\t\t\t<div id=\"ngg-image-10\" class=\"ngg-gallery-thumbnail-box\" >\n\t\t\t\t        <div class=\"ngg-gallery-thumbnail\">\n            <a href=\"http:\/\/www.freimarianne.ch\/wp-content\/gallery\/schonenwerd-aarau-20-7-18\/IMG_0622.jpg\"\n               title=\"R\u00fcndi mit Sonnenblume\"\n               data-src=\"http:\/\/www.freimarianne.ch\/wp-content\/gallery\/schonenwerd-aarau-20-7-18\/IMG_0622.jpg\"\n               data-thumbnail=\"http:\/\/www.freimarianne.ch\/wp-content\/gallery\/schonenwerd-aarau-20-7-18\/thumbs\/thumbs_IMG_0622.jpg\"\n               data-image-id=\"18752\"\n               data-title=\"Version 2\"\n               data-description=\"R\u00fcndi mit Sonnenblume\"\n               data-image-slug=\"img_0622-5\"\n               class=\"shutterset_31812\">\n                <img\n                    title=\"Version 2\"\n                    alt=\"Version 2\"\n                    src=\"http:\/\/www.freimarianne.ch\/wp-content\/gallery\/schonenwerd-aarau-20-7-18\/thumbs\/thumbs_IMG_0622.jpg\"\n                    width=\"100\"\n                    height=\"75\"\n                    style=\"max-width:100%;\"\n                \/>\n            <\/a>\n        <\/div>\n\t\t\t\t\t\t\t<\/div> \n\t\t\t\n        \n\t\t\n\t\t<!-- Pagination -->\n\t<div class='ngg-clear'><\/div>\t<\/div>\n<\/p>\n","protected":false},"excerpt":{"rendered":"<p>Wanderung an der Aare beim Stauwehr bei Erlinsbach Um dem Tagesgangwetter auszuweichen, beginnen wir unsere Wanderung eher fr\u00fch. Um 9.12h kommen wir in Sch\u00f6nenwerd an und machen einen Spaziergang im Ballypark. Dann queren auf einer H\u00e4ngebr\u00fccke einen Arm der Aare und wandern auf dem andern Ufer flussaufw\u00e4rts \u00a0 so zur Br\u00fccke bei Niederg\u00f6sgen. Dann folgen [&hellip;]<\/p>\n","protected":false},"author":1,"featured_media":0,"parent":30992,"menu_order":17,"comment_status":"closed","ping_status":"closed","template":"","meta":{"ngg_post_thumbnail":0},"_links":{"self":[{"href":"http:\/\/www.freimarianne.ch\/index.php?rest_route=\/wp\/v2\/pages\/31754"}],"collection":[{"href":"http:\/\/www.freimarianne.ch\/index.php?rest_route=\/wp\/v2\/pages"}],"about":[{"href":"http:\/\/www.freimarianne.ch\/index.php?rest_route=\/wp\/v2\/types\/page"}],"author":[{"embeddable":true,"href":"http:\/\/www.freimarianne.ch\/index.php?rest_route=\/wp\/v2\/users\/1"}],"replies":[{"embeddable":true,"href":"http:\/\/www.freimarianne.ch\/index.php?rest_route=%2Fwp%2Fv2%2Fcomments&post=31754"}],"version-history":[{"count":3,"href":"http:\/\/www.freimarianne.ch\/index.php?rest_route=\/wp\/v2\/pages\/31754\/revisions"}],"predecessor-version":[{"id":31814,"href":"http:\/\/www.freimarianne.ch\/index.php?rest_route=\/wp\/v2\/pages\/31754\/revisions\/31814"}],"up":[{"embeddable":true,"href":"http:\/\/www.freimarianne.ch\/index.php?rest_route=\/wp\/v2\/pages\/30992"}],"wp:attachment":[{"href":"http:\/\/www.freimarianne.ch\/index.php?rest_route=%2Fwp%2Fv2%2Fmedia&parent=31754"}],"curies":[{"name":"wp","href":"https:\/\/api.w.org\/{rel}","templated":true}]}}