{"id":33849,"date":"2018-10-28T11:44:31","date_gmt":"2018-10-28T10:44:31","guid":{"rendered":"http:\/\/www.freimarianne.ch\/?page_id=33849"},"modified":"2018-10-28T11:47:17","modified_gmt":"2018-10-28T10:47:17","slug":"fiescheralp-bettmeralp-vs-20-10-2018","status":"publish","type":"page","link":"http:\/\/www.freimarianne.ch\/?page_id=33849","title":{"rendered":"Fiescheralp-Bettmeralp  VS  20.10.2018"},"content":{"rendered":"<p><strong>Wanderung von der Fiescheralp \u00fcber Sch\u00f6nbiel &#8211; Bettmersee &#8211; Bettmeralp<\/strong><\/p>\n<div id=\"attachment_33827\" style=\"width: 510px\" class=\"wp-caption alignleft\"><img aria-describedby=\"caption-attachment-33827\" loading=\"lazy\" src=\"http:\/\/www.freimarianne.ch\/wp-content\/uploads\/2018\/10\/IMG_5032_fiescheralp_20.10_500.jpg\" alt=\"\" width=\"500\" height=\"333\" class=\"size-full wp-image-33827\" srcset=\"http:\/\/www.freimarianne.ch\/wp-content\/uploads\/2018\/10\/IMG_5032_fiescheralp_20.10_500.jpg 500w, http:\/\/www.freimarianne.ch\/wp-content\/uploads\/2018\/10\/IMG_5032_fiescheralp_20.10_500-300x200.jpg 300w, http:\/\/www.freimarianne.ch\/wp-content\/uploads\/2018\/10\/IMG_5032_fiescheralp_20.10_500-450x300.jpg 450w\" sizes=\"(max-width: 500px) 100vw, 500px\" \/><p id=\"caption-attachment-33827\" class=\"wp-caption-text\">SIcht auf die Bettmeralp und den Bettmersee;<\/p><\/div>\n<p>Der z\u00e4he Hochnebel in den Nordschweiz treibt uns ins Wallis, wo der Himmel blau und wolkenlos ist. Von der Fiescheralp wandern wir hin\u00fcber und leicht hinauf auf Sch\u00f6nbiel 2290m, wobei wir den Sonnenachein und die pr\u00e4chtige Herbstlandschaft mit den roten Heidelbeerstr\u00e4uchern geniessen. Wir steigen dann hinunter an den Bettmersee, wo wir im kleinen Restaurant am See ein Glas Weisswein trinken. Vielleicht ist das der letzte  sch\u00f6ne Herbsttag!  Zufrieden wandern wir um den See und hinunter zur Seilbahn. Dies war nur eine kleine Wanderung aber doch ein sch\u00f6nes Erlebnis.<\/p>\n<p>Karte Schweizmobil:<br \/>\nDistanz: 6.43km; Aufstieg: 177m; Abstieg: 464m; Wanderzeit:1h 51 min<\/p>\n","protected":false},"excerpt":{"rendered":"<p>Wanderung von der Fiescheralp \u00fcber Sch\u00f6nbiel &#8211; Bettmersee &#8211; Bettmeralp Der z\u00e4he Hochnebel in den Nordschweiz treibt uns ins Wallis, wo der Himmel blau und wolkenlos ist. Von der Fiescheralp wandern wir hin\u00fcber und leicht hinauf auf Sch\u00f6nbiel 2290m, wobei wir den Sonnenachein und die pr\u00e4chtige Herbstlandschaft mit den roten Heidelbeerstr\u00e4uchern geniessen. Wir steigen dann [&hellip;]<\/p>\n","protected":false},"author":1,"featured_media":0,"parent":32741,"menu_order":20,"comment_status":"closed","ping_status":"closed","template":"","meta":{"ngg_post_thumbnail":0},"_links":{"self":[{"href":"http:\/\/www.freimarianne.ch\/index.php?rest_route=\/wp\/v2\/pages\/33849"}],"collection":[{"href":"http:\/\/www.freimarianne.ch\/index.php?rest_route=\/wp\/v2\/pages"}],"about":[{"href":"http:\/\/www.freimarianne.ch\/index.php?rest_route=\/wp\/v2\/types\/page"}],"author":[{"embeddable":true,"href":"http:\/\/www.freimarianne.ch\/index.php?rest_route=\/wp\/v2\/users\/1"}],"replies":[{"embeddable":true,"href":"http:\/\/www.freimarianne.ch\/index.php?rest_route=%2Fwp%2Fv2%2Fcomments&post=33849"}],"version-history":[{"count":5,"href":"http:\/\/www.freimarianne.ch\/index.php?rest_route=\/wp\/v2\/pages\/33849\/revisions"}],"predecessor-version":[{"id":33854,"href":"http:\/\/www.freimarianne.ch\/index.php?rest_route=\/wp\/v2\/pages\/33849\/revisions\/33854"}],"up":[{"embeddable":true,"href":"http:\/\/www.freimarianne.ch\/index.php?rest_route=\/wp\/v2\/pages\/32741"}],"wp:attachment":[{"href":"http:\/\/www.freimarianne.ch\/index.php?rest_route=%2Fwp%2Fv2%2Fmedia&parent=33849"}],"curies":[{"name":"wp","href":"https:\/\/api.w.org\/{rel}","templated":true}]}}