{"id":34428,"date":"2018-11-14T10:02:14","date_gmt":"2018-11-14T09:02:14","guid":{"rendered":"http:\/\/www.freimarianne.ch\/?page_id=34428"},"modified":"2018-11-14T10:06:31","modified_gmt":"2018-11-14T09:06:31","slug":"wildhaus-gamplut-sg-13-11-2018","status":"publish","type":"page","link":"http:\/\/www.freimarianne.ch\/?page_id=34428","title":{"rendered":"Wildhaus &#8211; Gampl\u00fct  SG  13.11.2018"},"content":{"rendered":"<p><strong>Kurze Wanderung von Wildhaus auf Gampl\u00fct ud hinunter nach Lisighaus<\/strong><\/p>\n<div id=\"attachment_34427\" style=\"width: 510px\" class=\"wp-caption alignleft\"><img aria-describedby=\"caption-attachment-34427\" loading=\"lazy\" class=\"size-full wp-image-34427\" src=\"http:\/\/www.freimarianne.ch\/wp-content\/uploads\/2018\/11\/IMG_5475_wildhaus.jpg\" alt=\"\" width=\"500\" height=\"333\" srcset=\"http:\/\/www.freimarianne.ch\/wp-content\/uploads\/2018\/11\/IMG_5475_wildhaus.jpg 500w, http:\/\/www.freimarianne.ch\/wp-content\/uploads\/2018\/11\/IMG_5475_wildhaus-300x200.jpg 300w, http:\/\/www.freimarianne.ch\/wp-content\/uploads\/2018\/11\/IMG_5475_wildhaus-450x300.jpg 450w\" sizes=\"(max-width: 500px) 100vw, 500px\" \/><p id=\"caption-attachment-34427\" class=\"wp-caption-text\">Blick auf den Schafberg<\/p><\/div>\n<p>Der Wetterbericht h\u00e4lt nicht, was er f\u00fcr die Ostschweiz verspricht!<br \/>\nAuch in Wildhaus ist es nicht sonnig sondern tr\u00fcbe; an den Churfirsten h\u00e4ngt schwer eine Wolkendecke. Aber ich bin ja hier um den Weg nach Gampl\u00fct zu rekognoszieren !<br \/>\nVon Wildhaus Dorf finde ich bald den Einstieg in den Wanderweg hinauf nach Gampl\u00fct, der wenig Hartbelag hat. Je weiter hinauf ich komme, desto schlechter ist das Wetter. Aus dem Tal steigen dichte Wolken auf und es wird k\u00fchl. Ich umrunde das Feuchtgebiet und mache mich dann an den Abstieg \u00fcber Pl\u00e4ttli, wobei ich doch noch neben Strassen einige Wanderwege benutzen kann. Ich habe auf dieser kurzen Wanderung etliche Winterwanderwegzeichen gesehen. Vielleicht gibt es im Winter eine Gelegenheit, hier zu wandern! Bei sch\u00f6nem Wetter und gen\u00fcgend Schnee w\u00e4re das sicher eine nette Tour. Ach habe ich etliche Ideen f\u00fcr Sommerwanderungen in diesem Gebiet gesehen.<\/p>\n<p>Laut Schweizmobil:<br \/>\nDistanz: 5.16km;Aufstieg: 292m; Abstieg: 340m; Wanderzeit: 1h 43min<\/p>\n<p><a href=\"https:\/\/map.schweizmobil.ch\/?lang=de&amp;bgLayer=pk&amp;season=summer&amp;resolution=5&amp;E=2744162&amp;N=1230416&amp;trackId=5111408\">Karte Schweizmobil:<\/a><\/p>\n<p><!-- index.php -->\n<div\n\tclass=\"ngg-galleryoverview ngg-ajax-pagination-none\"\n\tid=\"ngg-gallery-34449-1\">\n\n    \t<div class=\"slideshowlink\">\n        <a href='http:\/\/www.freimarianne.ch\/index.php\/nggallery\/slideshow?page_id=34428'>[Show as slideshow]<\/a>\n\t\t\n\t<\/div>\n\t\t\t<!-- Thumbnails -->\n\t\t\t\t<div id=\"ngg-image-0\" class=\"ngg-gallery-thumbnail-box\" >\n\t\t\t\t        <div class=\"ngg-gallery-thumbnail\">\n            <a href=\"http:\/\/www.freimarianne.ch\/wp-content\/gallery\/wildhaus-13-11-2018\/IMG_5468.jpg\"\n               title=\"Wildhaus mit Schafberg und Gulmen\"\n               data-src=\"http:\/\/www.freimarianne.ch\/wp-content\/gallery\/wildhaus-13-11-2018\/IMG_5468.jpg\"\n               data-thumbnail=\"http:\/\/www.freimarianne.ch\/wp-content\/gallery\/wildhaus-13-11-2018\/thumbs\/thumbs_IMG_5468.jpg\"\n               data-image-id=\"19838\"\n               data-title=\"Wildhaus mit Schafberg und Gulmen\"\n               data-description=\"Wildhaus mit Schafberg und Gulmen\"\n               data-image-slug=\"img_5468\"\n               class=\"shutterset_34449\">\n                <img\n                    title=\"Wildhaus mit Schafberg und Gulmen\"\n                    alt=\"Wildhaus mit Schafberg und Gulmen\"\n                    src=\"http:\/\/www.freimarianne.ch\/wp-content\/gallery\/wildhaus-13-11-2018\/thumbs\/thumbs_IMG_5468.jpg\"\n                    width=\"100\"\n                    height=\"75\"\n                    style=\"max-width:100%;\"\n                \/>\n            <\/a>\n        <\/div>\n\t\t\t\t\t\t\t<\/div> \n\t\t\t\n        \n\t\t\t\t<div id=\"ngg-image-1\" class=\"ngg-gallery-thumbnail-box\" >\n\t\t\t\t        <div class=\"ngg-gallery-thumbnail\">\n            <a href=\"http:\/\/www.freimarianne.ch\/wp-content\/gallery\/wildhaus-13-11-2018\/IMG_5471.jpg\"\n               title=\"das einzige Himmelsblau heute\"\n               data-src=\"http:\/\/www.freimarianne.ch\/wp-content\/gallery\/wildhaus-13-11-2018\/IMG_5471.jpg\"\n               data-thumbnail=\"http:\/\/www.freimarianne.ch\/wp-content\/gallery\/wildhaus-13-11-2018\/thumbs\/thumbs_IMG_5471.jpg\"\n               data-image-id=\"19839\"\n               data-title=\"das einzige Himmelsblau heute\"\n               data-description=\"das einzige Himmelsblau heute\"\n               data-image-slug=\"img_5471-3\"\n               class=\"shutterset_34449\">\n                <img\n                    title=\"das einzige Himmelsblau heute\"\n                    alt=\"das einzige Himmelsblau heute\"\n                    src=\"http:\/\/www.freimarianne.ch\/wp-content\/gallery\/wildhaus-13-11-2018\/thumbs\/thumbs_IMG_5471.jpg\"\n                    width=\"100\"\n                    height=\"75\"\n                    style=\"max-width:100%;\"\n                \/>\n            <\/a>\n        <\/div>\n\t\t\t\t\t\t\t<\/div> \n\t\t\t\n        \n\t\t\t\t<div id=\"ngg-image-2\" class=\"ngg-gallery-thumbnail-box\" >\n\t\t\t\t        <div class=\"ngg-gallery-thumbnail\">\n            <a href=\"http:\/\/www.freimarianne.ch\/wp-content\/gallery\/wildhaus-13-11-2018\/IMG_5476.jpg\"\n               title=\"Blick gegen dsa Rheintal, Lichtenstein\"\n               data-src=\"http:\/\/www.freimarianne.ch\/wp-content\/gallery\/wildhaus-13-11-2018\/IMG_5476.jpg\"\n               data-thumbnail=\"http:\/\/www.freimarianne.ch\/wp-content\/gallery\/wildhaus-13-11-2018\/thumbs\/thumbs_IMG_5476.jpg\"\n               data-image-id=\"19840\"\n               data-title=\"Blick gegen dsa Rheintal, Lichtenstein\"\n               data-description=\"Blick gegen dsa Rheintal, Lichtenstein\"\n               data-image-slug=\"img_5476-3\"\n               class=\"shutterset_34449\">\n                <img\n                    title=\"Blick gegen dsa Rheintal, Lichtenstein\"\n                    alt=\"Blick gegen dsa Rheintal, Lichtenstein\"\n                    src=\"http:\/\/www.freimarianne.ch\/wp-content\/gallery\/wildhaus-13-11-2018\/thumbs\/thumbs_IMG_5476.jpg\"\n                    width=\"100\"\n                    height=\"75\"\n                    style=\"max-width:100%;\"\n                \/>\n            <\/a>\n        <\/div>\n\t\t\t\t\t\t\t<\/div> \n\t\t\t\n        \n\t\t\t\t<div id=\"ngg-image-3\" class=\"ngg-gallery-thumbnail-box\" >\n\t\t\t\t        <div class=\"ngg-gallery-thumbnail\">\n            <a href=\"http:\/\/www.freimarianne.ch\/wp-content\/gallery\/wildhaus-13-11-2018\/IMG_5477.jpg\"\n               title=\"Blick gegen den Schafberg\"\n               data-src=\"http:\/\/www.freimarianne.ch\/wp-content\/gallery\/wildhaus-13-11-2018\/IMG_5477.jpg\"\n               data-thumbnail=\"http:\/\/www.freimarianne.ch\/wp-content\/gallery\/wildhaus-13-11-2018\/thumbs\/thumbs_IMG_5477.jpg\"\n               data-image-id=\"19841\"\n               data-title=\"Blick gegen den Schafberg\"\n               data-description=\"Blick gegen den Schafberg\"\n               data-image-slug=\"img_5477-1\"\n               class=\"shutterset_34449\">\n                <img\n                    title=\"Blick gegen den Schafberg\"\n                    alt=\"Blick gegen den Schafberg\"\n                    src=\"http:\/\/www.freimarianne.ch\/wp-content\/gallery\/wildhaus-13-11-2018\/thumbs\/thumbs_IMG_5477.jpg\"\n                    width=\"100\"\n                    height=\"75\"\n                    style=\"max-width:100%;\"\n                \/>\n            <\/a>\n        <\/div>\n\t\t\t\t\t\t\t<\/div> \n\t\t\t\n        \n\t\t\t\t<div id=\"ngg-image-4\" class=\"ngg-gallery-thumbnail-box\" >\n\t\t\t\t        <div class=\"ngg-gallery-thumbnail\">\n            <a href=\"http:\/\/www.freimarianne.ch\/wp-content\/gallery\/wildhaus-13-11-2018\/IMG_5481.jpg\"\n               title=\"Blick hinunter ins Rheintal\"\n               data-src=\"http:\/\/www.freimarianne.ch\/wp-content\/gallery\/wildhaus-13-11-2018\/IMG_5481.jpg\"\n               data-thumbnail=\"http:\/\/www.freimarianne.ch\/wp-content\/gallery\/wildhaus-13-11-2018\/thumbs\/thumbs_IMG_5481.jpg\"\n               data-image-id=\"19842\"\n               data-title=\"Blick hinunter ins Rheintal\"\n               data-description=\"Blick hinunter ins Rheintal\"\n               data-image-slug=\"img_5481-1\"\n               class=\"shutterset_34449\">\n                <img\n                    title=\"Blick hinunter ins Rheintal\"\n                    alt=\"Blick hinunter ins Rheintal\"\n                    src=\"http:\/\/www.freimarianne.ch\/wp-content\/gallery\/wildhaus-13-11-2018\/thumbs\/thumbs_IMG_5481.jpg\"\n                    width=\"100\"\n                    height=\"75\"\n                    style=\"max-width:100%;\"\n                \/>\n            <\/a>\n        <\/div>\n\t\t\t\t\t\t\t<\/div> \n\t\t\t\n        \n\t\t\t\t<div id=\"ngg-image-5\" class=\"ngg-gallery-thumbnail-box\" >\n\t\t\t\t        <div class=\"ngg-gallery-thumbnail\">\n            <a href=\"http:\/\/www.freimarianne.ch\/wp-content\/gallery\/wildhaus-13-11-2018\/IMG_5493.jpg\"\n               title=\"das Feuchtgebiet von Gampl\u00fct\"\n               data-src=\"http:\/\/www.freimarianne.ch\/wp-content\/gallery\/wildhaus-13-11-2018\/IMG_5493.jpg\"\n               data-thumbnail=\"http:\/\/www.freimarianne.ch\/wp-content\/gallery\/wildhaus-13-11-2018\/thumbs\/thumbs_IMG_5493.jpg\"\n               data-image-id=\"19843\"\n               data-title=\"das Feuchtgebiet von Gampl\u00c3\u00bct\"\n               data-description=\"das Feuchtgebiet von Gampl\u00fct\"\n               data-image-slug=\"img_5493-3\"\n               class=\"shutterset_34449\">\n                <img\n                    title=\"das Feuchtgebiet von Gampl\u00c3\u00bct\"\n                    alt=\"das Feuchtgebiet von Gampl\u00c3\u00bct\"\n                    src=\"http:\/\/www.freimarianne.ch\/wp-content\/gallery\/wildhaus-13-11-2018\/thumbs\/thumbs_IMG_5493.jpg\"\n                    width=\"100\"\n                    height=\"75\"\n                    style=\"max-width:100%;\"\n                \/>\n            <\/a>\n        <\/div>\n\t\t\t\t\t\t\t<\/div> \n\t\t\t\n        \n\t\t\t\t<div id=\"ngg-image-6\" class=\"ngg-gallery-thumbnail-box\" >\n\t\t\t\t        <div class=\"ngg-gallery-thumbnail\">\n            <a href=\"http:\/\/www.freimarianne.ch\/wp-content\/gallery\/wildhaus-13-11-2018\/IMG_5500.jpg\"\n               title=\"hinunter auf Wanderweg\"\n               data-src=\"http:\/\/www.freimarianne.ch\/wp-content\/gallery\/wildhaus-13-11-2018\/IMG_5500.jpg\"\n               data-thumbnail=\"http:\/\/www.freimarianne.ch\/wp-content\/gallery\/wildhaus-13-11-2018\/thumbs\/thumbs_IMG_5500.jpg\"\n               data-image-id=\"19844\"\n               data-title=\"hinunter auf Wanderweg\"\n               data-description=\"hinunter auf Wanderweg\"\n               data-image-slug=\"img_5500\"\n               class=\"shutterset_34449\">\n                <img\n                    title=\"hinunter auf Wanderweg\"\n                    alt=\"hinunter auf Wanderweg\"\n                    src=\"http:\/\/www.freimarianne.ch\/wp-content\/gallery\/wildhaus-13-11-2018\/thumbs\/thumbs_IMG_5500.jpg\"\n                    width=\"100\"\n                    height=\"75\"\n                    style=\"max-width:100%;\"\n                \/>\n            <\/a>\n        <\/div>\n\t\t\t\t\t\t\t<\/div> \n\t\t\t\n        \n\t\t\t\t<div id=\"ngg-image-7\" class=\"ngg-gallery-thumbnail-box\" >\n\t\t\t\t        <div class=\"ngg-gallery-thumbnail\">\n            <a href=\"http:\/\/www.freimarianne.ch\/wp-content\/gallery\/wildhaus-13-11-2018\/IMG_5504.jpg\"\n               title=\"hinunter auf Wanderweg\"\n               data-src=\"http:\/\/www.freimarianne.ch\/wp-content\/gallery\/wildhaus-13-11-2018\/IMG_5504.jpg\"\n               data-thumbnail=\"http:\/\/www.freimarianne.ch\/wp-content\/gallery\/wildhaus-13-11-2018\/thumbs\/thumbs_IMG_5504.jpg\"\n               data-image-id=\"19845\"\n               data-title=\"hinunter auf Wanderweg\"\n               data-description=\"hinunter auf Wanderweg\"\n               data-image-slug=\"img_5504\"\n               class=\"shutterset_34449\">\n                <img\n                    title=\"hinunter auf Wanderweg\"\n                    alt=\"hinunter auf Wanderweg\"\n                    src=\"http:\/\/www.freimarianne.ch\/wp-content\/gallery\/wildhaus-13-11-2018\/thumbs\/thumbs_IMG_5504.jpg\"\n                    width=\"100\"\n                    height=\"75\"\n                    style=\"max-width:100%;\"\n                \/>\n            <\/a>\n        <\/div>\n\t\t\t\t\t\t\t<\/div> \n\t\t\t\n        \n\t\t\n\t\t<!-- Pagination -->\n\t<div class='ngg-clear'><\/div>\t<\/div>\n<\/p>\n","protected":false},"excerpt":{"rendered":"<p>Kurze Wanderung von Wildhaus auf Gampl\u00fct ud hinunter nach Lisighaus Der Wetterbericht h\u00e4lt nicht, was er f\u00fcr die Ostschweiz verspricht! Auch in Wildhaus ist es nicht sonnig sondern tr\u00fcbe; an den Churfirsten h\u00e4ngt schwer eine Wolkendecke. Aber ich bin ja hier um den Weg nach Gampl\u00fct zu rekognoszieren ! Von Wildhaus Dorf finde ich bald [&hellip;]<\/p>\n","protected":false},"author":1,"featured_media":0,"parent":32741,"menu_order":26,"comment_status":"closed","ping_status":"closed","template":"","meta":{"ngg_post_thumbnail":0},"_links":{"self":[{"href":"http:\/\/www.freimarianne.ch\/index.php?rest_route=\/wp\/v2\/pages\/34428"}],"collection":[{"href":"http:\/\/www.freimarianne.ch\/index.php?rest_route=\/wp\/v2\/pages"}],"about":[{"href":"http:\/\/www.freimarianne.ch\/index.php?rest_route=\/wp\/v2\/types\/page"}],"author":[{"embeddable":true,"href":"http:\/\/www.freimarianne.ch\/index.php?rest_route=\/wp\/v2\/users\/1"}],"replies":[{"embeddable":true,"href":"http:\/\/www.freimarianne.ch\/index.php?rest_route=%2Fwp%2Fv2%2Fcomments&post=34428"}],"version-history":[{"count":3,"href":"http:\/\/www.freimarianne.ch\/index.php?rest_route=\/wp\/v2\/pages\/34428\/revisions"}],"predecessor-version":[{"id":34450,"href":"http:\/\/www.freimarianne.ch\/index.php?rest_route=\/wp\/v2\/pages\/34428\/revisions\/34450"}],"up":[{"embeddable":true,"href":"http:\/\/www.freimarianne.ch\/index.php?rest_route=\/wp\/v2\/pages\/32741"}],"wp:attachment":[{"href":"http:\/\/www.freimarianne.ch\/index.php?rest_route=%2Fwp%2Fv2%2Fmedia&parent=34428"}],"curies":[{"name":"wp","href":"https:\/\/api.w.org\/{rel}","templated":true}]}}