{"id":3466,"date":"2012-12-23T12:00:10","date_gmt":"2012-12-23T11:00:10","guid":{"rendered":"http:\/\/www.freimarianne.ch\/?page_id=3466"},"modified":"2012-12-31T10:37:12","modified_gmt":"2012-12-31T09:37:12","slug":"tete-de-ran-22-12-2012","status":"publish","type":"page","link":"http:\/\/www.freimarianne.ch\/?page_id=3466","title":{"rendered":"T\u00eate de Ran 22.12.2012"},"content":{"rendered":"<p><strong> Schneeschuhtour<\/strong> vom Pass Vue-des-Alpes zum  T\u00eate de Ran und zur\u00fcck.<br \/>\nWegen dichten Nebel konnte ich nicht weiter gehen zum Mont Racine und zum Col de la Tourne. Es lag sehr viel Schnee (Bruchharst) hier oben, was mehr Zeit beanspruchte.<br \/>\nBei sch\u00f6nem Wetter w\u00e4re das eine sch\u00f6ne Tour mit grossartiger Sicht auf die Alpen.<br \/>\n<img loading=\"lazy\" src=\"http:\/\/www.freimarianne.ch\/wp-content\/uploads\/2012\/12\/IMG_1832_ran_500.jpg\" alt=\"\" title=\"IMG_1832_ran_500\" width=\"500\" height=\"375\" class=\"alignright size-full wp-image-3468\" srcset=\"http:\/\/www.freimarianne.ch\/wp-content\/uploads\/2012\/12\/IMG_1832_ran_500.jpg 500w, http:\/\/www.freimarianne.ch\/wp-content\/uploads\/2012\/12\/IMG_1832_ran_500-300x225.jpg 300w\" sizes=\"(max-width: 500px) 100vw, 500px\" \/><\/a><br \/>\n<!-- index.php -->\n<div\n\tclass=\"ngg-galleryoverview ngg-ajax-pagination-none\"\n\tid=\"ngg-gallery-0026b0bd47b450b11778825364822dbc-1\">\n\n    \t<div class=\"slideshowlink\">\n        <a href='http:\/\/www.freimarianne.ch\/index.php\/nggallery\/slideshow?page_id=3466'>[Show as slideshow]<\/a>\n\t\t\n\t<\/div>\n\t\t\t<!-- Thumbnails -->\n\t\t\t\t<div id=\"ngg-image-0\" class=\"ngg-gallery-thumbnail-box\" >\n\t\t\t\t        <div class=\"ngg-gallery-thumbnail\">\n            <a href=\"http:\/\/www.freimarianne.ch\/wp-content\/gallery\/tete-de-ran-22-12-2012\/img_1818.jpg\"\n               title=\"\"\n               data-src=\"http:\/\/www.freimarianne.ch\/wp-content\/gallery\/tete-de-ran-22-12-2012\/img_1818.jpg\"\n               data-thumbnail=\"http:\/\/www.freimarianne.ch\/wp-content\/gallery\/tete-de-ran-22-12-2012\/thumbs\/thumbs_img_1818.jpg\"\n               data-image-id=\"6075\"\n               data-title=\"img_1818\"\n               data-description=\"\"\n               data-image-slug=\"img_1818\"\n               class=\"shutterset_0026b0bd47b450b11778825364822dbc\">\n                <img\n                    title=\"img_1818\"\n                    alt=\"img_1818\"\n                    src=\"http:\/\/www.freimarianne.ch\/wp-content\/gallery\/tete-de-ran-22-12-2012\/cache\/img_1818.jpg-nggid046075-ngg0dyn-100x75x100-00f0w010c010r110f110r010t010.jpg\"\n                    width=\"100\"\n                    height=\"75\"\n                    style=\"max-width:100%;\"\n                \/>\n            <\/a>\n        <\/div>\n\t\t\t\t\t\t\t<\/div> \n\t\t\t\n                            \n\t\t\t\t<div id=\"ngg-image-1\" class=\"ngg-gallery-thumbnail-box\" >\n\t\t\t\t        <div class=\"ngg-gallery-thumbnail\">\n            <a href=\"http:\/\/www.freimarianne.ch\/wp-content\/gallery\/tete-de-ran-22-12-2012\/img_1819.jpg\"\n               title=\"\"\n               data-src=\"http:\/\/www.freimarianne.ch\/wp-content\/gallery\/tete-de-ran-22-12-2012\/img_1819.jpg\"\n               data-thumbnail=\"http:\/\/www.freimarianne.ch\/wp-content\/gallery\/tete-de-ran-22-12-2012\/thumbs\/thumbs_img_1819.jpg\"\n               data-image-id=\"6076\"\n               data-title=\"img_1819\"\n               data-description=\"\"\n               data-image-slug=\"img_1819\"\n               class=\"shutterset_0026b0bd47b450b11778825364822dbc\">\n                <img\n                    title=\"img_1819\"\n                    alt=\"img_1819\"\n                    src=\"http:\/\/www.freimarianne.ch\/wp-content\/gallery\/tete-de-ran-22-12-2012\/cache\/img_1819.jpg-nggid046076-ngg0dyn-100x75x100-00f0w010c010r110f110r010t010.jpg\"\n                    width=\"100\"\n                    height=\"75\"\n                    style=\"max-width:100%;\"\n                \/>\n            <\/a>\n        <\/div>\n\t\t\t\t\t\t\t<\/div> \n\t\t\t\n                            \n\t\t\t\t<div id=\"ngg-image-2\" class=\"ngg-gallery-thumbnail-box\" >\n\t\t\t\t        <div class=\"ngg-gallery-thumbnail\">\n            <a href=\"http:\/\/www.freimarianne.ch\/wp-content\/gallery\/tete-de-ran-22-12-2012\/img_1820.jpg\"\n               title=\"\"\n               data-src=\"http:\/\/www.freimarianne.ch\/wp-content\/gallery\/tete-de-ran-22-12-2012\/img_1820.jpg\"\n               data-thumbnail=\"http:\/\/www.freimarianne.ch\/wp-content\/gallery\/tete-de-ran-22-12-2012\/thumbs\/thumbs_img_1820.jpg\"\n               data-image-id=\"6077\"\n               data-title=\"img_1820\"\n               data-description=\"\"\n               data-image-slug=\"img_1820\"\n               class=\"shutterset_0026b0bd47b450b11778825364822dbc\">\n                <img\n                    title=\"img_1820\"\n                    alt=\"img_1820\"\n                    src=\"http:\/\/www.freimarianne.ch\/wp-content\/gallery\/tete-de-ran-22-12-2012\/cache\/img_1820.jpg-nggid046077-ngg0dyn-100x75x100-00f0w010c010r110f110r010t010.jpg\"\n                    width=\"100\"\n                    height=\"75\"\n                    style=\"max-width:100%;\"\n                \/>\n            <\/a>\n        <\/div>\n\t\t\t\t\t\t\t<\/div> \n\t\t\t\n                            \n\t\t\t\t<div id=\"ngg-image-3\" class=\"ngg-gallery-thumbnail-box\" >\n\t\t\t\t        <div class=\"ngg-gallery-thumbnail\">\n            <a href=\"http:\/\/www.freimarianne.ch\/wp-content\/gallery\/tete-de-ran-22-12-2012\/img_1821.jpg\"\n               title=\"\"\n               data-src=\"http:\/\/www.freimarianne.ch\/wp-content\/gallery\/tete-de-ran-22-12-2012\/img_1821.jpg\"\n               data-thumbnail=\"http:\/\/www.freimarianne.ch\/wp-content\/gallery\/tete-de-ran-22-12-2012\/thumbs\/thumbs_img_1821.jpg\"\n               data-image-id=\"6078\"\n               data-title=\"img_1821\"\n               data-description=\"\"\n               data-image-slug=\"img_1821\"\n               class=\"shutterset_0026b0bd47b450b11778825364822dbc\">\n                <img\n                    title=\"img_1821\"\n                    alt=\"img_1821\"\n                    src=\"http:\/\/www.freimarianne.ch\/wp-content\/gallery\/tete-de-ran-22-12-2012\/cache\/img_1821.jpg-nggid046078-ngg0dyn-100x75x100-00f0w010c010r110f110r010t010.jpg\"\n                    width=\"100\"\n                    height=\"56\"\n                    style=\"max-width:100%;\"\n                \/>\n            <\/a>\n        <\/div>\n\t\t\t\t\t\t\t<\/div> \n\t\t\t\n                                    <br style=\"clear: both\" \/>\n                    \n\t\t\t\t<div id=\"ngg-image-4\" class=\"ngg-gallery-thumbnail-box\" >\n\t\t\t\t        <div class=\"ngg-gallery-thumbnail\">\n            <a href=\"http:\/\/www.freimarianne.ch\/wp-content\/gallery\/tete-de-ran-22-12-2012\/img_1823.jpg\"\n               title=\"\"\n               data-src=\"http:\/\/www.freimarianne.ch\/wp-content\/gallery\/tete-de-ran-22-12-2012\/img_1823.jpg\"\n               data-thumbnail=\"http:\/\/www.freimarianne.ch\/wp-content\/gallery\/tete-de-ran-22-12-2012\/thumbs\/thumbs_img_1823.jpg\"\n               data-image-id=\"6079\"\n               data-title=\"img_1823\"\n               data-description=\"\"\n               data-image-slug=\"img_1823\"\n               class=\"shutterset_0026b0bd47b450b11778825364822dbc\">\n                <img\n                    title=\"img_1823\"\n                    alt=\"img_1823\"\n                    src=\"http:\/\/www.freimarianne.ch\/wp-content\/gallery\/tete-de-ran-22-12-2012\/cache\/img_1823.jpg-nggid046079-ngg0dyn-100x75x100-00f0w010c010r110f110r010t010.jpg\"\n                    width=\"100\"\n                    height=\"75\"\n                    style=\"max-width:100%;\"\n                \/>\n            <\/a>\n        <\/div>\n\t\t\t\t\t\t\t<\/div> \n\t\t\t\n                            \n\t\t\t\t<div id=\"ngg-image-5\" class=\"ngg-gallery-thumbnail-box\" >\n\t\t\t\t        <div class=\"ngg-gallery-thumbnail\">\n            <a href=\"http:\/\/www.freimarianne.ch\/wp-content\/gallery\/tete-de-ran-22-12-2012\/img_1824.jpg\"\n               title=\"\"\n               data-src=\"http:\/\/www.freimarianne.ch\/wp-content\/gallery\/tete-de-ran-22-12-2012\/img_1824.jpg\"\n               data-thumbnail=\"http:\/\/www.freimarianne.ch\/wp-content\/gallery\/tete-de-ran-22-12-2012\/thumbs\/thumbs_img_1824.jpg\"\n               data-image-id=\"6080\"\n               data-title=\"img_1824\"\n               data-description=\"\"\n               data-image-slug=\"img_1824\"\n               class=\"shutterset_0026b0bd47b450b11778825364822dbc\">\n                <img\n                    title=\"img_1824\"\n                    alt=\"img_1824\"\n                    src=\"http:\/\/www.freimarianne.ch\/wp-content\/gallery\/tete-de-ran-22-12-2012\/cache\/img_1824.jpg-nggid046080-ngg0dyn-100x75x100-00f0w010c010r110f110r010t010.jpg\"\n                    width=\"100\"\n                    height=\"75\"\n                    style=\"max-width:100%;\"\n                \/>\n            <\/a>\n        <\/div>\n\t\t\t\t\t\t\t<\/div> \n\t\t\t\n                            \n\t\t\t\t<div id=\"ngg-image-6\" class=\"ngg-gallery-thumbnail-box\" >\n\t\t\t\t        <div class=\"ngg-gallery-thumbnail\">\n            <a href=\"http:\/\/www.freimarianne.ch\/wp-content\/gallery\/tete-de-ran-22-12-2012\/img_1830.jpg\"\n               title=\"\"\n               data-src=\"http:\/\/www.freimarianne.ch\/wp-content\/gallery\/tete-de-ran-22-12-2012\/img_1830.jpg\"\n               data-thumbnail=\"http:\/\/www.freimarianne.ch\/wp-content\/gallery\/tete-de-ran-22-12-2012\/thumbs\/thumbs_img_1830.jpg\"\n               data-image-id=\"6081\"\n               data-title=\"img_1830\"\n               data-description=\"\"\n               data-image-slug=\"img_1830\"\n               class=\"shutterset_0026b0bd47b450b11778825364822dbc\">\n                <img\n                    title=\"img_1830\"\n                    alt=\"img_1830\"\n                    src=\"http:\/\/www.freimarianne.ch\/wp-content\/gallery\/tete-de-ran-22-12-2012\/cache\/img_1830.jpg-nggid046081-ngg0dyn-100x75x100-00f0w010c010r110f110r010t010.jpg\"\n                    width=\"100\"\n                    height=\"75\"\n                    style=\"max-width:100%;\"\n                \/>\n            <\/a>\n        <\/div>\n\t\t\t\t\t\t\t<\/div> \n\t\t\t\n                            \n\t\t\t\t<div id=\"ngg-image-7\" class=\"ngg-gallery-thumbnail-box\" >\n\t\t\t\t        <div class=\"ngg-gallery-thumbnail\">\n            <a href=\"http:\/\/www.freimarianne.ch\/wp-content\/gallery\/tete-de-ran-22-12-2012\/img_1836.jpg\"\n               title=\"\"\n               data-src=\"http:\/\/www.freimarianne.ch\/wp-content\/gallery\/tete-de-ran-22-12-2012\/img_1836.jpg\"\n               data-thumbnail=\"http:\/\/www.freimarianne.ch\/wp-content\/gallery\/tete-de-ran-22-12-2012\/thumbs\/thumbs_img_1836.jpg\"\n               data-image-id=\"6082\"\n               data-title=\"img_1836\"\n               data-description=\"\"\n               data-image-slug=\"img_1836\"\n               class=\"shutterset_0026b0bd47b450b11778825364822dbc\">\n                <img\n                    title=\"img_1836\"\n                    alt=\"img_1836\"\n                    src=\"http:\/\/www.freimarianne.ch\/wp-content\/gallery\/tete-de-ran-22-12-2012\/cache\/img_1836.jpg-nggid046082-ngg0dyn-100x75x100-00f0w010c010r110f110r010t010.jpg\"\n                    width=\"100\"\n                    height=\"57\"\n                    style=\"max-width:100%;\"\n                \/>\n            <\/a>\n        <\/div>\n\t\t\t\t\t\t\t<\/div> \n\t\t\t\n                                    <br style=\"clear: both\" \/>\n                    \n\t\t\t\t<div id=\"ngg-image-8\" class=\"ngg-gallery-thumbnail-box\" >\n\t\t\t\t        <div class=\"ngg-gallery-thumbnail\">\n            <a href=\"http:\/\/www.freimarianne.ch\/wp-content\/gallery\/tete-de-ran-22-12-2012\/img_1837.jpg\"\n               title=\"\"\n               data-src=\"http:\/\/www.freimarianne.ch\/wp-content\/gallery\/tete-de-ran-22-12-2012\/img_1837.jpg\"\n               data-thumbnail=\"http:\/\/www.freimarianne.ch\/wp-content\/gallery\/tete-de-ran-22-12-2012\/thumbs\/thumbs_img_1837.jpg\"\n               data-image-id=\"6083\"\n               data-title=\"img_1837\"\n               data-description=\"\"\n               data-image-slug=\"img_1837-2\"\n               class=\"shutterset_0026b0bd47b450b11778825364822dbc\">\n                <img\n                    title=\"img_1837\"\n                    alt=\"img_1837\"\n                    src=\"http:\/\/www.freimarianne.ch\/wp-content\/gallery\/tete-de-ran-22-12-2012\/cache\/img_1837.jpg-nggid046083-ngg0dyn-100x75x100-00f0w010c010r110f110r010t010.jpg\"\n                    width=\"100\"\n                    height=\"75\"\n                    style=\"max-width:100%;\"\n                \/>\n            <\/a>\n        <\/div>\n\t\t\t\t\t\t\t<\/div> \n\t\t\t\n                            \n\t\t\t\t<div id=\"ngg-image-9\" class=\"ngg-gallery-thumbnail-box\" >\n\t\t\t\t        <div class=\"ngg-gallery-thumbnail\">\n            <a href=\"http:\/\/www.freimarianne.ch\/wp-content\/gallery\/tete-de-ran-22-12-2012\/img_1844.jpg\"\n               title=\"\"\n               data-src=\"http:\/\/www.freimarianne.ch\/wp-content\/gallery\/tete-de-ran-22-12-2012\/img_1844.jpg\"\n               data-thumbnail=\"http:\/\/www.freimarianne.ch\/wp-content\/gallery\/tete-de-ran-22-12-2012\/thumbs\/thumbs_img_1844.jpg\"\n               data-image-id=\"6084\"\n               data-title=\"img_1844\"\n               data-description=\"\"\n               data-image-slug=\"img_1844-2\"\n               class=\"shutterset_0026b0bd47b450b11778825364822dbc\">\n                <img\n                    title=\"img_1844\"\n                    alt=\"img_1844\"\n                    src=\"http:\/\/www.freimarianne.ch\/wp-content\/gallery\/tete-de-ran-22-12-2012\/cache\/img_1844.jpg-nggid046084-ngg0dyn-100x75x100-00f0w010c010r110f110r010t010.jpg\"\n                    width=\"100\"\n                    height=\"75\"\n                    style=\"max-width:100%;\"\n                \/>\n            <\/a>\n        <\/div>\n\t\t\t\t\t\t\t<\/div> \n\t\t\t\n                            \n\t\t\t\t<div id=\"ngg-image-10\" class=\"ngg-gallery-thumbnail-box\" >\n\t\t\t\t        <div class=\"ngg-gallery-thumbnail\">\n            <a href=\"http:\/\/www.freimarianne.ch\/wp-content\/gallery\/tete-de-ran-22-12-2012\/img_1846.jpg\"\n               title=\"\"\n               data-src=\"http:\/\/www.freimarianne.ch\/wp-content\/gallery\/tete-de-ran-22-12-2012\/img_1846.jpg\"\n               data-thumbnail=\"http:\/\/www.freimarianne.ch\/wp-content\/gallery\/tete-de-ran-22-12-2012\/thumbs\/thumbs_img_1846.jpg\"\n               data-image-id=\"6085\"\n               data-title=\"img_1846\"\n               data-description=\"\"\n               data-image-slug=\"img_1846\"\n               class=\"shutterset_0026b0bd47b450b11778825364822dbc\">\n                <img\n                    title=\"img_1846\"\n                    alt=\"img_1846\"\n                    src=\"http:\/\/www.freimarianne.ch\/wp-content\/gallery\/tete-de-ran-22-12-2012\/cache\/img_1846.jpg-nggid046085-ngg0dyn-100x75x100-00f0w010c010r110f110r010t010.jpg\"\n                    width=\"100\"\n                    height=\"75\"\n                    style=\"max-width:100%;\"\n                \/>\n            <\/a>\n        <\/div>\n\t\t\t\t\t\t\t<\/div> \n\t\t\t\n                            \n\t\t\n\t\t<!-- Pagination -->\n\t<div class='ngg-clear'><\/div>\t<\/div>\n<\/p>\n","protected":false},"excerpt":{"rendered":"<p>Schneeschuhtour vom Pass Vue-des-Alpes zum T\u00eate de Ran und zur\u00fcck. Wegen dichten Nebel konnte ich nicht weiter gehen zum Mont Racine und zum Col de la Tourne. Es lag sehr viel Schnee (Bruchharst) hier oben, was mehr Zeit beanspruchte. Bei sch\u00f6nem Wetter w\u00e4re das eine sch\u00f6ne Tour mit grossartiger Sicht auf die Alpen.<\/p>\n","protected":false},"author":1,"featured_media":0,"parent":2480,"menu_order":13,"comment_status":"closed","ping_status":"closed","template":"","meta":{"ngg_post_thumbnail":0},"_links":{"self":[{"href":"http:\/\/www.freimarianne.ch\/index.php?rest_route=\/wp\/v2\/pages\/3466"}],"collection":[{"href":"http:\/\/www.freimarianne.ch\/index.php?rest_route=\/wp\/v2\/pages"}],"about":[{"href":"http:\/\/www.freimarianne.ch\/index.php?rest_route=\/wp\/v2\/types\/page"}],"author":[{"embeddable":true,"href":"http:\/\/www.freimarianne.ch\/index.php?rest_route=\/wp\/v2\/users\/1"}],"replies":[{"embeddable":true,"href":"http:\/\/www.freimarianne.ch\/index.php?rest_route=%2Fwp%2Fv2%2Fcomments&post=3466"}],"version-history":[{"count":8,"href":"http:\/\/www.freimarianne.ch\/index.php?rest_route=\/wp\/v2\/pages\/3466\/revisions"}],"predecessor-version":[{"id":3487,"href":"http:\/\/www.freimarianne.ch\/index.php?rest_route=\/wp\/v2\/pages\/3466\/revisions\/3487"}],"up":[{"embeddable":true,"href":"http:\/\/www.freimarianne.ch\/index.php?rest_route=\/wp\/v2\/pages\/2480"}],"wp:attachment":[{"href":"http:\/\/www.freimarianne.ch\/index.php?rest_route=%2Fwp%2Fv2%2Fmedia&parent=3466"}],"curies":[{"name":"wp","href":"https:\/\/api.w.org\/{rel}","templated":true}]}}