{"id":37121,"date":"2019-05-28T10:07:31","date_gmt":"2019-05-28T09:07:31","guid":{"rendered":"http:\/\/www.freimarianne.ch\/?page_id=37121"},"modified":"2019-05-28T10:14:27","modified_gmt":"2019-05-28T09:14:27","slug":"sachseln-ow","status":"publish","type":"page","link":"http:\/\/www.freimarianne.ch\/?page_id=37121","title":{"rendered":"Sachseln  OW"},"content":{"rendered":"<p><strong>Sachseln am Sarnersee<\/strong><br \/>\n<strong>Museumsbesuch und kurze Wanderung<\/strong><\/p>\n<p><img loading=\"lazy\" class=\"size-full wp-image-37119\" src=\"http:\/\/www.freimarianne.ch\/wp-content\/uploads\/2019\/05\/IMG_0644_Sachseln_500.jpg\" alt=\"\" width=\"500\" height=\"284\" srcset=\"http:\/\/www.freimarianne.ch\/wp-content\/uploads\/2019\/05\/IMG_0644_Sachseln_500.jpg 500w, http:\/\/www.freimarianne.ch\/wp-content\/uploads\/2019\/05\/IMG_0644_Sachseln_500-300x170.jpg 300w\" sizes=\"(max-width: 500px) 100vw, 500px\" \/> Dorfplatz Sachseln<\/p>\n<p>Heute ist ein strahlender Tag.<br \/>\nIch fahre nach Sachseln am Sarnersee und besuche das Bruder Klaus Museum. Ich schaue mir die Ausstellung \u00fcber die Kultlinien zwischen den Kirchen und Kapellen in Obwalden an, die sehr interessant ist.<br \/>\nAuch die Ausstellung \u00fcber die fr\u00fchere Holzwirtschaft ist sehenswert. Eine kurze Wanderung von Sachseln nach Giswil schliesst diesen Tagesausflug ab.<br \/>\nLeider konnte ich an diesem sch\u00f6nen Tag keine l\u00e4ngere Wanderung machen, da ich Probleme mit einem Knie habe.<\/p>\n<p><!-- index.php -->\n<div\n\tclass=\"ngg-galleryoverview ngg-ajax-pagination-none\"\n\tid=\"ngg-gallery-37179-1\">\n\n    \t<div class=\"slideshowlink\">\n        <a href='http:\/\/www.freimarianne.ch\/index.php\/nggallery\/slideshow?page_id=37121'>[Show as slideshow]<\/a>\n\t\t\n\t<\/div>\n\t\t\t<!-- Thumbnails -->\n\t\t\t\t<div id=\"ngg-image-0\" class=\"ngg-gallery-thumbnail-box\" >\n\t\t\t\t        <div class=\"ngg-gallery-thumbnail\">\n            <a href=\"http:\/\/www.freimarianne.ch\/wp-content\/gallery\/sachseln-23-5-19\/IMG_0628.jpg\"\n               title=\"am Sarnersee\"\n               data-src=\"http:\/\/www.freimarianne.ch\/wp-content\/gallery\/sachseln-23-5-19\/IMG_0628.jpg\"\n               data-thumbnail=\"http:\/\/www.freimarianne.ch\/wp-content\/gallery\/sachseln-23-5-19\/thumbs\/thumbs_IMG_0628.jpg\"\n               data-image-id=\"20884\"\n               data-title=\"am Sarnersee\"\n               data-description=\"am Sarnersee\"\n               data-image-slug=\"img_0628-3\"\n               class=\"shutterset_37179\">\n                <img\n                    title=\"am Sarnersee\"\n                    alt=\"am Sarnersee\"\n                    src=\"http:\/\/www.freimarianne.ch\/wp-content\/gallery\/sachseln-23-5-19\/thumbs\/thumbs_IMG_0628.jpg\"\n                    width=\"100\"\n                    height=\"75\"\n                    style=\"max-width:100%;\"\n                \/>\n            <\/a>\n        <\/div>\n\t\t\t\t\t\t\t<\/div> \n\t\t\t\n        \n\t\t\t\t<div id=\"ngg-image-1\" class=\"ngg-gallery-thumbnail-box\" >\n\t\t\t\t        <div class=\"ngg-gallery-thumbnail\">\n            <a href=\"http:\/\/www.freimarianne.ch\/wp-content\/gallery\/sachseln-23-5-19\/IMG_0632.jpg\"\n               title=\"\"\n               data-src=\"http:\/\/www.freimarianne.ch\/wp-content\/gallery\/sachseln-23-5-19\/IMG_0632.jpg\"\n               data-thumbnail=\"http:\/\/www.freimarianne.ch\/wp-content\/gallery\/sachseln-23-5-19\/thumbs\/thumbs_IMG_0632.jpg\"\n               data-image-id=\"20883\"\n               data-title=\"IMG_0632\"\n               data-description=\"\"\n               data-image-slug=\"img_0632-3\"\n               class=\"shutterset_37179\">\n                <img\n                    title=\"IMG_0632\"\n                    alt=\"IMG_0632\"\n                    src=\"http:\/\/www.freimarianne.ch\/wp-content\/gallery\/sachseln-23-5-19\/thumbs\/thumbs_IMG_0632.jpg\"\n                    width=\"100\"\n                    height=\"75\"\n                    style=\"max-width:100%;\"\n                \/>\n            <\/a>\n        <\/div>\n\t\t\t\t\t\t\t<\/div> \n\t\t\t\n        \n\t\t\t\t<div id=\"ngg-image-2\" class=\"ngg-gallery-thumbnail-box\" >\n\t\t\t\t        <div class=\"ngg-gallery-thumbnail\">\n            <a href=\"http:\/\/www.freimarianne.ch\/wp-content\/gallery\/sachseln-23-5-19\/IMG_0634.jpg\"\n               title=\"Museum Bruder Klaus\"\n               data-src=\"http:\/\/www.freimarianne.ch\/wp-content\/gallery\/sachseln-23-5-19\/IMG_0634.jpg\"\n               data-thumbnail=\"http:\/\/www.freimarianne.ch\/wp-content\/gallery\/sachseln-23-5-19\/thumbs\/thumbs_IMG_0634.jpg\"\n               data-image-id=\"20882\"\n               data-title=\"Museum Bruder Klaus\"\n               data-description=\"Museum Bruder Klaus\"\n               data-image-slug=\"img_0634-4\"\n               class=\"shutterset_37179\">\n                <img\n                    title=\"Museum Bruder Klaus\"\n                    alt=\"Museum Bruder Klaus\"\n                    src=\"http:\/\/www.freimarianne.ch\/wp-content\/gallery\/sachseln-23-5-19\/thumbs\/thumbs_IMG_0634.jpg\"\n                    width=\"100\"\n                    height=\"75\"\n                    style=\"max-width:100%;\"\n                \/>\n            <\/a>\n        <\/div>\n\t\t\t\t\t\t\t<\/div> \n\t\t\t\n        \n\t\t\t\t<div id=\"ngg-image-3\" class=\"ngg-gallery-thumbnail-box\" >\n\t\t\t\t        <div class=\"ngg-gallery-thumbnail\">\n            <a href=\"http:\/\/www.freimarianne.ch\/wp-content\/gallery\/sachseln-23-5-19\/IMG_0642.jpg\"\n               title=\"Dorfplatz Sachseln\"\n               data-src=\"http:\/\/www.freimarianne.ch\/wp-content\/gallery\/sachseln-23-5-19\/IMG_0642.jpg\"\n               data-thumbnail=\"http:\/\/www.freimarianne.ch\/wp-content\/gallery\/sachseln-23-5-19\/thumbs\/thumbs_IMG_0642.jpg\"\n               data-image-id=\"20881\"\n               data-title=\"Dorfplatz Sachseln\"\n               data-description=\"Dorfplatz Sachseln\"\n               data-image-slug=\"img_0642-1\"\n               class=\"shutterset_37179\">\n                <img\n                    title=\"Dorfplatz Sachseln\"\n                    alt=\"Dorfplatz Sachseln\"\n                    src=\"http:\/\/www.freimarianne.ch\/wp-content\/gallery\/sachseln-23-5-19\/thumbs\/thumbs_IMG_0642.jpg\"\n                    width=\"100\"\n                    height=\"75\"\n                    style=\"max-width:100%;\"\n                \/>\n            <\/a>\n        <\/div>\n\t\t\t\t\t\t\t<\/div> \n\t\t\t\n        \n\t\t\t\t<div id=\"ngg-image-4\" class=\"ngg-gallery-thumbnail-box\" >\n\t\t\t\t        <div class=\"ngg-gallery-thumbnail\">\n            <a href=\"http:\/\/www.freimarianne.ch\/wp-content\/gallery\/sachseln-23-5-19\/IMG_0644.jpg\"\n               title=\"die Kirche von Sachseln\"\n               data-src=\"http:\/\/www.freimarianne.ch\/wp-content\/gallery\/sachseln-23-5-19\/IMG_0644.jpg\"\n               data-thumbnail=\"http:\/\/www.freimarianne.ch\/wp-content\/gallery\/sachseln-23-5-19\/thumbs\/thumbs_IMG_0644.jpg\"\n               data-image-id=\"20880\"\n               data-title=\"Version 2\"\n               data-description=\"die Kirche von Sachseln\"\n               data-image-slug=\"img_0644-3\"\n               class=\"shutterset_37179\">\n                <img\n                    title=\"Version 2\"\n                    alt=\"Version 2\"\n                    src=\"http:\/\/www.freimarianne.ch\/wp-content\/gallery\/sachseln-23-5-19\/thumbs\/thumbs_IMG_0644.jpg\"\n                    width=\"100\"\n                    height=\"75\"\n                    style=\"max-width:100%;\"\n                \/>\n            <\/a>\n        <\/div>\n\t\t\t\t\t\t\t<\/div> \n\t\t\t\n        \n\t\t\t\t<div id=\"ngg-image-5\" class=\"ngg-gallery-thumbnail-box\" >\n\t\t\t\t        <div class=\"ngg-gallery-thumbnail\">\n            <a href=\"http:\/\/www.freimarianne.ch\/wp-content\/gallery\/sachseln-23-5-19\/IMG_0646.jpg\"\n               title=\"am Sarnersee; Rossflue und Giswilerstock\"\n               data-src=\"http:\/\/www.freimarianne.ch\/wp-content\/gallery\/sachseln-23-5-19\/IMG_0646.jpg\"\n               data-thumbnail=\"http:\/\/www.freimarianne.ch\/wp-content\/gallery\/sachseln-23-5-19\/thumbs\/thumbs_IMG_0646.jpg\"\n               data-image-id=\"20879\"\n               data-title=\"am Sarnersee; Rossflue und Giswilerstock\"\n               data-description=\"am Sarnersee; Rossflue und Giswilerstock\"\n               data-image-slug=\"img_0646\"\n               class=\"shutterset_37179\">\n                <img\n                    title=\"am Sarnersee; Rossflue und Giswilerstock\"\n                    alt=\"am Sarnersee; Rossflue und Giswilerstock\"\n                    src=\"http:\/\/www.freimarianne.ch\/wp-content\/gallery\/sachseln-23-5-19\/thumbs\/thumbs_IMG_0646.jpg\"\n                    width=\"100\"\n                    height=\"75\"\n                    style=\"max-width:100%;\"\n                \/>\n            <\/a>\n        <\/div>\n\t\t\t\t\t\t\t<\/div> \n\t\t\t\n        \n\t\t\t\t<div id=\"ngg-image-6\" class=\"ngg-gallery-thumbnail-box\" >\n\t\t\t\t        <div class=\"ngg-gallery-thumbnail\">\n            <a href=\"http:\/\/www.freimarianne.ch\/wp-content\/gallery\/sachseln-23-5-19\/IMG_0651.jpg\"\n               title=\"am Sarnersee\"\n               data-src=\"http:\/\/www.freimarianne.ch\/wp-content\/gallery\/sachseln-23-5-19\/IMG_0651.jpg\"\n               data-thumbnail=\"http:\/\/www.freimarianne.ch\/wp-content\/gallery\/sachseln-23-5-19\/thumbs\/thumbs_IMG_0651.jpg\"\n               data-image-id=\"20878\"\n               data-title=\"am Sarnersee\"\n               data-description=\"am Sarnersee\"\n               data-image-slug=\"img_0651-2\"\n               class=\"shutterset_37179\">\n                <img\n                    title=\"am Sarnersee\"\n                    alt=\"am Sarnersee\"\n                    src=\"http:\/\/www.freimarianne.ch\/wp-content\/gallery\/sachseln-23-5-19\/thumbs\/thumbs_IMG_0651.jpg\"\n                    width=\"100\"\n                    height=\"75\"\n                    style=\"max-width:100%;\"\n                \/>\n            <\/a>\n        <\/div>\n\t\t\t\t\t\t\t<\/div> \n\t\t\t\n        \n\t\t\t\t<div id=\"ngg-image-7\" class=\"ngg-gallery-thumbnail-box\" >\n\t\t\t\t        <div class=\"ngg-gallery-thumbnail\">\n            <a href=\"http:\/\/www.freimarianne.ch\/wp-content\/gallery\/sachseln-23-5-19\/IMG_0659.jpg\"\n               title=\"am Sarnersee ; Rossflue und Giswilerstock\"\n               data-src=\"http:\/\/www.freimarianne.ch\/wp-content\/gallery\/sachseln-23-5-19\/IMG_0659.jpg\"\n               data-thumbnail=\"http:\/\/www.freimarianne.ch\/wp-content\/gallery\/sachseln-23-5-19\/thumbs\/thumbs_IMG_0659.jpg\"\n               data-image-id=\"20877\"\n               data-title=\"am Sarnersee ; Rossflue und Giswilerstock\"\n               data-description=\"am Sarnersee ; Rossflue und Giswilerstock\"\n               data-image-slug=\"img_0659-3\"\n               class=\"shutterset_37179\">\n                <img\n                    title=\"am Sarnersee ; Rossflue und Giswilerstock\"\n                    alt=\"am Sarnersee ; Rossflue und Giswilerstock\"\n                    src=\"http:\/\/www.freimarianne.ch\/wp-content\/gallery\/sachseln-23-5-19\/thumbs\/thumbs_IMG_0659.jpg\"\n                    width=\"100\"\n                    height=\"75\"\n                    style=\"max-width:100%;\"\n                \/>\n            <\/a>\n        <\/div>\n\t\t\t\t\t\t\t<\/div> \n\t\t\t\n        \n\t\t\t\t<div id=\"ngg-image-8\" class=\"ngg-gallery-thumbnail-box\" >\n\t\t\t\t        <div class=\"ngg-gallery-thumbnail\">\n            <a href=\"http:\/\/www.freimarianne.ch\/wp-content\/gallery\/sachseln-23-5-19\/IMG_0663.jpg\"\n               title=\"\"\n               data-src=\"http:\/\/www.freimarianne.ch\/wp-content\/gallery\/sachseln-23-5-19\/IMG_0663.jpg\"\n               data-thumbnail=\"http:\/\/www.freimarianne.ch\/wp-content\/gallery\/sachseln-23-5-19\/thumbs\/thumbs_IMG_0663.jpg\"\n               data-image-id=\"20876\"\n               data-title=\"IMG_0663\"\n               data-description=\"\"\n               data-image-slug=\"img_0663-6\"\n               class=\"shutterset_37179\">\n                <img\n                    title=\"IMG_0663\"\n                    alt=\"IMG_0663\"\n                    src=\"http:\/\/www.freimarianne.ch\/wp-content\/gallery\/sachseln-23-5-19\/thumbs\/thumbs_IMG_0663.jpg\"\n                    width=\"100\"\n                    height=\"75\"\n                    style=\"max-width:100%;\"\n                \/>\n            <\/a>\n        <\/div>\n\t\t\t\t\t\t\t<\/div> \n\t\t\t\n        \n\t\t\t\t<div id=\"ngg-image-9\" class=\"ngg-gallery-thumbnail-box\" >\n\t\t\t\t        <div class=\"ngg-gallery-thumbnail\">\n            <a href=\"http:\/\/www.freimarianne.ch\/wp-content\/gallery\/sachseln-23-5-19\/IMG_0664.jpg\"\n               title=\"Naturschutzgebiet Hanenried\"\n               data-src=\"http:\/\/www.freimarianne.ch\/wp-content\/gallery\/sachseln-23-5-19\/IMG_0664.jpg\"\n               data-thumbnail=\"http:\/\/www.freimarianne.ch\/wp-content\/gallery\/sachseln-23-5-19\/thumbs\/thumbs_IMG_0664.jpg\"\n               data-image-id=\"20875\"\n               data-title=\"Naturschutzgebiet Hanenried\"\n               data-description=\"Naturschutzgebiet Hanenried\"\n               data-image-slug=\"img_0664-2\"\n               class=\"shutterset_37179\">\n                <img\n                    title=\"Naturschutzgebiet Hanenried\"\n                    alt=\"Naturschutzgebiet Hanenried\"\n                    src=\"http:\/\/www.freimarianne.ch\/wp-content\/gallery\/sachseln-23-5-19\/thumbs\/thumbs_IMG_0664.jpg\"\n                    width=\"100\"\n                    height=\"75\"\n                    style=\"max-width:100%;\"\n                \/>\n            <\/a>\n        <\/div>\n\t\t\t\t\t\t\t<\/div> \n\t\t\t\n        \n\t\t\t\t<div id=\"ngg-image-10\" class=\"ngg-gallery-thumbnail-box\" >\n\t\t\t\t        <div class=\"ngg-gallery-thumbnail\">\n            <a href=\"http:\/\/www.freimarianne.ch\/wp-content\/gallery\/sachseln-23-5-19\/IMG_0665.jpg\"\n               title=\"die Kleine Melchaa\"\n               data-src=\"http:\/\/www.freimarianne.ch\/wp-content\/gallery\/sachseln-23-5-19\/IMG_0665.jpg\"\n               data-thumbnail=\"http:\/\/www.freimarianne.ch\/wp-content\/gallery\/sachseln-23-5-19\/thumbs\/thumbs_IMG_0665.jpg\"\n               data-image-id=\"20874\"\n               data-title=\"die Kleine Melchaa\"\n               data-description=\"die Kleine Melchaa\"\n               data-image-slug=\"img_0665-2\"\n               class=\"shutterset_37179\">\n                <img\n                    title=\"die Kleine Melchaa\"\n                    alt=\"die Kleine Melchaa\"\n                    src=\"http:\/\/www.freimarianne.ch\/wp-content\/gallery\/sachseln-23-5-19\/thumbs\/thumbs_IMG_0665.jpg\"\n                    width=\"100\"\n                    height=\"75\"\n                    style=\"max-width:100%;\"\n                \/>\n            <\/a>\n        <\/div>\n\t\t\t\t\t\t\t<\/div> \n\t\t\t\n        \n\t\t\t\t<div id=\"ngg-image-11\" class=\"ngg-gallery-thumbnail-box\" >\n\t\t\t\t        <div class=\"ngg-gallery-thumbnail\">\n            <a href=\"http:\/\/www.freimarianne.ch\/wp-content\/gallery\/sachseln-23-5-19\/IMG_0666.jpg\"\n               title=\"die Kleine Melchaa; Rossflue, Giswilerstock, Alpoglerberg ?\"\n               data-src=\"http:\/\/www.freimarianne.ch\/wp-content\/gallery\/sachseln-23-5-19\/IMG_0666.jpg\"\n               data-thumbnail=\"http:\/\/www.freimarianne.ch\/wp-content\/gallery\/sachseln-23-5-19\/thumbs\/thumbs_IMG_0666.jpg\"\n               data-image-id=\"20873\"\n               data-title=\"die Kleine Melchaa; Rossflue, Giswilerstock, Alpoglerberg ?\"\n               data-description=\"die Kleine Melchaa; Rossflue, Giswilerstock, Alpoglerberg ?\"\n               data-image-slug=\"img_0666-1\"\n               class=\"shutterset_37179\">\n                <img\n                    title=\"die Kleine Melchaa; Rossflue, Giswilerstock, Alpoglerberg ?\"\n                    alt=\"die Kleine Melchaa; Rossflue, Giswilerstock, Alpoglerberg ?\"\n                    src=\"http:\/\/www.freimarianne.ch\/wp-content\/gallery\/sachseln-23-5-19\/thumbs\/thumbs_IMG_0666.jpg\"\n                    width=\"100\"\n                    height=\"75\"\n                    style=\"max-width:100%;\"\n                \/>\n            <\/a>\n        <\/div>\n\t\t\t\t\t\t\t<\/div> \n\t\t\t\n        \n\t\t\n\t\t<!-- Pagination -->\n\t<div class='ngg-clear'><\/div>\t<\/div>\n<\/p>\n","protected":false},"excerpt":{"rendered":"<p>Sachseln am Sarnersee Museumsbesuch und kurze Wanderung Dorfplatz Sachseln Heute ist ein strahlender Tag. Ich fahre nach Sachseln am Sarnersee und besuche das Bruder Klaus Museum. Ich schaue mir die Ausstellung \u00fcber die Kultlinien zwischen den Kirchen und Kapellen in Obwalden an, die sehr interessant ist. Auch die Ausstellung \u00fcber die fr\u00fchere Holzwirtschaft ist sehenswert. [&hellip;]<\/p>\n","protected":false},"author":1,"featured_media":0,"parent":35849,"menu_order":10,"comment_status":"closed","ping_status":"closed","template":"","meta":{"ngg_post_thumbnail":0},"_links":{"self":[{"href":"http:\/\/www.freimarianne.ch\/index.php?rest_route=\/wp\/v2\/pages\/37121"}],"collection":[{"href":"http:\/\/www.freimarianne.ch\/index.php?rest_route=\/wp\/v2\/pages"}],"about":[{"href":"http:\/\/www.freimarianne.ch\/index.php?rest_route=\/wp\/v2\/types\/page"}],"author":[{"embeddable":true,"href":"http:\/\/www.freimarianne.ch\/index.php?rest_route=\/wp\/v2\/users\/1"}],"replies":[{"embeddable":true,"href":"http:\/\/www.freimarianne.ch\/index.php?rest_route=%2Fwp%2Fv2%2Fcomments&post=37121"}],"version-history":[{"count":2,"href":"http:\/\/www.freimarianne.ch\/index.php?rest_route=\/wp\/v2\/pages\/37121\/revisions"}],"predecessor-version":[{"id":37180,"href":"http:\/\/www.freimarianne.ch\/index.php?rest_route=\/wp\/v2\/pages\/37121\/revisions\/37180"}],"up":[{"embeddable":true,"href":"http:\/\/www.freimarianne.ch\/index.php?rest_route=\/wp\/v2\/pages\/35849"}],"wp:attachment":[{"href":"http:\/\/www.freimarianne.ch\/index.php?rest_route=%2Fwp%2Fv2%2Fmedia&parent=37121"}],"curies":[{"name":"wp","href":"https:\/\/api.w.org\/{rel}","templated":true}]}}