{"id":38069,"date":"2019-09-01T13:19:25","date_gmt":"2019-09-01T12:19:25","guid":{"rendered":"http:\/\/www.freimarianne.ch\/?page_id=38069"},"modified":"2025-01-06T11:33:17","modified_gmt":"2025-01-06T10:33:17","slug":"les-diablerets-col-de-pillon-vs-be","status":"publish","type":"page","link":"http:\/\/www.freimarianne.ch\/?page_id=38069","title":{"rendered":"Les Diablerets &#8211; Col de Pillon    VS\/ BE 24.8.2019"},"content":{"rendered":"<p><strong>Les Diablerets &#8211; Col de Pillon<\/strong><\/p>\n<div id=\"attachment_38056\" style=\"width: 510px\" class=\"wp-caption alignleft\"><img aria-describedby=\"caption-attachment-38056\" loading=\"lazy\" class=\"size-full wp-image-38056\" src=\"http:\/\/www.freimarianne.ch\/wp-content\/uploads\/2019\/09\/IMG_2597_pillon_500.jpg\" alt=\"\" width=\"500\" height=\"333\" srcset=\"http:\/\/www.freimarianne.ch\/wp-content\/uploads\/2019\/09\/IMG_2597_pillon_500.jpg 500w, http:\/\/www.freimarianne.ch\/wp-content\/uploads\/2019\/09\/IMG_2597_pillon_500-300x200.jpg 300w, http:\/\/www.freimarianne.ch\/wp-content\/uploads\/2019\/09\/IMG_2597_pillon_500-450x300.jpg 450w\" sizes=\"(max-width: 500px) 100vw, 500px\" \/><p id=\"caption-attachment-38056\" class=\"wp-caption-text\">Aussichtspunkt<\/p><\/div>\n<p>F\u00fcr heute habe ich einen Ausflug mit einer kleinen Wanderung geplant.<br>Ich fahre \u00fcber Lausanne, Aigle hinauf nach les Diablerets 1174m, wo ich mir ein Hotel ansehen m\u00f6chte. Das Hotel des Sources liegt etwas ausserhalb des Dorfes. Hier k\u00f6nnte ich mir einen Aufenthalt vorstellen. Nach einem Kaffee im Hotelgarten, mache ich mich auf den Weg dem Bach Le Dar entlang in Richtung Col de Pillon.<br>Die Signalisation ist gut und der Weg, der im steten Auf und Ab meist im Wald dem Bach entlang f\u00fchrt , ist ein richtiger Bergweg, der mich weiter oben ins Schwemmgebiet des Dar bringt. Der H\u00f6hepunkt der Wanderung ist die Cascade du Dar 1460m. Vor dem Wasserfall mache ich einen Mittagshalt und steige dann etwas hinauf auf einem Weglein, auf welchem ich an den Bach gelange. Der Bach, der Dar f\u00e4llt weiter oben \u00fcber eine steile Felswand hinunter. Dort oben sind nur Kletterer unterwegs. Wegen Gegenlicht gelangen mir keine guten Fotos.<br>Ich wandere dann weiter durch Alpgebiet hinauf auf den Col de Pillon, 1546m, wo die Zivilsation wieder ganz pr\u00e4sent ist. Von hier aus bin ich auch schon mit der Bahn hinauf zum Gletscher 3000m gefahren.<br>Vom Pass aus fahre ich hinunter nach Gstaad und durch das Simmental nach Bern und dann Basel.<br>So habe ich heute eine grosse Rundreise mit dem Zug gemacht.<\/p>\n<p>Laut Schweizmobil:<br>Distanz: 4.75km; Aufstieg: 450m; Abstieg: 7w2m; Wanderzeit: 1 h 46 min<\/p>\n<p><a href=\"https:\/\/map.schweizmobil.ch\/?lang=de&amp;bgLayer=pk&amp;logo=yes&amp;season=summer&amp;resolution=5&amp;E=2580285&amp;N=1133161&amp;trackId=5969863\">Karte Schweizmobil:<\/a><\/p>\n<p>&nbsp;<\/p>\n\n\n<!-- index.php -->\n<div\n\tclass=\"ngg-galleryoverview ngg-ajax-pagination-none\"\n\tid=\"ngg-gallery-b272d5a952293ad47b527d4b95182805-1\">\n\n    \t<div class=\"slideshowlink\">\n        <a href='http:\/\/www.freimarianne.ch\/index.php\/nggallery\/slideshow?page_id=38069'>[Show as slideshow]<\/a>\n\t\t\n\t<\/div>\n\t\t\t<!-- Thumbnails -->\n\t\t\t\t<div id=\"ngg-image-0\" class=\"ngg-gallery-thumbnail-box\" >\n\t\t\t\t        <div class=\"ngg-gallery-thumbnail\">\n            <a href=\"http:\/\/www.freimarianne.ch\/wp-content\/gallery\/diablerets-pillon-24-8-19\/IMG_2537.jpg\"\n               title=\"Hotel les  Sources  am Fluss Dar\"\n               data-src=\"http:\/\/www.freimarianne.ch\/wp-content\/gallery\/diablerets-pillon-24-8-19\/IMG_2537.jpg\"\n               data-thumbnail=\"http:\/\/www.freimarianne.ch\/wp-content\/gallery\/diablerets-pillon-24-8-19\/thumbs\/thumbs_IMG_2537.jpg\"\n               data-image-id=\"21306\"\n               data-title=\"Hotel les  Sources  am Fluss Dar\"\n               data-description=\"Hotel les  Sources  am Fluss Dar\"\n               data-image-slug=\"img_2537-1\"\n               class=\"shutterset_b272d5a952293ad47b527d4b95182805\">\n                <img\n                    title=\"Hotel les  Sources  am Fluss Dar\"\n                    alt=\"Hotel les  Sources  am Fluss Dar\"\n                    src=\"http:\/\/www.freimarianne.ch\/wp-content\/gallery\/diablerets-pillon-24-8-19\/cache\/IMG_2537.jpg-nggid0521306-ngg0dyn-100x75x100-00f0w010c010r110f110r010t010.jpg\"\n                    width=\"100\"\n                    height=\"67\"\n                    style=\"max-width:100%;\"\n                \/>\n            <\/a>\n        <\/div>\n\t\t\t\t\t\t\t<\/div> \n\t\t\t\n                            \n\t\t\t\t<div id=\"ngg-image-1\" class=\"ngg-gallery-thumbnail-box\" >\n\t\t\t\t        <div class=\"ngg-gallery-thumbnail\">\n            <a href=\"http:\/\/www.freimarianne.ch\/wp-content\/gallery\/diablerets-pillon-24-8-19\/IMG_2549.jpg\"\n               title=\"Gegend um les Diablerets; Piz Chaussy 2351m, Ch\u00e2tillon 2477m, Le Tarent 2547m, La Pare 2539m\"\n               data-src=\"http:\/\/www.freimarianne.ch\/wp-content\/gallery\/diablerets-pillon-24-8-19\/IMG_2549.jpg\"\n               data-thumbnail=\"http:\/\/www.freimarianne.ch\/wp-content\/gallery\/diablerets-pillon-24-8-19\/thumbs\/thumbs_IMG_2549.jpg\"\n               data-image-id=\"21307\"\n               data-title=\"Gegend um les Diablerets; Piz Chaussy 2351m, Ch\u00c3\u00a2tillon 2477m, Le Tarent 2547m, La Pare 2539m\"\n               data-description=\"Gegend um les Diablerets; Piz Chaussy 2351m, Ch\u00e2tillon 2477m, Le Tarent 2547m, La Pare 2539m\"\n               data-image-slug=\"img_2549-3\"\n               class=\"shutterset_b272d5a952293ad47b527d4b95182805\">\n                <img\n                    title=\"Gegend um les Diablerets; Piz Chaussy 2351m, Ch\u00c3\u00a2tillon 2477m, Le Tarent 2547m, La Pare 2539m\"\n                    alt=\"Gegend um les Diablerets; Piz Chaussy 2351m, Ch\u00c3\u00a2tillon 2477m, Le Tarent 2547m, La Pare 2539m\"\n                    src=\"http:\/\/www.freimarianne.ch\/wp-content\/gallery\/diablerets-pillon-24-8-19\/cache\/IMG_2549.jpg-nggid0521307-ngg0dyn-100x75x100-00f0w010c010r110f110r010t010.jpg\"\n                    width=\"100\"\n                    height=\"67\"\n                    style=\"max-width:100%;\"\n                \/>\n            <\/a>\n        <\/div>\n\t\t\t\t\t\t\t<\/div> \n\t\t\t\n                            \n\t\t\t\t<div id=\"ngg-image-2\" class=\"ngg-gallery-thumbnail-box\" >\n\t\t\t\t        <div class=\"ngg-gallery-thumbnail\">\n            <a href=\"http:\/\/www.freimarianne.ch\/wp-content\/gallery\/diablerets-pillon-24-8-19\/IMG_2561.jpg\"\n               title=\"Weg gegen den Col de Pillon\"\n               data-src=\"http:\/\/www.freimarianne.ch\/wp-content\/gallery\/diablerets-pillon-24-8-19\/IMG_2561.jpg\"\n               data-thumbnail=\"http:\/\/www.freimarianne.ch\/wp-content\/gallery\/diablerets-pillon-24-8-19\/thumbs\/thumbs_IMG_2561.jpg\"\n               data-image-id=\"21308\"\n               data-title=\"Weg gegen den Col de Pillon\"\n               data-description=\"Weg gegen den Col de Pillon\"\n               data-image-slug=\"img_2561-2\"\n               class=\"shutterset_b272d5a952293ad47b527d4b95182805\">\n                <img\n                    title=\"Weg gegen den Col de Pillon\"\n                    alt=\"Weg gegen den Col de Pillon\"\n                    src=\"http:\/\/www.freimarianne.ch\/wp-content\/gallery\/diablerets-pillon-24-8-19\/cache\/IMG_2561.jpg-nggid0521308-ngg0dyn-100x75x100-00f0w010c010r110f110r010t010.jpg\"\n                    width=\"100\"\n                    height=\"66\"\n                    style=\"max-width:100%;\"\n                \/>\n            <\/a>\n        <\/div>\n\t\t\t\t\t\t\t<\/div> \n\t\t\t\n                            \n\t\t\t\t<div id=\"ngg-image-3\" class=\"ngg-gallery-thumbnail-box\" >\n\t\t\t\t        <div class=\"ngg-gallery-thumbnail\">\n            <a href=\"http:\/\/www.freimarianne.ch\/wp-content\/gallery\/diablerets-pillon-24-8-19\/IMG_2565.jpg\"\n               title=\"Schwemmgebiet des Dar\"\n               data-src=\"http:\/\/www.freimarianne.ch\/wp-content\/gallery\/diablerets-pillon-24-8-19\/IMG_2565.jpg\"\n               data-thumbnail=\"http:\/\/www.freimarianne.ch\/wp-content\/gallery\/diablerets-pillon-24-8-19\/thumbs\/thumbs_IMG_2565.jpg\"\n               data-image-id=\"21309\"\n               data-title=\"Schwemmgebiet des Dar\"\n               data-description=\"Schwemmgebiet des Dar\"\n               data-image-slug=\"img_2565\"\n               class=\"shutterset_b272d5a952293ad47b527d4b95182805\">\n                <img\n                    title=\"Schwemmgebiet des Dar\"\n                    alt=\"Schwemmgebiet des Dar\"\n                    src=\"http:\/\/www.freimarianne.ch\/wp-content\/gallery\/diablerets-pillon-24-8-19\/cache\/IMG_2565.jpg-nggid0521309-ngg0dyn-100x75x100-00f0w010c010r110f110r010t010.jpg\"\n                    width=\"100\"\n                    height=\"67\"\n                    style=\"max-width:100%;\"\n                \/>\n            <\/a>\n        <\/div>\n\t\t\t\t\t\t\t<\/div> \n\t\t\t\n                                    <br style=\"clear: both\" \/>\n                    \n\t\t\t\t<div id=\"ngg-image-4\" class=\"ngg-gallery-thumbnail-box\" >\n\t\t\t\t        <div class=\"ngg-gallery-thumbnail\">\n            <a href=\"http:\/\/www.freimarianne.ch\/wp-content\/gallery\/diablerets-pillon-24-8-19\/IMG_2572.jpg\"\n               title=\"Marianne in N\u00e4he der Cascade du Dar\"\n               data-src=\"http:\/\/www.freimarianne.ch\/wp-content\/gallery\/diablerets-pillon-24-8-19\/IMG_2572.jpg\"\n               data-thumbnail=\"http:\/\/www.freimarianne.ch\/wp-content\/gallery\/diablerets-pillon-24-8-19\/thumbs\/thumbs_IMG_2572.jpg\"\n               data-image-id=\"21310\"\n               data-title=\"Marianne in N\u00c3\u00a4he der Cascade du Dar\"\n               data-description=\"Marianne in N\u00e4he der Cascade du Dar\"\n               data-image-slug=\"img_2572-1\"\n               class=\"shutterset_b272d5a952293ad47b527d4b95182805\">\n                <img\n                    title=\"Marianne in N\u00c3\u00a4he der Cascade du Dar\"\n                    alt=\"Marianne in N\u00c3\u00a4he der Cascade du Dar\"\n                    src=\"http:\/\/www.freimarianne.ch\/wp-content\/gallery\/diablerets-pillon-24-8-19\/cache\/IMG_2572.jpg-nggid0521310-ngg0dyn-100x75x100-00f0w010c010r110f110r010t010.jpg\"\n                    width=\"84\"\n                    height=\"75\"\n                    style=\"max-width:100%;\"\n                \/>\n            <\/a>\n        <\/div>\n\t\t\t\t\t\t\t<\/div> \n\t\t\t\n                            \n\t\t\t\t<div id=\"ngg-image-5\" class=\"ngg-gallery-thumbnail-box\" >\n\t\t\t\t        <div class=\"ngg-gallery-thumbnail\">\n            <a href=\"http:\/\/www.freimarianne.ch\/wp-content\/gallery\/diablerets-pillon-24-8-19\/IMG_2577.jpg\"\n               title=\"Marianne in N\u00e4he der Cascade du Dar\"\n               data-src=\"http:\/\/www.freimarianne.ch\/wp-content\/gallery\/diablerets-pillon-24-8-19\/IMG_2577.jpg\"\n               data-thumbnail=\"http:\/\/www.freimarianne.ch\/wp-content\/gallery\/diablerets-pillon-24-8-19\/thumbs\/thumbs_IMG_2577.jpg\"\n               data-image-id=\"21311\"\n               data-title=\"Marianne in N\u00c3\u00a4he der Cascade du Dar\"\n               data-description=\"Marianne in N\u00e4he der Cascade du Dar\"\n               data-image-slug=\"img_2577\"\n               class=\"shutterset_b272d5a952293ad47b527d4b95182805\">\n                <img\n                    title=\"Marianne in N\u00c3\u00a4he der Cascade du Dar\"\n                    alt=\"Marianne in N\u00c3\u00a4he der Cascade du Dar\"\n                    src=\"http:\/\/www.freimarianne.ch\/wp-content\/gallery\/diablerets-pillon-24-8-19\/cache\/IMG_2577.jpg-nggid0521311-ngg0dyn-100x75x100-00f0w010c010r110f110r010t010.jpg\"\n                    width=\"79\"\n                    height=\"75\"\n                    style=\"max-width:100%;\"\n                \/>\n            <\/a>\n        <\/div>\n\t\t\t\t\t\t\t<\/div> \n\t\t\t\n                            \n\t\t\t\t<div id=\"ngg-image-6\" class=\"ngg-gallery-thumbnail-box\" >\n\t\t\t\t        <div class=\"ngg-gallery-thumbnail\">\n            <a href=\"http:\/\/www.freimarianne.ch\/wp-content\/gallery\/diablerets-pillon-24-8-19\/IMG_2579.jpg\"\n               title=\"Cascade du Dar\"\n               data-src=\"http:\/\/www.freimarianne.ch\/wp-content\/gallery\/diablerets-pillon-24-8-19\/IMG_2579.jpg\"\n               data-thumbnail=\"http:\/\/www.freimarianne.ch\/wp-content\/gallery\/diablerets-pillon-24-8-19\/thumbs\/thumbs_IMG_2579.jpg\"\n               data-image-id=\"21312\"\n               data-title=\"Cascade du Dar\"\n               data-description=\"Cascade du Dar\"\n               data-image-slug=\"img_2579-1\"\n               class=\"shutterset_b272d5a952293ad47b527d4b95182805\">\n                <img\n                    title=\"Cascade du Dar\"\n                    alt=\"Cascade du Dar\"\n                    src=\"http:\/\/www.freimarianne.ch\/wp-content\/gallery\/diablerets-pillon-24-8-19\/cache\/IMG_2579.jpg-nggid0521312-ngg0dyn-100x75x100-00f0w010c010r110f110r010t010.jpg\"\n                    width=\"100\"\n                    height=\"67\"\n                    style=\"max-width:100%;\"\n                \/>\n            <\/a>\n        <\/div>\n\t\t\t\t\t\t\t<\/div> \n\t\t\t\n                            \n\t\t\t\t<div id=\"ngg-image-7\" class=\"ngg-gallery-thumbnail-box\" >\n\t\t\t\t        <div class=\"ngg-gallery-thumbnail\">\n            <a href=\"http:\/\/www.freimarianne.ch\/wp-content\/gallery\/diablerets-pillon-24-8-19\/IMG_2580.jpg\"\n               title=\"Cascade du Dar 1460m\"\n               data-src=\"http:\/\/www.freimarianne.ch\/wp-content\/gallery\/diablerets-pillon-24-8-19\/IMG_2580.jpg\"\n               data-thumbnail=\"http:\/\/www.freimarianne.ch\/wp-content\/gallery\/diablerets-pillon-24-8-19\/thumbs\/thumbs_IMG_2580.jpg\"\n               data-image-id=\"21313\"\n               data-title=\"Cascade du Dar 1460m\"\n               data-description=\"Cascade du Dar 1460m\"\n               data-image-slug=\"img_2580-4\"\n               class=\"shutterset_b272d5a952293ad47b527d4b95182805\">\n                <img\n                    title=\"Cascade du Dar 1460m\"\n                    alt=\"Cascade du Dar 1460m\"\n                    src=\"http:\/\/www.freimarianne.ch\/wp-content\/gallery\/diablerets-pillon-24-8-19\/cache\/IMG_2580.jpg-nggid0521313-ngg0dyn-100x75x100-00f0w010c010r110f110r010t010.jpg\"\n                    width=\"100\"\n                    height=\"67\"\n                    style=\"max-width:100%;\"\n                \/>\n            <\/a>\n        <\/div>\n\t\t\t\t\t\t\t<\/div> \n\t\t\t\n                                    <br style=\"clear: both\" \/>\n                    \n\t\t\t\t<div id=\"ngg-image-8\" class=\"ngg-gallery-thumbnail-box\" >\n\t\t\t\t        <div class=\"ngg-gallery-thumbnail\">\n            <a href=\"http:\/\/www.freimarianne.ch\/wp-content\/gallery\/diablerets-pillon-24-8-19\/IMG_2583.jpg\"\n               title=\"Cascade du Dar 1460m\"\n               data-src=\"http:\/\/www.freimarianne.ch\/wp-content\/gallery\/diablerets-pillon-24-8-19\/IMG_2583.jpg\"\n               data-thumbnail=\"http:\/\/www.freimarianne.ch\/wp-content\/gallery\/diablerets-pillon-24-8-19\/thumbs\/thumbs_IMG_2583.jpg\"\n               data-image-id=\"21314\"\n               data-title=\"Cascade du Dar 1460m\"\n               data-description=\"Cascade du Dar 1460m\"\n               data-image-slug=\"img_2583-2\"\n               class=\"shutterset_b272d5a952293ad47b527d4b95182805\">\n                <img\n                    title=\"Cascade du Dar 1460m\"\n                    alt=\"Cascade du Dar 1460m\"\n                    src=\"http:\/\/www.freimarianne.ch\/wp-content\/gallery\/diablerets-pillon-24-8-19\/cache\/IMG_2583.jpg-nggid0521314-ngg0dyn-100x75x100-00f0w010c010r110f110r010t010.jpg\"\n                    width=\"100\"\n                    height=\"67\"\n                    style=\"max-width:100%;\"\n                \/>\n            <\/a>\n        <\/div>\n\t\t\t\t\t\t\t<\/div> \n\t\t\t\n                            \n\t\t\t\t<div id=\"ngg-image-9\" class=\"ngg-gallery-thumbnail-box\" >\n\t\t\t\t        <div class=\"ngg-gallery-thumbnail\">\n            <a href=\"http:\/\/www.freimarianne.ch\/wp-content\/gallery\/diablerets-pillon-24-8-19\/IMG_2592.jpg\"\n               title=\"Cascade du Dar 1460m\"\n               data-src=\"http:\/\/www.freimarianne.ch\/wp-content\/gallery\/diablerets-pillon-24-8-19\/IMG_2592.jpg\"\n               data-thumbnail=\"http:\/\/www.freimarianne.ch\/wp-content\/gallery\/diablerets-pillon-24-8-19\/thumbs\/thumbs_IMG_2592.jpg\"\n               data-image-id=\"21315\"\n               data-title=\"Cascade du Dar 1460m\"\n               data-description=\"Cascade du Dar 1460m\"\n               data-image-slug=\"img_2592-3\"\n               class=\"shutterset_b272d5a952293ad47b527d4b95182805\">\n                <img\n                    title=\"Cascade du Dar 1460m\"\n                    alt=\"Cascade du Dar 1460m\"\n                    src=\"http:\/\/www.freimarianne.ch\/wp-content\/gallery\/diablerets-pillon-24-8-19\/cache\/IMG_2592.jpg-nggid0521315-ngg0dyn-100x75x100-00f0w010c010r110f110r010t010.jpg\"\n                    width=\"100\"\n                    height=\"67\"\n                    style=\"max-width:100%;\"\n                \/>\n            <\/a>\n        <\/div>\n\t\t\t\t\t\t\t<\/div> \n\t\t\t\n                            \n\t\t\t\t<div id=\"ngg-image-10\" class=\"ngg-gallery-thumbnail-box\" >\n\t\t\t\t        <div class=\"ngg-gallery-thumbnail\">\n            <a href=\"http:\/\/www.freimarianne.ch\/wp-content\/gallery\/diablerets-pillon-24-8-19\/IMG_2593.jpg\"\n               title=\"Cascade du Dar 1460m\"\n               data-src=\"http:\/\/www.freimarianne.ch\/wp-content\/gallery\/diablerets-pillon-24-8-19\/IMG_2593.jpg\"\n               data-thumbnail=\"http:\/\/www.freimarianne.ch\/wp-content\/gallery\/diablerets-pillon-24-8-19\/thumbs\/thumbs_IMG_2593.jpg\"\n               data-image-id=\"21316\"\n               data-title=\"Cascade du Dar 1460m\"\n               data-description=\"Cascade du Dar 1460m\"\n               data-image-slug=\"img_2593-1\"\n               class=\"shutterset_b272d5a952293ad47b527d4b95182805\">\n                <img\n                    title=\"Cascade du Dar 1460m\"\n                    alt=\"Cascade du Dar 1460m\"\n                    src=\"http:\/\/www.freimarianne.ch\/wp-content\/gallery\/diablerets-pillon-24-8-19\/cache\/IMG_2593.jpg-nggid0521316-ngg0dyn-100x75x100-00f0w010c010r110f110r010t010.jpg\"\n                    width=\"100\"\n                    height=\"67\"\n                    style=\"max-width:100%;\"\n                \/>\n            <\/a>\n        <\/div>\n\t\t\t\t\t\t\t<\/div> \n\t\t\t\n                            \n\t\t\t\t<div id=\"ngg-image-11\" class=\"ngg-gallery-thumbnail-box\" >\n\t\t\t\t        <div class=\"ngg-gallery-thumbnail\">\n            <a href=\"http:\/\/www.freimarianne.ch\/wp-content\/gallery\/diablerets-pillon-24-8-19\/IMG_2617.jpg\"\n               title=\"die Seilbahn Glacier 3000m\"\n               data-src=\"http:\/\/www.freimarianne.ch\/wp-content\/gallery\/diablerets-pillon-24-8-19\/IMG_2617.jpg\"\n               data-thumbnail=\"http:\/\/www.freimarianne.ch\/wp-content\/gallery\/diablerets-pillon-24-8-19\/thumbs\/thumbs_IMG_2617.jpg\"\n               data-image-id=\"21317\"\n               data-title=\"die Seilbahn Glacier 3000m\"\n               data-description=\"die Seilbahn Glacier 3000m\"\n               data-image-slug=\"img_2617-1\"\n               class=\"shutterset_b272d5a952293ad47b527d4b95182805\">\n                <img\n                    title=\"die Seilbahn Glacier 3000m\"\n                    alt=\"die Seilbahn Glacier 3000m\"\n                    src=\"http:\/\/www.freimarianne.ch\/wp-content\/gallery\/diablerets-pillon-24-8-19\/cache\/IMG_2617.jpg-nggid0521317-ngg0dyn-100x75x100-00f0w010c010r110f110r010t010.jpg\"\n                    width=\"100\"\n                    height=\"70\"\n                    style=\"max-width:100%;\"\n                \/>\n            <\/a>\n        <\/div>\n\t\t\t\t\t\t\t<\/div> \n\t\t\t\n                                    <br style=\"clear: both\" \/>\n                    \n\t\t\t\t<div id=\"ngg-image-12\" class=\"ngg-gallery-thumbnail-box\" >\n\t\t\t\t        <div class=\"ngg-gallery-thumbnail\">\n            <a href=\"http:\/\/www.freimarianne.ch\/wp-content\/gallery\/diablerets-pillon-24-8-19\/IMG_2620.jpg\"\n               title=\"Schluchhore 2578m\"\n               data-src=\"http:\/\/www.freimarianne.ch\/wp-content\/gallery\/diablerets-pillon-24-8-19\/IMG_2620.jpg\"\n               data-thumbnail=\"http:\/\/www.freimarianne.ch\/wp-content\/gallery\/diablerets-pillon-24-8-19\/thumbs\/thumbs_IMG_2620.jpg\"\n               data-image-id=\"21318\"\n               data-title=\"Schluchhore 2578m\"\n               data-description=\"Schluchhore 2578m\"\n               data-image-slug=\"img_2620-1\"\n               class=\"shutterset_b272d5a952293ad47b527d4b95182805\">\n                <img\n                    title=\"Schluchhore 2578m\"\n                    alt=\"Schluchhore 2578m\"\n                    src=\"http:\/\/www.freimarianne.ch\/wp-content\/gallery\/diablerets-pillon-24-8-19\/cache\/IMG_2620.jpg-nggid0521318-ngg0dyn-100x75x100-00f0w010c010r110f110r010t010.jpg\"\n                    width=\"100\"\n                    height=\"67\"\n                    style=\"max-width:100%;\"\n                \/>\n            <\/a>\n        <\/div>\n\t\t\t\t\t\t\t<\/div> \n\t\t\t\n                            \n\t\t\n\t\t<!-- Pagination -->\n\t<div class='ngg-clear'><\/div>\t<\/div>\n\n","protected":false},"excerpt":{"rendered":"<p>Les Diablerets &#8211; Col de Pillon F\u00fcr heute habe ich einen Ausflug mit einer kleinen Wanderung geplant.Ich fahre \u00fcber Lausanne, Aigle hinauf nach les Diablerets 1174m, wo ich mir ein Hotel ansehen m\u00f6chte. Das Hotel des Sources liegt etwas ausserhalb des Dorfes. Hier k\u00f6nnte ich mir einen Aufenthalt vorstellen. Nach einem Kaffee im Hotelgarten, mache [&hellip;]<\/p>\n","protected":false},"author":1,"featured_media":0,"parent":37187,"menu_order":21,"comment_status":"closed","ping_status":"closed","template":"","meta":{"ngg_post_thumbnail":0},"_links":{"self":[{"href":"http:\/\/www.freimarianne.ch\/index.php?rest_route=\/wp\/v2\/pages\/38069"}],"collection":[{"href":"http:\/\/www.freimarianne.ch\/index.php?rest_route=\/wp\/v2\/pages"}],"about":[{"href":"http:\/\/www.freimarianne.ch\/index.php?rest_route=\/wp\/v2\/types\/page"}],"author":[{"embeddable":true,"href":"http:\/\/www.freimarianne.ch\/index.php?rest_route=\/wp\/v2\/users\/1"}],"replies":[{"embeddable":true,"href":"http:\/\/www.freimarianne.ch\/index.php?rest_route=%2Fwp%2Fv2%2Fcomments&post=38069"}],"version-history":[{"count":12,"href":"http:\/\/www.freimarianne.ch\/index.php?rest_route=\/wp\/v2\/pages\/38069\/revisions"}],"predecessor-version":[{"id":66849,"href":"http:\/\/www.freimarianne.ch\/index.php?rest_route=\/wp\/v2\/pages\/38069\/revisions\/66849"}],"up":[{"embeddable":true,"href":"http:\/\/www.freimarianne.ch\/index.php?rest_route=\/wp\/v2\/pages\/37187"}],"wp:attachment":[{"href":"http:\/\/www.freimarianne.ch\/index.php?rest_route=%2Fwp%2Fv2%2Fmedia&parent=38069"}],"curies":[{"name":"wp","href":"https:\/\/api.w.org\/{rel}","templated":true}]}}