{"id":3816,"date":"2013-05-16T10:16:57","date_gmt":"2013-05-16T09:16:57","guid":{"rendered":"http:\/\/www.freimarianne.ch\/?page_id=3816"},"modified":"2025-05-25T14:49:26","modified_gmt":"2025-05-25T13:49:26","slug":"les-plejades-9-5-2013","status":"publish","type":"page","link":"http:\/\/www.freimarianne.ch\/?page_id=3816","title":{"rendered":"Les Pl\u00e9iades  9.5.2013"},"content":{"rendered":"<p><strong>Fr\u00fchlingswanderung<\/strong> bei eher schlechtem Wetter von les Paccots &#8211; Rosalys \u00fcber les Tenasses   nach Lally und hinauf auf  les Pl\u00e9jades. Abstieg nach Blonay.<br \/>\nLeider war die Narzisse unten eine absolute Seltenheit!<br \/>\nDie Narzissenwiesen sind noch gr\u00fcn!<br \/>\n<img loading=\"lazy\" src=\"http:\/\/www.freimarianne.ch\/wp-content\/uploads\/2013\/05\/IMG_3929_pl\u00e9jades__14.jpg\" alt=\"\" title=\"IMG_3929_pl\u00e9jades__14\" width=\"500\" height=\"375\" class=\"aligncenter size-full wp-image-3826\" srcset=\"http:\/\/www.freimarianne.ch\/wp-content\/uploads\/2013\/05\/IMG_3929_pl\u00e9jades__14.jpg 500w, http:\/\/www.freimarianne.ch\/wp-content\/uploads\/2013\/05\/IMG_3929_pl\u00e9jades__14-300x225.jpg 300w, http:\/\/www.freimarianne.ch\/wp-content\/uploads\/2013\/05\/IMG_3929_pl\u00e9jades__14-400x300.jpg 400w\" sizes=\"(max-width: 500px) 100vw, 500px\" \/><br \/>\n<!-- index.php -->\n<div\n\tclass=\"ngg-galleryoverview ngg-ajax-pagination-none\"\n\tid=\"ngg-gallery-ee6ce927cc2d99c87472a4466e221985-1\">\n\n    \t<div class=\"slideshowlink\">\n        <a href='http:\/\/www.freimarianne.ch\/index.php\/nggallery\/slideshow?page_id=3816'>[Show as slideshow]<\/a>\n\t\t\n\t<\/div>\n\t\t\t<!-- Thumbnails -->\n\t\t\t\t<div id=\"ngg-image-0\" class=\"ngg-gallery-thumbnail-box\" >\n\t\t\t\t        <div class=\"ngg-gallery-thumbnail\">\n            <a href=\"http:\/\/www.freimarianne.ch\/wp-content\/gallery\/les-plejades-9-5-13\/img_3896.jpg\"\n               title=\"\"\n               data-src=\"http:\/\/www.freimarianne.ch\/wp-content\/gallery\/les-plejades-9-5-13\/img_3896.jpg\"\n               data-thumbnail=\"http:\/\/www.freimarianne.ch\/wp-content\/gallery\/les-plejades-9-5-13\/thumbs\/thumbs_img_3896.jpg\"\n               data-image-id=\"6597\"\n               data-title=\"img_3896\"\n               data-description=\"\"\n               data-image-slug=\"img_3896-2\"\n               class=\"shutterset_ee6ce927cc2d99c87472a4466e221985\">\n                <img\n                    title=\"img_3896\"\n                    alt=\"img_3896\"\n                    src=\"http:\/\/www.freimarianne.ch\/wp-content\/gallery\/les-plejades-9-5-13\/cache\/img_3896.jpg-nggid046597-ngg0dyn-100x75x100-00f0w010c010r110f110r010t010.jpg\"\n                    width=\"100\"\n                    height=\"75\"\n                    style=\"max-width:100%;\"\n                \/>\n            <\/a>\n        <\/div>\n\t\t\t\t\t\t\t<\/div> \n\t\t\t\n                            \n\t\t\t\t<div id=\"ngg-image-1\" class=\"ngg-gallery-thumbnail-box\" >\n\t\t\t\t        <div class=\"ngg-gallery-thumbnail\">\n            <a href=\"http:\/\/www.freimarianne.ch\/wp-content\/gallery\/les-plejades-9-5-13\/img_3897.jpg\"\n               title=\"\"\n               data-src=\"http:\/\/www.freimarianne.ch\/wp-content\/gallery\/les-plejades-9-5-13\/img_3897.jpg\"\n               data-thumbnail=\"http:\/\/www.freimarianne.ch\/wp-content\/gallery\/les-plejades-9-5-13\/thumbs\/thumbs_img_3897.jpg\"\n               data-image-id=\"6598\"\n               data-title=\"img_3897\"\n               data-description=\"\"\n               data-image-slug=\"img_3897-3\"\n               class=\"shutterset_ee6ce927cc2d99c87472a4466e221985\">\n                <img\n                    title=\"img_3897\"\n                    alt=\"img_3897\"\n                    src=\"http:\/\/www.freimarianne.ch\/wp-content\/gallery\/les-plejades-9-5-13\/cache\/img_3897.jpg-nggid046598-ngg0dyn-100x75x100-00f0w010c010r110f110r010t010.jpg\"\n                    width=\"100\"\n                    height=\"75\"\n                    style=\"max-width:100%;\"\n                \/>\n            <\/a>\n        <\/div>\n\t\t\t\t\t\t\t<\/div> \n\t\t\t\n                            \n\t\t\t\t<div id=\"ngg-image-2\" class=\"ngg-gallery-thumbnail-box\" >\n\t\t\t\t        <div class=\"ngg-gallery-thumbnail\">\n            <a href=\"http:\/\/www.freimarianne.ch\/wp-content\/gallery\/les-plejades-9-5-13\/img_3903.jpg\"\n               title=\"\"\n               data-src=\"http:\/\/www.freimarianne.ch\/wp-content\/gallery\/les-plejades-9-5-13\/img_3903.jpg\"\n               data-thumbnail=\"http:\/\/www.freimarianne.ch\/wp-content\/gallery\/les-plejades-9-5-13\/thumbs\/thumbs_img_3903.jpg\"\n               data-image-id=\"6599\"\n               data-title=\"img_3903\"\n               data-description=\"\"\n               data-image-slug=\"img_3903-2\"\n               class=\"shutterset_ee6ce927cc2d99c87472a4466e221985\">\n                <img\n                    title=\"img_3903\"\n                    alt=\"img_3903\"\n                    src=\"http:\/\/www.freimarianne.ch\/wp-content\/gallery\/les-plejades-9-5-13\/cache\/img_3903.jpg-nggid046599-ngg0dyn-100x75x100-00f0w010c010r110f110r010t010.jpg\"\n                    width=\"100\"\n                    height=\"75\"\n                    style=\"max-width:100%;\"\n                \/>\n            <\/a>\n        <\/div>\n\t\t\t\t\t\t\t<\/div> \n\t\t\t\n                            \n\t\t\t\t<div id=\"ngg-image-3\" class=\"ngg-gallery-thumbnail-box\" >\n\t\t\t\t        <div class=\"ngg-gallery-thumbnail\">\n            <a href=\"http:\/\/www.freimarianne.ch\/wp-content\/gallery\/les-plejades-9-5-13\/img_3911.jpg\"\n               title=\"\"\n               data-src=\"http:\/\/www.freimarianne.ch\/wp-content\/gallery\/les-plejades-9-5-13\/img_3911.jpg\"\n               data-thumbnail=\"http:\/\/www.freimarianne.ch\/wp-content\/gallery\/les-plejades-9-5-13\/thumbs\/thumbs_img_3911.jpg\"\n               data-image-id=\"6600\"\n               data-title=\"img_3911\"\n               data-description=\"\"\n               data-image-slug=\"img_3911-2\"\n               class=\"shutterset_ee6ce927cc2d99c87472a4466e221985\">\n                <img\n                    title=\"img_3911\"\n                    alt=\"img_3911\"\n                    src=\"http:\/\/www.freimarianne.ch\/wp-content\/gallery\/les-plejades-9-5-13\/cache\/img_3911.jpg-nggid046600-ngg0dyn-100x75x100-00f0w010c010r110f110r010t010.jpg\"\n                    width=\"100\"\n                    height=\"75\"\n                    style=\"max-width:100%;\"\n                \/>\n            <\/a>\n        <\/div>\n\t\t\t\t\t\t\t<\/div> \n\t\t\t\n                                    <br style=\"clear: both\" \/>\n                    \n\t\t\t\t<div id=\"ngg-image-4\" class=\"ngg-gallery-thumbnail-box\" >\n\t\t\t\t        <div class=\"ngg-gallery-thumbnail\">\n            <a href=\"http:\/\/www.freimarianne.ch\/wp-content\/gallery\/les-plejades-9-5-13\/img_3912.jpg\"\n               title=\"\"\n               data-src=\"http:\/\/www.freimarianne.ch\/wp-content\/gallery\/les-plejades-9-5-13\/img_3912.jpg\"\n               data-thumbnail=\"http:\/\/www.freimarianne.ch\/wp-content\/gallery\/les-plejades-9-5-13\/thumbs\/thumbs_img_3912.jpg\"\n               data-image-id=\"6601\"\n               data-title=\"img_3912\"\n               data-description=\"\"\n               data-image-slug=\"img_3912-2\"\n               class=\"shutterset_ee6ce927cc2d99c87472a4466e221985\">\n                <img\n                    title=\"img_3912\"\n                    alt=\"img_3912\"\n                    src=\"http:\/\/www.freimarianne.ch\/wp-content\/gallery\/les-plejades-9-5-13\/cache\/img_3912.jpg-nggid046601-ngg0dyn-100x75x100-00f0w010c010r110f110r010t010.jpg\"\n                    width=\"100\"\n                    height=\"75\"\n                    style=\"max-width:100%;\"\n                \/>\n            <\/a>\n        <\/div>\n\t\t\t\t\t\t\t<\/div> \n\t\t\t\n                            \n\t\t\t\t<div id=\"ngg-image-5\" class=\"ngg-gallery-thumbnail-box\" >\n\t\t\t\t        <div class=\"ngg-gallery-thumbnail\">\n            <a href=\"http:\/\/www.freimarianne.ch\/wp-content\/gallery\/les-plejades-9-5-13\/img_3917.jpg\"\n               title=\"\"\n               data-src=\"http:\/\/www.freimarianne.ch\/wp-content\/gallery\/les-plejades-9-5-13\/img_3917.jpg\"\n               data-thumbnail=\"http:\/\/www.freimarianne.ch\/wp-content\/gallery\/les-plejades-9-5-13\/thumbs\/thumbs_img_3917.jpg\"\n               data-image-id=\"6602\"\n               data-title=\"img_3917\"\n               data-description=\"\"\n               data-image-slug=\"img_3917\"\n               class=\"shutterset_ee6ce927cc2d99c87472a4466e221985\">\n                <img\n                    title=\"img_3917\"\n                    alt=\"img_3917\"\n                    src=\"http:\/\/www.freimarianne.ch\/wp-content\/gallery\/les-plejades-9-5-13\/cache\/img_3917.jpg-nggid046602-ngg0dyn-100x75x100-00f0w010c010r110f110r010t010.jpg\"\n                    width=\"100\"\n                    height=\"75\"\n                    style=\"max-width:100%;\"\n                \/>\n            <\/a>\n        <\/div>\n\t\t\t\t\t\t\t<\/div> \n\t\t\t\n                            \n\t\t\t\t<div id=\"ngg-image-6\" class=\"ngg-gallery-thumbnail-box\" >\n\t\t\t\t        <div class=\"ngg-gallery-thumbnail\">\n            <a href=\"http:\/\/www.freimarianne.ch\/wp-content\/gallery\/les-plejades-9-5-13\/img_3925.jpg\"\n               title=\"\"\n               data-src=\"http:\/\/www.freimarianne.ch\/wp-content\/gallery\/les-plejades-9-5-13\/img_3925.jpg\"\n               data-thumbnail=\"http:\/\/www.freimarianne.ch\/wp-content\/gallery\/les-plejades-9-5-13\/thumbs\/thumbs_img_3925.jpg\"\n               data-image-id=\"6603\"\n               data-title=\"img_3925\"\n               data-description=\"\"\n               data-image-slug=\"img_3925-2\"\n               class=\"shutterset_ee6ce927cc2d99c87472a4466e221985\">\n                <img\n                    title=\"img_3925\"\n                    alt=\"img_3925\"\n                    src=\"http:\/\/www.freimarianne.ch\/wp-content\/gallery\/les-plejades-9-5-13\/cache\/img_3925.jpg-nggid046603-ngg0dyn-100x75x100-00f0w010c010r110f110r010t010.jpg\"\n                    width=\"100\"\n                    height=\"75\"\n                    style=\"max-width:100%;\"\n                \/>\n            <\/a>\n        <\/div>\n\t\t\t\t\t\t\t<\/div> \n\t\t\t\n                            \n\t\t\t\t<div id=\"ngg-image-7\" class=\"ngg-gallery-thumbnail-box\" >\n\t\t\t\t        <div class=\"ngg-gallery-thumbnail\">\n            <a href=\"http:\/\/www.freimarianne.ch\/wp-content\/gallery\/les-plejades-9-5-13\/img_3931.jpg\"\n               title=\"\"\n               data-src=\"http:\/\/www.freimarianne.ch\/wp-content\/gallery\/les-plejades-9-5-13\/img_3931.jpg\"\n               data-thumbnail=\"http:\/\/www.freimarianne.ch\/wp-content\/gallery\/les-plejades-9-5-13\/thumbs\/thumbs_img_3931.jpg\"\n               data-image-id=\"6604\"\n               data-title=\"img_3931\"\n               data-description=\"\"\n               data-image-slug=\"img_3931-4\"\n               class=\"shutterset_ee6ce927cc2d99c87472a4466e221985\">\n                <img\n                    title=\"img_3931\"\n                    alt=\"img_3931\"\n                    src=\"http:\/\/www.freimarianne.ch\/wp-content\/gallery\/les-plejades-9-5-13\/cache\/img_3931.jpg-nggid046604-ngg0dyn-100x75x100-00f0w010c010r110f110r010t010.jpg\"\n                    width=\"100\"\n                    height=\"75\"\n                    style=\"max-width:100%;\"\n                \/>\n            <\/a>\n        <\/div>\n\t\t\t\t\t\t\t<\/div> \n\t\t\t\n                                    <br style=\"clear: both\" \/>\n                    \n\t\t\n\t\t<!-- Pagination -->\n\t<div class='ngg-clear'><\/div>\t<\/div>\n<\/p>\n","protected":false},"excerpt":{"rendered":"<p>Fr\u00fchlingswanderung bei eher schlechtem Wetter von les Paccots &#8211; Rosalys \u00fcber les Tenasses nach Lally und hinauf auf les Pl\u00e9jades. Abstieg nach Blonay. Leider war die Narzisse unten eine absolute Seltenheit! Die Narzissenwiesen sind noch gr\u00fcn!<\/p>\n","protected":false},"author":1,"featured_media":0,"parent":3720,"menu_order":8,"comment_status":"closed","ping_status":"closed","template":"","meta":{"ngg_post_thumbnail":0},"_links":{"self":[{"href":"http:\/\/www.freimarianne.ch\/index.php?rest_route=\/wp\/v2\/pages\/3816"}],"collection":[{"href":"http:\/\/www.freimarianne.ch\/index.php?rest_route=\/wp\/v2\/pages"}],"about":[{"href":"http:\/\/www.freimarianne.ch\/index.php?rest_route=\/wp\/v2\/types\/page"}],"author":[{"embeddable":true,"href":"http:\/\/www.freimarianne.ch\/index.php?rest_route=\/wp\/v2\/users\/1"}],"replies":[{"embeddable":true,"href":"http:\/\/www.freimarianne.ch\/index.php?rest_route=%2Fwp%2Fv2%2Fcomments&post=3816"}],"version-history":[{"count":6,"href":"http:\/\/www.freimarianne.ch\/index.php?rest_route=\/wp\/v2\/pages\/3816\/revisions"}],"predecessor-version":[{"id":67893,"href":"http:\/\/www.freimarianne.ch\/index.php?rest_route=\/wp\/v2\/pages\/3816\/revisions\/67893"}],"up":[{"embeddable":true,"href":"http:\/\/www.freimarianne.ch\/index.php?rest_route=\/wp\/v2\/pages\/3720"}],"wp:attachment":[{"href":"http:\/\/www.freimarianne.ch\/index.php?rest_route=%2Fwp%2Fv2%2Fmedia&parent=3816"}],"curies":[{"name":"wp","href":"https:\/\/api.w.org\/{rel}","templated":true}]}}