{"id":39330,"date":"2019-12-09T11:26:05","date_gmt":"2019-12-09T10:26:05","guid":{"rendered":"http:\/\/www.freimarianne.ch\/?page_id=39330"},"modified":"2019-12-09T11:35:00","modified_gmt":"2019-12-09T10:35:00","slug":"klausenjagen-in-kussnacht-a-r-5-12-2019","status":"publish","type":"page","link":"http:\/\/www.freimarianne.ch\/?page_id=39330","title":{"rendered":"Klausenjagen in K\u00fcssnacht a. R. 5.12.2019"},"content":{"rendered":"<p><strong>Ausflug zum Klausen Jagen in K\u00fcssnacht am Rigi verbunden mit einer Nacht Wanderung von Weggis nach K\u00fcssnacht.<\/strong><\/p>\n<p><img loading=\"lazy\" src=\"http:\/\/www.freimarianne.ch\/wp-content\/uploads\/2019\/12\/IMG_4016._iffeln500.jpeg\" alt=\"\" width=\"500\" height=\"500\" class=\"alignleft size-full wp-image-39324\" srcset=\"http:\/\/www.freimarianne.ch\/wp-content\/uploads\/2019\/12\/IMG_4016._iffeln500.jpeg 500w, http:\/\/www.freimarianne.ch\/wp-content\/uploads\/2019\/12\/IMG_4016._iffeln500-300x300.jpeg 300w\" sizes=\"(max-width: 500px) 100vw, 500px\" \/><\/p>\n<p>Wanderung \u00fcber Zopf -G\u00e4rliweid nach Greppen. Dann lange Hartbelag, sp\u00e4ter Weg am See entlang nach K\u00fcssnacht.<\/p>\n<p>Nach einer Nachtwanderung von Weggis nach K\u00fcssnacht sind wir gespannt auf das Klausenjagen in K\u00fcssnacht am Rigi. Als wir dort endlich ankommen, werden wir von den Trichlern mit einem gewaltigen Get\u00f6se begr\u00fcsst. Bald  erleben wir auch die  Geiselklepfer, die ebenfalls einen enormen L\u00e4rm machen. Aber das hat man schon immer gemacht, um die b\u00f6sen Geister dieser Jahreszeit zu vertreiben (siehe Wickipedia). Nach langem Warten sehen wir dann endlich die  pr\u00e4chtigen Iffelen, die beleuchteten Mitren oder Bischofsm\u00fctzen. Leider verpassen wir den Einzug vom Samichlaus und das erneute Trichlenget\u00f6se, das in den Gassen widerhallt. Auch die Hornbl\u00e4ser verpassen wir, weil wir  den Zug  nach Luzern erwischen wollen.<br \/>\nWir werden ehe  kurz vor Mitternacht zuhause sein.<br \/>\nDer Aufwand war sehr gross, diesem Ereigniss beizuwohnen.<\/p>\n<p>Laut Schweizmobil:<br \/>\nDistanz: 9.81km; Aufstieg: 236m; Abstieg: 215m; Wanderzeit: 2h 32 min<\/p>\n<p><a href=\"https:\/\/map.schweizmobil.ch\/?lang=de&#038;photos=yes&#038;bgLayer=pk&#038;logo=yes&#038;season=summer&#038;resolution=20&#038;E=2675026&#038;N=1212278&#038;layers=Wanderland%2CStation&#038;trackId=6295063\">Karte Schweizmobil:<\/a><br \/>\n<img loading=\"lazy\" src=\"http:\/\/www.freimarianne.ch\/wp-content\/uploads\/2019\/12\/Collage-Iffelen-700.jpg\" alt=\"\" width=\"700\" height=\"700\" class=\"alignleft size-full wp-image-39334\" srcset=\"http:\/\/www.freimarianne.ch\/wp-content\/uploads\/2019\/12\/Collage-Iffelen-700.jpg 700w, http:\/\/www.freimarianne.ch\/wp-content\/uploads\/2019\/12\/Collage-Iffelen-700-300x300.jpg 300w\" sizes=\"(max-width: 700px) 100vw, 700px\" \/><\/p>\n","protected":false},"excerpt":{"rendered":"<p>Ausflug zum Klausen Jagen in K\u00fcssnacht am Rigi verbunden mit einer Nacht Wanderung von Weggis nach K\u00fcssnacht. Wanderung \u00fcber Zopf -G\u00e4rliweid nach Greppen. Dann lange Hartbelag, sp\u00e4ter Weg am See entlang nach K\u00fcssnacht. Nach einer Nachtwanderung von Weggis nach K\u00fcssnacht sind wir gespannt auf das Klausenjagen in K\u00fcssnacht am Rigi. Als wir dort endlich ankommen, [&hellip;]<\/p>\n","protected":false},"author":1,"featured_media":0,"parent":39217,"menu_order":2,"comment_status":"closed","ping_status":"closed","template":"","meta":{"ngg_post_thumbnail":0},"_links":{"self":[{"href":"http:\/\/www.freimarianne.ch\/index.php?rest_route=\/wp\/v2\/pages\/39330"}],"collection":[{"href":"http:\/\/www.freimarianne.ch\/index.php?rest_route=\/wp\/v2\/pages"}],"about":[{"href":"http:\/\/www.freimarianne.ch\/index.php?rest_route=\/wp\/v2\/types\/page"}],"author":[{"embeddable":true,"href":"http:\/\/www.freimarianne.ch\/index.php?rest_route=\/wp\/v2\/users\/1"}],"replies":[{"embeddable":true,"href":"http:\/\/www.freimarianne.ch\/index.php?rest_route=%2Fwp%2Fv2%2Fcomments&post=39330"}],"version-history":[{"count":4,"href":"http:\/\/www.freimarianne.ch\/index.php?rest_route=\/wp\/v2\/pages\/39330\/revisions"}],"predecessor-version":[{"id":39335,"href":"http:\/\/www.freimarianne.ch\/index.php?rest_route=\/wp\/v2\/pages\/39330\/revisions\/39335"}],"up":[{"embeddable":true,"href":"http:\/\/www.freimarianne.ch\/index.php?rest_route=\/wp\/v2\/pages\/39217"}],"wp:attachment":[{"href":"http:\/\/www.freimarianne.ch\/index.php?rest_route=%2Fwp%2Fv2%2Fmedia&parent=39330"}],"curies":[{"name":"wp","href":"https:\/\/api.w.org\/{rel}","templated":true}]}}