{"id":39381,"date":"2020-01-07T15:36:02","date_gmt":"2020-01-07T14:36:02","guid":{"rendered":"http:\/\/www.freimarianne.ch\/?page_id=39381"},"modified":"2020-01-07T15:57:10","modified_gmt":"2020-01-07T14:57:10","slug":"lenzerheide-gr-30-12-2019","status":"publish","type":"page","link":"http:\/\/www.freimarianne.ch\/?page_id=39381","title":{"rendered":"Lenzerheide  GR  30.12.2019"},"content":{"rendered":"<p><strong>Winterwanderung auf der Lenzerheide<\/strong><\/p>\n<p><img loading=\"lazy\" class=\"size-full wp-image-39374\" src=\"http:\/\/www.freimarianne.ch\/wp-content\/uploads\/2020\/01\/IMG_4415_lenzerheide500.jpeg\" alt=\"\" width=\"500\" height=\"334\" srcset=\"http:\/\/www.freimarianne.ch\/wp-content\/uploads\/2020\/01\/IMG_4415_lenzerheide500.jpeg 500w, http:\/\/www.freimarianne.ch\/wp-content\/uploads\/2020\/01\/IMG_4415_lenzerheide500-300x200.jpeg 300w, http:\/\/www.freimarianne.ch\/wp-content\/uploads\/2020\/01\/IMG_4415_lenzerheide500-449x300.jpeg 449w\" sizes=\"(max-width: 500px) 100vw, 500px\" \/><br \/>\nStation Parpaner Rothorn , Gipfel Parpaner Rothorn 2865m, Aroser Rothorn 2960m<\/p>\n<p>Heute m\u00f6chte ich das Gebiet von Vaz\/Obervaz bei der Lenzerheide auskundschaften.<br \/>\nAber wegen Schneemangels fahre ich von Zorten mit dem Bus wieder hinauf nach Lai, um von dort aus auf dem Winterwanderweg hin\u00fcber nach Sporz zu gelangen.<br \/>\nLeider verpasse ich den Weg nach Tgantieni ( evt. h\u00e4tte ich auf Teer gehen m\u00fcssen). Die Gegend hier ist wundersch\u00f6n. Eine Bank l\u00e4dt zu einer Rast ein.<br \/>\nDann wandere ich auf einer festgetretenen Schneeschuhspur \u00fcber einsame Waldlichtungen hinunter gegen die Skipiste nach Val Sporz, wo ich gerade den Sportbus erwische. Bei Fadailvsteigevich aus und gehe dem Heidsee entlang zur Rothornbahn, wo ich um 13.20h den Bus nach Chur nehmen kann.<br \/>\nAuch an diesem Tag hat es \u00fcberall sehr viele Leute und fast keinen Platz in den Z\u00fcgen.<\/p>\n<p><!-- index.php -->\n<div\n\tclass=\"ngg-galleryoverview ngg-ajax-pagination-none\"\n\tid=\"ngg-gallery-39527-1\">\n\n    \t<div class=\"slideshowlink\">\n        <a href='http:\/\/www.freimarianne.ch\/index.php\/nggallery\/slideshow?page_id=39381'>[Show as slideshow]<\/a>\n\t\t\n\t<\/div>\n\t\t\t<!-- Thumbnails -->\n\t\t\t\t<div id=\"ngg-image-0\" class=\"ngg-gallery-thumbnail-box\" >\n\t\t\t\t        <div class=\"ngg-gallery-thumbnail\">\n            <a href=\"http:\/\/www.freimarianne.ch\/wp-content\/gallery\/lenzerheide-30-12-19\/IMG_4392.jpeg\"\n               title=\"die Kirche von Zorten\"\n               data-src=\"http:\/\/www.freimarianne.ch\/wp-content\/gallery\/lenzerheide-30-12-19\/IMG_4392.jpeg\"\n               data-thumbnail=\"http:\/\/www.freimarianne.ch\/wp-content\/gallery\/lenzerheide-30-12-19\/thumbs\/thumbs_IMG_4392.jpeg\"\n               data-image-id=\"21766\"\n               data-title=\"IMG_4392\"\n               data-description=\"die Kirche von Zorten\"\n               data-image-slug=\"img_4392-4\"\n               class=\"shutterset_39527\">\n                <img\n                    title=\"IMG_4392\"\n                    alt=\"IMG_4392\"\n                    src=\"http:\/\/www.freimarianne.ch\/wp-content\/gallery\/lenzerheide-30-12-19\/thumbs\/thumbs_IMG_4392.jpeg\"\n                    width=\"100\"\n                    height=\"75\"\n                    style=\"max-width:100%;\"\n                \/>\n            <\/a>\n        <\/div>\n\t\t\t\t\t\t\t<\/div> \n\t\t\t\n        \n\t\t\t\t<div id=\"ngg-image-1\" class=\"ngg-gallery-thumbnail-box\" >\n\t\t\t\t        <div class=\"ngg-gallery-thumbnail\">\n            <a href=\"http:\/\/www.freimarianne.ch\/wp-content\/gallery\/lenzerheide-30-12-19\/IMG_4402.jpeg\"\n               title=\"Lain mit Muttnerhorn 2401m und Piz B\u00e9verin\"\n               data-src=\"http:\/\/www.freimarianne.ch\/wp-content\/gallery\/lenzerheide-30-12-19\/IMG_4402.jpeg\"\n               data-thumbnail=\"http:\/\/www.freimarianne.ch\/wp-content\/gallery\/lenzerheide-30-12-19\/thumbs\/thumbs_IMG_4402.jpeg\"\n               data-image-id=\"21765\"\n               data-title=\"IMG_4402\"\n               data-description=\"Lain mit Muttnerhorn 2401m und Piz B\u00e9verin\"\n               data-image-slug=\"img_4402-1\"\n               class=\"shutterset_39527\">\n                <img\n                    title=\"IMG_4402\"\n                    alt=\"IMG_4402\"\n                    src=\"http:\/\/www.freimarianne.ch\/wp-content\/gallery\/lenzerheide-30-12-19\/thumbs\/thumbs_IMG_4402.jpeg\"\n                    width=\"100\"\n                    height=\"75\"\n                    style=\"max-width:100%;\"\n                \/>\n            <\/a>\n        <\/div>\n\t\t\t\t\t\t\t<\/div> \n\t\t\t\n        \n\t\t\t\t<div id=\"ngg-image-2\" class=\"ngg-gallery-thumbnail-box\" >\n\t\t\t\t        <div class=\"ngg-gallery-thumbnail\">\n            <a href=\"http:\/\/www.freimarianne.ch\/wp-content\/gallery\/lenzerheide-30-12-19\/IMG_4406.jpeg\"\n               title=\"Marianne vor Piz Mosch 2729m, Lenzerhorn 2906m, Pizn Linard 2768m\"\n               data-src=\"http:\/\/www.freimarianne.ch\/wp-content\/gallery\/lenzerheide-30-12-19\/IMG_4406.jpeg\"\n               data-thumbnail=\"http:\/\/www.freimarianne.ch\/wp-content\/gallery\/lenzerheide-30-12-19\/thumbs\/thumbs_IMG_4406.jpeg\"\n               data-image-id=\"21764\"\n               data-title=\"IMG_4406\"\n               data-description=\"Marianne vor Piz Mosch 2729m, Lenzerhorn 2906m, Pizn Linard 2768m\"\n               data-image-slug=\"img_4406-3\"\n               class=\"shutterset_39527\">\n                <img\n                    title=\"IMG_4406\"\n                    alt=\"IMG_4406\"\n                    src=\"http:\/\/www.freimarianne.ch\/wp-content\/gallery\/lenzerheide-30-12-19\/thumbs\/thumbs_IMG_4406.jpeg\"\n                    width=\"100\"\n                    height=\"75\"\n                    style=\"max-width:100%;\"\n                \/>\n            <\/a>\n        <\/div>\n\t\t\t\t\t\t\t<\/div> \n\t\t\t\n        \n\t\t\t\t<div id=\"ngg-image-3\" class=\"ngg-gallery-thumbnail-box\" >\n\t\t\t\t        <div class=\"ngg-gallery-thumbnail\">\n            <a href=\"http:\/\/www.freimarianne.ch\/wp-content\/gallery\/lenzerheide-30-12-19\/IMG_4409.jpeg\"\n               title=\"Eiszapfen\"\n               data-src=\"http:\/\/www.freimarianne.ch\/wp-content\/gallery\/lenzerheide-30-12-19\/IMG_4409.jpeg\"\n               data-thumbnail=\"http:\/\/www.freimarianne.ch\/wp-content\/gallery\/lenzerheide-30-12-19\/thumbs\/thumbs_IMG_4409.jpeg\"\n               data-image-id=\"21763\"\n               data-title=\"IMG_4409\"\n               data-description=\"Eiszapfen\"\n               data-image-slug=\"img_4409\"\n               class=\"shutterset_39527\">\n                <img\n                    title=\"IMG_4409\"\n                    alt=\"IMG_4409\"\n                    src=\"http:\/\/www.freimarianne.ch\/wp-content\/gallery\/lenzerheide-30-12-19\/thumbs\/thumbs_IMG_4409.jpeg\"\n                    width=\"100\"\n                    height=\"75\"\n                    style=\"max-width:100%;\"\n                \/>\n            <\/a>\n        <\/div>\n\t\t\t\t\t\t\t<\/div> \n\t\t\t\n        \n\t\t\t\t<div id=\"ngg-image-4\" class=\"ngg-gallery-thumbnail-box\" >\n\t\t\t\t        <div class=\"ngg-gallery-thumbnail\">\n            <a href=\"http:\/\/www.freimarianne.ch\/wp-content\/gallery\/lenzerheide-30-12-19\/IMG_4413.jpeg\"\n               title=\"Station Parpaner Rothorn , Gipfel Parpaner Rothorn 2865m, Aroser Rothorn 2960m\"\n               data-src=\"http:\/\/www.freimarianne.ch\/wp-content\/gallery\/lenzerheide-30-12-19\/IMG_4413.jpeg\"\n               data-thumbnail=\"http:\/\/www.freimarianne.ch\/wp-content\/gallery\/lenzerheide-30-12-19\/thumbs\/thumbs_IMG_4413.jpeg\"\n               data-image-id=\"21762\"\n               data-title=\"IMG_4413\"\n               data-description=\"Station Parpaner Rothorn , Gipfel Parpaner Rothorn 2865m, Aroser Rothorn 2960m\"\n               data-image-slug=\"img_4413-1\"\n               class=\"shutterset_39527\">\n                <img\n                    title=\"IMG_4413\"\n                    alt=\"IMG_4413\"\n                    src=\"http:\/\/www.freimarianne.ch\/wp-content\/gallery\/lenzerheide-30-12-19\/thumbs\/thumbs_IMG_4413.jpeg\"\n                    width=\"100\"\n                    height=\"75\"\n                    style=\"max-width:100%;\"\n                \/>\n            <\/a>\n        <\/div>\n\t\t\t\t\t\t\t<\/div> \n\t\t\t\n        \n\t\t\t\t<div id=\"ngg-image-5\" class=\"ngg-gallery-thumbnail-box\" >\n\t\t\t\t        <div class=\"ngg-gallery-thumbnail\">\n            <a href=\"http:\/\/www.freimarianne.ch\/wp-content\/gallery\/lenzerheide-30-12-19\/IMG_4415.jpeg\"\n               title=\"Station Parpaner Rothorn , Gipfel Parpaner Rothorn 2865m, Aroser Rothorn 2960m\"\n               data-src=\"http:\/\/www.freimarianne.ch\/wp-content\/gallery\/lenzerheide-30-12-19\/IMG_4415.jpeg\"\n               data-thumbnail=\"http:\/\/www.freimarianne.ch\/wp-content\/gallery\/lenzerheide-30-12-19\/thumbs\/thumbs_IMG_4415.jpeg\"\n               data-image-id=\"21761\"\n               data-title=\"IMG_4415\"\n               data-description=\"Station Parpaner Rothorn , Gipfel Parpaner Rothorn 2865m, Aroser Rothorn 2960m\"\n               data-image-slug=\"img_4415-4\"\n               class=\"shutterset_39527\">\n                <img\n                    title=\"IMG_4415\"\n                    alt=\"IMG_4415\"\n                    src=\"http:\/\/www.freimarianne.ch\/wp-content\/gallery\/lenzerheide-30-12-19\/thumbs\/thumbs_IMG_4415.jpeg\"\n                    width=\"100\"\n                    height=\"75\"\n                    style=\"max-width:100%;\"\n                \/>\n            <\/a>\n        <\/div>\n\t\t\t\t\t\t\t<\/div> \n\t\t\t\n        \n\t\t\t\t<div id=\"ngg-image-6\" class=\"ngg-gallery-thumbnail-box\" >\n\t\t\t\t        <div class=\"ngg-gallery-thumbnail\">\n            <a href=\"http:\/\/www.freimarianne.ch\/wp-content\/gallery\/lenzerheide-30-12-19\/IMG_4416.jpeg\"\n               title=\"Station Parpaner Rothorn , Gipfel Parpaner Rothorn 2865m, Aroser Rothorn 2960m, Piz Naira 2870m, Lenzerhorn 2906m\"\n               data-src=\"http:\/\/www.freimarianne.ch\/wp-content\/gallery\/lenzerheide-30-12-19\/IMG_4416.jpeg\"\n               data-thumbnail=\"http:\/\/www.freimarianne.ch\/wp-content\/gallery\/lenzerheide-30-12-19\/thumbs\/thumbs_IMG_4416.jpeg\"\n               data-image-id=\"21760\"\n               data-title=\"IMG_4416\"\n               data-description=\"Station Parpaner Rothorn , Gipfel Parpaner Rothorn 2865m, Aroser Rothorn 2960m, Piz Naira 2870m, Lenzerhorn 2906m\"\n               data-image-slug=\"img_4416-2\"\n               class=\"shutterset_39527\">\n                <img\n                    title=\"IMG_4416\"\n                    alt=\"IMG_4416\"\n                    src=\"http:\/\/www.freimarianne.ch\/wp-content\/gallery\/lenzerheide-30-12-19\/thumbs\/thumbs_IMG_4416.jpeg\"\n                    width=\"100\"\n                    height=\"75\"\n                    style=\"max-width:100%;\"\n                \/>\n            <\/a>\n        <\/div>\n\t\t\t\t\t\t\t<\/div> \n\t\t\t\n        \n\t\t\t\t<div id=\"ngg-image-7\" class=\"ngg-gallery-thumbnail-box\" >\n\t\t\t\t        <div class=\"ngg-gallery-thumbnail\">\n            <a href=\"http:\/\/www.freimarianne.ch\/wp-content\/gallery\/lenzerheide-30-12-19\/IMG_4418.jpeg\"\n               title=\"Marianne mit: Station Parpaner Rothorn , Gipfel Parpaner Rothorn 2865m, Aroser Rothorn 2960m, Piz Naira 2870m, Lenzerhorn 2906m, Piz Linard 2768m\"\n               data-src=\"http:\/\/www.freimarianne.ch\/wp-content\/gallery\/lenzerheide-30-12-19\/IMG_4418.jpeg\"\n               data-thumbnail=\"http:\/\/www.freimarianne.ch\/wp-content\/gallery\/lenzerheide-30-12-19\/thumbs\/thumbs_IMG_4418.jpeg\"\n               data-image-id=\"21759\"\n               data-title=\"IMG_4418\"\n               data-description=\"Marianne mit: Station Parpaner Rothorn , Gipfel Parpaner Rothorn 2865m, Aroser Rothorn 2960m, Piz Naira 2870m, Lenzerhorn 2906m, Piz Linard 2768m\"\n               data-image-slug=\"img_4418-3\"\n               class=\"shutterset_39527\">\n                <img\n                    title=\"IMG_4418\"\n                    alt=\"IMG_4418\"\n                    src=\"http:\/\/www.freimarianne.ch\/wp-content\/gallery\/lenzerheide-30-12-19\/thumbs\/thumbs_IMG_4418.jpeg\"\n                    width=\"100\"\n                    height=\"75\"\n                    style=\"max-width:100%;\"\n                \/>\n            <\/a>\n        <\/div>\n\t\t\t\t\t\t\t<\/div> \n\t\t\t\n        \n\t\t\t\t<div id=\"ngg-image-8\" class=\"ngg-gallery-thumbnail-box\" >\n\t\t\t\t        <div class=\"ngg-gallery-thumbnail\">\n            <a href=\"http:\/\/www.freimarianne.ch\/wp-content\/gallery\/lenzerheide-30-12-19\/IMG_4427.jpeg\"\n               title=\"Sporz 1584m\"\n               data-src=\"http:\/\/www.freimarianne.ch\/wp-content\/gallery\/lenzerheide-30-12-19\/IMG_4427.jpeg\"\n               data-thumbnail=\"http:\/\/www.freimarianne.ch\/wp-content\/gallery\/lenzerheide-30-12-19\/thumbs\/thumbs_IMG_4427.jpeg\"\n               data-image-id=\"21758\"\n               data-title=\"IMG_4427\"\n               data-description=\"Sporz 1584m\"\n               data-image-slug=\"img_4427-1\"\n               class=\"shutterset_39527\">\n                <img\n                    title=\"IMG_4427\"\n                    alt=\"IMG_4427\"\n                    src=\"http:\/\/www.freimarianne.ch\/wp-content\/gallery\/lenzerheide-30-12-19\/thumbs\/thumbs_IMG_4427.jpeg\"\n                    width=\"100\"\n                    height=\"75\"\n                    style=\"max-width:100%;\"\n                \/>\n            <\/a>\n        <\/div>\n\t\t\t\t\t\t\t<\/div> \n\t\t\t\n        \n\t\t\t\t<div id=\"ngg-image-9\" class=\"ngg-gallery-thumbnail-box\" >\n\t\t\t\t        <div class=\"ngg-gallery-thumbnail\">\n            <a href=\"http:\/\/www.freimarianne.ch\/wp-content\/gallery\/lenzerheide-30-12-19\/IMG_4428.jpeg\"\n               title=\"Sporz 1584m ; Parpaner Weisshorn 2776m, Station Parpaner Rothorn , Gipfel Parpaner Rothorn 2865m, Aroser Rothorn 2960m, Piz Naira 2870m\"\n               data-src=\"http:\/\/www.freimarianne.ch\/wp-content\/gallery\/lenzerheide-30-12-19\/IMG_4428.jpeg\"\n               data-thumbnail=\"http:\/\/www.freimarianne.ch\/wp-content\/gallery\/lenzerheide-30-12-19\/thumbs\/thumbs_IMG_4428.jpeg\"\n               data-image-id=\"21757\"\n               data-title=\"IMG_4428\"\n               data-description=\"Sporz 1584m ; Parpaner Weisshorn 2776m, Station Parpaner Rothorn , Gipfel Parpaner Rothorn 2865m, Aroser Rothorn 2960m, Piz Naira 2870m\"\n               data-image-slug=\"img_4428\"\n               class=\"shutterset_39527\">\n                <img\n                    title=\"IMG_4428\"\n                    alt=\"IMG_4428\"\n                    src=\"http:\/\/www.freimarianne.ch\/wp-content\/gallery\/lenzerheide-30-12-19\/thumbs\/thumbs_IMG_4428.jpeg\"\n                    width=\"100\"\n                    height=\"75\"\n                    style=\"max-width:100%;\"\n                \/>\n            <\/a>\n        <\/div>\n\t\t\t\t\t\t\t<\/div> \n\t\t\t\n        \n\t\t\t\t<div id=\"ngg-image-10\" class=\"ngg-gallery-thumbnail-box\" >\n\t\t\t\t        <div class=\"ngg-gallery-thumbnail\">\n            <a href=\"http:\/\/www.freimarianne.ch\/wp-content\/gallery\/lenzerheide-30-12-19\/IMG_4430.jpeg\"\n               title=\"Piz Ela 3339m,  Tinzenhorn 3172m, Piz Mitgel 3159m\"\n               data-src=\"http:\/\/www.freimarianne.ch\/wp-content\/gallery\/lenzerheide-30-12-19\/IMG_4430.jpeg\"\n               data-thumbnail=\"http:\/\/www.freimarianne.ch\/wp-content\/gallery\/lenzerheide-30-12-19\/thumbs\/thumbs_IMG_4430.jpeg\"\n               data-image-id=\"21756\"\n               data-title=\"IMG_4430\"\n               data-description=\"Piz Ela 3339m,  Tinzenhorn 3172m, Piz Mitgel 3159m\"\n               data-image-slug=\"img_4430-1\"\n               class=\"shutterset_39527\">\n                <img\n                    title=\"IMG_4430\"\n                    alt=\"IMG_4430\"\n                    src=\"http:\/\/www.freimarianne.ch\/wp-content\/gallery\/lenzerheide-30-12-19\/thumbs\/thumbs_IMG_4430.jpeg\"\n                    width=\"100\"\n                    height=\"75\"\n                    style=\"max-width:100%;\"\n                \/>\n            <\/a>\n        <\/div>\n\t\t\t\t\t\t\t<\/div> \n\t\t\t\n        \n\t\t\t\t<div id=\"ngg-image-11\" class=\"ngg-gallery-thumbnail-box\" >\n\t\t\t\t        <div class=\"ngg-gallery-thumbnail\">\n            <a href=\"http:\/\/www.freimarianne.ch\/wp-content\/gallery\/lenzerheide-30-12-19\/IMG_4431.jpeg\"\n               title=\"Marianne vor Piz Mosch 2729m, Lenzerhorn 2906m, Pizn Linard 2768m\"\n               data-src=\"http:\/\/www.freimarianne.ch\/wp-content\/gallery\/lenzerheide-30-12-19\/IMG_4431.jpeg\"\n               data-thumbnail=\"http:\/\/www.freimarianne.ch\/wp-content\/gallery\/lenzerheide-30-12-19\/thumbs\/thumbs_IMG_4431.jpeg\"\n               data-image-id=\"21755\"\n               data-title=\"IMG_4431\"\n               data-description=\"Marianne vor Piz Mosch 2729m, Lenzerhorn 2906m, Pizn Linard 2768m\"\n               data-image-slug=\"img_4431-1\"\n               class=\"shutterset_39527\">\n                <img\n                    title=\"IMG_4431\"\n                    alt=\"IMG_4431\"\n                    src=\"http:\/\/www.freimarianne.ch\/wp-content\/gallery\/lenzerheide-30-12-19\/thumbs\/thumbs_IMG_4431.jpeg\"\n                    width=\"100\"\n                    height=\"75\"\n                    style=\"max-width:100%;\"\n                \/>\n            <\/a>\n        <\/div>\n\t\t\t\t\t\t\t<\/div> \n\t\t\t\n        \n\t\t\t\t<div id=\"ngg-image-12\" class=\"ngg-gallery-thumbnail-box\" >\n\t\t\t\t        <div class=\"ngg-gallery-thumbnail\">\n            <a href=\"http:\/\/www.freimarianne.ch\/wp-content\/gallery\/lenzerheide-30-12-19\/IMG_4434.jpeg\"\n               title=\"dewr WiWaWe\"\n               data-src=\"http:\/\/www.freimarianne.ch\/wp-content\/gallery\/lenzerheide-30-12-19\/IMG_4434.jpeg\"\n               data-thumbnail=\"http:\/\/www.freimarianne.ch\/wp-content\/gallery\/lenzerheide-30-12-19\/thumbs\/thumbs_IMG_4434.jpeg\"\n               data-image-id=\"21754\"\n               data-title=\"IMG_4434\"\n               data-description=\"dewr WiWaWe\"\n               data-image-slug=\"img_4434-2\"\n               class=\"shutterset_39527\">\n                <img\n                    title=\"IMG_4434\"\n                    alt=\"IMG_4434\"\n                    src=\"http:\/\/www.freimarianne.ch\/wp-content\/gallery\/lenzerheide-30-12-19\/thumbs\/thumbs_IMG_4434.jpeg\"\n                    width=\"100\"\n                    height=\"75\"\n                    style=\"max-width:100%;\"\n                \/>\n            <\/a>\n        <\/div>\n\t\t\t\t\t\t\t<\/div> \n\t\t\t\n        \n\t\t\t\t<div id=\"ngg-image-13\" class=\"ngg-gallery-thumbnail-box\" >\n\t\t\t\t        <div class=\"ngg-gallery-thumbnail\">\n            <a href=\"http:\/\/www.freimarianne.ch\/wp-content\/gallery\/lenzerheide-30-12-19\/IMG_4442.jpeg\"\n               title=\"Piz Naira 2870m,  Lenzerhorn  2906m, Piz Linard  2768m\"\n               data-src=\"http:\/\/www.freimarianne.ch\/wp-content\/gallery\/lenzerheide-30-12-19\/IMG_4442.jpeg\"\n               data-thumbnail=\"http:\/\/www.freimarianne.ch\/wp-content\/gallery\/lenzerheide-30-12-19\/thumbs\/thumbs_IMG_4442.jpeg\"\n               data-image-id=\"21753\"\n               data-title=\"IMG_4442\"\n               data-description=\"Piz Naira 2870m,  Lenzerhorn  2906m, Piz Linard  2768m\"\n               data-image-slug=\"img_4442\"\n               class=\"shutterset_39527\">\n                <img\n                    title=\"IMG_4442\"\n                    alt=\"IMG_4442\"\n                    src=\"http:\/\/www.freimarianne.ch\/wp-content\/gallery\/lenzerheide-30-12-19\/thumbs\/thumbs_IMG_4442.jpeg\"\n                    width=\"100\"\n                    height=\"75\"\n                    style=\"max-width:100%;\"\n                \/>\n            <\/a>\n        <\/div>\n\t\t\t\t\t\t\t<\/div> \n\t\t\t\n        \n\t\t\t\t<div id=\"ngg-image-14\" class=\"ngg-gallery-thumbnail-box\" >\n\t\t\t\t        <div class=\"ngg-gallery-thumbnail\">\n            <a href=\"http:\/\/www.freimarianne.ch\/wp-content\/gallery\/lenzerheide-30-12-19\/IMG_4447.jpeg\"\n               title=\"Parpaner Weisshorn 2776m, Station Parpaner Rothorn , Gipfel Parpaner Rothorn 2865m, Aroser Rothorn 2960m, Piz Naira 2870m, Lenzerhorn 2906m\"\n               data-src=\"http:\/\/www.freimarianne.ch\/wp-content\/gallery\/lenzerheide-30-12-19\/IMG_4447.jpeg\"\n               data-thumbnail=\"http:\/\/www.freimarianne.ch\/wp-content\/gallery\/lenzerheide-30-12-19\/thumbs\/thumbs_IMG_4447.jpeg\"\n               data-image-id=\"21752\"\n               data-title=\"IMG_4447\"\n               data-description=\"Parpaner Weisshorn 2776m, Station Parpaner Rothorn , Gipfel Parpaner Rothorn 2865m, Aroser Rothorn 2960m, Piz Naira 2870m, Lenzerhorn 2906m\"\n               data-image-slug=\"img_4447-1\"\n               class=\"shutterset_39527\">\n                <img\n                    title=\"IMG_4447\"\n                    alt=\"IMG_4447\"\n                    src=\"http:\/\/www.freimarianne.ch\/wp-content\/gallery\/lenzerheide-30-12-19\/thumbs\/thumbs_IMG_4447.jpeg\"\n                    width=\"100\"\n                    height=\"75\"\n                    style=\"max-width:100%;\"\n                \/>\n            <\/a>\n        <\/div>\n\t\t\t\t\t\t\t<\/div> \n\t\t\t\n        \n\t\t\t\t<div id=\"ngg-image-15\" class=\"ngg-gallery-thumbnail-box\" >\n\t\t\t\t        <div class=\"ngg-gallery-thumbnail\">\n            <a href=\"http:\/\/www.freimarianne.ch\/wp-content\/gallery\/lenzerheide-30-12-19\/IMG_4454.jpeg\"\n               title=\"am Heidsee\"\n               data-src=\"http:\/\/www.freimarianne.ch\/wp-content\/gallery\/lenzerheide-30-12-19\/IMG_4454.jpeg\"\n               data-thumbnail=\"http:\/\/www.freimarianne.ch\/wp-content\/gallery\/lenzerheide-30-12-19\/thumbs\/thumbs_IMG_4454.jpeg\"\n               data-image-id=\"21751\"\n               data-title=\"IMG_4454\"\n               data-description=\"am Heidsee\"\n               data-image-slug=\"img_4454-2\"\n               class=\"shutterset_39527\">\n                <img\n                    title=\"IMG_4454\"\n                    alt=\"IMG_4454\"\n                    src=\"http:\/\/www.freimarianne.ch\/wp-content\/gallery\/lenzerheide-30-12-19\/thumbs\/thumbs_IMG_4454.jpeg\"\n                    width=\"100\"\n                    height=\"75\"\n                    style=\"max-width:100%;\"\n                \/>\n            <\/a>\n        <\/div>\n\t\t\t\t\t\t\t<\/div> \n\t\t\t\n        \n\t\t\t\t<div id=\"ngg-image-16\" class=\"ngg-gallery-thumbnail-box\" >\n\t\t\t\t        <div class=\"ngg-gallery-thumbnail\">\n            <a href=\"http:\/\/www.freimarianne.ch\/wp-content\/gallery\/lenzerheide-30-12-19\/IMG_4456.jpeg\"\n               title=\"am Heidsee mit St\u00e4tzerhorn\"\n               data-src=\"http:\/\/www.freimarianne.ch\/wp-content\/gallery\/lenzerheide-30-12-19\/IMG_4456.jpeg\"\n               data-thumbnail=\"http:\/\/www.freimarianne.ch\/wp-content\/gallery\/lenzerheide-30-12-19\/thumbs\/thumbs_IMG_4456.jpeg\"\n               data-image-id=\"21750\"\n               data-title=\"IMG_4456\"\n               data-description=\"am Heidsee mit St\u00e4tzerhorn\"\n               data-image-slug=\"img_4456-1\"\n               class=\"shutterset_39527\">\n                <img\n                    title=\"IMG_4456\"\n                    alt=\"IMG_4456\"\n                    src=\"http:\/\/www.freimarianne.ch\/wp-content\/gallery\/lenzerheide-30-12-19\/thumbs\/thumbs_IMG_4456.jpeg\"\n                    width=\"100\"\n                    height=\"75\"\n                    style=\"max-width:100%;\"\n                \/>\n            <\/a>\n        <\/div>\n\t\t\t\t\t\t\t<\/div> \n\t\t\t\n        \n\t\t\n\t\t<!-- Pagination -->\n\t<div class='ngg-clear'><\/div>\t<\/div>\n<\/p>\n","protected":false},"excerpt":{"rendered":"<p>Winterwanderung auf der Lenzerheide Station Parpaner Rothorn , Gipfel Parpaner Rothorn 2865m, Aroser Rothorn 2960m Heute m\u00f6chte ich das Gebiet von Vaz\/Obervaz bei der Lenzerheide auskundschaften. Aber wegen Schneemangels fahre ich von Zorten mit dem Bus wieder hinauf nach Lai, um von dort aus auf dem Winterwanderweg hin\u00fcber nach Sporz zu gelangen. Leider verpasse ich [&hellip;]<\/p>\n","protected":false},"author":1,"featured_media":0,"parent":39217,"menu_order":5,"comment_status":"closed","ping_status":"closed","template":"","meta":{"ngg_post_thumbnail":0},"_links":{"self":[{"href":"http:\/\/www.freimarianne.ch\/index.php?rest_route=\/wp\/v2\/pages\/39381"}],"collection":[{"href":"http:\/\/www.freimarianne.ch\/index.php?rest_route=\/wp\/v2\/pages"}],"about":[{"href":"http:\/\/www.freimarianne.ch\/index.php?rest_route=\/wp\/v2\/types\/page"}],"author":[{"embeddable":true,"href":"http:\/\/www.freimarianne.ch\/index.php?rest_route=\/wp\/v2\/users\/1"}],"replies":[{"embeddable":true,"href":"http:\/\/www.freimarianne.ch\/index.php?rest_route=%2Fwp%2Fv2%2Fcomments&post=39381"}],"version-history":[{"count":3,"href":"http:\/\/www.freimarianne.ch\/index.php?rest_route=\/wp\/v2\/pages\/39381\/revisions"}],"predecessor-version":[{"id":39528,"href":"http:\/\/www.freimarianne.ch\/index.php?rest_route=\/wp\/v2\/pages\/39381\/revisions\/39528"}],"up":[{"embeddable":true,"href":"http:\/\/www.freimarianne.ch\/index.php?rest_route=\/wp\/v2\/pages\/39217"}],"wp:attachment":[{"href":"http:\/\/www.freimarianne.ch\/index.php?rest_route=%2Fwp%2Fv2%2Fmedia&parent=39381"}],"curies":[{"name":"wp","href":"https:\/\/api.w.org\/{rel}","templated":true}]}}