{"id":39813,"date":"2020-03-02T10:16:18","date_gmt":"2020-03-02T09:16:18","guid":{"rendered":"http:\/\/www.freimarianne.ch\/?page_id=39813"},"modified":"2020-03-02T10:23:00","modified_gmt":"2020-03-02T09:23:00","slug":"flumserberge-sg-20-20-2020","status":"publish","type":"page","link":"http:\/\/www.freimarianne.ch\/?page_id=39813","title":{"rendered":"Flumserberge  SG  20.20.2020"},"content":{"rendered":"<p><strong>Winterwanderung auf den Flumserbergen<\/strong><\/p>\n<p><img loading=\"lazy\" src=\"http:\/\/www.freimarianne.ch\/wp-content\/uploads\/2020\/03\/IMG_5441._flums-2.20_500.jpeg\" alt=\"\" width=\"500\" height=\"365\" class=\"size-full wp-image-39796\" srcset=\"http:\/\/www.freimarianne.ch\/wp-content\/uploads\/2020\/03\/IMG_5441._flums-2.20_500.jpeg 500w, http:\/\/www.freimarianne.ch\/wp-content\/uploads\/2020\/03\/IMG_5441._flums-2.20_500-300x219.jpeg 300w, http:\/\/www.freimarianne.ch\/wp-content\/uploads\/2020\/03\/IMG_5441._flums-2.20_500-411x300.jpeg 411w\" sizes=\"(max-width: 500px) 100vw, 500px\" \/><br \/>\n wundersch\u00f6ne Winterlandschaft mit Churfirsten<\/p>\n<p>Das Wetter auf der Tannenbodenalp ist  eher tr\u00fcb und der Himmelist milchig weiss.<br \/>\nSo beschliesse ich, dass wir  vorerst  auf die Seebenalp  zu wandern. Schon bevor wir dort ankommen, hat  sich das Wetter zum Besseren  ver\u00e4ndert und  wir k\u00f6nnen auf der Terrasse des Hotels unseren Kaffee bei Sonnenschein geniessen.  Wir wandern dann zur\u00fcck bis hinunter zur Abzweigung auf das Chr\u00fcz, die wir nehmen. Es gibt einige H\u00f6henmetter zu \u00fcberwinden insbesonders auf dem Wegabschnitt von Chr\u00fcz hinauf auf die Podalp. Zu dieser m\u00fcssen wir sogar noch hintersteigen! Von  der Station Prodalp aus folgen wir den Wegweisern hinunter zur Tannenbodenalp. Dies ist eine Strecke, die ich bereits von  den Pan\u00fc\u00f6l Winterwanderungen kenne.<br \/>\nZur\u00fcck  bei der Kabinenstation nehmen wir die  Gondelbahn hinunter nach Unterterzen, von wo wir die  SBahn nach Zielgbr\u00fccke nehmen k\u00f6nnen.<br \/>\nWir sind am Morgen mit dem Postauto von Sargans gekommen und erleben so die  andere M\u00f6glichkeit, die Fumserberge zu erreichen.<\/p>\n<p>Wir sind zufrieden mit dieser Winterwanderung, die uns doch noch sch\u00f6nes Wetter beschert hat. Man muss aber manchmal  nur etwas Geduld mit den Wetterumst\u00e4nden  haben!<\/p>\n<p>Laut Schweizmobil:<br \/>\nDistanz: 10.59km; Aufstieg= Abstieg: 479mk; Wanderzeit:  3h 6min (Sommer)<\/p>\n<p><a href=\"https:\/\/map.schweizmobil.ch\/?lang=de&#038;photos=yes&#038;bgLayer=pk&#038;logo=yes&#038;season=winter&#038;resolution=5&#038;E=2739351&#038;N=1216697&#038;layers=Place%2CSightseeing%2CWinterhiking&#038;trackId=6434089\">Karte Schweizmobil: <\/a><\/p>\n","protected":false},"excerpt":{"rendered":"<p>Winterwanderung auf den Flumserbergen wundersch\u00f6ne Winterlandschaft mit Churfirsten Das Wetter auf der Tannenbodenalp ist eher tr\u00fcb und der Himmelist milchig weiss. So beschliesse ich, dass wir vorerst auf die Seebenalp zu wandern. Schon bevor wir dort ankommen, hat sich das Wetter zum Besseren ver\u00e4ndert und wir k\u00f6nnen auf der Terrasse des Hotels unseren Kaffee bei [&hellip;]<\/p>\n","protected":false},"author":1,"featured_media":0,"parent":39217,"menu_order":18,"comment_status":"closed","ping_status":"closed","template":"","meta":{"ngg_post_thumbnail":0},"_links":{"self":[{"href":"http:\/\/www.freimarianne.ch\/index.php?rest_route=\/wp\/v2\/pages\/39813"}],"collection":[{"href":"http:\/\/www.freimarianne.ch\/index.php?rest_route=\/wp\/v2\/pages"}],"about":[{"href":"http:\/\/www.freimarianne.ch\/index.php?rest_route=\/wp\/v2\/types\/page"}],"author":[{"embeddable":true,"href":"http:\/\/www.freimarianne.ch\/index.php?rest_route=\/wp\/v2\/users\/1"}],"replies":[{"embeddable":true,"href":"http:\/\/www.freimarianne.ch\/index.php?rest_route=%2Fwp%2Fv2%2Fcomments&post=39813"}],"version-history":[{"count":6,"href":"http:\/\/www.freimarianne.ch\/index.php?rest_route=\/wp\/v2\/pages\/39813\/revisions"}],"predecessor-version":[{"id":39819,"href":"http:\/\/www.freimarianne.ch\/index.php?rest_route=\/wp\/v2\/pages\/39813\/revisions\/39819"}],"up":[{"embeddable":true,"href":"http:\/\/www.freimarianne.ch\/index.php?rest_route=\/wp\/v2\/pages\/39217"}],"wp:attachment":[{"href":"http:\/\/www.freimarianne.ch\/index.php?rest_route=%2Fwp%2Fv2%2Fmedia&parent=39813"}],"curies":[{"name":"wp","href":"https:\/\/api.w.org\/{rel}","templated":true}]}}