{"id":40119,"date":"2020-03-13T08:56:55","date_gmt":"2020-03-13T07:56:55","guid":{"rendered":"http:\/\/www.freimarianne.ch\/?page_id=40119"},"modified":"2020-03-18T08:47:35","modified_gmt":"2020-03-18T07:47:35","slug":"schloss-hallwil-lenzburg-ag-8-3-2020","status":"publish","type":"page","link":"http:\/\/www.freimarianne.ch\/?page_id=40119","title":{"rendered":"Schloss Hallwil -Lenzburg  AG   8.3.2020"},"content":{"rendered":"<p><strong>Vom Schloss Hallwil dem Aabach entlang nach Lenzburg<\/strong><\/p>\n<p><img loading=\"lazy\" class=\"alignleft size-full wp-image-40115\" src=\"http:\/\/www.freimarianne.ch\/wp-content\/uploads\/2020\/03\/IMG_5599_hallwil_500.jpeg\" alt=\"\" width=\"500\" height=\"334\" srcset=\"http:\/\/www.freimarianne.ch\/wp-content\/uploads\/2020\/03\/IMG_5599_hallwil_500.jpeg 500w, http:\/\/www.freimarianne.ch\/wp-content\/uploads\/2020\/03\/IMG_5599_hallwil_500-300x200.jpeg 300w, http:\/\/www.freimarianne.ch\/wp-content\/uploads\/2020\/03\/IMG_5599_hallwil_500-449x300.jpeg 449w\" sizes=\"(max-width: 500px) 100vw, 500px\" \/><br \/>\n<strong><br \/>\n<\/strong><\/p>\n<p>Ich bin erst um 11.55h beim Schloss Hallwil und beginne dort meine Wanderung demAabach entlang nach Lenzburg. Ich m\u00f6chte diesen Wegabschnitt kennenlernen, nachdem ich im letzten Fr\u00fchling nur den Weg von Teufenthal nach Seon gemacht hatte.<br \/>\nIch gehe kurz auf Hartbelag, dann auf Naturstr\u00e4sschen und sp\u00e4ter auch auf Wanderwegen. Nicht immer verl\u00e4uft der Weg direkt nebem dem Aabach. Es gibt viele verschiedenen Wegabschnitte, die die Wanderung eher abwechslungsreich machen. In Lenzburg kann man den gelben Zeichen bis in die Stadt hinein folgen.So lande dann bei der Bushaltestelle Angelrain. Aber von hier zum Bahnhof ist es nicht weit und man kann gut zu Fuss weitergehen.<\/p>\n<p>Laut Schweizmobil:<br \/>\nDistanz: 9.98km; Aufstieg: 71m; Abstieg: 114m; Wanderzeit: 2h 24 min<\/p>\n<p><a href=\"https:\/\/map.schweizmobil.ch\/?lang=de&amp;photos=yes&amp;bgLayer=pk&amp;logo=yes&amp;season=summer&amp;resolution=20&amp;E=2656229&amp;N=1245415&amp;layers=Wanderland%2CStation&amp;trackId=6464765\">Karte Schweizmobil:<\/a><\/p>\n<p><!-- index.php -->\n<div\n\tclass=\"ngg-galleryoverview ngg-ajax-pagination-none\"\n\tid=\"ngg-gallery-40173-1\">\n\n    \t<div class=\"slideshowlink\">\n        <a href='http:\/\/www.freimarianne.ch\/index.php\/nggallery\/slideshow?page_id=40119'>[Show as slideshow]<\/a>\n\t\t\n\t<\/div>\n\t\t\t<!-- Thumbnails -->\n\t\t\t\t<div id=\"ngg-image-0\" class=\"ngg-gallery-thumbnail-box\" >\n\t\t\t\t        <div class=\"ngg-gallery-thumbnail\">\n            <a href=\"http:\/\/www.freimarianne.ch\/wp-content\/gallery\/hallwil-lenzburg-8-3-20\/IMG_5593.jpeg\"\n               title=\"Schloss Hallwil\"\n               data-src=\"http:\/\/www.freimarianne.ch\/wp-content\/gallery\/hallwil-lenzburg-8-3-20\/IMG_5593.jpeg\"\n               data-thumbnail=\"http:\/\/www.freimarianne.ch\/wp-content\/gallery\/hallwil-lenzburg-8-3-20\/thumbs\/thumbs_IMG_5593.jpeg\"\n               data-image-id=\"22033\"\n               data-title=\"IMG_5593\"\n               data-description=\"Schloss Hallwil\"\n               data-image-slug=\"img_5593-4\"\n               class=\"shutterset_40173\">\n                <img\n                    title=\"IMG_5593\"\n                    alt=\"IMG_5593\"\n                    src=\"http:\/\/www.freimarianne.ch\/wp-content\/gallery\/hallwil-lenzburg-8-3-20\/thumbs\/thumbs_IMG_5593.jpeg\"\n                    width=\"100\"\n                    height=\"75\"\n                    style=\"max-width:100%;\"\n                \/>\n            <\/a>\n        <\/div>\n\t\t\t\t\t\t\t<\/div> \n\t\t\t\n        \n\t\t\t\t<div id=\"ngg-image-1\" class=\"ngg-gallery-thumbnail-box\" >\n\t\t\t\t        <div class=\"ngg-gallery-thumbnail\">\n            <a href=\"http:\/\/www.freimarianne.ch\/wp-content\/gallery\/hallwil-lenzburg-8-3-20\/IMG_5599.jpeg\"\n               title=\"am Aabach\"\n               data-src=\"http:\/\/www.freimarianne.ch\/wp-content\/gallery\/hallwil-lenzburg-8-3-20\/IMG_5599.jpeg\"\n               data-thumbnail=\"http:\/\/www.freimarianne.ch\/wp-content\/gallery\/hallwil-lenzburg-8-3-20\/thumbs\/thumbs_IMG_5599.jpeg\"\n               data-image-id=\"22032\"\n               data-title=\"IMG_5599\"\n               data-description=\"am Aabach\"\n               data-image-slug=\"img_5599-3\"\n               class=\"shutterset_40173\">\n                <img\n                    title=\"IMG_5599\"\n                    alt=\"IMG_5599\"\n                    src=\"http:\/\/www.freimarianne.ch\/wp-content\/gallery\/hallwil-lenzburg-8-3-20\/thumbs\/thumbs_IMG_5599.jpeg\"\n                    width=\"100\"\n                    height=\"75\"\n                    style=\"max-width:100%;\"\n                \/>\n            <\/a>\n        <\/div>\n\t\t\t\t\t\t\t<\/div> \n\t\t\t\n        \n\t\t\t\t<div id=\"ngg-image-2\" class=\"ngg-gallery-thumbnail-box\" >\n\t\t\t\t        <div class=\"ngg-gallery-thumbnail\">\n            <a href=\"http:\/\/www.freimarianne.ch\/wp-content\/gallery\/hallwil-lenzburg-8-3-20\/IMG_5600.jpeg\"\n               title=\"am Aabach\"\n               data-src=\"http:\/\/www.freimarianne.ch\/wp-content\/gallery\/hallwil-lenzburg-8-3-20\/IMG_5600.jpeg\"\n               data-thumbnail=\"http:\/\/www.freimarianne.ch\/wp-content\/gallery\/hallwil-lenzburg-8-3-20\/thumbs\/thumbs_IMG_5600.jpeg\"\n               data-image-id=\"22031\"\n               data-title=\"IMG_5600\"\n               data-description=\"am Aabach\"\n               data-image-slug=\"img_5600-2\"\n               class=\"shutterset_40173\">\n                <img\n                    title=\"IMG_5600\"\n                    alt=\"IMG_5600\"\n                    src=\"http:\/\/www.freimarianne.ch\/wp-content\/gallery\/hallwil-lenzburg-8-3-20\/thumbs\/thumbs_IMG_5600.jpeg\"\n                    width=\"100\"\n                    height=\"75\"\n                    style=\"max-width:100%;\"\n                \/>\n            <\/a>\n        <\/div>\n\t\t\t\t\t\t\t<\/div> \n\t\t\t\n        \n\t\t\t\t<div id=\"ngg-image-3\" class=\"ngg-gallery-thumbnail-box\" >\n\t\t\t\t        <div class=\"ngg-gallery-thumbnail\">\n            <a href=\"http:\/\/www.freimarianne.ch\/wp-content\/gallery\/hallwil-lenzburg-8-3-20\/IMG_5601.jpeg\"\n               title=\"am Aabach\"\n               data-src=\"http:\/\/www.freimarianne.ch\/wp-content\/gallery\/hallwil-lenzburg-8-3-20\/IMG_5601.jpeg\"\n               data-thumbnail=\"http:\/\/www.freimarianne.ch\/wp-content\/gallery\/hallwil-lenzburg-8-3-20\/thumbs\/thumbs_IMG_5601.jpeg\"\n               data-image-id=\"22030\"\n               data-title=\"IMG_5601\"\n               data-description=\"am Aabach\"\n               data-image-slug=\"img_5601-3\"\n               class=\"shutterset_40173\">\n                <img\n                    title=\"IMG_5601\"\n                    alt=\"IMG_5601\"\n                    src=\"http:\/\/www.freimarianne.ch\/wp-content\/gallery\/hallwil-lenzburg-8-3-20\/thumbs\/thumbs_IMG_5601.jpeg\"\n                    width=\"100\"\n                    height=\"75\"\n                    style=\"max-width:100%;\"\n                \/>\n            <\/a>\n        <\/div>\n\t\t\t\t\t\t\t<\/div> \n\t\t\t\n        \n\t\t\t\t<div id=\"ngg-image-4\" class=\"ngg-gallery-thumbnail-box\" >\n\t\t\t\t        <div class=\"ngg-gallery-thumbnail\">\n            <a href=\"http:\/\/www.freimarianne.ch\/wp-content\/gallery\/hallwil-lenzburg-8-3-20\/IMG_5607.jpeg\"\n               title=\"am Aabach\"\n               data-src=\"http:\/\/www.freimarianne.ch\/wp-content\/gallery\/hallwil-lenzburg-8-3-20\/IMG_5607.jpeg\"\n               data-thumbnail=\"http:\/\/www.freimarianne.ch\/wp-content\/gallery\/hallwil-lenzburg-8-3-20\/thumbs\/thumbs_IMG_5607.jpeg\"\n               data-image-id=\"22029\"\n               data-title=\"IMG_5607\"\n               data-description=\"am Aabach\"\n               data-image-slug=\"img_5607-6\"\n               class=\"shutterset_40173\">\n                <img\n                    title=\"IMG_5607\"\n                    alt=\"IMG_5607\"\n                    src=\"http:\/\/www.freimarianne.ch\/wp-content\/gallery\/hallwil-lenzburg-8-3-20\/thumbs\/thumbs_IMG_5607.jpeg\"\n                    width=\"100\"\n                    height=\"75\"\n                    style=\"max-width:100%;\"\n                \/>\n            <\/a>\n        <\/div>\n\t\t\t\t\t\t\t<\/div> \n\t\t\t\n        \n\t\t\t\t<div id=\"ngg-image-5\" class=\"ngg-gallery-thumbnail-box\" >\n\t\t\t\t        <div class=\"ngg-gallery-thumbnail\">\n            <a href=\"http:\/\/www.freimarianne.ch\/wp-content\/gallery\/hallwil-lenzburg-8-3-20\/IMG_5610.jpeg\"\n               title=\"Auenlandschaft bei Lenzburg\"\n               data-src=\"http:\/\/www.freimarianne.ch\/wp-content\/gallery\/hallwil-lenzburg-8-3-20\/IMG_5610.jpeg\"\n               data-thumbnail=\"http:\/\/www.freimarianne.ch\/wp-content\/gallery\/hallwil-lenzburg-8-3-20\/thumbs\/thumbs_IMG_5610.jpeg\"\n               data-image-id=\"22028\"\n               data-title=\"IMG_5610\"\n               data-description=\"Auenlandschaft bei Lenzburg\"\n               data-image-slug=\"img_5610-2\"\n               class=\"shutterset_40173\">\n                <img\n                    title=\"IMG_5610\"\n                    alt=\"IMG_5610\"\n                    src=\"http:\/\/www.freimarianne.ch\/wp-content\/gallery\/hallwil-lenzburg-8-3-20\/thumbs\/thumbs_IMG_5610.jpeg\"\n                    width=\"100\"\n                    height=\"75\"\n                    style=\"max-width:100%;\"\n                \/>\n            <\/a>\n        <\/div>\n\t\t\t\t\t\t\t<\/div> \n\t\t\t\n        \n\t\t\t\t<div id=\"ngg-image-6\" class=\"ngg-gallery-thumbnail-box\" >\n\t\t\t\t        <div class=\"ngg-gallery-thumbnail\">\n            <a href=\"http:\/\/www.freimarianne.ch\/wp-content\/gallery\/hallwil-lenzburg-8-3-20\/IMG_0049.jpeg\"\n               title=\"Fr\u00fchlinsboten\"\n               data-src=\"http:\/\/www.freimarianne.ch\/wp-content\/gallery\/hallwil-lenzburg-8-3-20\/IMG_0049.jpeg\"\n               data-thumbnail=\"http:\/\/www.freimarianne.ch\/wp-content\/gallery\/hallwil-lenzburg-8-3-20\/thumbs\/thumbs_IMG_0049.jpeg\"\n               data-image-id=\"22034\"\n               data-title=\"IMG_5613\"\n               data-description=\"Fr\u00fchlinsboten\"\n               data-image-slug=\"img_0049-3\"\n               class=\"shutterset_40173\">\n                <img\n                    title=\"IMG_5613\"\n                    alt=\"IMG_5613\"\n                    src=\"http:\/\/www.freimarianne.ch\/wp-content\/gallery\/hallwil-lenzburg-8-3-20\/thumbs\/thumbs_IMG_0049.jpeg\"\n                    width=\"100\"\n                    height=\"75\"\n                    style=\"max-width:100%;\"\n                \/>\n            <\/a>\n        <\/div>\n\t\t\t\t\t\t\t<\/div> \n\t\t\t\n        \n\t\t\t\t<div id=\"ngg-image-7\" class=\"ngg-gallery-thumbnail-box\" >\n\t\t\t\t        <div class=\"ngg-gallery-thumbnail\">\n            <a href=\"http:\/\/www.freimarianne.ch\/wp-content\/gallery\/hallwil-lenzburg-8-3-20\/IMG_5612.jpeg\"\n               title=\"Schloss Lenzburg\"\n               data-src=\"http:\/\/www.freimarianne.ch\/wp-content\/gallery\/hallwil-lenzburg-8-3-20\/IMG_5612.jpeg\"\n               data-thumbnail=\"http:\/\/www.freimarianne.ch\/wp-content\/gallery\/hallwil-lenzburg-8-3-20\/thumbs\/thumbs_IMG_5612.jpeg\"\n               data-image-id=\"22027\"\n               data-title=\"IMG_5612\"\n               data-description=\"Schloss Lenzburg\"\n               data-image-slug=\"img_5612-1\"\n               class=\"shutterset_40173\">\n                <img\n                    title=\"IMG_5612\"\n                    alt=\"IMG_5612\"\n                    src=\"http:\/\/www.freimarianne.ch\/wp-content\/gallery\/hallwil-lenzburg-8-3-20\/thumbs\/thumbs_IMG_5612.jpeg\"\n                    width=\"100\"\n                    height=\"75\"\n                    style=\"max-width:100%;\"\n                \/>\n            <\/a>\n        <\/div>\n\t\t\t\t\t\t\t<\/div> \n\t\t\t\n        \n\t\t\n\t\t<!-- Pagination -->\n\t<div class='ngg-clear'><\/div>\t<\/div>\n<\/p>\n","protected":false},"excerpt":{"rendered":"<p>Vom Schloss Hallwil dem Aabach entlang nach Lenzburg Ich bin erst um 11.55h beim Schloss Hallwil und beginne dort meine Wanderung demAabach entlang nach Lenzburg. Ich m\u00f6chte diesen Wegabschnitt kennenlernen, nachdem ich im letzten Fr\u00fchling nur den Weg von Teufenthal nach Seon gemacht hatte. Ich gehe kurz auf Hartbelag, dann auf Naturstr\u00e4sschen und sp\u00e4ter auch [&hellip;]<\/p>\n","protected":false},"author":1,"featured_media":0,"parent":40177,"menu_order":2,"comment_status":"closed","ping_status":"closed","template":"","meta":{"ngg_post_thumbnail":0},"_links":{"self":[{"href":"http:\/\/www.freimarianne.ch\/index.php?rest_route=\/wp\/v2\/pages\/40119"}],"collection":[{"href":"http:\/\/www.freimarianne.ch\/index.php?rest_route=\/wp\/v2\/pages"}],"about":[{"href":"http:\/\/www.freimarianne.ch\/index.php?rest_route=\/wp\/v2\/types\/page"}],"author":[{"embeddable":true,"href":"http:\/\/www.freimarianne.ch\/index.php?rest_route=\/wp\/v2\/users\/1"}],"replies":[{"embeddable":true,"href":"http:\/\/www.freimarianne.ch\/index.php?rest_route=%2Fwp%2Fv2%2Fcomments&post=40119"}],"version-history":[{"count":12,"href":"http:\/\/www.freimarianne.ch\/index.php?rest_route=\/wp\/v2\/pages\/40119\/revisions"}],"predecessor-version":[{"id":40174,"href":"http:\/\/www.freimarianne.ch\/index.php?rest_route=\/wp\/v2\/pages\/40119\/revisions\/40174"}],"up":[{"embeddable":true,"href":"http:\/\/www.freimarianne.ch\/index.php?rest_route=\/wp\/v2\/pages\/40177"}],"wp:attachment":[{"href":"http:\/\/www.freimarianne.ch\/index.php?rest_route=%2Fwp%2Fv2%2Fmedia&parent=40119"}],"curies":[{"name":"wp","href":"https:\/\/api.w.org\/{rel}","templated":true}]}}