{"id":40180,"date":"2020-03-18T10:36:46","date_gmt":"2020-03-18T09:36:46","guid":{"rendered":"http:\/\/www.freimarianne.ch\/?page_id=40180"},"modified":"2020-03-18T10:44:02","modified_gmt":"2020-03-18T09:44:02","slug":"pontresina-gr-15-3-2020","status":"publish","type":"page","link":"http:\/\/www.freimarianne.ch\/?page_id=40180","title":{"rendered":"Pontresina  GR  15.3.2020"},"content":{"rendered":"<p><strong>Kurzaufenthalt in Pontresina<\/strong><\/p>\n<p><img loading=\"lazy\" class=\"size-full wp-image-40179\" src=\"http:\/\/www.freimarianne.ch\/wp-content\/uploads\/2020\/03\/IMG_5645_Pontresina_500.jpeg\" alt=\"\" width=\"500\" height=\"334\" srcset=\"http:\/\/www.freimarianne.ch\/wp-content\/uploads\/2020\/03\/IMG_5645_Pontresina_500.jpeg 500w, http:\/\/www.freimarianne.ch\/wp-content\/uploads\/2020\/03\/IMG_5645_Pontresina_500-300x200.jpeg 300w, http:\/\/www.freimarianne.ch\/wp-content\/uploads\/2020\/03\/IMG_5645_Pontresina_500-449x300.jpeg 449w\" sizes=\"(max-width: 500px) 100vw, 500px\" \/><br \/>\nim Val Morteratsch<\/p>\n<p>Was eine Woche Winterferien sein sollte, reduzierte sich auf einen Prachtstag in Pontresina. Wir wanderten von Pontresina aus ins Val Morteratsch und zur\u00fcck zur Station Morteratsch. Ein Ausflug mit dem Zug auf die Alp Gr\u00fcm mit einem kurzen Kaffeehalt und zur\u00fcck bis nach St.Moritz rundete den Tag ab. So hatten wir wenigstens diesen einen Tag voll ausgenutzt, um den Winter zu geniessen. Das Hotel schloss am Montag und wir mussten wieder nachhause fahren ( Auswirkung des Corona Virus)<\/p>\n<p><!-- index.php -->\n<div\n\tclass=\"ngg-galleryoverview ngg-ajax-pagination-none\"\n\tid=\"ngg-gallery-40208-1\">\n\n    \t<div class=\"slideshowlink\">\n        <a href='http:\/\/www.freimarianne.ch\/index.php\/nggallery\/slideshow?page_id=40180'>[Show as slideshow]<\/a>\n\t\t\n\t<\/div>\n\t\t\t<!-- Thumbnails -->\n\t\t\t\t<div id=\"ngg-image-0\" class=\"ngg-gallery-thumbnail-box\" >\n\t\t\t\t        <div class=\"ngg-gallery-thumbnail\">\n            <a href=\"http:\/\/www.freimarianne.ch\/wp-content\/gallery\/morteratsch-15-3-20\/IMG_5626.jpeg\"\n               title=\"\"\n               data-src=\"http:\/\/www.freimarianne.ch\/wp-content\/gallery\/morteratsch-15-3-20\/IMG_5626.jpeg\"\n               data-thumbnail=\"http:\/\/www.freimarianne.ch\/wp-content\/gallery\/morteratsch-15-3-20\/thumbs\/thumbs_IMG_5626.jpeg\"\n               data-image-id=\"22046\"\n               data-title=\"IMG_5626\"\n               data-description=\"\"\n               data-image-slug=\"img_5626-3\"\n               class=\"shutterset_40208\">\n                <img\n                    title=\"IMG_5626\"\n                    alt=\"IMG_5626\"\n                    src=\"http:\/\/www.freimarianne.ch\/wp-content\/gallery\/morteratsch-15-3-20\/thumbs\/thumbs_IMG_5626.jpeg\"\n                    width=\"100\"\n                    height=\"75\"\n                    style=\"max-width:100%;\"\n                \/>\n            <\/a>\n        <\/div>\n\t\t\t\t\t\t\t<\/div> \n\t\t\t\n        \n\t\t\t\t<div id=\"ngg-image-1\" class=\"ngg-gallery-thumbnail-box\" >\n\t\t\t\t        <div class=\"ngg-gallery-thumbnail\">\n            <a href=\"http:\/\/www.freimarianne.ch\/wp-content\/gallery\/morteratsch-15-3-20\/IMG_5628.jpeg\"\n               title=\"Munt Pers und die Gipfel des Piz Pal\u00fc :  Piz Pal\u00fc  Ost 3882m, Piz Pal\u00fc 3908m, Piz Pal\u00fc West 3823m\"\n               data-src=\"http:\/\/www.freimarianne.ch\/wp-content\/gallery\/morteratsch-15-3-20\/IMG_5628.jpeg\"\n               data-thumbnail=\"http:\/\/www.freimarianne.ch\/wp-content\/gallery\/morteratsch-15-3-20\/thumbs\/thumbs_IMG_5628.jpeg\"\n               data-image-id=\"22045\"\n               data-title=\"IMG_5628\"\n               data-description=\"Munt Pers und die Gipfel des Piz Pal\u00fc :  Piz Pal\u00fc  Ost 3882m, Piz Pal\u00fc 3908m, Piz Pal\u00fc West 3823m\"\n               data-image-slug=\"img_5628-4\"\n               class=\"shutterset_40208\">\n                <img\n                    title=\"IMG_5628\"\n                    alt=\"IMG_5628\"\n                    src=\"http:\/\/www.freimarianne.ch\/wp-content\/gallery\/morteratsch-15-3-20\/thumbs\/thumbs_IMG_5628.jpeg\"\n                    width=\"100\"\n                    height=\"75\"\n                    style=\"max-width:100%;\"\n                \/>\n            <\/a>\n        <\/div>\n\t\t\t\t\t\t\t<\/div> \n\t\t\t\n        \n\t\t\t\t<div id=\"ngg-image-2\" class=\"ngg-gallery-thumbnail-box\" >\n\t\t\t\t        <div class=\"ngg-gallery-thumbnail\">\n            <a href=\"http:\/\/www.freimarianne.ch\/wp-content\/gallery\/morteratsch-15-3-20\/IMG_5636.jpeg\"\n               title=\"Marianne vor Bellavista und Bernina und Piz Morteratsch\"\n               data-src=\"http:\/\/www.freimarianne.ch\/wp-content\/gallery\/morteratsch-15-3-20\/IMG_5636.jpeg\"\n               data-thumbnail=\"http:\/\/www.freimarianne.ch\/wp-content\/gallery\/morteratsch-15-3-20\/thumbs\/thumbs_IMG_5636.jpeg\"\n               data-image-id=\"22044\"\n               data-title=\"IMG_5636\"\n               data-description=\"Marianne vor Bellavista und Bernina und Piz Morteratsch\"\n               data-image-slug=\"img_5636\"\n               class=\"shutterset_40208\">\n                <img\n                    title=\"IMG_5636\"\n                    alt=\"IMG_5636\"\n                    src=\"http:\/\/www.freimarianne.ch\/wp-content\/gallery\/morteratsch-15-3-20\/thumbs\/thumbs_IMG_5636.jpeg\"\n                    width=\"100\"\n                    height=\"75\"\n                    style=\"max-width:100%;\"\n                \/>\n            <\/a>\n        <\/div>\n\t\t\t\t\t\t\t<\/div> \n\t\t\t\n        \n\t\t\t\t<div id=\"ngg-image-3\" class=\"ngg-gallery-thumbnail-box\" >\n\t\t\t\t        <div class=\"ngg-gallery-thumbnail\">\n            <a href=\"http:\/\/www.freimarianne.ch\/wp-content\/gallery\/morteratsch-15-3-20\/IMG_5638.jpeg\"\n               title=\"Bella Vista Ost 3799m, Bellavista 3890m, Bella Vista West 3922m, Piz Zupn 3996m, Crast Ag\u00fcza 3854m, Piz Bernina 4049m, Piz Prievlusa 3427m, Piz Morteratsch 3751m\"\n               data-src=\"http:\/\/www.freimarianne.ch\/wp-content\/gallery\/morteratsch-15-3-20\/IMG_5638.jpeg\"\n               data-thumbnail=\"http:\/\/www.freimarianne.ch\/wp-content\/gallery\/morteratsch-15-3-20\/thumbs\/thumbs_IMG_5638.jpeg\"\n               data-image-id=\"22043\"\n               data-title=\"IMG_5638\"\n               data-description=\"Bella Vista Ost 3799m, Bellavista 3890m, Bella Vista West 3922m, Piz Zupn 3996m, Crast Ag\u00fcza 3854m, Piz Bernina 4049m, Piz Prievlusa 3427m, Piz Morteratsch 3751m\"\n               data-image-slug=\"img_5638-1\"\n               class=\"shutterset_40208\">\n                <img\n                    title=\"IMG_5638\"\n                    alt=\"IMG_5638\"\n                    src=\"http:\/\/www.freimarianne.ch\/wp-content\/gallery\/morteratsch-15-3-20\/thumbs\/thumbs_IMG_5638.jpeg\"\n                    width=\"100\"\n                    height=\"75\"\n                    style=\"max-width:100%;\"\n                \/>\n            <\/a>\n        <\/div>\n\t\t\t\t\t\t\t<\/div> \n\t\t\t\n        \n\t\t\t\t<div id=\"ngg-image-4\" class=\"ngg-gallery-thumbnail-box\" >\n\t\t\t\t        <div class=\"ngg-gallery-thumbnail\">\n            <a href=\"http:\/\/www.freimarianne.ch\/wp-content\/gallery\/morteratsch-15-3-20\/IMG_5642.jpeg\"\n               title=\"im Val Morteratsch;\"\n               data-src=\"http:\/\/www.freimarianne.ch\/wp-content\/gallery\/morteratsch-15-3-20\/IMG_5642.jpeg\"\n               data-thumbnail=\"http:\/\/www.freimarianne.ch\/wp-content\/gallery\/morteratsch-15-3-20\/thumbs\/thumbs_IMG_5642.jpeg\"\n               data-image-id=\"22042\"\n               data-title=\"IMG_5642\"\n               data-description=\"im Val Morteratsch;\"\n               data-image-slug=\"img_5642-2\"\n               class=\"shutterset_40208\">\n                <img\n                    title=\"IMG_5642\"\n                    alt=\"IMG_5642\"\n                    src=\"http:\/\/www.freimarianne.ch\/wp-content\/gallery\/morteratsch-15-3-20\/thumbs\/thumbs_IMG_5642.jpeg\"\n                    width=\"100\"\n                    height=\"75\"\n                    style=\"max-width:100%;\"\n                \/>\n            <\/a>\n        <\/div>\n\t\t\t\t\t\t\t<\/div> \n\t\t\t\n        \n\t\t\t\t<div id=\"ngg-image-5\" class=\"ngg-gallery-thumbnail-box\" >\n\t\t\t\t        <div class=\"ngg-gallery-thumbnail\">\n            <a href=\"http:\/\/www.freimarianne.ch\/wp-content\/gallery\/morteratsch-15-3-20\/IMG_5653.jpeg\"\n               title=\"Marianne im Val Morteratsch;  Bella Vista, Piz Bernina, Piz Morteratsch\"\n               data-src=\"http:\/\/www.freimarianne.ch\/wp-content\/gallery\/morteratsch-15-3-20\/IMG_5653.jpeg\"\n               data-thumbnail=\"http:\/\/www.freimarianne.ch\/wp-content\/gallery\/morteratsch-15-3-20\/thumbs\/thumbs_IMG_5653.jpeg\"\n               data-image-id=\"22041\"\n               data-title=\"IMG_5653\"\n               data-description=\"Marianne im Val Morteratsch;  Bella Vista, Piz Bernina, Piz Morteratsch\"\n               data-image-slug=\"img_5653-3\"\n               class=\"shutterset_40208\">\n                <img\n                    title=\"IMG_5653\"\n                    alt=\"IMG_5653\"\n                    src=\"http:\/\/www.freimarianne.ch\/wp-content\/gallery\/morteratsch-15-3-20\/thumbs\/thumbs_IMG_5653.jpeg\"\n                    width=\"100\"\n                    height=\"75\"\n                    style=\"max-width:100%;\"\n                \/>\n            <\/a>\n        <\/div>\n\t\t\t\t\t\t\t<\/div> \n\t\t\t\n        \n\t\t\t\t<div id=\"ngg-image-6\" class=\"ngg-gallery-thumbnail-box\" >\n\t\t\t\t        <div class=\"ngg-gallery-thumbnail\">\n            <a href=\"http:\/\/www.freimarianne.ch\/wp-content\/gallery\/morteratsch-15-3-20\/IMG_5657.jpeg\"\n               title=\"re der Morteratschgletscher; ; Bella Vista Ost 3799m, Bellavista 3890m, Bella Vista West 3922m, Piz Zupn 3996m, Crast Ag\u00fcza 3854m\"\n               data-src=\"http:\/\/www.freimarianne.ch\/wp-content\/gallery\/morteratsch-15-3-20\/IMG_5657.jpeg\"\n               data-thumbnail=\"http:\/\/www.freimarianne.ch\/wp-content\/gallery\/morteratsch-15-3-20\/thumbs\/thumbs_IMG_5657.jpeg\"\n               data-image-id=\"22040\"\n               data-title=\"IMG_5657\"\n               data-description=\"re der Morteratschgletscher; ; Bella Vista Ost 3799m, Bellavista 3890m, Bella Vista West 3922m, Piz Zupn 3996m, Crast Ag\u00fcza 3854m\"\n               data-image-slug=\"img_5657-3\"\n               class=\"shutterset_40208\">\n                <img\n                    title=\"IMG_5657\"\n                    alt=\"IMG_5657\"\n                    src=\"http:\/\/www.freimarianne.ch\/wp-content\/gallery\/morteratsch-15-3-20\/thumbs\/thumbs_IMG_5657.jpeg\"\n                    width=\"100\"\n                    height=\"75\"\n                    style=\"max-width:100%;\"\n                \/>\n            <\/a>\n        <\/div>\n\t\t\t\t\t\t\t<\/div> \n\t\t\t\n        \n\t\t\t\t<div id=\"ngg-image-7\" class=\"ngg-gallery-thumbnail-box\" >\n\t\t\t\t        <div class=\"ngg-gallery-thumbnail\">\n            <a href=\"http:\/\/www.freimarianne.ch\/wp-content\/gallery\/morteratsch-15-3-20\/IMG_5663.jpeg\"\n               title=\"Val Morteratsch vom Zug aus; Bellavista 3890m, Bella Vista West 3922m, Piz Zupn 3996m, Crast Ag\u00fcza 3854m, Piz Bernina 4049m, Piz Prievlusa 3427m, Piz Morteratsch 3751m\"\n               data-src=\"http:\/\/www.freimarianne.ch\/wp-content\/gallery\/morteratsch-15-3-20\/IMG_5663.jpeg\"\n               data-thumbnail=\"http:\/\/www.freimarianne.ch\/wp-content\/gallery\/morteratsch-15-3-20\/thumbs\/thumbs_IMG_5663.jpeg\"\n               data-image-id=\"22039\"\n               data-title=\"IMG_5663\"\n               data-description=\"Val Morteratsch vom Zug aus; Bellavista 3890m, Bella Vista West 3922m, Piz Zupn 3996m, Crast Ag\u00fcza 3854m, Piz Bernina 4049m, Piz Prievlusa 3427m, Piz Morteratsch 3751m\"\n               data-image-slug=\"img_5663\"\n               class=\"shutterset_40208\">\n                <img\n                    title=\"IMG_5663\"\n                    alt=\"IMG_5663\"\n                    src=\"http:\/\/www.freimarianne.ch\/wp-content\/gallery\/morteratsch-15-3-20\/thumbs\/thumbs_IMG_5663.jpeg\"\n                    width=\"100\"\n                    height=\"75\"\n                    style=\"max-width:100%;\"\n                \/>\n            <\/a>\n        <\/div>\n\t\t\t\t\t\t\t<\/div> \n\t\t\t\n        \n\t\t\t\t<div id=\"ngg-image-8\" class=\"ngg-gallery-thumbnail-box\" >\n\t\t\t\t        <div class=\"ngg-gallery-thumbnail\">\n            <a href=\"http:\/\/www.freimarianne.ch\/wp-content\/gallery\/morteratsch-15-3-20\/IMG_5668.jpeg\"\n               title=\"vor dem Berninapass  ; re Piz Albris\"\n               data-src=\"http:\/\/www.freimarianne.ch\/wp-content\/gallery\/morteratsch-15-3-20\/IMG_5668.jpeg\"\n               data-thumbnail=\"http:\/\/www.freimarianne.ch\/wp-content\/gallery\/morteratsch-15-3-20\/thumbs\/thumbs_IMG_5668.jpeg\"\n               data-image-id=\"22038\"\n               data-title=\"IMG_5668\"\n               data-description=\"vor dem Berninapass  ; re Piz Albris\"\n               data-image-slug=\"img_5668-1\"\n               class=\"shutterset_40208\">\n                <img\n                    title=\"IMG_5668\"\n                    alt=\"IMG_5668\"\n                    src=\"http:\/\/www.freimarianne.ch\/wp-content\/gallery\/morteratsch-15-3-20\/thumbs\/thumbs_IMG_5668.jpeg\"\n                    width=\"100\"\n                    height=\"75\"\n                    style=\"max-width:100%;\"\n                \/>\n            <\/a>\n        <\/div>\n\t\t\t\t\t\t\t<\/div> \n\t\t\t\n        \n\t\t\t\t<div id=\"ngg-image-9\" class=\"ngg-gallery-thumbnail-box\" >\n\t\t\t\t        <div class=\"ngg-gallery-thumbnail\">\n            <a href=\"http:\/\/www.freimarianne.ch\/wp-content\/gallery\/morteratsch-15-3-20\/IMG_5690.jpeg\"\n               title=\"Val Morteratsch; Munt Pers  3207m; hi Bellavista, Bernina\"\n               data-src=\"http:\/\/www.freimarianne.ch\/wp-content\/gallery\/morteratsch-15-3-20\/IMG_5690.jpeg\"\n               data-thumbnail=\"http:\/\/www.freimarianne.ch\/wp-content\/gallery\/morteratsch-15-3-20\/thumbs\/thumbs_IMG_5690.jpeg\"\n               data-image-id=\"22037\"\n               data-title=\"IMG_5690\"\n               data-description=\"Val Morteratsch; Munt Pers  3207m; hi Bellavista, Bernina\"\n               data-image-slug=\"img_5690-2\"\n               class=\"shutterset_40208\">\n                <img\n                    title=\"IMG_5690\"\n                    alt=\"IMG_5690\"\n                    src=\"http:\/\/www.freimarianne.ch\/wp-content\/gallery\/morteratsch-15-3-20\/thumbs\/thumbs_IMG_5690.jpeg\"\n                    width=\"100\"\n                    height=\"75\"\n                    style=\"max-width:100%;\"\n                \/>\n            <\/a>\n        <\/div>\n\t\t\t\t\t\t\t<\/div> \n\t\t\t\n        \n\t\t\t\t<div id=\"ngg-image-10\" class=\"ngg-gallery-thumbnail-box\" >\n\t\t\t\t        <div class=\"ngg-gallery-thumbnail\">\n            <a href=\"http:\/\/www.freimarianne.ch\/wp-content\/gallery\/morteratsch-15-3-20\/IMG_5691.jpeg\"\n               title=\"am St. Moritzersee  mit Muottas Muragl und Piz Vadret\"\n               data-src=\"http:\/\/www.freimarianne.ch\/wp-content\/gallery\/morteratsch-15-3-20\/IMG_5691.jpeg\"\n               data-thumbnail=\"http:\/\/www.freimarianne.ch\/wp-content\/gallery\/morteratsch-15-3-20\/thumbs\/thumbs_IMG_5691.jpeg\"\n               data-image-id=\"22036\"\n               data-title=\"IMG_5691\"\n               data-description=\"am St. Moritzersee  mit Muottas Muragl und Piz Vadret\"\n               data-image-slug=\"img_5691-4\"\n               class=\"shutterset_40208\">\n                <img\n                    title=\"IMG_5691\"\n                    alt=\"IMG_5691\"\n                    src=\"http:\/\/www.freimarianne.ch\/wp-content\/gallery\/morteratsch-15-3-20\/thumbs\/thumbs_IMG_5691.jpeg\"\n                    width=\"100\"\n                    height=\"75\"\n                    style=\"max-width:100%;\"\n                \/>\n            <\/a>\n        <\/div>\n\t\t\t\t\t\t\t<\/div> \n\t\t\t\n        \n\t\t\t\t<div id=\"ngg-image-11\" class=\"ngg-gallery-thumbnail-box\" >\n\t\t\t\t        <div class=\"ngg-gallery-thumbnail\">\n            <a href=\"http:\/\/www.freimarianne.ch\/wp-content\/gallery\/morteratsch-15-3-20\/IMG_5694.jpeg\"\n               title=\"am St. Moritzersee  mit Muottas Muragl und Piz Vadret, Piz Muragl, Piz Languard\"\n               data-src=\"http:\/\/www.freimarianne.ch\/wp-content\/gallery\/morteratsch-15-3-20\/IMG_5694.jpeg\"\n               data-thumbnail=\"http:\/\/www.freimarianne.ch\/wp-content\/gallery\/morteratsch-15-3-20\/thumbs\/thumbs_IMG_5694.jpeg\"\n               data-image-id=\"22035\"\n               data-title=\"IMG_5694\"\n               data-description=\"am St. Moritzersee  mit Muottas Muragl und Piz Vadret, Piz Muragl, Piz Languard\"\n               data-image-slug=\"img_5694-2\"\n               class=\"shutterset_40208\">\n                <img\n                    title=\"IMG_5694\"\n                    alt=\"IMG_5694\"\n                    src=\"http:\/\/www.freimarianne.ch\/wp-content\/gallery\/morteratsch-15-3-20\/thumbs\/thumbs_IMG_5694.jpeg\"\n                    width=\"100\"\n                    height=\"75\"\n                    style=\"max-width:100%;\"\n                \/>\n            <\/a>\n        <\/div>\n\t\t\t\t\t\t\t<\/div> \n\t\t\t\n        \n\t\t\n\t\t<!-- Pagination -->\n\t<div class='ngg-clear'><\/div>\t<\/div>\n<\/p>\n<p><!-- index.php -->\n<div\n\tclass=\"ngg-galleryoverview ngg-ajax-pagination-none\"\n\tid=\"ngg-gallery-40224-1\">\n\n    \t<div class=\"slideshowlink\">\n        <a href='http:\/\/www.freimarianne.ch\/index.php\/nggallery\/slideshow?page_id=40180'>[Show as slideshow]<\/a>\n\t\t\n\t<\/div>\n\t\t\t<!-- Thumbnails -->\n\t\t\t\t<div id=\"ngg-image-0\" class=\"ngg-gallery-thumbnail-box\" >\n\t\t\t\t        <div class=\"ngg-gallery-thumbnail\">\n            <a href=\"http:\/\/www.freimarianne.ch\/wp-content\/gallery\/pontresina-heic-3-2020\/IMG_0082.jpeg\"\n               title=\"auf dem Weg nach Morteratsch\"\n               data-src=\"http:\/\/www.freimarianne.ch\/wp-content\/gallery\/pontresina-heic-3-2020\/IMG_0082.jpeg\"\n               data-thumbnail=\"http:\/\/www.freimarianne.ch\/wp-content\/gallery\/pontresina-heic-3-2020\/thumbs\/thumbs_IMG_0082.jpeg\"\n               data-image-id=\"22052\"\n               data-title=\"IMG_0082\"\n               data-description=\"auf dem Weg nach Morteratsch\"\n               data-image-slug=\"img_0082-4\"\n               class=\"shutterset_40224\">\n                <img\n                    title=\"IMG_0082\"\n                    alt=\"IMG_0082\"\n                    src=\"http:\/\/www.freimarianne.ch\/wp-content\/gallery\/pontresina-heic-3-2020\/thumbs\/thumbs_IMG_0082.jpeg\"\n                    width=\"100\"\n                    height=\"75\"\n                    style=\"max-width:100%;\"\n                \/>\n            <\/a>\n        <\/div>\n\t\t\t\t\t\t\t<\/div> \n\t\t\t\n        \n\t\t\t\t<div id=\"ngg-image-1\" class=\"ngg-gallery-thumbnail-box\" >\n\t\t\t\t        <div class=\"ngg-gallery-thumbnail\">\n            <a href=\"http:\/\/www.freimarianne.ch\/wp-content\/gallery\/pontresina-heic-3-2020\/IMG_0085.jpeg\"\n               title=\"gegen Morteratsch; Chap\u00fctsch\u00f6l 2504m, P. 2936m ,P.3073m, P.3165m, P.3206m,  Munt Pers  3207m; Bellavista\"\n               data-src=\"http:\/\/www.freimarianne.ch\/wp-content\/gallery\/pontresina-heic-3-2020\/IMG_0085.jpeg\"\n               data-thumbnail=\"http:\/\/www.freimarianne.ch\/wp-content\/gallery\/pontresina-heic-3-2020\/thumbs\/thumbs_IMG_0085.jpeg\"\n               data-image-id=\"22051\"\n               data-title=\"IMG_0085\"\n               data-description=\"gegen Morteratsch; Chap\u00fctsch\u00f6l 2504m, P. 2936m ,P.3073m, P.3165m, P.3206m,  Munt Pers  3207m; Bellavista\"\n               data-image-slug=\"img_0085\"\n               class=\"shutterset_40224\">\n                <img\n                    title=\"IMG_0085\"\n                    alt=\"IMG_0085\"\n                    src=\"http:\/\/www.freimarianne.ch\/wp-content\/gallery\/pontresina-heic-3-2020\/thumbs\/thumbs_IMG_0085.jpeg\"\n                    width=\"100\"\n                    height=\"75\"\n                    style=\"max-width:100%;\"\n                \/>\n            <\/a>\n        <\/div>\n\t\t\t\t\t\t\t<\/div> \n\t\t\t\n        \n\t\t\t\t<div id=\"ngg-image-2\" class=\"ngg-gallery-thumbnail-box\" >\n\t\t\t\t        <div class=\"ngg-gallery-thumbnail\">\n            <a href=\"http:\/\/www.freimarianne.ch\/wp-content\/gallery\/pontresina-heic-3-2020\/IMG_0111.jpeg\"\n               title=\"im Val Morteratsch; Bella Vista, Crast Ag\u00fcza, Piz Bernina, Piz  Morteratsch\"\n               data-src=\"http:\/\/www.freimarianne.ch\/wp-content\/gallery\/pontresina-heic-3-2020\/IMG_0111.jpeg\"\n               data-thumbnail=\"http:\/\/www.freimarianne.ch\/wp-content\/gallery\/pontresina-heic-3-2020\/thumbs\/thumbs_IMG_0111.jpeg\"\n               data-image-id=\"22050\"\n               data-title=\"IMG_0111\"\n               data-description=\"im Val Morteratsch; Bella Vista, Crast Ag\u00fcza, Piz Bernina, Piz  Morteratsch\"\n               data-image-slug=\"img_0111-3\"\n               class=\"shutterset_40224\">\n                <img\n                    title=\"IMG_0111\"\n                    alt=\"IMG_0111\"\n                    src=\"http:\/\/www.freimarianne.ch\/wp-content\/gallery\/pontresina-heic-3-2020\/thumbs\/thumbs_IMG_0111.jpeg\"\n                    width=\"100\"\n                    height=\"75\"\n                    style=\"max-width:100%;\"\n                \/>\n            <\/a>\n        <\/div>\n\t\t\t\t\t\t\t<\/div> \n\t\t\t\n        \n\t\t\t\t<div id=\"ngg-image-3\" class=\"ngg-gallery-thumbnail-box\" >\n\t\t\t\t        <div class=\"ngg-gallery-thumbnail\">\n            <a href=\"http:\/\/www.freimarianne.ch\/wp-content\/gallery\/pontresina-heic-3-2020\/IMG_0113.jpeg\"\n               title=\"Schneemann im Val Morteratsch\"\n               data-src=\"http:\/\/www.freimarianne.ch\/wp-content\/gallery\/pontresina-heic-3-2020\/IMG_0113.jpeg\"\n               data-thumbnail=\"http:\/\/www.freimarianne.ch\/wp-content\/gallery\/pontresina-heic-3-2020\/thumbs\/thumbs_IMG_0113.jpeg\"\n               data-image-id=\"22049\"\n               data-title=\"IMG_0113\"\n               data-description=\"Schneemann im Val Morteratsch\"\n               data-image-slug=\"img_0113-3\"\n               class=\"shutterset_40224\">\n                <img\n                    title=\"IMG_0113\"\n                    alt=\"IMG_0113\"\n                    src=\"http:\/\/www.freimarianne.ch\/wp-content\/gallery\/pontresina-heic-3-2020\/thumbs\/thumbs_IMG_0113.jpeg\"\n                    width=\"100\"\n                    height=\"75\"\n                    style=\"max-width:100%;\"\n                \/>\n            <\/a>\n        <\/div>\n\t\t\t\t\t\t\t<\/div> \n\t\t\t\n        \n\t\t\t\t<div id=\"ngg-image-4\" class=\"ngg-gallery-thumbnail-box\" >\n\t\t\t\t        <div class=\"ngg-gallery-thumbnail\">\n            <a href=\"http:\/\/www.freimarianne.ch\/wp-content\/gallery\/pontresina-heic-3-2020\/IMG_0114.jpeg\"\n               title=\"Crast Ag\u00fcza, Piz Bernina, Piz  Morteratsch, Piz Boval, Piz Misaun\"\n               data-src=\"http:\/\/www.freimarianne.ch\/wp-content\/gallery\/pontresina-heic-3-2020\/IMG_0114.jpeg\"\n               data-thumbnail=\"http:\/\/www.freimarianne.ch\/wp-content\/gallery\/pontresina-heic-3-2020\/thumbs\/thumbs_IMG_0114.jpeg\"\n               data-image-id=\"22048\"\n               data-title=\"IMG_0114\"\n               data-description=\"Crast Ag\u00fcza, Piz Bernina, Piz  Morteratsch, Piz Boval, Piz Misaun\"\n               data-image-slug=\"img_0114-3\"\n               class=\"shutterset_40224\">\n                <img\n                    title=\"IMG_0114\"\n                    alt=\"IMG_0114\"\n                    src=\"http:\/\/www.freimarianne.ch\/wp-content\/gallery\/pontresina-heic-3-2020\/thumbs\/thumbs_IMG_0114.jpeg\"\n                    width=\"100\"\n                    height=\"75\"\n                    style=\"max-width:100%;\"\n                \/>\n            <\/a>\n        <\/div>\n\t\t\t\t\t\t\t<\/div> \n\t\t\t\n        \n\t\t\t\t<div id=\"ngg-image-5\" class=\"ngg-gallery-thumbnail-box\" >\n\t\t\t\t        <div class=\"ngg-gallery-thumbnail\">\n            <a href=\"http:\/\/www.freimarianne.ch\/wp-content\/gallery\/pontresina-heic-3-2020\/IMG_0120.jpeg\"\n               title=\"am St. Moritzersee mit Muottas Muragl\"\n               data-src=\"http:\/\/www.freimarianne.ch\/wp-content\/gallery\/pontresina-heic-3-2020\/IMG_0120.jpeg\"\n               data-thumbnail=\"http:\/\/www.freimarianne.ch\/wp-content\/gallery\/pontresina-heic-3-2020\/thumbs\/thumbs_IMG_0120.jpeg\"\n               data-image-id=\"22047\"\n               data-title=\"IMG_0120\"\n               data-description=\"am St. Moritzersee mit Muottas Muragl\"\n               data-image-slug=\"img_0120-2\"\n               class=\"shutterset_40224\">\n                <img\n                    title=\"IMG_0120\"\n                    alt=\"IMG_0120\"\n                    src=\"http:\/\/www.freimarianne.ch\/wp-content\/gallery\/pontresina-heic-3-2020\/thumbs\/thumbs_IMG_0120.jpeg\"\n                    width=\"100\"\n                    height=\"75\"\n                    style=\"max-width:100%;\"\n                \/>\n            <\/a>\n        <\/div>\n\t\t\t\t\t\t\t<\/div> \n\t\t\t\n        \n\t\t\n\t\t<!-- Pagination -->\n\t<div class='ngg-clear'><\/div>\t<\/div>\n<\/p>\n","protected":false},"excerpt":{"rendered":"<p>Kurzaufenthalt in Pontresina im Val Morteratsch Was eine Woche Winterferien sein sollte, reduzierte sich auf einen Prachtstag in Pontresina. Wir wanderten von Pontresina aus ins Val Morteratsch und zur\u00fcck zur Station Morteratsch. Ein Ausflug mit dem Zug auf die Alp Gr\u00fcm mit einem kurzen Kaffeehalt und zur\u00fcck bis nach St.Moritz rundete den Tag ab. So [&hellip;]<\/p>\n","protected":false},"author":1,"featured_media":0,"parent":40177,"menu_order":3,"comment_status":"closed","ping_status":"closed","template":"","meta":{"ngg_post_thumbnail":0},"_links":{"self":[{"href":"http:\/\/www.freimarianne.ch\/index.php?rest_route=\/wp\/v2\/pages\/40180"}],"collection":[{"href":"http:\/\/www.freimarianne.ch\/index.php?rest_route=\/wp\/v2\/pages"}],"about":[{"href":"http:\/\/www.freimarianne.ch\/index.php?rest_route=\/wp\/v2\/types\/page"}],"author":[{"embeddable":true,"href":"http:\/\/www.freimarianne.ch\/index.php?rest_route=\/wp\/v2\/users\/1"}],"replies":[{"embeddable":true,"href":"http:\/\/www.freimarianne.ch\/index.php?rest_route=%2Fwp%2Fv2%2Fcomments&post=40180"}],"version-history":[{"count":3,"href":"http:\/\/www.freimarianne.ch\/index.php?rest_route=\/wp\/v2\/pages\/40180\/revisions"}],"predecessor-version":[{"id":40225,"href":"http:\/\/www.freimarianne.ch\/index.php?rest_route=\/wp\/v2\/pages\/40180\/revisions\/40225"}],"up":[{"embeddable":true,"href":"http:\/\/www.freimarianne.ch\/index.php?rest_route=\/wp\/v2\/pages\/40177"}],"wp:attachment":[{"href":"http:\/\/www.freimarianne.ch\/index.php?rest_route=%2Fwp%2Fv2%2Fmedia&parent=40180"}],"curies":[{"name":"wp","href":"https:\/\/api.w.org\/{rel}","templated":true}]}}